{"id":35478,"date":"2021-09-13T20:42:41","date_gmt":"2021-09-13T18:42:41","guid":{"rendered":"https:\/\/marktxxl.de\/markt\/produkt\/jeanerlor-baumwoll-denim-kuenstlerarbeitsschuerze-mit-taschen-gekreuzten-traegern-verstellbar\/"},"modified":"2023-04-10T01:35:14","modified_gmt":"2023-04-09T23:35:14","slug":"jeanerlor-baumwoll-denim-kuenstlerarbeitsschuerze-mit-taschen-gekreuzten-traegern-verstellbar","status":"publish","type":"product","link":"https:\/\/marktxxl.de\/markt\/produkt\/jeanerlor-baumwoll-denim-kuenstlerarbeitsschuerze-mit-taschen-gekreuzten-traegern-verstellbar\/","title":{"rendered":"Jeanerlor &#8211; Baumwoll-Denim-K\u00fcnstlerarbeitssch\u00fcrze mit Taschen, gekreuzten Tr\u00e4gern &amp; verstellbar."},"content":{"rendered":"<p>\u27b9\u3010Stoff\u3011: Denim. Material: 100% Baumwolle Es hat eine dicke Dicke, keine Elastizit\u00e4t, gute Stoffbest\u00e4ndigkeit und starke Verschlei\u00dffestigkeit.<br \/>\n\u27b9\u3010Technologie\u3011: Die oberen, unteren und seitlichen \u00d6sen der Sch\u00fcrze haben eine doppellagige Struktur mit starker Stabilit\u00e4t. Die Sch\u00fcrze ist mit starkem und dickem Faden gen\u00e4ht, daher ist sie langlebig und hat ein dekoratives Gef\u00fchl von gutem Glanz. Das Kreuzgurt-Design erm\u00f6glicht es, das Gewicht gleichm\u00e4\u00dfig \u00fcber die Schultern zu verteilen und macht es einfach den ganzen Tag zu tragen. Nieten und \u00d6sen und anderes Zubeh\u00f6r sind aus bronzefarbenem Metall, das eine gute Textur hat, Haltbarkeit glatte Oberfl\u00e4che hat.<br \/>\n\u27b9\u3010Design\u3011: Einzigartiges Rautenf\u00f6rmiges Taschendesign mit tiefen und praktischen Taschen. Die obere Tasche hat ein doppelschichtiges Design, und die Au\u00dfentasche hat eine Taschenabdeckung, um Dinge vor dem Herausfallen zu sch\u00fctzen. Es hat eine doppelte Nahttasche mit angenieteter Taschenecke. So ist es nicht einfach, ungen\u00e4ht zu kommen und haltbarer. Die Strapsriemen machen die ganze Sch\u00fcrze im Handumdrehen modisch!<br \/>\n\u27b9 \u3010Gr\u00f6\u00dfe\u3011: Gr\u00f6\u00dfe M ist in der Regel f\u00fcr Frauen oder die 154 bis 174,8 cm gro\u00df und wiegt 88 bis 69,9 kg, aber nicht immer. Gr\u00f6\u00dfe L ist in der Regel f\u00fcr M\u00e4nner oder die 65 bis 72 Zoll gro\u00df und 99 bis 220 Pfund, aber nicht immer.<br \/>\n\u27b9\u3010Sorgenfreier Kauf\u3011: 100% Kundenzufriedenheit, wenn Sie mit ihnen nicht zufrieden sind, z\u00f6gern Sie nicht, uns zu kontaktieren, Sie k\u00f6nnen ein neues Produkt oder eine volle R\u00fcckerstattung mit nur wenigen Klicks erhalten. Es gibt absolut kein Risiko f\u00fcr Sie.<br \/>\n<div class=\"main-cross-sell\" data-asin=\"B08GPJJ9P1\">\n\n\t<div class=\"WooZone-cross-sell-loader\">\n\t\t<div>\n\t\t\t<div id=\"floatingBarsG\">\n\t\t\t\t<div class=\"blockG\" id=\"rotateG_01\"><\/div>\n\t\t\t\t<div class=\"blockG\" id=\"rotateG_02\"><\/div>\n\t\t\t\t<div class=\"blockG\" id=\"rotateG_03\"><\/div>\n\t\t\t\t<div class=\"blockG\" id=\"rotateG_04\"><\/div>\n\t\t\t\t<div class=\"blockG\" id=\"rotateG_05\"><\/div>\n\t\t\t\t<div class=\"blockG\" id=\"rotateG_06\"><\/div>\n\t\t\t\t<div class=\"blockG\" id=\"rotateG_07\"><\/div>\n\t\t\t\t<div class=\"blockG\" id=\"rotateG_08\"><\/div>\n\t\t\t<\/div>\n\t\t\t<div class=\"WooZone-cross-sell-loader-text\"><\/div>\n\t\t<\/div>\n\t<\/div>\n\n\t\t\n<\/div>\n<div style=\"clear:both;\"><\/div><\/p>\n","protected":false},"excerpt":{"rendered":"<p>\u27b9\u3010Stoff\u3011: Denim. Material: 100% Baumwolle Es hat eine dicke Dicke, keine Elastizit\u00e4t, gute Stoffbest\u00e4ndigkeit und starke Verschlei\u00dffestigkeit.<br \/>\n\u27b9\u3010Technologie\u3011: Die oberen, unteren und seitlichen \u00d6sen der Sch\u00fcrze haben eine doppellagige Struktur mit starker Stabilit\u00e4t. Die Sch\u00fcrze ist mit starkem und dickem Faden gen\u00e4ht, daher ist sie langlebig und hat ein dekoratives Gef\u00fchl von gutem Glanz. Das Kreuzgurt-Design erm\u00f6glicht es, das Gewicht gleichm\u00e4\u00dfig \u00fcber die Schultern zu verteilen und macht es einfach den ganzen Tag zu tragen. Nieten und \u00d6sen und anderes Zubeh\u00f6r sind aus bronzefarbenem Metall, das eine gute Textur hat, Haltbarkeit glatte Oberfl\u00e4che hat.<br \/>\n\u27b9\u3010Design\u3011: Einzigartiges Rautenf\u00f6rmiges Taschendesign mit tiefen und praktischen Taschen. Die obere Tasche hat ein doppelschichtiges Design, und die Au\u00dfentasche hat eine Taschenabdeckung, um Dinge vor dem Herausfallen zu sch\u00fctzen. Es hat eine doppelte Nahttasche mit angenieteter Taschenecke. So ist es nicht einfach, ungen\u00e4ht zu kommen und haltbarer. Die Strapsriemen machen die ganze Sch\u00fcrze im Handumdrehen modisch!<\/p>\n","protected":false},"featured_media":35483,"comment_status":"open","ping_status":"closed","template":"","meta":[],"product_brand":[],"product_cat":[4143,1186],"product_tag":[],"class_list":{"0":"post-35478","1":"product","2":"type-product","3":"status-publish","4":"has-post-thumbnail","6":"product_cat-arbeitskleidung-uniformen","7":"product_cat-bekleidung","8":"pa_binding-misc","9":"pa_brand-jeanerlor","10":"pa_farbe-denim-blau","11":"pa_farbe-schwarz","12":"pa_groesse-l","13":"pa_groesse-m","14":"pa_manufacturer-jeanerlor","16":"first","17":"instock","18":"shipping-taxable","19":"purchasable","20":"product-type-variable","21":"customify-col","22":"product-has-gallery"},"yoast_head":"<!-- This site is optimized with the Yoast SEO plugin v27.4 - https:\/\/yoast.com\/product\/yoast-seo-wordpress\/ -->\n<title>Jeanerlor - Baumwoll-Denim-K\u00fcnstlerarbeitssch\u00fcrze mit Taschen, gekreuzten Tr\u00e4gern &amp; verstellbar. - Markt-XXL<\/title>\n<meta name=\"description\" content=\"Markt-XXL Jeanerlor - Baumwoll-Denim-K\u00fcnstlerarbeitssch\u00fcrze mit Taschen, gekreuzten Tr\u00e4gern &amp; verstellbar.\" \/>\n<meta name=\"robots\" content=\"index, follow, max-snippet:-1, max-image-preview:large, max-video-preview:-1\" \/>\n<link rel=\"canonical\" href=\"https:\/\/marktxxl.de\/markt\/produkt\/jeanerlor-baumwoll-denim-kuenstlerarbeitsschuerze-mit-taschen-gekreuzten-traegern-verstellbar\/\" \/>\n<meta property=\"og:locale\" content=\"de_DE\" \/>\n<meta property=\"og:type\" content=\"article\" \/>\n<meta property=\"og:title\" content=\"Jeanerlor - Baumwoll-Denim-K\u00fcnstlerarbeitssch\u00fcrze mit Taschen, gekreuzten Tr\u00e4gern &amp; verstellbar. - Markt-XXL\" \/>\n<meta property=\"og:description\" content=\"Markt-XXL Jeanerlor - Baumwoll-Denim-K\u00fcnstlerarbeitssch\u00fcrze mit Taschen, gekreuzten Tr\u00e4gern &amp; verstellbar.\" \/>\n<meta property=\"og:url\" content=\"https:\/\/marktxxl.de\/markt\/produkt\/jeanerlor-baumwoll-denim-kuenstlerarbeitsschuerze-mit-taschen-gekreuzten-traegern-verstellbar\/\" \/>\n<meta property=\"og:site_name\" content=\"Markt-XXL\" \/>\n<meta property=\"article:modified_time\" content=\"2023-04-09T23:35:14+00:00\" \/>\n<meta property=\"og:image\" content=\"https:\/\/m.media-amazon.com\/images\/I\/51HzQzLZAIL._SL500_.jpg\" \/>\n\t<meta property=\"og:image:width\" content=\"500\" \/>\n\t<meta property=\"og:image:height\" content=\"500\" \/>\n\t<meta property=\"og:image:type\" content=\"image\/jpeg\" \/>\n<meta name=\"twitter:card\" content=\"summary_large_image\" \/>\n<meta name=\"twitter:label1\" content=\"Gesch\u00e4tzte Lesezeit\" \/>\n\t<meta name=\"twitter:data1\" content=\"1\u00a0Minute\" \/>\n<script type=\"application\/ld+json\" class=\"yoast-schema-graph\">{\"@context\":\"https:\\\/\\\/schema.org\",\"@graph\":[{\"@type\":\"WebPage\",\"@id\":\"https:\\\/\\\/marktxxl.de\\\/markt\\\/produkt\\\/jeanerlor-baumwoll-denim-kuenstlerarbeitsschuerze-mit-taschen-gekreuzten-traegern-verstellbar\\\/\",\"url\":\"https:\\\/\\\/marktxxl.de\\\/markt\\\/produkt\\\/jeanerlor-baumwoll-denim-kuenstlerarbeitsschuerze-mit-taschen-gekreuzten-traegern-verstellbar\\\/\",\"name\":\"Jeanerlor - Baumwoll-Denim-K\u00fcnstlerarbeitssch\u00fcrze mit Taschen, gekreuzten Tr\u00e4gern &amp; verstellbar. - Markt-XXL\",\"isPartOf\":{\"@id\":\"https:\\\/\\\/marktxxl.de\\\/markt\\\/#website\"},\"primaryImageOfPage\":{\"@id\":\"https:\\\/\\\/marktxxl.de\\\/markt\\\/produkt\\\/jeanerlor-baumwoll-denim-kuenstlerarbeitsschuerze-mit-taschen-gekreuzten-traegern-verstellbar\\\/#primaryimage\"},\"image\":{\"@id\":\"https:\\\/\\\/marktxxl.de\\\/markt\\\/produkt\\\/jeanerlor-baumwoll-denim-kuenstlerarbeitsschuerze-mit-taschen-gekreuzten-traegern-verstellbar\\\/#primaryimage\"},\"thumbnailUrl\":\"https:\\\/\\\/m.media-amazon.com\\\/images\\\/I\\\/51HzQzLZAIL._SL500_.jpg\",\"datePublished\":\"2021-09-13T18:42:41+00:00\",\"dateModified\":\"2023-04-09T23:35:14+00:00\",\"description\":\"Markt-XXL Jeanerlor - Baumwoll-Denim-K\u00fcnstlerarbeitssch\u00fcrze mit Taschen, gekreuzten Tr\u00e4gern &amp; verstellbar.\",\"breadcrumb\":{\"@id\":\"https:\\\/\\\/marktxxl.de\\\/markt\\\/produkt\\\/jeanerlor-baumwoll-denim-kuenstlerarbeitsschuerze-mit-taschen-gekreuzten-traegern-verstellbar\\\/#breadcrumb\"},\"inLanguage\":\"de\",\"potentialAction\":[{\"@type\":\"ReadAction\",\"target\":[\"https:\\\/\\\/marktxxl.de\\\/markt\\\/produkt\\\/jeanerlor-baumwoll-denim-kuenstlerarbeitsschuerze-mit-taschen-gekreuzten-traegern-verstellbar\\\/\"]}]},{\"@type\":\"ImageObject\",\"inLanguage\":\"de\",\"@id\":\"https:\\\/\\\/marktxxl.de\\\/markt\\\/produkt\\\/jeanerlor-baumwoll-denim-kuenstlerarbeitsschuerze-mit-taschen-gekreuzten-traegern-verstellbar\\\/#primaryimage\",\"url\":\"https:\\\/\\\/m.media-amazon.com\\\/images\\\/I\\\/51HzQzLZAIL._SL500_.jpg\",\"contentUrl\":\"https:\\\/\\\/m.media-amazon.com\\\/images\\\/I\\\/51HzQzLZAIL._SL500_.jpg\",\"width\":500,\"height\":500},{\"@type\":\"BreadcrumbList\",\"@id\":\"https:\\\/\\\/marktxxl.de\\\/markt\\\/produkt\\\/jeanerlor-baumwoll-denim-kuenstlerarbeitsschuerze-mit-taschen-gekreuzten-traegern-verstellbar\\\/#breadcrumb\",\"itemListElement\":[{\"@type\":\"ListItem\",\"position\":1,\"name\":\"Startseite\",\"item\":\"https:\\\/\\\/marktxxl.de\\\/markt\\\/\"},{\"@type\":\"ListItem\",\"position\":2,\"name\":\"Markt\",\"item\":\"https:\\\/\\\/marktxxl.de\\\/markt\\\/\"},{\"@type\":\"ListItem\",\"position\":3,\"name\":\"Jeanerlor &#8211; Baumwoll-Denim-K\u00fcnstlerarbeitssch\u00fcrze mit Taschen, gekreuzten Tr\u00e4gern &amp; verstellbar.\"}]},{\"@type\":\"WebSite\",\"@id\":\"https:\\\/\\\/marktxxl.de\\\/markt\\\/#website\",\"url\":\"https:\\\/\\\/marktxxl.de\\\/markt\\\/\",\"name\":\"Markt-XXL\",\"description\":\"Ihr Markt Online\",\"publisher\":{\"@id\":\"https:\\\/\\\/marktxxl.de\\\/markt\\\/#organization\"},\"potentialAction\":[{\"@type\":\"SearchAction\",\"target\":{\"@type\":\"EntryPoint\",\"urlTemplate\":\"https:\\\/\\\/marktxxl.de\\\/markt\\\/?s={search_term_string}\"},\"query-input\":{\"@type\":\"PropertyValueSpecification\",\"valueRequired\":true,\"valueName\":\"search_term_string\"}}],\"inLanguage\":\"de\"},{\"@type\":\"Organization\",\"@id\":\"https:\\\/\\\/marktxxl.de\\\/markt\\\/#organization\",\"name\":\"Markt-XXL\",\"url\":\"https:\\\/\\\/marktxxl.de\\\/markt\\\/\",\"logo\":{\"@type\":\"ImageObject\",\"inLanguage\":\"de\",\"@id\":\"https:\\\/\\\/marktxxl.de\\\/markt\\\/#\\\/schema\\\/logo\\\/image\\\/\",\"url\":\"https:\\\/\\\/marktxxl.de\\\/markt\\\/wp-content\\\/uploads\\\/sites\\\/3\\\/2020\\\/12\\\/logo.png\",\"contentUrl\":\"https:\\\/\\\/marktxxl.de\\\/markt\\\/wp-content\\\/uploads\\\/sites\\\/3\\\/2020\\\/12\\\/logo.png\",\"width\":200,\"height\":70,\"caption\":\"Markt-XXL\"},\"image\":{\"@id\":\"https:\\\/\\\/marktxxl.de\\\/markt\\\/#\\\/schema\\\/logo\\\/image\\\/\"}}]}<\/script>\n<!-- \/ Yoast SEO plugin. -->","yoast_head_json":{"title":"Jeanerlor - Baumwoll-Denim-K\u00fcnstlerarbeitssch\u00fcrze mit Taschen, gekreuzten Tr\u00e4gern &amp; verstellbar. - Markt-XXL","description":"Markt-XXL Jeanerlor - Baumwoll-Denim-K\u00fcnstlerarbeitssch\u00fcrze mit Taschen, gekreuzten Tr\u00e4gern &amp; verstellbar.","robots":{"index":"index","follow":"follow","max-snippet":"max-snippet:-1","max-image-preview":"max-image-preview:large","max-video-preview":"max-video-preview:-1"},"canonical":"https:\/\/marktxxl.de\/markt\/produkt\/jeanerlor-baumwoll-denim-kuenstlerarbeitsschuerze-mit-taschen-gekreuzten-traegern-verstellbar\/","og_locale":"de_DE","og_type":"article","og_title":"Jeanerlor - Baumwoll-Denim-K\u00fcnstlerarbeitssch\u00fcrze mit Taschen, gekreuzten Tr\u00e4gern &amp; verstellbar. - Markt-XXL","og_description":"Markt-XXL Jeanerlor - Baumwoll-Denim-K\u00fcnstlerarbeitssch\u00fcrze mit Taschen, gekreuzten Tr\u00e4gern &amp; verstellbar.","og_url":"https:\/\/marktxxl.de\/markt\/produkt\/jeanerlor-baumwoll-denim-kuenstlerarbeitsschuerze-mit-taschen-gekreuzten-traegern-verstellbar\/","og_site_name":"Markt-XXL","article_modified_time":"2023-04-09T23:35:14+00:00","og_image":[{"width":500,"height":500,"url":"https:\/\/m.media-amazon.com\/images\/I\/51HzQzLZAIL._SL500_.jpg","type":"image\/jpeg"}],"twitter_card":"summary_large_image","twitter_misc":{"Gesch\u00e4tzte Lesezeit":"1\u00a0Minute"},"schema":{"@context":"https:\/\/schema.org","@graph":[{"@type":"WebPage","@id":"https:\/\/marktxxl.de\/markt\/produkt\/jeanerlor-baumwoll-denim-kuenstlerarbeitsschuerze-mit-taschen-gekreuzten-traegern-verstellbar\/","url":"https:\/\/marktxxl.de\/markt\/produkt\/jeanerlor-baumwoll-denim-kuenstlerarbeitsschuerze-mit-taschen-gekreuzten-traegern-verstellbar\/","name":"Jeanerlor - Baumwoll-Denim-K\u00fcnstlerarbeitssch\u00fcrze mit Taschen, gekreuzten Tr\u00e4gern &amp; verstellbar. - Markt-XXL","isPartOf":{"@id":"https:\/\/marktxxl.de\/markt\/#website"},"primaryImageOfPage":{"@id":"https:\/\/marktxxl.de\/markt\/produkt\/jeanerlor-baumwoll-denim-kuenstlerarbeitsschuerze-mit-taschen-gekreuzten-traegern-verstellbar\/#primaryimage"},"image":{"@id":"https:\/\/marktxxl.de\/markt\/produkt\/jeanerlor-baumwoll-denim-kuenstlerarbeitsschuerze-mit-taschen-gekreuzten-traegern-verstellbar\/#primaryimage"},"thumbnailUrl":"https:\/\/m.media-amazon.com\/images\/I\/51HzQzLZAIL._SL500_.jpg","datePublished":"2021-09-13T18:42:41+00:00","dateModified":"2023-04-09T23:35:14+00:00","description":"Markt-XXL Jeanerlor - Baumwoll-Denim-K\u00fcnstlerarbeitssch\u00fcrze mit Taschen, gekreuzten Tr\u00e4gern &amp; verstellbar.","breadcrumb":{"@id":"https:\/\/marktxxl.de\/markt\/produkt\/jeanerlor-baumwoll-denim-kuenstlerarbeitsschuerze-mit-taschen-gekreuzten-traegern-verstellbar\/#breadcrumb"},"inLanguage":"de","potentialAction":[{"@type":"ReadAction","target":["https:\/\/marktxxl.de\/markt\/produkt\/jeanerlor-baumwoll-denim-kuenstlerarbeitsschuerze-mit-taschen-gekreuzten-traegern-verstellbar\/"]}]},{"@type":"ImageObject","inLanguage":"de","@id":"https:\/\/marktxxl.de\/markt\/produkt\/jeanerlor-baumwoll-denim-kuenstlerarbeitsschuerze-mit-taschen-gekreuzten-traegern-verstellbar\/#primaryimage","url":"https:\/\/m.media-amazon.com\/images\/I\/51HzQzLZAIL._SL500_.jpg","contentUrl":"https:\/\/m.media-amazon.com\/images\/I\/51HzQzLZAIL._SL500_.jpg","width":500,"height":500},{"@type":"BreadcrumbList","@id":"https:\/\/marktxxl.de\/markt\/produkt\/jeanerlor-baumwoll-denim-kuenstlerarbeitsschuerze-mit-taschen-gekreuzten-traegern-verstellbar\/#breadcrumb","itemListElement":[{"@type":"ListItem","position":1,"name":"Startseite","item":"https:\/\/marktxxl.de\/markt\/"},{"@type":"ListItem","position":2,"name":"Markt","item":"https:\/\/marktxxl.de\/markt\/"},{"@type":"ListItem","position":3,"name":"Jeanerlor &#8211; Baumwoll-Denim-K\u00fcnstlerarbeitssch\u00fcrze mit Taschen, gekreuzten Tr\u00e4gern &amp; verstellbar."}]},{"@type":"WebSite","@id":"https:\/\/marktxxl.de\/markt\/#website","url":"https:\/\/marktxxl.de\/markt\/","name":"Markt-XXL","description":"Ihr Markt Online","publisher":{"@id":"https:\/\/marktxxl.de\/markt\/#organization"},"potentialAction":[{"@type":"SearchAction","target":{"@type":"EntryPoint","urlTemplate":"https:\/\/marktxxl.de\/markt\/?s={search_term_string}"},"query-input":{"@type":"PropertyValueSpecification","valueRequired":true,"valueName":"search_term_string"}}],"inLanguage":"de"},{"@type":"Organization","@id":"https:\/\/marktxxl.de\/markt\/#organization","name":"Markt-XXL","url":"https:\/\/marktxxl.de\/markt\/","logo":{"@type":"ImageObject","inLanguage":"de","@id":"https:\/\/marktxxl.de\/markt\/#\/schema\/logo\/image\/","url":"https:\/\/marktxxl.de\/markt\/wp-content\/uploads\/sites\/3\/2020\/12\/logo.png","contentUrl":"https:\/\/marktxxl.de\/markt\/wp-content\/uploads\/sites\/3\/2020\/12\/logo.png","width":200,"height":70,"caption":"Markt-XXL"},"image":{"@id":"https:\/\/marktxxl.de\/markt\/#\/schema\/logo\/image\/"}}]}},"_links":{"self":[{"href":"https:\/\/marktxxl.de\/markt\/wp-json\/wp\/v2\/product\/35478","targetHints":{"allow":["GET"]}}],"collection":[{"href":"https:\/\/marktxxl.de\/markt\/wp-json\/wp\/v2\/product"}],"about":[{"href":"https:\/\/marktxxl.de\/markt\/wp-json\/wp\/v2\/types\/product"}],"replies":[{"embeddable":true,"href":"https:\/\/marktxxl.de\/markt\/wp-json\/wp\/v2\/comments?post=35478"}],"wp:featuredmedia":[{"embeddable":true,"href":"https:\/\/marktxxl.de\/markt\/wp-json\/wp\/v2\/media\/35483"}],"wp:attachment":[{"href":"https:\/\/marktxxl.de\/markt\/wp-json\/wp\/v2\/media?parent=35478"}],"wp:term":[{"taxonomy":"product_brand","embeddable":true,"href":"https:\/\/marktxxl.de\/markt\/wp-json\/wp\/v2\/product_brand?post=35478"},{"taxonomy":"product_cat","embeddable":true,"href":"https:\/\/marktxxl.de\/markt\/wp-json\/wp\/v2\/product_cat?post=35478"},{"taxonomy":"product_tag","embeddable":true,"href":"https:\/\/marktxxl.de\/markt\/wp-json\/wp\/v2\/product_tag?post=35478"}],"curies":[{"name":"wp","href":"https:\/\/api.w.org\/{rel}","templated":true}]}}