{"id":35308,"date":"2021-09-13T20:39:01","date_gmt":"2021-09-13T18:39:01","guid":{"rendered":"https:\/\/marktxxl.de\/markt\/produkt\/carhartt-jungen-active-jac-quilt-lined-jacket-coat-jacke\/"},"modified":"2023-04-11T01:49:20","modified_gmt":"2023-04-10T23:49:20","slug":"carhartt-jungen-active-jac-quilt-lined-jacket-coat-jacke","status":"publish","type":"product","link":"https:\/\/marktxxl.de\/markt\/produkt\/carhartt-jungen-active-jac-quilt-lined-jacket-coat-jacke\/","title":{"rendered":"Carhartt Jungen Active Jac Quilt Lined Jacket Coat Jacke"},"content":{"rendered":"<p>Kapuzenjacke aus 100 % Baumwolle mit durchgehendem Rei\u00dfverschluss<br \/>\nHauptteil und Kapuze mit geb\u00fcrstetem Trikotfutter; gestepptes Taftfutter in den \u00c4rmeln<br \/>\nRippstrick an B\u00fcndchen und Saum; Dreifach vern\u00e4hte Hauptn\u00e4hte f\u00fcr zus\u00e4tzliche Strapazierf\u00e4higkeit<br \/>\nIsolierte Fronttaschen mit Carhartt-Markenetikett<br \/>\nNamensschild auf der Innentasche<br \/>\n<div class=\"main-cross-sell\" data-asin=\"B088YNRZRN\">\n\n\t<div class=\"WooZone-cross-sell-loader\">\n\t\t<div>\n\t\t\t<div id=\"floatingBarsG\">\n\t\t\t\t<div class=\"blockG\" id=\"rotateG_01\"><\/div>\n\t\t\t\t<div class=\"blockG\" id=\"rotateG_02\"><\/div>\n\t\t\t\t<div class=\"blockG\" id=\"rotateG_03\"><\/div>\n\t\t\t\t<div class=\"blockG\" id=\"rotateG_04\"><\/div>\n\t\t\t\t<div class=\"blockG\" id=\"rotateG_05\"><\/div>\n\t\t\t\t<div class=\"blockG\" id=\"rotateG_06\"><\/div>\n\t\t\t\t<div class=\"blockG\" id=\"rotateG_07\"><\/div>\n\t\t\t\t<div class=\"blockG\" id=\"rotateG_08\"><\/div>\n\t\t\t<\/div>\n\t\t\t<div class=\"WooZone-cross-sell-loader-text\"><\/div>\n\t\t<\/div>\n\t<\/div>\n\n\t\t\n<\/div>\n<div style=\"clear:both;\"><\/div><\/p>\n","protected":false},"excerpt":{"rendered":"<p>Kapuzenjacke aus 100 % Baumwolle mit durchgehendem Rei\u00dfverschluss<br \/>\nHauptteil und Kapuze mit geb\u00fcrstetem Trikotfutter; gestepptes Taftfutter in den \u00c4rmeln<br \/>\nRippstrick an B\u00fcndchen und Saum; Dreifach vern\u00e4hte Hauptn\u00e4hte f\u00fcr zus\u00e4tzliche Strapazierf\u00e4higkeit<\/p>\n","protected":false},"featured_media":35319,"comment_status":"open","ping_status":"closed","template":"","meta":[],"product_brand":[],"product_cat":[4054,1186],"product_tag":[],"class_list":{"0":"post-35308","1":"product","2":"type-product","3":"status-publish","4":"has-post-thumbnail","6":"product_cat-baby-bekleidung","7":"product_cat-bekleidung","8":"pa_binding-textilien","9":"pa_brand-carhartt","10":"pa_farbe-carhartt-braun","11":"pa_farbe-carhartt-braunes-flanell-gefuettert","12":"pa_farbe-realtree-xtra","13":"pa_farbe-schwarz-kaviar","14":"pa_groesse-18-monate","15":"pa_groesse-2-jahre","16":"pa_groesse-3-jahre","17":"pa_groesse-s","18":"pa_groesse-xs","19":"pa_groesse-xxs","20":"pa_manufacturer-carhartt-childrens-apparel","21":"pa_model-cp8468","23":"first","24":"instock","25":"shipping-taxable","26":"purchasable","27":"product-type-variable","28":"customify-col","29":"product-has-gallery"},"yoast_head":"<!-- This site is optimized with the Yoast SEO plugin v27.4 - https:\/\/yoast.com\/product\/yoast-seo-wordpress\/ -->\n<title>Carhartt Jungen Active Jac Quilt Lined Jacket Coat Jacke - Markt-XXL<\/title>\n<meta name=\"description\" content=\"Markt-XXL Carhartt Jungen Active Jac Quilt Lined Jacket Coat Jacke\" \/>\n<meta name=\"robots\" content=\"index, follow, max-snippet:-1, max-image-preview:large, max-video-preview:-1\" \/>\n<link rel=\"canonical\" href=\"https:\/\/marktxxl.de\/markt\/produkt\/carhartt-jungen-active-jac-quilt-lined-jacket-coat-jacke\/\" \/>\n<meta property=\"og:locale\" content=\"de_DE\" \/>\n<meta property=\"og:type\" content=\"article\" \/>\n<meta property=\"og:title\" content=\"Carhartt Jungen Active Jac Quilt Lined Jacket Coat Jacke - Markt-XXL\" \/>\n<meta property=\"og:description\" content=\"Markt-XXL Carhartt Jungen Active Jac Quilt Lined Jacket Coat Jacke\" \/>\n<meta property=\"og:url\" content=\"https:\/\/marktxxl.de\/markt\/produkt\/carhartt-jungen-active-jac-quilt-lined-jacket-coat-jacke\/\" \/>\n<meta property=\"og:site_name\" content=\"Markt-XXL\" \/>\n<meta property=\"article:modified_time\" content=\"2023-04-10T23:49:20+00:00\" \/>\n<meta property=\"og:image\" content=\"https:\/\/m.media-amazon.com\/images\/I\/51WQ9n53pjL._SL500_.jpg\" \/>\n\t<meta property=\"og:image:width\" content=\"500\" \/>\n\t<meta property=\"og:image:height\" content=\"494\" \/>\n\t<meta property=\"og:image:type\" content=\"image\/jpeg\" \/>\n<meta name=\"twitter:card\" content=\"summary_large_image\" \/>\n<script type=\"application\/ld+json\" class=\"yoast-schema-graph\">{\"@context\":\"https:\\\/\\\/schema.org\",\"@graph\":[{\"@type\":\"WebPage\",\"@id\":\"https:\\\/\\\/marktxxl.de\\\/markt\\\/produkt\\\/carhartt-jungen-active-jac-quilt-lined-jacket-coat-jacke\\\/\",\"url\":\"https:\\\/\\\/marktxxl.de\\\/markt\\\/produkt\\\/carhartt-jungen-active-jac-quilt-lined-jacket-coat-jacke\\\/\",\"name\":\"Carhartt Jungen Active Jac Quilt Lined Jacket Coat Jacke - Markt-XXL\",\"isPartOf\":{\"@id\":\"https:\\\/\\\/marktxxl.de\\\/markt\\\/#website\"},\"primaryImageOfPage\":{\"@id\":\"https:\\\/\\\/marktxxl.de\\\/markt\\\/produkt\\\/carhartt-jungen-active-jac-quilt-lined-jacket-coat-jacke\\\/#primaryimage\"},\"image\":{\"@id\":\"https:\\\/\\\/marktxxl.de\\\/markt\\\/produkt\\\/carhartt-jungen-active-jac-quilt-lined-jacket-coat-jacke\\\/#primaryimage\"},\"thumbnailUrl\":\"https:\\\/\\\/m.media-amazon.com\\\/images\\\/I\\\/51WQ9n53pjL._SL500_.jpg\",\"datePublished\":\"2021-09-13T18:39:01+00:00\",\"dateModified\":\"2023-04-10T23:49:20+00:00\",\"description\":\"Markt-XXL Carhartt Jungen Active Jac Quilt Lined Jacket Coat Jacke\",\"breadcrumb\":{\"@id\":\"https:\\\/\\\/marktxxl.de\\\/markt\\\/produkt\\\/carhartt-jungen-active-jac-quilt-lined-jacket-coat-jacke\\\/#breadcrumb\"},\"inLanguage\":\"de\",\"potentialAction\":[{\"@type\":\"ReadAction\",\"target\":[\"https:\\\/\\\/marktxxl.de\\\/markt\\\/produkt\\\/carhartt-jungen-active-jac-quilt-lined-jacket-coat-jacke\\\/\"]}]},{\"@type\":\"ImageObject\",\"inLanguage\":\"de\",\"@id\":\"https:\\\/\\\/marktxxl.de\\\/markt\\\/produkt\\\/carhartt-jungen-active-jac-quilt-lined-jacket-coat-jacke\\\/#primaryimage\",\"url\":\"https:\\\/\\\/m.media-amazon.com\\\/images\\\/I\\\/51WQ9n53pjL._SL500_.jpg\",\"contentUrl\":\"https:\\\/\\\/m.media-amazon.com\\\/images\\\/I\\\/51WQ9n53pjL._SL500_.jpg\",\"width\":500,\"height\":494},{\"@type\":\"BreadcrumbList\",\"@id\":\"https:\\\/\\\/marktxxl.de\\\/markt\\\/produkt\\\/carhartt-jungen-active-jac-quilt-lined-jacket-coat-jacke\\\/#breadcrumb\",\"itemListElement\":[{\"@type\":\"ListItem\",\"position\":1,\"name\":\"Startseite\",\"item\":\"https:\\\/\\\/marktxxl.de\\\/markt\\\/\"},{\"@type\":\"ListItem\",\"position\":2,\"name\":\"Markt\",\"item\":\"https:\\\/\\\/marktxxl.de\\\/markt\\\/\"},{\"@type\":\"ListItem\",\"position\":3,\"name\":\"Carhartt Jungen Active Jac Quilt Lined Jacket Coat Jacke\"}]},{\"@type\":\"WebSite\",\"@id\":\"https:\\\/\\\/marktxxl.de\\\/markt\\\/#website\",\"url\":\"https:\\\/\\\/marktxxl.de\\\/markt\\\/\",\"name\":\"Markt-XXL\",\"description\":\"Ihr Markt Online\",\"publisher\":{\"@id\":\"https:\\\/\\\/marktxxl.de\\\/markt\\\/#organization\"},\"potentialAction\":[{\"@type\":\"SearchAction\",\"target\":{\"@type\":\"EntryPoint\",\"urlTemplate\":\"https:\\\/\\\/marktxxl.de\\\/markt\\\/?s={search_term_string}\"},\"query-input\":{\"@type\":\"PropertyValueSpecification\",\"valueRequired\":true,\"valueName\":\"search_term_string\"}}],\"inLanguage\":\"de\"},{\"@type\":\"Organization\",\"@id\":\"https:\\\/\\\/marktxxl.de\\\/markt\\\/#organization\",\"name\":\"Markt-XXL\",\"url\":\"https:\\\/\\\/marktxxl.de\\\/markt\\\/\",\"logo\":{\"@type\":\"ImageObject\",\"inLanguage\":\"de\",\"@id\":\"https:\\\/\\\/marktxxl.de\\\/markt\\\/#\\\/schema\\\/logo\\\/image\\\/\",\"url\":\"https:\\\/\\\/marktxxl.de\\\/markt\\\/wp-content\\\/uploads\\\/sites\\\/3\\\/2020\\\/12\\\/logo.png\",\"contentUrl\":\"https:\\\/\\\/marktxxl.de\\\/markt\\\/wp-content\\\/uploads\\\/sites\\\/3\\\/2020\\\/12\\\/logo.png\",\"width\":200,\"height\":70,\"caption\":\"Markt-XXL\"},\"image\":{\"@id\":\"https:\\\/\\\/marktxxl.de\\\/markt\\\/#\\\/schema\\\/logo\\\/image\\\/\"}}]}<\/script>\n<!-- \/ Yoast SEO plugin. -->","yoast_head_json":{"title":"Carhartt Jungen Active Jac Quilt Lined Jacket Coat Jacke - Markt-XXL","description":"Markt-XXL Carhartt Jungen Active Jac Quilt Lined Jacket Coat Jacke","robots":{"index":"index","follow":"follow","max-snippet":"max-snippet:-1","max-image-preview":"max-image-preview:large","max-video-preview":"max-video-preview:-1"},"canonical":"https:\/\/marktxxl.de\/markt\/produkt\/carhartt-jungen-active-jac-quilt-lined-jacket-coat-jacke\/","og_locale":"de_DE","og_type":"article","og_title":"Carhartt Jungen Active Jac Quilt Lined Jacket Coat Jacke - Markt-XXL","og_description":"Markt-XXL Carhartt Jungen Active Jac Quilt Lined Jacket Coat Jacke","og_url":"https:\/\/marktxxl.de\/markt\/produkt\/carhartt-jungen-active-jac-quilt-lined-jacket-coat-jacke\/","og_site_name":"Markt-XXL","article_modified_time":"2023-04-10T23:49:20+00:00","og_image":[{"width":500,"height":494,"url":"https:\/\/m.media-amazon.com\/images\/I\/51WQ9n53pjL._SL500_.jpg","type":"image\/jpeg"}],"twitter_card":"summary_large_image","schema":{"@context":"https:\/\/schema.org","@graph":[{"@type":"WebPage","@id":"https:\/\/marktxxl.de\/markt\/produkt\/carhartt-jungen-active-jac-quilt-lined-jacket-coat-jacke\/","url":"https:\/\/marktxxl.de\/markt\/produkt\/carhartt-jungen-active-jac-quilt-lined-jacket-coat-jacke\/","name":"Carhartt Jungen Active Jac Quilt Lined Jacket Coat Jacke - Markt-XXL","isPartOf":{"@id":"https:\/\/marktxxl.de\/markt\/#website"},"primaryImageOfPage":{"@id":"https:\/\/marktxxl.de\/markt\/produkt\/carhartt-jungen-active-jac-quilt-lined-jacket-coat-jacke\/#primaryimage"},"image":{"@id":"https:\/\/marktxxl.de\/markt\/produkt\/carhartt-jungen-active-jac-quilt-lined-jacket-coat-jacke\/#primaryimage"},"thumbnailUrl":"https:\/\/m.media-amazon.com\/images\/I\/51WQ9n53pjL._SL500_.jpg","datePublished":"2021-09-13T18:39:01+00:00","dateModified":"2023-04-10T23:49:20+00:00","description":"Markt-XXL Carhartt Jungen Active Jac Quilt Lined Jacket Coat Jacke","breadcrumb":{"@id":"https:\/\/marktxxl.de\/markt\/produkt\/carhartt-jungen-active-jac-quilt-lined-jacket-coat-jacke\/#breadcrumb"},"inLanguage":"de","potentialAction":[{"@type":"ReadAction","target":["https:\/\/marktxxl.de\/markt\/produkt\/carhartt-jungen-active-jac-quilt-lined-jacket-coat-jacke\/"]}]},{"@type":"ImageObject","inLanguage":"de","@id":"https:\/\/marktxxl.de\/markt\/produkt\/carhartt-jungen-active-jac-quilt-lined-jacket-coat-jacke\/#primaryimage","url":"https:\/\/m.media-amazon.com\/images\/I\/51WQ9n53pjL._SL500_.jpg","contentUrl":"https:\/\/m.media-amazon.com\/images\/I\/51WQ9n53pjL._SL500_.jpg","width":500,"height":494},{"@type":"BreadcrumbList","@id":"https:\/\/marktxxl.de\/markt\/produkt\/carhartt-jungen-active-jac-quilt-lined-jacket-coat-jacke\/#breadcrumb","itemListElement":[{"@type":"ListItem","position":1,"name":"Startseite","item":"https:\/\/marktxxl.de\/markt\/"},{"@type":"ListItem","position":2,"name":"Markt","item":"https:\/\/marktxxl.de\/markt\/"},{"@type":"ListItem","position":3,"name":"Carhartt Jungen Active Jac Quilt Lined Jacket Coat Jacke"}]},{"@type":"WebSite","@id":"https:\/\/marktxxl.de\/markt\/#website","url":"https:\/\/marktxxl.de\/markt\/","name":"Markt-XXL","description":"Ihr Markt Online","publisher":{"@id":"https:\/\/marktxxl.de\/markt\/#organization"},"potentialAction":[{"@type":"SearchAction","target":{"@type":"EntryPoint","urlTemplate":"https:\/\/marktxxl.de\/markt\/?s={search_term_string}"},"query-input":{"@type":"PropertyValueSpecification","valueRequired":true,"valueName":"search_term_string"}}],"inLanguage":"de"},{"@type":"Organization","@id":"https:\/\/marktxxl.de\/markt\/#organization","name":"Markt-XXL","url":"https:\/\/marktxxl.de\/markt\/","logo":{"@type":"ImageObject","inLanguage":"de","@id":"https:\/\/marktxxl.de\/markt\/#\/schema\/logo\/image\/","url":"https:\/\/marktxxl.de\/markt\/wp-content\/uploads\/sites\/3\/2020\/12\/logo.png","contentUrl":"https:\/\/marktxxl.de\/markt\/wp-content\/uploads\/sites\/3\/2020\/12\/logo.png","width":200,"height":70,"caption":"Markt-XXL"},"image":{"@id":"https:\/\/marktxxl.de\/markt\/#\/schema\/logo\/image\/"}}]}},"_links":{"self":[{"href":"https:\/\/marktxxl.de\/markt\/wp-json\/wp\/v2\/product\/35308","targetHints":{"allow":["GET"]}}],"collection":[{"href":"https:\/\/marktxxl.de\/markt\/wp-json\/wp\/v2\/product"}],"about":[{"href":"https:\/\/marktxxl.de\/markt\/wp-json\/wp\/v2\/types\/product"}],"replies":[{"embeddable":true,"href":"https:\/\/marktxxl.de\/markt\/wp-json\/wp\/v2\/comments?post=35308"}],"wp:featuredmedia":[{"embeddable":true,"href":"https:\/\/marktxxl.de\/markt\/wp-json\/wp\/v2\/media\/35319"}],"wp:attachment":[{"href":"https:\/\/marktxxl.de\/markt\/wp-json\/wp\/v2\/media?parent=35308"}],"wp:term":[{"taxonomy":"product_brand","embeddable":true,"href":"https:\/\/marktxxl.de\/markt\/wp-json\/wp\/v2\/product_brand?post=35308"},{"taxonomy":"product_cat","embeddable":true,"href":"https:\/\/marktxxl.de\/markt\/wp-json\/wp\/v2\/product_cat?post=35308"},{"taxonomy":"product_tag","embeddable":true,"href":"https:\/\/marktxxl.de\/markt\/wp-json\/wp\/v2\/product_tag?post=35308"}],"curies":[{"name":"wp","href":"https:\/\/api.w.org\/{rel}","templated":true}]}}