{"id":35027,"date":"2021-09-13T20:36:25","date_gmt":"2021-09-13T18:36:25","guid":{"rendered":"https:\/\/marktxxl.de\/markt\/produkt\/columbia-maedchen-katelyn-crest-jacket-isolierte-jacke\/"},"modified":"2023-04-11T01:49:13","modified_gmt":"2023-04-10T23:49:13","slug":"columbia-maedchen-katelyn-crest-jacket-isolierte-jacke","status":"publish","type":"product","link":"https:\/\/marktxxl.de\/markt\/produkt\/columbia-maedchen-katelyn-crest-jacket-isolierte-jacke\/","title":{"rendered":"Columbia M\u00e4dchen Katelyn Crest Jacket Isolierte Jacke"},"content":{"rendered":"<p>Bequeme Winterjacke: Die Columbia M\u00e4dchen-Jacke Katelyn mit Wappen ist in einer Vielzahl von Farben erh\u00e4ltlich und sorgt f\u00fcr eine warme Winterjacke, die sie gerne an super k\u00fchlen Tagen tragen wird.<br \/>\nWinter-Parka-Styling: Dieser stilvolle Wintermantel kommt mit einer Kapuze mit Kunstfellbesatz. Der gem\u00fctliche Fellbesatz ist einfach kuschelig lustig und ist abnehmbar, l\u00e4sst sich ordentlich in jeder Tasche verstauen, wenn er nicht mehr ben\u00f6tigt wird.<br \/>\nWasserfest: Hergestellt aus unserem Storm-Lite DP II Polyester-Material, ist diese H\u00fclle so konzipiert, dass sie vor einer nassen, matschigen und windigen Mischung von Elementen sch\u00fctzt.<br \/>\nExtra isoliert: Gef\u00fcttert mit unserem weichen Taft und isoliert mit unserer extra tiefen Farenhot 240 g Isolierung. Diese Jacke f\u00fcgt wirklich einen sch\u00f6nen Hauch von gem\u00fctlicher W\u00e4rme hinzu, die Sie nicht entt\u00e4uschen wird.<br \/>\nPraktische Eigenschaften: Diese Jacke verf\u00fcgt \u00fcber zwei mit Fleece gef\u00fctterte Taschen mit Rei\u00dfverschluss, um alle Ihre Sch\u00e4tze sicher zu halten, w\u00e4hrend die bequemen B\u00fcndchen und reflektierende Details f\u00fcr Sicherheit sorgen.<br \/>\n<div class=\"main-cross-sell\" data-asin=\"B01MQIKLG7\">\n\n\t<div class=\"WooZone-cross-sell-loader\">\n\t\t<div>\n\t\t\t<div id=\"floatingBarsG\">\n\t\t\t\t<div class=\"blockG\" id=\"rotateG_01\"><\/div>\n\t\t\t\t<div class=\"blockG\" id=\"rotateG_02\"><\/div>\n\t\t\t\t<div class=\"blockG\" id=\"rotateG_03\"><\/div>\n\t\t\t\t<div class=\"blockG\" id=\"rotateG_04\"><\/div>\n\t\t\t\t<div class=\"blockG\" id=\"rotateG_05\"><\/div>\n\t\t\t\t<div class=\"blockG\" id=\"rotateG_06\"><\/div>\n\t\t\t\t<div class=\"blockG\" id=\"rotateG_07\"><\/div>\n\t\t\t\t<div class=\"blockG\" id=\"rotateG_08\"><\/div>\n\t\t\t<\/div>\n\t\t\t<div class=\"WooZone-cross-sell-loader-text\"><\/div>\n\t\t<\/div>\n\t<\/div>\n\n\t\t\n<\/div>\n<div style=\"clear:both;\"><\/div><\/p>\n","protected":false},"excerpt":{"rendered":"<p>Bequeme Winterjacke: Die Columbia M\u00e4dchen-Jacke Katelyn mit Wappen ist in einer Vielzahl von Farben erh\u00e4ltlich und sorgt f\u00fcr eine warme Winterjacke, die sie gerne an super k\u00fchlen Tagen tragen wird.<br \/>\nWinter-Parka-Styling: Dieser stilvolle Wintermantel kommt mit einer Kapuze mit Kunstfellbesatz. Der gem\u00fctliche Fellbesatz ist einfach kuschelig lustig und ist abnehmbar, l\u00e4sst sich ordentlich in jeder Tasche verstauen, wenn er nicht mehr ben\u00f6tigt wird.<br \/>\nWasserfest: Hergestellt aus unserem Storm-Lite DP II Polyester-Material, ist diese H\u00fclle so konzipiert, dass sie vor einer nassen, matschigen und windigen Mischung von Elementen sch\u00fctzt.<\/p>\n","protected":false},"featured_media":35029,"comment_status":"open","ping_status":"closed","template":"","meta":[],"product_brand":[],"product_cat":[1186,3990],"product_tag":[],"class_list":{"0":"post-35027","1":"product","2":"type-product","3":"status-publish","4":"has-post-thumbnail","6":"product_cat-bekleidung","7":"product_cat-maedchen","8":"pa_binding-textilien","9":"pa_brand-columbia","10":"pa_farbe-schwarz","11":"pa_groesse-kleine-maedchen","12":"pa_groesse-xxs","13":"pa_manufacturer-columbia-childrens-apparel","14":"pa_model-15775","16":"first","17":"instock","18":"shipping-taxable","19":"purchasable","20":"product-type-simple","21":"customify-col","22":"product-has-gallery"},"yoast_head":"<!-- This site is optimized with the Yoast SEO plugin v27.3 - https:\/\/yoast.com\/product\/yoast-seo-wordpress\/ -->\n<title>Columbia M\u00e4dchen Katelyn Crest Jacket Isolierte Jacke - Markt-XXL<\/title>\n<meta name=\"description\" content=\"Markt-XXL Columbia M\u00e4dchen Katelyn Crest Jacket Isolierte Jacke\" \/>\n<meta name=\"robots\" content=\"index, follow, max-snippet:-1, max-image-preview:large, max-video-preview:-1\" \/>\n<link rel=\"canonical\" href=\"https:\/\/marktxxl.de\/markt\/produkt\/columbia-maedchen-katelyn-crest-jacket-isolierte-jacke\/\" \/>\n<meta property=\"og:locale\" content=\"de_DE\" \/>\n<meta property=\"og:type\" content=\"article\" \/>\n<meta property=\"og:title\" content=\"Columbia M\u00e4dchen Katelyn Crest Jacket Isolierte Jacke - Markt-XXL\" \/>\n<meta property=\"og:description\" content=\"Markt-XXL Columbia M\u00e4dchen Katelyn Crest Jacket Isolierte Jacke\" \/>\n<meta property=\"og:url\" content=\"https:\/\/marktxxl.de\/markt\/produkt\/columbia-maedchen-katelyn-crest-jacket-isolierte-jacke\/\" \/>\n<meta property=\"og:site_name\" content=\"Markt-XXL\" \/>\n<meta property=\"article:modified_time\" content=\"2023-04-10T23:49:13+00:00\" \/>\n<meta property=\"og:image\" content=\"https:\/\/m.media-amazon.com\/images\/I\/41v7g4GnkJS._SL500_.jpg\" \/>\n\t<meta property=\"og:image:width\" content=\"476\" \/>\n\t<meta property=\"og:image:height\" content=\"500\" \/>\n\t<meta property=\"og:image:type\" content=\"image\/jpeg\" \/>\n<meta name=\"twitter:card\" content=\"summary_large_image\" \/>\n<meta name=\"twitter:label1\" content=\"Gesch\u00e4tzte Lesezeit\" \/>\n\t<meta name=\"twitter:data1\" content=\"1\u00a0Minute\" \/>\n<script type=\"application\/ld+json\" class=\"yoast-schema-graph\">{\"@context\":\"https:\\\/\\\/schema.org\",\"@graph\":[{\"@type\":\"WebPage\",\"@id\":\"https:\\\/\\\/marktxxl.de\\\/markt\\\/produkt\\\/columbia-maedchen-katelyn-crest-jacket-isolierte-jacke\\\/\",\"url\":\"https:\\\/\\\/marktxxl.de\\\/markt\\\/produkt\\\/columbia-maedchen-katelyn-crest-jacket-isolierte-jacke\\\/\",\"name\":\"Columbia M\u00e4dchen Katelyn Crest Jacket Isolierte Jacke - Markt-XXL\",\"isPartOf\":{\"@id\":\"https:\\\/\\\/marktxxl.de\\\/markt\\\/#website\"},\"primaryImageOfPage\":{\"@id\":\"https:\\\/\\\/marktxxl.de\\\/markt\\\/produkt\\\/columbia-maedchen-katelyn-crest-jacket-isolierte-jacke\\\/#primaryimage\"},\"image\":{\"@id\":\"https:\\\/\\\/marktxxl.de\\\/markt\\\/produkt\\\/columbia-maedchen-katelyn-crest-jacket-isolierte-jacke\\\/#primaryimage\"},\"thumbnailUrl\":\"https:\\\/\\\/m.media-amazon.com\\\/images\\\/I\\\/41v7g4GnkJS._SL500_.jpg\",\"datePublished\":\"2021-09-13T18:36:25+00:00\",\"dateModified\":\"2023-04-10T23:49:13+00:00\",\"description\":\"Markt-XXL Columbia M\u00e4dchen Katelyn Crest Jacket Isolierte Jacke\",\"breadcrumb\":{\"@id\":\"https:\\\/\\\/marktxxl.de\\\/markt\\\/produkt\\\/columbia-maedchen-katelyn-crest-jacket-isolierte-jacke\\\/#breadcrumb\"},\"inLanguage\":\"de\",\"potentialAction\":[{\"@type\":\"ReadAction\",\"target\":[\"https:\\\/\\\/marktxxl.de\\\/markt\\\/produkt\\\/columbia-maedchen-katelyn-crest-jacket-isolierte-jacke\\\/\"]}]},{\"@type\":\"ImageObject\",\"inLanguage\":\"de\",\"@id\":\"https:\\\/\\\/marktxxl.de\\\/markt\\\/produkt\\\/columbia-maedchen-katelyn-crest-jacket-isolierte-jacke\\\/#primaryimage\",\"url\":\"https:\\\/\\\/m.media-amazon.com\\\/images\\\/I\\\/41v7g4GnkJS._SL500_.jpg\",\"contentUrl\":\"https:\\\/\\\/m.media-amazon.com\\\/images\\\/I\\\/41v7g4GnkJS._SL500_.jpg\",\"width\":476,\"height\":500},{\"@type\":\"BreadcrumbList\",\"@id\":\"https:\\\/\\\/marktxxl.de\\\/markt\\\/produkt\\\/columbia-maedchen-katelyn-crest-jacket-isolierte-jacke\\\/#breadcrumb\",\"itemListElement\":[{\"@type\":\"ListItem\",\"position\":1,\"name\":\"Startseite\",\"item\":\"https:\\\/\\\/marktxxl.de\\\/markt\\\/\"},{\"@type\":\"ListItem\",\"position\":2,\"name\":\"Markt\",\"item\":\"https:\\\/\\\/marktxxl.de\\\/markt\\\/\"},{\"@type\":\"ListItem\",\"position\":3,\"name\":\"Columbia M\u00e4dchen Katelyn Crest Jacket Isolierte Jacke\"}]},{\"@type\":\"WebSite\",\"@id\":\"https:\\\/\\\/marktxxl.de\\\/markt\\\/#website\",\"url\":\"https:\\\/\\\/marktxxl.de\\\/markt\\\/\",\"name\":\"Markt-XXL\",\"description\":\"Ihr Markt Online\",\"publisher\":{\"@id\":\"https:\\\/\\\/marktxxl.de\\\/markt\\\/#organization\"},\"potentialAction\":[{\"@type\":\"SearchAction\",\"target\":{\"@type\":\"EntryPoint\",\"urlTemplate\":\"https:\\\/\\\/marktxxl.de\\\/markt\\\/?s={search_term_string}\"},\"query-input\":{\"@type\":\"PropertyValueSpecification\",\"valueRequired\":true,\"valueName\":\"search_term_string\"}}],\"inLanguage\":\"de\"},{\"@type\":\"Organization\",\"@id\":\"https:\\\/\\\/marktxxl.de\\\/markt\\\/#organization\",\"name\":\"Markt-XXL\",\"url\":\"https:\\\/\\\/marktxxl.de\\\/markt\\\/\",\"logo\":{\"@type\":\"ImageObject\",\"inLanguage\":\"de\",\"@id\":\"https:\\\/\\\/marktxxl.de\\\/markt\\\/#\\\/schema\\\/logo\\\/image\\\/\",\"url\":\"https:\\\/\\\/marktxxl.de\\\/markt\\\/wp-content\\\/uploads\\\/sites\\\/3\\\/2020\\\/12\\\/logo.png\",\"contentUrl\":\"https:\\\/\\\/marktxxl.de\\\/markt\\\/wp-content\\\/uploads\\\/sites\\\/3\\\/2020\\\/12\\\/logo.png\",\"width\":200,\"height\":70,\"caption\":\"Markt-XXL\"},\"image\":{\"@id\":\"https:\\\/\\\/marktxxl.de\\\/markt\\\/#\\\/schema\\\/logo\\\/image\\\/\"}}]}<\/script>\n<!-- \/ Yoast SEO plugin. -->","yoast_head_json":{"title":"Columbia M\u00e4dchen Katelyn Crest Jacket Isolierte Jacke - Markt-XXL","description":"Markt-XXL Columbia M\u00e4dchen Katelyn Crest Jacket Isolierte Jacke","robots":{"index":"index","follow":"follow","max-snippet":"max-snippet:-1","max-image-preview":"max-image-preview:large","max-video-preview":"max-video-preview:-1"},"canonical":"https:\/\/marktxxl.de\/markt\/produkt\/columbia-maedchen-katelyn-crest-jacket-isolierte-jacke\/","og_locale":"de_DE","og_type":"article","og_title":"Columbia M\u00e4dchen Katelyn Crest Jacket Isolierte Jacke - Markt-XXL","og_description":"Markt-XXL Columbia M\u00e4dchen Katelyn Crest Jacket Isolierte Jacke","og_url":"https:\/\/marktxxl.de\/markt\/produkt\/columbia-maedchen-katelyn-crest-jacket-isolierte-jacke\/","og_site_name":"Markt-XXL","article_modified_time":"2023-04-10T23:49:13+00:00","og_image":[{"width":476,"height":500,"url":"https:\/\/m.media-amazon.com\/images\/I\/41v7g4GnkJS._SL500_.jpg","type":"image\/jpeg"}],"twitter_card":"summary_large_image","twitter_misc":{"Gesch\u00e4tzte Lesezeit":"1\u00a0Minute"},"schema":{"@context":"https:\/\/schema.org","@graph":[{"@type":"WebPage","@id":"https:\/\/marktxxl.de\/markt\/produkt\/columbia-maedchen-katelyn-crest-jacket-isolierte-jacke\/","url":"https:\/\/marktxxl.de\/markt\/produkt\/columbia-maedchen-katelyn-crest-jacket-isolierte-jacke\/","name":"Columbia M\u00e4dchen Katelyn Crest Jacket Isolierte Jacke - Markt-XXL","isPartOf":{"@id":"https:\/\/marktxxl.de\/markt\/#website"},"primaryImageOfPage":{"@id":"https:\/\/marktxxl.de\/markt\/produkt\/columbia-maedchen-katelyn-crest-jacket-isolierte-jacke\/#primaryimage"},"image":{"@id":"https:\/\/marktxxl.de\/markt\/produkt\/columbia-maedchen-katelyn-crest-jacket-isolierte-jacke\/#primaryimage"},"thumbnailUrl":"https:\/\/m.media-amazon.com\/images\/I\/41v7g4GnkJS._SL500_.jpg","datePublished":"2021-09-13T18:36:25+00:00","dateModified":"2023-04-10T23:49:13+00:00","description":"Markt-XXL Columbia M\u00e4dchen Katelyn Crest Jacket Isolierte Jacke","breadcrumb":{"@id":"https:\/\/marktxxl.de\/markt\/produkt\/columbia-maedchen-katelyn-crest-jacket-isolierte-jacke\/#breadcrumb"},"inLanguage":"de","potentialAction":[{"@type":"ReadAction","target":["https:\/\/marktxxl.de\/markt\/produkt\/columbia-maedchen-katelyn-crest-jacket-isolierte-jacke\/"]}]},{"@type":"ImageObject","inLanguage":"de","@id":"https:\/\/marktxxl.de\/markt\/produkt\/columbia-maedchen-katelyn-crest-jacket-isolierte-jacke\/#primaryimage","url":"https:\/\/m.media-amazon.com\/images\/I\/41v7g4GnkJS._SL500_.jpg","contentUrl":"https:\/\/m.media-amazon.com\/images\/I\/41v7g4GnkJS._SL500_.jpg","width":476,"height":500},{"@type":"BreadcrumbList","@id":"https:\/\/marktxxl.de\/markt\/produkt\/columbia-maedchen-katelyn-crest-jacket-isolierte-jacke\/#breadcrumb","itemListElement":[{"@type":"ListItem","position":1,"name":"Startseite","item":"https:\/\/marktxxl.de\/markt\/"},{"@type":"ListItem","position":2,"name":"Markt","item":"https:\/\/marktxxl.de\/markt\/"},{"@type":"ListItem","position":3,"name":"Columbia M\u00e4dchen Katelyn Crest Jacket Isolierte Jacke"}]},{"@type":"WebSite","@id":"https:\/\/marktxxl.de\/markt\/#website","url":"https:\/\/marktxxl.de\/markt\/","name":"Markt-XXL","description":"Ihr Markt Online","publisher":{"@id":"https:\/\/marktxxl.de\/markt\/#organization"},"potentialAction":[{"@type":"SearchAction","target":{"@type":"EntryPoint","urlTemplate":"https:\/\/marktxxl.de\/markt\/?s={search_term_string}"},"query-input":{"@type":"PropertyValueSpecification","valueRequired":true,"valueName":"search_term_string"}}],"inLanguage":"de"},{"@type":"Organization","@id":"https:\/\/marktxxl.de\/markt\/#organization","name":"Markt-XXL","url":"https:\/\/marktxxl.de\/markt\/","logo":{"@type":"ImageObject","inLanguage":"de","@id":"https:\/\/marktxxl.de\/markt\/#\/schema\/logo\/image\/","url":"https:\/\/marktxxl.de\/markt\/wp-content\/uploads\/sites\/3\/2020\/12\/logo.png","contentUrl":"https:\/\/marktxxl.de\/markt\/wp-content\/uploads\/sites\/3\/2020\/12\/logo.png","width":200,"height":70,"caption":"Markt-XXL"},"image":{"@id":"https:\/\/marktxxl.de\/markt\/#\/schema\/logo\/image\/"}}]}},"_links":{"self":[{"href":"https:\/\/marktxxl.de\/markt\/wp-json\/wp\/v2\/product\/35027","targetHints":{"allow":["GET"]}}],"collection":[{"href":"https:\/\/marktxxl.de\/markt\/wp-json\/wp\/v2\/product"}],"about":[{"href":"https:\/\/marktxxl.de\/markt\/wp-json\/wp\/v2\/types\/product"}],"replies":[{"embeddable":true,"href":"https:\/\/marktxxl.de\/markt\/wp-json\/wp\/v2\/comments?post=35027"}],"wp:featuredmedia":[{"embeddable":true,"href":"https:\/\/marktxxl.de\/markt\/wp-json\/wp\/v2\/media\/35029"}],"wp:attachment":[{"href":"https:\/\/marktxxl.de\/markt\/wp-json\/wp\/v2\/media?parent=35027"}],"wp:term":[{"taxonomy":"product_brand","embeddable":true,"href":"https:\/\/marktxxl.de\/markt\/wp-json\/wp\/v2\/product_brand?post=35027"},{"taxonomy":"product_cat","embeddable":true,"href":"https:\/\/marktxxl.de\/markt\/wp-json\/wp\/v2\/product_cat?post=35027"},{"taxonomy":"product_tag","embeddable":true,"href":"https:\/\/marktxxl.de\/markt\/wp-json\/wp\/v2\/product_tag?post=35027"}],"curies":[{"name":"wp","href":"https:\/\/api.w.org\/{rel}","templated":true}]}}