{"id":34968,"date":"2021-09-13T20:35:34","date_gmt":"2021-09-13T18:35:34","guid":{"rendered":"https:\/\/marktxxl.de\/markt\/produkt\/chins-led-lichterkette-led-lichterschlauch-aussen-solar-led-lichterkette-garten-globe-4-5m-30er-led-8-modi-ip65-lichter-fuer-innen-aussen-party-hochzeit-weihnachten-deko\/"},"modified":"2023-04-11T01:49:13","modified_gmt":"2023-04-10T23:49:13","slug":"chins-led-lichterkette-led-lichterschlauch-aussen-solar-led-lichterkette-garten-globe-4-5m-30er-led-8-modi-ip65-lichter-fuer-innen-aussen-party-hochzeit-weihnachten-deko","status":"publish","type":"product","link":"https:\/\/marktxxl.de\/markt\/produkt\/chins-led-lichterkette-led-lichterschlauch-aussen-solar-led-lichterkette-garten-globe-4-5m-30er-led-8-modi-ip65-lichter-fuer-innen-aussen-party-hochzeit-weihnachten-deko\/","title":{"rendered":"Solar Lichterkette Au\u00dfen Wetterfest, 30LED 8 Modi Solar Lichterkette Aussen Warmwei\u00df Wasserdicht, Solar Kristall Kugeln\u2026"},"content":{"rendered":"<p>\u273f\u3010Lichterkette\u30116.5 Meter\uff082 Meter Verbindungslinie+Schlauch 4.5Meter); Die Zahl von LED\uff1a30. Die Distanz von LED\uff1a15 Zentimeter.Das Produkt ist sehr einfach zu verwenden und zu installieren.<br \/>\n\u273f\u3010Wasserdicht\u3011Der Lichtschlauch ist IP65 Wasserdicht, damit k\u00f6nnte das Produkt geeignet f\u00fcr direkte Sonneneinstrahlung im Sommer und Winter werden. Das Produkt k\u00f6nnte einer Vielzahl von Wetterbedingungen standhalten, einschlie\u00dflich starkem Regen und Schnee. Aber es k\u00f6nnte nicht lange in Wasser eingeweicht werden und eignet sich f\u00fcr die Dekoration im Innen- und Au\u00dfenbereich.<br \/>\n\u273f\u30108 Modi, Warmwei\u00df\u3011Solar Lichtschlauch enthalten 8 Beleuchtung Modi, Wechseln Sie verschiedene Modi durch Dr\u00fccken der Tasten. Combination, in weave, sequential, slo glo, chasing, flash, slow fade, twinkle flash, steady on. Passen Sie Immer und \u00fcberall den Modus abh\u00e4ngig von verschiedenen Umgebungen .<br \/>\n\u273f\u3010Lange Betriebszeit\u3011mit einer vollen Ladung von 6-8 Stunden leuchtet die Lichterkette f\u00fcr 8-10 Stunden. Manganelemente wurden den Batterien der CHINS Solar-Lichterkette hinzugef\u00fcgt, um sicherzustellen, dass die Solarbatterie auch im Winter aufgeladen werden kann.<br \/>\n\u273f\u3010Automatisches Ein- und Ausschalten\u3011Integrierte wiederaufladbare Ni-MH- Batterie l\u00e4dt automatisch in der Sonne auf und schalten sich bei D\u00e4mmerung automatisch ein. Wenn sie ausreichend im Sonnenlicht geladen wurde, sie schafft in der Nacht eine charmante Stimmung und dann w\u00fcrden sie Ihnen mehr Spa\u00df machen.<br \/>\n<div class=\"main-cross-sell\" data-asin=\"B0882HY17B\">\n\n\t<div class=\"WooZone-cross-sell-loader\">\n\t\t<div>\n\t\t\t<div id=\"floatingBarsG\">\n\t\t\t\t<div class=\"blockG\" id=\"rotateG_01\"><\/div>\n\t\t\t\t<div class=\"blockG\" id=\"rotateG_02\"><\/div>\n\t\t\t\t<div class=\"blockG\" id=\"rotateG_03\"><\/div>\n\t\t\t\t<div class=\"blockG\" id=\"rotateG_04\"><\/div>\n\t\t\t\t<div class=\"blockG\" id=\"rotateG_05\"><\/div>\n\t\t\t\t<div class=\"blockG\" id=\"rotateG_06\"><\/div>\n\t\t\t\t<div class=\"blockG\" id=\"rotateG_07\"><\/div>\n\t\t\t\t<div class=\"blockG\" id=\"rotateG_08\"><\/div>\n\t\t\t<\/div>\n\t\t\t<div class=\"WooZone-cross-sell-loader-text\"><\/div>\n\t\t<\/div>\n\t<\/div>\n\n\t\t\n<\/div>\n<div style=\"clear:both;\"><\/div><\/p>\n","protected":false},"excerpt":{"rendered":"<p>\u273f\u3010Lichterkette\u30116.5 Meter\uff082 Meter Verbindungslinie+Schlauch 4.5Meter); Die Zahl von LED\uff1a30. Die Distanz von LED\uff1a15 Zentimeter.Das Produkt ist sehr einfach zu verwenden und zu installieren.<br \/>\n\u273f\u3010Wasserdicht\u3011Der Lichtschlauch ist IP65 Wasserdicht, damit k\u00f6nnte das Produkt geeignet f\u00fcr direkte Sonneneinstrahlung im Sommer und Winter werden. Das Produkt k\u00f6nnte einer Vielzahl von Wetterbedingungen standhalten, einschlie\u00dflich starkem Regen und Schnee. Aber es k\u00f6nnte nicht lange in Wasser eingeweicht werden und eignet sich f\u00fcr die Dekoration im Innen- und Au\u00dfenbereich.<br \/>\n\u273f\u30108 Modi, Warmwei\u00df\u3011Solar Lichtschlauch enthalten 8 Beleuchtung Modi, Wechseln Sie verschiedene Modi durch Dr\u00fccken der Tasten. Combination, in weave, sequential, slo glo, chasing, flash, slow fade, twinkle flash, steady on. Passen Sie Immer und \u00fcberall den Modus abh\u00e4ngig von verschiedenen Umgebungen .<\/p>\n","protected":false},"featured_media":34969,"comment_status":"open","ping_status":"closed","template":"","meta":[],"product_brand":[],"product_cat":[2108,15624],"product_tag":[],"class_list":{"0":"post-34968","1":"product","2":"type-product","3":"status-publish","4":"has-post-thumbnail","6":"product_cat-beleuchtung","7":"product_cat-weihnachtsbeleuchtung","8":"pa_brand-chins","9":"pa_manufacturer-chins","10":"pa_model-25199","11":"pa_weight-0-7275254646-pfund","13":"first","14":"instock","15":"shipping-taxable","16":"purchasable","17":"product-type-simple","18":"customify-col","19":"product-has-gallery"},"yoast_head":"<!-- This site is optimized with the Yoast SEO plugin v27.4 - https:\/\/yoast.com\/product\/yoast-seo-wordpress\/ -->\n<title>Solar Lichterkette Au\u00dfen Wetterfest, 30LED 8 Modi Solar Lichterkette Aussen Warmwei\u00df Wasserdicht, Solar Kristall Kugeln\u2026 - Markt-XXL<\/title>\n<meta name=\"description\" content=\"Markt-XXL Solar Lichterkette Au\u00dfen Wetterfest, 30LED 8 Modi Solar Lichterkette Aussen Warmwei\u00df Wasserdicht, Solar Kristall Kugeln\u2026\" \/>\n<meta name=\"robots\" content=\"index, follow, max-snippet:-1, max-image-preview:large, max-video-preview:-1\" \/>\n<link rel=\"canonical\" href=\"https:\/\/marktxxl.de\/markt\/produkt\/chins-led-lichterkette-led-lichterschlauch-aussen-solar-led-lichterkette-garten-globe-4-5m-30er-led-8-modi-ip65-lichter-fuer-innen-aussen-party-hochzeit-weihnachten-deko\/\" \/>\n<meta property=\"og:locale\" content=\"de_DE\" \/>\n<meta property=\"og:type\" content=\"article\" \/>\n<meta property=\"og:title\" content=\"Solar Lichterkette Au\u00dfen Wetterfest, 30LED 8 Modi Solar Lichterkette Aussen Warmwei\u00df Wasserdicht, Solar Kristall Kugeln\u2026 - Markt-XXL\" \/>\n<meta property=\"og:description\" content=\"Markt-XXL Solar Lichterkette Au\u00dfen Wetterfest, 30LED 8 Modi Solar Lichterkette Aussen Warmwei\u00df Wasserdicht, Solar Kristall Kugeln\u2026\" \/>\n<meta property=\"og:url\" content=\"https:\/\/marktxxl.de\/markt\/produkt\/chins-led-lichterkette-led-lichterschlauch-aussen-solar-led-lichterkette-garten-globe-4-5m-30er-led-8-modi-ip65-lichter-fuer-innen-aussen-party-hochzeit-weihnachten-deko\/\" \/>\n<meta property=\"og:site_name\" content=\"Markt-XXL\" \/>\n<meta property=\"article:modified_time\" content=\"2023-04-10T23:49:13+00:00\" \/>\n<meta property=\"og:image\" content=\"https:\/\/m.media-amazon.com\/images\/I\/51MofvPzqmS._SL500_.jpg\" \/>\n\t<meta property=\"og:image:width\" content=\"500\" \/>\n\t<meta property=\"og:image:height\" content=\"500\" \/>\n\t<meta property=\"og:image:type\" content=\"image\/jpeg\" \/>\n<meta name=\"twitter:card\" content=\"summary_large_image\" \/>\n<meta name=\"twitter:label1\" content=\"Gesch\u00e4tzte Lesezeit\" \/>\n\t<meta name=\"twitter:data1\" content=\"1\u00a0Minute\" \/>\n<script type=\"application\/ld+json\" class=\"yoast-schema-graph\">{\"@context\":\"https:\\\/\\\/schema.org\",\"@graph\":[{\"@type\":\"WebPage\",\"@id\":\"https:\\\/\\\/marktxxl.de\\\/markt\\\/produkt\\\/chins-led-lichterkette-led-lichterschlauch-aussen-solar-led-lichterkette-garten-globe-4-5m-30er-led-8-modi-ip65-lichter-fuer-innen-aussen-party-hochzeit-weihnachten-deko\\\/\",\"url\":\"https:\\\/\\\/marktxxl.de\\\/markt\\\/produkt\\\/chins-led-lichterkette-led-lichterschlauch-aussen-solar-led-lichterkette-garten-globe-4-5m-30er-led-8-modi-ip65-lichter-fuer-innen-aussen-party-hochzeit-weihnachten-deko\\\/\",\"name\":\"Solar Lichterkette Au\u00dfen Wetterfest, 30LED 8 Modi Solar Lichterkette Aussen Warmwei\u00df Wasserdicht, Solar Kristall Kugeln\u2026 - Markt-XXL\",\"isPartOf\":{\"@id\":\"https:\\\/\\\/marktxxl.de\\\/markt\\\/#website\"},\"primaryImageOfPage\":{\"@id\":\"https:\\\/\\\/marktxxl.de\\\/markt\\\/produkt\\\/chins-led-lichterkette-led-lichterschlauch-aussen-solar-led-lichterkette-garten-globe-4-5m-30er-led-8-modi-ip65-lichter-fuer-innen-aussen-party-hochzeit-weihnachten-deko\\\/#primaryimage\"},\"image\":{\"@id\":\"https:\\\/\\\/marktxxl.de\\\/markt\\\/produkt\\\/chins-led-lichterkette-led-lichterschlauch-aussen-solar-led-lichterkette-garten-globe-4-5m-30er-led-8-modi-ip65-lichter-fuer-innen-aussen-party-hochzeit-weihnachten-deko\\\/#primaryimage\"},\"thumbnailUrl\":\"https:\\\/\\\/m.media-amazon.com\\\/images\\\/I\\\/51MofvPzqmS._SL500_.jpg\",\"datePublished\":\"2021-09-13T18:35:34+00:00\",\"dateModified\":\"2023-04-10T23:49:13+00:00\",\"description\":\"Markt-XXL Solar Lichterkette Au\u00dfen Wetterfest, 30LED 8 Modi Solar Lichterkette Aussen Warmwei\u00df Wasserdicht, Solar Kristall Kugeln\u2026\",\"breadcrumb\":{\"@id\":\"https:\\\/\\\/marktxxl.de\\\/markt\\\/produkt\\\/chins-led-lichterkette-led-lichterschlauch-aussen-solar-led-lichterkette-garten-globe-4-5m-30er-led-8-modi-ip65-lichter-fuer-innen-aussen-party-hochzeit-weihnachten-deko\\\/#breadcrumb\"},\"inLanguage\":\"de\",\"potentialAction\":[{\"@type\":\"ReadAction\",\"target\":[\"https:\\\/\\\/marktxxl.de\\\/markt\\\/produkt\\\/chins-led-lichterkette-led-lichterschlauch-aussen-solar-led-lichterkette-garten-globe-4-5m-30er-led-8-modi-ip65-lichter-fuer-innen-aussen-party-hochzeit-weihnachten-deko\\\/\"]}]},{\"@type\":\"ImageObject\",\"inLanguage\":\"de\",\"@id\":\"https:\\\/\\\/marktxxl.de\\\/markt\\\/produkt\\\/chins-led-lichterkette-led-lichterschlauch-aussen-solar-led-lichterkette-garten-globe-4-5m-30er-led-8-modi-ip65-lichter-fuer-innen-aussen-party-hochzeit-weihnachten-deko\\\/#primaryimage\",\"url\":\"https:\\\/\\\/m.media-amazon.com\\\/images\\\/I\\\/51MofvPzqmS._SL500_.jpg\",\"contentUrl\":\"https:\\\/\\\/m.media-amazon.com\\\/images\\\/I\\\/51MofvPzqmS._SL500_.jpg\",\"width\":500,\"height\":500},{\"@type\":\"BreadcrumbList\",\"@id\":\"https:\\\/\\\/marktxxl.de\\\/markt\\\/produkt\\\/chins-led-lichterkette-led-lichterschlauch-aussen-solar-led-lichterkette-garten-globe-4-5m-30er-led-8-modi-ip65-lichter-fuer-innen-aussen-party-hochzeit-weihnachten-deko\\\/#breadcrumb\",\"itemListElement\":[{\"@type\":\"ListItem\",\"position\":1,\"name\":\"Startseite\",\"item\":\"https:\\\/\\\/marktxxl.de\\\/markt\\\/\"},{\"@type\":\"ListItem\",\"position\":2,\"name\":\"Markt\",\"item\":\"https:\\\/\\\/marktxxl.de\\\/markt\\\/\"},{\"@type\":\"ListItem\",\"position\":3,\"name\":\"Solar Lichterkette Au\u00dfen Wetterfest, 30LED 8 Modi Solar Lichterkette Aussen Warmwei\u00df Wasserdicht, Solar Kristall Kugeln\u2026\"}]},{\"@type\":\"WebSite\",\"@id\":\"https:\\\/\\\/marktxxl.de\\\/markt\\\/#website\",\"url\":\"https:\\\/\\\/marktxxl.de\\\/markt\\\/\",\"name\":\"Markt-XXL\",\"description\":\"Ihr Markt Online\",\"publisher\":{\"@id\":\"https:\\\/\\\/marktxxl.de\\\/markt\\\/#organization\"},\"potentialAction\":[{\"@type\":\"SearchAction\",\"target\":{\"@type\":\"EntryPoint\",\"urlTemplate\":\"https:\\\/\\\/marktxxl.de\\\/markt\\\/?s={search_term_string}\"},\"query-input\":{\"@type\":\"PropertyValueSpecification\",\"valueRequired\":true,\"valueName\":\"search_term_string\"}}],\"inLanguage\":\"de\"},{\"@type\":\"Organization\",\"@id\":\"https:\\\/\\\/marktxxl.de\\\/markt\\\/#organization\",\"name\":\"Markt-XXL\",\"url\":\"https:\\\/\\\/marktxxl.de\\\/markt\\\/\",\"logo\":{\"@type\":\"ImageObject\",\"inLanguage\":\"de\",\"@id\":\"https:\\\/\\\/marktxxl.de\\\/markt\\\/#\\\/schema\\\/logo\\\/image\\\/\",\"url\":\"https:\\\/\\\/marktxxl.de\\\/markt\\\/wp-content\\\/uploads\\\/sites\\\/3\\\/2020\\\/12\\\/logo.png\",\"contentUrl\":\"https:\\\/\\\/marktxxl.de\\\/markt\\\/wp-content\\\/uploads\\\/sites\\\/3\\\/2020\\\/12\\\/logo.png\",\"width\":200,\"height\":70,\"caption\":\"Markt-XXL\"},\"image\":{\"@id\":\"https:\\\/\\\/marktxxl.de\\\/markt\\\/#\\\/schema\\\/logo\\\/image\\\/\"}}]}<\/script>\n<!-- \/ Yoast SEO plugin. -->","yoast_head_json":{"title":"Solar Lichterkette Au\u00dfen Wetterfest, 30LED 8 Modi Solar Lichterkette Aussen Warmwei\u00df Wasserdicht, Solar Kristall Kugeln\u2026 - Markt-XXL","description":"Markt-XXL Solar Lichterkette Au\u00dfen Wetterfest, 30LED 8 Modi Solar Lichterkette Aussen Warmwei\u00df Wasserdicht, Solar Kristall Kugeln\u2026","robots":{"index":"index","follow":"follow","max-snippet":"max-snippet:-1","max-image-preview":"max-image-preview:large","max-video-preview":"max-video-preview:-1"},"canonical":"https:\/\/marktxxl.de\/markt\/produkt\/chins-led-lichterkette-led-lichterschlauch-aussen-solar-led-lichterkette-garten-globe-4-5m-30er-led-8-modi-ip65-lichter-fuer-innen-aussen-party-hochzeit-weihnachten-deko\/","og_locale":"de_DE","og_type":"article","og_title":"Solar Lichterkette Au\u00dfen Wetterfest, 30LED 8 Modi Solar Lichterkette Aussen Warmwei\u00df Wasserdicht, Solar Kristall Kugeln\u2026 - Markt-XXL","og_description":"Markt-XXL Solar Lichterkette Au\u00dfen Wetterfest, 30LED 8 Modi Solar Lichterkette Aussen Warmwei\u00df Wasserdicht, Solar Kristall Kugeln\u2026","og_url":"https:\/\/marktxxl.de\/markt\/produkt\/chins-led-lichterkette-led-lichterschlauch-aussen-solar-led-lichterkette-garten-globe-4-5m-30er-led-8-modi-ip65-lichter-fuer-innen-aussen-party-hochzeit-weihnachten-deko\/","og_site_name":"Markt-XXL","article_modified_time":"2023-04-10T23:49:13+00:00","og_image":[{"width":500,"height":500,"url":"https:\/\/m.media-amazon.com\/images\/I\/51MofvPzqmS._SL500_.jpg","type":"image\/jpeg"}],"twitter_card":"summary_large_image","twitter_misc":{"Gesch\u00e4tzte Lesezeit":"1\u00a0Minute"},"schema":{"@context":"https:\/\/schema.org","@graph":[{"@type":"WebPage","@id":"https:\/\/marktxxl.de\/markt\/produkt\/chins-led-lichterkette-led-lichterschlauch-aussen-solar-led-lichterkette-garten-globe-4-5m-30er-led-8-modi-ip65-lichter-fuer-innen-aussen-party-hochzeit-weihnachten-deko\/","url":"https:\/\/marktxxl.de\/markt\/produkt\/chins-led-lichterkette-led-lichterschlauch-aussen-solar-led-lichterkette-garten-globe-4-5m-30er-led-8-modi-ip65-lichter-fuer-innen-aussen-party-hochzeit-weihnachten-deko\/","name":"Solar Lichterkette Au\u00dfen Wetterfest, 30LED 8 Modi Solar Lichterkette Aussen Warmwei\u00df Wasserdicht, Solar Kristall Kugeln\u2026 - Markt-XXL","isPartOf":{"@id":"https:\/\/marktxxl.de\/markt\/#website"},"primaryImageOfPage":{"@id":"https:\/\/marktxxl.de\/markt\/produkt\/chins-led-lichterkette-led-lichterschlauch-aussen-solar-led-lichterkette-garten-globe-4-5m-30er-led-8-modi-ip65-lichter-fuer-innen-aussen-party-hochzeit-weihnachten-deko\/#primaryimage"},"image":{"@id":"https:\/\/marktxxl.de\/markt\/produkt\/chins-led-lichterkette-led-lichterschlauch-aussen-solar-led-lichterkette-garten-globe-4-5m-30er-led-8-modi-ip65-lichter-fuer-innen-aussen-party-hochzeit-weihnachten-deko\/#primaryimage"},"thumbnailUrl":"https:\/\/m.media-amazon.com\/images\/I\/51MofvPzqmS._SL500_.jpg","datePublished":"2021-09-13T18:35:34+00:00","dateModified":"2023-04-10T23:49:13+00:00","description":"Markt-XXL Solar Lichterkette Au\u00dfen Wetterfest, 30LED 8 Modi Solar Lichterkette Aussen Warmwei\u00df Wasserdicht, Solar Kristall Kugeln\u2026","breadcrumb":{"@id":"https:\/\/marktxxl.de\/markt\/produkt\/chins-led-lichterkette-led-lichterschlauch-aussen-solar-led-lichterkette-garten-globe-4-5m-30er-led-8-modi-ip65-lichter-fuer-innen-aussen-party-hochzeit-weihnachten-deko\/#breadcrumb"},"inLanguage":"de","potentialAction":[{"@type":"ReadAction","target":["https:\/\/marktxxl.de\/markt\/produkt\/chins-led-lichterkette-led-lichterschlauch-aussen-solar-led-lichterkette-garten-globe-4-5m-30er-led-8-modi-ip65-lichter-fuer-innen-aussen-party-hochzeit-weihnachten-deko\/"]}]},{"@type":"ImageObject","inLanguage":"de","@id":"https:\/\/marktxxl.de\/markt\/produkt\/chins-led-lichterkette-led-lichterschlauch-aussen-solar-led-lichterkette-garten-globe-4-5m-30er-led-8-modi-ip65-lichter-fuer-innen-aussen-party-hochzeit-weihnachten-deko\/#primaryimage","url":"https:\/\/m.media-amazon.com\/images\/I\/51MofvPzqmS._SL500_.jpg","contentUrl":"https:\/\/m.media-amazon.com\/images\/I\/51MofvPzqmS._SL500_.jpg","width":500,"height":500},{"@type":"BreadcrumbList","@id":"https:\/\/marktxxl.de\/markt\/produkt\/chins-led-lichterkette-led-lichterschlauch-aussen-solar-led-lichterkette-garten-globe-4-5m-30er-led-8-modi-ip65-lichter-fuer-innen-aussen-party-hochzeit-weihnachten-deko\/#breadcrumb","itemListElement":[{"@type":"ListItem","position":1,"name":"Startseite","item":"https:\/\/marktxxl.de\/markt\/"},{"@type":"ListItem","position":2,"name":"Markt","item":"https:\/\/marktxxl.de\/markt\/"},{"@type":"ListItem","position":3,"name":"Solar Lichterkette Au\u00dfen Wetterfest, 30LED 8 Modi Solar Lichterkette Aussen Warmwei\u00df Wasserdicht, Solar Kristall Kugeln\u2026"}]},{"@type":"WebSite","@id":"https:\/\/marktxxl.de\/markt\/#website","url":"https:\/\/marktxxl.de\/markt\/","name":"Markt-XXL","description":"Ihr Markt Online","publisher":{"@id":"https:\/\/marktxxl.de\/markt\/#organization"},"potentialAction":[{"@type":"SearchAction","target":{"@type":"EntryPoint","urlTemplate":"https:\/\/marktxxl.de\/markt\/?s={search_term_string}"},"query-input":{"@type":"PropertyValueSpecification","valueRequired":true,"valueName":"search_term_string"}}],"inLanguage":"de"},{"@type":"Organization","@id":"https:\/\/marktxxl.de\/markt\/#organization","name":"Markt-XXL","url":"https:\/\/marktxxl.de\/markt\/","logo":{"@type":"ImageObject","inLanguage":"de","@id":"https:\/\/marktxxl.de\/markt\/#\/schema\/logo\/image\/","url":"https:\/\/marktxxl.de\/markt\/wp-content\/uploads\/sites\/3\/2020\/12\/logo.png","contentUrl":"https:\/\/marktxxl.de\/markt\/wp-content\/uploads\/sites\/3\/2020\/12\/logo.png","width":200,"height":70,"caption":"Markt-XXL"},"image":{"@id":"https:\/\/marktxxl.de\/markt\/#\/schema\/logo\/image\/"}}]}},"_links":{"self":[{"href":"https:\/\/marktxxl.de\/markt\/wp-json\/wp\/v2\/product\/34968","targetHints":{"allow":["GET"]}}],"collection":[{"href":"https:\/\/marktxxl.de\/markt\/wp-json\/wp\/v2\/product"}],"about":[{"href":"https:\/\/marktxxl.de\/markt\/wp-json\/wp\/v2\/types\/product"}],"replies":[{"embeddable":true,"href":"https:\/\/marktxxl.de\/markt\/wp-json\/wp\/v2\/comments?post=34968"}],"wp:featuredmedia":[{"embeddable":true,"href":"https:\/\/marktxxl.de\/markt\/wp-json\/wp\/v2\/media\/34969"}],"wp:attachment":[{"href":"https:\/\/marktxxl.de\/markt\/wp-json\/wp\/v2\/media?parent=34968"}],"wp:term":[{"taxonomy":"product_brand","embeddable":true,"href":"https:\/\/marktxxl.de\/markt\/wp-json\/wp\/v2\/product_brand?post=34968"},{"taxonomy":"product_cat","embeddable":true,"href":"https:\/\/marktxxl.de\/markt\/wp-json\/wp\/v2\/product_cat?post=34968"},{"taxonomy":"product_tag","embeddable":true,"href":"https:\/\/marktxxl.de\/markt\/wp-json\/wp\/v2\/product_tag?post=34968"}],"curies":[{"name":"wp","href":"https:\/\/api.w.org\/{rel}","templated":true}]}}