{"id":34958,"date":"2021-09-13T20:35:32","date_gmt":"2021-09-13T18:35:32","guid":{"rendered":"https:\/\/marktxxl.de\/markt\/produkt\/ollny-lichterkette-20-m-200-leds-usb-betrieben-weihnachts-licht-mit-fernbedienung-fuer-aussen-innenbereich-schlafzimmer-garten-hochzeit-party-weihnachtsdekoration\/"},"modified":"2023-04-11T01:49:13","modified_gmt":"2023-04-10T23:49:13","slug":"ollny-lichterkette-20-m-200-leds-usb-betrieben-weihnachts-licht-mit-fernbedienung-fuer-aussen-innenbereich-schlafzimmer-garten-hochzeit-party-weihnachtsdekoration","status":"publish","type":"product","link":"https:\/\/marktxxl.de\/markt\/produkt\/ollny-lichterkette-20-m-200-leds-usb-betrieben-weihnachts-licht-mit-fernbedienung-fuer-aussen-innenbereich-schlafzimmer-garten-hochzeit-party-weihnachtsdekoration\/","title":{"rendered":"Ollny Halloween-Lichterkette, 20 m, 200 LEDs, Silberdraht, USB-betrieben, 16 Farbwechsel, wasserdicht\u2026"},"content":{"rendered":"<p>?\u301016 Farben und 6 verschiedene Farbmodi\u3011Die Ollny Lichterkette besteht aus hochwertigen, gro\u00dfen LED-Perlen mit Helligkeit, 16 stetigen Farben zur Auswahl, 6 unabh\u00e4ngige Multicolor-Modi und 8 einstellbare Geschwindigkeiten, jede ist eine \u00dcberraschung.<br \/>\n?\u3010Weit verbreitet &amp; IP44 wasserdichte Lichterkette\u3011Diese Ollny Lichterkette ist sicher f\u00fcr Kinder und Haustiere. Die hervorragende Flexibilit\u00e4t erm\u00f6glicht eine einfache Verwendung zu jedem Anlass und das ganze Jahr \u00fcber. IP44 wasserdicht ist gut f\u00fcr den Au\u00dfen- und Innenbereich, wie Schlafzimmer, Flaschen, Hochzeit, Party, Geburtstag, Garten, Baum oder andere festliche Anl\u00e4sse, sogar als Geschenk. Es ist sehr romantisch und angenehm f\u00fcr Sie.<br \/>\n?\u3010USB-betrieben und intelligente Steuerung\u3011Diese Ollny Lichterkette funktioniert mit 5 V Niederspannung mit USB-betrieben, was sehr energiesparend und praktisch f\u00fcr \u00fcberall zu verwenden ist, 16 stetige Farbmodi und 6 mehrfarbige Modi k\u00f6nnen frei eingestellt werden. Dar\u00fcber hinaus sorgen die einstellbare Geschwindigkeitsstufe und die 3-Timer-Funktion f\u00fcr mehr Atmosph\u00e4re in Ihrer Dekoration.<br \/>\nExquisite Verarbeitung: Das farbwechselnde Licht besteht aus 3 Dr\u00e4hten und hat eine gute Leitf\u00e4higkeit, st\u00e4rker und langlebiger als zwei Dr\u00e4hte. Die LED-Lichtquelle ist stark energiesparend, das Gummimaterial ist so langlebig und sicher. 3 m langes Netzkabel f\u00fcr mehr Platz.<br \/>\nLieferumfang: 1 x 200 LED-Lichterkette; 1 x Fernbedienung; 1 x USB-betrieben; 1 x Bedienungsanleitung (evtl. nicht in deutscher Sprache). Wenn Sie Fragen haben, wird Ihnen unser freundlicher Kundenservice innerhalb von 24 Stunden helfen.<br \/>\n<div class=\"main-cross-sell\" data-asin=\"B08G4XRDBR\">\n\n\t<div class=\"WooZone-cross-sell-loader\">\n\t\t<div>\n\t\t\t<div id=\"floatingBarsG\">\n\t\t\t\t<div class=\"blockG\" id=\"rotateG_01\"><\/div>\n\t\t\t\t<div class=\"blockG\" id=\"rotateG_02\"><\/div>\n\t\t\t\t<div class=\"blockG\" id=\"rotateG_03\"><\/div>\n\t\t\t\t<div class=\"blockG\" id=\"rotateG_04\"><\/div>\n\t\t\t\t<div class=\"blockG\" id=\"rotateG_05\"><\/div>\n\t\t\t\t<div class=\"blockG\" id=\"rotateG_06\"><\/div>\n\t\t\t\t<div class=\"blockG\" id=\"rotateG_07\"><\/div>\n\t\t\t\t<div class=\"blockG\" id=\"rotateG_08\"><\/div>\n\t\t\t<\/div>\n\t\t\t<div class=\"WooZone-cross-sell-loader-text\"><\/div>\n\t\t<\/div>\n\t<\/div>\n\n\t\t\n<\/div>\n<div style=\"clear:both;\"><\/div><\/p>\n","protected":false},"excerpt":{"rendered":"<p>?\u301016 Farben und 6 verschiedene Farbmodi\u3011Die Ollny Lichterkette besteht aus hochwertigen, gro\u00dfen LED-Perlen mit Helligkeit, 16 stetigen Farben zur Auswahl, 6 unabh\u00e4ngige Multicolor-Modi und 8 einstellbare Geschwindigkeiten, jede ist eine \u00dcberraschung.<br \/>\n?\u3010Weit verbreitet &amp; IP44 wasserdichte Lichterkette\u3011Diese Ollny Lichterkette ist sicher f\u00fcr Kinder und Haustiere. Die hervorragende Flexibilit\u00e4t erm\u00f6glicht eine einfache Verwendung zu jedem Anlass und das ganze Jahr \u00fcber. IP44 wasserdicht ist gut f\u00fcr den Au\u00dfen- und Innenbereich, wie Schlafzimmer, Flaschen, Hochzeit, Party, Geburtstag, Garten, Baum oder andere festliche Anl\u00e4sse, sogar als Geschenk. Es ist sehr romantisch und angenehm f\u00fcr Sie.<br \/>\n?\u3010USB-betrieben und intelligente Steuerung\u3011Diese Ollny Lichterkette funktioniert mit 5 V Niederspannung mit USB-betrieben, was sehr energiesparend und praktisch f\u00fcr \u00fcberall zu verwenden ist, 16 stetige Farbmodi und 6 mehrfarbige Modi k\u00f6nnen frei eingestellt werden. Dar\u00fcber hinaus sorgen die einstellbare Geschwindigkeitsstufe und die 3-Timer-Funktion f\u00fcr mehr Atmosph\u00e4re in Ihrer Dekoration.<\/p>\n","protected":false},"featured_media":34959,"comment_status":"open","ping_status":"closed","template":"","meta":[],"product_brand":[],"product_cat":[2108,15624],"product_tag":[],"class_list":{"0":"post-34958","1":"product","2":"type-product","3":"status-publish","4":"has-post-thumbnail","6":"product_cat-beleuchtung","7":"product_cat-weihnachtsbeleuchtung","8":"pa_brand-ollny","9":"pa_manufacturer-ollny","11":"first","12":"instock","13":"shipping-taxable","14":"purchasable","15":"product-type-simple","16":"customify-col","17":"product-has-gallery"},"yoast_head":"<!-- This site is optimized with the Yoast SEO plugin v27.4 - https:\/\/yoast.com\/product\/yoast-seo-wordpress\/ -->\n<title>Ollny Halloween-Lichterkette, 20 m, 200 LEDs, Silberdraht, USB-betrieben, 16 Farbwechsel, wasserdicht\u2026 - Markt-XXL<\/title>\n<meta name=\"description\" content=\"Markt-XXL Ollny Halloween-Lichterkette, 20 m, 200 LEDs, Silberdraht, USB-betrieben, 16 Farbwechsel, wasserdicht\u2026\" \/>\n<meta name=\"robots\" content=\"index, follow, max-snippet:-1, max-image-preview:large, max-video-preview:-1\" \/>\n<link rel=\"canonical\" href=\"https:\/\/marktxxl.de\/markt\/produkt\/ollny-lichterkette-20-m-200-leds-usb-betrieben-weihnachts-licht-mit-fernbedienung-fuer-aussen-innenbereich-schlafzimmer-garten-hochzeit-party-weihnachtsdekoration\/\" \/>\n<meta property=\"og:locale\" content=\"de_DE\" \/>\n<meta property=\"og:type\" content=\"article\" \/>\n<meta property=\"og:title\" content=\"Ollny Halloween-Lichterkette, 20 m, 200 LEDs, Silberdraht, USB-betrieben, 16 Farbwechsel, wasserdicht\u2026 - Markt-XXL\" \/>\n<meta property=\"og:description\" content=\"Markt-XXL Ollny Halloween-Lichterkette, 20 m, 200 LEDs, Silberdraht, USB-betrieben, 16 Farbwechsel, wasserdicht\u2026\" \/>\n<meta property=\"og:url\" content=\"https:\/\/marktxxl.de\/markt\/produkt\/ollny-lichterkette-20-m-200-leds-usb-betrieben-weihnachts-licht-mit-fernbedienung-fuer-aussen-innenbereich-schlafzimmer-garten-hochzeit-party-weihnachtsdekoration\/\" \/>\n<meta property=\"og:site_name\" content=\"Markt-XXL\" \/>\n<meta property=\"article:modified_time\" content=\"2023-04-10T23:49:13+00:00\" \/>\n<meta property=\"og:image\" content=\"https:\/\/m.media-amazon.com\/images\/I\/61AVtFZWFOL._SL500_.jpg\" \/>\n\t<meta property=\"og:image:width\" content=\"500\" \/>\n\t<meta property=\"og:image:height\" content=\"500\" \/>\n\t<meta property=\"og:image:type\" content=\"image\/jpeg\" \/>\n<meta name=\"twitter:card\" content=\"summary_large_image\" \/>\n<meta name=\"twitter:label1\" content=\"Gesch\u00e4tzte Lesezeit\" \/>\n\t<meta name=\"twitter:data1\" content=\"1\u00a0Minute\" \/>\n<script type=\"application\/ld+json\" class=\"yoast-schema-graph\">{\"@context\":\"https:\\\/\\\/schema.org\",\"@graph\":[{\"@type\":\"WebPage\",\"@id\":\"https:\\\/\\\/marktxxl.de\\\/markt\\\/produkt\\\/ollny-lichterkette-20-m-200-leds-usb-betrieben-weihnachts-licht-mit-fernbedienung-fuer-aussen-innenbereich-schlafzimmer-garten-hochzeit-party-weihnachtsdekoration\\\/\",\"url\":\"https:\\\/\\\/marktxxl.de\\\/markt\\\/produkt\\\/ollny-lichterkette-20-m-200-leds-usb-betrieben-weihnachts-licht-mit-fernbedienung-fuer-aussen-innenbereich-schlafzimmer-garten-hochzeit-party-weihnachtsdekoration\\\/\",\"name\":\"Ollny Halloween-Lichterkette, 20 m, 200 LEDs, Silberdraht, USB-betrieben, 16 Farbwechsel, wasserdicht\u2026 - Markt-XXL\",\"isPartOf\":{\"@id\":\"https:\\\/\\\/marktxxl.de\\\/markt\\\/#website\"},\"primaryImageOfPage\":{\"@id\":\"https:\\\/\\\/marktxxl.de\\\/markt\\\/produkt\\\/ollny-lichterkette-20-m-200-leds-usb-betrieben-weihnachts-licht-mit-fernbedienung-fuer-aussen-innenbereich-schlafzimmer-garten-hochzeit-party-weihnachtsdekoration\\\/#primaryimage\"},\"image\":{\"@id\":\"https:\\\/\\\/marktxxl.de\\\/markt\\\/produkt\\\/ollny-lichterkette-20-m-200-leds-usb-betrieben-weihnachts-licht-mit-fernbedienung-fuer-aussen-innenbereich-schlafzimmer-garten-hochzeit-party-weihnachtsdekoration\\\/#primaryimage\"},\"thumbnailUrl\":\"https:\\\/\\\/m.media-amazon.com\\\/images\\\/I\\\/61AVtFZWFOL._SL500_.jpg\",\"datePublished\":\"2021-09-13T18:35:32+00:00\",\"dateModified\":\"2023-04-10T23:49:13+00:00\",\"description\":\"Markt-XXL Ollny Halloween-Lichterkette, 20 m, 200 LEDs, Silberdraht, USB-betrieben, 16 Farbwechsel, wasserdicht\u2026\",\"breadcrumb\":{\"@id\":\"https:\\\/\\\/marktxxl.de\\\/markt\\\/produkt\\\/ollny-lichterkette-20-m-200-leds-usb-betrieben-weihnachts-licht-mit-fernbedienung-fuer-aussen-innenbereich-schlafzimmer-garten-hochzeit-party-weihnachtsdekoration\\\/#breadcrumb\"},\"inLanguage\":\"de\",\"potentialAction\":[{\"@type\":\"ReadAction\",\"target\":[\"https:\\\/\\\/marktxxl.de\\\/markt\\\/produkt\\\/ollny-lichterkette-20-m-200-leds-usb-betrieben-weihnachts-licht-mit-fernbedienung-fuer-aussen-innenbereich-schlafzimmer-garten-hochzeit-party-weihnachtsdekoration\\\/\"]}]},{\"@type\":\"ImageObject\",\"inLanguage\":\"de\",\"@id\":\"https:\\\/\\\/marktxxl.de\\\/markt\\\/produkt\\\/ollny-lichterkette-20-m-200-leds-usb-betrieben-weihnachts-licht-mit-fernbedienung-fuer-aussen-innenbereich-schlafzimmer-garten-hochzeit-party-weihnachtsdekoration\\\/#primaryimage\",\"url\":\"https:\\\/\\\/m.media-amazon.com\\\/images\\\/I\\\/61AVtFZWFOL._SL500_.jpg\",\"contentUrl\":\"https:\\\/\\\/m.media-amazon.com\\\/images\\\/I\\\/61AVtFZWFOL._SL500_.jpg\",\"width\":500,\"height\":500},{\"@type\":\"BreadcrumbList\",\"@id\":\"https:\\\/\\\/marktxxl.de\\\/markt\\\/produkt\\\/ollny-lichterkette-20-m-200-leds-usb-betrieben-weihnachts-licht-mit-fernbedienung-fuer-aussen-innenbereich-schlafzimmer-garten-hochzeit-party-weihnachtsdekoration\\\/#breadcrumb\",\"itemListElement\":[{\"@type\":\"ListItem\",\"position\":1,\"name\":\"Startseite\",\"item\":\"https:\\\/\\\/marktxxl.de\\\/markt\\\/\"},{\"@type\":\"ListItem\",\"position\":2,\"name\":\"Markt\",\"item\":\"https:\\\/\\\/marktxxl.de\\\/markt\\\/\"},{\"@type\":\"ListItem\",\"position\":3,\"name\":\"Ollny Halloween-Lichterkette, 20 m, 200 LEDs, Silberdraht, USB-betrieben, 16 Farbwechsel, wasserdicht\u2026\"}]},{\"@type\":\"WebSite\",\"@id\":\"https:\\\/\\\/marktxxl.de\\\/markt\\\/#website\",\"url\":\"https:\\\/\\\/marktxxl.de\\\/markt\\\/\",\"name\":\"Markt-XXL\",\"description\":\"Ihr Markt Online\",\"publisher\":{\"@id\":\"https:\\\/\\\/marktxxl.de\\\/markt\\\/#organization\"},\"potentialAction\":[{\"@type\":\"SearchAction\",\"target\":{\"@type\":\"EntryPoint\",\"urlTemplate\":\"https:\\\/\\\/marktxxl.de\\\/markt\\\/?s={search_term_string}\"},\"query-input\":{\"@type\":\"PropertyValueSpecification\",\"valueRequired\":true,\"valueName\":\"search_term_string\"}}],\"inLanguage\":\"de\"},{\"@type\":\"Organization\",\"@id\":\"https:\\\/\\\/marktxxl.de\\\/markt\\\/#organization\",\"name\":\"Markt-XXL\",\"url\":\"https:\\\/\\\/marktxxl.de\\\/markt\\\/\",\"logo\":{\"@type\":\"ImageObject\",\"inLanguage\":\"de\",\"@id\":\"https:\\\/\\\/marktxxl.de\\\/markt\\\/#\\\/schema\\\/logo\\\/image\\\/\",\"url\":\"https:\\\/\\\/marktxxl.de\\\/markt\\\/wp-content\\\/uploads\\\/sites\\\/3\\\/2020\\\/12\\\/logo.png\",\"contentUrl\":\"https:\\\/\\\/marktxxl.de\\\/markt\\\/wp-content\\\/uploads\\\/sites\\\/3\\\/2020\\\/12\\\/logo.png\",\"width\":200,\"height\":70,\"caption\":\"Markt-XXL\"},\"image\":{\"@id\":\"https:\\\/\\\/marktxxl.de\\\/markt\\\/#\\\/schema\\\/logo\\\/image\\\/\"}}]}<\/script>\n<!-- \/ Yoast SEO plugin. -->","yoast_head_json":{"title":"Ollny Halloween-Lichterkette, 20 m, 200 LEDs, Silberdraht, USB-betrieben, 16 Farbwechsel, wasserdicht\u2026 - Markt-XXL","description":"Markt-XXL Ollny Halloween-Lichterkette, 20 m, 200 LEDs, Silberdraht, USB-betrieben, 16 Farbwechsel, wasserdicht\u2026","robots":{"index":"index","follow":"follow","max-snippet":"max-snippet:-1","max-image-preview":"max-image-preview:large","max-video-preview":"max-video-preview:-1"},"canonical":"https:\/\/marktxxl.de\/markt\/produkt\/ollny-lichterkette-20-m-200-leds-usb-betrieben-weihnachts-licht-mit-fernbedienung-fuer-aussen-innenbereich-schlafzimmer-garten-hochzeit-party-weihnachtsdekoration\/","og_locale":"de_DE","og_type":"article","og_title":"Ollny Halloween-Lichterkette, 20 m, 200 LEDs, Silberdraht, USB-betrieben, 16 Farbwechsel, wasserdicht\u2026 - Markt-XXL","og_description":"Markt-XXL Ollny Halloween-Lichterkette, 20 m, 200 LEDs, Silberdraht, USB-betrieben, 16 Farbwechsel, wasserdicht\u2026","og_url":"https:\/\/marktxxl.de\/markt\/produkt\/ollny-lichterkette-20-m-200-leds-usb-betrieben-weihnachts-licht-mit-fernbedienung-fuer-aussen-innenbereich-schlafzimmer-garten-hochzeit-party-weihnachtsdekoration\/","og_site_name":"Markt-XXL","article_modified_time":"2023-04-10T23:49:13+00:00","og_image":[{"width":500,"height":500,"url":"https:\/\/m.media-amazon.com\/images\/I\/61AVtFZWFOL._SL500_.jpg","type":"image\/jpeg"}],"twitter_card":"summary_large_image","twitter_misc":{"Gesch\u00e4tzte Lesezeit":"1\u00a0Minute"},"schema":{"@context":"https:\/\/schema.org","@graph":[{"@type":"WebPage","@id":"https:\/\/marktxxl.de\/markt\/produkt\/ollny-lichterkette-20-m-200-leds-usb-betrieben-weihnachts-licht-mit-fernbedienung-fuer-aussen-innenbereich-schlafzimmer-garten-hochzeit-party-weihnachtsdekoration\/","url":"https:\/\/marktxxl.de\/markt\/produkt\/ollny-lichterkette-20-m-200-leds-usb-betrieben-weihnachts-licht-mit-fernbedienung-fuer-aussen-innenbereich-schlafzimmer-garten-hochzeit-party-weihnachtsdekoration\/","name":"Ollny Halloween-Lichterkette, 20 m, 200 LEDs, Silberdraht, USB-betrieben, 16 Farbwechsel, wasserdicht\u2026 - Markt-XXL","isPartOf":{"@id":"https:\/\/marktxxl.de\/markt\/#website"},"primaryImageOfPage":{"@id":"https:\/\/marktxxl.de\/markt\/produkt\/ollny-lichterkette-20-m-200-leds-usb-betrieben-weihnachts-licht-mit-fernbedienung-fuer-aussen-innenbereich-schlafzimmer-garten-hochzeit-party-weihnachtsdekoration\/#primaryimage"},"image":{"@id":"https:\/\/marktxxl.de\/markt\/produkt\/ollny-lichterkette-20-m-200-leds-usb-betrieben-weihnachts-licht-mit-fernbedienung-fuer-aussen-innenbereich-schlafzimmer-garten-hochzeit-party-weihnachtsdekoration\/#primaryimage"},"thumbnailUrl":"https:\/\/m.media-amazon.com\/images\/I\/61AVtFZWFOL._SL500_.jpg","datePublished":"2021-09-13T18:35:32+00:00","dateModified":"2023-04-10T23:49:13+00:00","description":"Markt-XXL Ollny Halloween-Lichterkette, 20 m, 200 LEDs, Silberdraht, USB-betrieben, 16 Farbwechsel, wasserdicht\u2026","breadcrumb":{"@id":"https:\/\/marktxxl.de\/markt\/produkt\/ollny-lichterkette-20-m-200-leds-usb-betrieben-weihnachts-licht-mit-fernbedienung-fuer-aussen-innenbereich-schlafzimmer-garten-hochzeit-party-weihnachtsdekoration\/#breadcrumb"},"inLanguage":"de","potentialAction":[{"@type":"ReadAction","target":["https:\/\/marktxxl.de\/markt\/produkt\/ollny-lichterkette-20-m-200-leds-usb-betrieben-weihnachts-licht-mit-fernbedienung-fuer-aussen-innenbereich-schlafzimmer-garten-hochzeit-party-weihnachtsdekoration\/"]}]},{"@type":"ImageObject","inLanguage":"de","@id":"https:\/\/marktxxl.de\/markt\/produkt\/ollny-lichterkette-20-m-200-leds-usb-betrieben-weihnachts-licht-mit-fernbedienung-fuer-aussen-innenbereich-schlafzimmer-garten-hochzeit-party-weihnachtsdekoration\/#primaryimage","url":"https:\/\/m.media-amazon.com\/images\/I\/61AVtFZWFOL._SL500_.jpg","contentUrl":"https:\/\/m.media-amazon.com\/images\/I\/61AVtFZWFOL._SL500_.jpg","width":500,"height":500},{"@type":"BreadcrumbList","@id":"https:\/\/marktxxl.de\/markt\/produkt\/ollny-lichterkette-20-m-200-leds-usb-betrieben-weihnachts-licht-mit-fernbedienung-fuer-aussen-innenbereich-schlafzimmer-garten-hochzeit-party-weihnachtsdekoration\/#breadcrumb","itemListElement":[{"@type":"ListItem","position":1,"name":"Startseite","item":"https:\/\/marktxxl.de\/markt\/"},{"@type":"ListItem","position":2,"name":"Markt","item":"https:\/\/marktxxl.de\/markt\/"},{"@type":"ListItem","position":3,"name":"Ollny Halloween-Lichterkette, 20 m, 200 LEDs, Silberdraht, USB-betrieben, 16 Farbwechsel, wasserdicht\u2026"}]},{"@type":"WebSite","@id":"https:\/\/marktxxl.de\/markt\/#website","url":"https:\/\/marktxxl.de\/markt\/","name":"Markt-XXL","description":"Ihr Markt Online","publisher":{"@id":"https:\/\/marktxxl.de\/markt\/#organization"},"potentialAction":[{"@type":"SearchAction","target":{"@type":"EntryPoint","urlTemplate":"https:\/\/marktxxl.de\/markt\/?s={search_term_string}"},"query-input":{"@type":"PropertyValueSpecification","valueRequired":true,"valueName":"search_term_string"}}],"inLanguage":"de"},{"@type":"Organization","@id":"https:\/\/marktxxl.de\/markt\/#organization","name":"Markt-XXL","url":"https:\/\/marktxxl.de\/markt\/","logo":{"@type":"ImageObject","inLanguage":"de","@id":"https:\/\/marktxxl.de\/markt\/#\/schema\/logo\/image\/","url":"https:\/\/marktxxl.de\/markt\/wp-content\/uploads\/sites\/3\/2020\/12\/logo.png","contentUrl":"https:\/\/marktxxl.de\/markt\/wp-content\/uploads\/sites\/3\/2020\/12\/logo.png","width":200,"height":70,"caption":"Markt-XXL"},"image":{"@id":"https:\/\/marktxxl.de\/markt\/#\/schema\/logo\/image\/"}}]}},"_links":{"self":[{"href":"https:\/\/marktxxl.de\/markt\/wp-json\/wp\/v2\/product\/34958","targetHints":{"allow":["GET"]}}],"collection":[{"href":"https:\/\/marktxxl.de\/markt\/wp-json\/wp\/v2\/product"}],"about":[{"href":"https:\/\/marktxxl.de\/markt\/wp-json\/wp\/v2\/types\/product"}],"replies":[{"embeddable":true,"href":"https:\/\/marktxxl.de\/markt\/wp-json\/wp\/v2\/comments?post=34958"}],"wp:featuredmedia":[{"embeddable":true,"href":"https:\/\/marktxxl.de\/markt\/wp-json\/wp\/v2\/media\/34959"}],"wp:attachment":[{"href":"https:\/\/marktxxl.de\/markt\/wp-json\/wp\/v2\/media?parent=34958"}],"wp:term":[{"taxonomy":"product_brand","embeddable":true,"href":"https:\/\/marktxxl.de\/markt\/wp-json\/wp\/v2\/product_brand?post=34958"},{"taxonomy":"product_cat","embeddable":true,"href":"https:\/\/marktxxl.de\/markt\/wp-json\/wp\/v2\/product_cat?post=34958"},{"taxonomy":"product_tag","embeddable":true,"href":"https:\/\/marktxxl.de\/markt\/wp-json\/wp\/v2\/product_tag?post=34958"}],"curies":[{"name":"wp","href":"https:\/\/api.w.org\/{rel}","templated":true}]}}