{"id":34933,"date":"2021-09-13T20:35:27","date_gmt":"2021-09-13T18:35:27","guid":{"rendered":"https:\/\/marktxxl.de\/markt\/produkt\/216-led-lichterkette-5-5m-eiszapfen-lichter-mit-eu-stecker-8-leuchtmodi-dimmbar-eisregen-lichtervorhang-mit-remote-timer-aussen-innen-deko-fuer-weihnachten-garten-party-hochzeit-winter-warmweiss\/"},"modified":"2023-04-11T01:49:02","modified_gmt":"2023-04-10T23:49:02","slug":"216-led-lichterkette-5-5m-eiszapfen-lichter-mit-eu-stecker-8-leuchtmodi-dimmbar-eisregen-lichtervorhang-mit-remote-timer-aussen-innen-deko-fuer-weihnachten-garten-party-hochzeit-winter-warmweiss","status":"publish","type":"product","link":"https:\/\/marktxxl.de\/markt\/produkt\/216-led-lichterkette-5-5m-eiszapfen-lichter-mit-eu-stecker-8-leuchtmodi-dimmbar-eisregen-lichtervorhang-mit-remote-timer-aussen-innen-deko-fuer-weihnachten-garten-party-hochzeit-winter-warmweiss\/","title":{"rendered":"216 LED Lichterkette, 5.5M Eiszapfen Lichter mit EU stecker, 8 Leuchtmodi Dimmbar, Eisregen Lichtervorhang mit Remote\u2026"},"content":{"rendered":"<p>\u3010Hohe Qualit\u00e4t\u3011 Es gibt 216 hochwertige LED leuchten am lichtset. Das set misst 5m lichtl\u00e4nge und kann in reihe angeschlossen werden. Diese fantastischen lichter sehen atemberaubend aus, ohne raue blendung oder schatten, und schaffen eine romantische atmosph\u00e4re.<br \/>\n\u30108 Modi &amp;4 Helligkeit\u3011 Die LED-Eiszapfenlichter verf\u00fcgen \u00fcber 8 Lichtmodi: Kombination, in Wellen, sequentiell, Zeitlupe, Verfolgungsblitz, langsames Ausbleichen, Funkeln, Dauerlicht. Haben Sie auch und 4 Helligkeitsstufen. Sie k\u00f6nnen Ihre bevorzugten Beleuchtungsmodi und Helligkeit nach Bedarf mithilfe der Fernbedienung oder der Tastensteuerung ausw\u00e4hlen.<br \/>\n\u3010Timer &amp; Memory Funktion\u3011 Wenn sie die taste &#8220;TIMER&#8221; dr\u00fccken, w\u00fcrden die hauptlichtvorh\u00e4nge 6 stunden lang leuchten und dann 18 stunden anhalten, dann wieder leuchten, weiter radeln. Der controller verf\u00fcgt \u00fcber eine speicherfunktion, die beim neustart aus dem vorherigen einstellungs modus wiederhergestellt werden kann.<br \/>\n\u3010Einfach Zu Installieren &amp; Zu Verwenden\u3011 LED Eiszapfen Vorhang Licht ist 5,5 m mit 36 Lichterketten. Die L\u00e4nge des Steckers zum ersten Licht betr\u00e4gt 3 m, lang genug, also bequem. Sie k\u00f6nnen den Modus mit nur einer Taste wechseln.<br \/>\n\u3010Perfekte Dekor Lichter\u3011 216 LEDs fensterleuchten mit fernbedienung ist perfekte dekoration f\u00fcr weihnachten, valentinstag, hochzeit, party, halloween, neujahr, urlaub. lichterketten k\u00f6nnen an w\u00e4nden, fenstern, weihnachtsb\u00e4umen, t\u00fcren, b\u00f6den, decken usw. aufgeh\u00e4ngt werden. Bitte kontaktieren sie uns, wenn sie irgendwelche probleme mit unserem produkt haben.<br \/>\n<div class=\"main-cross-sell\" data-asin=\"B08D9FLPRL\">\n\n\t<div class=\"WooZone-cross-sell-loader\">\n\t\t<div>\n\t\t\t<div id=\"floatingBarsG\">\n\t\t\t\t<div class=\"blockG\" id=\"rotateG_01\"><\/div>\n\t\t\t\t<div class=\"blockG\" id=\"rotateG_02\"><\/div>\n\t\t\t\t<div class=\"blockG\" id=\"rotateG_03\"><\/div>\n\t\t\t\t<div class=\"blockG\" id=\"rotateG_04\"><\/div>\n\t\t\t\t<div class=\"blockG\" id=\"rotateG_05\"><\/div>\n\t\t\t\t<div class=\"blockG\" id=\"rotateG_06\"><\/div>\n\t\t\t\t<div class=\"blockG\" id=\"rotateG_07\"><\/div>\n\t\t\t\t<div class=\"blockG\" id=\"rotateG_08\"><\/div>\n\t\t\t<\/div>\n\t\t\t<div class=\"WooZone-cross-sell-loader-text\"><\/div>\n\t\t<\/div>\n\t<\/div>\n\n\t\t\n<\/div>\n<div style=\"clear:both;\"><\/div><\/p>\n","protected":false},"excerpt":{"rendered":"<p>\u3010Hohe Qualit\u00e4t\u3011 Es gibt 216 hochwertige LED leuchten am lichtset. Das set misst 5m lichtl\u00e4nge und kann in reihe angeschlossen werden. Diese fantastischen lichter sehen atemberaubend aus, ohne raue blendung oder schatten, und schaffen eine romantische atmosph\u00e4re.<br \/>\n\u30108 Modi &amp;4 Helligkeit\u3011 Die LED-Eiszapfenlichter verf\u00fcgen \u00fcber 8 Lichtmodi: Kombination, in Wellen, sequentiell, Zeitlupe, Verfolgungsblitz, langsames Ausbleichen, Funkeln, Dauerlicht. Haben Sie auch und 4 Helligkeitsstufen. Sie k\u00f6nnen Ihre bevorzugten Beleuchtungsmodi und Helligkeit nach Bedarf mithilfe der Fernbedienung oder der Tastensteuerung ausw\u00e4hlen.<br \/>\n\u3010Timer &amp; Memory Funktion\u3011 Wenn sie die taste &#8220;TIMER&#8221; dr\u00fccken, w\u00fcrden die hauptlichtvorh\u00e4nge 6 stunden lang leuchten und dann 18 stunden anhalten, dann wieder leuchten, weiter radeln. Der controller verf\u00fcgt \u00fcber eine speicherfunktion, die beim neustart aus dem vorherigen einstellungs modus wiederhergestellt werden kann.<\/p>\n","protected":false},"featured_media":34934,"comment_status":"open","ping_status":"closed","template":"","meta":[],"product_brand":[],"product_cat":[2108,15624],"product_tag":[],"class_list":{"0":"post-34933","1":"product","2":"type-product","3":"status-publish","4":"has-post-thumbnail","6":"product_cat-beleuchtung","7":"product_cat-weihnachtsbeleuchtung","8":"pa_brand-diwuji","9":"pa_manufacturer-xq7","10":"pa_model-gp-sw310dc0193-ip44eu-1ct","12":"first","13":"instock","14":"shipping-taxable","15":"purchasable","16":"product-type-simple","17":"customify-col","18":"product-has-gallery"},"yoast_head":"<!-- This site is optimized with the Yoast SEO plugin v27.3 - https:\/\/yoast.com\/product\/yoast-seo-wordpress\/ -->\n<title>216 LED Lichterkette, 5.5M Eiszapfen Lichter mit EU stecker, 8 Leuchtmodi Dimmbar, Eisregen Lichtervorhang mit Remote\u2026 - Markt-XXL<\/title>\n<meta name=\"description\" content=\"Markt-XXL 216 LED Lichterkette, 5.5M Eiszapfen Lichter mit EU stecker, 8 Leuchtmodi Dimmbar, Eisregen Lichtervorhang mit Remote\u2026\" \/>\n<meta name=\"robots\" content=\"index, follow, max-snippet:-1, max-image-preview:large, max-video-preview:-1\" \/>\n<link rel=\"canonical\" href=\"https:\/\/marktxxl.de\/markt\/produkt\/216-led-lichterkette-5-5m-eiszapfen-lichter-mit-eu-stecker-8-leuchtmodi-dimmbar-eisregen-lichtervorhang-mit-remote-timer-aussen-innen-deko-fuer-weihnachten-garten-party-hochzeit-winter-warmweiss\/\" \/>\n<meta property=\"og:locale\" content=\"de_DE\" \/>\n<meta property=\"og:type\" content=\"article\" \/>\n<meta property=\"og:title\" content=\"216 LED Lichterkette, 5.5M Eiszapfen Lichter mit EU stecker, 8 Leuchtmodi Dimmbar, Eisregen Lichtervorhang mit Remote\u2026 - Markt-XXL\" \/>\n<meta property=\"og:description\" content=\"Markt-XXL 216 LED Lichterkette, 5.5M Eiszapfen Lichter mit EU stecker, 8 Leuchtmodi Dimmbar, Eisregen Lichtervorhang mit Remote\u2026\" \/>\n<meta property=\"og:url\" content=\"https:\/\/marktxxl.de\/markt\/produkt\/216-led-lichterkette-5-5m-eiszapfen-lichter-mit-eu-stecker-8-leuchtmodi-dimmbar-eisregen-lichtervorhang-mit-remote-timer-aussen-innen-deko-fuer-weihnachten-garten-party-hochzeit-winter-warmweiss\/\" \/>\n<meta property=\"og:site_name\" content=\"Markt-XXL\" \/>\n<meta property=\"article:modified_time\" content=\"2023-04-10T23:49:02+00:00\" \/>\n<meta property=\"og:image\" content=\"https:\/\/m.media-amazon.com\/images\/I\/61c1oKAn--L._SL500_.jpg\" \/>\n\t<meta property=\"og:image:width\" content=\"500\" \/>\n\t<meta property=\"og:image:height\" content=\"500\" \/>\n\t<meta property=\"og:image:type\" content=\"image\/jpeg\" \/>\n<meta name=\"twitter:card\" content=\"summary_large_image\" \/>\n<meta name=\"twitter:label1\" content=\"Gesch\u00e4tzte Lesezeit\" \/>\n\t<meta name=\"twitter:data1\" content=\"1\u00a0Minute\" \/>\n<script type=\"application\/ld+json\" class=\"yoast-schema-graph\">{\"@context\":\"https:\\\/\\\/schema.org\",\"@graph\":[{\"@type\":\"WebPage\",\"@id\":\"https:\\\/\\\/marktxxl.de\\\/markt\\\/produkt\\\/216-led-lichterkette-5-5m-eiszapfen-lichter-mit-eu-stecker-8-leuchtmodi-dimmbar-eisregen-lichtervorhang-mit-remote-timer-aussen-innen-deko-fuer-weihnachten-garten-party-hochzeit-winter-warmweiss\\\/\",\"url\":\"https:\\\/\\\/marktxxl.de\\\/markt\\\/produkt\\\/216-led-lichterkette-5-5m-eiszapfen-lichter-mit-eu-stecker-8-leuchtmodi-dimmbar-eisregen-lichtervorhang-mit-remote-timer-aussen-innen-deko-fuer-weihnachten-garten-party-hochzeit-winter-warmweiss\\\/\",\"name\":\"216 LED Lichterkette, 5.5M Eiszapfen Lichter mit EU stecker, 8 Leuchtmodi Dimmbar, Eisregen Lichtervorhang mit Remote\u2026 - Markt-XXL\",\"isPartOf\":{\"@id\":\"https:\\\/\\\/marktxxl.de\\\/markt\\\/#website\"},\"primaryImageOfPage\":{\"@id\":\"https:\\\/\\\/marktxxl.de\\\/markt\\\/produkt\\\/216-led-lichterkette-5-5m-eiszapfen-lichter-mit-eu-stecker-8-leuchtmodi-dimmbar-eisregen-lichtervorhang-mit-remote-timer-aussen-innen-deko-fuer-weihnachten-garten-party-hochzeit-winter-warmweiss\\\/#primaryimage\"},\"image\":{\"@id\":\"https:\\\/\\\/marktxxl.de\\\/markt\\\/produkt\\\/216-led-lichterkette-5-5m-eiszapfen-lichter-mit-eu-stecker-8-leuchtmodi-dimmbar-eisregen-lichtervorhang-mit-remote-timer-aussen-innen-deko-fuer-weihnachten-garten-party-hochzeit-winter-warmweiss\\\/#primaryimage\"},\"thumbnailUrl\":\"https:\\\/\\\/m.media-amazon.com\\\/images\\\/I\\\/61c1oKAn--L._SL500_.jpg\",\"datePublished\":\"2021-09-13T18:35:27+00:00\",\"dateModified\":\"2023-04-10T23:49:02+00:00\",\"description\":\"Markt-XXL 216 LED Lichterkette, 5.5M Eiszapfen Lichter mit EU stecker, 8 Leuchtmodi Dimmbar, Eisregen Lichtervorhang mit Remote\u2026\",\"breadcrumb\":{\"@id\":\"https:\\\/\\\/marktxxl.de\\\/markt\\\/produkt\\\/216-led-lichterkette-5-5m-eiszapfen-lichter-mit-eu-stecker-8-leuchtmodi-dimmbar-eisregen-lichtervorhang-mit-remote-timer-aussen-innen-deko-fuer-weihnachten-garten-party-hochzeit-winter-warmweiss\\\/#breadcrumb\"},\"inLanguage\":\"de\",\"potentialAction\":[{\"@type\":\"ReadAction\",\"target\":[\"https:\\\/\\\/marktxxl.de\\\/markt\\\/produkt\\\/216-led-lichterkette-5-5m-eiszapfen-lichter-mit-eu-stecker-8-leuchtmodi-dimmbar-eisregen-lichtervorhang-mit-remote-timer-aussen-innen-deko-fuer-weihnachten-garten-party-hochzeit-winter-warmweiss\\\/\"]}]},{\"@type\":\"ImageObject\",\"inLanguage\":\"de\",\"@id\":\"https:\\\/\\\/marktxxl.de\\\/markt\\\/produkt\\\/216-led-lichterkette-5-5m-eiszapfen-lichter-mit-eu-stecker-8-leuchtmodi-dimmbar-eisregen-lichtervorhang-mit-remote-timer-aussen-innen-deko-fuer-weihnachten-garten-party-hochzeit-winter-warmweiss\\\/#primaryimage\",\"url\":\"https:\\\/\\\/m.media-amazon.com\\\/images\\\/I\\\/61c1oKAn--L._SL500_.jpg\",\"contentUrl\":\"https:\\\/\\\/m.media-amazon.com\\\/images\\\/I\\\/61c1oKAn--L._SL500_.jpg\",\"width\":500,\"height\":500},{\"@type\":\"BreadcrumbList\",\"@id\":\"https:\\\/\\\/marktxxl.de\\\/markt\\\/produkt\\\/216-led-lichterkette-5-5m-eiszapfen-lichter-mit-eu-stecker-8-leuchtmodi-dimmbar-eisregen-lichtervorhang-mit-remote-timer-aussen-innen-deko-fuer-weihnachten-garten-party-hochzeit-winter-warmweiss\\\/#breadcrumb\",\"itemListElement\":[{\"@type\":\"ListItem\",\"position\":1,\"name\":\"Startseite\",\"item\":\"https:\\\/\\\/marktxxl.de\\\/markt\\\/\"},{\"@type\":\"ListItem\",\"position\":2,\"name\":\"Markt\",\"item\":\"https:\\\/\\\/marktxxl.de\\\/markt\\\/\"},{\"@type\":\"ListItem\",\"position\":3,\"name\":\"216 LED Lichterkette, 5.5M Eiszapfen Lichter mit EU stecker, 8 Leuchtmodi Dimmbar, Eisregen Lichtervorhang mit Remote\u2026\"}]},{\"@type\":\"WebSite\",\"@id\":\"https:\\\/\\\/marktxxl.de\\\/markt\\\/#website\",\"url\":\"https:\\\/\\\/marktxxl.de\\\/markt\\\/\",\"name\":\"Markt-XXL\",\"description\":\"Ihr Markt Online\",\"publisher\":{\"@id\":\"https:\\\/\\\/marktxxl.de\\\/markt\\\/#organization\"},\"potentialAction\":[{\"@type\":\"SearchAction\",\"target\":{\"@type\":\"EntryPoint\",\"urlTemplate\":\"https:\\\/\\\/marktxxl.de\\\/markt\\\/?s={search_term_string}\"},\"query-input\":{\"@type\":\"PropertyValueSpecification\",\"valueRequired\":true,\"valueName\":\"search_term_string\"}}],\"inLanguage\":\"de\"},{\"@type\":\"Organization\",\"@id\":\"https:\\\/\\\/marktxxl.de\\\/markt\\\/#organization\",\"name\":\"Markt-XXL\",\"url\":\"https:\\\/\\\/marktxxl.de\\\/markt\\\/\",\"logo\":{\"@type\":\"ImageObject\",\"inLanguage\":\"de\",\"@id\":\"https:\\\/\\\/marktxxl.de\\\/markt\\\/#\\\/schema\\\/logo\\\/image\\\/\",\"url\":\"https:\\\/\\\/marktxxl.de\\\/markt\\\/wp-content\\\/uploads\\\/sites\\\/3\\\/2020\\\/12\\\/logo.png\",\"contentUrl\":\"https:\\\/\\\/marktxxl.de\\\/markt\\\/wp-content\\\/uploads\\\/sites\\\/3\\\/2020\\\/12\\\/logo.png\",\"width\":200,\"height\":70,\"caption\":\"Markt-XXL\"},\"image\":{\"@id\":\"https:\\\/\\\/marktxxl.de\\\/markt\\\/#\\\/schema\\\/logo\\\/image\\\/\"}}]}<\/script>\n<!-- \/ Yoast SEO plugin. -->","yoast_head_json":{"title":"216 LED Lichterkette, 5.5M Eiszapfen Lichter mit EU stecker, 8 Leuchtmodi Dimmbar, Eisregen Lichtervorhang mit Remote\u2026 - Markt-XXL","description":"Markt-XXL 216 LED Lichterkette, 5.5M Eiszapfen Lichter mit EU stecker, 8 Leuchtmodi Dimmbar, Eisregen Lichtervorhang mit Remote\u2026","robots":{"index":"index","follow":"follow","max-snippet":"max-snippet:-1","max-image-preview":"max-image-preview:large","max-video-preview":"max-video-preview:-1"},"canonical":"https:\/\/marktxxl.de\/markt\/produkt\/216-led-lichterkette-5-5m-eiszapfen-lichter-mit-eu-stecker-8-leuchtmodi-dimmbar-eisregen-lichtervorhang-mit-remote-timer-aussen-innen-deko-fuer-weihnachten-garten-party-hochzeit-winter-warmweiss\/","og_locale":"de_DE","og_type":"article","og_title":"216 LED Lichterkette, 5.5M Eiszapfen Lichter mit EU stecker, 8 Leuchtmodi Dimmbar, Eisregen Lichtervorhang mit Remote\u2026 - Markt-XXL","og_description":"Markt-XXL 216 LED Lichterkette, 5.5M Eiszapfen Lichter mit EU stecker, 8 Leuchtmodi Dimmbar, Eisregen Lichtervorhang mit Remote\u2026","og_url":"https:\/\/marktxxl.de\/markt\/produkt\/216-led-lichterkette-5-5m-eiszapfen-lichter-mit-eu-stecker-8-leuchtmodi-dimmbar-eisregen-lichtervorhang-mit-remote-timer-aussen-innen-deko-fuer-weihnachten-garten-party-hochzeit-winter-warmweiss\/","og_site_name":"Markt-XXL","article_modified_time":"2023-04-10T23:49:02+00:00","og_image":[{"width":500,"height":500,"url":"https:\/\/m.media-amazon.com\/images\/I\/61c1oKAn--L._SL500_.jpg","type":"image\/jpeg"}],"twitter_card":"summary_large_image","twitter_misc":{"Gesch\u00e4tzte Lesezeit":"1\u00a0Minute"},"schema":{"@context":"https:\/\/schema.org","@graph":[{"@type":"WebPage","@id":"https:\/\/marktxxl.de\/markt\/produkt\/216-led-lichterkette-5-5m-eiszapfen-lichter-mit-eu-stecker-8-leuchtmodi-dimmbar-eisregen-lichtervorhang-mit-remote-timer-aussen-innen-deko-fuer-weihnachten-garten-party-hochzeit-winter-warmweiss\/","url":"https:\/\/marktxxl.de\/markt\/produkt\/216-led-lichterkette-5-5m-eiszapfen-lichter-mit-eu-stecker-8-leuchtmodi-dimmbar-eisregen-lichtervorhang-mit-remote-timer-aussen-innen-deko-fuer-weihnachten-garten-party-hochzeit-winter-warmweiss\/","name":"216 LED Lichterkette, 5.5M Eiszapfen Lichter mit EU stecker, 8 Leuchtmodi Dimmbar, Eisregen Lichtervorhang mit Remote\u2026 - Markt-XXL","isPartOf":{"@id":"https:\/\/marktxxl.de\/markt\/#website"},"primaryImageOfPage":{"@id":"https:\/\/marktxxl.de\/markt\/produkt\/216-led-lichterkette-5-5m-eiszapfen-lichter-mit-eu-stecker-8-leuchtmodi-dimmbar-eisregen-lichtervorhang-mit-remote-timer-aussen-innen-deko-fuer-weihnachten-garten-party-hochzeit-winter-warmweiss\/#primaryimage"},"image":{"@id":"https:\/\/marktxxl.de\/markt\/produkt\/216-led-lichterkette-5-5m-eiszapfen-lichter-mit-eu-stecker-8-leuchtmodi-dimmbar-eisregen-lichtervorhang-mit-remote-timer-aussen-innen-deko-fuer-weihnachten-garten-party-hochzeit-winter-warmweiss\/#primaryimage"},"thumbnailUrl":"https:\/\/m.media-amazon.com\/images\/I\/61c1oKAn--L._SL500_.jpg","datePublished":"2021-09-13T18:35:27+00:00","dateModified":"2023-04-10T23:49:02+00:00","description":"Markt-XXL 216 LED Lichterkette, 5.5M Eiszapfen Lichter mit EU stecker, 8 Leuchtmodi Dimmbar, Eisregen Lichtervorhang mit Remote\u2026","breadcrumb":{"@id":"https:\/\/marktxxl.de\/markt\/produkt\/216-led-lichterkette-5-5m-eiszapfen-lichter-mit-eu-stecker-8-leuchtmodi-dimmbar-eisregen-lichtervorhang-mit-remote-timer-aussen-innen-deko-fuer-weihnachten-garten-party-hochzeit-winter-warmweiss\/#breadcrumb"},"inLanguage":"de","potentialAction":[{"@type":"ReadAction","target":["https:\/\/marktxxl.de\/markt\/produkt\/216-led-lichterkette-5-5m-eiszapfen-lichter-mit-eu-stecker-8-leuchtmodi-dimmbar-eisregen-lichtervorhang-mit-remote-timer-aussen-innen-deko-fuer-weihnachten-garten-party-hochzeit-winter-warmweiss\/"]}]},{"@type":"ImageObject","inLanguage":"de","@id":"https:\/\/marktxxl.de\/markt\/produkt\/216-led-lichterkette-5-5m-eiszapfen-lichter-mit-eu-stecker-8-leuchtmodi-dimmbar-eisregen-lichtervorhang-mit-remote-timer-aussen-innen-deko-fuer-weihnachten-garten-party-hochzeit-winter-warmweiss\/#primaryimage","url":"https:\/\/m.media-amazon.com\/images\/I\/61c1oKAn--L._SL500_.jpg","contentUrl":"https:\/\/m.media-amazon.com\/images\/I\/61c1oKAn--L._SL500_.jpg","width":500,"height":500},{"@type":"BreadcrumbList","@id":"https:\/\/marktxxl.de\/markt\/produkt\/216-led-lichterkette-5-5m-eiszapfen-lichter-mit-eu-stecker-8-leuchtmodi-dimmbar-eisregen-lichtervorhang-mit-remote-timer-aussen-innen-deko-fuer-weihnachten-garten-party-hochzeit-winter-warmweiss\/#breadcrumb","itemListElement":[{"@type":"ListItem","position":1,"name":"Startseite","item":"https:\/\/marktxxl.de\/markt\/"},{"@type":"ListItem","position":2,"name":"Markt","item":"https:\/\/marktxxl.de\/markt\/"},{"@type":"ListItem","position":3,"name":"216 LED Lichterkette, 5.5M Eiszapfen Lichter mit EU stecker, 8 Leuchtmodi Dimmbar, Eisregen Lichtervorhang mit Remote\u2026"}]},{"@type":"WebSite","@id":"https:\/\/marktxxl.de\/markt\/#website","url":"https:\/\/marktxxl.de\/markt\/","name":"Markt-XXL","description":"Ihr Markt Online","publisher":{"@id":"https:\/\/marktxxl.de\/markt\/#organization"},"potentialAction":[{"@type":"SearchAction","target":{"@type":"EntryPoint","urlTemplate":"https:\/\/marktxxl.de\/markt\/?s={search_term_string}"},"query-input":{"@type":"PropertyValueSpecification","valueRequired":true,"valueName":"search_term_string"}}],"inLanguage":"de"},{"@type":"Organization","@id":"https:\/\/marktxxl.de\/markt\/#organization","name":"Markt-XXL","url":"https:\/\/marktxxl.de\/markt\/","logo":{"@type":"ImageObject","inLanguage":"de","@id":"https:\/\/marktxxl.de\/markt\/#\/schema\/logo\/image\/","url":"https:\/\/marktxxl.de\/markt\/wp-content\/uploads\/sites\/3\/2020\/12\/logo.png","contentUrl":"https:\/\/marktxxl.de\/markt\/wp-content\/uploads\/sites\/3\/2020\/12\/logo.png","width":200,"height":70,"caption":"Markt-XXL"},"image":{"@id":"https:\/\/marktxxl.de\/markt\/#\/schema\/logo\/image\/"}}]}},"_links":{"self":[{"href":"https:\/\/marktxxl.de\/markt\/wp-json\/wp\/v2\/product\/34933","targetHints":{"allow":["GET"]}}],"collection":[{"href":"https:\/\/marktxxl.de\/markt\/wp-json\/wp\/v2\/product"}],"about":[{"href":"https:\/\/marktxxl.de\/markt\/wp-json\/wp\/v2\/types\/product"}],"replies":[{"embeddable":true,"href":"https:\/\/marktxxl.de\/markt\/wp-json\/wp\/v2\/comments?post=34933"}],"wp:featuredmedia":[{"embeddable":true,"href":"https:\/\/marktxxl.de\/markt\/wp-json\/wp\/v2\/media\/34934"}],"wp:attachment":[{"href":"https:\/\/marktxxl.de\/markt\/wp-json\/wp\/v2\/media?parent=34933"}],"wp:term":[{"taxonomy":"product_brand","embeddable":true,"href":"https:\/\/marktxxl.de\/markt\/wp-json\/wp\/v2\/product_brand?post=34933"},{"taxonomy":"product_cat","embeddable":true,"href":"https:\/\/marktxxl.de\/markt\/wp-json\/wp\/v2\/product_cat?post=34933"},{"taxonomy":"product_tag","embeddable":true,"href":"https:\/\/marktxxl.de\/markt\/wp-json\/wp\/v2\/product_tag?post=34933"}],"curies":[{"name":"wp","href":"https:\/\/api.w.org\/{rel}","templated":true}]}}