{"id":34833,"date":"2021-09-13T20:34:15","date_gmt":"2021-09-13T18:34:15","guid":{"rendered":"https:\/\/marktxxl.de\/markt\/produkt\/20m-led-schlauch-lichterkette-aussen-200er-led-lichtschlauch-aussen-ip68-16-farben-lichterkette-innen-strombetrieben-patio-lichterschlauch-strom-mit-fernbedienung-fuer-halloween-zimmer-hochzeit-dek\/"},"modified":"2023-04-11T01:49:00","modified_gmt":"2023-04-10T23:49:00","slug":"20m-led-schlauch-lichterkette-aussen-200er-led-lichtschlauch-aussen-ip68-16-farben-lichterkette-innen-strombetrieben-patio-lichterschlauch-strom-mit-fernbedienung-fuer-halloween-zimmer-hochzeit-dek","status":"publish","type":"product","link":"https:\/\/marktxxl.de\/markt\/produkt\/20m-led-schlauch-lichterkette-aussen-200er-led-lichtschlauch-aussen-ip68-16-farben-lichterkette-innen-strombetrieben-patio-lichterschlauch-strom-mit-fernbedienung-fuer-halloween-zimmer-hochzeit-dek\/","title":{"rendered":"20M LED Schlauch Lichterkette Au\u00dfen, 200er LED Lichtschlauch Au\u00dfen IP68, 16 Farben Lichterkette Innen Strombetrieben\u2026"},"content":{"rendered":"<p>\u301016 Farben &amp; 4 Dynamische Modi\u3011Die Weihnachtsbeleuchtung Au\u00dfen verf\u00fcgt \u00fcber 16 Farben (Rot, Gr\u00fcn, Blau, Gelb\u2026) und 4 Modi (Fade, Jump, ASYN Fade, ASYN Jump). Der Fade und Jump Modus beruht auf einem zyklischen Wechsel von 16 Farben. Mit dem ASYN Fade &amp; ASYN Jump Modus verblassen oder blinken die Farben auf.<br \/>\n\u3010Weihnachtslichterkette Au\u00dfen Dimmbar mit Fernbedienung\u3011Mit 28-Tasten Fernbedienung k\u00f6nnen Sie die 3 Helligkeitsstufen, 4 speed oder 16 Farbe und 4 Modi wechseln. Es stehen zwei Timer-Funktionen zur Verf\u00fcgung: 6 Stunden (6 Stunden ein und 18 Stunden aus) und 12 Stunden (12 Stunden ein und 12 Stunden aus)<br \/>\n\u3010LED Schlauch Strom\u3011Stromstecker mit platzsparendem Netzteil. Der strombetrieben Lichtschlauch ist heller und stabiler als das Batteriebetrieben und praktischer als der USB-betrieben. Niedrige 12V Spannung garantiert sichere Verwendung und hitzebest\u00e4ndig<br \/>\n\u3010Lichterkette Strombetrieben Wasserdicht\u3011Mit der Schutzart IP68 ist es vor Spritzwasser gesch\u00fctzt.Deshalb k\u00f6nnen Sie diesen Schlauch ohne Angst \u00fcber den Regen au\u00dfen installieren. Stecker ist IP44 und sollte f\u00fcr den Au\u00dfenbereich gesch\u00fctzt warden<br \/>\n\u3010Lichterkette Strom mit Memoryfunktion\u3011Die Lichterkette hat eine Speicherfunktion. Sobald der Modus ausgew\u00e4hlt ist, wird die Kette bei der n\u00e4chsten Verwendung mit den selben Einstellungen arbeiten. Sie k\u00f6nnen Ihren bevorzugten Modus ganz bequem einspeichern und jederzeit wiedergeben<br \/>\n<div class=\"main-cross-sell\" data-asin=\"B07S5Q24VV\">\n\n\t<div class=\"WooZone-cross-sell-loader\">\n\t\t<div>\n\t\t\t<div id=\"floatingBarsG\">\n\t\t\t\t<div class=\"blockG\" id=\"rotateG_01\"><\/div>\n\t\t\t\t<div class=\"blockG\" id=\"rotateG_02\"><\/div>\n\t\t\t\t<div class=\"blockG\" id=\"rotateG_03\"><\/div>\n\t\t\t\t<div class=\"blockG\" id=\"rotateG_04\"><\/div>\n\t\t\t\t<div class=\"blockG\" id=\"rotateG_05\"><\/div>\n\t\t\t\t<div class=\"blockG\" id=\"rotateG_06\"><\/div>\n\t\t\t\t<div class=\"blockG\" id=\"rotateG_07\"><\/div>\n\t\t\t\t<div class=\"blockG\" id=\"rotateG_08\"><\/div>\n\t\t\t<\/div>\n\t\t\t<div class=\"WooZone-cross-sell-loader-text\"><\/div>\n\t\t<\/div>\n\t<\/div>\n\n\t\t\n<\/div>\n<div style=\"clear:both;\"><\/div><\/p>\n","protected":false},"excerpt":{"rendered":"<p>\u301016 Farben &amp; 4 Dynamische Modi\u3011Die Weihnachtsbeleuchtung Au\u00dfen verf\u00fcgt \u00fcber 16 Farben (Rot, Gr\u00fcn, Blau, Gelb\u2026) und 4 Modi (Fade, Jump, ASYN Fade, ASYN Jump). Der Fade und Jump Modus beruht auf einem zyklischen Wechsel von 16 Farben. Mit dem ASYN Fade &amp; ASYN Jump Modus verblassen oder blinken die Farben auf.<br \/>\n\u3010Weihnachtslichterkette Au\u00dfen Dimmbar mit Fernbedienung\u3011Mit 28-Tasten Fernbedienung k\u00f6nnen Sie die 3 Helligkeitsstufen, 4 speed oder 16 Farbe und 4 Modi wechseln. Es stehen zwei Timer-Funktionen zur Verf\u00fcgung: 6 Stunden (6 Stunden ein und 18 Stunden aus) und 12 Stunden (12 Stunden ein und 12 Stunden aus)<br \/>\n\u3010LED Schlauch Strom\u3011Stromstecker mit platzsparendem Netzteil. Der strombetrieben Lichtschlauch ist heller und stabiler als das Batteriebetrieben und praktischer als der USB-betrieben. Niedrige 12V Spannung garantiert sichere Verwendung und hitzebest\u00e4ndig<\/p>\n","protected":false},"featured_media":34834,"comment_status":"open","ping_status":"closed","template":"","meta":[],"product_brand":[],"product_cat":[2108,15623],"product_tag":[],"class_list":{"0":"post-34833","1":"product","2":"type-product","3":"status-publish","4":"has-post-thumbnail","6":"product_cat-beleuchtung","7":"product_cat-lichtschlaeuche","8":"pa_binding-ausruestung","9":"pa_brand-starryever","10":"pa_color-66ft-200led-dia6-5mm","11":"pa_manufacturer-starryever-co-ltd","12":"pa_model-dy-oa08-t","14":"first","15":"instock","16":"shipping-taxable","17":"purchasable","18":"product-type-simple","19":"customify-col","20":"product-has-gallery"},"yoast_head":"<!-- This site is optimized with the Yoast SEO plugin v27.3 - https:\/\/yoast.com\/product\/yoast-seo-wordpress\/ -->\n<title>20M LED Schlauch Lichterkette Au\u00dfen, 200er LED Lichtschlauch Au\u00dfen IP68, 16 Farben Lichterkette Innen Strombetrieben\u2026 - Markt-XXL<\/title>\n<meta name=\"description\" content=\"Markt-XXL 20M LED Schlauch Lichterkette Au\u00dfen, 200er LED Lichtschlauch Au\u00dfen IP68, 16 Farben Lichterkette Innen Strombetrieben\u2026\" \/>\n<meta name=\"robots\" content=\"index, follow, max-snippet:-1, max-image-preview:large, max-video-preview:-1\" \/>\n<link rel=\"canonical\" href=\"https:\/\/marktxxl.de\/markt\/produkt\/20m-led-schlauch-lichterkette-aussen-200er-led-lichtschlauch-aussen-ip68-16-farben-lichterkette-innen-strombetrieben-patio-lichterschlauch-strom-mit-fernbedienung-fuer-halloween-zimmer-hochzeit-dek\/\" \/>\n<meta property=\"og:locale\" content=\"de_DE\" \/>\n<meta property=\"og:type\" content=\"article\" \/>\n<meta property=\"og:title\" content=\"20M LED Schlauch Lichterkette Au\u00dfen, 200er LED Lichtschlauch Au\u00dfen IP68, 16 Farben Lichterkette Innen Strombetrieben\u2026 - Markt-XXL\" \/>\n<meta property=\"og:description\" content=\"Markt-XXL 20M LED Schlauch Lichterkette Au\u00dfen, 200er LED Lichtschlauch Au\u00dfen IP68, 16 Farben Lichterkette Innen Strombetrieben\u2026\" \/>\n<meta property=\"og:url\" content=\"https:\/\/marktxxl.de\/markt\/produkt\/20m-led-schlauch-lichterkette-aussen-200er-led-lichtschlauch-aussen-ip68-16-farben-lichterkette-innen-strombetrieben-patio-lichterschlauch-strom-mit-fernbedienung-fuer-halloween-zimmer-hochzeit-dek\/\" \/>\n<meta property=\"og:site_name\" content=\"Markt-XXL\" \/>\n<meta property=\"article:modified_time\" content=\"2023-04-10T23:49:00+00:00\" \/>\n<meta property=\"og:image\" content=\"https:\/\/m.media-amazon.com\/images\/I\/61iUQRlQB2L._SL500_.jpg\" \/>\n\t<meta property=\"og:image:width\" content=\"500\" \/>\n\t<meta property=\"og:image:height\" content=\"500\" \/>\n\t<meta property=\"og:image:type\" content=\"image\/jpeg\" \/>\n<meta name=\"twitter:card\" content=\"summary_large_image\" \/>\n<meta name=\"twitter:label1\" content=\"Gesch\u00e4tzte Lesezeit\" \/>\n\t<meta name=\"twitter:data1\" content=\"1\u00a0Minute\" \/>\n<script type=\"application\/ld+json\" class=\"yoast-schema-graph\">{\"@context\":\"https:\\\/\\\/schema.org\",\"@graph\":[{\"@type\":\"WebPage\",\"@id\":\"https:\\\/\\\/marktxxl.de\\\/markt\\\/produkt\\\/20m-led-schlauch-lichterkette-aussen-200er-led-lichtschlauch-aussen-ip68-16-farben-lichterkette-innen-strombetrieben-patio-lichterschlauch-strom-mit-fernbedienung-fuer-halloween-zimmer-hochzeit-dek\\\/\",\"url\":\"https:\\\/\\\/marktxxl.de\\\/markt\\\/produkt\\\/20m-led-schlauch-lichterkette-aussen-200er-led-lichtschlauch-aussen-ip68-16-farben-lichterkette-innen-strombetrieben-patio-lichterschlauch-strom-mit-fernbedienung-fuer-halloween-zimmer-hochzeit-dek\\\/\",\"name\":\"20M LED Schlauch Lichterkette Au\u00dfen, 200er LED Lichtschlauch Au\u00dfen IP68, 16 Farben Lichterkette Innen Strombetrieben\u2026 - Markt-XXL\",\"isPartOf\":{\"@id\":\"https:\\\/\\\/marktxxl.de\\\/markt\\\/#website\"},\"primaryImageOfPage\":{\"@id\":\"https:\\\/\\\/marktxxl.de\\\/markt\\\/produkt\\\/20m-led-schlauch-lichterkette-aussen-200er-led-lichtschlauch-aussen-ip68-16-farben-lichterkette-innen-strombetrieben-patio-lichterschlauch-strom-mit-fernbedienung-fuer-halloween-zimmer-hochzeit-dek\\\/#primaryimage\"},\"image\":{\"@id\":\"https:\\\/\\\/marktxxl.de\\\/markt\\\/produkt\\\/20m-led-schlauch-lichterkette-aussen-200er-led-lichtschlauch-aussen-ip68-16-farben-lichterkette-innen-strombetrieben-patio-lichterschlauch-strom-mit-fernbedienung-fuer-halloween-zimmer-hochzeit-dek\\\/#primaryimage\"},\"thumbnailUrl\":\"https:\\\/\\\/m.media-amazon.com\\\/images\\\/I\\\/61iUQRlQB2L._SL500_.jpg\",\"datePublished\":\"2021-09-13T18:34:15+00:00\",\"dateModified\":\"2023-04-10T23:49:00+00:00\",\"description\":\"Markt-XXL 20M LED Schlauch Lichterkette Au\u00dfen, 200er LED Lichtschlauch Au\u00dfen IP68, 16 Farben Lichterkette Innen Strombetrieben\u2026\",\"breadcrumb\":{\"@id\":\"https:\\\/\\\/marktxxl.de\\\/markt\\\/produkt\\\/20m-led-schlauch-lichterkette-aussen-200er-led-lichtschlauch-aussen-ip68-16-farben-lichterkette-innen-strombetrieben-patio-lichterschlauch-strom-mit-fernbedienung-fuer-halloween-zimmer-hochzeit-dek\\\/#breadcrumb\"},\"inLanguage\":\"de\",\"potentialAction\":[{\"@type\":\"ReadAction\",\"target\":[\"https:\\\/\\\/marktxxl.de\\\/markt\\\/produkt\\\/20m-led-schlauch-lichterkette-aussen-200er-led-lichtschlauch-aussen-ip68-16-farben-lichterkette-innen-strombetrieben-patio-lichterschlauch-strom-mit-fernbedienung-fuer-halloween-zimmer-hochzeit-dek\\\/\"]}]},{\"@type\":\"ImageObject\",\"inLanguage\":\"de\",\"@id\":\"https:\\\/\\\/marktxxl.de\\\/markt\\\/produkt\\\/20m-led-schlauch-lichterkette-aussen-200er-led-lichtschlauch-aussen-ip68-16-farben-lichterkette-innen-strombetrieben-patio-lichterschlauch-strom-mit-fernbedienung-fuer-halloween-zimmer-hochzeit-dek\\\/#primaryimage\",\"url\":\"https:\\\/\\\/m.media-amazon.com\\\/images\\\/I\\\/61iUQRlQB2L._SL500_.jpg\",\"contentUrl\":\"https:\\\/\\\/m.media-amazon.com\\\/images\\\/I\\\/61iUQRlQB2L._SL500_.jpg\",\"width\":500,\"height\":500},{\"@type\":\"BreadcrumbList\",\"@id\":\"https:\\\/\\\/marktxxl.de\\\/markt\\\/produkt\\\/20m-led-schlauch-lichterkette-aussen-200er-led-lichtschlauch-aussen-ip68-16-farben-lichterkette-innen-strombetrieben-patio-lichterschlauch-strom-mit-fernbedienung-fuer-halloween-zimmer-hochzeit-dek\\\/#breadcrumb\",\"itemListElement\":[{\"@type\":\"ListItem\",\"position\":1,\"name\":\"Startseite\",\"item\":\"https:\\\/\\\/marktxxl.de\\\/markt\\\/\"},{\"@type\":\"ListItem\",\"position\":2,\"name\":\"Markt\",\"item\":\"https:\\\/\\\/marktxxl.de\\\/markt\\\/\"},{\"@type\":\"ListItem\",\"position\":3,\"name\":\"20M LED Schlauch Lichterkette Au\u00dfen, 200er LED Lichtschlauch Au\u00dfen IP68, 16 Farben Lichterkette Innen Strombetrieben\u2026\"}]},{\"@type\":\"WebSite\",\"@id\":\"https:\\\/\\\/marktxxl.de\\\/markt\\\/#website\",\"url\":\"https:\\\/\\\/marktxxl.de\\\/markt\\\/\",\"name\":\"Markt-XXL\",\"description\":\"Ihr Markt Online\",\"publisher\":{\"@id\":\"https:\\\/\\\/marktxxl.de\\\/markt\\\/#organization\"},\"potentialAction\":[{\"@type\":\"SearchAction\",\"target\":{\"@type\":\"EntryPoint\",\"urlTemplate\":\"https:\\\/\\\/marktxxl.de\\\/markt\\\/?s={search_term_string}\"},\"query-input\":{\"@type\":\"PropertyValueSpecification\",\"valueRequired\":true,\"valueName\":\"search_term_string\"}}],\"inLanguage\":\"de\"},{\"@type\":\"Organization\",\"@id\":\"https:\\\/\\\/marktxxl.de\\\/markt\\\/#organization\",\"name\":\"Markt-XXL\",\"url\":\"https:\\\/\\\/marktxxl.de\\\/markt\\\/\",\"logo\":{\"@type\":\"ImageObject\",\"inLanguage\":\"de\",\"@id\":\"https:\\\/\\\/marktxxl.de\\\/markt\\\/#\\\/schema\\\/logo\\\/image\\\/\",\"url\":\"https:\\\/\\\/marktxxl.de\\\/markt\\\/wp-content\\\/uploads\\\/sites\\\/3\\\/2020\\\/12\\\/logo.png\",\"contentUrl\":\"https:\\\/\\\/marktxxl.de\\\/markt\\\/wp-content\\\/uploads\\\/sites\\\/3\\\/2020\\\/12\\\/logo.png\",\"width\":200,\"height\":70,\"caption\":\"Markt-XXL\"},\"image\":{\"@id\":\"https:\\\/\\\/marktxxl.de\\\/markt\\\/#\\\/schema\\\/logo\\\/image\\\/\"}}]}<\/script>\n<!-- \/ Yoast SEO plugin. -->","yoast_head_json":{"title":"20M LED Schlauch Lichterkette Au\u00dfen, 200er LED Lichtschlauch Au\u00dfen IP68, 16 Farben Lichterkette Innen Strombetrieben\u2026 - Markt-XXL","description":"Markt-XXL 20M LED Schlauch Lichterkette Au\u00dfen, 200er LED Lichtschlauch Au\u00dfen IP68, 16 Farben Lichterkette Innen Strombetrieben\u2026","robots":{"index":"index","follow":"follow","max-snippet":"max-snippet:-1","max-image-preview":"max-image-preview:large","max-video-preview":"max-video-preview:-1"},"canonical":"https:\/\/marktxxl.de\/markt\/produkt\/20m-led-schlauch-lichterkette-aussen-200er-led-lichtschlauch-aussen-ip68-16-farben-lichterkette-innen-strombetrieben-patio-lichterschlauch-strom-mit-fernbedienung-fuer-halloween-zimmer-hochzeit-dek\/","og_locale":"de_DE","og_type":"article","og_title":"20M LED Schlauch Lichterkette Au\u00dfen, 200er LED Lichtschlauch Au\u00dfen IP68, 16 Farben Lichterkette Innen Strombetrieben\u2026 - Markt-XXL","og_description":"Markt-XXL 20M LED Schlauch Lichterkette Au\u00dfen, 200er LED Lichtschlauch Au\u00dfen IP68, 16 Farben Lichterkette Innen Strombetrieben\u2026","og_url":"https:\/\/marktxxl.de\/markt\/produkt\/20m-led-schlauch-lichterkette-aussen-200er-led-lichtschlauch-aussen-ip68-16-farben-lichterkette-innen-strombetrieben-patio-lichterschlauch-strom-mit-fernbedienung-fuer-halloween-zimmer-hochzeit-dek\/","og_site_name":"Markt-XXL","article_modified_time":"2023-04-10T23:49:00+00:00","og_image":[{"width":500,"height":500,"url":"https:\/\/m.media-amazon.com\/images\/I\/61iUQRlQB2L._SL500_.jpg","type":"image\/jpeg"}],"twitter_card":"summary_large_image","twitter_misc":{"Gesch\u00e4tzte Lesezeit":"1\u00a0Minute"},"schema":{"@context":"https:\/\/schema.org","@graph":[{"@type":"WebPage","@id":"https:\/\/marktxxl.de\/markt\/produkt\/20m-led-schlauch-lichterkette-aussen-200er-led-lichtschlauch-aussen-ip68-16-farben-lichterkette-innen-strombetrieben-patio-lichterschlauch-strom-mit-fernbedienung-fuer-halloween-zimmer-hochzeit-dek\/","url":"https:\/\/marktxxl.de\/markt\/produkt\/20m-led-schlauch-lichterkette-aussen-200er-led-lichtschlauch-aussen-ip68-16-farben-lichterkette-innen-strombetrieben-patio-lichterschlauch-strom-mit-fernbedienung-fuer-halloween-zimmer-hochzeit-dek\/","name":"20M LED Schlauch Lichterkette Au\u00dfen, 200er LED Lichtschlauch Au\u00dfen IP68, 16 Farben Lichterkette Innen Strombetrieben\u2026 - Markt-XXL","isPartOf":{"@id":"https:\/\/marktxxl.de\/markt\/#website"},"primaryImageOfPage":{"@id":"https:\/\/marktxxl.de\/markt\/produkt\/20m-led-schlauch-lichterkette-aussen-200er-led-lichtschlauch-aussen-ip68-16-farben-lichterkette-innen-strombetrieben-patio-lichterschlauch-strom-mit-fernbedienung-fuer-halloween-zimmer-hochzeit-dek\/#primaryimage"},"image":{"@id":"https:\/\/marktxxl.de\/markt\/produkt\/20m-led-schlauch-lichterkette-aussen-200er-led-lichtschlauch-aussen-ip68-16-farben-lichterkette-innen-strombetrieben-patio-lichterschlauch-strom-mit-fernbedienung-fuer-halloween-zimmer-hochzeit-dek\/#primaryimage"},"thumbnailUrl":"https:\/\/m.media-amazon.com\/images\/I\/61iUQRlQB2L._SL500_.jpg","datePublished":"2021-09-13T18:34:15+00:00","dateModified":"2023-04-10T23:49:00+00:00","description":"Markt-XXL 20M LED Schlauch Lichterkette Au\u00dfen, 200er LED Lichtschlauch Au\u00dfen IP68, 16 Farben Lichterkette Innen Strombetrieben\u2026","breadcrumb":{"@id":"https:\/\/marktxxl.de\/markt\/produkt\/20m-led-schlauch-lichterkette-aussen-200er-led-lichtschlauch-aussen-ip68-16-farben-lichterkette-innen-strombetrieben-patio-lichterschlauch-strom-mit-fernbedienung-fuer-halloween-zimmer-hochzeit-dek\/#breadcrumb"},"inLanguage":"de","potentialAction":[{"@type":"ReadAction","target":["https:\/\/marktxxl.de\/markt\/produkt\/20m-led-schlauch-lichterkette-aussen-200er-led-lichtschlauch-aussen-ip68-16-farben-lichterkette-innen-strombetrieben-patio-lichterschlauch-strom-mit-fernbedienung-fuer-halloween-zimmer-hochzeit-dek\/"]}]},{"@type":"ImageObject","inLanguage":"de","@id":"https:\/\/marktxxl.de\/markt\/produkt\/20m-led-schlauch-lichterkette-aussen-200er-led-lichtschlauch-aussen-ip68-16-farben-lichterkette-innen-strombetrieben-patio-lichterschlauch-strom-mit-fernbedienung-fuer-halloween-zimmer-hochzeit-dek\/#primaryimage","url":"https:\/\/m.media-amazon.com\/images\/I\/61iUQRlQB2L._SL500_.jpg","contentUrl":"https:\/\/m.media-amazon.com\/images\/I\/61iUQRlQB2L._SL500_.jpg","width":500,"height":500},{"@type":"BreadcrumbList","@id":"https:\/\/marktxxl.de\/markt\/produkt\/20m-led-schlauch-lichterkette-aussen-200er-led-lichtschlauch-aussen-ip68-16-farben-lichterkette-innen-strombetrieben-patio-lichterschlauch-strom-mit-fernbedienung-fuer-halloween-zimmer-hochzeit-dek\/#breadcrumb","itemListElement":[{"@type":"ListItem","position":1,"name":"Startseite","item":"https:\/\/marktxxl.de\/markt\/"},{"@type":"ListItem","position":2,"name":"Markt","item":"https:\/\/marktxxl.de\/markt\/"},{"@type":"ListItem","position":3,"name":"20M LED Schlauch Lichterkette Au\u00dfen, 200er LED Lichtschlauch Au\u00dfen IP68, 16 Farben Lichterkette Innen Strombetrieben\u2026"}]},{"@type":"WebSite","@id":"https:\/\/marktxxl.de\/markt\/#website","url":"https:\/\/marktxxl.de\/markt\/","name":"Markt-XXL","description":"Ihr Markt Online","publisher":{"@id":"https:\/\/marktxxl.de\/markt\/#organization"},"potentialAction":[{"@type":"SearchAction","target":{"@type":"EntryPoint","urlTemplate":"https:\/\/marktxxl.de\/markt\/?s={search_term_string}"},"query-input":{"@type":"PropertyValueSpecification","valueRequired":true,"valueName":"search_term_string"}}],"inLanguage":"de"},{"@type":"Organization","@id":"https:\/\/marktxxl.de\/markt\/#organization","name":"Markt-XXL","url":"https:\/\/marktxxl.de\/markt\/","logo":{"@type":"ImageObject","inLanguage":"de","@id":"https:\/\/marktxxl.de\/markt\/#\/schema\/logo\/image\/","url":"https:\/\/marktxxl.de\/markt\/wp-content\/uploads\/sites\/3\/2020\/12\/logo.png","contentUrl":"https:\/\/marktxxl.de\/markt\/wp-content\/uploads\/sites\/3\/2020\/12\/logo.png","width":200,"height":70,"caption":"Markt-XXL"},"image":{"@id":"https:\/\/marktxxl.de\/markt\/#\/schema\/logo\/image\/"}}]}},"_links":{"self":[{"href":"https:\/\/marktxxl.de\/markt\/wp-json\/wp\/v2\/product\/34833","targetHints":{"allow":["GET"]}}],"collection":[{"href":"https:\/\/marktxxl.de\/markt\/wp-json\/wp\/v2\/product"}],"about":[{"href":"https:\/\/marktxxl.de\/markt\/wp-json\/wp\/v2\/types\/product"}],"replies":[{"embeddable":true,"href":"https:\/\/marktxxl.de\/markt\/wp-json\/wp\/v2\/comments?post=34833"}],"wp:featuredmedia":[{"embeddable":true,"href":"https:\/\/marktxxl.de\/markt\/wp-json\/wp\/v2\/media\/34834"}],"wp:attachment":[{"href":"https:\/\/marktxxl.de\/markt\/wp-json\/wp\/v2\/media?parent=34833"}],"wp:term":[{"taxonomy":"product_brand","embeddable":true,"href":"https:\/\/marktxxl.de\/markt\/wp-json\/wp\/v2\/product_brand?post=34833"},{"taxonomy":"product_cat","embeddable":true,"href":"https:\/\/marktxxl.de\/markt\/wp-json\/wp\/v2\/product_cat?post=34833"},{"taxonomy":"product_tag","embeddable":true,"href":"https:\/\/marktxxl.de\/markt\/wp-json\/wp\/v2\/product_tag?post=34833"}],"curies":[{"name":"wp","href":"https:\/\/api.w.org\/{rel}","templated":true}]}}