{"id":34816,"date":"2021-09-13T20:34:12","date_gmt":"2021-09-13T18:34:12","guid":{"rendered":"https:\/\/marktxxl.de\/markt\/produkt\/ws2812-5050-rgb-led-ring-24-bit-led-ring-lampe-licht-mit-integrierten-treibern-dc-5v\/"},"modified":"2023-04-11T01:49:00","modified_gmt":"2023-04-10T23:49:00","slug":"ws2812-5050-rgb-led-ring-24-bit-led-ring-lampe-licht-mit-integrierten-treibern-dc-5v","status":"publish","type":"product","link":"https:\/\/marktxxl.de\/markt\/produkt\/ws2812-5050-rgb-led-ring-24-bit-led-ring-lampe-licht-mit-integrierten-treibern-dc-5v\/","title":{"rendered":"WS2812 5050 RGB-LED-Ring 24-Bit LED Ring Lampe Licht mit integrierten Treibern DC 5V"},"content":{"rendered":"<p>24 ULTRA BRIGHT SMART LED &#8212; 24 ultrahelle Smart-LEDs sind in einem Kreis mit Au\u00dfendurchmesser betr\u00e4gt ca. 85cm\/3,35inch ,Innendurchmesser betr\u00e4gt ca. 70 mm \/2,75 Zoll angeordnet. Die Ringe sind&#8221; kettenbar &#8220;- verbinden Sie den Ausgangsstift eines mit dem Eingangspin eines anderen. Nur zur Verwendung Mit einem Mikrocontroller-Pin k\u00f6nnen Sie so viele steuern, wie Sie miteinander verketten k\u00f6nnen!<br \/>\nNUR F\u00dcR AVR-KERN &#8212; Unsere wunderbar geschriebene Bibliothek unterst\u00fctzt diese Pixel! Da es eine von Hand abgestimmte Montage erfordert, ist dies nur f\u00fcr AVR-Kerne, andere haben diesen Chip-Treibercode jedoch portiert. Ein Prozessor mit 8 MHz oder schneller ist erforderlich<br \/>\nKEINE EXTERNEN CHOKE-WIDERST\u00c4NDE &#8212; Jeder hat einen ~ 18mA-Konstantstromantrieb, so dass die Farbe auch dann konstant bleibt, wenn die Spannung variiert und keine externen Drosselwiderst\u00e4nde erforderlich sind, wodurch das Design schlank wird. Jede LED ist adressierbar, da sich der Treiberchip in der LED befindet<br \/>\nJUST 5V DC POWER &#8212; Schalten Sie das Ganze mit 5VDC ein und schon k\u00f6nnen Sie rocken. Es gibt eine einzige Datenleitung mit einem sehr zeitspezifischen Protokoll. Da das Protokoll sehr zeitabh\u00e4ngig ist, ist ein Echtzeit &#8211; Mikrocontroller wie AVR, PIC, Mbed usw. Erforderlich<br \/>\nWAS SIE K\u00d6NNEN K\u00d6NNEN &#8212; Wird als einzelner Ring mit 24 einzeln adressierbaren RGB-LEDs geliefert und getestet. Es kann nicht mit einem Linux-basierten Mikrocomputer oder einem interpretierten Mikrocontroller verwendet werden<br \/>\n<div class=\"main-cross-sell\" data-asin=\"B07QLMPV6S\">\n\n\t<div class=\"WooZone-cross-sell-loader\">\n\t\t<div>\n\t\t\t<div id=\"floatingBarsG\">\n\t\t\t\t<div class=\"blockG\" id=\"rotateG_01\"><\/div>\n\t\t\t\t<div class=\"blockG\" id=\"rotateG_02\"><\/div>\n\t\t\t\t<div class=\"blockG\" id=\"rotateG_03\"><\/div>\n\t\t\t\t<div class=\"blockG\" id=\"rotateG_04\"><\/div>\n\t\t\t\t<div class=\"blockG\" id=\"rotateG_05\"><\/div>\n\t\t\t\t<div class=\"blockG\" id=\"rotateG_06\"><\/div>\n\t\t\t\t<div class=\"blockG\" id=\"rotateG_07\"><\/div>\n\t\t\t\t<div class=\"blockG\" id=\"rotateG_08\"><\/div>\n\t\t\t<\/div>\n\t\t\t<div class=\"WooZone-cross-sell-loader-text\"><\/div>\n\t\t<\/div>\n\t<\/div>\n\n\t\t\n<\/div>\n<div style=\"clear:both;\"><\/div><\/p>\n","protected":false},"excerpt":{"rendered":"<p>24 ULTRA BRIGHT SMART LED &#8212; 24 ultrahelle Smart-LEDs sind in einem Kreis mit Au\u00dfendurchmesser betr\u00e4gt ca. 85cm\/3,35inch ,Innendurchmesser betr\u00e4gt ca. 70 mm \/2,75 Zoll angeordnet. Die Ringe sind&#8221; kettenbar &#8220;- verbinden Sie den Ausgangsstift eines mit dem Eingangspin eines anderen. Nur zur Verwendung Mit einem Mikrocontroller-Pin k\u00f6nnen Sie so viele steuern, wie Sie miteinander verketten k\u00f6nnen!<br \/>\nNUR F\u00dcR AVR-KERN &#8212; Unsere wunderbar geschriebene Bibliothek unterst\u00fctzt diese Pixel! Da es eine von Hand abgestimmte Montage erfordert, ist dies nur f\u00fcr AVR-Kerne, andere haben diesen Chip-Treibercode jedoch portiert. Ein Prozessor mit 8 MHz oder schneller ist erforderlich<br \/>\nKEINE EXTERNEN CHOKE-WIDERST\u00c4NDE &#8212; Jeder hat einen ~ 18mA-Konstantstromantrieb, so dass die Farbe auch dann konstant bleibt, wenn die Spannung variiert und keine externen Drosselwiderst\u00e4nde erforderlich sind, wodurch das Design schlank wird. Jede LED ist adressierbar, da sich der Treiberchip in der LED befindet<\/p>\n","protected":false},"featured_media":34817,"comment_status":"open","ping_status":"closed","template":"","meta":[],"product_brand":[],"product_cat":[2108,15623],"product_tag":[],"class_list":{"0":"post-34816","1":"product","2":"type-product","3":"status-publish","4":"has-post-thumbnail","6":"product_cat-beleuchtung","7":"product_cat-lichtschlaeuche","8":"pa_binding-misc","9":"pa_brand-ywbl-wh","10":"pa_height-0-1574803148-zoll","11":"pa_length-2-5590551155-zoll","12":"pa_manufacturer-ywbl-wh","13":"pa_weight-0-0220462262-pfund","14":"pa_width-2-5590551155-zoll","16":"first","17":"instock","18":"shipping-taxable","19":"purchasable","20":"product-type-simple","21":"customify-col","22":"product-has-gallery"},"yoast_head":"<!-- This site is optimized with the Yoast SEO plugin v27.3 - https:\/\/yoast.com\/product\/yoast-seo-wordpress\/ -->\n<title>WS2812 5050 RGB-LED-Ring 24-Bit LED Ring Lampe Licht mit integrierten Treibern DC 5V - Markt-XXL<\/title>\n<meta name=\"description\" content=\"Markt-XXL WS2812 5050 RGB-LED-Ring 24-Bit LED Ring Lampe Licht mit integrierten Treibern DC 5V\" \/>\n<meta name=\"robots\" content=\"index, follow, max-snippet:-1, max-image-preview:large, max-video-preview:-1\" \/>\n<link rel=\"canonical\" href=\"https:\/\/marktxxl.de\/markt\/produkt\/ws2812-5050-rgb-led-ring-24-bit-led-ring-lampe-licht-mit-integrierten-treibern-dc-5v\/\" \/>\n<meta property=\"og:locale\" content=\"de_DE\" \/>\n<meta property=\"og:type\" content=\"article\" \/>\n<meta property=\"og:title\" content=\"WS2812 5050 RGB-LED-Ring 24-Bit LED Ring Lampe Licht mit integrierten Treibern DC 5V - Markt-XXL\" \/>\n<meta property=\"og:description\" content=\"Markt-XXL WS2812 5050 RGB-LED-Ring 24-Bit LED Ring Lampe Licht mit integrierten Treibern DC 5V\" \/>\n<meta property=\"og:url\" content=\"https:\/\/marktxxl.de\/markt\/produkt\/ws2812-5050-rgb-led-ring-24-bit-led-ring-lampe-licht-mit-integrierten-treibern-dc-5v\/\" \/>\n<meta property=\"og:site_name\" content=\"Markt-XXL\" \/>\n<meta property=\"article:modified_time\" content=\"2023-04-10T23:49:00+00:00\" \/>\n<meta property=\"og:image\" content=\"https:\/\/m.media-amazon.com\/images\/I\/41wFlSXaI3L._SL500_.jpg\" \/>\n\t<meta property=\"og:image:width\" content=\"500\" \/>\n\t<meta property=\"og:image:height\" content=\"500\" \/>\n\t<meta property=\"og:image:type\" content=\"image\/jpeg\" \/>\n<meta name=\"twitter:card\" content=\"summary_large_image\" \/>\n<meta name=\"twitter:label1\" content=\"Gesch\u00e4tzte Lesezeit\" \/>\n\t<meta name=\"twitter:data1\" content=\"1\u00a0Minute\" \/>\n<script type=\"application\/ld+json\" class=\"yoast-schema-graph\">{\"@context\":\"https:\\\/\\\/schema.org\",\"@graph\":[{\"@type\":\"WebPage\",\"@id\":\"https:\\\/\\\/marktxxl.de\\\/markt\\\/produkt\\\/ws2812-5050-rgb-led-ring-24-bit-led-ring-lampe-licht-mit-integrierten-treibern-dc-5v\\\/\",\"url\":\"https:\\\/\\\/marktxxl.de\\\/markt\\\/produkt\\\/ws2812-5050-rgb-led-ring-24-bit-led-ring-lampe-licht-mit-integrierten-treibern-dc-5v\\\/\",\"name\":\"WS2812 5050 RGB-LED-Ring 24-Bit LED Ring Lampe Licht mit integrierten Treibern DC 5V - Markt-XXL\",\"isPartOf\":{\"@id\":\"https:\\\/\\\/marktxxl.de\\\/markt\\\/#website\"},\"primaryImageOfPage\":{\"@id\":\"https:\\\/\\\/marktxxl.de\\\/markt\\\/produkt\\\/ws2812-5050-rgb-led-ring-24-bit-led-ring-lampe-licht-mit-integrierten-treibern-dc-5v\\\/#primaryimage\"},\"image\":{\"@id\":\"https:\\\/\\\/marktxxl.de\\\/markt\\\/produkt\\\/ws2812-5050-rgb-led-ring-24-bit-led-ring-lampe-licht-mit-integrierten-treibern-dc-5v\\\/#primaryimage\"},\"thumbnailUrl\":\"https:\\\/\\\/m.media-amazon.com\\\/images\\\/I\\\/41wFlSXaI3L._SL500_.jpg\",\"datePublished\":\"2021-09-13T18:34:12+00:00\",\"dateModified\":\"2023-04-10T23:49:00+00:00\",\"description\":\"Markt-XXL WS2812 5050 RGB-LED-Ring 24-Bit LED Ring Lampe Licht mit integrierten Treibern DC 5V\",\"breadcrumb\":{\"@id\":\"https:\\\/\\\/marktxxl.de\\\/markt\\\/produkt\\\/ws2812-5050-rgb-led-ring-24-bit-led-ring-lampe-licht-mit-integrierten-treibern-dc-5v\\\/#breadcrumb\"},\"inLanguage\":\"de\",\"potentialAction\":[{\"@type\":\"ReadAction\",\"target\":[\"https:\\\/\\\/marktxxl.de\\\/markt\\\/produkt\\\/ws2812-5050-rgb-led-ring-24-bit-led-ring-lampe-licht-mit-integrierten-treibern-dc-5v\\\/\"]}]},{\"@type\":\"ImageObject\",\"inLanguage\":\"de\",\"@id\":\"https:\\\/\\\/marktxxl.de\\\/markt\\\/produkt\\\/ws2812-5050-rgb-led-ring-24-bit-led-ring-lampe-licht-mit-integrierten-treibern-dc-5v\\\/#primaryimage\",\"url\":\"https:\\\/\\\/m.media-amazon.com\\\/images\\\/I\\\/41wFlSXaI3L._SL500_.jpg\",\"contentUrl\":\"https:\\\/\\\/m.media-amazon.com\\\/images\\\/I\\\/41wFlSXaI3L._SL500_.jpg\",\"width\":500,\"height\":500},{\"@type\":\"BreadcrumbList\",\"@id\":\"https:\\\/\\\/marktxxl.de\\\/markt\\\/produkt\\\/ws2812-5050-rgb-led-ring-24-bit-led-ring-lampe-licht-mit-integrierten-treibern-dc-5v\\\/#breadcrumb\",\"itemListElement\":[{\"@type\":\"ListItem\",\"position\":1,\"name\":\"Startseite\",\"item\":\"https:\\\/\\\/marktxxl.de\\\/markt\\\/\"},{\"@type\":\"ListItem\",\"position\":2,\"name\":\"Markt\",\"item\":\"https:\\\/\\\/marktxxl.de\\\/markt\\\/\"},{\"@type\":\"ListItem\",\"position\":3,\"name\":\"WS2812 5050 RGB-LED-Ring 24-Bit LED Ring Lampe Licht mit integrierten Treibern DC 5V\"}]},{\"@type\":\"WebSite\",\"@id\":\"https:\\\/\\\/marktxxl.de\\\/markt\\\/#website\",\"url\":\"https:\\\/\\\/marktxxl.de\\\/markt\\\/\",\"name\":\"Markt-XXL\",\"description\":\"Ihr Markt Online\",\"publisher\":{\"@id\":\"https:\\\/\\\/marktxxl.de\\\/markt\\\/#organization\"},\"potentialAction\":[{\"@type\":\"SearchAction\",\"target\":{\"@type\":\"EntryPoint\",\"urlTemplate\":\"https:\\\/\\\/marktxxl.de\\\/markt\\\/?s={search_term_string}\"},\"query-input\":{\"@type\":\"PropertyValueSpecification\",\"valueRequired\":true,\"valueName\":\"search_term_string\"}}],\"inLanguage\":\"de\"},{\"@type\":\"Organization\",\"@id\":\"https:\\\/\\\/marktxxl.de\\\/markt\\\/#organization\",\"name\":\"Markt-XXL\",\"url\":\"https:\\\/\\\/marktxxl.de\\\/markt\\\/\",\"logo\":{\"@type\":\"ImageObject\",\"inLanguage\":\"de\",\"@id\":\"https:\\\/\\\/marktxxl.de\\\/markt\\\/#\\\/schema\\\/logo\\\/image\\\/\",\"url\":\"https:\\\/\\\/marktxxl.de\\\/markt\\\/wp-content\\\/uploads\\\/sites\\\/3\\\/2020\\\/12\\\/logo.png\",\"contentUrl\":\"https:\\\/\\\/marktxxl.de\\\/markt\\\/wp-content\\\/uploads\\\/sites\\\/3\\\/2020\\\/12\\\/logo.png\",\"width\":200,\"height\":70,\"caption\":\"Markt-XXL\"},\"image\":{\"@id\":\"https:\\\/\\\/marktxxl.de\\\/markt\\\/#\\\/schema\\\/logo\\\/image\\\/\"}}]}<\/script>\n<!-- \/ Yoast SEO plugin. -->","yoast_head_json":{"title":"WS2812 5050 RGB-LED-Ring 24-Bit LED Ring Lampe Licht mit integrierten Treibern DC 5V - Markt-XXL","description":"Markt-XXL WS2812 5050 RGB-LED-Ring 24-Bit LED Ring Lampe Licht mit integrierten Treibern DC 5V","robots":{"index":"index","follow":"follow","max-snippet":"max-snippet:-1","max-image-preview":"max-image-preview:large","max-video-preview":"max-video-preview:-1"},"canonical":"https:\/\/marktxxl.de\/markt\/produkt\/ws2812-5050-rgb-led-ring-24-bit-led-ring-lampe-licht-mit-integrierten-treibern-dc-5v\/","og_locale":"de_DE","og_type":"article","og_title":"WS2812 5050 RGB-LED-Ring 24-Bit LED Ring Lampe Licht mit integrierten Treibern DC 5V - Markt-XXL","og_description":"Markt-XXL WS2812 5050 RGB-LED-Ring 24-Bit LED Ring Lampe Licht mit integrierten Treibern DC 5V","og_url":"https:\/\/marktxxl.de\/markt\/produkt\/ws2812-5050-rgb-led-ring-24-bit-led-ring-lampe-licht-mit-integrierten-treibern-dc-5v\/","og_site_name":"Markt-XXL","article_modified_time":"2023-04-10T23:49:00+00:00","og_image":[{"width":500,"height":500,"url":"https:\/\/m.media-amazon.com\/images\/I\/41wFlSXaI3L._SL500_.jpg","type":"image\/jpeg"}],"twitter_card":"summary_large_image","twitter_misc":{"Gesch\u00e4tzte Lesezeit":"1\u00a0Minute"},"schema":{"@context":"https:\/\/schema.org","@graph":[{"@type":"WebPage","@id":"https:\/\/marktxxl.de\/markt\/produkt\/ws2812-5050-rgb-led-ring-24-bit-led-ring-lampe-licht-mit-integrierten-treibern-dc-5v\/","url":"https:\/\/marktxxl.de\/markt\/produkt\/ws2812-5050-rgb-led-ring-24-bit-led-ring-lampe-licht-mit-integrierten-treibern-dc-5v\/","name":"WS2812 5050 RGB-LED-Ring 24-Bit LED Ring Lampe Licht mit integrierten Treibern DC 5V - Markt-XXL","isPartOf":{"@id":"https:\/\/marktxxl.de\/markt\/#website"},"primaryImageOfPage":{"@id":"https:\/\/marktxxl.de\/markt\/produkt\/ws2812-5050-rgb-led-ring-24-bit-led-ring-lampe-licht-mit-integrierten-treibern-dc-5v\/#primaryimage"},"image":{"@id":"https:\/\/marktxxl.de\/markt\/produkt\/ws2812-5050-rgb-led-ring-24-bit-led-ring-lampe-licht-mit-integrierten-treibern-dc-5v\/#primaryimage"},"thumbnailUrl":"https:\/\/m.media-amazon.com\/images\/I\/41wFlSXaI3L._SL500_.jpg","datePublished":"2021-09-13T18:34:12+00:00","dateModified":"2023-04-10T23:49:00+00:00","description":"Markt-XXL WS2812 5050 RGB-LED-Ring 24-Bit LED Ring Lampe Licht mit integrierten Treibern DC 5V","breadcrumb":{"@id":"https:\/\/marktxxl.de\/markt\/produkt\/ws2812-5050-rgb-led-ring-24-bit-led-ring-lampe-licht-mit-integrierten-treibern-dc-5v\/#breadcrumb"},"inLanguage":"de","potentialAction":[{"@type":"ReadAction","target":["https:\/\/marktxxl.de\/markt\/produkt\/ws2812-5050-rgb-led-ring-24-bit-led-ring-lampe-licht-mit-integrierten-treibern-dc-5v\/"]}]},{"@type":"ImageObject","inLanguage":"de","@id":"https:\/\/marktxxl.de\/markt\/produkt\/ws2812-5050-rgb-led-ring-24-bit-led-ring-lampe-licht-mit-integrierten-treibern-dc-5v\/#primaryimage","url":"https:\/\/m.media-amazon.com\/images\/I\/41wFlSXaI3L._SL500_.jpg","contentUrl":"https:\/\/m.media-amazon.com\/images\/I\/41wFlSXaI3L._SL500_.jpg","width":500,"height":500},{"@type":"BreadcrumbList","@id":"https:\/\/marktxxl.de\/markt\/produkt\/ws2812-5050-rgb-led-ring-24-bit-led-ring-lampe-licht-mit-integrierten-treibern-dc-5v\/#breadcrumb","itemListElement":[{"@type":"ListItem","position":1,"name":"Startseite","item":"https:\/\/marktxxl.de\/markt\/"},{"@type":"ListItem","position":2,"name":"Markt","item":"https:\/\/marktxxl.de\/markt\/"},{"@type":"ListItem","position":3,"name":"WS2812 5050 RGB-LED-Ring 24-Bit LED Ring Lampe Licht mit integrierten Treibern DC 5V"}]},{"@type":"WebSite","@id":"https:\/\/marktxxl.de\/markt\/#website","url":"https:\/\/marktxxl.de\/markt\/","name":"Markt-XXL","description":"Ihr Markt Online","publisher":{"@id":"https:\/\/marktxxl.de\/markt\/#organization"},"potentialAction":[{"@type":"SearchAction","target":{"@type":"EntryPoint","urlTemplate":"https:\/\/marktxxl.de\/markt\/?s={search_term_string}"},"query-input":{"@type":"PropertyValueSpecification","valueRequired":true,"valueName":"search_term_string"}}],"inLanguage":"de"},{"@type":"Organization","@id":"https:\/\/marktxxl.de\/markt\/#organization","name":"Markt-XXL","url":"https:\/\/marktxxl.de\/markt\/","logo":{"@type":"ImageObject","inLanguage":"de","@id":"https:\/\/marktxxl.de\/markt\/#\/schema\/logo\/image\/","url":"https:\/\/marktxxl.de\/markt\/wp-content\/uploads\/sites\/3\/2020\/12\/logo.png","contentUrl":"https:\/\/marktxxl.de\/markt\/wp-content\/uploads\/sites\/3\/2020\/12\/logo.png","width":200,"height":70,"caption":"Markt-XXL"},"image":{"@id":"https:\/\/marktxxl.de\/markt\/#\/schema\/logo\/image\/"}}]}},"_links":{"self":[{"href":"https:\/\/marktxxl.de\/markt\/wp-json\/wp\/v2\/product\/34816","targetHints":{"allow":["GET"]}}],"collection":[{"href":"https:\/\/marktxxl.de\/markt\/wp-json\/wp\/v2\/product"}],"about":[{"href":"https:\/\/marktxxl.de\/markt\/wp-json\/wp\/v2\/types\/product"}],"replies":[{"embeddable":true,"href":"https:\/\/marktxxl.de\/markt\/wp-json\/wp\/v2\/comments?post=34816"}],"wp:featuredmedia":[{"embeddable":true,"href":"https:\/\/marktxxl.de\/markt\/wp-json\/wp\/v2\/media\/34817"}],"wp:attachment":[{"href":"https:\/\/marktxxl.de\/markt\/wp-json\/wp\/v2\/media?parent=34816"}],"wp:term":[{"taxonomy":"product_brand","embeddable":true,"href":"https:\/\/marktxxl.de\/markt\/wp-json\/wp\/v2\/product_brand?post=34816"},{"taxonomy":"product_cat","embeddable":true,"href":"https:\/\/marktxxl.de\/markt\/wp-json\/wp\/v2\/product_cat?post=34816"},{"taxonomy":"product_tag","embeddable":true,"href":"https:\/\/marktxxl.de\/markt\/wp-json\/wp\/v2\/product_tag?post=34816"}],"curies":[{"name":"wp","href":"https:\/\/api.w.org\/{rel}","templated":true}]}}