{"id":34686,"date":"2021-09-13T20:33:23","date_gmt":"2021-09-13T18:33:23","guid":{"rendered":"https:\/\/marktxxl.de\/markt\/produkt\/18-paare-neuheit-tier-baumwolle-low-cut-no-show-knoechel-socken-fuer-maedchen-frauen-bootssocken\/"},"modified":"2023-04-11T01:48:58","modified_gmt":"2023-04-10T23:48:58","slug":"18-paare-neuheit-tier-baumwolle-low-cut-no-show-knoechel-socken-fuer-maedchen-frauen-bootssocken","status":"publish","type":"product","link":"https:\/\/marktxxl.de\/markt\/produkt\/18-paare-neuheit-tier-baumwolle-low-cut-no-show-knoechel-socken-fuer-maedchen-frauen-bootssocken\/","title":{"rendered":"18 Paare Neuheit Tier Baumwolle Low Cut No Show Kn\u00f6chel Socken f\u00fcr M\u00e4dchen Frauen Bootssocken"},"content":{"rendered":"<p>Diese flachen Socken aus Baumwolle sind perfekt geeignet f\u00c3\u00bcr Kinder und M\u00c3\u00a4dchen (nicht j\u00c3\u00bcnger als 6 Jahre), junge M\u00c3\u00a4dchen, gro\u00c3\u0178e M\u00c3\u00a4dchen, Teenager, Damen (kleine F\u00c3\u00bc\u00c3\u0178e, die nicht gr\u00c3\u00c3\u0178er als US 7 Schuhgr\u00c3\u00c3\u0178en).<br \/>\nHochwertige Baumwolle \u00e2\u20ac\u201c Hochwertige, gek\u00c3\u00a4mmte Baumwolle (82 % australische Baumwolle, 15 % Polyester, 3 % Spandex), bequem, atmungsaktiv, absorbiert Schwei\u00c3\u0178, geruchsresistent, kann effektiv die Gesundheit der Haut sch\u00c3\u00bctzen. Tolle Kn\u00c3chelsocken f\u00c3\u00bcr Teenager, M\u00c3\u00a4dchen, Damen, f\u00c3\u00bcr Fr\u00c3\u00bchling, Sommer und Herbst, Herbst<br \/>\nKomfortables Design: Komfortable elastische B\u00c3\u00bcndchen und nahtloses Zehendesign, das nicht eng anliegt, es ist einfach anzuziehen und die Beine nicht zu dr\u00c3\u00bccken; U-Design f\u00c3\u00bcr Ferse sorgt f\u00c3\u00bcr eine gute Passform und bleibt an Ort und Stelle, nicht leicht abrutschen<br \/>\nVorteilspackung \u00e2\u20ac\u201c 18 Paar Socken mit niedlichen Tiermustern (Eule, Fuchs, B\u00c3\u00a4r, Schwein, Hase). So viele verschiedene Optionen. Bringt Ihnen ein wunderbares Leben, nie wieder gleich jeden Tag. Diese Baumwoll-Kn\u00c3chelsocken sind ideale Geburtstagsgeschenke und Weihnachtsgeschenke f\u00c3\u00bcr jugendliche M\u00c3\u00a4dchen, gro\u00c3\u0178e M\u00c3\u00a4dchen, Teenager-M\u00c3\u00a4dchen, Dame, Frauen, Tochter. Einfach zu kombinieren und zu Sneakern, Bootsschuhen, Loafern usw. Geeignet f\u00c3\u00bcr zu Hause und t\u00c3\u00a4gliche Freizeitkleidung.<br \/>\nInternational products have separate terms, are sold from abroad and may differ from local products, including fit, age ratings, and language of product, labeling or instructions.<br \/>\n<div class=\"main-cross-sell\" data-asin=\"B07S6MQL2L\">\n\n\t<div class=\"WooZone-cross-sell-loader\">\n\t\t<div>\n\t\t\t<div id=\"floatingBarsG\">\n\t\t\t\t<div class=\"blockG\" id=\"rotateG_01\"><\/div>\n\t\t\t\t<div class=\"blockG\" id=\"rotateG_02\"><\/div>\n\t\t\t\t<div class=\"blockG\" id=\"rotateG_03\"><\/div>\n\t\t\t\t<div class=\"blockG\" id=\"rotateG_04\"><\/div>\n\t\t\t\t<div class=\"blockG\" id=\"rotateG_05\"><\/div>\n\t\t\t\t<div class=\"blockG\" id=\"rotateG_06\"><\/div>\n\t\t\t\t<div class=\"blockG\" id=\"rotateG_07\"><\/div>\n\t\t\t\t<div class=\"blockG\" id=\"rotateG_08\"><\/div>\n\t\t\t<\/div>\n\t\t\t<div class=\"WooZone-cross-sell-loader-text\"><\/div>\n\t\t<\/div>\n\t<\/div>\n\n\t\t\n<\/div>\n<div style=\"clear:both;\"><\/div><\/p>\n","protected":false},"excerpt":{"rendered":"<p>Diese flachen Socken aus Baumwolle sind perfekt geeignet f\u00c3\u00bcr Kinder und M\u00c3\u00a4dchen (nicht j\u00c3\u00bcnger als 6 Jahre), junge M\u00c3\u00a4dchen, gro\u00c3\u0178e M\u00c3\u00a4dchen, Teenager, Damen (kleine F\u00c3\u00bc\u00c3\u0178e, die nicht gr\u00c3\u00c3\u0178er als US 7 Schuhgr\u00c3\u00c3\u0178en).<br \/>\nHochwertige Baumwolle \u00e2\u20ac\u201c Hochwertige, gek\u00c3\u00a4mmte Baumwolle (82 % australische Baumwolle, 15 % Polyester, 3 % Spandex), bequem, atmungsaktiv, absorbiert Schwei\u00c3\u0178, geruchsresistent, kann effektiv die Gesundheit der Haut sch\u00c3\u00bctzen. Tolle Kn\u00c3chelsocken f\u00c3\u00bcr Teenager, M\u00c3\u00a4dchen, Damen, f\u00c3\u00bcr Fr\u00c3\u00bchling, Sommer und Herbst, Herbst<br \/>\nKomfortables Design: Komfortable elastische B\u00c3\u00bcndchen und nahtloses Zehendesign, das nicht eng anliegt, es ist einfach anzuziehen und die Beine nicht zu dr\u00c3\u00bccken; U-Design f\u00c3\u00bcr Ferse sorgt f\u00c3\u00bcr eine gute Passform und bleibt an Ort und Stelle, nicht leicht abrutschen<\/p>\n","protected":false},"featured_media":34687,"comment_status":"open","ping_status":"closed","template":"","meta":[],"product_brand":[],"product_cat":[1186,3990],"product_tag":[],"class_list":{"0":"post-34686","1":"product","2":"type-product","3":"status-publish","4":"has-post-thumbnail","6":"product_cat-bekleidung","7":"product_cat-maedchen","8":"pa_binding-textilien","9":"pa_brand-marjunsep","10":"pa_brand-thames-hudson","11":"pa_size-s","13":"first","14":"instock","15":"shipping-taxable","16":"purchasable","17":"product-type-simple","18":"customify-col","19":"product-has-gallery"},"yoast_head":"<!-- This site is optimized with the Yoast SEO plugin v27.4 - https:\/\/yoast.com\/product\/yoast-seo-wordpress\/ -->\n<title>18 Paare Neuheit Tier Baumwolle Low Cut No Show Kn\u00f6chel Socken f\u00fcr M\u00e4dchen Frauen Bootssocken - Markt-XXL<\/title>\n<meta name=\"description\" content=\"Markt-XXL 18 Paare Neuheit Tier Baumwolle Low Cut No Show Kn\u00f6chel Socken f\u00fcr M\u00e4dchen Frauen Bootssocken\" \/>\n<meta name=\"robots\" content=\"index, follow, max-snippet:-1, max-image-preview:large, max-video-preview:-1\" \/>\n<link rel=\"canonical\" href=\"https:\/\/marktxxl.de\/markt\/produkt\/18-paare-neuheit-tier-baumwolle-low-cut-no-show-knoechel-socken-fuer-maedchen-frauen-bootssocken\/\" \/>\n<meta property=\"og:locale\" content=\"de_DE\" \/>\n<meta property=\"og:type\" content=\"article\" \/>\n<meta property=\"og:title\" content=\"18 Paare Neuheit Tier Baumwolle Low Cut No Show Kn\u00f6chel Socken f\u00fcr M\u00e4dchen Frauen Bootssocken - Markt-XXL\" \/>\n<meta property=\"og:description\" content=\"Markt-XXL 18 Paare Neuheit Tier Baumwolle Low Cut No Show Kn\u00f6chel Socken f\u00fcr M\u00e4dchen Frauen Bootssocken\" \/>\n<meta property=\"og:url\" content=\"https:\/\/marktxxl.de\/markt\/produkt\/18-paare-neuheit-tier-baumwolle-low-cut-no-show-knoechel-socken-fuer-maedchen-frauen-bootssocken\/\" \/>\n<meta property=\"og:site_name\" content=\"Markt-XXL\" \/>\n<meta property=\"article:modified_time\" content=\"2023-04-10T23:48:58+00:00\" \/>\n<meta property=\"og:image\" content=\"https:\/\/m.media-amazon.com\/images\/I\/41ZYZTm6pwL._SL500_.jpg\" \/>\n\t<meta property=\"og:image:width\" content=\"353\" \/>\n\t<meta property=\"og:image:height\" content=\"500\" \/>\n\t<meta property=\"og:image:type\" content=\"image\/jpeg\" \/>\n<meta name=\"twitter:card\" content=\"summary_large_image\" \/>\n<meta name=\"twitter:label1\" content=\"Gesch\u00e4tzte Lesezeit\" \/>\n\t<meta name=\"twitter:data1\" content=\"1\u00a0Minute\" \/>\n<script type=\"application\/ld+json\" class=\"yoast-schema-graph\">{\"@context\":\"https:\\\/\\\/schema.org\",\"@graph\":[{\"@type\":\"WebPage\",\"@id\":\"https:\\\/\\\/marktxxl.de\\\/markt\\\/produkt\\\/18-paare-neuheit-tier-baumwolle-low-cut-no-show-knoechel-socken-fuer-maedchen-frauen-bootssocken\\\/\",\"url\":\"https:\\\/\\\/marktxxl.de\\\/markt\\\/produkt\\\/18-paare-neuheit-tier-baumwolle-low-cut-no-show-knoechel-socken-fuer-maedchen-frauen-bootssocken\\\/\",\"name\":\"18 Paare Neuheit Tier Baumwolle Low Cut No Show Kn\u00f6chel Socken f\u00fcr M\u00e4dchen Frauen Bootssocken - Markt-XXL\",\"isPartOf\":{\"@id\":\"https:\\\/\\\/marktxxl.de\\\/markt\\\/#website\"},\"primaryImageOfPage\":{\"@id\":\"https:\\\/\\\/marktxxl.de\\\/markt\\\/produkt\\\/18-paare-neuheit-tier-baumwolle-low-cut-no-show-knoechel-socken-fuer-maedchen-frauen-bootssocken\\\/#primaryimage\"},\"image\":{\"@id\":\"https:\\\/\\\/marktxxl.de\\\/markt\\\/produkt\\\/18-paare-neuheit-tier-baumwolle-low-cut-no-show-knoechel-socken-fuer-maedchen-frauen-bootssocken\\\/#primaryimage\"},\"thumbnailUrl\":\"https:\\\/\\\/m.media-amazon.com\\\/images\\\/I\\\/41ZYZTm6pwL._SL500_.jpg\",\"datePublished\":\"2021-09-13T18:33:23+00:00\",\"dateModified\":\"2023-04-10T23:48:58+00:00\",\"description\":\"Markt-XXL 18 Paare Neuheit Tier Baumwolle Low Cut No Show Kn\u00f6chel Socken f\u00fcr M\u00e4dchen Frauen Bootssocken\",\"breadcrumb\":{\"@id\":\"https:\\\/\\\/marktxxl.de\\\/markt\\\/produkt\\\/18-paare-neuheit-tier-baumwolle-low-cut-no-show-knoechel-socken-fuer-maedchen-frauen-bootssocken\\\/#breadcrumb\"},\"inLanguage\":\"de\",\"potentialAction\":[{\"@type\":\"ReadAction\",\"target\":[\"https:\\\/\\\/marktxxl.de\\\/markt\\\/produkt\\\/18-paare-neuheit-tier-baumwolle-low-cut-no-show-knoechel-socken-fuer-maedchen-frauen-bootssocken\\\/\"]}]},{\"@type\":\"ImageObject\",\"inLanguage\":\"de\",\"@id\":\"https:\\\/\\\/marktxxl.de\\\/markt\\\/produkt\\\/18-paare-neuheit-tier-baumwolle-low-cut-no-show-knoechel-socken-fuer-maedchen-frauen-bootssocken\\\/#primaryimage\",\"url\":\"https:\\\/\\\/m.media-amazon.com\\\/images\\\/I\\\/41ZYZTm6pwL._SL500_.jpg\",\"contentUrl\":\"https:\\\/\\\/m.media-amazon.com\\\/images\\\/I\\\/41ZYZTm6pwL._SL500_.jpg\",\"width\":353,\"height\":500},{\"@type\":\"BreadcrumbList\",\"@id\":\"https:\\\/\\\/marktxxl.de\\\/markt\\\/produkt\\\/18-paare-neuheit-tier-baumwolle-low-cut-no-show-knoechel-socken-fuer-maedchen-frauen-bootssocken\\\/#breadcrumb\",\"itemListElement\":[{\"@type\":\"ListItem\",\"position\":1,\"name\":\"Startseite\",\"item\":\"https:\\\/\\\/marktxxl.de\\\/markt\\\/\"},{\"@type\":\"ListItem\",\"position\":2,\"name\":\"Markt\",\"item\":\"https:\\\/\\\/marktxxl.de\\\/markt\\\/\"},{\"@type\":\"ListItem\",\"position\":3,\"name\":\"18 Paare Neuheit Tier Baumwolle Low Cut No Show Kn\u00f6chel Socken f\u00fcr M\u00e4dchen Frauen Bootssocken\"}]},{\"@type\":\"WebSite\",\"@id\":\"https:\\\/\\\/marktxxl.de\\\/markt\\\/#website\",\"url\":\"https:\\\/\\\/marktxxl.de\\\/markt\\\/\",\"name\":\"Markt-XXL\",\"description\":\"Ihr Markt Online\",\"publisher\":{\"@id\":\"https:\\\/\\\/marktxxl.de\\\/markt\\\/#organization\"},\"potentialAction\":[{\"@type\":\"SearchAction\",\"target\":{\"@type\":\"EntryPoint\",\"urlTemplate\":\"https:\\\/\\\/marktxxl.de\\\/markt\\\/?s={search_term_string}\"},\"query-input\":{\"@type\":\"PropertyValueSpecification\",\"valueRequired\":true,\"valueName\":\"search_term_string\"}}],\"inLanguage\":\"de\"},{\"@type\":\"Organization\",\"@id\":\"https:\\\/\\\/marktxxl.de\\\/markt\\\/#organization\",\"name\":\"Markt-XXL\",\"url\":\"https:\\\/\\\/marktxxl.de\\\/markt\\\/\",\"logo\":{\"@type\":\"ImageObject\",\"inLanguage\":\"de\",\"@id\":\"https:\\\/\\\/marktxxl.de\\\/markt\\\/#\\\/schema\\\/logo\\\/image\\\/\",\"url\":\"https:\\\/\\\/marktxxl.de\\\/markt\\\/wp-content\\\/uploads\\\/sites\\\/3\\\/2020\\\/12\\\/logo.png\",\"contentUrl\":\"https:\\\/\\\/marktxxl.de\\\/markt\\\/wp-content\\\/uploads\\\/sites\\\/3\\\/2020\\\/12\\\/logo.png\",\"width\":200,\"height\":70,\"caption\":\"Markt-XXL\"},\"image\":{\"@id\":\"https:\\\/\\\/marktxxl.de\\\/markt\\\/#\\\/schema\\\/logo\\\/image\\\/\"}}]}<\/script>\n<!-- \/ Yoast SEO plugin. -->","yoast_head_json":{"title":"18 Paare Neuheit Tier Baumwolle Low Cut No Show Kn\u00f6chel Socken f\u00fcr M\u00e4dchen Frauen Bootssocken - Markt-XXL","description":"Markt-XXL 18 Paare Neuheit Tier Baumwolle Low Cut No Show Kn\u00f6chel Socken f\u00fcr M\u00e4dchen Frauen Bootssocken","robots":{"index":"index","follow":"follow","max-snippet":"max-snippet:-1","max-image-preview":"max-image-preview:large","max-video-preview":"max-video-preview:-1"},"canonical":"https:\/\/marktxxl.de\/markt\/produkt\/18-paare-neuheit-tier-baumwolle-low-cut-no-show-knoechel-socken-fuer-maedchen-frauen-bootssocken\/","og_locale":"de_DE","og_type":"article","og_title":"18 Paare Neuheit Tier Baumwolle Low Cut No Show Kn\u00f6chel Socken f\u00fcr M\u00e4dchen Frauen Bootssocken - Markt-XXL","og_description":"Markt-XXL 18 Paare Neuheit Tier Baumwolle Low Cut No Show Kn\u00f6chel Socken f\u00fcr M\u00e4dchen Frauen Bootssocken","og_url":"https:\/\/marktxxl.de\/markt\/produkt\/18-paare-neuheit-tier-baumwolle-low-cut-no-show-knoechel-socken-fuer-maedchen-frauen-bootssocken\/","og_site_name":"Markt-XXL","article_modified_time":"2023-04-10T23:48:58+00:00","og_image":[{"width":353,"height":500,"url":"https:\/\/m.media-amazon.com\/images\/I\/41ZYZTm6pwL._SL500_.jpg","type":"image\/jpeg"}],"twitter_card":"summary_large_image","twitter_misc":{"Gesch\u00e4tzte Lesezeit":"1\u00a0Minute"},"schema":{"@context":"https:\/\/schema.org","@graph":[{"@type":"WebPage","@id":"https:\/\/marktxxl.de\/markt\/produkt\/18-paare-neuheit-tier-baumwolle-low-cut-no-show-knoechel-socken-fuer-maedchen-frauen-bootssocken\/","url":"https:\/\/marktxxl.de\/markt\/produkt\/18-paare-neuheit-tier-baumwolle-low-cut-no-show-knoechel-socken-fuer-maedchen-frauen-bootssocken\/","name":"18 Paare Neuheit Tier Baumwolle Low Cut No Show Kn\u00f6chel Socken f\u00fcr M\u00e4dchen Frauen Bootssocken - Markt-XXL","isPartOf":{"@id":"https:\/\/marktxxl.de\/markt\/#website"},"primaryImageOfPage":{"@id":"https:\/\/marktxxl.de\/markt\/produkt\/18-paare-neuheit-tier-baumwolle-low-cut-no-show-knoechel-socken-fuer-maedchen-frauen-bootssocken\/#primaryimage"},"image":{"@id":"https:\/\/marktxxl.de\/markt\/produkt\/18-paare-neuheit-tier-baumwolle-low-cut-no-show-knoechel-socken-fuer-maedchen-frauen-bootssocken\/#primaryimage"},"thumbnailUrl":"https:\/\/m.media-amazon.com\/images\/I\/41ZYZTm6pwL._SL500_.jpg","datePublished":"2021-09-13T18:33:23+00:00","dateModified":"2023-04-10T23:48:58+00:00","description":"Markt-XXL 18 Paare Neuheit Tier Baumwolle Low Cut No Show Kn\u00f6chel Socken f\u00fcr M\u00e4dchen Frauen Bootssocken","breadcrumb":{"@id":"https:\/\/marktxxl.de\/markt\/produkt\/18-paare-neuheit-tier-baumwolle-low-cut-no-show-knoechel-socken-fuer-maedchen-frauen-bootssocken\/#breadcrumb"},"inLanguage":"de","potentialAction":[{"@type":"ReadAction","target":["https:\/\/marktxxl.de\/markt\/produkt\/18-paare-neuheit-tier-baumwolle-low-cut-no-show-knoechel-socken-fuer-maedchen-frauen-bootssocken\/"]}]},{"@type":"ImageObject","inLanguage":"de","@id":"https:\/\/marktxxl.de\/markt\/produkt\/18-paare-neuheit-tier-baumwolle-low-cut-no-show-knoechel-socken-fuer-maedchen-frauen-bootssocken\/#primaryimage","url":"https:\/\/m.media-amazon.com\/images\/I\/41ZYZTm6pwL._SL500_.jpg","contentUrl":"https:\/\/m.media-amazon.com\/images\/I\/41ZYZTm6pwL._SL500_.jpg","width":353,"height":500},{"@type":"BreadcrumbList","@id":"https:\/\/marktxxl.de\/markt\/produkt\/18-paare-neuheit-tier-baumwolle-low-cut-no-show-knoechel-socken-fuer-maedchen-frauen-bootssocken\/#breadcrumb","itemListElement":[{"@type":"ListItem","position":1,"name":"Startseite","item":"https:\/\/marktxxl.de\/markt\/"},{"@type":"ListItem","position":2,"name":"Markt","item":"https:\/\/marktxxl.de\/markt\/"},{"@type":"ListItem","position":3,"name":"18 Paare Neuheit Tier Baumwolle Low Cut No Show Kn\u00f6chel Socken f\u00fcr M\u00e4dchen Frauen Bootssocken"}]},{"@type":"WebSite","@id":"https:\/\/marktxxl.de\/markt\/#website","url":"https:\/\/marktxxl.de\/markt\/","name":"Markt-XXL","description":"Ihr Markt Online","publisher":{"@id":"https:\/\/marktxxl.de\/markt\/#organization"},"potentialAction":[{"@type":"SearchAction","target":{"@type":"EntryPoint","urlTemplate":"https:\/\/marktxxl.de\/markt\/?s={search_term_string}"},"query-input":{"@type":"PropertyValueSpecification","valueRequired":true,"valueName":"search_term_string"}}],"inLanguage":"de"},{"@type":"Organization","@id":"https:\/\/marktxxl.de\/markt\/#organization","name":"Markt-XXL","url":"https:\/\/marktxxl.de\/markt\/","logo":{"@type":"ImageObject","inLanguage":"de","@id":"https:\/\/marktxxl.de\/markt\/#\/schema\/logo\/image\/","url":"https:\/\/marktxxl.de\/markt\/wp-content\/uploads\/sites\/3\/2020\/12\/logo.png","contentUrl":"https:\/\/marktxxl.de\/markt\/wp-content\/uploads\/sites\/3\/2020\/12\/logo.png","width":200,"height":70,"caption":"Markt-XXL"},"image":{"@id":"https:\/\/marktxxl.de\/markt\/#\/schema\/logo\/image\/"}}]}},"_links":{"self":[{"href":"https:\/\/marktxxl.de\/markt\/wp-json\/wp\/v2\/product\/34686","targetHints":{"allow":["GET"]}}],"collection":[{"href":"https:\/\/marktxxl.de\/markt\/wp-json\/wp\/v2\/product"}],"about":[{"href":"https:\/\/marktxxl.de\/markt\/wp-json\/wp\/v2\/types\/product"}],"replies":[{"embeddable":true,"href":"https:\/\/marktxxl.de\/markt\/wp-json\/wp\/v2\/comments?post=34686"}],"wp:featuredmedia":[{"embeddable":true,"href":"https:\/\/marktxxl.de\/markt\/wp-json\/wp\/v2\/media\/34687"}],"wp:attachment":[{"href":"https:\/\/marktxxl.de\/markt\/wp-json\/wp\/v2\/media?parent=34686"}],"wp:term":[{"taxonomy":"product_brand","embeddable":true,"href":"https:\/\/marktxxl.de\/markt\/wp-json\/wp\/v2\/product_brand?post=34686"},{"taxonomy":"product_cat","embeddable":true,"href":"https:\/\/marktxxl.de\/markt\/wp-json\/wp\/v2\/product_cat?post=34686"},{"taxonomy":"product_tag","embeddable":true,"href":"https:\/\/marktxxl.de\/markt\/wp-json\/wp\/v2\/product_tag?post=34686"}],"curies":[{"name":"wp","href":"https:\/\/api.w.org\/{rel}","templated":true}]}}