{"id":34660,"date":"2021-09-13T20:33:13","date_gmt":"2021-09-13T18:33:13","guid":{"rendered":"https:\/\/marktxxl.de\/markt\/produkt\/weihnachtliche-3d-brille-urlaubsspezifikationen-verwandeln-lichter-in-magisches-schneeflocken-bild-25-stueck\/"},"modified":"2023-04-11T01:48:57","modified_gmt":"2023-04-10T23:48:57","slug":"weihnachtliche-3d-brille-urlaubsspezifikationen-verwandeln-lichter-in-magisches-schneeflocken-bild-25-stueck","status":"publish","type":"product","link":"https:\/\/marktxxl.de\/markt\/produkt\/weihnachtliche-3d-brille-urlaubsspezifikationen-verwandeln-lichter-in-magisches-schneeflocken-bild-25-stueck\/","title":{"rendered":"Weihnachts-3D-Brille \u2013 Urlaubsspezifikationen verwandeln Lichter in magisches Schneeflockenbild, 25 St\u00fcck"},"content":{"rendered":"<p>Machen Sie Weihnachtserinnerungen \u00e2\u20ac\u201c diese einzigartige 3D-Brille verwandelt gew\u00c3hnliche Weihnachts- oder LED-Lichter und andere Lichtquellen in magische, holografische Schneeflocken. Verwenden Sie diese Gl\u00c3\u00a4ser als Familie, um eine neue Urlaubstradition zu schaffen!<br \/>\nEinzigartiges Urlaubsgeschenk \u00e2\u20ac\u201c d\u00c3\u00bcnn genug, um in Weihnachtskarten zu passen, klein genug, um in einen Weihnachtsstrumpf zu passen, unsere Gl\u00c3\u00a4ser sind eine tolle Erg\u00c3\u00a4nzung f\u00c3\u00bcr Ihr Geschenk in dieser Saison.<br \/>\nKinder-Favorit \u00e2\u20ac\u201c Kleinkinder, junge Kinder und Jugendliche werden gleicherma\u00c3\u0178en eine Explosion haben, mit Lichtquellen zu experimentieren und Schneeflocken an Weihnachtsb\u00c3\u00a4umen und Lichtshows zu z\u00c3\u00a4hlen.<br \/>\nEin lustiges Gruppenerlebnis \u00e2\u20ac\u201c bringen Sie Spannung und Freude auf die Firmenparty oder das Familienfest. Unsere hochwertigen Papiergl\u00c3\u00a4ser werden in einer 25er-Packung geliefert und sind eine gro\u00c3\u0178artige M\u00c3glichkeit, um einen festlichen Flair auf Gesch\u00c3\u00a4ftsfeiern, Kirchenfeiern oder Schulklassenzimmer zu verleihen.<br \/>\nInternational products have separate terms, are sold from abroad and may differ from local products, including fit, age ratings, and language of product, labeling or instructions.<br \/>\n<div class=\"main-cross-sell\" data-asin=\"B07YS7P118\">\n\n\t<div class=\"WooZone-cross-sell-loader\">\n\t\t<div>\n\t\t\t<div id=\"floatingBarsG\">\n\t\t\t\t<div class=\"blockG\" id=\"rotateG_01\"><\/div>\n\t\t\t\t<div class=\"blockG\" id=\"rotateG_02\"><\/div>\n\t\t\t\t<div class=\"blockG\" id=\"rotateG_03\"><\/div>\n\t\t\t\t<div class=\"blockG\" id=\"rotateG_04\"><\/div>\n\t\t\t\t<div class=\"blockG\" id=\"rotateG_05\"><\/div>\n\t\t\t\t<div class=\"blockG\" id=\"rotateG_06\"><\/div>\n\t\t\t\t<div class=\"blockG\" id=\"rotateG_07\"><\/div>\n\t\t\t\t<div class=\"blockG\" id=\"rotateG_08\"><\/div>\n\t\t\t<\/div>\n\t\t\t<div class=\"WooZone-cross-sell-loader-text\"><\/div>\n\t\t<\/div>\n\t<\/div>\n\n\t\t\n<\/div>\n<div style=\"clear:both;\"><\/div><\/p>\n","protected":false},"excerpt":{"rendered":"<p>Machen Sie Weihnachtserinnerungen \u00e2\u20ac\u201c diese einzigartige 3D-Brille verwandelt gew\u00c3hnliche Weihnachts- oder LED-Lichter und andere Lichtquellen in magische, holografische Schneeflocken. Verwenden Sie diese Gl\u00c3\u00a4ser als Familie, um eine neue Urlaubstradition zu schaffen!<br \/>\nEinzigartiges Urlaubsgeschenk \u00e2\u20ac\u201c d\u00c3\u00bcnn genug, um in Weihnachtskarten zu passen, klein genug, um in einen Weihnachtsstrumpf zu passen, unsere Gl\u00c3\u00a4ser sind eine tolle Erg\u00c3\u00a4nzung f\u00c3\u00bcr Ihr Geschenk in dieser Saison.<br \/>\nKinder-Favorit \u00e2\u20ac\u201c Kleinkinder, junge Kinder und Jugendliche werden gleicherma\u00c3\u0178en eine Explosion haben, mit Lichtquellen zu experimentieren und Schneeflocken an Weihnachtsb\u00c3\u00a4umen und Lichtshows zu z\u00c3\u00a4hlen.<\/p>\n","protected":false},"featured_media":34661,"comment_status":"open","ping_status":"closed","template":"","meta":[],"product_brand":[],"product_cat":[2108,15622],"product_tag":[],"class_list":{"0":"post-34660","1":"product","2":"type-product","3":"status-publish","4":"has-post-thumbnail","6":"product_cat-beleuchtung","7":"product_cat-lichterketten","8":"pa_binding-elektronik","9":"pa_brand-gsm-brands","10":"pa_manufacturer-gsm-brands","11":"pa_size-25-pack","13":"first","14":"instock","15":"shipping-taxable","16":"purchasable","17":"product-type-simple","18":"customify-col","19":"product-has-gallery"},"yoast_head":"<!-- This site is optimized with the Yoast SEO plugin v27.3 - https:\/\/yoast.com\/product\/yoast-seo-wordpress\/ -->\n<title>Weihnachts-3D-Brille \u2013 Urlaubsspezifikationen verwandeln Lichter in magisches Schneeflockenbild, 25 St\u00fcck - Markt-XXL<\/title>\n<meta name=\"description\" content=\"Markt-XXL Weihnachts-3D-Brille \u2013 Urlaubsspezifikationen verwandeln Lichter in magisches Schneeflockenbild, 25 St\u00fcck\" \/>\n<meta name=\"robots\" content=\"index, follow, max-snippet:-1, max-image-preview:large, max-video-preview:-1\" \/>\n<link rel=\"canonical\" href=\"https:\/\/marktxxl.de\/markt\/produkt\/weihnachtliche-3d-brille-urlaubsspezifikationen-verwandeln-lichter-in-magisches-schneeflocken-bild-25-stueck\/\" \/>\n<meta property=\"og:locale\" content=\"de_DE\" \/>\n<meta property=\"og:type\" content=\"article\" \/>\n<meta property=\"og:title\" content=\"Weihnachts-3D-Brille \u2013 Urlaubsspezifikationen verwandeln Lichter in magisches Schneeflockenbild, 25 St\u00fcck - Markt-XXL\" \/>\n<meta property=\"og:description\" content=\"Markt-XXL Weihnachts-3D-Brille \u2013 Urlaubsspezifikationen verwandeln Lichter in magisches Schneeflockenbild, 25 St\u00fcck\" \/>\n<meta property=\"og:url\" content=\"https:\/\/marktxxl.de\/markt\/produkt\/weihnachtliche-3d-brille-urlaubsspezifikationen-verwandeln-lichter-in-magisches-schneeflocken-bild-25-stueck\/\" \/>\n<meta property=\"og:site_name\" content=\"Markt-XXL\" \/>\n<meta property=\"article:modified_time\" content=\"2023-04-10T23:48:57+00:00\" \/>\n<meta property=\"og:image\" content=\"https:\/\/m.media-amazon.com\/images\/I\/51Mnu4hPyqL._SL500_.jpg\" \/>\n\t<meta property=\"og:image:width\" content=\"500\" \/>\n\t<meta property=\"og:image:height\" content=\"500\" \/>\n\t<meta property=\"og:image:type\" content=\"image\/jpeg\" \/>\n<meta name=\"twitter:card\" content=\"summary_large_image\" \/>\n<meta name=\"twitter:label1\" content=\"Gesch\u00e4tzte Lesezeit\" \/>\n\t<meta name=\"twitter:data1\" content=\"1\u00a0Minute\" \/>\n<script type=\"application\/ld+json\" class=\"yoast-schema-graph\">{\"@context\":\"https:\\\/\\\/schema.org\",\"@graph\":[{\"@type\":\"WebPage\",\"@id\":\"https:\\\/\\\/marktxxl.de\\\/markt\\\/produkt\\\/weihnachtliche-3d-brille-urlaubsspezifikationen-verwandeln-lichter-in-magisches-schneeflocken-bild-25-stueck\\\/\",\"url\":\"https:\\\/\\\/marktxxl.de\\\/markt\\\/produkt\\\/weihnachtliche-3d-brille-urlaubsspezifikationen-verwandeln-lichter-in-magisches-schneeflocken-bild-25-stueck\\\/\",\"name\":\"Weihnachts-3D-Brille \u2013 Urlaubsspezifikationen verwandeln Lichter in magisches Schneeflockenbild, 25 St\u00fcck - Markt-XXL\",\"isPartOf\":{\"@id\":\"https:\\\/\\\/marktxxl.de\\\/markt\\\/#website\"},\"primaryImageOfPage\":{\"@id\":\"https:\\\/\\\/marktxxl.de\\\/markt\\\/produkt\\\/weihnachtliche-3d-brille-urlaubsspezifikationen-verwandeln-lichter-in-magisches-schneeflocken-bild-25-stueck\\\/#primaryimage\"},\"image\":{\"@id\":\"https:\\\/\\\/marktxxl.de\\\/markt\\\/produkt\\\/weihnachtliche-3d-brille-urlaubsspezifikationen-verwandeln-lichter-in-magisches-schneeflocken-bild-25-stueck\\\/#primaryimage\"},\"thumbnailUrl\":\"https:\\\/\\\/m.media-amazon.com\\\/images\\\/I\\\/51Mnu4hPyqL._SL500_.jpg\",\"datePublished\":\"2021-09-13T18:33:13+00:00\",\"dateModified\":\"2023-04-10T23:48:57+00:00\",\"description\":\"Markt-XXL Weihnachts-3D-Brille \u2013 Urlaubsspezifikationen verwandeln Lichter in magisches Schneeflockenbild, 25 St\u00fcck\",\"breadcrumb\":{\"@id\":\"https:\\\/\\\/marktxxl.de\\\/markt\\\/produkt\\\/weihnachtliche-3d-brille-urlaubsspezifikationen-verwandeln-lichter-in-magisches-schneeflocken-bild-25-stueck\\\/#breadcrumb\"},\"inLanguage\":\"de\",\"potentialAction\":[{\"@type\":\"ReadAction\",\"target\":[\"https:\\\/\\\/marktxxl.de\\\/markt\\\/produkt\\\/weihnachtliche-3d-brille-urlaubsspezifikationen-verwandeln-lichter-in-magisches-schneeflocken-bild-25-stueck\\\/\"]}]},{\"@type\":\"ImageObject\",\"inLanguage\":\"de\",\"@id\":\"https:\\\/\\\/marktxxl.de\\\/markt\\\/produkt\\\/weihnachtliche-3d-brille-urlaubsspezifikationen-verwandeln-lichter-in-magisches-schneeflocken-bild-25-stueck\\\/#primaryimage\",\"url\":\"https:\\\/\\\/m.media-amazon.com\\\/images\\\/I\\\/51Mnu4hPyqL._SL500_.jpg\",\"contentUrl\":\"https:\\\/\\\/m.media-amazon.com\\\/images\\\/I\\\/51Mnu4hPyqL._SL500_.jpg\",\"width\":500,\"height\":500},{\"@type\":\"BreadcrumbList\",\"@id\":\"https:\\\/\\\/marktxxl.de\\\/markt\\\/produkt\\\/weihnachtliche-3d-brille-urlaubsspezifikationen-verwandeln-lichter-in-magisches-schneeflocken-bild-25-stueck\\\/#breadcrumb\",\"itemListElement\":[{\"@type\":\"ListItem\",\"position\":1,\"name\":\"Startseite\",\"item\":\"https:\\\/\\\/marktxxl.de\\\/markt\\\/\"},{\"@type\":\"ListItem\",\"position\":2,\"name\":\"Markt\",\"item\":\"https:\\\/\\\/marktxxl.de\\\/markt\\\/\"},{\"@type\":\"ListItem\",\"position\":3,\"name\":\"Weihnachts-3D-Brille \u2013 Urlaubsspezifikationen verwandeln Lichter in magisches Schneeflockenbild, 25 St\u00fcck\"}]},{\"@type\":\"WebSite\",\"@id\":\"https:\\\/\\\/marktxxl.de\\\/markt\\\/#website\",\"url\":\"https:\\\/\\\/marktxxl.de\\\/markt\\\/\",\"name\":\"Markt-XXL\",\"description\":\"Ihr Markt Online\",\"publisher\":{\"@id\":\"https:\\\/\\\/marktxxl.de\\\/markt\\\/#organization\"},\"potentialAction\":[{\"@type\":\"SearchAction\",\"target\":{\"@type\":\"EntryPoint\",\"urlTemplate\":\"https:\\\/\\\/marktxxl.de\\\/markt\\\/?s={search_term_string}\"},\"query-input\":{\"@type\":\"PropertyValueSpecification\",\"valueRequired\":true,\"valueName\":\"search_term_string\"}}],\"inLanguage\":\"de\"},{\"@type\":\"Organization\",\"@id\":\"https:\\\/\\\/marktxxl.de\\\/markt\\\/#organization\",\"name\":\"Markt-XXL\",\"url\":\"https:\\\/\\\/marktxxl.de\\\/markt\\\/\",\"logo\":{\"@type\":\"ImageObject\",\"inLanguage\":\"de\",\"@id\":\"https:\\\/\\\/marktxxl.de\\\/markt\\\/#\\\/schema\\\/logo\\\/image\\\/\",\"url\":\"https:\\\/\\\/marktxxl.de\\\/markt\\\/wp-content\\\/uploads\\\/sites\\\/3\\\/2020\\\/12\\\/logo.png\",\"contentUrl\":\"https:\\\/\\\/marktxxl.de\\\/markt\\\/wp-content\\\/uploads\\\/sites\\\/3\\\/2020\\\/12\\\/logo.png\",\"width\":200,\"height\":70,\"caption\":\"Markt-XXL\"},\"image\":{\"@id\":\"https:\\\/\\\/marktxxl.de\\\/markt\\\/#\\\/schema\\\/logo\\\/image\\\/\"}}]}<\/script>\n<!-- \/ Yoast SEO plugin. -->","yoast_head_json":{"title":"Weihnachts-3D-Brille \u2013 Urlaubsspezifikationen verwandeln Lichter in magisches Schneeflockenbild, 25 St\u00fcck - Markt-XXL","description":"Markt-XXL Weihnachts-3D-Brille \u2013 Urlaubsspezifikationen verwandeln Lichter in magisches Schneeflockenbild, 25 St\u00fcck","robots":{"index":"index","follow":"follow","max-snippet":"max-snippet:-1","max-image-preview":"max-image-preview:large","max-video-preview":"max-video-preview:-1"},"canonical":"https:\/\/marktxxl.de\/markt\/produkt\/weihnachtliche-3d-brille-urlaubsspezifikationen-verwandeln-lichter-in-magisches-schneeflocken-bild-25-stueck\/","og_locale":"de_DE","og_type":"article","og_title":"Weihnachts-3D-Brille \u2013 Urlaubsspezifikationen verwandeln Lichter in magisches Schneeflockenbild, 25 St\u00fcck - Markt-XXL","og_description":"Markt-XXL Weihnachts-3D-Brille \u2013 Urlaubsspezifikationen verwandeln Lichter in magisches Schneeflockenbild, 25 St\u00fcck","og_url":"https:\/\/marktxxl.de\/markt\/produkt\/weihnachtliche-3d-brille-urlaubsspezifikationen-verwandeln-lichter-in-magisches-schneeflocken-bild-25-stueck\/","og_site_name":"Markt-XXL","article_modified_time":"2023-04-10T23:48:57+00:00","og_image":[{"width":500,"height":500,"url":"https:\/\/m.media-amazon.com\/images\/I\/51Mnu4hPyqL._SL500_.jpg","type":"image\/jpeg"}],"twitter_card":"summary_large_image","twitter_misc":{"Gesch\u00e4tzte Lesezeit":"1\u00a0Minute"},"schema":{"@context":"https:\/\/schema.org","@graph":[{"@type":"WebPage","@id":"https:\/\/marktxxl.de\/markt\/produkt\/weihnachtliche-3d-brille-urlaubsspezifikationen-verwandeln-lichter-in-magisches-schneeflocken-bild-25-stueck\/","url":"https:\/\/marktxxl.de\/markt\/produkt\/weihnachtliche-3d-brille-urlaubsspezifikationen-verwandeln-lichter-in-magisches-schneeflocken-bild-25-stueck\/","name":"Weihnachts-3D-Brille \u2013 Urlaubsspezifikationen verwandeln Lichter in magisches Schneeflockenbild, 25 St\u00fcck - Markt-XXL","isPartOf":{"@id":"https:\/\/marktxxl.de\/markt\/#website"},"primaryImageOfPage":{"@id":"https:\/\/marktxxl.de\/markt\/produkt\/weihnachtliche-3d-brille-urlaubsspezifikationen-verwandeln-lichter-in-magisches-schneeflocken-bild-25-stueck\/#primaryimage"},"image":{"@id":"https:\/\/marktxxl.de\/markt\/produkt\/weihnachtliche-3d-brille-urlaubsspezifikationen-verwandeln-lichter-in-magisches-schneeflocken-bild-25-stueck\/#primaryimage"},"thumbnailUrl":"https:\/\/m.media-amazon.com\/images\/I\/51Mnu4hPyqL._SL500_.jpg","datePublished":"2021-09-13T18:33:13+00:00","dateModified":"2023-04-10T23:48:57+00:00","description":"Markt-XXL Weihnachts-3D-Brille \u2013 Urlaubsspezifikationen verwandeln Lichter in magisches Schneeflockenbild, 25 St\u00fcck","breadcrumb":{"@id":"https:\/\/marktxxl.de\/markt\/produkt\/weihnachtliche-3d-brille-urlaubsspezifikationen-verwandeln-lichter-in-magisches-schneeflocken-bild-25-stueck\/#breadcrumb"},"inLanguage":"de","potentialAction":[{"@type":"ReadAction","target":["https:\/\/marktxxl.de\/markt\/produkt\/weihnachtliche-3d-brille-urlaubsspezifikationen-verwandeln-lichter-in-magisches-schneeflocken-bild-25-stueck\/"]}]},{"@type":"ImageObject","inLanguage":"de","@id":"https:\/\/marktxxl.de\/markt\/produkt\/weihnachtliche-3d-brille-urlaubsspezifikationen-verwandeln-lichter-in-magisches-schneeflocken-bild-25-stueck\/#primaryimage","url":"https:\/\/m.media-amazon.com\/images\/I\/51Mnu4hPyqL._SL500_.jpg","contentUrl":"https:\/\/m.media-amazon.com\/images\/I\/51Mnu4hPyqL._SL500_.jpg","width":500,"height":500},{"@type":"BreadcrumbList","@id":"https:\/\/marktxxl.de\/markt\/produkt\/weihnachtliche-3d-brille-urlaubsspezifikationen-verwandeln-lichter-in-magisches-schneeflocken-bild-25-stueck\/#breadcrumb","itemListElement":[{"@type":"ListItem","position":1,"name":"Startseite","item":"https:\/\/marktxxl.de\/markt\/"},{"@type":"ListItem","position":2,"name":"Markt","item":"https:\/\/marktxxl.de\/markt\/"},{"@type":"ListItem","position":3,"name":"Weihnachts-3D-Brille \u2013 Urlaubsspezifikationen verwandeln Lichter in magisches Schneeflockenbild, 25 St\u00fcck"}]},{"@type":"WebSite","@id":"https:\/\/marktxxl.de\/markt\/#website","url":"https:\/\/marktxxl.de\/markt\/","name":"Markt-XXL","description":"Ihr Markt Online","publisher":{"@id":"https:\/\/marktxxl.de\/markt\/#organization"},"potentialAction":[{"@type":"SearchAction","target":{"@type":"EntryPoint","urlTemplate":"https:\/\/marktxxl.de\/markt\/?s={search_term_string}"},"query-input":{"@type":"PropertyValueSpecification","valueRequired":true,"valueName":"search_term_string"}}],"inLanguage":"de"},{"@type":"Organization","@id":"https:\/\/marktxxl.de\/markt\/#organization","name":"Markt-XXL","url":"https:\/\/marktxxl.de\/markt\/","logo":{"@type":"ImageObject","inLanguage":"de","@id":"https:\/\/marktxxl.de\/markt\/#\/schema\/logo\/image\/","url":"https:\/\/marktxxl.de\/markt\/wp-content\/uploads\/sites\/3\/2020\/12\/logo.png","contentUrl":"https:\/\/marktxxl.de\/markt\/wp-content\/uploads\/sites\/3\/2020\/12\/logo.png","width":200,"height":70,"caption":"Markt-XXL"},"image":{"@id":"https:\/\/marktxxl.de\/markt\/#\/schema\/logo\/image\/"}}]}},"_links":{"self":[{"href":"https:\/\/marktxxl.de\/markt\/wp-json\/wp\/v2\/product\/34660","targetHints":{"allow":["GET"]}}],"collection":[{"href":"https:\/\/marktxxl.de\/markt\/wp-json\/wp\/v2\/product"}],"about":[{"href":"https:\/\/marktxxl.de\/markt\/wp-json\/wp\/v2\/types\/product"}],"replies":[{"embeddable":true,"href":"https:\/\/marktxxl.de\/markt\/wp-json\/wp\/v2\/comments?post=34660"}],"wp:featuredmedia":[{"embeddable":true,"href":"https:\/\/marktxxl.de\/markt\/wp-json\/wp\/v2\/media\/34661"}],"wp:attachment":[{"href":"https:\/\/marktxxl.de\/markt\/wp-json\/wp\/v2\/media?parent=34660"}],"wp:term":[{"taxonomy":"product_brand","embeddable":true,"href":"https:\/\/marktxxl.de\/markt\/wp-json\/wp\/v2\/product_brand?post=34660"},{"taxonomy":"product_cat","embeddable":true,"href":"https:\/\/marktxxl.de\/markt\/wp-json\/wp\/v2\/product_cat?post=34660"},{"taxonomy":"product_tag","embeddable":true,"href":"https:\/\/marktxxl.de\/markt\/wp-json\/wp\/v2\/product_tag?post=34660"}],"curies":[{"name":"wp","href":"https:\/\/api.w.org\/{rel}","templated":true}]}}