{"id":34494,"date":"2021-09-13T20:27:29","date_gmt":"2021-09-13T18:27:29","guid":{"rendered":"https:\/\/marktxxl.de\/markt\/produkt\/wimpern-shampoo-fuer-wimpernverlaengerung-sanfte-schaumwaesche-zum-entfernen-von-oel-make-up-rueckstaenden-wendy-lashes-wimpernpflege-wimpernbuerste-60ml\/"},"modified":"2023-04-11T01:48:55","modified_gmt":"2023-04-10T23:48:55","slug":"wimpern-shampoo-fuer-wimpernverlaengerung-sanfte-schaumwaesche-zum-entfernen-von-oel-make-up-rueckstaenden-wendy-lashes-wimpernpflege-wimpernbuerste-60ml","status":"publish","type":"product","link":"https:\/\/marktxxl.de\/markt\/produkt\/wimpern-shampoo-fuer-wimpernverlaengerung-sanfte-schaumwaesche-zum-entfernen-von-oel-make-up-rueckstaenden-wendy-lashes-wimpernpflege-wimpernbuerste-60ml\/","title":{"rendered":"Wimpernshampoo f\u00fcr Wimpernverl\u00e4ngerung 60ml Lash Extension Shampoo Wimpernshampoo Schaumreiniger Wimpernschaum f\u00fcr Salon\u2026"},"content":{"rendered":"<p>1.MILD &amp; KEINE IRRITATIONEN: Der milde wimpernshampoo mit seiner speziellen pflegeformel ist \u00f6lfrei, naturkosmetik konform.Kommt mit einem Pinsel, die Pinselfarbe ist zuf\u00e4llig.Die produktverpackung ist das herstellungsdatum.Die haltbarkeit:12 monate.<br \/>\n2.SCH\u00d6NE &amp; LANG HALTENDE WIMPERN: Unser wimpernverlangerung shampoo entferner wird zur Reinigung nat\u00fcrlicher Wimpern vor der Wimpernverl\u00e4ngerung verwendet, um \u00d6le zu entfernen und die haftung des klebstoffs zu erh\u00f6hen. wimpernshampoo Wimpernschaum Wimpernpflege ist speziell entwickelt f\u00fcr Wimpern extension reinigung.<br \/>\n3.EINFACHE &amp; SPARSAME ANWENDUNG: Wimpern shampoo Sanfte Wimpernreiniger dank des Pumpspenders l\u00e4sst sich der Reinigungsschaum sparsam dosieren und einfach auftragen.<br \/>\n4.MEHR F\u00dcRS GELD: Wimpernschaum Cleanser inklusive GRATIS reinigungsb\u00fcrste. Die optimale schaumw\u00e4sche verbessert die haltbarkeit und die hygiene ihrer Kunstwimpern &#8211; Einzelwimpern &#8211; Lashes &#8211; Wimpern-Extensions. Geh\u00f6rt zu jedem Wimpernextensions Set.<br \/>\n5.GARANTIE: Wenn bei Ihrem wimpernshampoo etwas schief geht, senden wir Ihnen einen kostenlosen Ersatz oder eine R\u00fccksendung. Ihre Zufriedenheit wird unsere gr\u00f6\u00dfte Motivation sein!<br \/>\n<div class=\"main-cross-sell\" data-asin=\"B087FD8KYL\">\n\n\t<div class=\"WooZone-cross-sell-loader\">\n\t\t<div>\n\t\t\t<div id=\"floatingBarsG\">\n\t\t\t\t<div class=\"blockG\" id=\"rotateG_01\"><\/div>\n\t\t\t\t<div class=\"blockG\" id=\"rotateG_02\"><\/div>\n\t\t\t\t<div class=\"blockG\" id=\"rotateG_03\"><\/div>\n\t\t\t\t<div class=\"blockG\" id=\"rotateG_04\"><\/div>\n\t\t\t\t<div class=\"blockG\" id=\"rotateG_05\"><\/div>\n\t\t\t\t<div class=\"blockG\" id=\"rotateG_06\"><\/div>\n\t\t\t\t<div class=\"blockG\" id=\"rotateG_07\"><\/div>\n\t\t\t\t<div class=\"blockG\" id=\"rotateG_08\"><\/div>\n\t\t\t<\/div>\n\t\t\t<div class=\"WooZone-cross-sell-loader-text\"><\/div>\n\t\t<\/div>\n\t<\/div>\n\n\t\t\n<\/div>\n<div style=\"clear:both;\"><\/div><\/p>\n","protected":false},"excerpt":{"rendered":"<p>1.MILD &amp; KEINE IRRITATIONEN: Der milde wimpernshampoo mit seiner speziellen pflegeformel ist \u00f6lfrei, naturkosmetik konform.Kommt mit einem Pinsel, die Pinselfarbe ist zuf\u00e4llig.Die produktverpackung ist das herstellungsdatum.Die haltbarkeit:12 monate.<br \/>\n2.SCH\u00d6NE &amp; LANG HALTENDE WIMPERN: Unser wimpernverlangerung shampoo entferner wird zur Reinigung nat\u00fcrlicher Wimpern vor der Wimpernverl\u00e4ngerung verwendet, um \u00d6le zu entfernen und die haftung des klebstoffs zu erh\u00f6hen. wimpernshampoo Wimpernschaum Wimpernpflege ist speziell entwickelt f\u00fcr Wimpern extension reinigung.<br \/>\n3.EINFACHE &amp; SPARSAME ANWENDUNG: Wimpern shampoo Sanfte Wimpernreiniger dank des Pumpspenders l\u00e4sst sich der Reinigungsschaum sparsam dosieren und einfach auftragen.<\/p>\n","protected":false},"featured_media":34495,"comment_status":"open","ping_status":"closed","template":"","meta":[],"product_brand":[],"product_cat":[2858,7575],"product_tag":[],"class_list":{"0":"post-34494","1":"product","2":"type-product","3":"status-publish","4":"has-post-thumbnail","6":"product_cat-beauty","7":"product_cat-make-up","8":"pa_brand-wendy-lashes","9":"pa_manufacturer-wendy-lashes","10":"pa_size-2-stueck-1er-pack","12":"first","13":"instock","14":"shipping-taxable","15":"purchasable","16":"product-type-simple","17":"customify-col","18":"product-has-gallery"},"yoast_head":"<!-- This site is optimized with the Yoast SEO plugin v27.4 - https:\/\/yoast.com\/product\/yoast-seo-wordpress\/ -->\n<title>Wimpernshampoo f\u00fcr Wimpernverl\u00e4ngerung 60ml Lash Extension Shampoo Wimpernshampoo Schaumreiniger Wimpernschaum f\u00fcr Salon\u2026 - Markt-XXL<\/title>\n<meta name=\"description\" content=\"Markt-XXL Wimpernshampoo f\u00fcr Wimpernverl\u00e4ngerung 60ml Lash Extension Shampoo Wimpernshampoo Schaumreiniger Wimpernschaum f\u00fcr Salon\u2026\" \/>\n<meta name=\"robots\" content=\"index, follow, max-snippet:-1, max-image-preview:large, max-video-preview:-1\" \/>\n<link rel=\"canonical\" href=\"https:\/\/marktxxl.de\/markt\/produkt\/wimpern-shampoo-fuer-wimpernverlaengerung-sanfte-schaumwaesche-zum-entfernen-von-oel-make-up-rueckstaenden-wendy-lashes-wimpernpflege-wimpernbuerste-60ml\/\" \/>\n<meta property=\"og:locale\" content=\"de_DE\" \/>\n<meta property=\"og:type\" content=\"article\" \/>\n<meta property=\"og:title\" content=\"Wimpernshampoo f\u00fcr Wimpernverl\u00e4ngerung 60ml Lash Extension Shampoo Wimpernshampoo Schaumreiniger Wimpernschaum f\u00fcr Salon\u2026 - Markt-XXL\" \/>\n<meta property=\"og:description\" content=\"Markt-XXL Wimpernshampoo f\u00fcr Wimpernverl\u00e4ngerung 60ml Lash Extension Shampoo Wimpernshampoo Schaumreiniger Wimpernschaum f\u00fcr Salon\u2026\" \/>\n<meta property=\"og:url\" content=\"https:\/\/marktxxl.de\/markt\/produkt\/wimpern-shampoo-fuer-wimpernverlaengerung-sanfte-schaumwaesche-zum-entfernen-von-oel-make-up-rueckstaenden-wendy-lashes-wimpernpflege-wimpernbuerste-60ml\/\" \/>\n<meta property=\"og:site_name\" content=\"Markt-XXL\" \/>\n<meta property=\"article:modified_time\" content=\"2023-04-10T23:48:55+00:00\" \/>\n<meta property=\"og:image\" content=\"https:\/\/m.media-amazon.com\/images\/I\/51tRbmMlfSL._SL500_.jpg\" \/>\n\t<meta property=\"og:image:width\" content=\"500\" \/>\n\t<meta property=\"og:image:height\" content=\"500\" \/>\n\t<meta property=\"og:image:type\" content=\"image\/jpeg\" \/>\n<meta name=\"twitter:card\" content=\"summary_large_image\" \/>\n<meta name=\"twitter:label1\" content=\"Gesch\u00e4tzte Lesezeit\" \/>\n\t<meta name=\"twitter:data1\" content=\"1\u00a0Minute\" \/>\n<script type=\"application\/ld+json\" class=\"yoast-schema-graph\">{\"@context\":\"https:\\\/\\\/schema.org\",\"@graph\":[{\"@type\":\"WebPage\",\"@id\":\"https:\\\/\\\/marktxxl.de\\\/markt\\\/produkt\\\/wimpern-shampoo-fuer-wimpernverlaengerung-sanfte-schaumwaesche-zum-entfernen-von-oel-make-up-rueckstaenden-wendy-lashes-wimpernpflege-wimpernbuerste-60ml\\\/\",\"url\":\"https:\\\/\\\/marktxxl.de\\\/markt\\\/produkt\\\/wimpern-shampoo-fuer-wimpernverlaengerung-sanfte-schaumwaesche-zum-entfernen-von-oel-make-up-rueckstaenden-wendy-lashes-wimpernpflege-wimpernbuerste-60ml\\\/\",\"name\":\"Wimpernshampoo f\u00fcr Wimpernverl\u00e4ngerung 60ml Lash Extension Shampoo Wimpernshampoo Schaumreiniger Wimpernschaum f\u00fcr Salon\u2026 - Markt-XXL\",\"isPartOf\":{\"@id\":\"https:\\\/\\\/marktxxl.de\\\/markt\\\/#website\"},\"primaryImageOfPage\":{\"@id\":\"https:\\\/\\\/marktxxl.de\\\/markt\\\/produkt\\\/wimpern-shampoo-fuer-wimpernverlaengerung-sanfte-schaumwaesche-zum-entfernen-von-oel-make-up-rueckstaenden-wendy-lashes-wimpernpflege-wimpernbuerste-60ml\\\/#primaryimage\"},\"image\":{\"@id\":\"https:\\\/\\\/marktxxl.de\\\/markt\\\/produkt\\\/wimpern-shampoo-fuer-wimpernverlaengerung-sanfte-schaumwaesche-zum-entfernen-von-oel-make-up-rueckstaenden-wendy-lashes-wimpernpflege-wimpernbuerste-60ml\\\/#primaryimage\"},\"thumbnailUrl\":\"https:\\\/\\\/m.media-amazon.com\\\/images\\\/I\\\/51tRbmMlfSL._SL500_.jpg\",\"datePublished\":\"2021-09-13T18:27:29+00:00\",\"dateModified\":\"2023-04-10T23:48:55+00:00\",\"description\":\"Markt-XXL Wimpernshampoo f\u00fcr Wimpernverl\u00e4ngerung 60ml Lash Extension Shampoo Wimpernshampoo Schaumreiniger Wimpernschaum f\u00fcr Salon\u2026\",\"breadcrumb\":{\"@id\":\"https:\\\/\\\/marktxxl.de\\\/markt\\\/produkt\\\/wimpern-shampoo-fuer-wimpernverlaengerung-sanfte-schaumwaesche-zum-entfernen-von-oel-make-up-rueckstaenden-wendy-lashes-wimpernpflege-wimpernbuerste-60ml\\\/#breadcrumb\"},\"inLanguage\":\"de\",\"potentialAction\":[{\"@type\":\"ReadAction\",\"target\":[\"https:\\\/\\\/marktxxl.de\\\/markt\\\/produkt\\\/wimpern-shampoo-fuer-wimpernverlaengerung-sanfte-schaumwaesche-zum-entfernen-von-oel-make-up-rueckstaenden-wendy-lashes-wimpernpflege-wimpernbuerste-60ml\\\/\"]}]},{\"@type\":\"ImageObject\",\"inLanguage\":\"de\",\"@id\":\"https:\\\/\\\/marktxxl.de\\\/markt\\\/produkt\\\/wimpern-shampoo-fuer-wimpernverlaengerung-sanfte-schaumwaesche-zum-entfernen-von-oel-make-up-rueckstaenden-wendy-lashes-wimpernpflege-wimpernbuerste-60ml\\\/#primaryimage\",\"url\":\"https:\\\/\\\/m.media-amazon.com\\\/images\\\/I\\\/51tRbmMlfSL._SL500_.jpg\",\"contentUrl\":\"https:\\\/\\\/m.media-amazon.com\\\/images\\\/I\\\/51tRbmMlfSL._SL500_.jpg\",\"width\":500,\"height\":500},{\"@type\":\"BreadcrumbList\",\"@id\":\"https:\\\/\\\/marktxxl.de\\\/markt\\\/produkt\\\/wimpern-shampoo-fuer-wimpernverlaengerung-sanfte-schaumwaesche-zum-entfernen-von-oel-make-up-rueckstaenden-wendy-lashes-wimpernpflege-wimpernbuerste-60ml\\\/#breadcrumb\",\"itemListElement\":[{\"@type\":\"ListItem\",\"position\":1,\"name\":\"Startseite\",\"item\":\"https:\\\/\\\/marktxxl.de\\\/markt\\\/\"},{\"@type\":\"ListItem\",\"position\":2,\"name\":\"Markt\",\"item\":\"https:\\\/\\\/marktxxl.de\\\/markt\\\/\"},{\"@type\":\"ListItem\",\"position\":3,\"name\":\"Wimpernshampoo f\u00fcr Wimpernverl\u00e4ngerung 60ml Lash Extension Shampoo Wimpernshampoo Schaumreiniger Wimpernschaum f\u00fcr Salon\u2026\"}]},{\"@type\":\"WebSite\",\"@id\":\"https:\\\/\\\/marktxxl.de\\\/markt\\\/#website\",\"url\":\"https:\\\/\\\/marktxxl.de\\\/markt\\\/\",\"name\":\"Markt-XXL\",\"description\":\"Ihr Markt Online\",\"publisher\":{\"@id\":\"https:\\\/\\\/marktxxl.de\\\/markt\\\/#organization\"},\"potentialAction\":[{\"@type\":\"SearchAction\",\"target\":{\"@type\":\"EntryPoint\",\"urlTemplate\":\"https:\\\/\\\/marktxxl.de\\\/markt\\\/?s={search_term_string}\"},\"query-input\":{\"@type\":\"PropertyValueSpecification\",\"valueRequired\":true,\"valueName\":\"search_term_string\"}}],\"inLanguage\":\"de\"},{\"@type\":\"Organization\",\"@id\":\"https:\\\/\\\/marktxxl.de\\\/markt\\\/#organization\",\"name\":\"Markt-XXL\",\"url\":\"https:\\\/\\\/marktxxl.de\\\/markt\\\/\",\"logo\":{\"@type\":\"ImageObject\",\"inLanguage\":\"de\",\"@id\":\"https:\\\/\\\/marktxxl.de\\\/markt\\\/#\\\/schema\\\/logo\\\/image\\\/\",\"url\":\"https:\\\/\\\/marktxxl.de\\\/markt\\\/wp-content\\\/uploads\\\/sites\\\/3\\\/2020\\\/12\\\/logo.png\",\"contentUrl\":\"https:\\\/\\\/marktxxl.de\\\/markt\\\/wp-content\\\/uploads\\\/sites\\\/3\\\/2020\\\/12\\\/logo.png\",\"width\":200,\"height\":70,\"caption\":\"Markt-XXL\"},\"image\":{\"@id\":\"https:\\\/\\\/marktxxl.de\\\/markt\\\/#\\\/schema\\\/logo\\\/image\\\/\"}}]}<\/script>\n<!-- \/ Yoast SEO plugin. -->","yoast_head_json":{"title":"Wimpernshampoo f\u00fcr Wimpernverl\u00e4ngerung 60ml Lash Extension Shampoo Wimpernshampoo Schaumreiniger Wimpernschaum f\u00fcr Salon\u2026 - Markt-XXL","description":"Markt-XXL Wimpernshampoo f\u00fcr Wimpernverl\u00e4ngerung 60ml Lash Extension Shampoo Wimpernshampoo Schaumreiniger Wimpernschaum f\u00fcr Salon\u2026","robots":{"index":"index","follow":"follow","max-snippet":"max-snippet:-1","max-image-preview":"max-image-preview:large","max-video-preview":"max-video-preview:-1"},"canonical":"https:\/\/marktxxl.de\/markt\/produkt\/wimpern-shampoo-fuer-wimpernverlaengerung-sanfte-schaumwaesche-zum-entfernen-von-oel-make-up-rueckstaenden-wendy-lashes-wimpernpflege-wimpernbuerste-60ml\/","og_locale":"de_DE","og_type":"article","og_title":"Wimpernshampoo f\u00fcr Wimpernverl\u00e4ngerung 60ml Lash Extension Shampoo Wimpernshampoo Schaumreiniger Wimpernschaum f\u00fcr Salon\u2026 - Markt-XXL","og_description":"Markt-XXL Wimpernshampoo f\u00fcr Wimpernverl\u00e4ngerung 60ml Lash Extension Shampoo Wimpernshampoo Schaumreiniger Wimpernschaum f\u00fcr Salon\u2026","og_url":"https:\/\/marktxxl.de\/markt\/produkt\/wimpern-shampoo-fuer-wimpernverlaengerung-sanfte-schaumwaesche-zum-entfernen-von-oel-make-up-rueckstaenden-wendy-lashes-wimpernpflege-wimpernbuerste-60ml\/","og_site_name":"Markt-XXL","article_modified_time":"2023-04-10T23:48:55+00:00","og_image":[{"width":500,"height":500,"url":"https:\/\/m.media-amazon.com\/images\/I\/51tRbmMlfSL._SL500_.jpg","type":"image\/jpeg"}],"twitter_card":"summary_large_image","twitter_misc":{"Gesch\u00e4tzte Lesezeit":"1\u00a0Minute"},"schema":{"@context":"https:\/\/schema.org","@graph":[{"@type":"WebPage","@id":"https:\/\/marktxxl.de\/markt\/produkt\/wimpern-shampoo-fuer-wimpernverlaengerung-sanfte-schaumwaesche-zum-entfernen-von-oel-make-up-rueckstaenden-wendy-lashes-wimpernpflege-wimpernbuerste-60ml\/","url":"https:\/\/marktxxl.de\/markt\/produkt\/wimpern-shampoo-fuer-wimpernverlaengerung-sanfte-schaumwaesche-zum-entfernen-von-oel-make-up-rueckstaenden-wendy-lashes-wimpernpflege-wimpernbuerste-60ml\/","name":"Wimpernshampoo f\u00fcr Wimpernverl\u00e4ngerung 60ml Lash Extension Shampoo Wimpernshampoo Schaumreiniger Wimpernschaum f\u00fcr Salon\u2026 - Markt-XXL","isPartOf":{"@id":"https:\/\/marktxxl.de\/markt\/#website"},"primaryImageOfPage":{"@id":"https:\/\/marktxxl.de\/markt\/produkt\/wimpern-shampoo-fuer-wimpernverlaengerung-sanfte-schaumwaesche-zum-entfernen-von-oel-make-up-rueckstaenden-wendy-lashes-wimpernpflege-wimpernbuerste-60ml\/#primaryimage"},"image":{"@id":"https:\/\/marktxxl.de\/markt\/produkt\/wimpern-shampoo-fuer-wimpernverlaengerung-sanfte-schaumwaesche-zum-entfernen-von-oel-make-up-rueckstaenden-wendy-lashes-wimpernpflege-wimpernbuerste-60ml\/#primaryimage"},"thumbnailUrl":"https:\/\/m.media-amazon.com\/images\/I\/51tRbmMlfSL._SL500_.jpg","datePublished":"2021-09-13T18:27:29+00:00","dateModified":"2023-04-10T23:48:55+00:00","description":"Markt-XXL Wimpernshampoo f\u00fcr Wimpernverl\u00e4ngerung 60ml Lash Extension Shampoo Wimpernshampoo Schaumreiniger Wimpernschaum f\u00fcr Salon\u2026","breadcrumb":{"@id":"https:\/\/marktxxl.de\/markt\/produkt\/wimpern-shampoo-fuer-wimpernverlaengerung-sanfte-schaumwaesche-zum-entfernen-von-oel-make-up-rueckstaenden-wendy-lashes-wimpernpflege-wimpernbuerste-60ml\/#breadcrumb"},"inLanguage":"de","potentialAction":[{"@type":"ReadAction","target":["https:\/\/marktxxl.de\/markt\/produkt\/wimpern-shampoo-fuer-wimpernverlaengerung-sanfte-schaumwaesche-zum-entfernen-von-oel-make-up-rueckstaenden-wendy-lashes-wimpernpflege-wimpernbuerste-60ml\/"]}]},{"@type":"ImageObject","inLanguage":"de","@id":"https:\/\/marktxxl.de\/markt\/produkt\/wimpern-shampoo-fuer-wimpernverlaengerung-sanfte-schaumwaesche-zum-entfernen-von-oel-make-up-rueckstaenden-wendy-lashes-wimpernpflege-wimpernbuerste-60ml\/#primaryimage","url":"https:\/\/m.media-amazon.com\/images\/I\/51tRbmMlfSL._SL500_.jpg","contentUrl":"https:\/\/m.media-amazon.com\/images\/I\/51tRbmMlfSL._SL500_.jpg","width":500,"height":500},{"@type":"BreadcrumbList","@id":"https:\/\/marktxxl.de\/markt\/produkt\/wimpern-shampoo-fuer-wimpernverlaengerung-sanfte-schaumwaesche-zum-entfernen-von-oel-make-up-rueckstaenden-wendy-lashes-wimpernpflege-wimpernbuerste-60ml\/#breadcrumb","itemListElement":[{"@type":"ListItem","position":1,"name":"Startseite","item":"https:\/\/marktxxl.de\/markt\/"},{"@type":"ListItem","position":2,"name":"Markt","item":"https:\/\/marktxxl.de\/markt\/"},{"@type":"ListItem","position":3,"name":"Wimpernshampoo f\u00fcr Wimpernverl\u00e4ngerung 60ml Lash Extension Shampoo Wimpernshampoo Schaumreiniger Wimpernschaum f\u00fcr Salon\u2026"}]},{"@type":"WebSite","@id":"https:\/\/marktxxl.de\/markt\/#website","url":"https:\/\/marktxxl.de\/markt\/","name":"Markt-XXL","description":"Ihr Markt Online","publisher":{"@id":"https:\/\/marktxxl.de\/markt\/#organization"},"potentialAction":[{"@type":"SearchAction","target":{"@type":"EntryPoint","urlTemplate":"https:\/\/marktxxl.de\/markt\/?s={search_term_string}"},"query-input":{"@type":"PropertyValueSpecification","valueRequired":true,"valueName":"search_term_string"}}],"inLanguage":"de"},{"@type":"Organization","@id":"https:\/\/marktxxl.de\/markt\/#organization","name":"Markt-XXL","url":"https:\/\/marktxxl.de\/markt\/","logo":{"@type":"ImageObject","inLanguage":"de","@id":"https:\/\/marktxxl.de\/markt\/#\/schema\/logo\/image\/","url":"https:\/\/marktxxl.de\/markt\/wp-content\/uploads\/sites\/3\/2020\/12\/logo.png","contentUrl":"https:\/\/marktxxl.de\/markt\/wp-content\/uploads\/sites\/3\/2020\/12\/logo.png","width":200,"height":70,"caption":"Markt-XXL"},"image":{"@id":"https:\/\/marktxxl.de\/markt\/#\/schema\/logo\/image\/"}}]}},"_links":{"self":[{"href":"https:\/\/marktxxl.de\/markt\/wp-json\/wp\/v2\/product\/34494","targetHints":{"allow":["GET"]}}],"collection":[{"href":"https:\/\/marktxxl.de\/markt\/wp-json\/wp\/v2\/product"}],"about":[{"href":"https:\/\/marktxxl.de\/markt\/wp-json\/wp\/v2\/types\/product"}],"replies":[{"embeddable":true,"href":"https:\/\/marktxxl.de\/markt\/wp-json\/wp\/v2\/comments?post=34494"}],"wp:featuredmedia":[{"embeddable":true,"href":"https:\/\/marktxxl.de\/markt\/wp-json\/wp\/v2\/media\/34495"}],"wp:attachment":[{"href":"https:\/\/marktxxl.de\/markt\/wp-json\/wp\/v2\/media?parent=34494"}],"wp:term":[{"taxonomy":"product_brand","embeddable":true,"href":"https:\/\/marktxxl.de\/markt\/wp-json\/wp\/v2\/product_brand?post=34494"},{"taxonomy":"product_cat","embeddable":true,"href":"https:\/\/marktxxl.de\/markt\/wp-json\/wp\/v2\/product_cat?post=34494"},{"taxonomy":"product_tag","embeddable":true,"href":"https:\/\/marktxxl.de\/markt\/wp-json\/wp\/v2\/product_tag?post=34494"}],"curies":[{"name":"wp","href":"https:\/\/api.w.org\/{rel}","templated":true}]}}