{"id":34458,"date":"2021-09-13T20:27:24","date_gmt":"2021-09-13T18:27:24","guid":{"rendered":"https:\/\/marktxxl.de\/markt\/produkt\/firbon-led-deckenlampe-wohnzimmer-24w-1800lm-3000k-4000k-6000k-led-deckenleuchte-dimmbar-ip44-wasserfeste-lampe-fuer-schlafzimmer-kinderzimmer-bad-kueche-30cm-weiss-modern-ultraduenn\/"},"modified":"2023-04-11T01:48:55","modified_gmt":"2023-04-10T23:48:55","slug":"firbon-led-deckenlampe-wohnzimmer-24w-1800lm-3000k-4000k-6000k-led-deckenleuchte-dimmbar-ip44-wasserfeste-lampe-fuer-schlafzimmer-kinderzimmer-bad-kueche-30cm-weiss-modern-ultraduenn","status":"publish","type":"product","link":"https:\/\/marktxxl.de\/markt\/produkt\/firbon-led-deckenlampe-wohnzimmer-24w-1800lm-3000k-4000k-6000k-led-deckenleuchte-dimmbar-ip44-wasserfeste-lampe-fuer-schlafzimmer-kinderzimmer-bad-kueche-30cm-weiss-modern-ultraduenn\/","title":{"rendered":"Firbon LED Deckenlampe Wohnzimmer, 24W 1800LM 3000K\/4000K\/6000K LED Deckenleuchte Dimmbar, IP44 Wasserfeste Lampe f\u00fcr\u2026"},"content":{"rendered":"<p>\u3010Gleichm\u00e4\u00dfige und weiche Beleuchtung\u3011Die Firbon LED-Deckenleuchte verwendet hochwertige LED-Chips, strahlt sanftes Licht aus und sch\u00fctzt Ihre Augen vor Verletzungen. Der polierte Lampenschirm aus Polycarbonat hat eine perfekte Lichtdurchl\u00e4ssigkeit und sorgt daher f\u00fcr eine gleichm\u00e4\u00dfige Lichtstrahlung.<br \/>\n\u3010Einstellbare Farbtemperatur und Helligkeit\u3011 3000k \/ 4000k \/ 6000k einstellbar, 3000k warmwei\u00dfes Licht, geeignet f\u00fcr Schlafzimmer. 4000k nat\u00fcrliches wei\u00dfes Licht, geeignet f\u00fcr Wohnzimmer, 6000k kaltwei\u00dfes Licht, geeignet f\u00fcr B\u00fcro, Einkaufszentrum. (HINWEIS: Sie m\u00fcssen die den Lichtschalter um die Farbtemperatur auszuw\u00e4hlen.) HINWEIS: Die Helligkeit dieses Lichts kann nicht eingestellt werden.<br \/>\n\u3010Geringerer Stromverbrauch und h\u00f6here Helligkeit\u3011Unsere 24-W-Deckenleuchte verwendet hochwertige LED-Chips (1800 lm), was einer herk\u00f6mmlichen 200-W-Lampe entspricht. Dies bedeutet, dass Sie weniger Stromrechnungen ausgeben, aber eine h\u00f6here Helligkeit garantieren und bis zu 75% Energie sparen k\u00f6nnen.<br \/>\n\u3010Einfache Installation\u3011 3 Schritte zum Installieren der Lampe. 1. Befestigen Sie die Montagehalterung an der Decke. 2. Schlie\u00dfen Sie die Dr\u00e4hte an. 3. Drehen Sie die Deckenleuchte zur Montagehalterung. Die Deckenbeleuchtung im Wohnzimmer von Firbon kann effizienter, einfacher und sicherer installiert werden, indem Kabel angeschlossen und die Lampe ohne zus\u00e4tzliches Werkzeug und Personal an die Decke geschraubt werden.<br \/>\n\u3010Hochwertige Materialien und hohe Sicherheit\u3011Unsere Lampen verwenden hochwertige feuerfeste PC-Materialien mit hoher Flammhemmung. Das Stromversorgungsdesign des Kurzschlussschutzes ist wichtig und sch\u00fctzt die Sicherheit Ihrer Familie. Aufgrund des integrierten Designk\u00f6rpers, versiegeltes Design zum Schutz vor Spritzwasser und zur Isolierung von M\u00fccken, IP44 Wasserdicht, geeignet f\u00fcr Ihr Badezimmer, Balkon. Kein flackerndes Design kann Ihre Augen vor Lichtstimulation sch\u00fctzen.<br \/>\n<div class=\"main-cross-sell\" data-asin=\"B09684SRVB\">\n\n\t<div class=\"WooZone-cross-sell-loader\">\n\t\t<div>\n\t\t\t<div id=\"floatingBarsG\">\n\t\t\t\t<div class=\"blockG\" id=\"rotateG_01\"><\/div>\n\t\t\t\t<div class=\"blockG\" id=\"rotateG_02\"><\/div>\n\t\t\t\t<div class=\"blockG\" id=\"rotateG_03\"><\/div>\n\t\t\t\t<div class=\"blockG\" id=\"rotateG_04\"><\/div>\n\t\t\t\t<div class=\"blockG\" id=\"rotateG_05\"><\/div>\n\t\t\t\t<div class=\"blockG\" id=\"rotateG_06\"><\/div>\n\t\t\t\t<div class=\"blockG\" id=\"rotateG_07\"><\/div>\n\t\t\t\t<div class=\"blockG\" id=\"rotateG_08\"><\/div>\n\t\t\t<\/div>\n\t\t\t<div class=\"WooZone-cross-sell-loader-text\"><\/div>\n\t\t<\/div>\n\t<\/div>\n\n\t\t\n<\/div>\n<div style=\"clear:both;\"><\/div><\/p>\n","protected":false},"excerpt":{"rendered":"<p>\u3010Gleichm\u00e4\u00dfige und weiche Beleuchtung\u3011Die Firbon LED-Deckenleuchte verwendet hochwertige LED-Chips, strahlt sanftes Licht aus und sch\u00fctzt Ihre Augen vor Verletzungen. Der polierte Lampenschirm aus Polycarbonat hat eine perfekte Lichtdurchl\u00e4ssigkeit und sorgt daher f\u00fcr eine gleichm\u00e4\u00dfige Lichtstrahlung.<br \/>\n\u3010Einstellbare Farbtemperatur und Helligkeit\u3011 3000k \/ 4000k \/ 6000k einstellbar, 3000k warmwei\u00dfes Licht, geeignet f\u00fcr Schlafzimmer. 4000k nat\u00fcrliches wei\u00dfes Licht, geeignet f\u00fcr Wohnzimmer, 6000k kaltwei\u00dfes Licht, geeignet f\u00fcr B\u00fcro, Einkaufszentrum. (HINWEIS: Sie m\u00fcssen die den Lichtschalter um die Farbtemperatur auszuw\u00e4hlen.) HINWEIS: Die Helligkeit dieses Lichts kann nicht eingestellt werden.<br \/>\n\u3010Geringerer Stromverbrauch und h\u00f6here Helligkeit\u3011Unsere 24-W-Deckenleuchte verwendet hochwertige LED-Chips (1800 lm), was einer herk\u00f6mmlichen 200-W-Lampe entspricht. Dies bedeutet, dass Sie weniger Stromrechnungen ausgeben, aber eine h\u00f6here Helligkeit garantieren und bis zu 75% Energie sparen k\u00f6nnen.<\/p>\n","protected":false},"featured_media":34459,"comment_status":"open","ping_status":"closed","template":"","meta":[],"product_brand":[],"product_cat":[2108,11509],"product_tag":[],"class_list":{"0":"post-34458","1":"product","2":"type-product","3":"status-publish","4":"has-post-thumbnail","6":"product_cat-beleuchtung","7":"product_cat-innenbeleuchtung","8":"pa_brand-firbon","9":"pa_color-3000k-4000k-6000k","10":"pa_height-2-1653543285-zoll","11":"pa_length-11-6141732165-zoll","12":"pa_manufacturer-firbon","13":"pa_width-11-6141732165-zoll","15":"first","16":"instock","17":"shipping-taxable","18":"purchasable","19":"product-type-simple","20":"customify-col","21":"product-has-gallery"},"yoast_head":"<!-- This site is optimized with the Yoast SEO plugin v27.4 - https:\/\/yoast.com\/product\/yoast-seo-wordpress\/ -->\n<title>Firbon LED Deckenlampe Wohnzimmer, 24W 1800LM 3000K\/4000K\/6000K LED Deckenleuchte Dimmbar, IP44 Wasserfeste Lampe f\u00fcr\u2026 - Markt-XXL<\/title>\n<meta name=\"description\" content=\"Markt-XXL Firbon LED Deckenlampe Wohnzimmer, 24W 1800LM 3000K\/4000K\/6000K LED Deckenleuchte Dimmbar, IP44 Wasserfeste Lampe f\u00fcr\u2026\" \/>\n<meta name=\"robots\" content=\"index, follow, max-snippet:-1, max-image-preview:large, max-video-preview:-1\" \/>\n<link rel=\"canonical\" href=\"https:\/\/marktxxl.de\/markt\/produkt\/firbon-led-deckenlampe-wohnzimmer-24w-1800lm-3000k-4000k-6000k-led-deckenleuchte-dimmbar-ip44-wasserfeste-lampe-fuer-schlafzimmer-kinderzimmer-bad-kueche-30cm-weiss-modern-ultraduenn\/\" \/>\n<meta property=\"og:locale\" content=\"de_DE\" \/>\n<meta property=\"og:type\" content=\"article\" \/>\n<meta property=\"og:title\" content=\"Firbon LED Deckenlampe Wohnzimmer, 24W 1800LM 3000K\/4000K\/6000K LED Deckenleuchte Dimmbar, IP44 Wasserfeste Lampe f\u00fcr\u2026 - Markt-XXL\" \/>\n<meta property=\"og:description\" content=\"Markt-XXL Firbon LED Deckenlampe Wohnzimmer, 24W 1800LM 3000K\/4000K\/6000K LED Deckenleuchte Dimmbar, IP44 Wasserfeste Lampe f\u00fcr\u2026\" \/>\n<meta property=\"og:url\" content=\"https:\/\/marktxxl.de\/markt\/produkt\/firbon-led-deckenlampe-wohnzimmer-24w-1800lm-3000k-4000k-6000k-led-deckenleuchte-dimmbar-ip44-wasserfeste-lampe-fuer-schlafzimmer-kinderzimmer-bad-kueche-30cm-weiss-modern-ultraduenn\/\" \/>\n<meta property=\"og:site_name\" content=\"Markt-XXL\" \/>\n<meta property=\"article:modified_time\" content=\"2023-04-10T23:48:55+00:00\" \/>\n<meta property=\"og:image\" content=\"https:\/\/m.media-amazon.com\/images\/I\/41GZ1oO6l2L._SL500_.jpg\" \/>\n\t<meta property=\"og:image:width\" content=\"500\" \/>\n\t<meta property=\"og:image:height\" content=\"500\" \/>\n\t<meta property=\"og:image:type\" content=\"image\/jpeg\" \/>\n<meta name=\"twitter:card\" content=\"summary_large_image\" \/>\n<meta name=\"twitter:label1\" content=\"Gesch\u00e4tzte Lesezeit\" \/>\n\t<meta name=\"twitter:data1\" content=\"1\u00a0Minute\" \/>\n<script type=\"application\/ld+json\" class=\"yoast-schema-graph\">{\"@context\":\"https:\\\/\\\/schema.org\",\"@graph\":[{\"@type\":\"WebPage\",\"@id\":\"https:\\\/\\\/marktxxl.de\\\/markt\\\/produkt\\\/firbon-led-deckenlampe-wohnzimmer-24w-1800lm-3000k-4000k-6000k-led-deckenleuchte-dimmbar-ip44-wasserfeste-lampe-fuer-schlafzimmer-kinderzimmer-bad-kueche-30cm-weiss-modern-ultraduenn\\\/\",\"url\":\"https:\\\/\\\/marktxxl.de\\\/markt\\\/produkt\\\/firbon-led-deckenlampe-wohnzimmer-24w-1800lm-3000k-4000k-6000k-led-deckenleuchte-dimmbar-ip44-wasserfeste-lampe-fuer-schlafzimmer-kinderzimmer-bad-kueche-30cm-weiss-modern-ultraduenn\\\/\",\"name\":\"Firbon LED Deckenlampe Wohnzimmer, 24W 1800LM 3000K\\\/4000K\\\/6000K LED Deckenleuchte Dimmbar, IP44 Wasserfeste Lampe f\u00fcr\u2026 - Markt-XXL\",\"isPartOf\":{\"@id\":\"https:\\\/\\\/marktxxl.de\\\/markt\\\/#website\"},\"primaryImageOfPage\":{\"@id\":\"https:\\\/\\\/marktxxl.de\\\/markt\\\/produkt\\\/firbon-led-deckenlampe-wohnzimmer-24w-1800lm-3000k-4000k-6000k-led-deckenleuchte-dimmbar-ip44-wasserfeste-lampe-fuer-schlafzimmer-kinderzimmer-bad-kueche-30cm-weiss-modern-ultraduenn\\\/#primaryimage\"},\"image\":{\"@id\":\"https:\\\/\\\/marktxxl.de\\\/markt\\\/produkt\\\/firbon-led-deckenlampe-wohnzimmer-24w-1800lm-3000k-4000k-6000k-led-deckenleuchte-dimmbar-ip44-wasserfeste-lampe-fuer-schlafzimmer-kinderzimmer-bad-kueche-30cm-weiss-modern-ultraduenn\\\/#primaryimage\"},\"thumbnailUrl\":\"https:\\\/\\\/m.media-amazon.com\\\/images\\\/I\\\/41GZ1oO6l2L._SL500_.jpg\",\"datePublished\":\"2021-09-13T18:27:24+00:00\",\"dateModified\":\"2023-04-10T23:48:55+00:00\",\"description\":\"Markt-XXL Firbon LED Deckenlampe Wohnzimmer, 24W 1800LM 3000K\\\/4000K\\\/6000K LED Deckenleuchte Dimmbar, IP44 Wasserfeste Lampe f\u00fcr\u2026\",\"breadcrumb\":{\"@id\":\"https:\\\/\\\/marktxxl.de\\\/markt\\\/produkt\\\/firbon-led-deckenlampe-wohnzimmer-24w-1800lm-3000k-4000k-6000k-led-deckenleuchte-dimmbar-ip44-wasserfeste-lampe-fuer-schlafzimmer-kinderzimmer-bad-kueche-30cm-weiss-modern-ultraduenn\\\/#breadcrumb\"},\"inLanguage\":\"de\",\"potentialAction\":[{\"@type\":\"ReadAction\",\"target\":[\"https:\\\/\\\/marktxxl.de\\\/markt\\\/produkt\\\/firbon-led-deckenlampe-wohnzimmer-24w-1800lm-3000k-4000k-6000k-led-deckenleuchte-dimmbar-ip44-wasserfeste-lampe-fuer-schlafzimmer-kinderzimmer-bad-kueche-30cm-weiss-modern-ultraduenn\\\/\"]}]},{\"@type\":\"ImageObject\",\"inLanguage\":\"de\",\"@id\":\"https:\\\/\\\/marktxxl.de\\\/markt\\\/produkt\\\/firbon-led-deckenlampe-wohnzimmer-24w-1800lm-3000k-4000k-6000k-led-deckenleuchte-dimmbar-ip44-wasserfeste-lampe-fuer-schlafzimmer-kinderzimmer-bad-kueche-30cm-weiss-modern-ultraduenn\\\/#primaryimage\",\"url\":\"https:\\\/\\\/m.media-amazon.com\\\/images\\\/I\\\/41GZ1oO6l2L._SL500_.jpg\",\"contentUrl\":\"https:\\\/\\\/m.media-amazon.com\\\/images\\\/I\\\/41GZ1oO6l2L._SL500_.jpg\",\"width\":500,\"height\":500},{\"@type\":\"BreadcrumbList\",\"@id\":\"https:\\\/\\\/marktxxl.de\\\/markt\\\/produkt\\\/firbon-led-deckenlampe-wohnzimmer-24w-1800lm-3000k-4000k-6000k-led-deckenleuchte-dimmbar-ip44-wasserfeste-lampe-fuer-schlafzimmer-kinderzimmer-bad-kueche-30cm-weiss-modern-ultraduenn\\\/#breadcrumb\",\"itemListElement\":[{\"@type\":\"ListItem\",\"position\":1,\"name\":\"Startseite\",\"item\":\"https:\\\/\\\/marktxxl.de\\\/markt\\\/\"},{\"@type\":\"ListItem\",\"position\":2,\"name\":\"Markt\",\"item\":\"https:\\\/\\\/marktxxl.de\\\/markt\\\/\"},{\"@type\":\"ListItem\",\"position\":3,\"name\":\"Firbon LED Deckenlampe Wohnzimmer, 24W 1800LM 3000K\\\/4000K\\\/6000K LED Deckenleuchte Dimmbar, IP44 Wasserfeste Lampe f\u00fcr\u2026\"}]},{\"@type\":\"WebSite\",\"@id\":\"https:\\\/\\\/marktxxl.de\\\/markt\\\/#website\",\"url\":\"https:\\\/\\\/marktxxl.de\\\/markt\\\/\",\"name\":\"Markt-XXL\",\"description\":\"Ihr Markt Online\",\"publisher\":{\"@id\":\"https:\\\/\\\/marktxxl.de\\\/markt\\\/#organization\"},\"potentialAction\":[{\"@type\":\"SearchAction\",\"target\":{\"@type\":\"EntryPoint\",\"urlTemplate\":\"https:\\\/\\\/marktxxl.de\\\/markt\\\/?s={search_term_string}\"},\"query-input\":{\"@type\":\"PropertyValueSpecification\",\"valueRequired\":true,\"valueName\":\"search_term_string\"}}],\"inLanguage\":\"de\"},{\"@type\":\"Organization\",\"@id\":\"https:\\\/\\\/marktxxl.de\\\/markt\\\/#organization\",\"name\":\"Markt-XXL\",\"url\":\"https:\\\/\\\/marktxxl.de\\\/markt\\\/\",\"logo\":{\"@type\":\"ImageObject\",\"inLanguage\":\"de\",\"@id\":\"https:\\\/\\\/marktxxl.de\\\/markt\\\/#\\\/schema\\\/logo\\\/image\\\/\",\"url\":\"https:\\\/\\\/marktxxl.de\\\/markt\\\/wp-content\\\/uploads\\\/sites\\\/3\\\/2020\\\/12\\\/logo.png\",\"contentUrl\":\"https:\\\/\\\/marktxxl.de\\\/markt\\\/wp-content\\\/uploads\\\/sites\\\/3\\\/2020\\\/12\\\/logo.png\",\"width\":200,\"height\":70,\"caption\":\"Markt-XXL\"},\"image\":{\"@id\":\"https:\\\/\\\/marktxxl.de\\\/markt\\\/#\\\/schema\\\/logo\\\/image\\\/\"}}]}<\/script>\n<!-- \/ Yoast SEO plugin. -->","yoast_head_json":{"title":"Firbon LED Deckenlampe Wohnzimmer, 24W 1800LM 3000K\/4000K\/6000K LED Deckenleuchte Dimmbar, IP44 Wasserfeste Lampe f\u00fcr\u2026 - Markt-XXL","description":"Markt-XXL Firbon LED Deckenlampe Wohnzimmer, 24W 1800LM 3000K\/4000K\/6000K LED Deckenleuchte Dimmbar, IP44 Wasserfeste Lampe f\u00fcr\u2026","robots":{"index":"index","follow":"follow","max-snippet":"max-snippet:-1","max-image-preview":"max-image-preview:large","max-video-preview":"max-video-preview:-1"},"canonical":"https:\/\/marktxxl.de\/markt\/produkt\/firbon-led-deckenlampe-wohnzimmer-24w-1800lm-3000k-4000k-6000k-led-deckenleuchte-dimmbar-ip44-wasserfeste-lampe-fuer-schlafzimmer-kinderzimmer-bad-kueche-30cm-weiss-modern-ultraduenn\/","og_locale":"de_DE","og_type":"article","og_title":"Firbon LED Deckenlampe Wohnzimmer, 24W 1800LM 3000K\/4000K\/6000K LED Deckenleuchte Dimmbar, IP44 Wasserfeste Lampe f\u00fcr\u2026 - Markt-XXL","og_description":"Markt-XXL Firbon LED Deckenlampe Wohnzimmer, 24W 1800LM 3000K\/4000K\/6000K LED Deckenleuchte Dimmbar, IP44 Wasserfeste Lampe f\u00fcr\u2026","og_url":"https:\/\/marktxxl.de\/markt\/produkt\/firbon-led-deckenlampe-wohnzimmer-24w-1800lm-3000k-4000k-6000k-led-deckenleuchte-dimmbar-ip44-wasserfeste-lampe-fuer-schlafzimmer-kinderzimmer-bad-kueche-30cm-weiss-modern-ultraduenn\/","og_site_name":"Markt-XXL","article_modified_time":"2023-04-10T23:48:55+00:00","og_image":[{"width":500,"height":500,"url":"https:\/\/m.media-amazon.com\/images\/I\/41GZ1oO6l2L._SL500_.jpg","type":"image\/jpeg"}],"twitter_card":"summary_large_image","twitter_misc":{"Gesch\u00e4tzte Lesezeit":"1\u00a0Minute"},"schema":{"@context":"https:\/\/schema.org","@graph":[{"@type":"WebPage","@id":"https:\/\/marktxxl.de\/markt\/produkt\/firbon-led-deckenlampe-wohnzimmer-24w-1800lm-3000k-4000k-6000k-led-deckenleuchte-dimmbar-ip44-wasserfeste-lampe-fuer-schlafzimmer-kinderzimmer-bad-kueche-30cm-weiss-modern-ultraduenn\/","url":"https:\/\/marktxxl.de\/markt\/produkt\/firbon-led-deckenlampe-wohnzimmer-24w-1800lm-3000k-4000k-6000k-led-deckenleuchte-dimmbar-ip44-wasserfeste-lampe-fuer-schlafzimmer-kinderzimmer-bad-kueche-30cm-weiss-modern-ultraduenn\/","name":"Firbon LED Deckenlampe Wohnzimmer, 24W 1800LM 3000K\/4000K\/6000K LED Deckenleuchte Dimmbar, IP44 Wasserfeste Lampe f\u00fcr\u2026 - Markt-XXL","isPartOf":{"@id":"https:\/\/marktxxl.de\/markt\/#website"},"primaryImageOfPage":{"@id":"https:\/\/marktxxl.de\/markt\/produkt\/firbon-led-deckenlampe-wohnzimmer-24w-1800lm-3000k-4000k-6000k-led-deckenleuchte-dimmbar-ip44-wasserfeste-lampe-fuer-schlafzimmer-kinderzimmer-bad-kueche-30cm-weiss-modern-ultraduenn\/#primaryimage"},"image":{"@id":"https:\/\/marktxxl.de\/markt\/produkt\/firbon-led-deckenlampe-wohnzimmer-24w-1800lm-3000k-4000k-6000k-led-deckenleuchte-dimmbar-ip44-wasserfeste-lampe-fuer-schlafzimmer-kinderzimmer-bad-kueche-30cm-weiss-modern-ultraduenn\/#primaryimage"},"thumbnailUrl":"https:\/\/m.media-amazon.com\/images\/I\/41GZ1oO6l2L._SL500_.jpg","datePublished":"2021-09-13T18:27:24+00:00","dateModified":"2023-04-10T23:48:55+00:00","description":"Markt-XXL Firbon LED Deckenlampe Wohnzimmer, 24W 1800LM 3000K\/4000K\/6000K LED Deckenleuchte Dimmbar, IP44 Wasserfeste Lampe f\u00fcr\u2026","breadcrumb":{"@id":"https:\/\/marktxxl.de\/markt\/produkt\/firbon-led-deckenlampe-wohnzimmer-24w-1800lm-3000k-4000k-6000k-led-deckenleuchte-dimmbar-ip44-wasserfeste-lampe-fuer-schlafzimmer-kinderzimmer-bad-kueche-30cm-weiss-modern-ultraduenn\/#breadcrumb"},"inLanguage":"de","potentialAction":[{"@type":"ReadAction","target":["https:\/\/marktxxl.de\/markt\/produkt\/firbon-led-deckenlampe-wohnzimmer-24w-1800lm-3000k-4000k-6000k-led-deckenleuchte-dimmbar-ip44-wasserfeste-lampe-fuer-schlafzimmer-kinderzimmer-bad-kueche-30cm-weiss-modern-ultraduenn\/"]}]},{"@type":"ImageObject","inLanguage":"de","@id":"https:\/\/marktxxl.de\/markt\/produkt\/firbon-led-deckenlampe-wohnzimmer-24w-1800lm-3000k-4000k-6000k-led-deckenleuchte-dimmbar-ip44-wasserfeste-lampe-fuer-schlafzimmer-kinderzimmer-bad-kueche-30cm-weiss-modern-ultraduenn\/#primaryimage","url":"https:\/\/m.media-amazon.com\/images\/I\/41GZ1oO6l2L._SL500_.jpg","contentUrl":"https:\/\/m.media-amazon.com\/images\/I\/41GZ1oO6l2L._SL500_.jpg","width":500,"height":500},{"@type":"BreadcrumbList","@id":"https:\/\/marktxxl.de\/markt\/produkt\/firbon-led-deckenlampe-wohnzimmer-24w-1800lm-3000k-4000k-6000k-led-deckenleuchte-dimmbar-ip44-wasserfeste-lampe-fuer-schlafzimmer-kinderzimmer-bad-kueche-30cm-weiss-modern-ultraduenn\/#breadcrumb","itemListElement":[{"@type":"ListItem","position":1,"name":"Startseite","item":"https:\/\/marktxxl.de\/markt\/"},{"@type":"ListItem","position":2,"name":"Markt","item":"https:\/\/marktxxl.de\/markt\/"},{"@type":"ListItem","position":3,"name":"Firbon LED Deckenlampe Wohnzimmer, 24W 1800LM 3000K\/4000K\/6000K LED Deckenleuchte Dimmbar, IP44 Wasserfeste Lampe f\u00fcr\u2026"}]},{"@type":"WebSite","@id":"https:\/\/marktxxl.de\/markt\/#website","url":"https:\/\/marktxxl.de\/markt\/","name":"Markt-XXL","description":"Ihr Markt Online","publisher":{"@id":"https:\/\/marktxxl.de\/markt\/#organization"},"potentialAction":[{"@type":"SearchAction","target":{"@type":"EntryPoint","urlTemplate":"https:\/\/marktxxl.de\/markt\/?s={search_term_string}"},"query-input":{"@type":"PropertyValueSpecification","valueRequired":true,"valueName":"search_term_string"}}],"inLanguage":"de"},{"@type":"Organization","@id":"https:\/\/marktxxl.de\/markt\/#organization","name":"Markt-XXL","url":"https:\/\/marktxxl.de\/markt\/","logo":{"@type":"ImageObject","inLanguage":"de","@id":"https:\/\/marktxxl.de\/markt\/#\/schema\/logo\/image\/","url":"https:\/\/marktxxl.de\/markt\/wp-content\/uploads\/sites\/3\/2020\/12\/logo.png","contentUrl":"https:\/\/marktxxl.de\/markt\/wp-content\/uploads\/sites\/3\/2020\/12\/logo.png","width":200,"height":70,"caption":"Markt-XXL"},"image":{"@id":"https:\/\/marktxxl.de\/markt\/#\/schema\/logo\/image\/"}}]}},"_links":{"self":[{"href":"https:\/\/marktxxl.de\/markt\/wp-json\/wp\/v2\/product\/34458","targetHints":{"allow":["GET"]}}],"collection":[{"href":"https:\/\/marktxxl.de\/markt\/wp-json\/wp\/v2\/product"}],"about":[{"href":"https:\/\/marktxxl.de\/markt\/wp-json\/wp\/v2\/types\/product"}],"replies":[{"embeddable":true,"href":"https:\/\/marktxxl.de\/markt\/wp-json\/wp\/v2\/comments?post=34458"}],"wp:featuredmedia":[{"embeddable":true,"href":"https:\/\/marktxxl.de\/markt\/wp-json\/wp\/v2\/media\/34459"}],"wp:attachment":[{"href":"https:\/\/marktxxl.de\/markt\/wp-json\/wp\/v2\/media?parent=34458"}],"wp:term":[{"taxonomy":"product_brand","embeddable":true,"href":"https:\/\/marktxxl.de\/markt\/wp-json\/wp\/v2\/product_brand?post=34458"},{"taxonomy":"product_cat","embeddable":true,"href":"https:\/\/marktxxl.de\/markt\/wp-json\/wp\/v2\/product_cat?post=34458"},{"taxonomy":"product_tag","embeddable":true,"href":"https:\/\/marktxxl.de\/markt\/wp-json\/wp\/v2\/product_tag?post=34458"}],"curies":[{"name":"wp","href":"https:\/\/api.w.org\/{rel}","templated":true}]}}