{"id":34431,"date":"2021-09-13T20:27:21","date_gmt":"2021-09-13T18:27:21","guid":{"rendered":"https:\/\/marktxxl.de\/markt\/produkt\/kosmetiktasche-maeppchen-make-up-bag-schminktasche-kosmetik-reise-kulturbeutel-federmaeppchen-taeschchen-mit-reissverschluss-lily-england\/"},"modified":"2023-04-11T01:48:55","modified_gmt":"2023-04-10T23:48:55","slug":"kosmetiktasche-maeppchen-make-up-bag-schminktasche-kosmetik-reise-kulturbeutel-federmaeppchen-taeschchen-mit-reissverschluss-lily-england","status":"publish","type":"product","link":"https:\/\/marktxxl.de\/markt\/produkt\/kosmetiktasche-maeppchen-make-up-bag-schminktasche-kosmetik-reise-kulturbeutel-federmaeppchen-taeschchen-mit-reissverschluss-lily-england\/","title":{"rendered":"Kosmetiktasche f\u00fcr Damen &#8211; Kulturtasche Damen &#8211; Schminktasche &#8211; MakeUp Bag &#8211; M\u00e4ppchen &#8211; Federtasche &#8211; Kleiner\u2026"},"content":{"rendered":"<p>Stylisches Marmor Design &#8211; Sie suchen ein Makeup Bag, das sowohl praktisch als auch stilvoll zur Geltung kommt? Dann ist unsere Federmappe und Kulturtasche genau das Richtige f\u00fcr Sie! Mit unserem eleganten Marmor M\u00e4ppchen k\u00f6nnen Sie alle Ihre Schmink Zubeh\u00f6r Kosmetik Artikel einfach und bequem verstauen.<br \/>\nLuxus Trifft Design &#8211; Die schicke Federtasche ist ger\u00e4umig und gro\u00df genug, um alle wichtigen Beauty Produkte sicher zu verstauen und zugleich praktisch und kompakt, um auf Reisen in Ihr Gep\u00e4ck oder Ihre Handtasche zu passen. Das Make Up Etui misst 20cm x 11,5cm x 10cm bei einem Volumen von beachtlichen 2,3 Liter.<br \/>\nPraktische Mehrzwecktasche &#8211; Als Make Up Tasche, schickes Kosmetikt\u00e4schchen, ger\u00e4umiger Damen Kulturbeutel oder stylisches Marmor Federm\u00e4ppchen? Sie entscheiden! Ob zu Hause oder unterwegs, verstauen Sie stilvoll und elegant Ihr wichtigstes Kosmetik Zubeh\u00f6r und Schmink Zubeh\u00f6r, Ihre Ladekabel, Ladeger\u00e4te, und alle weiteren Must-have Accessoires.<br \/>\nEinfache Und Schnelle Reinigung &#8211; Das Makeup Case in stylischer Marmoroptik besteht aus einem hochwertigen und abwischbaren Material, das sogar f\u00fcr die Maschinenw\u00e4sche geeignet ist, Sie werden von unserer Waschtasche mehr als begeistert sein!<br \/>\n12 Monate Zufriedenheitsgarantie &#8211; Wir sind davon \u00fcberzeugt, dass Sie Ihr neues und luxuri\u00f6ses Lily England Schminkt\u00e4schchen zur Kosmetik Aufbewahrung in stylischer Marmor Optik mehr als lieben werden. Wenn Sie von unserem Kosmetikbeutel nicht so absolut begeistert und \u00fcberzeugt sind wie wir, erstatten wir Ihnen den Kaufpreis vollst\u00e4ndig zur\u00fcck.<br \/>\n<div class=\"main-cross-sell\" data-asin=\"B093TFD7S6\">\n\n\t<div class=\"WooZone-cross-sell-loader\">\n\t\t<div>\n\t\t\t<div id=\"floatingBarsG\">\n\t\t\t\t<div class=\"blockG\" id=\"rotateG_01\"><\/div>\n\t\t\t\t<div class=\"blockG\" id=\"rotateG_02\"><\/div>\n\t\t\t\t<div class=\"blockG\" id=\"rotateG_03\"><\/div>\n\t\t\t\t<div class=\"blockG\" id=\"rotateG_04\"><\/div>\n\t\t\t\t<div class=\"blockG\" id=\"rotateG_05\"><\/div>\n\t\t\t\t<div class=\"blockG\" id=\"rotateG_06\"><\/div>\n\t\t\t\t<div class=\"blockG\" id=\"rotateG_07\"><\/div>\n\t\t\t\t<div class=\"blockG\" id=\"rotateG_08\"><\/div>\n\t\t\t<\/div>\n\t\t\t<div class=\"WooZone-cross-sell-loader-text\"><\/div>\n\t\t<\/div>\n\t<\/div>\n\n\t\t\n<\/div>\n<div style=\"clear:both;\"><\/div><\/p>\n","protected":false},"excerpt":{"rendered":"<p>Stylisches Marmor Design &#8211; Sie suchen ein Makeup Bag, das sowohl praktisch als auch stilvoll zur Geltung kommt? Dann ist unsere Federmappe und Kulturtasche genau das Richtige f\u00fcr Sie! Mit unserem eleganten Marmor M\u00e4ppchen k\u00f6nnen Sie alle Ihre Schmink Zubeh\u00f6r Kosmetik Artikel einfach und bequem verstauen.<br \/>\nLuxus Trifft Design &#8211; Die schicke Federtasche ist ger\u00e4umig und gro\u00df genug, um alle wichtigen Beauty Produkte sicher zu verstauen und zugleich praktisch und kompakt, um auf Reisen in Ihr Gep\u00e4ck oder Ihre Handtasche zu passen. Das Make Up Etui misst 20cm x 11,5cm x 10cm bei einem Volumen von beachtlichen 2,3 Liter.<br \/>\nPraktische Mehrzwecktasche &#8211; Als Make Up Tasche, schickes Kosmetikt\u00e4schchen, ger\u00e4umiger Damen Kulturbeutel oder stylisches Marmor Federm\u00e4ppchen? Sie entscheiden! Ob zu Hause oder unterwegs, verstauen Sie stilvoll und elegant Ihr wichtigstes Kosmetik Zubeh\u00f6r und Schmink Zubeh\u00f6r, Ihre Ladekabel, Ladeger\u00e4te, und alle weiteren Must-have Accessoires.<\/p>\n","protected":false},"featured_media":34435,"comment_status":"open","ping_status":"closed","template":"","meta":[],"product_brand":[],"product_cat":[2858,7575],"product_tag":[],"class_list":{"0":"post-34431","1":"product","2":"type-product","3":"status-publish","4":"has-post-thumbnail","6":"product_cat-beauty","7":"product_cat-make-up","8":"pa_brand-lily-england","9":"pa_farbe-leopard","10":"pa_farbe-marmor","11":"pa_farbe-rosegold","13":"first","14":"instock","15":"shipping-taxable","16":"purchasable","17":"product-type-simple","18":"customify-col","19":"product-has-gallery"},"yoast_head":"<!-- This site is optimized with the Yoast SEO plugin v27.4 - https:\/\/yoast.com\/product\/yoast-seo-wordpress\/ -->\n<title>Kosmetiktasche f\u00fcr Damen - Kulturtasche Damen - Schminktasche - MakeUp Bag - M\u00e4ppchen - Federtasche - Kleiner\u2026 - Markt-XXL<\/title>\n<meta name=\"description\" content=\"Markt-XXL Kosmetiktasche f\u00fcr Damen - Kulturtasche Damen - Schminktasche - MakeUp Bag - M\u00e4ppchen - Federtasche - Kleiner\u2026\" \/>\n<meta name=\"robots\" content=\"index, follow, max-snippet:-1, max-image-preview:large, max-video-preview:-1\" \/>\n<link rel=\"canonical\" href=\"https:\/\/marktxxl.de\/markt\/produkt\/kosmetiktasche-maeppchen-make-up-bag-schminktasche-kosmetik-reise-kulturbeutel-federmaeppchen-taeschchen-mit-reissverschluss-lily-england\/\" \/>\n<meta property=\"og:locale\" content=\"de_DE\" \/>\n<meta property=\"og:type\" content=\"article\" \/>\n<meta property=\"og:title\" content=\"Kosmetiktasche f\u00fcr Damen - Kulturtasche Damen - Schminktasche - MakeUp Bag - M\u00e4ppchen - Federtasche - Kleiner\u2026 - Markt-XXL\" \/>\n<meta property=\"og:description\" content=\"Markt-XXL Kosmetiktasche f\u00fcr Damen - Kulturtasche Damen - Schminktasche - MakeUp Bag - M\u00e4ppchen - Federtasche - Kleiner\u2026\" \/>\n<meta property=\"og:url\" content=\"https:\/\/marktxxl.de\/markt\/produkt\/kosmetiktasche-maeppchen-make-up-bag-schminktasche-kosmetik-reise-kulturbeutel-federmaeppchen-taeschchen-mit-reissverschluss-lily-england\/\" \/>\n<meta property=\"og:site_name\" content=\"Markt-XXL\" \/>\n<meta property=\"article:modified_time\" content=\"2023-04-10T23:48:55+00:00\" \/>\n<meta property=\"og:image\" content=\"https:\/\/m.media-amazon.com\/images\/I\/51+7Ghgd4dS._SL500_.jpg\" \/>\n\t<meta property=\"og:image:width\" content=\"500\" \/>\n\t<meta property=\"og:image:height\" content=\"500\" \/>\n\t<meta property=\"og:image:type\" content=\"image\/jpeg\" \/>\n<meta name=\"twitter:card\" content=\"summary_large_image\" \/>\n<meta name=\"twitter:label1\" content=\"Gesch\u00e4tzte Lesezeit\" \/>\n\t<meta name=\"twitter:data1\" content=\"1\u00a0Minute\" \/>\n<script type=\"application\/ld+json\" class=\"yoast-schema-graph\">{\"@context\":\"https:\\\/\\\/schema.org\",\"@graph\":[{\"@type\":\"WebPage\",\"@id\":\"https:\\\/\\\/marktxxl.de\\\/markt\\\/produkt\\\/kosmetiktasche-maeppchen-make-up-bag-schminktasche-kosmetik-reise-kulturbeutel-federmaeppchen-taeschchen-mit-reissverschluss-lily-england\\\/\",\"url\":\"https:\\\/\\\/marktxxl.de\\\/markt\\\/produkt\\\/kosmetiktasche-maeppchen-make-up-bag-schminktasche-kosmetik-reise-kulturbeutel-federmaeppchen-taeschchen-mit-reissverschluss-lily-england\\\/\",\"name\":\"Kosmetiktasche f\u00fcr Damen - Kulturtasche Damen - Schminktasche - MakeUp Bag - M\u00e4ppchen - Federtasche - Kleiner\u2026 - Markt-XXL\",\"isPartOf\":{\"@id\":\"https:\\\/\\\/marktxxl.de\\\/markt\\\/#website\"},\"primaryImageOfPage\":{\"@id\":\"https:\\\/\\\/marktxxl.de\\\/markt\\\/produkt\\\/kosmetiktasche-maeppchen-make-up-bag-schminktasche-kosmetik-reise-kulturbeutel-federmaeppchen-taeschchen-mit-reissverschluss-lily-england\\\/#primaryimage\"},\"image\":{\"@id\":\"https:\\\/\\\/marktxxl.de\\\/markt\\\/produkt\\\/kosmetiktasche-maeppchen-make-up-bag-schminktasche-kosmetik-reise-kulturbeutel-federmaeppchen-taeschchen-mit-reissverschluss-lily-england\\\/#primaryimage\"},\"thumbnailUrl\":\"https:\\\/\\\/m.media-amazon.com\\\/images\\\/I\\\/51+7Ghgd4dS._SL500_.jpg\",\"datePublished\":\"2021-09-13T18:27:21+00:00\",\"dateModified\":\"2023-04-10T23:48:55+00:00\",\"description\":\"Markt-XXL Kosmetiktasche f\u00fcr Damen - Kulturtasche Damen - Schminktasche - MakeUp Bag - M\u00e4ppchen - Federtasche - Kleiner\u2026\",\"breadcrumb\":{\"@id\":\"https:\\\/\\\/marktxxl.de\\\/markt\\\/produkt\\\/kosmetiktasche-maeppchen-make-up-bag-schminktasche-kosmetik-reise-kulturbeutel-federmaeppchen-taeschchen-mit-reissverschluss-lily-england\\\/#breadcrumb\"},\"inLanguage\":\"de\",\"potentialAction\":[{\"@type\":\"ReadAction\",\"target\":[\"https:\\\/\\\/marktxxl.de\\\/markt\\\/produkt\\\/kosmetiktasche-maeppchen-make-up-bag-schminktasche-kosmetik-reise-kulturbeutel-federmaeppchen-taeschchen-mit-reissverschluss-lily-england\\\/\"]}]},{\"@type\":\"ImageObject\",\"inLanguage\":\"de\",\"@id\":\"https:\\\/\\\/marktxxl.de\\\/markt\\\/produkt\\\/kosmetiktasche-maeppchen-make-up-bag-schminktasche-kosmetik-reise-kulturbeutel-federmaeppchen-taeschchen-mit-reissverschluss-lily-england\\\/#primaryimage\",\"url\":\"https:\\\/\\\/m.media-amazon.com\\\/images\\\/I\\\/51+7Ghgd4dS._SL500_.jpg\",\"contentUrl\":\"https:\\\/\\\/m.media-amazon.com\\\/images\\\/I\\\/51+7Ghgd4dS._SL500_.jpg\",\"width\":500,\"height\":500},{\"@type\":\"BreadcrumbList\",\"@id\":\"https:\\\/\\\/marktxxl.de\\\/markt\\\/produkt\\\/kosmetiktasche-maeppchen-make-up-bag-schminktasche-kosmetik-reise-kulturbeutel-federmaeppchen-taeschchen-mit-reissverschluss-lily-england\\\/#breadcrumb\",\"itemListElement\":[{\"@type\":\"ListItem\",\"position\":1,\"name\":\"Startseite\",\"item\":\"https:\\\/\\\/marktxxl.de\\\/markt\\\/\"},{\"@type\":\"ListItem\",\"position\":2,\"name\":\"Markt\",\"item\":\"https:\\\/\\\/marktxxl.de\\\/markt\\\/\"},{\"@type\":\"ListItem\",\"position\":3,\"name\":\"Kosmetiktasche f\u00fcr Damen &#8211; Kulturtasche Damen &#8211; Schminktasche &#8211; MakeUp Bag &#8211; M\u00e4ppchen &#8211; Federtasche &#8211; Kleiner\u2026\"}]},{\"@type\":\"WebSite\",\"@id\":\"https:\\\/\\\/marktxxl.de\\\/markt\\\/#website\",\"url\":\"https:\\\/\\\/marktxxl.de\\\/markt\\\/\",\"name\":\"Markt-XXL\",\"description\":\"Ihr Markt Online\",\"publisher\":{\"@id\":\"https:\\\/\\\/marktxxl.de\\\/markt\\\/#organization\"},\"potentialAction\":[{\"@type\":\"SearchAction\",\"target\":{\"@type\":\"EntryPoint\",\"urlTemplate\":\"https:\\\/\\\/marktxxl.de\\\/markt\\\/?s={search_term_string}\"},\"query-input\":{\"@type\":\"PropertyValueSpecification\",\"valueRequired\":true,\"valueName\":\"search_term_string\"}}],\"inLanguage\":\"de\"},{\"@type\":\"Organization\",\"@id\":\"https:\\\/\\\/marktxxl.de\\\/markt\\\/#organization\",\"name\":\"Markt-XXL\",\"url\":\"https:\\\/\\\/marktxxl.de\\\/markt\\\/\",\"logo\":{\"@type\":\"ImageObject\",\"inLanguage\":\"de\",\"@id\":\"https:\\\/\\\/marktxxl.de\\\/markt\\\/#\\\/schema\\\/logo\\\/image\\\/\",\"url\":\"https:\\\/\\\/marktxxl.de\\\/markt\\\/wp-content\\\/uploads\\\/sites\\\/3\\\/2020\\\/12\\\/logo.png\",\"contentUrl\":\"https:\\\/\\\/marktxxl.de\\\/markt\\\/wp-content\\\/uploads\\\/sites\\\/3\\\/2020\\\/12\\\/logo.png\",\"width\":200,\"height\":70,\"caption\":\"Markt-XXL\"},\"image\":{\"@id\":\"https:\\\/\\\/marktxxl.de\\\/markt\\\/#\\\/schema\\\/logo\\\/image\\\/\"}}]}<\/script>\n<!-- \/ Yoast SEO plugin. -->","yoast_head_json":{"title":"Kosmetiktasche f\u00fcr Damen - Kulturtasche Damen - Schminktasche - MakeUp Bag - M\u00e4ppchen - Federtasche - Kleiner\u2026 - Markt-XXL","description":"Markt-XXL Kosmetiktasche f\u00fcr Damen - Kulturtasche Damen - Schminktasche - MakeUp Bag - M\u00e4ppchen - Federtasche - Kleiner\u2026","robots":{"index":"index","follow":"follow","max-snippet":"max-snippet:-1","max-image-preview":"max-image-preview:large","max-video-preview":"max-video-preview:-1"},"canonical":"https:\/\/marktxxl.de\/markt\/produkt\/kosmetiktasche-maeppchen-make-up-bag-schminktasche-kosmetik-reise-kulturbeutel-federmaeppchen-taeschchen-mit-reissverschluss-lily-england\/","og_locale":"de_DE","og_type":"article","og_title":"Kosmetiktasche f\u00fcr Damen - Kulturtasche Damen - Schminktasche - MakeUp Bag - M\u00e4ppchen - Federtasche - Kleiner\u2026 - Markt-XXL","og_description":"Markt-XXL Kosmetiktasche f\u00fcr Damen - Kulturtasche Damen - Schminktasche - MakeUp Bag - M\u00e4ppchen - Federtasche - Kleiner\u2026","og_url":"https:\/\/marktxxl.de\/markt\/produkt\/kosmetiktasche-maeppchen-make-up-bag-schminktasche-kosmetik-reise-kulturbeutel-federmaeppchen-taeschchen-mit-reissverschluss-lily-england\/","og_site_name":"Markt-XXL","article_modified_time":"2023-04-10T23:48:55+00:00","og_image":[{"width":500,"height":500,"url":"https:\/\/m.media-amazon.com\/images\/I\/51+7Ghgd4dS._SL500_.jpg","type":"image\/jpeg"}],"twitter_card":"summary_large_image","twitter_misc":{"Gesch\u00e4tzte Lesezeit":"1\u00a0Minute"},"schema":{"@context":"https:\/\/schema.org","@graph":[{"@type":"WebPage","@id":"https:\/\/marktxxl.de\/markt\/produkt\/kosmetiktasche-maeppchen-make-up-bag-schminktasche-kosmetik-reise-kulturbeutel-federmaeppchen-taeschchen-mit-reissverschluss-lily-england\/","url":"https:\/\/marktxxl.de\/markt\/produkt\/kosmetiktasche-maeppchen-make-up-bag-schminktasche-kosmetik-reise-kulturbeutel-federmaeppchen-taeschchen-mit-reissverschluss-lily-england\/","name":"Kosmetiktasche f\u00fcr Damen - Kulturtasche Damen - Schminktasche - MakeUp Bag - M\u00e4ppchen - Federtasche - Kleiner\u2026 - Markt-XXL","isPartOf":{"@id":"https:\/\/marktxxl.de\/markt\/#website"},"primaryImageOfPage":{"@id":"https:\/\/marktxxl.de\/markt\/produkt\/kosmetiktasche-maeppchen-make-up-bag-schminktasche-kosmetik-reise-kulturbeutel-federmaeppchen-taeschchen-mit-reissverschluss-lily-england\/#primaryimage"},"image":{"@id":"https:\/\/marktxxl.de\/markt\/produkt\/kosmetiktasche-maeppchen-make-up-bag-schminktasche-kosmetik-reise-kulturbeutel-federmaeppchen-taeschchen-mit-reissverschluss-lily-england\/#primaryimage"},"thumbnailUrl":"https:\/\/m.media-amazon.com\/images\/I\/51+7Ghgd4dS._SL500_.jpg","datePublished":"2021-09-13T18:27:21+00:00","dateModified":"2023-04-10T23:48:55+00:00","description":"Markt-XXL Kosmetiktasche f\u00fcr Damen - Kulturtasche Damen - Schminktasche - MakeUp Bag - M\u00e4ppchen - Federtasche - Kleiner\u2026","breadcrumb":{"@id":"https:\/\/marktxxl.de\/markt\/produkt\/kosmetiktasche-maeppchen-make-up-bag-schminktasche-kosmetik-reise-kulturbeutel-federmaeppchen-taeschchen-mit-reissverschluss-lily-england\/#breadcrumb"},"inLanguage":"de","potentialAction":[{"@type":"ReadAction","target":["https:\/\/marktxxl.de\/markt\/produkt\/kosmetiktasche-maeppchen-make-up-bag-schminktasche-kosmetik-reise-kulturbeutel-federmaeppchen-taeschchen-mit-reissverschluss-lily-england\/"]}]},{"@type":"ImageObject","inLanguage":"de","@id":"https:\/\/marktxxl.de\/markt\/produkt\/kosmetiktasche-maeppchen-make-up-bag-schminktasche-kosmetik-reise-kulturbeutel-federmaeppchen-taeschchen-mit-reissverschluss-lily-england\/#primaryimage","url":"https:\/\/m.media-amazon.com\/images\/I\/51+7Ghgd4dS._SL500_.jpg","contentUrl":"https:\/\/m.media-amazon.com\/images\/I\/51+7Ghgd4dS._SL500_.jpg","width":500,"height":500},{"@type":"BreadcrumbList","@id":"https:\/\/marktxxl.de\/markt\/produkt\/kosmetiktasche-maeppchen-make-up-bag-schminktasche-kosmetik-reise-kulturbeutel-federmaeppchen-taeschchen-mit-reissverschluss-lily-england\/#breadcrumb","itemListElement":[{"@type":"ListItem","position":1,"name":"Startseite","item":"https:\/\/marktxxl.de\/markt\/"},{"@type":"ListItem","position":2,"name":"Markt","item":"https:\/\/marktxxl.de\/markt\/"},{"@type":"ListItem","position":3,"name":"Kosmetiktasche f\u00fcr Damen &#8211; Kulturtasche Damen &#8211; Schminktasche &#8211; MakeUp Bag &#8211; M\u00e4ppchen &#8211; Federtasche &#8211; Kleiner\u2026"}]},{"@type":"WebSite","@id":"https:\/\/marktxxl.de\/markt\/#website","url":"https:\/\/marktxxl.de\/markt\/","name":"Markt-XXL","description":"Ihr Markt Online","publisher":{"@id":"https:\/\/marktxxl.de\/markt\/#organization"},"potentialAction":[{"@type":"SearchAction","target":{"@type":"EntryPoint","urlTemplate":"https:\/\/marktxxl.de\/markt\/?s={search_term_string}"},"query-input":{"@type":"PropertyValueSpecification","valueRequired":true,"valueName":"search_term_string"}}],"inLanguage":"de"},{"@type":"Organization","@id":"https:\/\/marktxxl.de\/markt\/#organization","name":"Markt-XXL","url":"https:\/\/marktxxl.de\/markt\/","logo":{"@type":"ImageObject","inLanguage":"de","@id":"https:\/\/marktxxl.de\/markt\/#\/schema\/logo\/image\/","url":"https:\/\/marktxxl.de\/markt\/wp-content\/uploads\/sites\/3\/2020\/12\/logo.png","contentUrl":"https:\/\/marktxxl.de\/markt\/wp-content\/uploads\/sites\/3\/2020\/12\/logo.png","width":200,"height":70,"caption":"Markt-XXL"},"image":{"@id":"https:\/\/marktxxl.de\/markt\/#\/schema\/logo\/image\/"}}]}},"_links":{"self":[{"href":"https:\/\/marktxxl.de\/markt\/wp-json\/wp\/v2\/product\/34431","targetHints":{"allow":["GET"]}}],"collection":[{"href":"https:\/\/marktxxl.de\/markt\/wp-json\/wp\/v2\/product"}],"about":[{"href":"https:\/\/marktxxl.de\/markt\/wp-json\/wp\/v2\/types\/product"}],"replies":[{"embeddable":true,"href":"https:\/\/marktxxl.de\/markt\/wp-json\/wp\/v2\/comments?post=34431"}],"wp:featuredmedia":[{"embeddable":true,"href":"https:\/\/marktxxl.de\/markt\/wp-json\/wp\/v2\/media\/34435"}],"wp:attachment":[{"href":"https:\/\/marktxxl.de\/markt\/wp-json\/wp\/v2\/media?parent=34431"}],"wp:term":[{"taxonomy":"product_brand","embeddable":true,"href":"https:\/\/marktxxl.de\/markt\/wp-json\/wp\/v2\/product_brand?post=34431"},{"taxonomy":"product_cat","embeddable":true,"href":"https:\/\/marktxxl.de\/markt\/wp-json\/wp\/v2\/product_cat?post=34431"},{"taxonomy":"product_tag","embeddable":true,"href":"https:\/\/marktxxl.de\/markt\/wp-json\/wp\/v2\/product_tag?post=34431"}],"curies":[{"name":"wp","href":"https:\/\/api.w.org\/{rel}","templated":true}]}}