{"id":34389,"date":"2021-09-13T20:26:19","date_gmt":"2021-09-13T18:26:19","guid":{"rendered":"https:\/\/marktxxl.de\/markt\/produkt\/led-badeinbaustrahler-ultra-flach-inkl-2x-5w-led-modul-230v-ip44-led-einbauleuchte-bad-deckenspot-einbaustrahler-bad-einbauspot-warmweiss-2x-400lm\/"},"modified":"2023-04-11T01:48:54","modified_gmt":"2023-04-10T23:48:54","slug":"led-badeinbaustrahler-ultra-flach-inkl-2x-5w-led-modul-230v-ip44-led-einbauleuchte-bad-deckenspot-einbaustrahler-bad-einbauspot-warmweiss-2x-400lm","status":"publish","type":"product","link":"https:\/\/marktxxl.de\/markt\/produkt\/led-badeinbaustrahler-ultra-flach-inkl-2x-5w-led-modul-230v-ip44-led-einbauleuchte-bad-deckenspot-einbaustrahler-bad-einbauspot-warmweiss-2x-400lm\/","title":{"rendered":"vislux LED Badeinbaustrahler ultra flach inkl. 2x 5W LED Modul 230V IP44 LED Einbauleuchte Bad Deckenspot Einbaustrahler\u2026"},"content":{"rendered":"<p>Hochwertiges IP44 LED Einbaustrahler Spots in sehr flachem Bauform nur 28 mm im 2er Set. Geringer Strom Verbrauch je 5W bei angenehmer heller warmen Licht mit einer Farbtemperatur von 3000 Kelvin. Ideal f\u00fcr Badezimmer, K\u00fcche, Au\u00dfenbereichen&#8230;, wo Spritzwasserschutz IP44 ben\u00f6tigt<br \/>\nKein Trafo notwendig, die Einbauspots kann direkt ans 230V angeschlossen werden. Au\u00dferdem das LED Modul Leuchtmitteln EINZELN austauschbar, der Rahmen muss nicht ausgebaut werden.<br \/>\nSehr nat\u00fcrliche Farbwiedergabewert von CRI&gt;80 nach dem Einschalten, mit einem Abstrahlwinkel von 110\u00b0 und mit je 400 Lumen entspricht ca. 40W Halogenleistung, erm\u00f6glicht ihnen ein angenehmes Lichtgef\u00fchl.<br \/>\nDas Beste noch mit einer sehr geringer Einbautiefe von nur 28 mm und einen Deckenausschnitt Lochkreis \u00d858 \u2013 72 mm kann dieser individuelle \u00fcberall eingesetzt werden, da Au\u00dfen \u00d8 83 mm betr\u00e4gt.<br \/>\nLieferumfang: 2x LED Einbaustrahler mit 2x 5W Modul 230V Farbe: Edelstahl-geb\u00fcrstet<br \/>\n<div class=\"main-cross-sell\" data-asin=\"B07XY8SQ6L\">\n\n\t<div class=\"WooZone-cross-sell-loader\">\n\t\t<div>\n\t\t\t<div id=\"floatingBarsG\">\n\t\t\t\t<div class=\"blockG\" id=\"rotateG_01\"><\/div>\n\t\t\t\t<div class=\"blockG\" id=\"rotateG_02\"><\/div>\n\t\t\t\t<div class=\"blockG\" id=\"rotateG_03\"><\/div>\n\t\t\t\t<div class=\"blockG\" id=\"rotateG_04\"><\/div>\n\t\t\t\t<div class=\"blockG\" id=\"rotateG_05\"><\/div>\n\t\t\t\t<div class=\"blockG\" id=\"rotateG_06\"><\/div>\n\t\t\t\t<div class=\"blockG\" id=\"rotateG_07\"><\/div>\n\t\t\t\t<div class=\"blockG\" id=\"rotateG_08\"><\/div>\n\t\t\t<\/div>\n\t\t\t<div class=\"WooZone-cross-sell-loader-text\"><\/div>\n\t\t<\/div>\n\t<\/div>\n\n\t\t\n<\/div>\n<div style=\"clear:both;\"><\/div><\/p>\n","protected":false},"excerpt":{"rendered":"<p>Hochwertiges IP44 LED Einbaustrahler Spots in sehr flachem Bauform nur 28 mm im 2er Set. Geringer Strom Verbrauch je 5W bei angenehmer heller warmen Licht mit einer Farbtemperatur von 3000 Kelvin. Ideal f\u00fcr Badezimmer, K\u00fcche, Au\u00dfenbereichen&#8230;, wo Spritzwasserschutz IP44 ben\u00f6tigt<br \/>\nKein Trafo notwendig, die Einbauspots kann direkt ans 230V angeschlossen werden. Au\u00dferdem das LED Modul Leuchtmitteln EINZELN austauschbar, der Rahmen muss nicht ausgebaut werden.<br \/>\nSehr nat\u00fcrliche Farbwiedergabewert von CRI&gt;80 nach dem Einschalten, mit einem Abstrahlwinkel von 110\u00b0 und mit je 400 Lumen entspricht ca. 40W Halogenleistung, erm\u00f6glicht ihnen ein angenehmes Lichtgef\u00fchl.<\/p>\n","protected":false},"featured_media":34390,"comment_status":"open","ping_status":"closed","template":"","meta":[],"product_brand":[],"product_cat":[11474,2108],"product_tag":[],"class_list":{"0":"post-34389","1":"product","2":"type-product","3":"status-publish","4":"has-post-thumbnail","6":"product_cat-bad-beleuchtung","7":"product_cat-beleuchtung","8":"pa_binding-ausruestung","9":"pa_brand-busch-jaeger-3","10":"pa_brand-vislux","11":"pa_manufacturer-futura-trends-gmbh","12":"pa_weight-0-551155655-pfund","14":"first","15":"instock","16":"shipping-taxable","17":"purchasable","18":"product-type-simple","19":"customify-col","20":"product-has-gallery"},"yoast_head":"<!-- This site is optimized with the Yoast SEO plugin v27.4 - https:\/\/yoast.com\/product\/yoast-seo-wordpress\/ -->\n<title>vislux LED Badeinbaustrahler ultra flach inkl. 2x 5W LED Modul 230V IP44 LED Einbauleuchte Bad Deckenspot Einbaustrahler\u2026 - Markt-XXL<\/title>\n<meta name=\"description\" content=\"Markt-XXL vislux LED Badeinbaustrahler ultra flach inkl. 2x 5W LED Modul 230V IP44 LED Einbauleuchte Bad Deckenspot Einbaustrahler\u2026\" \/>\n<meta name=\"robots\" content=\"index, follow, max-snippet:-1, max-image-preview:large, max-video-preview:-1\" \/>\n<link rel=\"canonical\" href=\"https:\/\/marktxxl.de\/markt\/produkt\/led-badeinbaustrahler-ultra-flach-inkl-2x-5w-led-modul-230v-ip44-led-einbauleuchte-bad-deckenspot-einbaustrahler-bad-einbauspot-warmweiss-2x-400lm\/\" \/>\n<meta property=\"og:locale\" content=\"de_DE\" \/>\n<meta property=\"og:type\" content=\"article\" \/>\n<meta property=\"og:title\" content=\"vislux LED Badeinbaustrahler ultra flach inkl. 2x 5W LED Modul 230V IP44 LED Einbauleuchte Bad Deckenspot Einbaustrahler\u2026 - Markt-XXL\" \/>\n<meta property=\"og:description\" content=\"Markt-XXL vislux LED Badeinbaustrahler ultra flach inkl. 2x 5W LED Modul 230V IP44 LED Einbauleuchte Bad Deckenspot Einbaustrahler\u2026\" \/>\n<meta property=\"og:url\" content=\"https:\/\/marktxxl.de\/markt\/produkt\/led-badeinbaustrahler-ultra-flach-inkl-2x-5w-led-modul-230v-ip44-led-einbauleuchte-bad-deckenspot-einbaustrahler-bad-einbauspot-warmweiss-2x-400lm\/\" \/>\n<meta property=\"og:site_name\" content=\"Markt-XXL\" \/>\n<meta property=\"article:modified_time\" content=\"2023-04-10T23:48:54+00:00\" \/>\n<meta property=\"og:image\" content=\"https:\/\/m.media-amazon.com\/images\/I\/41iadUp4XhL._SL500_.jpg\" \/>\n\t<meta property=\"og:image:width\" content=\"500\" \/>\n\t<meta property=\"og:image:height\" content=\"375\" \/>\n\t<meta property=\"og:image:type\" content=\"image\/jpeg\" \/>\n<meta name=\"twitter:card\" content=\"summary_large_image\" \/>\n<meta name=\"twitter:label1\" content=\"Gesch\u00e4tzte Lesezeit\" \/>\n\t<meta name=\"twitter:data1\" content=\"1\u00a0Minute\" \/>\n<script type=\"application\/ld+json\" class=\"yoast-schema-graph\">{\"@context\":\"https:\\\/\\\/schema.org\",\"@graph\":[{\"@type\":\"WebPage\",\"@id\":\"https:\\\/\\\/marktxxl.de\\\/markt\\\/produkt\\\/led-badeinbaustrahler-ultra-flach-inkl-2x-5w-led-modul-230v-ip44-led-einbauleuchte-bad-deckenspot-einbaustrahler-bad-einbauspot-warmweiss-2x-400lm\\\/\",\"url\":\"https:\\\/\\\/marktxxl.de\\\/markt\\\/produkt\\\/led-badeinbaustrahler-ultra-flach-inkl-2x-5w-led-modul-230v-ip44-led-einbauleuchte-bad-deckenspot-einbaustrahler-bad-einbauspot-warmweiss-2x-400lm\\\/\",\"name\":\"vislux LED Badeinbaustrahler ultra flach inkl. 2x 5W LED Modul 230V IP44 LED Einbauleuchte Bad Deckenspot Einbaustrahler\u2026 - Markt-XXL\",\"isPartOf\":{\"@id\":\"https:\\\/\\\/marktxxl.de\\\/markt\\\/#website\"},\"primaryImageOfPage\":{\"@id\":\"https:\\\/\\\/marktxxl.de\\\/markt\\\/produkt\\\/led-badeinbaustrahler-ultra-flach-inkl-2x-5w-led-modul-230v-ip44-led-einbauleuchte-bad-deckenspot-einbaustrahler-bad-einbauspot-warmweiss-2x-400lm\\\/#primaryimage\"},\"image\":{\"@id\":\"https:\\\/\\\/marktxxl.de\\\/markt\\\/produkt\\\/led-badeinbaustrahler-ultra-flach-inkl-2x-5w-led-modul-230v-ip44-led-einbauleuchte-bad-deckenspot-einbaustrahler-bad-einbauspot-warmweiss-2x-400lm\\\/#primaryimage\"},\"thumbnailUrl\":\"https:\\\/\\\/m.media-amazon.com\\\/images\\\/I\\\/41iadUp4XhL._SL500_.jpg\",\"datePublished\":\"2021-09-13T18:26:19+00:00\",\"dateModified\":\"2023-04-10T23:48:54+00:00\",\"description\":\"Markt-XXL vislux LED Badeinbaustrahler ultra flach inkl. 2x 5W LED Modul 230V IP44 LED Einbauleuchte Bad Deckenspot Einbaustrahler\u2026\",\"breadcrumb\":{\"@id\":\"https:\\\/\\\/marktxxl.de\\\/markt\\\/produkt\\\/led-badeinbaustrahler-ultra-flach-inkl-2x-5w-led-modul-230v-ip44-led-einbauleuchte-bad-deckenspot-einbaustrahler-bad-einbauspot-warmweiss-2x-400lm\\\/#breadcrumb\"},\"inLanguage\":\"de\",\"potentialAction\":[{\"@type\":\"ReadAction\",\"target\":[\"https:\\\/\\\/marktxxl.de\\\/markt\\\/produkt\\\/led-badeinbaustrahler-ultra-flach-inkl-2x-5w-led-modul-230v-ip44-led-einbauleuchte-bad-deckenspot-einbaustrahler-bad-einbauspot-warmweiss-2x-400lm\\\/\"]}]},{\"@type\":\"ImageObject\",\"inLanguage\":\"de\",\"@id\":\"https:\\\/\\\/marktxxl.de\\\/markt\\\/produkt\\\/led-badeinbaustrahler-ultra-flach-inkl-2x-5w-led-modul-230v-ip44-led-einbauleuchte-bad-deckenspot-einbaustrahler-bad-einbauspot-warmweiss-2x-400lm\\\/#primaryimage\",\"url\":\"https:\\\/\\\/m.media-amazon.com\\\/images\\\/I\\\/41iadUp4XhL._SL500_.jpg\",\"contentUrl\":\"https:\\\/\\\/m.media-amazon.com\\\/images\\\/I\\\/41iadUp4XhL._SL500_.jpg\",\"width\":500,\"height\":375},{\"@type\":\"BreadcrumbList\",\"@id\":\"https:\\\/\\\/marktxxl.de\\\/markt\\\/produkt\\\/led-badeinbaustrahler-ultra-flach-inkl-2x-5w-led-modul-230v-ip44-led-einbauleuchte-bad-deckenspot-einbaustrahler-bad-einbauspot-warmweiss-2x-400lm\\\/#breadcrumb\",\"itemListElement\":[{\"@type\":\"ListItem\",\"position\":1,\"name\":\"Startseite\",\"item\":\"https:\\\/\\\/marktxxl.de\\\/markt\\\/\"},{\"@type\":\"ListItem\",\"position\":2,\"name\":\"Markt\",\"item\":\"https:\\\/\\\/marktxxl.de\\\/markt\\\/\"},{\"@type\":\"ListItem\",\"position\":3,\"name\":\"vislux LED Badeinbaustrahler ultra flach inkl. 2x 5W LED Modul 230V IP44 LED Einbauleuchte Bad Deckenspot Einbaustrahler\u2026\"}]},{\"@type\":\"WebSite\",\"@id\":\"https:\\\/\\\/marktxxl.de\\\/markt\\\/#website\",\"url\":\"https:\\\/\\\/marktxxl.de\\\/markt\\\/\",\"name\":\"Markt-XXL\",\"description\":\"Ihr Markt Online\",\"publisher\":{\"@id\":\"https:\\\/\\\/marktxxl.de\\\/markt\\\/#organization\"},\"potentialAction\":[{\"@type\":\"SearchAction\",\"target\":{\"@type\":\"EntryPoint\",\"urlTemplate\":\"https:\\\/\\\/marktxxl.de\\\/markt\\\/?s={search_term_string}\"},\"query-input\":{\"@type\":\"PropertyValueSpecification\",\"valueRequired\":true,\"valueName\":\"search_term_string\"}}],\"inLanguage\":\"de\"},{\"@type\":\"Organization\",\"@id\":\"https:\\\/\\\/marktxxl.de\\\/markt\\\/#organization\",\"name\":\"Markt-XXL\",\"url\":\"https:\\\/\\\/marktxxl.de\\\/markt\\\/\",\"logo\":{\"@type\":\"ImageObject\",\"inLanguage\":\"de\",\"@id\":\"https:\\\/\\\/marktxxl.de\\\/markt\\\/#\\\/schema\\\/logo\\\/image\\\/\",\"url\":\"https:\\\/\\\/marktxxl.de\\\/markt\\\/wp-content\\\/uploads\\\/sites\\\/3\\\/2020\\\/12\\\/logo.png\",\"contentUrl\":\"https:\\\/\\\/marktxxl.de\\\/markt\\\/wp-content\\\/uploads\\\/sites\\\/3\\\/2020\\\/12\\\/logo.png\",\"width\":200,\"height\":70,\"caption\":\"Markt-XXL\"},\"image\":{\"@id\":\"https:\\\/\\\/marktxxl.de\\\/markt\\\/#\\\/schema\\\/logo\\\/image\\\/\"}}]}<\/script>\n<!-- \/ Yoast SEO plugin. -->","yoast_head_json":{"title":"vislux LED Badeinbaustrahler ultra flach inkl. 2x 5W LED Modul 230V IP44 LED Einbauleuchte Bad Deckenspot Einbaustrahler\u2026 - Markt-XXL","description":"Markt-XXL vislux LED Badeinbaustrahler ultra flach inkl. 2x 5W LED Modul 230V IP44 LED Einbauleuchte Bad Deckenspot Einbaustrahler\u2026","robots":{"index":"index","follow":"follow","max-snippet":"max-snippet:-1","max-image-preview":"max-image-preview:large","max-video-preview":"max-video-preview:-1"},"canonical":"https:\/\/marktxxl.de\/markt\/produkt\/led-badeinbaustrahler-ultra-flach-inkl-2x-5w-led-modul-230v-ip44-led-einbauleuchte-bad-deckenspot-einbaustrahler-bad-einbauspot-warmweiss-2x-400lm\/","og_locale":"de_DE","og_type":"article","og_title":"vislux LED Badeinbaustrahler ultra flach inkl. 2x 5W LED Modul 230V IP44 LED Einbauleuchte Bad Deckenspot Einbaustrahler\u2026 - Markt-XXL","og_description":"Markt-XXL vislux LED Badeinbaustrahler ultra flach inkl. 2x 5W LED Modul 230V IP44 LED Einbauleuchte Bad Deckenspot Einbaustrahler\u2026","og_url":"https:\/\/marktxxl.de\/markt\/produkt\/led-badeinbaustrahler-ultra-flach-inkl-2x-5w-led-modul-230v-ip44-led-einbauleuchte-bad-deckenspot-einbaustrahler-bad-einbauspot-warmweiss-2x-400lm\/","og_site_name":"Markt-XXL","article_modified_time":"2023-04-10T23:48:54+00:00","og_image":[{"width":500,"height":375,"url":"https:\/\/m.media-amazon.com\/images\/I\/41iadUp4XhL._SL500_.jpg","type":"image\/jpeg"}],"twitter_card":"summary_large_image","twitter_misc":{"Gesch\u00e4tzte Lesezeit":"1\u00a0Minute"},"schema":{"@context":"https:\/\/schema.org","@graph":[{"@type":"WebPage","@id":"https:\/\/marktxxl.de\/markt\/produkt\/led-badeinbaustrahler-ultra-flach-inkl-2x-5w-led-modul-230v-ip44-led-einbauleuchte-bad-deckenspot-einbaustrahler-bad-einbauspot-warmweiss-2x-400lm\/","url":"https:\/\/marktxxl.de\/markt\/produkt\/led-badeinbaustrahler-ultra-flach-inkl-2x-5w-led-modul-230v-ip44-led-einbauleuchte-bad-deckenspot-einbaustrahler-bad-einbauspot-warmweiss-2x-400lm\/","name":"vislux LED Badeinbaustrahler ultra flach inkl. 2x 5W LED Modul 230V IP44 LED Einbauleuchte Bad Deckenspot Einbaustrahler\u2026 - Markt-XXL","isPartOf":{"@id":"https:\/\/marktxxl.de\/markt\/#website"},"primaryImageOfPage":{"@id":"https:\/\/marktxxl.de\/markt\/produkt\/led-badeinbaustrahler-ultra-flach-inkl-2x-5w-led-modul-230v-ip44-led-einbauleuchte-bad-deckenspot-einbaustrahler-bad-einbauspot-warmweiss-2x-400lm\/#primaryimage"},"image":{"@id":"https:\/\/marktxxl.de\/markt\/produkt\/led-badeinbaustrahler-ultra-flach-inkl-2x-5w-led-modul-230v-ip44-led-einbauleuchte-bad-deckenspot-einbaustrahler-bad-einbauspot-warmweiss-2x-400lm\/#primaryimage"},"thumbnailUrl":"https:\/\/m.media-amazon.com\/images\/I\/41iadUp4XhL._SL500_.jpg","datePublished":"2021-09-13T18:26:19+00:00","dateModified":"2023-04-10T23:48:54+00:00","description":"Markt-XXL vislux LED Badeinbaustrahler ultra flach inkl. 2x 5W LED Modul 230V IP44 LED Einbauleuchte Bad Deckenspot Einbaustrahler\u2026","breadcrumb":{"@id":"https:\/\/marktxxl.de\/markt\/produkt\/led-badeinbaustrahler-ultra-flach-inkl-2x-5w-led-modul-230v-ip44-led-einbauleuchte-bad-deckenspot-einbaustrahler-bad-einbauspot-warmweiss-2x-400lm\/#breadcrumb"},"inLanguage":"de","potentialAction":[{"@type":"ReadAction","target":["https:\/\/marktxxl.de\/markt\/produkt\/led-badeinbaustrahler-ultra-flach-inkl-2x-5w-led-modul-230v-ip44-led-einbauleuchte-bad-deckenspot-einbaustrahler-bad-einbauspot-warmweiss-2x-400lm\/"]}]},{"@type":"ImageObject","inLanguage":"de","@id":"https:\/\/marktxxl.de\/markt\/produkt\/led-badeinbaustrahler-ultra-flach-inkl-2x-5w-led-modul-230v-ip44-led-einbauleuchte-bad-deckenspot-einbaustrahler-bad-einbauspot-warmweiss-2x-400lm\/#primaryimage","url":"https:\/\/m.media-amazon.com\/images\/I\/41iadUp4XhL._SL500_.jpg","contentUrl":"https:\/\/m.media-amazon.com\/images\/I\/41iadUp4XhL._SL500_.jpg","width":500,"height":375},{"@type":"BreadcrumbList","@id":"https:\/\/marktxxl.de\/markt\/produkt\/led-badeinbaustrahler-ultra-flach-inkl-2x-5w-led-modul-230v-ip44-led-einbauleuchte-bad-deckenspot-einbaustrahler-bad-einbauspot-warmweiss-2x-400lm\/#breadcrumb","itemListElement":[{"@type":"ListItem","position":1,"name":"Startseite","item":"https:\/\/marktxxl.de\/markt\/"},{"@type":"ListItem","position":2,"name":"Markt","item":"https:\/\/marktxxl.de\/markt\/"},{"@type":"ListItem","position":3,"name":"vislux LED Badeinbaustrahler ultra flach inkl. 2x 5W LED Modul 230V IP44 LED Einbauleuchte Bad Deckenspot Einbaustrahler\u2026"}]},{"@type":"WebSite","@id":"https:\/\/marktxxl.de\/markt\/#website","url":"https:\/\/marktxxl.de\/markt\/","name":"Markt-XXL","description":"Ihr Markt Online","publisher":{"@id":"https:\/\/marktxxl.de\/markt\/#organization"},"potentialAction":[{"@type":"SearchAction","target":{"@type":"EntryPoint","urlTemplate":"https:\/\/marktxxl.de\/markt\/?s={search_term_string}"},"query-input":{"@type":"PropertyValueSpecification","valueRequired":true,"valueName":"search_term_string"}}],"inLanguage":"de"},{"@type":"Organization","@id":"https:\/\/marktxxl.de\/markt\/#organization","name":"Markt-XXL","url":"https:\/\/marktxxl.de\/markt\/","logo":{"@type":"ImageObject","inLanguage":"de","@id":"https:\/\/marktxxl.de\/markt\/#\/schema\/logo\/image\/","url":"https:\/\/marktxxl.de\/markt\/wp-content\/uploads\/sites\/3\/2020\/12\/logo.png","contentUrl":"https:\/\/marktxxl.de\/markt\/wp-content\/uploads\/sites\/3\/2020\/12\/logo.png","width":200,"height":70,"caption":"Markt-XXL"},"image":{"@id":"https:\/\/marktxxl.de\/markt\/#\/schema\/logo\/image\/"}}]}},"_links":{"self":[{"href":"https:\/\/marktxxl.de\/markt\/wp-json\/wp\/v2\/product\/34389","targetHints":{"allow":["GET"]}}],"collection":[{"href":"https:\/\/marktxxl.de\/markt\/wp-json\/wp\/v2\/product"}],"about":[{"href":"https:\/\/marktxxl.de\/markt\/wp-json\/wp\/v2\/types\/product"}],"replies":[{"embeddable":true,"href":"https:\/\/marktxxl.de\/markt\/wp-json\/wp\/v2\/comments?post=34389"}],"wp:featuredmedia":[{"embeddable":true,"href":"https:\/\/marktxxl.de\/markt\/wp-json\/wp\/v2\/media\/34390"}],"wp:attachment":[{"href":"https:\/\/marktxxl.de\/markt\/wp-json\/wp\/v2\/media?parent=34389"}],"wp:term":[{"taxonomy":"product_brand","embeddable":true,"href":"https:\/\/marktxxl.de\/markt\/wp-json\/wp\/v2\/product_brand?post=34389"},{"taxonomy":"product_cat","embeddable":true,"href":"https:\/\/marktxxl.de\/markt\/wp-json\/wp\/v2\/product_cat?post=34389"},{"taxonomy":"product_tag","embeddable":true,"href":"https:\/\/marktxxl.de\/markt\/wp-json\/wp\/v2\/product_tag?post=34389"}],"curies":[{"name":"wp","href":"https:\/\/api.w.org\/{rel}","templated":true}]}}