{"id":34317,"date":"2021-09-13T20:25:06","date_gmt":"2021-09-13T18:25:06","guid":{"rendered":"https:\/\/marktxxl.de\/markt\/produkt\/solarleuchten-fuer-aussen-opard-8-led-solarlampen-fuer-aussen-garten-solar-gartenleuchte-bodenleuchten-ip65-wasserdichte-bodenstrahler-geeignet-fuer-gaerten-innenhoefe-rasenflaechen-terrassen\/"},"modified":"2023-04-11T01:48:53","modified_gmt":"2023-04-10T23:48:53","slug":"solarleuchten-fuer-aussen-opard-8-led-solarlampen-fuer-aussen-garten-solar-gartenleuchte-bodenleuchten-ip65-wasserdichte-bodenstrahler-geeignet-fuer-gaerten-innenhoefe-rasenflaechen-terrassen","status":"publish","type":"product","link":"https:\/\/marktxxl.de\/markt\/produkt\/solarleuchten-fuer-aussen-opard-8-led-solarlampen-fuer-aussen-garten-solar-gartenleuchte-bodenleuchten-ip65-wasserdichte-bodenstrahler-geeignet-fuer-gaerten-innenhoefe-rasenflaechen-terrassen\/","title":{"rendered":"Opard Solarleuchten f\u00fcr Au\u00dfen, 8 LED Solarlampen f\u00fcr Au\u00dfen Garten Solar Gartenleuchte Bodenleuchten IP65 Wasserdichte\u2026"},"content":{"rendered":"<p>\u3010Helle Solar Bodenleuchten\u3011: Unsere Solar Bodenleuchten besteht aus 8 LEDs, eingebaute 800mAh Akku, Nach 6-8 Stunden Vollaufladen kann die Gartenleuchte eine Laufzeit etwa von 8-12 Stunden erziehlen. (Aufladen und Arbeitszeiten \u00e4ndern sich wetterbedingt)<br \/>\n\u3010Automatischer Lichtsensor\u3011: Dr\u00fccken Sie einfach die ON-Taste an der Unterseite der Lichter, dann stecken Sie sie in den Boden in der Sonne. Nach dem Einschalten des Knopfes wird die Solar Gartenleuchten tags\u00fcber automatisch aufgeladen und leuchtet nachts auf.<br \/>\n\u3010IP65 Wasserdicht\u3011: Solarlampen ist aus Aluminiumlegierung Material hergestellt, leicht und stark, gute Korrosionsbest\u00e4ndigkeit, IP65 Wasserdichtigkeit, kann bei jedem Wetter wie Regen, Schnee, Frost oder Schneeregen eingesetzt werden.<br \/>\n\u3010Einfache Installation\u3011: Kein zus\u00e4tzlicher Draht erforderlich, jede Bodenleuchte hat 4 Stacheln, einfach die Kunststoffpf\u00e4hle in den Boden dr\u00fccken.einfache Bedienung. Hinweis: Bevor Sie den Spike verwenden, sollten Sie ein geeignetes Loch f\u00fcr den Spike graben.<br \/>\n\u3010Breite Verwendung\u3011: Solarleuchte Bodenleuchte eignen sich ideal zur Beleuchtung von Einfahrtem, Wegen, Terassen, oder zur Beleuchtung des Gartens. verleihen der Nachtszene bei Nacht eine sch\u00f6ne Szene. Es geeingnet f\u00fcr Ihre Einfahrt, B\u00fcrgersteig, Landschaft, Garten, Terrasse, Korridor, Weg, Rasen usw.<br \/>\n<div class=\"main-cross-sell\" data-asin=\"B08RYXGTHC\">\n\n\t<div class=\"WooZone-cross-sell-loader\">\n\t\t<div>\n\t\t\t<div id=\"floatingBarsG\">\n\t\t\t\t<div class=\"blockG\" id=\"rotateG_01\"><\/div>\n\t\t\t\t<div class=\"blockG\" id=\"rotateG_02\"><\/div>\n\t\t\t\t<div class=\"blockG\" id=\"rotateG_03\"><\/div>\n\t\t\t\t<div class=\"blockG\" id=\"rotateG_04\"><\/div>\n\t\t\t\t<div class=\"blockG\" id=\"rotateG_05\"><\/div>\n\t\t\t\t<div class=\"blockG\" id=\"rotateG_06\"><\/div>\n\t\t\t\t<div class=\"blockG\" id=\"rotateG_07\"><\/div>\n\t\t\t\t<div class=\"blockG\" id=\"rotateG_08\"><\/div>\n\t\t\t<\/div>\n\t\t\t<div class=\"WooZone-cross-sell-loader-text\"><\/div>\n\t\t<\/div>\n\t<\/div>\n\n\t\t\n<\/div>\n<div style=\"clear:both;\"><\/div><\/p>\n","protected":false},"excerpt":{"rendered":"<p>\u3010Helle Solar Bodenleuchten\u3011: Unsere Solar Bodenleuchten besteht aus 8 LEDs, eingebaute 800mAh Akku, Nach 6-8 Stunden Vollaufladen kann die Gartenleuchte eine Laufzeit etwa von 8-12 Stunden erziehlen. (Aufladen und Arbeitszeiten \u00e4ndern sich wetterbedingt)<br \/>\n\u3010Automatischer Lichtsensor\u3011: Dr\u00fccken Sie einfach die ON-Taste an der Unterseite der Lichter, dann stecken Sie sie in den Boden in der Sonne. Nach dem Einschalten des Knopfes wird die Solar Gartenleuchten tags\u00fcber automatisch aufgeladen und leuchtet nachts auf.<br \/>\n\u3010IP65 Wasserdicht\u3011: Solarlampen ist aus Aluminiumlegierung Material hergestellt, leicht und stark, gute Korrosionsbest\u00e4ndigkeit, IP65 Wasserdichtigkeit, kann bei jedem Wetter wie Regen, Schnee, Frost oder Schneeregen eingesetzt werden.<\/p>\n","protected":false},"featured_media":34318,"comment_status":"open","ping_status":"closed","template":"","meta":[],"product_brand":[],"product_cat":[11446,2108],"product_tag":[],"class_list":{"0":"post-34317","1":"product","2":"type-product","3":"status-publish","4":"has-post-thumbnail","6":"product_cat-aussenbeleuchtung","7":"product_cat-beleuchtung","8":"pa_brand-opard","9":"pa_color-schwarz","10":"pa_manufacturer-shenzhen-city-letu-technology-co-ltd","12":"first","13":"instock","14":"shipping-taxable","15":"purchasable","16":"product-type-simple","17":"customify-col","18":"product-has-gallery"},"yoast_head":"<!-- This site is optimized with the Yoast SEO plugin v27.4 - https:\/\/yoast.com\/product\/yoast-seo-wordpress\/ -->\n<title>Opard Solarleuchten f\u00fcr Au\u00dfen, 8 LED Solarlampen f\u00fcr Au\u00dfen Garten Solar Gartenleuchte Bodenleuchten IP65 Wasserdichte\u2026 - Markt-XXL<\/title>\n<meta name=\"description\" content=\"Markt-XXL Opard Solarleuchten f\u00fcr Au\u00dfen, 8 LED Solarlampen f\u00fcr Au\u00dfen Garten Solar Gartenleuchte Bodenleuchten IP65 Wasserdichte\u2026\" \/>\n<meta name=\"robots\" content=\"index, follow, max-snippet:-1, max-image-preview:large, max-video-preview:-1\" \/>\n<link rel=\"canonical\" href=\"https:\/\/marktxxl.de\/markt\/produkt\/solarleuchten-fuer-aussen-opard-8-led-solarlampen-fuer-aussen-garten-solar-gartenleuchte-bodenleuchten-ip65-wasserdichte-bodenstrahler-geeignet-fuer-gaerten-innenhoefe-rasenflaechen-terrassen\/\" \/>\n<meta property=\"og:locale\" content=\"de_DE\" \/>\n<meta property=\"og:type\" content=\"article\" \/>\n<meta property=\"og:title\" content=\"Opard Solarleuchten f\u00fcr Au\u00dfen, 8 LED Solarlampen f\u00fcr Au\u00dfen Garten Solar Gartenleuchte Bodenleuchten IP65 Wasserdichte\u2026 - Markt-XXL\" \/>\n<meta property=\"og:description\" content=\"Markt-XXL Opard Solarleuchten f\u00fcr Au\u00dfen, 8 LED Solarlampen f\u00fcr Au\u00dfen Garten Solar Gartenleuchte Bodenleuchten IP65 Wasserdichte\u2026\" \/>\n<meta property=\"og:url\" content=\"https:\/\/marktxxl.de\/markt\/produkt\/solarleuchten-fuer-aussen-opard-8-led-solarlampen-fuer-aussen-garten-solar-gartenleuchte-bodenleuchten-ip65-wasserdichte-bodenstrahler-geeignet-fuer-gaerten-innenhoefe-rasenflaechen-terrassen\/\" \/>\n<meta property=\"og:site_name\" content=\"Markt-XXL\" \/>\n<meta property=\"article:modified_time\" content=\"2023-04-10T23:48:53+00:00\" \/>\n<meta property=\"og:image\" content=\"https:\/\/m.media-amazon.com\/images\/I\/51t70MJeO8S._SL500_.jpg\" \/>\n\t<meta property=\"og:image:width\" content=\"500\" \/>\n\t<meta property=\"og:image:height\" content=\"500\" \/>\n\t<meta property=\"og:image:type\" content=\"image\/jpeg\" \/>\n<meta name=\"twitter:card\" content=\"summary_large_image\" \/>\n<meta name=\"twitter:label1\" content=\"Gesch\u00e4tzte Lesezeit\" \/>\n\t<meta name=\"twitter:data1\" content=\"1\u00a0Minute\" \/>\n<script type=\"application\/ld+json\" class=\"yoast-schema-graph\">{\"@context\":\"https:\\\/\\\/schema.org\",\"@graph\":[{\"@type\":\"WebPage\",\"@id\":\"https:\\\/\\\/marktxxl.de\\\/markt\\\/produkt\\\/solarleuchten-fuer-aussen-opard-8-led-solarlampen-fuer-aussen-garten-solar-gartenleuchte-bodenleuchten-ip65-wasserdichte-bodenstrahler-geeignet-fuer-gaerten-innenhoefe-rasenflaechen-terrassen\\\/\",\"url\":\"https:\\\/\\\/marktxxl.de\\\/markt\\\/produkt\\\/solarleuchten-fuer-aussen-opard-8-led-solarlampen-fuer-aussen-garten-solar-gartenleuchte-bodenleuchten-ip65-wasserdichte-bodenstrahler-geeignet-fuer-gaerten-innenhoefe-rasenflaechen-terrassen\\\/\",\"name\":\"Opard Solarleuchten f\u00fcr Au\u00dfen, 8 LED Solarlampen f\u00fcr Au\u00dfen Garten Solar Gartenleuchte Bodenleuchten IP65 Wasserdichte\u2026 - Markt-XXL\",\"isPartOf\":{\"@id\":\"https:\\\/\\\/marktxxl.de\\\/markt\\\/#website\"},\"primaryImageOfPage\":{\"@id\":\"https:\\\/\\\/marktxxl.de\\\/markt\\\/produkt\\\/solarleuchten-fuer-aussen-opard-8-led-solarlampen-fuer-aussen-garten-solar-gartenleuchte-bodenleuchten-ip65-wasserdichte-bodenstrahler-geeignet-fuer-gaerten-innenhoefe-rasenflaechen-terrassen\\\/#primaryimage\"},\"image\":{\"@id\":\"https:\\\/\\\/marktxxl.de\\\/markt\\\/produkt\\\/solarleuchten-fuer-aussen-opard-8-led-solarlampen-fuer-aussen-garten-solar-gartenleuchte-bodenleuchten-ip65-wasserdichte-bodenstrahler-geeignet-fuer-gaerten-innenhoefe-rasenflaechen-terrassen\\\/#primaryimage\"},\"thumbnailUrl\":\"https:\\\/\\\/m.media-amazon.com\\\/images\\\/I\\\/51t70MJeO8S._SL500_.jpg\",\"datePublished\":\"2021-09-13T18:25:06+00:00\",\"dateModified\":\"2023-04-10T23:48:53+00:00\",\"description\":\"Markt-XXL Opard Solarleuchten f\u00fcr Au\u00dfen, 8 LED Solarlampen f\u00fcr Au\u00dfen Garten Solar Gartenleuchte Bodenleuchten IP65 Wasserdichte\u2026\",\"breadcrumb\":{\"@id\":\"https:\\\/\\\/marktxxl.de\\\/markt\\\/produkt\\\/solarleuchten-fuer-aussen-opard-8-led-solarlampen-fuer-aussen-garten-solar-gartenleuchte-bodenleuchten-ip65-wasserdichte-bodenstrahler-geeignet-fuer-gaerten-innenhoefe-rasenflaechen-terrassen\\\/#breadcrumb\"},\"inLanguage\":\"de\",\"potentialAction\":[{\"@type\":\"ReadAction\",\"target\":[\"https:\\\/\\\/marktxxl.de\\\/markt\\\/produkt\\\/solarleuchten-fuer-aussen-opard-8-led-solarlampen-fuer-aussen-garten-solar-gartenleuchte-bodenleuchten-ip65-wasserdichte-bodenstrahler-geeignet-fuer-gaerten-innenhoefe-rasenflaechen-terrassen\\\/\"]}]},{\"@type\":\"ImageObject\",\"inLanguage\":\"de\",\"@id\":\"https:\\\/\\\/marktxxl.de\\\/markt\\\/produkt\\\/solarleuchten-fuer-aussen-opard-8-led-solarlampen-fuer-aussen-garten-solar-gartenleuchte-bodenleuchten-ip65-wasserdichte-bodenstrahler-geeignet-fuer-gaerten-innenhoefe-rasenflaechen-terrassen\\\/#primaryimage\",\"url\":\"https:\\\/\\\/m.media-amazon.com\\\/images\\\/I\\\/51t70MJeO8S._SL500_.jpg\",\"contentUrl\":\"https:\\\/\\\/m.media-amazon.com\\\/images\\\/I\\\/51t70MJeO8S._SL500_.jpg\",\"width\":500,\"height\":500},{\"@type\":\"BreadcrumbList\",\"@id\":\"https:\\\/\\\/marktxxl.de\\\/markt\\\/produkt\\\/solarleuchten-fuer-aussen-opard-8-led-solarlampen-fuer-aussen-garten-solar-gartenleuchte-bodenleuchten-ip65-wasserdichte-bodenstrahler-geeignet-fuer-gaerten-innenhoefe-rasenflaechen-terrassen\\\/#breadcrumb\",\"itemListElement\":[{\"@type\":\"ListItem\",\"position\":1,\"name\":\"Startseite\",\"item\":\"https:\\\/\\\/marktxxl.de\\\/markt\\\/\"},{\"@type\":\"ListItem\",\"position\":2,\"name\":\"Markt\",\"item\":\"https:\\\/\\\/marktxxl.de\\\/markt\\\/\"},{\"@type\":\"ListItem\",\"position\":3,\"name\":\"Opard Solarleuchten f\u00fcr Au\u00dfen, 8 LED Solarlampen f\u00fcr Au\u00dfen Garten Solar Gartenleuchte Bodenleuchten IP65 Wasserdichte\u2026\"}]},{\"@type\":\"WebSite\",\"@id\":\"https:\\\/\\\/marktxxl.de\\\/markt\\\/#website\",\"url\":\"https:\\\/\\\/marktxxl.de\\\/markt\\\/\",\"name\":\"Markt-XXL\",\"description\":\"Ihr Markt Online\",\"publisher\":{\"@id\":\"https:\\\/\\\/marktxxl.de\\\/markt\\\/#organization\"},\"potentialAction\":[{\"@type\":\"SearchAction\",\"target\":{\"@type\":\"EntryPoint\",\"urlTemplate\":\"https:\\\/\\\/marktxxl.de\\\/markt\\\/?s={search_term_string}\"},\"query-input\":{\"@type\":\"PropertyValueSpecification\",\"valueRequired\":true,\"valueName\":\"search_term_string\"}}],\"inLanguage\":\"de\"},{\"@type\":\"Organization\",\"@id\":\"https:\\\/\\\/marktxxl.de\\\/markt\\\/#organization\",\"name\":\"Markt-XXL\",\"url\":\"https:\\\/\\\/marktxxl.de\\\/markt\\\/\",\"logo\":{\"@type\":\"ImageObject\",\"inLanguage\":\"de\",\"@id\":\"https:\\\/\\\/marktxxl.de\\\/markt\\\/#\\\/schema\\\/logo\\\/image\\\/\",\"url\":\"https:\\\/\\\/marktxxl.de\\\/markt\\\/wp-content\\\/uploads\\\/sites\\\/3\\\/2020\\\/12\\\/logo.png\",\"contentUrl\":\"https:\\\/\\\/marktxxl.de\\\/markt\\\/wp-content\\\/uploads\\\/sites\\\/3\\\/2020\\\/12\\\/logo.png\",\"width\":200,\"height\":70,\"caption\":\"Markt-XXL\"},\"image\":{\"@id\":\"https:\\\/\\\/marktxxl.de\\\/markt\\\/#\\\/schema\\\/logo\\\/image\\\/\"}}]}<\/script>\n<!-- \/ Yoast SEO plugin. -->","yoast_head_json":{"title":"Opard Solarleuchten f\u00fcr Au\u00dfen, 8 LED Solarlampen f\u00fcr Au\u00dfen Garten Solar Gartenleuchte Bodenleuchten IP65 Wasserdichte\u2026 - Markt-XXL","description":"Markt-XXL Opard Solarleuchten f\u00fcr Au\u00dfen, 8 LED Solarlampen f\u00fcr Au\u00dfen Garten Solar Gartenleuchte Bodenleuchten IP65 Wasserdichte\u2026","robots":{"index":"index","follow":"follow","max-snippet":"max-snippet:-1","max-image-preview":"max-image-preview:large","max-video-preview":"max-video-preview:-1"},"canonical":"https:\/\/marktxxl.de\/markt\/produkt\/solarleuchten-fuer-aussen-opard-8-led-solarlampen-fuer-aussen-garten-solar-gartenleuchte-bodenleuchten-ip65-wasserdichte-bodenstrahler-geeignet-fuer-gaerten-innenhoefe-rasenflaechen-terrassen\/","og_locale":"de_DE","og_type":"article","og_title":"Opard Solarleuchten f\u00fcr Au\u00dfen, 8 LED Solarlampen f\u00fcr Au\u00dfen Garten Solar Gartenleuchte Bodenleuchten IP65 Wasserdichte\u2026 - Markt-XXL","og_description":"Markt-XXL Opard Solarleuchten f\u00fcr Au\u00dfen, 8 LED Solarlampen f\u00fcr Au\u00dfen Garten Solar Gartenleuchte Bodenleuchten IP65 Wasserdichte\u2026","og_url":"https:\/\/marktxxl.de\/markt\/produkt\/solarleuchten-fuer-aussen-opard-8-led-solarlampen-fuer-aussen-garten-solar-gartenleuchte-bodenleuchten-ip65-wasserdichte-bodenstrahler-geeignet-fuer-gaerten-innenhoefe-rasenflaechen-terrassen\/","og_site_name":"Markt-XXL","article_modified_time":"2023-04-10T23:48:53+00:00","og_image":[{"width":500,"height":500,"url":"https:\/\/m.media-amazon.com\/images\/I\/51t70MJeO8S._SL500_.jpg","type":"image\/jpeg"}],"twitter_card":"summary_large_image","twitter_misc":{"Gesch\u00e4tzte Lesezeit":"1\u00a0Minute"},"schema":{"@context":"https:\/\/schema.org","@graph":[{"@type":"WebPage","@id":"https:\/\/marktxxl.de\/markt\/produkt\/solarleuchten-fuer-aussen-opard-8-led-solarlampen-fuer-aussen-garten-solar-gartenleuchte-bodenleuchten-ip65-wasserdichte-bodenstrahler-geeignet-fuer-gaerten-innenhoefe-rasenflaechen-terrassen\/","url":"https:\/\/marktxxl.de\/markt\/produkt\/solarleuchten-fuer-aussen-opard-8-led-solarlampen-fuer-aussen-garten-solar-gartenleuchte-bodenleuchten-ip65-wasserdichte-bodenstrahler-geeignet-fuer-gaerten-innenhoefe-rasenflaechen-terrassen\/","name":"Opard Solarleuchten f\u00fcr Au\u00dfen, 8 LED Solarlampen f\u00fcr Au\u00dfen Garten Solar Gartenleuchte Bodenleuchten IP65 Wasserdichte\u2026 - Markt-XXL","isPartOf":{"@id":"https:\/\/marktxxl.de\/markt\/#website"},"primaryImageOfPage":{"@id":"https:\/\/marktxxl.de\/markt\/produkt\/solarleuchten-fuer-aussen-opard-8-led-solarlampen-fuer-aussen-garten-solar-gartenleuchte-bodenleuchten-ip65-wasserdichte-bodenstrahler-geeignet-fuer-gaerten-innenhoefe-rasenflaechen-terrassen\/#primaryimage"},"image":{"@id":"https:\/\/marktxxl.de\/markt\/produkt\/solarleuchten-fuer-aussen-opard-8-led-solarlampen-fuer-aussen-garten-solar-gartenleuchte-bodenleuchten-ip65-wasserdichte-bodenstrahler-geeignet-fuer-gaerten-innenhoefe-rasenflaechen-terrassen\/#primaryimage"},"thumbnailUrl":"https:\/\/m.media-amazon.com\/images\/I\/51t70MJeO8S._SL500_.jpg","datePublished":"2021-09-13T18:25:06+00:00","dateModified":"2023-04-10T23:48:53+00:00","description":"Markt-XXL Opard Solarleuchten f\u00fcr Au\u00dfen, 8 LED Solarlampen f\u00fcr Au\u00dfen Garten Solar Gartenleuchte Bodenleuchten IP65 Wasserdichte\u2026","breadcrumb":{"@id":"https:\/\/marktxxl.de\/markt\/produkt\/solarleuchten-fuer-aussen-opard-8-led-solarlampen-fuer-aussen-garten-solar-gartenleuchte-bodenleuchten-ip65-wasserdichte-bodenstrahler-geeignet-fuer-gaerten-innenhoefe-rasenflaechen-terrassen\/#breadcrumb"},"inLanguage":"de","potentialAction":[{"@type":"ReadAction","target":["https:\/\/marktxxl.de\/markt\/produkt\/solarleuchten-fuer-aussen-opard-8-led-solarlampen-fuer-aussen-garten-solar-gartenleuchte-bodenleuchten-ip65-wasserdichte-bodenstrahler-geeignet-fuer-gaerten-innenhoefe-rasenflaechen-terrassen\/"]}]},{"@type":"ImageObject","inLanguage":"de","@id":"https:\/\/marktxxl.de\/markt\/produkt\/solarleuchten-fuer-aussen-opard-8-led-solarlampen-fuer-aussen-garten-solar-gartenleuchte-bodenleuchten-ip65-wasserdichte-bodenstrahler-geeignet-fuer-gaerten-innenhoefe-rasenflaechen-terrassen\/#primaryimage","url":"https:\/\/m.media-amazon.com\/images\/I\/51t70MJeO8S._SL500_.jpg","contentUrl":"https:\/\/m.media-amazon.com\/images\/I\/51t70MJeO8S._SL500_.jpg","width":500,"height":500},{"@type":"BreadcrumbList","@id":"https:\/\/marktxxl.de\/markt\/produkt\/solarleuchten-fuer-aussen-opard-8-led-solarlampen-fuer-aussen-garten-solar-gartenleuchte-bodenleuchten-ip65-wasserdichte-bodenstrahler-geeignet-fuer-gaerten-innenhoefe-rasenflaechen-terrassen\/#breadcrumb","itemListElement":[{"@type":"ListItem","position":1,"name":"Startseite","item":"https:\/\/marktxxl.de\/markt\/"},{"@type":"ListItem","position":2,"name":"Markt","item":"https:\/\/marktxxl.de\/markt\/"},{"@type":"ListItem","position":3,"name":"Opard Solarleuchten f\u00fcr Au\u00dfen, 8 LED Solarlampen f\u00fcr Au\u00dfen Garten Solar Gartenleuchte Bodenleuchten IP65 Wasserdichte\u2026"}]},{"@type":"WebSite","@id":"https:\/\/marktxxl.de\/markt\/#website","url":"https:\/\/marktxxl.de\/markt\/","name":"Markt-XXL","description":"Ihr Markt Online","publisher":{"@id":"https:\/\/marktxxl.de\/markt\/#organization"},"potentialAction":[{"@type":"SearchAction","target":{"@type":"EntryPoint","urlTemplate":"https:\/\/marktxxl.de\/markt\/?s={search_term_string}"},"query-input":{"@type":"PropertyValueSpecification","valueRequired":true,"valueName":"search_term_string"}}],"inLanguage":"de"},{"@type":"Organization","@id":"https:\/\/marktxxl.de\/markt\/#organization","name":"Markt-XXL","url":"https:\/\/marktxxl.de\/markt\/","logo":{"@type":"ImageObject","inLanguage":"de","@id":"https:\/\/marktxxl.de\/markt\/#\/schema\/logo\/image\/","url":"https:\/\/marktxxl.de\/markt\/wp-content\/uploads\/sites\/3\/2020\/12\/logo.png","contentUrl":"https:\/\/marktxxl.de\/markt\/wp-content\/uploads\/sites\/3\/2020\/12\/logo.png","width":200,"height":70,"caption":"Markt-XXL"},"image":{"@id":"https:\/\/marktxxl.de\/markt\/#\/schema\/logo\/image\/"}}]}},"_links":{"self":[{"href":"https:\/\/marktxxl.de\/markt\/wp-json\/wp\/v2\/product\/34317","targetHints":{"allow":["GET"]}}],"collection":[{"href":"https:\/\/marktxxl.de\/markt\/wp-json\/wp\/v2\/product"}],"about":[{"href":"https:\/\/marktxxl.de\/markt\/wp-json\/wp\/v2\/types\/product"}],"replies":[{"embeddable":true,"href":"https:\/\/marktxxl.de\/markt\/wp-json\/wp\/v2\/comments?post=34317"}],"wp:featuredmedia":[{"embeddable":true,"href":"https:\/\/marktxxl.de\/markt\/wp-json\/wp\/v2\/media\/34318"}],"wp:attachment":[{"href":"https:\/\/marktxxl.de\/markt\/wp-json\/wp\/v2\/media?parent=34317"}],"wp:term":[{"taxonomy":"product_brand","embeddable":true,"href":"https:\/\/marktxxl.de\/markt\/wp-json\/wp\/v2\/product_brand?post=34317"},{"taxonomy":"product_cat","embeddable":true,"href":"https:\/\/marktxxl.de\/markt\/wp-json\/wp\/v2\/product_cat?post=34317"},{"taxonomy":"product_tag","embeddable":true,"href":"https:\/\/marktxxl.de\/markt\/wp-json\/wp\/v2\/product_tag?post=34317"}],"curies":[{"name":"wp","href":"https:\/\/api.w.org\/{rel}","templated":true}]}}