{"id":34258,"date":"2021-09-13T20:24:04","date_gmt":"2021-09-13T18:24:04","guid":{"rendered":"https:\/\/marktxxl.de\/markt\/produkt\/elobra-deckenlampe-kinderzimmer-herkules-hochwertige-kinderzimmerlampe-fuer-jungen-im-kran-design-gelb-echtholz-60-x-20-x-20-cm-handarbeit-hergestellt-in-deutschland\/"},"modified":"2023-04-11T01:48:53","modified_gmt":"2023-04-10T23:48:53","slug":"elobra-deckenlampe-kinderzimmer-herkules-hochwertige-kinderzimmerlampe-fuer-jungen-im-kran-design-gelb-echtholz-60-x-20-x-20-cm-handarbeit-hergestellt-in-deutschland","status":"publish","type":"product","link":"https:\/\/marktxxl.de\/markt\/produkt\/elobra-deckenlampe-kinderzimmer-herkules-hochwertige-kinderzimmerlampe-fuer-jungen-im-kran-design-gelb-echtholz-60-x-20-x-20-cm-handarbeit-hergestellt-in-deutschland\/","title":{"rendered":"Elobra Deckenlampe Kinderzimmer &#8220;Herkules&#8221;, gelb, Echtholz, 60 x 20 x 20 cm, Handarbeit"},"content":{"rendered":"<p>? HERGESTELLT IN DEUTSCHLAND &#8211; Unsere Kran Kinderzimmerlampe &#8220;Herkules&#8221; wird mit viel Liebe zum Detail im Erzgebirge von Hand gefertigt. Unser Familienunternehmen kann auf 25 Jahre Erfahrung im Bau von Innenraumleuchten f\u00fcr die ganze Familie zur\u00fcckblicken. Beachten Sie auch die weiteren, tollen Kinderlampen aus unserer Technikwelt.<br \/>\n? F\u00dcR KLEINE BAUMEISTER &#8211; Diese Kran Kinderzimmerlampe f\u00fcr Jungen ist der Traum eines jeden Baumeisters. Die innovative Pendellampe\/Deckenlampe ist das Highlight in jedem Kinderzimmer im Baustellen-Look. Freuen Sie sich auf begeisterte Kinderaugen und staunende Verwandte. Sogar der Kopf des kleinen Kranfahrers ist beweglich.<br \/>\n? UMWELTSCHUTZ &amp; SICHERHEIT F\u00dcR IHR KIND &#8211; Uns liegen die Gesundheit Ihres Kindes und der Umweltschutz gleicherma\u00dfen am Herzen. Deshalb werden unsere Lampen f\u00fcr Kinderzimmer zu einem gro\u00dfen Teil aus dem Naturwerkstoff Holz gefertigt. Alle Farben und Lacke sind l\u00f6sungsmittelfrei und daher optimal f\u00fcr den Einsatz im Kinderzimmer ihres Jungen geeignet.<br \/>\n? LEUCHTMITTEL GANZ NACH IHREN W\u00dcNSCHEN &#8211; Unsere Kinder Lampe f\u00fcr Jungen ist als Pendelleuchte konzipiert. Dank der g\u00e4ngigen E27 Fassung k\u00f6nnen Sie jedes Leuchtmittel bis 40 Watt Leistung betreiben und die Leuchtst\u00e4rke ganz nach Ihren Vorlieben ausw\u00e4hlen. Mit dem entsprechenden Leuchtmittel ist das Dimmen \u00fcber einen Schalter m\u00f6glich.<br \/>\n?\ufe0f KINDERLEICHTE MONTAGE &#8211; Die L\u00e4nge der Pendel kann individuell eingek\u00fcrzt werden. Die Standard H\u00f6he betr\u00e4gt 20cm bis Unterkante Fahrer Kabine und ungef\u00e4hr 41cm bis Unterkante Leuchtmittel. Die Deckenlampe f\u00fcr Jungen wiegt 499g. Die Montage funktioniert wie bei jeder handels\u00fcblichen Deckenleuchte und sollte problemlos und schnell erledigt sein.<br \/>\n<div class=\"main-cross-sell\" data-asin=\"B00GL23JJK\">\n\n\t<div class=\"WooZone-cross-sell-loader\">\n\t\t<div>\n\t\t\t<div id=\"floatingBarsG\">\n\t\t\t\t<div class=\"blockG\" id=\"rotateG_01\"><\/div>\n\t\t\t\t<div class=\"blockG\" id=\"rotateG_02\"><\/div>\n\t\t\t\t<div class=\"blockG\" id=\"rotateG_03\"><\/div>\n\t\t\t\t<div class=\"blockG\" id=\"rotateG_04\"><\/div>\n\t\t\t\t<div class=\"blockG\" id=\"rotateG_05\"><\/div>\n\t\t\t\t<div class=\"blockG\" id=\"rotateG_06\"><\/div>\n\t\t\t\t<div class=\"blockG\" id=\"rotateG_07\"><\/div>\n\t\t\t\t<div class=\"blockG\" id=\"rotateG_08\"><\/div>\n\t\t\t<\/div>\n\t\t\t<div class=\"WooZone-cross-sell-loader-text\"><\/div>\n\t\t<\/div>\n\t<\/div>\n\n\t\t\n<\/div>\n<div style=\"clear:both;\"><\/div><\/p>\n","protected":false},"excerpt":{"rendered":"<p>? HERGESTELLT IN DEUTSCHLAND &#8211; Unsere Kran Kinderzimmerlampe &#8220;Herkules&#8221; wird mit viel Liebe zum Detail im Erzgebirge von Hand gefertigt. Unser Familienunternehmen kann auf 25 Jahre Erfahrung im Bau von Innenraumleuchten f\u00fcr die ganze Familie zur\u00fcckblicken. Beachten Sie auch die weiteren, tollen Kinderlampen aus unserer Technikwelt.<br \/>\n? F\u00dcR KLEINE BAUMEISTER &#8211; Diese Kran Kinderzimmerlampe f\u00fcr Jungen ist der Traum eines jeden Baumeisters. Die innovative Pendellampe\/Deckenlampe ist das Highlight in jedem Kinderzimmer im Baustellen-Look. Freuen Sie sich auf begeisterte Kinderaugen und staunende Verwandte. Sogar der Kopf des kleinen Kranfahrers ist beweglich.<br \/>\n? UMWELTSCHUTZ &amp; SICHERHEIT F\u00dcR IHR KIND &#8211; Uns liegen die Gesundheit Ihres Kindes und der Umweltschutz gleicherma\u00dfen am Herzen. Deshalb werden unsere Lampen f\u00fcr Kinderzimmer zu einem gro\u00dfen Teil aus dem Naturwerkstoff Holz gefertigt. Alle Farben und Lacke sind l\u00f6sungsmittelfrei und daher optimal f\u00fcr den Einsatz im Kinderzimmer ihres Jungen geeignet.<\/p>\n","protected":false},"featured_media":34259,"comment_status":"open","ping_status":"closed","template":"","meta":[],"product_brand":[],"product_cat":[2108],"product_tag":[],"class_list":{"0":"post-34258","1":"product","2":"type-product","3":"status-publish","4":"has-post-thumbnail","6":"product_cat-beleuchtung","7":"pa_binding-haushaltswaren","8":"pa_brand-elobra","9":"pa_color-gelb","10":"pa_height-7-87401574-zoll","11":"pa_length-23-62204722-zoll","12":"pa_manufacturer-elobra","13":"pa_model-15501","14":"pa_size-60-x-20-x-50cm","15":"pa_weight-2-2-pfund","16":"pa_width-7-87401574-zoll","18":"first","19":"instock","20":"shipping-taxable","21":"purchasable","22":"product-type-simple","23":"customify-col","24":"product-has-gallery"},"yoast_head":"<!-- This site is optimized with the Yoast SEO plugin v27.3 - https:\/\/yoast.com\/product\/yoast-seo-wordpress\/ -->\n<title>Elobra Deckenlampe Kinderzimmer &quot;Herkules&quot;, gelb, Echtholz, 60 x 20 x 20 cm, Handarbeit - Markt-XXL<\/title>\n<meta name=\"description\" content=\"Markt-XXL Elobra Deckenlampe Kinderzimmer &quot;Herkules&quot;, gelb, Echtholz, 60 x 20 x 20 cm, Handarbeit\" \/>\n<meta name=\"robots\" content=\"index, follow, max-snippet:-1, max-image-preview:large, max-video-preview:-1\" \/>\n<link rel=\"canonical\" href=\"https:\/\/marktxxl.de\/markt\/produkt\/elobra-deckenlampe-kinderzimmer-herkules-hochwertige-kinderzimmerlampe-fuer-jungen-im-kran-design-gelb-echtholz-60-x-20-x-20-cm-handarbeit-hergestellt-in-deutschland\/\" \/>\n<meta property=\"og:locale\" content=\"de_DE\" \/>\n<meta property=\"og:type\" content=\"article\" \/>\n<meta property=\"og:title\" content=\"Elobra Deckenlampe Kinderzimmer &quot;Herkules&quot;, gelb, Echtholz, 60 x 20 x 20 cm, Handarbeit - Markt-XXL\" \/>\n<meta property=\"og:description\" content=\"Markt-XXL Elobra Deckenlampe Kinderzimmer &quot;Herkules&quot;, gelb, Echtholz, 60 x 20 x 20 cm, Handarbeit\" \/>\n<meta property=\"og:url\" content=\"https:\/\/marktxxl.de\/markt\/produkt\/elobra-deckenlampe-kinderzimmer-herkules-hochwertige-kinderzimmerlampe-fuer-jungen-im-kran-design-gelb-echtholz-60-x-20-x-20-cm-handarbeit-hergestellt-in-deutschland\/\" \/>\n<meta property=\"og:site_name\" content=\"Markt-XXL\" \/>\n<meta property=\"article:modified_time\" content=\"2023-04-10T23:48:53+00:00\" \/>\n<meta property=\"og:image\" content=\"https:\/\/m.media-amazon.com\/images\/I\/41kGtgxoHiL._SL500_.jpg\" \/>\n\t<meta property=\"og:image:width\" content=\"500\" \/>\n\t<meta property=\"og:image:height\" content=\"500\" \/>\n\t<meta property=\"og:image:type\" content=\"image\/jpeg\" \/>\n<meta name=\"twitter:card\" content=\"summary_large_image\" \/>\n<meta name=\"twitter:label1\" content=\"Gesch\u00e4tzte Lesezeit\" \/>\n\t<meta name=\"twitter:data1\" content=\"1\u00a0Minute\" \/>\n<script type=\"application\/ld+json\" class=\"yoast-schema-graph\">{\"@context\":\"https:\\\/\\\/schema.org\",\"@graph\":[{\"@type\":\"WebPage\",\"@id\":\"https:\\\/\\\/marktxxl.de\\\/markt\\\/produkt\\\/elobra-deckenlampe-kinderzimmer-herkules-hochwertige-kinderzimmerlampe-fuer-jungen-im-kran-design-gelb-echtholz-60-x-20-x-20-cm-handarbeit-hergestellt-in-deutschland\\\/\",\"url\":\"https:\\\/\\\/marktxxl.de\\\/markt\\\/produkt\\\/elobra-deckenlampe-kinderzimmer-herkules-hochwertige-kinderzimmerlampe-fuer-jungen-im-kran-design-gelb-echtholz-60-x-20-x-20-cm-handarbeit-hergestellt-in-deutschland\\\/\",\"name\":\"Elobra Deckenlampe Kinderzimmer \\\"Herkules\\\", gelb, Echtholz, 60 x 20 x 20 cm, Handarbeit - Markt-XXL\",\"isPartOf\":{\"@id\":\"https:\\\/\\\/marktxxl.de\\\/markt\\\/#website\"},\"primaryImageOfPage\":{\"@id\":\"https:\\\/\\\/marktxxl.de\\\/markt\\\/produkt\\\/elobra-deckenlampe-kinderzimmer-herkules-hochwertige-kinderzimmerlampe-fuer-jungen-im-kran-design-gelb-echtholz-60-x-20-x-20-cm-handarbeit-hergestellt-in-deutschland\\\/#primaryimage\"},\"image\":{\"@id\":\"https:\\\/\\\/marktxxl.de\\\/markt\\\/produkt\\\/elobra-deckenlampe-kinderzimmer-herkules-hochwertige-kinderzimmerlampe-fuer-jungen-im-kran-design-gelb-echtholz-60-x-20-x-20-cm-handarbeit-hergestellt-in-deutschland\\\/#primaryimage\"},\"thumbnailUrl\":\"https:\\\/\\\/m.media-amazon.com\\\/images\\\/I\\\/41kGtgxoHiL._SL500_.jpg\",\"datePublished\":\"2021-09-13T18:24:04+00:00\",\"dateModified\":\"2023-04-10T23:48:53+00:00\",\"description\":\"Markt-XXL Elobra Deckenlampe Kinderzimmer \\\"Herkules\\\", gelb, Echtholz, 60 x 20 x 20 cm, Handarbeit\",\"breadcrumb\":{\"@id\":\"https:\\\/\\\/marktxxl.de\\\/markt\\\/produkt\\\/elobra-deckenlampe-kinderzimmer-herkules-hochwertige-kinderzimmerlampe-fuer-jungen-im-kran-design-gelb-echtholz-60-x-20-x-20-cm-handarbeit-hergestellt-in-deutschland\\\/#breadcrumb\"},\"inLanguage\":\"de\",\"potentialAction\":[{\"@type\":\"ReadAction\",\"target\":[\"https:\\\/\\\/marktxxl.de\\\/markt\\\/produkt\\\/elobra-deckenlampe-kinderzimmer-herkules-hochwertige-kinderzimmerlampe-fuer-jungen-im-kran-design-gelb-echtholz-60-x-20-x-20-cm-handarbeit-hergestellt-in-deutschland\\\/\"]}]},{\"@type\":\"ImageObject\",\"inLanguage\":\"de\",\"@id\":\"https:\\\/\\\/marktxxl.de\\\/markt\\\/produkt\\\/elobra-deckenlampe-kinderzimmer-herkules-hochwertige-kinderzimmerlampe-fuer-jungen-im-kran-design-gelb-echtholz-60-x-20-x-20-cm-handarbeit-hergestellt-in-deutschland\\\/#primaryimage\",\"url\":\"https:\\\/\\\/m.media-amazon.com\\\/images\\\/I\\\/41kGtgxoHiL._SL500_.jpg\",\"contentUrl\":\"https:\\\/\\\/m.media-amazon.com\\\/images\\\/I\\\/41kGtgxoHiL._SL500_.jpg\",\"width\":500,\"height\":500},{\"@type\":\"BreadcrumbList\",\"@id\":\"https:\\\/\\\/marktxxl.de\\\/markt\\\/produkt\\\/elobra-deckenlampe-kinderzimmer-herkules-hochwertige-kinderzimmerlampe-fuer-jungen-im-kran-design-gelb-echtholz-60-x-20-x-20-cm-handarbeit-hergestellt-in-deutschland\\\/#breadcrumb\",\"itemListElement\":[{\"@type\":\"ListItem\",\"position\":1,\"name\":\"Startseite\",\"item\":\"https:\\\/\\\/marktxxl.de\\\/markt\\\/\"},{\"@type\":\"ListItem\",\"position\":2,\"name\":\"Markt\",\"item\":\"https:\\\/\\\/marktxxl.de\\\/markt\\\/\"},{\"@type\":\"ListItem\",\"position\":3,\"name\":\"Elobra Deckenlampe Kinderzimmer &#8220;Herkules&#8221;, gelb, Echtholz, 60 x 20 x 20 cm, Handarbeit\"}]},{\"@type\":\"WebSite\",\"@id\":\"https:\\\/\\\/marktxxl.de\\\/markt\\\/#website\",\"url\":\"https:\\\/\\\/marktxxl.de\\\/markt\\\/\",\"name\":\"Markt-XXL\",\"description\":\"Ihr Markt Online\",\"publisher\":{\"@id\":\"https:\\\/\\\/marktxxl.de\\\/markt\\\/#organization\"},\"potentialAction\":[{\"@type\":\"SearchAction\",\"target\":{\"@type\":\"EntryPoint\",\"urlTemplate\":\"https:\\\/\\\/marktxxl.de\\\/markt\\\/?s={search_term_string}\"},\"query-input\":{\"@type\":\"PropertyValueSpecification\",\"valueRequired\":true,\"valueName\":\"search_term_string\"}}],\"inLanguage\":\"de\"},{\"@type\":\"Organization\",\"@id\":\"https:\\\/\\\/marktxxl.de\\\/markt\\\/#organization\",\"name\":\"Markt-XXL\",\"url\":\"https:\\\/\\\/marktxxl.de\\\/markt\\\/\",\"logo\":{\"@type\":\"ImageObject\",\"inLanguage\":\"de\",\"@id\":\"https:\\\/\\\/marktxxl.de\\\/markt\\\/#\\\/schema\\\/logo\\\/image\\\/\",\"url\":\"https:\\\/\\\/marktxxl.de\\\/markt\\\/wp-content\\\/uploads\\\/sites\\\/3\\\/2020\\\/12\\\/logo.png\",\"contentUrl\":\"https:\\\/\\\/marktxxl.de\\\/markt\\\/wp-content\\\/uploads\\\/sites\\\/3\\\/2020\\\/12\\\/logo.png\",\"width\":200,\"height\":70,\"caption\":\"Markt-XXL\"},\"image\":{\"@id\":\"https:\\\/\\\/marktxxl.de\\\/markt\\\/#\\\/schema\\\/logo\\\/image\\\/\"}}]}<\/script>\n<!-- \/ Yoast SEO plugin. -->","yoast_head_json":{"title":"Elobra Deckenlampe Kinderzimmer \"Herkules\", gelb, Echtholz, 60 x 20 x 20 cm, Handarbeit - Markt-XXL","description":"Markt-XXL Elobra Deckenlampe Kinderzimmer \"Herkules\", gelb, Echtholz, 60 x 20 x 20 cm, Handarbeit","robots":{"index":"index","follow":"follow","max-snippet":"max-snippet:-1","max-image-preview":"max-image-preview:large","max-video-preview":"max-video-preview:-1"},"canonical":"https:\/\/marktxxl.de\/markt\/produkt\/elobra-deckenlampe-kinderzimmer-herkules-hochwertige-kinderzimmerlampe-fuer-jungen-im-kran-design-gelb-echtholz-60-x-20-x-20-cm-handarbeit-hergestellt-in-deutschland\/","og_locale":"de_DE","og_type":"article","og_title":"Elobra Deckenlampe Kinderzimmer \"Herkules\", gelb, Echtholz, 60 x 20 x 20 cm, Handarbeit - Markt-XXL","og_description":"Markt-XXL Elobra Deckenlampe Kinderzimmer \"Herkules\", gelb, Echtholz, 60 x 20 x 20 cm, Handarbeit","og_url":"https:\/\/marktxxl.de\/markt\/produkt\/elobra-deckenlampe-kinderzimmer-herkules-hochwertige-kinderzimmerlampe-fuer-jungen-im-kran-design-gelb-echtholz-60-x-20-x-20-cm-handarbeit-hergestellt-in-deutschland\/","og_site_name":"Markt-XXL","article_modified_time":"2023-04-10T23:48:53+00:00","og_image":[{"width":500,"height":500,"url":"https:\/\/m.media-amazon.com\/images\/I\/41kGtgxoHiL._SL500_.jpg","type":"image\/jpeg"}],"twitter_card":"summary_large_image","twitter_misc":{"Gesch\u00e4tzte Lesezeit":"1\u00a0Minute"},"schema":{"@context":"https:\/\/schema.org","@graph":[{"@type":"WebPage","@id":"https:\/\/marktxxl.de\/markt\/produkt\/elobra-deckenlampe-kinderzimmer-herkules-hochwertige-kinderzimmerlampe-fuer-jungen-im-kran-design-gelb-echtholz-60-x-20-x-20-cm-handarbeit-hergestellt-in-deutschland\/","url":"https:\/\/marktxxl.de\/markt\/produkt\/elobra-deckenlampe-kinderzimmer-herkules-hochwertige-kinderzimmerlampe-fuer-jungen-im-kran-design-gelb-echtholz-60-x-20-x-20-cm-handarbeit-hergestellt-in-deutschland\/","name":"Elobra Deckenlampe Kinderzimmer \"Herkules\", gelb, Echtholz, 60 x 20 x 20 cm, Handarbeit - Markt-XXL","isPartOf":{"@id":"https:\/\/marktxxl.de\/markt\/#website"},"primaryImageOfPage":{"@id":"https:\/\/marktxxl.de\/markt\/produkt\/elobra-deckenlampe-kinderzimmer-herkules-hochwertige-kinderzimmerlampe-fuer-jungen-im-kran-design-gelb-echtholz-60-x-20-x-20-cm-handarbeit-hergestellt-in-deutschland\/#primaryimage"},"image":{"@id":"https:\/\/marktxxl.de\/markt\/produkt\/elobra-deckenlampe-kinderzimmer-herkules-hochwertige-kinderzimmerlampe-fuer-jungen-im-kran-design-gelb-echtholz-60-x-20-x-20-cm-handarbeit-hergestellt-in-deutschland\/#primaryimage"},"thumbnailUrl":"https:\/\/m.media-amazon.com\/images\/I\/41kGtgxoHiL._SL500_.jpg","datePublished":"2021-09-13T18:24:04+00:00","dateModified":"2023-04-10T23:48:53+00:00","description":"Markt-XXL Elobra Deckenlampe Kinderzimmer \"Herkules\", gelb, Echtholz, 60 x 20 x 20 cm, Handarbeit","breadcrumb":{"@id":"https:\/\/marktxxl.de\/markt\/produkt\/elobra-deckenlampe-kinderzimmer-herkules-hochwertige-kinderzimmerlampe-fuer-jungen-im-kran-design-gelb-echtholz-60-x-20-x-20-cm-handarbeit-hergestellt-in-deutschland\/#breadcrumb"},"inLanguage":"de","potentialAction":[{"@type":"ReadAction","target":["https:\/\/marktxxl.de\/markt\/produkt\/elobra-deckenlampe-kinderzimmer-herkules-hochwertige-kinderzimmerlampe-fuer-jungen-im-kran-design-gelb-echtholz-60-x-20-x-20-cm-handarbeit-hergestellt-in-deutschland\/"]}]},{"@type":"ImageObject","inLanguage":"de","@id":"https:\/\/marktxxl.de\/markt\/produkt\/elobra-deckenlampe-kinderzimmer-herkules-hochwertige-kinderzimmerlampe-fuer-jungen-im-kran-design-gelb-echtholz-60-x-20-x-20-cm-handarbeit-hergestellt-in-deutschland\/#primaryimage","url":"https:\/\/m.media-amazon.com\/images\/I\/41kGtgxoHiL._SL500_.jpg","contentUrl":"https:\/\/m.media-amazon.com\/images\/I\/41kGtgxoHiL._SL500_.jpg","width":500,"height":500},{"@type":"BreadcrumbList","@id":"https:\/\/marktxxl.de\/markt\/produkt\/elobra-deckenlampe-kinderzimmer-herkules-hochwertige-kinderzimmerlampe-fuer-jungen-im-kran-design-gelb-echtholz-60-x-20-x-20-cm-handarbeit-hergestellt-in-deutschland\/#breadcrumb","itemListElement":[{"@type":"ListItem","position":1,"name":"Startseite","item":"https:\/\/marktxxl.de\/markt\/"},{"@type":"ListItem","position":2,"name":"Markt","item":"https:\/\/marktxxl.de\/markt\/"},{"@type":"ListItem","position":3,"name":"Elobra Deckenlampe Kinderzimmer &#8220;Herkules&#8221;, gelb, Echtholz, 60 x 20 x 20 cm, Handarbeit"}]},{"@type":"WebSite","@id":"https:\/\/marktxxl.de\/markt\/#website","url":"https:\/\/marktxxl.de\/markt\/","name":"Markt-XXL","description":"Ihr Markt Online","publisher":{"@id":"https:\/\/marktxxl.de\/markt\/#organization"},"potentialAction":[{"@type":"SearchAction","target":{"@type":"EntryPoint","urlTemplate":"https:\/\/marktxxl.de\/markt\/?s={search_term_string}"},"query-input":{"@type":"PropertyValueSpecification","valueRequired":true,"valueName":"search_term_string"}}],"inLanguage":"de"},{"@type":"Organization","@id":"https:\/\/marktxxl.de\/markt\/#organization","name":"Markt-XXL","url":"https:\/\/marktxxl.de\/markt\/","logo":{"@type":"ImageObject","inLanguage":"de","@id":"https:\/\/marktxxl.de\/markt\/#\/schema\/logo\/image\/","url":"https:\/\/marktxxl.de\/markt\/wp-content\/uploads\/sites\/3\/2020\/12\/logo.png","contentUrl":"https:\/\/marktxxl.de\/markt\/wp-content\/uploads\/sites\/3\/2020\/12\/logo.png","width":200,"height":70,"caption":"Markt-XXL"},"image":{"@id":"https:\/\/marktxxl.de\/markt\/#\/schema\/logo\/image\/"}}]}},"_links":{"self":[{"href":"https:\/\/marktxxl.de\/markt\/wp-json\/wp\/v2\/product\/34258","targetHints":{"allow":["GET"]}}],"collection":[{"href":"https:\/\/marktxxl.de\/markt\/wp-json\/wp\/v2\/product"}],"about":[{"href":"https:\/\/marktxxl.de\/markt\/wp-json\/wp\/v2\/types\/product"}],"replies":[{"embeddable":true,"href":"https:\/\/marktxxl.de\/markt\/wp-json\/wp\/v2\/comments?post=34258"}],"wp:featuredmedia":[{"embeddable":true,"href":"https:\/\/marktxxl.de\/markt\/wp-json\/wp\/v2\/media\/34259"}],"wp:attachment":[{"href":"https:\/\/marktxxl.de\/markt\/wp-json\/wp\/v2\/media?parent=34258"}],"wp:term":[{"taxonomy":"product_brand","embeddable":true,"href":"https:\/\/marktxxl.de\/markt\/wp-json\/wp\/v2\/product_brand?post=34258"},{"taxonomy":"product_cat","embeddable":true,"href":"https:\/\/marktxxl.de\/markt\/wp-json\/wp\/v2\/product_cat?post=34258"},{"taxonomy":"product_tag","embeddable":true,"href":"https:\/\/marktxxl.de\/markt\/wp-json\/wp\/v2\/product_tag?post=34258"}],"curies":[{"name":"wp","href":"https:\/\/api.w.org\/{rel}","templated":true}]}}