{"id":34213,"date":"2021-09-13T20:23:57","date_gmt":"2021-09-13T18:23:57","guid":{"rendered":"https:\/\/marktxxl.de\/markt\/produkt\/solarlampen-fuer-aussen-180-led-270-breitem-beleuchtungswinkel-solarleuchten-haengend-mit-bewegungsmelder-ip65-aussenwandleuchten-strahler-2200mah-aussenleuchte-solar-licht-fuer-garten-zubeh\/"},"modified":"2023-04-11T01:48:52","modified_gmt":"2023-04-10T23:48:52","slug":"solarlampen-fuer-aussen-180-led-270-breitem-beleuchtungswinkel-solarleuchten-haengend-mit-bewegungsmelder-ip65-aussenwandleuchten-strahler-2200mah-aussenleuchte-solar-licht-fuer-garten-zubeh","status":"publish","type":"product","link":"https:\/\/marktxxl.de\/markt\/produkt\/solarlampen-fuer-aussen-180-led-270-breitem-beleuchtungswinkel-solarleuchten-haengend-mit-bewegungsmelder-ip65-aussenwandleuchten-strahler-2200mah-aussenleuchte-solar-licht-fuer-garten-zubeh\/","title":{"rendered":"Solarlampen f\u00fcr Au\u00dfen, 180 LED 270\u00b0 Breitem Beleuchtungswinkel Solarleuchten H\u00e4ngend mit Bewegungsmelder, IP65\u2026"},"content":{"rendered":"<p>\u2600\ufe0f180 LEDs, bis zu 12 Stunden Leuchtdauer?OCCVE Solarlampen f\u00fcr Au\u00dfen verf\u00fcgt \u00fcber 180 Beleuchtungs-LEDs, mit einem 2200mAh eingebauten Akku, sodass Solarlampen f\u00fcr Garten Zubeh\u00f6r bis zu 12 Stunden lang eine effektive Beleuchtung leisten k\u00f6nnen. Da die Solarmodule der h\u00e4ngend IP65 Solarleuchten aufger\u00fcstet wurden, Seine Lebensdauer kann bis zu 50.000 Stunden betragen, Au\u00dfenwandleuchten mit Bewegungsmelder m\u00fcssen nur 6-8 Stunden in der Sonne geladen werden, um den Akku vollst\u00e4ndig aufzuladen.<br \/>\n?\ufe0f3 LED-Beleuchtungsmodi?\ufe0fOCCVE Solar Licht kann die Bewegung des menschlichen K\u00f6rpers durch den eingebauten Bewegungsmelder erkennen und verf\u00fcgt \u00fcber 3 LED-Beleuchtungsmodi, je nach Nutzungsumgebung k\u00f6nnen Benutzer durch kurzes Dr\u00fccken des Netzschalters die Modi wechseln, um den idealen Lichteffekt zu erzielen und Energie zu sparen. Die 3 Modi sind: Modus 1-Induktionsmodus des menschlichen K\u00f6rpers, Modus 2-Induktion des menschlichen K\u00f6rpers + ged\u00e4mpftes Lichtmodus, Modus 3-Konstantlichtmodus.<br \/>\n?270\u00b0 Beleuchtungsbereich, 120\u00b0 Erfassungsbereich des menschlichen K\u00f6rpers?Dank des drehbaren Designs der OCCVE 180 LED Solarlampen f\u00fcr Au\u00dfen h\u00e4ngend kann der Ausleuchtungswinkel 270\u00b0 erreichen, und die Ausleuchtungsfl\u00e4che kann 4,88 bis 7,92 m erreichen. Um die Bewegung des menschlichen K\u00f6rpers empfindlicher zu erfassen, verwendet OCCVE a leistungsstarke Bewegungsmelder machen den Sensor der Winkel kann 120\u00b0 erreichen, und der Erfassungsbereich kann 2,74 bis 4,88 m erreichen.<br \/>\n?\ufe0fAu\u00dfergew\u00f6hnliche Haltbarkeit und einfache Installation?\ufe0fDie Au\u00dfenh\u00fclle von OCCVE Solar Licht besteht aus hochwertigem hitzebest\u00e4ndigem ABS, und es ist mit wasserdichter IP65-Technologie ausgestattet. Bei extremer K\u00e4lte oder Hitze k\u00f6nnen Solarlampen f\u00fcr h\u00e4ngend immer noch normal arbeiten und einen hohen Wirkungsgrad beibehalten. Um die Installation zu erleichtern, ist OCCVE mit zwei Schrauben und zwei Expansionsrohren ausgestattet, es kann direkt ohne Verkabelung installiert werden.<br \/>\n?\ufe0fVielf\u00e4ltige Anwendungsszenarien?\ufe0fOCCVE legt Wert auf Vielseitigkeit, Solarlampen f\u00fcr Au\u00dfen werden an vielen Orten eingesetzt, wie zum Beispiel: Ladeneing\u00e4nge, Haust\u00fcren, Hinterh\u00f6fe, Garagen, Schwimmb\u00e4der und so weiter. H\u00e4ngend Solarleuchten k\u00f6nnen sogar als Garten Zubeh\u00f6r verwendet werden. Es bringt moderne Sinne mit sich und bietet rechtzeitige Beleuchtung, um die Sicherheit von Personen im Innen- und Au\u00dfenbereich vor allem im Winter zu gew\u00e4hrleisten, leisten Au\u00dfenwandleuchten gute Hilfe.<br \/>\n<div class=\"main-cross-sell\" data-asin=\"B094Y7W2PT\">\n\n\t<div class=\"WooZone-cross-sell-loader\">\n\t\t<div>\n\t\t\t<div id=\"floatingBarsG\">\n\t\t\t\t<div class=\"blockG\" id=\"rotateG_01\"><\/div>\n\t\t\t\t<div class=\"blockG\" id=\"rotateG_02\"><\/div>\n\t\t\t\t<div class=\"blockG\" id=\"rotateG_03\"><\/div>\n\t\t\t\t<div class=\"blockG\" id=\"rotateG_04\"><\/div>\n\t\t\t\t<div class=\"blockG\" id=\"rotateG_05\"><\/div>\n\t\t\t\t<div class=\"blockG\" id=\"rotateG_06\"><\/div>\n\t\t\t\t<div class=\"blockG\" id=\"rotateG_07\"><\/div>\n\t\t\t\t<div class=\"blockG\" id=\"rotateG_08\"><\/div>\n\t\t\t<\/div>\n\t\t\t<div class=\"WooZone-cross-sell-loader-text\"><\/div>\n\t\t<\/div>\n\t<\/div>\n\n\t\t\n<\/div>\n<div style=\"clear:both;\"><\/div><\/p>\n","protected":false},"excerpt":{"rendered":"<p>\u2600\ufe0f180 LEDs, bis zu 12 Stunden Leuchtdauer?OCCVE Solarlampen f\u00fcr Au\u00dfen verf\u00fcgt \u00fcber 180 Beleuchtungs-LEDs, mit einem 2200mAh eingebauten Akku, sodass Solarlampen f\u00fcr Garten Zubeh\u00f6r bis zu 12 Stunden lang eine effektive Beleuchtung leisten k\u00f6nnen. Da die Solarmodule der h\u00e4ngend IP65 Solarleuchten aufger\u00fcstet wurden, Seine Lebensdauer kann bis zu 50.000 Stunden betragen, Au\u00dfenwandleuchten mit Bewegungsmelder m\u00fcssen nur 6-8 Stunden in der Sonne geladen werden, um den Akku vollst\u00e4ndig aufzuladen.<br \/>\n?\ufe0f3 LED-Beleuchtungsmodi?\ufe0fOCCVE Solar Licht kann die Bewegung des menschlichen K\u00f6rpers durch den eingebauten Bewegungsmelder erkennen und verf\u00fcgt \u00fcber 3 LED-Beleuchtungsmodi, je nach Nutzungsumgebung k\u00f6nnen Benutzer durch kurzes Dr\u00fccken des Netzschalters die Modi wechseln, um den idealen Lichteffekt zu erzielen und Energie zu sparen. Die 3 Modi sind: Modus 1-Induktionsmodus des menschlichen K\u00f6rpers, Modus 2-Induktion des menschlichen K\u00f6rpers + ged\u00e4mpftes Lichtmodus, Modus 3-Konstantlichtmodus.<br \/>\n?270\u00b0 Beleuchtungsbereich, 120\u00b0 Erfassungsbereich des menschlichen K\u00f6rpers?Dank des drehbaren Designs der OCCVE 180 LED Solarlampen f\u00fcr Au\u00dfen h\u00e4ngend kann der Ausleuchtungswinkel 270\u00b0 erreichen, und die Ausleuchtungsfl\u00e4che kann 4,88 bis 7,92 m erreichen. Um die Bewegung des menschlichen K\u00f6rpers empfindlicher zu erfassen, verwendet OCCVE a leistungsstarke Bewegungsmelder machen den Sensor der Winkel kann 120\u00b0 erreichen, und der Erfassungsbereich kann 2,74 bis 4,88 m erreichen.<\/p>\n","protected":false},"featured_media":34214,"comment_status":"open","ping_status":"closed","template":"","meta":[],"product_brand":[],"product_cat":[2108],"product_tag":[],"class_list":{"0":"post-34213","1":"product","2":"type-product","3":"status-publish","4":"has-post-thumbnail","6":"product_cat-beleuchtung","7":"pa_brand-occve","8":"pa_color-schwarz","9":"pa_height-3-81889-zoll","10":"pa_length-11-57478-zoll","11":"pa_manufacturer-occve","12":"pa_weight-0-771617917-pfund","13":"pa_width-5-62991-zoll","15":"first","16":"instock","17":"shipping-taxable","18":"purchasable","19":"product-type-simple","20":"customify-col","21":"product-has-gallery"},"yoast_head":"<!-- This site is optimized with the Yoast SEO plugin v27.4 - https:\/\/yoast.com\/product\/yoast-seo-wordpress\/ -->\n<title>Solarlampen f\u00fcr Au\u00dfen, 180 LED 270\u00b0 Breitem Beleuchtungswinkel Solarleuchten H\u00e4ngend mit Bewegungsmelder, IP65\u2026 - Markt-XXL<\/title>\n<meta name=\"description\" content=\"Markt-XXL Solarlampen f\u00fcr Au\u00dfen, 180 LED 270\u00b0 Breitem Beleuchtungswinkel Solarleuchten H\u00e4ngend mit Bewegungsmelder, IP65\u2026\" \/>\n<meta name=\"robots\" content=\"index, follow, max-snippet:-1, max-image-preview:large, max-video-preview:-1\" \/>\n<link rel=\"canonical\" href=\"https:\/\/marktxxl.de\/markt\/produkt\/solarlampen-fuer-aussen-180-led-270-breitem-beleuchtungswinkel-solarleuchten-haengend-mit-bewegungsmelder-ip65-aussenwandleuchten-strahler-2200mah-aussenleuchte-solar-licht-fuer-garten-zubeh\/\" \/>\n<meta property=\"og:locale\" content=\"de_DE\" \/>\n<meta property=\"og:type\" content=\"article\" \/>\n<meta property=\"og:title\" content=\"Solarlampen f\u00fcr Au\u00dfen, 180 LED 270\u00b0 Breitem Beleuchtungswinkel Solarleuchten H\u00e4ngend mit Bewegungsmelder, IP65\u2026 - Markt-XXL\" \/>\n<meta property=\"og:description\" content=\"Markt-XXL Solarlampen f\u00fcr Au\u00dfen, 180 LED 270\u00b0 Breitem Beleuchtungswinkel Solarleuchten H\u00e4ngend mit Bewegungsmelder, IP65\u2026\" \/>\n<meta property=\"og:url\" content=\"https:\/\/marktxxl.de\/markt\/produkt\/solarlampen-fuer-aussen-180-led-270-breitem-beleuchtungswinkel-solarleuchten-haengend-mit-bewegungsmelder-ip65-aussenwandleuchten-strahler-2200mah-aussenleuchte-solar-licht-fuer-garten-zubeh\/\" \/>\n<meta property=\"og:site_name\" content=\"Markt-XXL\" \/>\n<meta property=\"article:modified_time\" content=\"2023-04-10T23:48:52+00:00\" \/>\n<meta property=\"og:image\" content=\"https:\/\/m.media-amazon.com\/images\/I\/510dsofaYOL._SL500_.jpg\" \/>\n\t<meta property=\"og:image:width\" content=\"500\" \/>\n\t<meta property=\"og:image:height\" content=\"500\" \/>\n\t<meta property=\"og:image:type\" content=\"image\/jpeg\" \/>\n<meta name=\"twitter:card\" content=\"summary_large_image\" \/>\n<meta name=\"twitter:label1\" content=\"Gesch\u00e4tzte Lesezeit\" \/>\n\t<meta name=\"twitter:data1\" content=\"2\u00a0Minuten\" \/>\n<script type=\"application\/ld+json\" class=\"yoast-schema-graph\">{\"@context\":\"https:\\\/\\\/schema.org\",\"@graph\":[{\"@type\":\"WebPage\",\"@id\":\"https:\\\/\\\/marktxxl.de\\\/markt\\\/produkt\\\/solarlampen-fuer-aussen-180-led-270-breitem-beleuchtungswinkel-solarleuchten-haengend-mit-bewegungsmelder-ip65-aussenwandleuchten-strahler-2200mah-aussenleuchte-solar-licht-fuer-garten-zubeh\\\/\",\"url\":\"https:\\\/\\\/marktxxl.de\\\/markt\\\/produkt\\\/solarlampen-fuer-aussen-180-led-270-breitem-beleuchtungswinkel-solarleuchten-haengend-mit-bewegungsmelder-ip65-aussenwandleuchten-strahler-2200mah-aussenleuchte-solar-licht-fuer-garten-zubeh\\\/\",\"name\":\"Solarlampen f\u00fcr Au\u00dfen, 180 LED 270\u00b0 Breitem Beleuchtungswinkel Solarleuchten H\u00e4ngend mit Bewegungsmelder, IP65\u2026 - Markt-XXL\",\"isPartOf\":{\"@id\":\"https:\\\/\\\/marktxxl.de\\\/markt\\\/#website\"},\"primaryImageOfPage\":{\"@id\":\"https:\\\/\\\/marktxxl.de\\\/markt\\\/produkt\\\/solarlampen-fuer-aussen-180-led-270-breitem-beleuchtungswinkel-solarleuchten-haengend-mit-bewegungsmelder-ip65-aussenwandleuchten-strahler-2200mah-aussenleuchte-solar-licht-fuer-garten-zubeh\\\/#primaryimage\"},\"image\":{\"@id\":\"https:\\\/\\\/marktxxl.de\\\/markt\\\/produkt\\\/solarlampen-fuer-aussen-180-led-270-breitem-beleuchtungswinkel-solarleuchten-haengend-mit-bewegungsmelder-ip65-aussenwandleuchten-strahler-2200mah-aussenleuchte-solar-licht-fuer-garten-zubeh\\\/#primaryimage\"},\"thumbnailUrl\":\"https:\\\/\\\/m.media-amazon.com\\\/images\\\/I\\\/510dsofaYOL._SL500_.jpg\",\"datePublished\":\"2021-09-13T18:23:57+00:00\",\"dateModified\":\"2023-04-10T23:48:52+00:00\",\"description\":\"Markt-XXL Solarlampen f\u00fcr Au\u00dfen, 180 LED 270\u00b0 Breitem Beleuchtungswinkel Solarleuchten H\u00e4ngend mit Bewegungsmelder, IP65\u2026\",\"breadcrumb\":{\"@id\":\"https:\\\/\\\/marktxxl.de\\\/markt\\\/produkt\\\/solarlampen-fuer-aussen-180-led-270-breitem-beleuchtungswinkel-solarleuchten-haengend-mit-bewegungsmelder-ip65-aussenwandleuchten-strahler-2200mah-aussenleuchte-solar-licht-fuer-garten-zubeh\\\/#breadcrumb\"},\"inLanguage\":\"de\",\"potentialAction\":[{\"@type\":\"ReadAction\",\"target\":[\"https:\\\/\\\/marktxxl.de\\\/markt\\\/produkt\\\/solarlampen-fuer-aussen-180-led-270-breitem-beleuchtungswinkel-solarleuchten-haengend-mit-bewegungsmelder-ip65-aussenwandleuchten-strahler-2200mah-aussenleuchte-solar-licht-fuer-garten-zubeh\\\/\"]}]},{\"@type\":\"ImageObject\",\"inLanguage\":\"de\",\"@id\":\"https:\\\/\\\/marktxxl.de\\\/markt\\\/produkt\\\/solarlampen-fuer-aussen-180-led-270-breitem-beleuchtungswinkel-solarleuchten-haengend-mit-bewegungsmelder-ip65-aussenwandleuchten-strahler-2200mah-aussenleuchte-solar-licht-fuer-garten-zubeh\\\/#primaryimage\",\"url\":\"https:\\\/\\\/m.media-amazon.com\\\/images\\\/I\\\/510dsofaYOL._SL500_.jpg\",\"contentUrl\":\"https:\\\/\\\/m.media-amazon.com\\\/images\\\/I\\\/510dsofaYOL._SL500_.jpg\",\"width\":500,\"height\":500},{\"@type\":\"BreadcrumbList\",\"@id\":\"https:\\\/\\\/marktxxl.de\\\/markt\\\/produkt\\\/solarlampen-fuer-aussen-180-led-270-breitem-beleuchtungswinkel-solarleuchten-haengend-mit-bewegungsmelder-ip65-aussenwandleuchten-strahler-2200mah-aussenleuchte-solar-licht-fuer-garten-zubeh\\\/#breadcrumb\",\"itemListElement\":[{\"@type\":\"ListItem\",\"position\":1,\"name\":\"Startseite\",\"item\":\"https:\\\/\\\/marktxxl.de\\\/markt\\\/\"},{\"@type\":\"ListItem\",\"position\":2,\"name\":\"Markt\",\"item\":\"https:\\\/\\\/marktxxl.de\\\/markt\\\/\"},{\"@type\":\"ListItem\",\"position\":3,\"name\":\"Solarlampen f\u00fcr Au\u00dfen, 180 LED 270\u00b0 Breitem Beleuchtungswinkel Solarleuchten H\u00e4ngend mit Bewegungsmelder, IP65\u2026\"}]},{\"@type\":\"WebSite\",\"@id\":\"https:\\\/\\\/marktxxl.de\\\/markt\\\/#website\",\"url\":\"https:\\\/\\\/marktxxl.de\\\/markt\\\/\",\"name\":\"Markt-XXL\",\"description\":\"Ihr Markt Online\",\"publisher\":{\"@id\":\"https:\\\/\\\/marktxxl.de\\\/markt\\\/#organization\"},\"potentialAction\":[{\"@type\":\"SearchAction\",\"target\":{\"@type\":\"EntryPoint\",\"urlTemplate\":\"https:\\\/\\\/marktxxl.de\\\/markt\\\/?s={search_term_string}\"},\"query-input\":{\"@type\":\"PropertyValueSpecification\",\"valueRequired\":true,\"valueName\":\"search_term_string\"}}],\"inLanguage\":\"de\"},{\"@type\":\"Organization\",\"@id\":\"https:\\\/\\\/marktxxl.de\\\/markt\\\/#organization\",\"name\":\"Markt-XXL\",\"url\":\"https:\\\/\\\/marktxxl.de\\\/markt\\\/\",\"logo\":{\"@type\":\"ImageObject\",\"inLanguage\":\"de\",\"@id\":\"https:\\\/\\\/marktxxl.de\\\/markt\\\/#\\\/schema\\\/logo\\\/image\\\/\",\"url\":\"https:\\\/\\\/marktxxl.de\\\/markt\\\/wp-content\\\/uploads\\\/sites\\\/3\\\/2020\\\/12\\\/logo.png\",\"contentUrl\":\"https:\\\/\\\/marktxxl.de\\\/markt\\\/wp-content\\\/uploads\\\/sites\\\/3\\\/2020\\\/12\\\/logo.png\",\"width\":200,\"height\":70,\"caption\":\"Markt-XXL\"},\"image\":{\"@id\":\"https:\\\/\\\/marktxxl.de\\\/markt\\\/#\\\/schema\\\/logo\\\/image\\\/\"}}]}<\/script>\n<!-- \/ Yoast SEO plugin. -->","yoast_head_json":{"title":"Solarlampen f\u00fcr Au\u00dfen, 180 LED 270\u00b0 Breitem Beleuchtungswinkel Solarleuchten H\u00e4ngend mit Bewegungsmelder, IP65\u2026 - Markt-XXL","description":"Markt-XXL Solarlampen f\u00fcr Au\u00dfen, 180 LED 270\u00b0 Breitem Beleuchtungswinkel Solarleuchten H\u00e4ngend mit Bewegungsmelder, IP65\u2026","robots":{"index":"index","follow":"follow","max-snippet":"max-snippet:-1","max-image-preview":"max-image-preview:large","max-video-preview":"max-video-preview:-1"},"canonical":"https:\/\/marktxxl.de\/markt\/produkt\/solarlampen-fuer-aussen-180-led-270-breitem-beleuchtungswinkel-solarleuchten-haengend-mit-bewegungsmelder-ip65-aussenwandleuchten-strahler-2200mah-aussenleuchte-solar-licht-fuer-garten-zubeh\/","og_locale":"de_DE","og_type":"article","og_title":"Solarlampen f\u00fcr Au\u00dfen, 180 LED 270\u00b0 Breitem Beleuchtungswinkel Solarleuchten H\u00e4ngend mit Bewegungsmelder, IP65\u2026 - Markt-XXL","og_description":"Markt-XXL Solarlampen f\u00fcr Au\u00dfen, 180 LED 270\u00b0 Breitem Beleuchtungswinkel Solarleuchten H\u00e4ngend mit Bewegungsmelder, IP65\u2026","og_url":"https:\/\/marktxxl.de\/markt\/produkt\/solarlampen-fuer-aussen-180-led-270-breitem-beleuchtungswinkel-solarleuchten-haengend-mit-bewegungsmelder-ip65-aussenwandleuchten-strahler-2200mah-aussenleuchte-solar-licht-fuer-garten-zubeh\/","og_site_name":"Markt-XXL","article_modified_time":"2023-04-10T23:48:52+00:00","og_image":[{"width":500,"height":500,"url":"https:\/\/m.media-amazon.com\/images\/I\/510dsofaYOL._SL500_.jpg","type":"image\/jpeg"}],"twitter_card":"summary_large_image","twitter_misc":{"Gesch\u00e4tzte Lesezeit":"2\u00a0Minuten"},"schema":{"@context":"https:\/\/schema.org","@graph":[{"@type":"WebPage","@id":"https:\/\/marktxxl.de\/markt\/produkt\/solarlampen-fuer-aussen-180-led-270-breitem-beleuchtungswinkel-solarleuchten-haengend-mit-bewegungsmelder-ip65-aussenwandleuchten-strahler-2200mah-aussenleuchte-solar-licht-fuer-garten-zubeh\/","url":"https:\/\/marktxxl.de\/markt\/produkt\/solarlampen-fuer-aussen-180-led-270-breitem-beleuchtungswinkel-solarleuchten-haengend-mit-bewegungsmelder-ip65-aussenwandleuchten-strahler-2200mah-aussenleuchte-solar-licht-fuer-garten-zubeh\/","name":"Solarlampen f\u00fcr Au\u00dfen, 180 LED 270\u00b0 Breitem Beleuchtungswinkel Solarleuchten H\u00e4ngend mit Bewegungsmelder, IP65\u2026 - Markt-XXL","isPartOf":{"@id":"https:\/\/marktxxl.de\/markt\/#website"},"primaryImageOfPage":{"@id":"https:\/\/marktxxl.de\/markt\/produkt\/solarlampen-fuer-aussen-180-led-270-breitem-beleuchtungswinkel-solarleuchten-haengend-mit-bewegungsmelder-ip65-aussenwandleuchten-strahler-2200mah-aussenleuchte-solar-licht-fuer-garten-zubeh\/#primaryimage"},"image":{"@id":"https:\/\/marktxxl.de\/markt\/produkt\/solarlampen-fuer-aussen-180-led-270-breitem-beleuchtungswinkel-solarleuchten-haengend-mit-bewegungsmelder-ip65-aussenwandleuchten-strahler-2200mah-aussenleuchte-solar-licht-fuer-garten-zubeh\/#primaryimage"},"thumbnailUrl":"https:\/\/m.media-amazon.com\/images\/I\/510dsofaYOL._SL500_.jpg","datePublished":"2021-09-13T18:23:57+00:00","dateModified":"2023-04-10T23:48:52+00:00","description":"Markt-XXL Solarlampen f\u00fcr Au\u00dfen, 180 LED 270\u00b0 Breitem Beleuchtungswinkel Solarleuchten H\u00e4ngend mit Bewegungsmelder, IP65\u2026","breadcrumb":{"@id":"https:\/\/marktxxl.de\/markt\/produkt\/solarlampen-fuer-aussen-180-led-270-breitem-beleuchtungswinkel-solarleuchten-haengend-mit-bewegungsmelder-ip65-aussenwandleuchten-strahler-2200mah-aussenleuchte-solar-licht-fuer-garten-zubeh\/#breadcrumb"},"inLanguage":"de","potentialAction":[{"@type":"ReadAction","target":["https:\/\/marktxxl.de\/markt\/produkt\/solarlampen-fuer-aussen-180-led-270-breitem-beleuchtungswinkel-solarleuchten-haengend-mit-bewegungsmelder-ip65-aussenwandleuchten-strahler-2200mah-aussenleuchte-solar-licht-fuer-garten-zubeh\/"]}]},{"@type":"ImageObject","inLanguage":"de","@id":"https:\/\/marktxxl.de\/markt\/produkt\/solarlampen-fuer-aussen-180-led-270-breitem-beleuchtungswinkel-solarleuchten-haengend-mit-bewegungsmelder-ip65-aussenwandleuchten-strahler-2200mah-aussenleuchte-solar-licht-fuer-garten-zubeh\/#primaryimage","url":"https:\/\/m.media-amazon.com\/images\/I\/510dsofaYOL._SL500_.jpg","contentUrl":"https:\/\/m.media-amazon.com\/images\/I\/510dsofaYOL._SL500_.jpg","width":500,"height":500},{"@type":"BreadcrumbList","@id":"https:\/\/marktxxl.de\/markt\/produkt\/solarlampen-fuer-aussen-180-led-270-breitem-beleuchtungswinkel-solarleuchten-haengend-mit-bewegungsmelder-ip65-aussenwandleuchten-strahler-2200mah-aussenleuchte-solar-licht-fuer-garten-zubeh\/#breadcrumb","itemListElement":[{"@type":"ListItem","position":1,"name":"Startseite","item":"https:\/\/marktxxl.de\/markt\/"},{"@type":"ListItem","position":2,"name":"Markt","item":"https:\/\/marktxxl.de\/markt\/"},{"@type":"ListItem","position":3,"name":"Solarlampen f\u00fcr Au\u00dfen, 180 LED 270\u00b0 Breitem Beleuchtungswinkel Solarleuchten H\u00e4ngend mit Bewegungsmelder, IP65\u2026"}]},{"@type":"WebSite","@id":"https:\/\/marktxxl.de\/markt\/#website","url":"https:\/\/marktxxl.de\/markt\/","name":"Markt-XXL","description":"Ihr Markt Online","publisher":{"@id":"https:\/\/marktxxl.de\/markt\/#organization"},"potentialAction":[{"@type":"SearchAction","target":{"@type":"EntryPoint","urlTemplate":"https:\/\/marktxxl.de\/markt\/?s={search_term_string}"},"query-input":{"@type":"PropertyValueSpecification","valueRequired":true,"valueName":"search_term_string"}}],"inLanguage":"de"},{"@type":"Organization","@id":"https:\/\/marktxxl.de\/markt\/#organization","name":"Markt-XXL","url":"https:\/\/marktxxl.de\/markt\/","logo":{"@type":"ImageObject","inLanguage":"de","@id":"https:\/\/marktxxl.de\/markt\/#\/schema\/logo\/image\/","url":"https:\/\/marktxxl.de\/markt\/wp-content\/uploads\/sites\/3\/2020\/12\/logo.png","contentUrl":"https:\/\/marktxxl.de\/markt\/wp-content\/uploads\/sites\/3\/2020\/12\/logo.png","width":200,"height":70,"caption":"Markt-XXL"},"image":{"@id":"https:\/\/marktxxl.de\/markt\/#\/schema\/logo\/image\/"}}]}},"_links":{"self":[{"href":"https:\/\/marktxxl.de\/markt\/wp-json\/wp\/v2\/product\/34213","targetHints":{"allow":["GET"]}}],"collection":[{"href":"https:\/\/marktxxl.de\/markt\/wp-json\/wp\/v2\/product"}],"about":[{"href":"https:\/\/marktxxl.de\/markt\/wp-json\/wp\/v2\/types\/product"}],"replies":[{"embeddable":true,"href":"https:\/\/marktxxl.de\/markt\/wp-json\/wp\/v2\/comments?post=34213"}],"wp:featuredmedia":[{"embeddable":true,"href":"https:\/\/marktxxl.de\/markt\/wp-json\/wp\/v2\/media\/34214"}],"wp:attachment":[{"href":"https:\/\/marktxxl.de\/markt\/wp-json\/wp\/v2\/media?parent=34213"}],"wp:term":[{"taxonomy":"product_brand","embeddable":true,"href":"https:\/\/marktxxl.de\/markt\/wp-json\/wp\/v2\/product_brand?post=34213"},{"taxonomy":"product_cat","embeddable":true,"href":"https:\/\/marktxxl.de\/markt\/wp-json\/wp\/v2\/product_cat?post=34213"},{"taxonomy":"product_tag","embeddable":true,"href":"https:\/\/marktxxl.de\/markt\/wp-json\/wp\/v2\/product_tag?post=34213"}],"curies":[{"name":"wp","href":"https:\/\/api.w.org\/{rel}","templated":true}]}}