{"id":34131,"date":"2021-09-13T20:22:46","date_gmt":"2021-09-13T18:22:46","guid":{"rendered":"https:\/\/marktxxl.de\/markt\/produkt\/qeelink-leder-holz-schuerze-holzbearbeitung-schuerze-mit-6-werkzeugtaschen-strapazierfaehige-schweissschuerze-fuer-maenner-frauen-hitzebestaendig-flammhemmend-werkstattzubehoer-verstellbar-61cm-x-10\/"},"modified":"2023-04-11T01:47:23","modified_gmt":"2023-04-10T23:47:23","slug":"qeelink-leder-holz-schuerze-holzbearbeitung-schuerze-mit-6-werkzeugtaschen-strapazierfaehige-schweissschuerze-fuer-maenner-frauen-hitzebestaendig-flammhemmend-werkstattzubehoer-verstellbar-61cm-x-10","status":"publish","type":"product","link":"https:\/\/marktxxl.de\/markt\/produkt\/qeelink-leder-holz-schuerze-holzbearbeitung-schuerze-mit-6-werkzeugtaschen-strapazierfaehige-schweissschuerze-fuer-maenner-frauen-hitzebestaendig-flammhemmend-werkstattzubehoer-verstellbar-61cm-x-10\/","title":{"rendered":"QeeLink Ledersch\u00fcrze &#8211; Schwei\u00dfersch\u00fcrze aus Leder mit 6 Werkzeugtaschen, Flammhemmende und Hitzebest\u00e4ndig Arbeitssch\u00fcrze\u2026"},"content":{"rendered":"<p>?\u3010Hochwertige Ledersch\u00fcrze\u3011 Die strapazierf\u00e4hige Arbeitssch\u00fcrze wird aus hochwertigem Echtleder-Material und exquisiter Handwerkskunst gefertigt, was ist hochwertiger, komfortabler, verschlei\u00dffester, langlebiger und bietet hervorragende kratzfeste und schmutzabweisende Funktionen als andere gew\u00f6hnliche Sch\u00fcrzen.<br \/>\n?\u30106-Werkzeugtaschen-Design\u3011 Die Herrensch\u00fcrze wird mit 6 Taschen zur Aufbewahrung von Werkzeugen und Arbeitszubeh\u00f6r (einschlie\u00dflich einer Handytasche und einer Bleistifttasche) ausgestattet, in denen Werkzeuge und Zubeh\u00f6r, Mobiltelefone, Brieftaschen, Bleistifte usw. verstaut werden k\u00f6nnen, damit Sie bequemer arbeiten k\u00f6nnen.<br \/>\n?\u3010Hitzebest\u00e4ndig und flammhemmend\u3011 Diese strapazierf\u00e4hige Schwei\u00dfsch\u00fcrze aus Rindspaltleder ist abrieb- und feuerfest. Es kann Flammen und Spritzern gut verhindern und Ihnen einen umfassenden Schutz bieten, der f\u00fcr Holzbearbeitung, Elektriker oder Gartenarbeiten geeignet ist.<br \/>\n?\u3010Verstellbare Universalgr\u00f6\u00dfe\u3011 Die Gr\u00f6\u00dfe der strapazierf\u00e4higen Schwei\u00dfsch\u00fcrze die Gr\u00f6\u00dfe M bis XXL f\u00fcr verschiedene Personen frei verstellbar Diese Holz-Sch\u00fcrze verf\u00fcgt \u00fcber ein modisches Retro-Leder-Design, das f\u00fcr M\u00e4nner und Frauen geeignet ist. Es ist ein wunderbares Arbeitsschutzangebot f\u00fcr Tischler, Elektriker, Friseure, Gartenarbeiter und Werkstattarbeiter.<br \/>\n?\u3010Multifunktionale Arbeitssch\u00fcrze\u3011 Diese Werkstatt-Ledersch\u00fcrze eignet sich nicht nur zum Schwei\u00dfen, Zimmerhandwerk, Gartenbau, sondern auch als Ladensch\u00fcrze, Gemeinschaftssch\u00fcrze, Grillsch\u00fcrze, Werkstattsch\u00fcrze, Garagensch\u00fcrze, Maschinensch\u00fcrze, Dreharbeitensch\u00fcrze, Metallschmiedesch\u00fcrze, Schmiedesch\u00fcrze. Es ist ein tolles Geschenk f\u00fcr M\u00e4nner, Frauen, Mutter und Vater.<br \/>\n<div class=\"main-cross-sell\" data-asin=\"B072Q25C13\">\n\n\t<div class=\"WooZone-cross-sell-loader\">\n\t\t<div>\n\t\t\t<div id=\"floatingBarsG\">\n\t\t\t\t<div class=\"blockG\" id=\"rotateG_01\"><\/div>\n\t\t\t\t<div class=\"blockG\" id=\"rotateG_02\"><\/div>\n\t\t\t\t<div class=\"blockG\" id=\"rotateG_03\"><\/div>\n\t\t\t\t<div class=\"blockG\" id=\"rotateG_04\"><\/div>\n\t\t\t\t<div class=\"blockG\" id=\"rotateG_05\"><\/div>\n\t\t\t\t<div class=\"blockG\" id=\"rotateG_06\"><\/div>\n\t\t\t\t<div class=\"blockG\" id=\"rotateG_07\"><\/div>\n\t\t\t\t<div class=\"blockG\" id=\"rotateG_08\"><\/div>\n\t\t\t<\/div>\n\t\t\t<div class=\"WooZone-cross-sell-loader-text\"><\/div>\n\t\t<\/div>\n\t<\/div>\n\n\t\t\n<\/div>\n<div style=\"clear:both;\"><\/div><\/p>\n","protected":false},"excerpt":{"rendered":"<p>?\u3010Hochwertige Ledersch\u00fcrze\u3011 Die strapazierf\u00e4hige Arbeitssch\u00fcrze wird aus hochwertigem Echtleder-Material und exquisiter Handwerkskunst gefertigt, was ist hochwertiger, komfortabler, verschlei\u00dffester, langlebiger und bietet hervorragende kratzfeste und schmutzabweisende Funktionen als andere gew\u00f6hnliche Sch\u00fcrzen.<br \/>\n?\u30106-Werkzeugtaschen-Design\u3011 Die Herrensch\u00fcrze wird mit 6 Taschen zur Aufbewahrung von Werkzeugen und Arbeitszubeh\u00f6r (einschlie\u00dflich einer Handytasche und einer Bleistifttasche) ausgestattet, in denen Werkzeuge und Zubeh\u00f6r, Mobiltelefone, Brieftaschen, Bleistifte usw. verstaut werden k\u00f6nnen, damit Sie bequemer arbeiten k\u00f6nnen.<br \/>\n?\u3010Hitzebest\u00e4ndig und flammhemmend\u3011 Diese strapazierf\u00e4hige Schwei\u00dfsch\u00fcrze aus Rindspaltleder ist abrieb- und feuerfest. Es kann Flammen und Spritzern gut verhindern und Ihnen einen umfassenden Schutz bieten, der f\u00fcr Holzbearbeitung, Elektriker oder Gartenarbeiten geeignet ist.<\/p>\n","protected":false},"featured_media":34132,"comment_status":"open","ping_status":"closed","template":"","meta":[],"product_brand":[],"product_cat":[4143,1186],"product_tag":[],"class_list":{"0":"post-34131","1":"product","2":"type-product","3":"status-publish","4":"has-post-thumbnail","6":"product_cat-arbeitskleidung-uniformen","7":"product_cat-bekleidung","8":"pa_binding-werkzeug","9":"pa_brand-qeelink","10":"pa_color-braun","11":"pa_height-16-zoll","12":"pa_length-16-zoll","13":"pa_manufacturer-qeelink","14":"pa_model-qlwwa01","15":"pa_size-61cm-x-107cm","16":"pa_weight-1-pfund","17":"pa_width-3-zoll","19":"first","20":"instock","21":"shipping-taxable","22":"purchasable","23":"product-type-simple","24":"customify-col","25":"product-has-gallery"},"yoast_head":"<!-- This site is optimized with the Yoast SEO plugin v27.4 - https:\/\/yoast.com\/product\/yoast-seo-wordpress\/ -->\n<title>QeeLink Ledersch\u00fcrze - Schwei\u00dfersch\u00fcrze aus Leder mit 6 Werkzeugtaschen, Flammhemmende und Hitzebest\u00e4ndig Arbeitssch\u00fcrze\u2026 - Markt-XXL<\/title>\n<meta name=\"description\" content=\"Markt-XXL QeeLink Ledersch\u00fcrze - Schwei\u00dfersch\u00fcrze aus Leder mit 6 Werkzeugtaschen, Flammhemmende und Hitzebest\u00e4ndig Arbeitssch\u00fcrze\u2026\" \/>\n<meta name=\"robots\" content=\"index, follow, max-snippet:-1, max-image-preview:large, max-video-preview:-1\" \/>\n<link rel=\"canonical\" href=\"https:\/\/marktxxl.de\/markt\/produkt\/qeelink-leder-holz-schuerze-holzbearbeitung-schuerze-mit-6-werkzeugtaschen-strapazierfaehige-schweissschuerze-fuer-maenner-frauen-hitzebestaendig-flammhemmend-werkstattzubehoer-verstellbar-61cm-x-10\/\" \/>\n<meta property=\"og:locale\" content=\"de_DE\" \/>\n<meta property=\"og:type\" content=\"article\" \/>\n<meta property=\"og:title\" content=\"QeeLink Ledersch\u00fcrze - Schwei\u00dfersch\u00fcrze aus Leder mit 6 Werkzeugtaschen, Flammhemmende und Hitzebest\u00e4ndig Arbeitssch\u00fcrze\u2026 - Markt-XXL\" \/>\n<meta property=\"og:description\" content=\"Markt-XXL QeeLink Ledersch\u00fcrze - Schwei\u00dfersch\u00fcrze aus Leder mit 6 Werkzeugtaschen, Flammhemmende und Hitzebest\u00e4ndig Arbeitssch\u00fcrze\u2026\" \/>\n<meta property=\"og:url\" content=\"https:\/\/marktxxl.de\/markt\/produkt\/qeelink-leder-holz-schuerze-holzbearbeitung-schuerze-mit-6-werkzeugtaschen-strapazierfaehige-schweissschuerze-fuer-maenner-frauen-hitzebestaendig-flammhemmend-werkstattzubehoer-verstellbar-61cm-x-10\/\" \/>\n<meta property=\"og:site_name\" content=\"Markt-XXL\" \/>\n<meta property=\"article:modified_time\" content=\"2023-04-10T23:47:23+00:00\" \/>\n<meta property=\"og:image\" content=\"https:\/\/m.media-amazon.com\/images\/I\/41xd7f0sRZL._SL500_.jpg\" \/>\n\t<meta property=\"og:image:width\" content=\"500\" \/>\n\t<meta property=\"og:image:height\" content=\"500\" \/>\n\t<meta property=\"og:image:type\" content=\"image\/jpeg\" \/>\n<meta name=\"twitter:card\" content=\"summary_large_image\" \/>\n<meta name=\"twitter:label1\" content=\"Gesch\u00e4tzte Lesezeit\" \/>\n\t<meta name=\"twitter:data1\" content=\"1\u00a0Minute\" \/>\n<script type=\"application\/ld+json\" class=\"yoast-schema-graph\">{\"@context\":\"https:\\\/\\\/schema.org\",\"@graph\":[{\"@type\":\"WebPage\",\"@id\":\"https:\\\/\\\/marktxxl.de\\\/markt\\\/produkt\\\/qeelink-leder-holz-schuerze-holzbearbeitung-schuerze-mit-6-werkzeugtaschen-strapazierfaehige-schweissschuerze-fuer-maenner-frauen-hitzebestaendig-flammhemmend-werkstattzubehoer-verstellbar-61cm-x-10\\\/\",\"url\":\"https:\\\/\\\/marktxxl.de\\\/markt\\\/produkt\\\/qeelink-leder-holz-schuerze-holzbearbeitung-schuerze-mit-6-werkzeugtaschen-strapazierfaehige-schweissschuerze-fuer-maenner-frauen-hitzebestaendig-flammhemmend-werkstattzubehoer-verstellbar-61cm-x-10\\\/\",\"name\":\"QeeLink Ledersch\u00fcrze - Schwei\u00dfersch\u00fcrze aus Leder mit 6 Werkzeugtaschen, Flammhemmende und Hitzebest\u00e4ndig Arbeitssch\u00fcrze\u2026 - Markt-XXL\",\"isPartOf\":{\"@id\":\"https:\\\/\\\/marktxxl.de\\\/markt\\\/#website\"},\"primaryImageOfPage\":{\"@id\":\"https:\\\/\\\/marktxxl.de\\\/markt\\\/produkt\\\/qeelink-leder-holz-schuerze-holzbearbeitung-schuerze-mit-6-werkzeugtaschen-strapazierfaehige-schweissschuerze-fuer-maenner-frauen-hitzebestaendig-flammhemmend-werkstattzubehoer-verstellbar-61cm-x-10\\\/#primaryimage\"},\"image\":{\"@id\":\"https:\\\/\\\/marktxxl.de\\\/markt\\\/produkt\\\/qeelink-leder-holz-schuerze-holzbearbeitung-schuerze-mit-6-werkzeugtaschen-strapazierfaehige-schweissschuerze-fuer-maenner-frauen-hitzebestaendig-flammhemmend-werkstattzubehoer-verstellbar-61cm-x-10\\\/#primaryimage\"},\"thumbnailUrl\":\"https:\\\/\\\/m.media-amazon.com\\\/images\\\/I\\\/41xd7f0sRZL._SL500_.jpg\",\"datePublished\":\"2021-09-13T18:22:46+00:00\",\"dateModified\":\"2023-04-10T23:47:23+00:00\",\"description\":\"Markt-XXL QeeLink Ledersch\u00fcrze - Schwei\u00dfersch\u00fcrze aus Leder mit 6 Werkzeugtaschen, Flammhemmende und Hitzebest\u00e4ndig Arbeitssch\u00fcrze\u2026\",\"breadcrumb\":{\"@id\":\"https:\\\/\\\/marktxxl.de\\\/markt\\\/produkt\\\/qeelink-leder-holz-schuerze-holzbearbeitung-schuerze-mit-6-werkzeugtaschen-strapazierfaehige-schweissschuerze-fuer-maenner-frauen-hitzebestaendig-flammhemmend-werkstattzubehoer-verstellbar-61cm-x-10\\\/#breadcrumb\"},\"inLanguage\":\"de\",\"potentialAction\":[{\"@type\":\"ReadAction\",\"target\":[\"https:\\\/\\\/marktxxl.de\\\/markt\\\/produkt\\\/qeelink-leder-holz-schuerze-holzbearbeitung-schuerze-mit-6-werkzeugtaschen-strapazierfaehige-schweissschuerze-fuer-maenner-frauen-hitzebestaendig-flammhemmend-werkstattzubehoer-verstellbar-61cm-x-10\\\/\"]}]},{\"@type\":\"ImageObject\",\"inLanguage\":\"de\",\"@id\":\"https:\\\/\\\/marktxxl.de\\\/markt\\\/produkt\\\/qeelink-leder-holz-schuerze-holzbearbeitung-schuerze-mit-6-werkzeugtaschen-strapazierfaehige-schweissschuerze-fuer-maenner-frauen-hitzebestaendig-flammhemmend-werkstattzubehoer-verstellbar-61cm-x-10\\\/#primaryimage\",\"url\":\"https:\\\/\\\/m.media-amazon.com\\\/images\\\/I\\\/41xd7f0sRZL._SL500_.jpg\",\"contentUrl\":\"https:\\\/\\\/m.media-amazon.com\\\/images\\\/I\\\/41xd7f0sRZL._SL500_.jpg\",\"width\":500,\"height\":500},{\"@type\":\"BreadcrumbList\",\"@id\":\"https:\\\/\\\/marktxxl.de\\\/markt\\\/produkt\\\/qeelink-leder-holz-schuerze-holzbearbeitung-schuerze-mit-6-werkzeugtaschen-strapazierfaehige-schweissschuerze-fuer-maenner-frauen-hitzebestaendig-flammhemmend-werkstattzubehoer-verstellbar-61cm-x-10\\\/#breadcrumb\",\"itemListElement\":[{\"@type\":\"ListItem\",\"position\":1,\"name\":\"Startseite\",\"item\":\"https:\\\/\\\/marktxxl.de\\\/markt\\\/\"},{\"@type\":\"ListItem\",\"position\":2,\"name\":\"Markt\",\"item\":\"https:\\\/\\\/marktxxl.de\\\/markt\\\/\"},{\"@type\":\"ListItem\",\"position\":3,\"name\":\"QeeLink Ledersch\u00fcrze &#8211; Schwei\u00dfersch\u00fcrze aus Leder mit 6 Werkzeugtaschen, Flammhemmende und Hitzebest\u00e4ndig Arbeitssch\u00fcrze\u2026\"}]},{\"@type\":\"WebSite\",\"@id\":\"https:\\\/\\\/marktxxl.de\\\/markt\\\/#website\",\"url\":\"https:\\\/\\\/marktxxl.de\\\/markt\\\/\",\"name\":\"Markt-XXL\",\"description\":\"Ihr Markt Online\",\"publisher\":{\"@id\":\"https:\\\/\\\/marktxxl.de\\\/markt\\\/#organization\"},\"potentialAction\":[{\"@type\":\"SearchAction\",\"target\":{\"@type\":\"EntryPoint\",\"urlTemplate\":\"https:\\\/\\\/marktxxl.de\\\/markt\\\/?s={search_term_string}\"},\"query-input\":{\"@type\":\"PropertyValueSpecification\",\"valueRequired\":true,\"valueName\":\"search_term_string\"}}],\"inLanguage\":\"de\"},{\"@type\":\"Organization\",\"@id\":\"https:\\\/\\\/marktxxl.de\\\/markt\\\/#organization\",\"name\":\"Markt-XXL\",\"url\":\"https:\\\/\\\/marktxxl.de\\\/markt\\\/\",\"logo\":{\"@type\":\"ImageObject\",\"inLanguage\":\"de\",\"@id\":\"https:\\\/\\\/marktxxl.de\\\/markt\\\/#\\\/schema\\\/logo\\\/image\\\/\",\"url\":\"https:\\\/\\\/marktxxl.de\\\/markt\\\/wp-content\\\/uploads\\\/sites\\\/3\\\/2020\\\/12\\\/logo.png\",\"contentUrl\":\"https:\\\/\\\/marktxxl.de\\\/markt\\\/wp-content\\\/uploads\\\/sites\\\/3\\\/2020\\\/12\\\/logo.png\",\"width\":200,\"height\":70,\"caption\":\"Markt-XXL\"},\"image\":{\"@id\":\"https:\\\/\\\/marktxxl.de\\\/markt\\\/#\\\/schema\\\/logo\\\/image\\\/\"}}]}<\/script>\n<!-- \/ Yoast SEO plugin. -->","yoast_head_json":{"title":"QeeLink Ledersch\u00fcrze - Schwei\u00dfersch\u00fcrze aus Leder mit 6 Werkzeugtaschen, Flammhemmende und Hitzebest\u00e4ndig Arbeitssch\u00fcrze\u2026 - Markt-XXL","description":"Markt-XXL QeeLink Ledersch\u00fcrze - Schwei\u00dfersch\u00fcrze aus Leder mit 6 Werkzeugtaschen, Flammhemmende und Hitzebest\u00e4ndig Arbeitssch\u00fcrze\u2026","robots":{"index":"index","follow":"follow","max-snippet":"max-snippet:-1","max-image-preview":"max-image-preview:large","max-video-preview":"max-video-preview:-1"},"canonical":"https:\/\/marktxxl.de\/markt\/produkt\/qeelink-leder-holz-schuerze-holzbearbeitung-schuerze-mit-6-werkzeugtaschen-strapazierfaehige-schweissschuerze-fuer-maenner-frauen-hitzebestaendig-flammhemmend-werkstattzubehoer-verstellbar-61cm-x-10\/","og_locale":"de_DE","og_type":"article","og_title":"QeeLink Ledersch\u00fcrze - Schwei\u00dfersch\u00fcrze aus Leder mit 6 Werkzeugtaschen, Flammhemmende und Hitzebest\u00e4ndig Arbeitssch\u00fcrze\u2026 - Markt-XXL","og_description":"Markt-XXL QeeLink Ledersch\u00fcrze - Schwei\u00dfersch\u00fcrze aus Leder mit 6 Werkzeugtaschen, Flammhemmende und Hitzebest\u00e4ndig Arbeitssch\u00fcrze\u2026","og_url":"https:\/\/marktxxl.de\/markt\/produkt\/qeelink-leder-holz-schuerze-holzbearbeitung-schuerze-mit-6-werkzeugtaschen-strapazierfaehige-schweissschuerze-fuer-maenner-frauen-hitzebestaendig-flammhemmend-werkstattzubehoer-verstellbar-61cm-x-10\/","og_site_name":"Markt-XXL","article_modified_time":"2023-04-10T23:47:23+00:00","og_image":[{"width":500,"height":500,"url":"https:\/\/m.media-amazon.com\/images\/I\/41xd7f0sRZL._SL500_.jpg","type":"image\/jpeg"}],"twitter_card":"summary_large_image","twitter_misc":{"Gesch\u00e4tzte Lesezeit":"1\u00a0Minute"},"schema":{"@context":"https:\/\/schema.org","@graph":[{"@type":"WebPage","@id":"https:\/\/marktxxl.de\/markt\/produkt\/qeelink-leder-holz-schuerze-holzbearbeitung-schuerze-mit-6-werkzeugtaschen-strapazierfaehige-schweissschuerze-fuer-maenner-frauen-hitzebestaendig-flammhemmend-werkstattzubehoer-verstellbar-61cm-x-10\/","url":"https:\/\/marktxxl.de\/markt\/produkt\/qeelink-leder-holz-schuerze-holzbearbeitung-schuerze-mit-6-werkzeugtaschen-strapazierfaehige-schweissschuerze-fuer-maenner-frauen-hitzebestaendig-flammhemmend-werkstattzubehoer-verstellbar-61cm-x-10\/","name":"QeeLink Ledersch\u00fcrze - Schwei\u00dfersch\u00fcrze aus Leder mit 6 Werkzeugtaschen, Flammhemmende und Hitzebest\u00e4ndig Arbeitssch\u00fcrze\u2026 - Markt-XXL","isPartOf":{"@id":"https:\/\/marktxxl.de\/markt\/#website"},"primaryImageOfPage":{"@id":"https:\/\/marktxxl.de\/markt\/produkt\/qeelink-leder-holz-schuerze-holzbearbeitung-schuerze-mit-6-werkzeugtaschen-strapazierfaehige-schweissschuerze-fuer-maenner-frauen-hitzebestaendig-flammhemmend-werkstattzubehoer-verstellbar-61cm-x-10\/#primaryimage"},"image":{"@id":"https:\/\/marktxxl.de\/markt\/produkt\/qeelink-leder-holz-schuerze-holzbearbeitung-schuerze-mit-6-werkzeugtaschen-strapazierfaehige-schweissschuerze-fuer-maenner-frauen-hitzebestaendig-flammhemmend-werkstattzubehoer-verstellbar-61cm-x-10\/#primaryimage"},"thumbnailUrl":"https:\/\/m.media-amazon.com\/images\/I\/41xd7f0sRZL._SL500_.jpg","datePublished":"2021-09-13T18:22:46+00:00","dateModified":"2023-04-10T23:47:23+00:00","description":"Markt-XXL QeeLink Ledersch\u00fcrze - Schwei\u00dfersch\u00fcrze aus Leder mit 6 Werkzeugtaschen, Flammhemmende und Hitzebest\u00e4ndig Arbeitssch\u00fcrze\u2026","breadcrumb":{"@id":"https:\/\/marktxxl.de\/markt\/produkt\/qeelink-leder-holz-schuerze-holzbearbeitung-schuerze-mit-6-werkzeugtaschen-strapazierfaehige-schweissschuerze-fuer-maenner-frauen-hitzebestaendig-flammhemmend-werkstattzubehoer-verstellbar-61cm-x-10\/#breadcrumb"},"inLanguage":"de","potentialAction":[{"@type":"ReadAction","target":["https:\/\/marktxxl.de\/markt\/produkt\/qeelink-leder-holz-schuerze-holzbearbeitung-schuerze-mit-6-werkzeugtaschen-strapazierfaehige-schweissschuerze-fuer-maenner-frauen-hitzebestaendig-flammhemmend-werkstattzubehoer-verstellbar-61cm-x-10\/"]}]},{"@type":"ImageObject","inLanguage":"de","@id":"https:\/\/marktxxl.de\/markt\/produkt\/qeelink-leder-holz-schuerze-holzbearbeitung-schuerze-mit-6-werkzeugtaschen-strapazierfaehige-schweissschuerze-fuer-maenner-frauen-hitzebestaendig-flammhemmend-werkstattzubehoer-verstellbar-61cm-x-10\/#primaryimage","url":"https:\/\/m.media-amazon.com\/images\/I\/41xd7f0sRZL._SL500_.jpg","contentUrl":"https:\/\/m.media-amazon.com\/images\/I\/41xd7f0sRZL._SL500_.jpg","width":500,"height":500},{"@type":"BreadcrumbList","@id":"https:\/\/marktxxl.de\/markt\/produkt\/qeelink-leder-holz-schuerze-holzbearbeitung-schuerze-mit-6-werkzeugtaschen-strapazierfaehige-schweissschuerze-fuer-maenner-frauen-hitzebestaendig-flammhemmend-werkstattzubehoer-verstellbar-61cm-x-10\/#breadcrumb","itemListElement":[{"@type":"ListItem","position":1,"name":"Startseite","item":"https:\/\/marktxxl.de\/markt\/"},{"@type":"ListItem","position":2,"name":"Markt","item":"https:\/\/marktxxl.de\/markt\/"},{"@type":"ListItem","position":3,"name":"QeeLink Ledersch\u00fcrze &#8211; Schwei\u00dfersch\u00fcrze aus Leder mit 6 Werkzeugtaschen, Flammhemmende und Hitzebest\u00e4ndig Arbeitssch\u00fcrze\u2026"}]},{"@type":"WebSite","@id":"https:\/\/marktxxl.de\/markt\/#website","url":"https:\/\/marktxxl.de\/markt\/","name":"Markt-XXL","description":"Ihr Markt Online","publisher":{"@id":"https:\/\/marktxxl.de\/markt\/#organization"},"potentialAction":[{"@type":"SearchAction","target":{"@type":"EntryPoint","urlTemplate":"https:\/\/marktxxl.de\/markt\/?s={search_term_string}"},"query-input":{"@type":"PropertyValueSpecification","valueRequired":true,"valueName":"search_term_string"}}],"inLanguage":"de"},{"@type":"Organization","@id":"https:\/\/marktxxl.de\/markt\/#organization","name":"Markt-XXL","url":"https:\/\/marktxxl.de\/markt\/","logo":{"@type":"ImageObject","inLanguage":"de","@id":"https:\/\/marktxxl.de\/markt\/#\/schema\/logo\/image\/","url":"https:\/\/marktxxl.de\/markt\/wp-content\/uploads\/sites\/3\/2020\/12\/logo.png","contentUrl":"https:\/\/marktxxl.de\/markt\/wp-content\/uploads\/sites\/3\/2020\/12\/logo.png","width":200,"height":70,"caption":"Markt-XXL"},"image":{"@id":"https:\/\/marktxxl.de\/markt\/#\/schema\/logo\/image\/"}}]}},"_links":{"self":[{"href":"https:\/\/marktxxl.de\/markt\/wp-json\/wp\/v2\/product\/34131","targetHints":{"allow":["GET"]}}],"collection":[{"href":"https:\/\/marktxxl.de\/markt\/wp-json\/wp\/v2\/product"}],"about":[{"href":"https:\/\/marktxxl.de\/markt\/wp-json\/wp\/v2\/types\/product"}],"replies":[{"embeddable":true,"href":"https:\/\/marktxxl.de\/markt\/wp-json\/wp\/v2\/comments?post=34131"}],"wp:featuredmedia":[{"embeddable":true,"href":"https:\/\/marktxxl.de\/markt\/wp-json\/wp\/v2\/media\/34132"}],"wp:attachment":[{"href":"https:\/\/marktxxl.de\/markt\/wp-json\/wp\/v2\/media?parent=34131"}],"wp:term":[{"taxonomy":"product_brand","embeddable":true,"href":"https:\/\/marktxxl.de\/markt\/wp-json\/wp\/v2\/product_brand?post=34131"},{"taxonomy":"product_cat","embeddable":true,"href":"https:\/\/marktxxl.de\/markt\/wp-json\/wp\/v2\/product_cat?post=34131"},{"taxonomy":"product_tag","embeddable":true,"href":"https:\/\/marktxxl.de\/markt\/wp-json\/wp\/v2\/product_tag?post=34131"}],"curies":[{"name":"wp","href":"https:\/\/api.w.org\/{rel}","templated":true}]}}