{"id":34031,"date":"2021-09-13T20:21:11","date_gmt":"2021-09-13T18:21:11","guid":{"rendered":"https:\/\/marktxxl.de\/markt\/produkt\/mylee-polygel-rutschloesung-125ml-polygel-builder-uv-led-nagelspitzen-extensions\/"},"modified":"2023-04-11T01:47:22","modified_gmt":"2023-04-10T23:47:22","slug":"mylee-polygel-rutschloesung-125ml-polygel-builder-uv-led-nagelspitzen-extensions","status":"publish","type":"product","link":"https:\/\/marktxxl.de\/markt\/produkt\/mylee-polygel-rutschloesung-125ml-polygel-builder-uv-led-nagelspitzen-extensions\/","title":{"rendered":"Mylee Polymer Gel Rutschl\u00f6sung 125ml \u2013 Builder-Gel, UV\/LED Nagelspitzen &amp; Extensions"},"content":{"rendered":"<p>PROFESSIONELLER ABSCHLUSS \u2013 Mit dieser salonf\u00e4higen Mylee Rutschl\u00f6sung, welches f\u00fcr eine Anwendung mit Polygel und dem Mylee Tool mit zwei Enden entwickelt wurde, kreieren Sie perfekt geformte N\u00e4gel. Polygel verbindet die besten Eigenschaften von Acryl und hartem Gel und ist eine revolution\u00e4re Nagelversch\u00f6nerungstechnik, die zu einem leichteren, flexibleren Abschluss f\u00fchrt.<br \/>\nPROFESSIONELLER ABSCHLUSS \u2013 Mit dieser salonf\u00e4higen Mylee Rutschl\u00f6sung, welches f\u00fcr eine Anwendung mit Polygel und dem Mylee Tool mit zwei Enden entwickelt wurde, kreieren Sie perfekt geformte N\u00e4gel. Polygel verbindet die besten Eigenschaften von Acryl und hartem Gel und ist eine revolution\u00e4re Nagelversch\u00f6nerungstechnik, die zu einem leichteren, flexibleren Abschluss f\u00fchrt.<br \/>\nFORMEN OHNE TROPFEN \u2013 W\u00e4hrend Sie das Polygel auftragen, hilft die Rutschl\u00f6sung, Reibungen zu vermeiden, damit Sie m\u00fchelos ohne Tropfen formen k\u00f6nnen. Nutzen Sie das Mylee Tool mit zwei Enden und dippen Sie das Pinselende in ein wenig Rutschl\u00f6sung und verteilen Sie das Gel dann gleichm\u00e4\u00dfig auf der Nagelform oder der Spitze. So k\u00f6nnen Sie das Gel gut verteilen und eine gleichm\u00e4\u00dfige Basis kreieren. Das Polygel kann ganz leicht in eine wundersch\u00f6ne Nagelform geformt werden.<br \/>\nEINFACH ZU VERWENDEN \u2013 Mit Polygel k\u00f6nnen ganz leicht beeindruckende Nagel-Extensions kreiert werden \u2013 selbst, wenn Sie gerade erst damit anfangen. Das Builder-Gel kann angewendet werden, um L\u00e4nge hinzuzuf\u00fcgen und Ihre nat\u00fcrlichen N\u00e4gel zu formen, um fantastische Nageldesigns zu kreieren. Diese speziell entwickelte Rutschl\u00f6sung erm\u00f6glicht es Ihnen, Polygel fachm\u00e4nnisch aufzutragen \u2013 f\u00fcr einen professionellen Abschluss.<br \/>\nPERFEKT GEFORMTE N\u00c4GEL \u2013 Die Mylee Rutschl\u00f6sung eignet sich ideal f\u00fcr Anwendungen mit Polygel \u2013 es ist ein Hybridprodukt, welches in Bezug auf Nagelversch\u00f6nerungen zwei Fliegen mit einer Klappe schl\u00e4gt. Polygel ist fester als traditionelles Gel, und dennoch leichter und flexibler als Acryln\u00e4gel. Es kann entweder als Deckschicht auf nat\u00fcrlichen N\u00e4geln verwendet werden, oder einfach auf die Spitzen aufgetragen werden, um extra L\u00e4nge zu kreieren.<br \/>\nF\u00dcR EINE ANWENDUNG IM SALON UND ZUHAUSE GEEIGNET \u2013 Diese professionelle Rutschl\u00f6sung wurde f\u00fcr die Anwendung mit dem Mylee Tool mit zwei Enden entwickelt und kann ganz leicht angewandt werden, um wundersch\u00f6ne Polygeln\u00e4gel zu kreieren. So k\u00f6nnen Sie salonf\u00e4hige Ergebnisse im Komfort Ihres eigenen Zuhauses erzielen. Au\u00dferdem ist die Mylee Rutschl\u00f6sung vegan und frei von Tierversuchen.<br \/>\n<div class=\"main-cross-sell\" data-asin=\"B083M2HFM4\">\n\n\t<div class=\"WooZone-cross-sell-loader\">\n\t\t<div>\n\t\t\t<div id=\"floatingBarsG\">\n\t\t\t\t<div class=\"blockG\" id=\"rotateG_01\"><\/div>\n\t\t\t\t<div class=\"blockG\" id=\"rotateG_02\"><\/div>\n\t\t\t\t<div class=\"blockG\" id=\"rotateG_03\"><\/div>\n\t\t\t\t<div class=\"blockG\" id=\"rotateG_04\"><\/div>\n\t\t\t\t<div class=\"blockG\" id=\"rotateG_05\"><\/div>\n\t\t\t\t<div class=\"blockG\" id=\"rotateG_06\"><\/div>\n\t\t\t\t<div class=\"blockG\" id=\"rotateG_07\"><\/div>\n\t\t\t\t<div class=\"blockG\" id=\"rotateG_08\"><\/div>\n\t\t\t<\/div>\n\t\t\t<div class=\"WooZone-cross-sell-loader-text\"><\/div>\n\t\t<\/div>\n\t<\/div>\n\n\t\t\n<\/div>\n<div style=\"clear:both;\"><\/div><\/p>\n","protected":false},"excerpt":{"rendered":"<p>PROFESSIONELLER ABSCHLUSS \u2013 Mit dieser salonf\u00e4higen Mylee Rutschl\u00f6sung, welches f\u00fcr eine Anwendung mit Polygel und dem Mylee Tool mit zwei Enden entwickelt wurde, kreieren Sie perfekt geformte N\u00e4gel. Polygel verbindet die besten Eigenschaften von Acryl und hartem Gel und ist eine revolution\u00e4re Nagelversch\u00f6nerungstechnik, die zu einem leichteren, flexibleren Abschluss f\u00fchrt.<br \/>\nPROFESSIONELLER ABSCHLUSS \u2013 Mit dieser salonf\u00e4higen Mylee Rutschl\u00f6sung, welches f\u00fcr eine Anwendung mit Polygel und dem Mylee Tool mit zwei Enden entwickelt wurde, kreieren Sie perfekt geformte N\u00e4gel. Polygel verbindet die besten Eigenschaften von Acryl und hartem Gel und ist eine revolution\u00e4re Nagelversch\u00f6nerungstechnik, die zu einem leichteren, flexibleren Abschluss f\u00fchrt.<br \/>\nFORMEN OHNE TROPFEN \u2013 W\u00e4hrend Sie das Polygel auftragen, hilft die Rutschl\u00f6sung, Reibungen zu vermeiden, damit Sie m\u00fchelos ohne Tropfen formen k\u00f6nnen. Nutzen Sie das Mylee Tool mit zwei Enden und dippen Sie das Pinselende in ein wenig Rutschl\u00f6sung und verteilen Sie das Gel dann gleichm\u00e4\u00dfig auf der Nagelform oder der Spitze. So k\u00f6nnen Sie das Gel gut verteilen und eine gleichm\u00e4\u00dfige Basis kreieren. Das Polygel kann ganz leicht in eine wundersch\u00f6ne Nagelform geformt werden.<\/p>\n","protected":false},"featured_media":34032,"comment_status":"open","ping_status":"closed","template":"","meta":[],"product_brand":[],"product_cat":[2858,7659],"product_tag":[],"class_list":{"0":"post-34031","1":"product","2":"type-product","3":"status-publish","4":"has-post-thumbnail","6":"product_cat-beauty","7":"product_cat-manikuere-pedikuere","8":"pa_binding-misc","9":"pa_brand-mylee","10":"pa_size-125-ml-1er-pack","12":"first","13":"instock","14":"shipping-taxable","15":"purchasable","16":"product-type-simple","17":"customify-col","18":"product-has-gallery"},"yoast_head":"<!-- This site is optimized with the Yoast SEO plugin v27.3 - https:\/\/yoast.com\/product\/yoast-seo-wordpress\/ -->\n<title>Mylee Polymer Gel Rutschl\u00f6sung 125ml \u2013 Builder-Gel, UV\/LED Nagelspitzen &amp; Extensions - Markt-XXL<\/title>\n<meta name=\"description\" content=\"Markt-XXL Mylee Polymer Gel Rutschl\u00f6sung 125ml \u2013 Builder-Gel, UV\/LED Nagelspitzen &amp; Extensions\" \/>\n<meta name=\"robots\" content=\"index, follow, max-snippet:-1, max-image-preview:large, max-video-preview:-1\" \/>\n<link rel=\"canonical\" href=\"https:\/\/marktxxl.de\/markt\/produkt\/mylee-polygel-rutschloesung-125ml-polygel-builder-uv-led-nagelspitzen-extensions\/\" \/>\n<meta property=\"og:locale\" content=\"de_DE\" \/>\n<meta property=\"og:type\" content=\"article\" \/>\n<meta property=\"og:title\" content=\"Mylee Polymer Gel Rutschl\u00f6sung 125ml \u2013 Builder-Gel, UV\/LED Nagelspitzen &amp; Extensions - Markt-XXL\" \/>\n<meta property=\"og:description\" content=\"Markt-XXL Mylee Polymer Gel Rutschl\u00f6sung 125ml \u2013 Builder-Gel, UV\/LED Nagelspitzen &amp; Extensions\" \/>\n<meta property=\"og:url\" content=\"https:\/\/marktxxl.de\/markt\/produkt\/mylee-polygel-rutschloesung-125ml-polygel-builder-uv-led-nagelspitzen-extensions\/\" \/>\n<meta property=\"og:site_name\" content=\"Markt-XXL\" \/>\n<meta property=\"article:modified_time\" content=\"2023-04-10T23:47:22+00:00\" \/>\n<meta property=\"og:image\" content=\"https:\/\/m.media-amazon.com\/images\/I\/41qLlNxLUML._SL500_.jpg\" \/>\n\t<meta property=\"og:image:width\" content=\"500\" \/>\n\t<meta property=\"og:image:height\" content=\"500\" \/>\n\t<meta property=\"og:image:type\" content=\"image\/jpeg\" \/>\n<meta name=\"twitter:card\" content=\"summary_large_image\" \/>\n<meta name=\"twitter:label1\" content=\"Gesch\u00e4tzte Lesezeit\" \/>\n\t<meta name=\"twitter:data1\" content=\"2\u00a0Minuten\" \/>\n<script type=\"application\/ld+json\" class=\"yoast-schema-graph\">{\"@context\":\"https:\\\/\\\/schema.org\",\"@graph\":[{\"@type\":\"WebPage\",\"@id\":\"https:\\\/\\\/marktxxl.de\\\/markt\\\/produkt\\\/mylee-polygel-rutschloesung-125ml-polygel-builder-uv-led-nagelspitzen-extensions\\\/\",\"url\":\"https:\\\/\\\/marktxxl.de\\\/markt\\\/produkt\\\/mylee-polygel-rutschloesung-125ml-polygel-builder-uv-led-nagelspitzen-extensions\\\/\",\"name\":\"Mylee Polymer Gel Rutschl\u00f6sung 125ml \u2013 Builder-Gel, UV\\\/LED Nagelspitzen &amp; Extensions - Markt-XXL\",\"isPartOf\":{\"@id\":\"https:\\\/\\\/marktxxl.de\\\/markt\\\/#website\"},\"primaryImageOfPage\":{\"@id\":\"https:\\\/\\\/marktxxl.de\\\/markt\\\/produkt\\\/mylee-polygel-rutschloesung-125ml-polygel-builder-uv-led-nagelspitzen-extensions\\\/#primaryimage\"},\"image\":{\"@id\":\"https:\\\/\\\/marktxxl.de\\\/markt\\\/produkt\\\/mylee-polygel-rutschloesung-125ml-polygel-builder-uv-led-nagelspitzen-extensions\\\/#primaryimage\"},\"thumbnailUrl\":\"https:\\\/\\\/m.media-amazon.com\\\/images\\\/I\\\/41qLlNxLUML._SL500_.jpg\",\"datePublished\":\"2021-09-13T18:21:11+00:00\",\"dateModified\":\"2023-04-10T23:47:22+00:00\",\"description\":\"Markt-XXL Mylee Polymer Gel Rutschl\u00f6sung 125ml \u2013 Builder-Gel, UV\\\/LED Nagelspitzen &amp; Extensions\",\"breadcrumb\":{\"@id\":\"https:\\\/\\\/marktxxl.de\\\/markt\\\/produkt\\\/mylee-polygel-rutschloesung-125ml-polygel-builder-uv-led-nagelspitzen-extensions\\\/#breadcrumb\"},\"inLanguage\":\"de\",\"potentialAction\":[{\"@type\":\"ReadAction\",\"target\":[\"https:\\\/\\\/marktxxl.de\\\/markt\\\/produkt\\\/mylee-polygel-rutschloesung-125ml-polygel-builder-uv-led-nagelspitzen-extensions\\\/\"]}]},{\"@type\":\"ImageObject\",\"inLanguage\":\"de\",\"@id\":\"https:\\\/\\\/marktxxl.de\\\/markt\\\/produkt\\\/mylee-polygel-rutschloesung-125ml-polygel-builder-uv-led-nagelspitzen-extensions\\\/#primaryimage\",\"url\":\"https:\\\/\\\/m.media-amazon.com\\\/images\\\/I\\\/41qLlNxLUML._SL500_.jpg\",\"contentUrl\":\"https:\\\/\\\/m.media-amazon.com\\\/images\\\/I\\\/41qLlNxLUML._SL500_.jpg\",\"width\":500,\"height\":500},{\"@type\":\"BreadcrumbList\",\"@id\":\"https:\\\/\\\/marktxxl.de\\\/markt\\\/produkt\\\/mylee-polygel-rutschloesung-125ml-polygel-builder-uv-led-nagelspitzen-extensions\\\/#breadcrumb\",\"itemListElement\":[{\"@type\":\"ListItem\",\"position\":1,\"name\":\"Startseite\",\"item\":\"https:\\\/\\\/marktxxl.de\\\/markt\\\/\"},{\"@type\":\"ListItem\",\"position\":2,\"name\":\"Markt\",\"item\":\"https:\\\/\\\/marktxxl.de\\\/markt\\\/\"},{\"@type\":\"ListItem\",\"position\":3,\"name\":\"Mylee Polymer Gel Rutschl\u00f6sung 125ml \u2013 Builder-Gel, UV\\\/LED Nagelspitzen &amp; Extensions\"}]},{\"@type\":\"WebSite\",\"@id\":\"https:\\\/\\\/marktxxl.de\\\/markt\\\/#website\",\"url\":\"https:\\\/\\\/marktxxl.de\\\/markt\\\/\",\"name\":\"Markt-XXL\",\"description\":\"Ihr Markt Online\",\"publisher\":{\"@id\":\"https:\\\/\\\/marktxxl.de\\\/markt\\\/#organization\"},\"potentialAction\":[{\"@type\":\"SearchAction\",\"target\":{\"@type\":\"EntryPoint\",\"urlTemplate\":\"https:\\\/\\\/marktxxl.de\\\/markt\\\/?s={search_term_string}\"},\"query-input\":{\"@type\":\"PropertyValueSpecification\",\"valueRequired\":true,\"valueName\":\"search_term_string\"}}],\"inLanguage\":\"de\"},{\"@type\":\"Organization\",\"@id\":\"https:\\\/\\\/marktxxl.de\\\/markt\\\/#organization\",\"name\":\"Markt-XXL\",\"url\":\"https:\\\/\\\/marktxxl.de\\\/markt\\\/\",\"logo\":{\"@type\":\"ImageObject\",\"inLanguage\":\"de\",\"@id\":\"https:\\\/\\\/marktxxl.de\\\/markt\\\/#\\\/schema\\\/logo\\\/image\\\/\",\"url\":\"https:\\\/\\\/marktxxl.de\\\/markt\\\/wp-content\\\/uploads\\\/sites\\\/3\\\/2020\\\/12\\\/logo.png\",\"contentUrl\":\"https:\\\/\\\/marktxxl.de\\\/markt\\\/wp-content\\\/uploads\\\/sites\\\/3\\\/2020\\\/12\\\/logo.png\",\"width\":200,\"height\":70,\"caption\":\"Markt-XXL\"},\"image\":{\"@id\":\"https:\\\/\\\/marktxxl.de\\\/markt\\\/#\\\/schema\\\/logo\\\/image\\\/\"}}]}<\/script>\n<!-- \/ Yoast SEO plugin. -->","yoast_head_json":{"title":"Mylee Polymer Gel Rutschl\u00f6sung 125ml \u2013 Builder-Gel, UV\/LED Nagelspitzen &amp; Extensions - Markt-XXL","description":"Markt-XXL Mylee Polymer Gel Rutschl\u00f6sung 125ml \u2013 Builder-Gel, UV\/LED Nagelspitzen &amp; Extensions","robots":{"index":"index","follow":"follow","max-snippet":"max-snippet:-1","max-image-preview":"max-image-preview:large","max-video-preview":"max-video-preview:-1"},"canonical":"https:\/\/marktxxl.de\/markt\/produkt\/mylee-polygel-rutschloesung-125ml-polygel-builder-uv-led-nagelspitzen-extensions\/","og_locale":"de_DE","og_type":"article","og_title":"Mylee Polymer Gel Rutschl\u00f6sung 125ml \u2013 Builder-Gel, UV\/LED Nagelspitzen &amp; Extensions - Markt-XXL","og_description":"Markt-XXL Mylee Polymer Gel Rutschl\u00f6sung 125ml \u2013 Builder-Gel, UV\/LED Nagelspitzen &amp; Extensions","og_url":"https:\/\/marktxxl.de\/markt\/produkt\/mylee-polygel-rutschloesung-125ml-polygel-builder-uv-led-nagelspitzen-extensions\/","og_site_name":"Markt-XXL","article_modified_time":"2023-04-10T23:47:22+00:00","og_image":[{"width":500,"height":500,"url":"https:\/\/m.media-amazon.com\/images\/I\/41qLlNxLUML._SL500_.jpg","type":"image\/jpeg"}],"twitter_card":"summary_large_image","twitter_misc":{"Gesch\u00e4tzte Lesezeit":"2\u00a0Minuten"},"schema":{"@context":"https:\/\/schema.org","@graph":[{"@type":"WebPage","@id":"https:\/\/marktxxl.de\/markt\/produkt\/mylee-polygel-rutschloesung-125ml-polygel-builder-uv-led-nagelspitzen-extensions\/","url":"https:\/\/marktxxl.de\/markt\/produkt\/mylee-polygel-rutschloesung-125ml-polygel-builder-uv-led-nagelspitzen-extensions\/","name":"Mylee Polymer Gel Rutschl\u00f6sung 125ml \u2013 Builder-Gel, UV\/LED Nagelspitzen &amp; Extensions - Markt-XXL","isPartOf":{"@id":"https:\/\/marktxxl.de\/markt\/#website"},"primaryImageOfPage":{"@id":"https:\/\/marktxxl.de\/markt\/produkt\/mylee-polygel-rutschloesung-125ml-polygel-builder-uv-led-nagelspitzen-extensions\/#primaryimage"},"image":{"@id":"https:\/\/marktxxl.de\/markt\/produkt\/mylee-polygel-rutschloesung-125ml-polygel-builder-uv-led-nagelspitzen-extensions\/#primaryimage"},"thumbnailUrl":"https:\/\/m.media-amazon.com\/images\/I\/41qLlNxLUML._SL500_.jpg","datePublished":"2021-09-13T18:21:11+00:00","dateModified":"2023-04-10T23:47:22+00:00","description":"Markt-XXL Mylee Polymer Gel Rutschl\u00f6sung 125ml \u2013 Builder-Gel, UV\/LED Nagelspitzen &amp; Extensions","breadcrumb":{"@id":"https:\/\/marktxxl.de\/markt\/produkt\/mylee-polygel-rutschloesung-125ml-polygel-builder-uv-led-nagelspitzen-extensions\/#breadcrumb"},"inLanguage":"de","potentialAction":[{"@type":"ReadAction","target":["https:\/\/marktxxl.de\/markt\/produkt\/mylee-polygel-rutschloesung-125ml-polygel-builder-uv-led-nagelspitzen-extensions\/"]}]},{"@type":"ImageObject","inLanguage":"de","@id":"https:\/\/marktxxl.de\/markt\/produkt\/mylee-polygel-rutschloesung-125ml-polygel-builder-uv-led-nagelspitzen-extensions\/#primaryimage","url":"https:\/\/m.media-amazon.com\/images\/I\/41qLlNxLUML._SL500_.jpg","contentUrl":"https:\/\/m.media-amazon.com\/images\/I\/41qLlNxLUML._SL500_.jpg","width":500,"height":500},{"@type":"BreadcrumbList","@id":"https:\/\/marktxxl.de\/markt\/produkt\/mylee-polygel-rutschloesung-125ml-polygel-builder-uv-led-nagelspitzen-extensions\/#breadcrumb","itemListElement":[{"@type":"ListItem","position":1,"name":"Startseite","item":"https:\/\/marktxxl.de\/markt\/"},{"@type":"ListItem","position":2,"name":"Markt","item":"https:\/\/marktxxl.de\/markt\/"},{"@type":"ListItem","position":3,"name":"Mylee Polymer Gel Rutschl\u00f6sung 125ml \u2013 Builder-Gel, UV\/LED Nagelspitzen &amp; Extensions"}]},{"@type":"WebSite","@id":"https:\/\/marktxxl.de\/markt\/#website","url":"https:\/\/marktxxl.de\/markt\/","name":"Markt-XXL","description":"Ihr Markt Online","publisher":{"@id":"https:\/\/marktxxl.de\/markt\/#organization"},"potentialAction":[{"@type":"SearchAction","target":{"@type":"EntryPoint","urlTemplate":"https:\/\/marktxxl.de\/markt\/?s={search_term_string}"},"query-input":{"@type":"PropertyValueSpecification","valueRequired":true,"valueName":"search_term_string"}}],"inLanguage":"de"},{"@type":"Organization","@id":"https:\/\/marktxxl.de\/markt\/#organization","name":"Markt-XXL","url":"https:\/\/marktxxl.de\/markt\/","logo":{"@type":"ImageObject","inLanguage":"de","@id":"https:\/\/marktxxl.de\/markt\/#\/schema\/logo\/image\/","url":"https:\/\/marktxxl.de\/markt\/wp-content\/uploads\/sites\/3\/2020\/12\/logo.png","contentUrl":"https:\/\/marktxxl.de\/markt\/wp-content\/uploads\/sites\/3\/2020\/12\/logo.png","width":200,"height":70,"caption":"Markt-XXL"},"image":{"@id":"https:\/\/marktxxl.de\/markt\/#\/schema\/logo\/image\/"}}]}},"_links":{"self":[{"href":"https:\/\/marktxxl.de\/markt\/wp-json\/wp\/v2\/product\/34031","targetHints":{"allow":["GET"]}}],"collection":[{"href":"https:\/\/marktxxl.de\/markt\/wp-json\/wp\/v2\/product"}],"about":[{"href":"https:\/\/marktxxl.de\/markt\/wp-json\/wp\/v2\/types\/product"}],"replies":[{"embeddable":true,"href":"https:\/\/marktxxl.de\/markt\/wp-json\/wp\/v2\/comments?post=34031"}],"wp:featuredmedia":[{"embeddable":true,"href":"https:\/\/marktxxl.de\/markt\/wp-json\/wp\/v2\/media\/34032"}],"wp:attachment":[{"href":"https:\/\/marktxxl.de\/markt\/wp-json\/wp\/v2\/media?parent=34031"}],"wp:term":[{"taxonomy":"product_brand","embeddable":true,"href":"https:\/\/marktxxl.de\/markt\/wp-json\/wp\/v2\/product_brand?post=34031"},{"taxonomy":"product_cat","embeddable":true,"href":"https:\/\/marktxxl.de\/markt\/wp-json\/wp\/v2\/product_cat?post=34031"},{"taxonomy":"product_tag","embeddable":true,"href":"https:\/\/marktxxl.de\/markt\/wp-json\/wp\/v2\/product_tag?post=34031"}],"curies":[{"name":"wp","href":"https:\/\/api.w.org\/{rel}","templated":true}]}}