{"id":33975,"date":"2021-09-13T20:21:02","date_gmt":"2021-09-13T18:21:02","guid":{"rendered":"https:\/\/marktxxl.de\/markt\/produkt\/uv-farbgel-uv-naegel-set-gelfarben-fuer-naegel-nail-art-farbgel-set-gel-naegel-farben\/"},"modified":"2023-04-11T01:47:22","modified_gmt":"2023-04-10T23:47:22","slug":"uv-farbgel-uv-naegel-set-gelfarben-fuer-naegel-nail-art-farbgel-set-gel-naegel-farben","status":"publish","type":"product","link":"https:\/\/marktxxl.de\/markt\/produkt\/uv-farbgel-uv-naegel-set-gelfarben-fuer-naegel-nail-art-farbgel-set-gel-naegel-farben\/","title":{"rendered":"24 Farben UV Gel mit 1 Pinsel, Malgel, UV Gel Set gelfarben f\u00fcr n\u00e4gel, Nail Art Farbgel Set, gel n\u00e4gel farben, Nail Gel\u2026"},"content":{"rendered":"<p>?\u2728 \u301024 * 8 ml Farben UV-Farbgel\u3011 Das gesamte Set enth\u00e4lt 24 verschiedene UV-Farbgele. Enth\u00e4lt alle Farben, die Sie ben\u00f6tigen, ist l\u00f6sungsmittelfrei, harmlos f\u00fcr den menschlichen K\u00f6rper, sicher zu verwenden und leicht zu malen. F\u00fcr das beste Ergebnis verwenden Sie bitte eine UV-Lampe, um das Farbgel zu trocknen.<br \/>\n?? \u3010Hohe Qualit\u00e4t\u3011 Gutes Gel, es besteht aus Naturharz, ist weich und einfach aufzutragen. L\u00f6sungsmittelfreie, \u00f6kologische Produkte mit gesunden, geruchsarmen Inhaltsstoffen. Bei sachgem\u00e4\u00dfer Anwendung mindestens 2-3 Wochen haltbar. Perfekt f\u00fcr DIY Nagellack Kit f\u00fcr French Manicure.<br \/>\n?? \u3010Vorschlag zur Verwendung mit Nagelb\u00fcrste\u3011 Eine professionelle Nagelb\u00fcrste, ein ergonomischer Stifthalter und eine weiche Haarb\u00fcrste &#8211; alles kann Ihnen die sch\u00f6ne Erfahrung des Nagellackierens bringen. Voll waschbar. Nach dem Auftragen des Gels mit einem Pinsel k\u00f6nnen die Haare leicht mit Aceton oder Alkohol gereinigt werden.<br \/>\n?? \u3010Geschenke\u3011 0,44 Unzen, tragbar und leicht. Geeignet f\u00fcr Nailart-Farben, um Ihr eigenes Nageldesign zu erstellen. Einfache Anwendung zum Erweitern von nat\u00fcrlichen N\u00e4geln, UV-Geln\u00e4geln, falschen N\u00e4geln und Acryln\u00e4geln. Ob zum Valentinstag, Muttertag oder Weihnachten, dieses Gel-Set ist ein tolles Weihnachts- oder Geburtstagsgeschenk f\u00fcr eine Frau Ihrer Wahl.<br \/>\n?? \u3010Hinweis\u3011 Hauttest vor Gebrauch. Die Pflege unter der UV \/ LED-Lampe kann sie langlebig und nat\u00fcrlich machen. Aufgrund unterschiedlicher Darstellungen k\u00f6nnen sich die Bilder im Bild unterscheiden und alle Elemente unterliegen den tats\u00e4chlichen Elementen. Haltbarkeit: ein Jahr im ge\u00f6ffneten Zustand, drei Jahre im unge\u00f6ffneten Zustand.<br \/>\n<div class=\"main-cross-sell\" data-asin=\"B09BB166K4\">\n\n\t<div class=\"WooZone-cross-sell-loader\">\n\t\t<div>\n\t\t\t<div id=\"floatingBarsG\">\n\t\t\t\t<div class=\"blockG\" id=\"rotateG_01\"><\/div>\n\t\t\t\t<div class=\"blockG\" id=\"rotateG_02\"><\/div>\n\t\t\t\t<div class=\"blockG\" id=\"rotateG_03\"><\/div>\n\t\t\t\t<div class=\"blockG\" id=\"rotateG_04\"><\/div>\n\t\t\t\t<div class=\"blockG\" id=\"rotateG_05\"><\/div>\n\t\t\t\t<div class=\"blockG\" id=\"rotateG_06\"><\/div>\n\t\t\t\t<div class=\"blockG\" id=\"rotateG_07\"><\/div>\n\t\t\t\t<div class=\"blockG\" id=\"rotateG_08\"><\/div>\n\t\t\t<\/div>\n\t\t\t<div class=\"WooZone-cross-sell-loader-text\"><\/div>\n\t\t<\/div>\n\t<\/div>\n\n\t\t\n<\/div>\n<div style=\"clear:both;\"><\/div><\/p>\n","protected":false},"excerpt":{"rendered":"<p>?\u2728 \u301024 * 8 ml Farben UV-Farbgel\u3011 Das gesamte Set enth\u00e4lt 24 verschiedene UV-Farbgele. Enth\u00e4lt alle Farben, die Sie ben\u00f6tigen, ist l\u00f6sungsmittelfrei, harmlos f\u00fcr den menschlichen K\u00f6rper, sicher zu verwenden und leicht zu malen. F\u00fcr das beste Ergebnis verwenden Sie bitte eine UV-Lampe, um das Farbgel zu trocknen.<br \/>\n?? \u3010Hohe Qualit\u00e4t\u3011 Gutes Gel, es besteht aus Naturharz, ist weich und einfach aufzutragen. L\u00f6sungsmittelfreie, \u00f6kologische Produkte mit gesunden, geruchsarmen Inhaltsstoffen. Bei sachgem\u00e4\u00dfer Anwendung mindestens 2-3 Wochen haltbar. Perfekt f\u00fcr DIY Nagellack Kit f\u00fcr French Manicure.<br \/>\n?? \u3010Vorschlag zur Verwendung mit Nagelb\u00fcrste\u3011 Eine professionelle Nagelb\u00fcrste, ein ergonomischer Stifthalter und eine weiche Haarb\u00fcrste &#8211; alles kann Ihnen die sch\u00f6ne Erfahrung des Nagellackierens bringen. Voll waschbar. Nach dem Auftragen des Gels mit einem Pinsel k\u00f6nnen die Haare leicht mit Aceton oder Alkohol gereinigt werden.<\/p>\n","protected":false},"featured_media":33979,"comment_status":"open","ping_status":"closed","template":"","meta":[],"product_brand":[],"product_cat":[2858,7659],"product_tag":[],"class_list":{"0":"post-33975","1":"product","2":"type-product","3":"status-publish","4":"has-post-thumbnail","6":"product_cat-beauty","7":"product_cat-manikuere-pedikuere","8":"pa_brand-anself-1","9":"pa_farbe-24-farben","10":"pa_farbe-30-farben","11":"pa_farbe-36-farben","12":"pa_manufacturer-anself-1","14":"first","15":"instock","16":"shipping-taxable","17":"purchasable","18":"product-type-variable","19":"customify-col","20":"product-has-gallery"},"yoast_head":"<!-- This site is optimized with the Yoast SEO plugin v27.4 - https:\/\/yoast.com\/product\/yoast-seo-wordpress\/ -->\n<title>24 Farben UV Gel mit 1 Pinsel, Malgel, UV Gel Set gelfarben f\u00fcr n\u00e4gel, Nail Art Farbgel Set, gel n\u00e4gel farben, Nail Gel\u2026 - Markt-XXL<\/title>\n<meta name=\"description\" content=\"Markt-XXL 24 Farben UV Gel mit 1 Pinsel, Malgel, UV Gel Set gelfarben f\u00fcr n\u00e4gel, Nail Art Farbgel Set, gel n\u00e4gel farben, Nail Gel\u2026\" \/>\n<meta name=\"robots\" content=\"index, follow, max-snippet:-1, max-image-preview:large, max-video-preview:-1\" \/>\n<link rel=\"canonical\" href=\"https:\/\/marktxxl.de\/markt\/produkt\/uv-farbgel-uv-naegel-set-gelfarben-fuer-naegel-nail-art-farbgel-set-gel-naegel-farben\/\" \/>\n<meta property=\"og:locale\" content=\"de_DE\" \/>\n<meta property=\"og:type\" content=\"article\" \/>\n<meta property=\"og:title\" content=\"24 Farben UV Gel mit 1 Pinsel, Malgel, UV Gel Set gelfarben f\u00fcr n\u00e4gel, Nail Art Farbgel Set, gel n\u00e4gel farben, Nail Gel\u2026 - Markt-XXL\" \/>\n<meta property=\"og:description\" content=\"Markt-XXL 24 Farben UV Gel mit 1 Pinsel, Malgel, UV Gel Set gelfarben f\u00fcr n\u00e4gel, Nail Art Farbgel Set, gel n\u00e4gel farben, Nail Gel\u2026\" \/>\n<meta property=\"og:url\" content=\"https:\/\/marktxxl.de\/markt\/produkt\/uv-farbgel-uv-naegel-set-gelfarben-fuer-naegel-nail-art-farbgel-set-gel-naegel-farben\/\" \/>\n<meta property=\"og:site_name\" content=\"Markt-XXL\" \/>\n<meta property=\"article:modified_time\" content=\"2023-04-10T23:47:22+00:00\" \/>\n<meta property=\"og:image\" content=\"https:\/\/m.media-amazon.com\/images\/I\/414eT1-yChL._SL500_.jpg\" \/>\n\t<meta property=\"og:image:width\" content=\"500\" \/>\n\t<meta property=\"og:image:height\" content=\"500\" \/>\n\t<meta property=\"og:image:type\" content=\"image\/jpeg\" \/>\n<meta name=\"twitter:card\" content=\"summary_large_image\" \/>\n<meta name=\"twitter:label1\" content=\"Gesch\u00e4tzte Lesezeit\" \/>\n\t<meta name=\"twitter:data1\" content=\"1\u00a0Minute\" \/>\n<script type=\"application\/ld+json\" class=\"yoast-schema-graph\">{\"@context\":\"https:\\\/\\\/schema.org\",\"@graph\":[{\"@type\":\"WebPage\",\"@id\":\"https:\\\/\\\/marktxxl.de\\\/markt\\\/produkt\\\/uv-farbgel-uv-naegel-set-gelfarben-fuer-naegel-nail-art-farbgel-set-gel-naegel-farben\\\/\",\"url\":\"https:\\\/\\\/marktxxl.de\\\/markt\\\/produkt\\\/uv-farbgel-uv-naegel-set-gelfarben-fuer-naegel-nail-art-farbgel-set-gel-naegel-farben\\\/\",\"name\":\"24 Farben UV Gel mit 1 Pinsel, Malgel, UV Gel Set gelfarben f\u00fcr n\u00e4gel, Nail Art Farbgel Set, gel n\u00e4gel farben, Nail Gel\u2026 - Markt-XXL\",\"isPartOf\":{\"@id\":\"https:\\\/\\\/marktxxl.de\\\/markt\\\/#website\"},\"primaryImageOfPage\":{\"@id\":\"https:\\\/\\\/marktxxl.de\\\/markt\\\/produkt\\\/uv-farbgel-uv-naegel-set-gelfarben-fuer-naegel-nail-art-farbgel-set-gel-naegel-farben\\\/#primaryimage\"},\"image\":{\"@id\":\"https:\\\/\\\/marktxxl.de\\\/markt\\\/produkt\\\/uv-farbgel-uv-naegel-set-gelfarben-fuer-naegel-nail-art-farbgel-set-gel-naegel-farben\\\/#primaryimage\"},\"thumbnailUrl\":\"https:\\\/\\\/m.media-amazon.com\\\/images\\\/I\\\/414eT1-yChL._SL500_.jpg\",\"datePublished\":\"2021-09-13T18:21:02+00:00\",\"dateModified\":\"2023-04-10T23:47:22+00:00\",\"description\":\"Markt-XXL 24 Farben UV Gel mit 1 Pinsel, Malgel, UV Gel Set gelfarben f\u00fcr n\u00e4gel, Nail Art Farbgel Set, gel n\u00e4gel farben, Nail Gel\u2026\",\"breadcrumb\":{\"@id\":\"https:\\\/\\\/marktxxl.de\\\/markt\\\/produkt\\\/uv-farbgel-uv-naegel-set-gelfarben-fuer-naegel-nail-art-farbgel-set-gel-naegel-farben\\\/#breadcrumb\"},\"inLanguage\":\"de\",\"potentialAction\":[{\"@type\":\"ReadAction\",\"target\":[\"https:\\\/\\\/marktxxl.de\\\/markt\\\/produkt\\\/uv-farbgel-uv-naegel-set-gelfarben-fuer-naegel-nail-art-farbgel-set-gel-naegel-farben\\\/\"]}]},{\"@type\":\"ImageObject\",\"inLanguage\":\"de\",\"@id\":\"https:\\\/\\\/marktxxl.de\\\/markt\\\/produkt\\\/uv-farbgel-uv-naegel-set-gelfarben-fuer-naegel-nail-art-farbgel-set-gel-naegel-farben\\\/#primaryimage\",\"url\":\"https:\\\/\\\/m.media-amazon.com\\\/images\\\/I\\\/414eT1-yChL._SL500_.jpg\",\"contentUrl\":\"https:\\\/\\\/m.media-amazon.com\\\/images\\\/I\\\/414eT1-yChL._SL500_.jpg\",\"width\":500,\"height\":500},{\"@type\":\"BreadcrumbList\",\"@id\":\"https:\\\/\\\/marktxxl.de\\\/markt\\\/produkt\\\/uv-farbgel-uv-naegel-set-gelfarben-fuer-naegel-nail-art-farbgel-set-gel-naegel-farben\\\/#breadcrumb\",\"itemListElement\":[{\"@type\":\"ListItem\",\"position\":1,\"name\":\"Startseite\",\"item\":\"https:\\\/\\\/marktxxl.de\\\/markt\\\/\"},{\"@type\":\"ListItem\",\"position\":2,\"name\":\"Markt\",\"item\":\"https:\\\/\\\/marktxxl.de\\\/markt\\\/\"},{\"@type\":\"ListItem\",\"position\":3,\"name\":\"24 Farben UV Gel mit 1 Pinsel, Malgel, UV Gel Set gelfarben f\u00fcr n\u00e4gel, Nail Art Farbgel Set, gel n\u00e4gel farben, Nail Gel\u2026\"}]},{\"@type\":\"WebSite\",\"@id\":\"https:\\\/\\\/marktxxl.de\\\/markt\\\/#website\",\"url\":\"https:\\\/\\\/marktxxl.de\\\/markt\\\/\",\"name\":\"Markt-XXL\",\"description\":\"Ihr Markt Online\",\"publisher\":{\"@id\":\"https:\\\/\\\/marktxxl.de\\\/markt\\\/#organization\"},\"potentialAction\":[{\"@type\":\"SearchAction\",\"target\":{\"@type\":\"EntryPoint\",\"urlTemplate\":\"https:\\\/\\\/marktxxl.de\\\/markt\\\/?s={search_term_string}\"},\"query-input\":{\"@type\":\"PropertyValueSpecification\",\"valueRequired\":true,\"valueName\":\"search_term_string\"}}],\"inLanguage\":\"de\"},{\"@type\":\"Organization\",\"@id\":\"https:\\\/\\\/marktxxl.de\\\/markt\\\/#organization\",\"name\":\"Markt-XXL\",\"url\":\"https:\\\/\\\/marktxxl.de\\\/markt\\\/\",\"logo\":{\"@type\":\"ImageObject\",\"inLanguage\":\"de\",\"@id\":\"https:\\\/\\\/marktxxl.de\\\/markt\\\/#\\\/schema\\\/logo\\\/image\\\/\",\"url\":\"https:\\\/\\\/marktxxl.de\\\/markt\\\/wp-content\\\/uploads\\\/sites\\\/3\\\/2020\\\/12\\\/logo.png\",\"contentUrl\":\"https:\\\/\\\/marktxxl.de\\\/markt\\\/wp-content\\\/uploads\\\/sites\\\/3\\\/2020\\\/12\\\/logo.png\",\"width\":200,\"height\":70,\"caption\":\"Markt-XXL\"},\"image\":{\"@id\":\"https:\\\/\\\/marktxxl.de\\\/markt\\\/#\\\/schema\\\/logo\\\/image\\\/\"}}]}<\/script>\n<!-- \/ Yoast SEO plugin. -->","yoast_head_json":{"title":"24 Farben UV Gel mit 1 Pinsel, Malgel, UV Gel Set gelfarben f\u00fcr n\u00e4gel, Nail Art Farbgel Set, gel n\u00e4gel farben, Nail Gel\u2026 - Markt-XXL","description":"Markt-XXL 24 Farben UV Gel mit 1 Pinsel, Malgel, UV Gel Set gelfarben f\u00fcr n\u00e4gel, Nail Art Farbgel Set, gel n\u00e4gel farben, Nail Gel\u2026","robots":{"index":"index","follow":"follow","max-snippet":"max-snippet:-1","max-image-preview":"max-image-preview:large","max-video-preview":"max-video-preview:-1"},"canonical":"https:\/\/marktxxl.de\/markt\/produkt\/uv-farbgel-uv-naegel-set-gelfarben-fuer-naegel-nail-art-farbgel-set-gel-naegel-farben\/","og_locale":"de_DE","og_type":"article","og_title":"24 Farben UV Gel mit 1 Pinsel, Malgel, UV Gel Set gelfarben f\u00fcr n\u00e4gel, Nail Art Farbgel Set, gel n\u00e4gel farben, Nail Gel\u2026 - Markt-XXL","og_description":"Markt-XXL 24 Farben UV Gel mit 1 Pinsel, Malgel, UV Gel Set gelfarben f\u00fcr n\u00e4gel, Nail Art Farbgel Set, gel n\u00e4gel farben, Nail Gel\u2026","og_url":"https:\/\/marktxxl.de\/markt\/produkt\/uv-farbgel-uv-naegel-set-gelfarben-fuer-naegel-nail-art-farbgel-set-gel-naegel-farben\/","og_site_name":"Markt-XXL","article_modified_time":"2023-04-10T23:47:22+00:00","og_image":[{"width":500,"height":500,"url":"https:\/\/m.media-amazon.com\/images\/I\/414eT1-yChL._SL500_.jpg","type":"image\/jpeg"}],"twitter_card":"summary_large_image","twitter_misc":{"Gesch\u00e4tzte Lesezeit":"1\u00a0Minute"},"schema":{"@context":"https:\/\/schema.org","@graph":[{"@type":"WebPage","@id":"https:\/\/marktxxl.de\/markt\/produkt\/uv-farbgel-uv-naegel-set-gelfarben-fuer-naegel-nail-art-farbgel-set-gel-naegel-farben\/","url":"https:\/\/marktxxl.de\/markt\/produkt\/uv-farbgel-uv-naegel-set-gelfarben-fuer-naegel-nail-art-farbgel-set-gel-naegel-farben\/","name":"24 Farben UV Gel mit 1 Pinsel, Malgel, UV Gel Set gelfarben f\u00fcr n\u00e4gel, Nail Art Farbgel Set, gel n\u00e4gel farben, Nail Gel\u2026 - Markt-XXL","isPartOf":{"@id":"https:\/\/marktxxl.de\/markt\/#website"},"primaryImageOfPage":{"@id":"https:\/\/marktxxl.de\/markt\/produkt\/uv-farbgel-uv-naegel-set-gelfarben-fuer-naegel-nail-art-farbgel-set-gel-naegel-farben\/#primaryimage"},"image":{"@id":"https:\/\/marktxxl.de\/markt\/produkt\/uv-farbgel-uv-naegel-set-gelfarben-fuer-naegel-nail-art-farbgel-set-gel-naegel-farben\/#primaryimage"},"thumbnailUrl":"https:\/\/m.media-amazon.com\/images\/I\/414eT1-yChL._SL500_.jpg","datePublished":"2021-09-13T18:21:02+00:00","dateModified":"2023-04-10T23:47:22+00:00","description":"Markt-XXL 24 Farben UV Gel mit 1 Pinsel, Malgel, UV Gel Set gelfarben f\u00fcr n\u00e4gel, Nail Art Farbgel Set, gel n\u00e4gel farben, Nail Gel\u2026","breadcrumb":{"@id":"https:\/\/marktxxl.de\/markt\/produkt\/uv-farbgel-uv-naegel-set-gelfarben-fuer-naegel-nail-art-farbgel-set-gel-naegel-farben\/#breadcrumb"},"inLanguage":"de","potentialAction":[{"@type":"ReadAction","target":["https:\/\/marktxxl.de\/markt\/produkt\/uv-farbgel-uv-naegel-set-gelfarben-fuer-naegel-nail-art-farbgel-set-gel-naegel-farben\/"]}]},{"@type":"ImageObject","inLanguage":"de","@id":"https:\/\/marktxxl.de\/markt\/produkt\/uv-farbgel-uv-naegel-set-gelfarben-fuer-naegel-nail-art-farbgel-set-gel-naegel-farben\/#primaryimage","url":"https:\/\/m.media-amazon.com\/images\/I\/414eT1-yChL._SL500_.jpg","contentUrl":"https:\/\/m.media-amazon.com\/images\/I\/414eT1-yChL._SL500_.jpg","width":500,"height":500},{"@type":"BreadcrumbList","@id":"https:\/\/marktxxl.de\/markt\/produkt\/uv-farbgel-uv-naegel-set-gelfarben-fuer-naegel-nail-art-farbgel-set-gel-naegel-farben\/#breadcrumb","itemListElement":[{"@type":"ListItem","position":1,"name":"Startseite","item":"https:\/\/marktxxl.de\/markt\/"},{"@type":"ListItem","position":2,"name":"Markt","item":"https:\/\/marktxxl.de\/markt\/"},{"@type":"ListItem","position":3,"name":"24 Farben UV Gel mit 1 Pinsel, Malgel, UV Gel Set gelfarben f\u00fcr n\u00e4gel, Nail Art Farbgel Set, gel n\u00e4gel farben, Nail Gel\u2026"}]},{"@type":"WebSite","@id":"https:\/\/marktxxl.de\/markt\/#website","url":"https:\/\/marktxxl.de\/markt\/","name":"Markt-XXL","description":"Ihr Markt Online","publisher":{"@id":"https:\/\/marktxxl.de\/markt\/#organization"},"potentialAction":[{"@type":"SearchAction","target":{"@type":"EntryPoint","urlTemplate":"https:\/\/marktxxl.de\/markt\/?s={search_term_string}"},"query-input":{"@type":"PropertyValueSpecification","valueRequired":true,"valueName":"search_term_string"}}],"inLanguage":"de"},{"@type":"Organization","@id":"https:\/\/marktxxl.de\/markt\/#organization","name":"Markt-XXL","url":"https:\/\/marktxxl.de\/markt\/","logo":{"@type":"ImageObject","inLanguage":"de","@id":"https:\/\/marktxxl.de\/markt\/#\/schema\/logo\/image\/","url":"https:\/\/marktxxl.de\/markt\/wp-content\/uploads\/sites\/3\/2020\/12\/logo.png","contentUrl":"https:\/\/marktxxl.de\/markt\/wp-content\/uploads\/sites\/3\/2020\/12\/logo.png","width":200,"height":70,"caption":"Markt-XXL"},"image":{"@id":"https:\/\/marktxxl.de\/markt\/#\/schema\/logo\/image\/"}}]}},"_links":{"self":[{"href":"https:\/\/marktxxl.de\/markt\/wp-json\/wp\/v2\/product\/33975","targetHints":{"allow":["GET"]}}],"collection":[{"href":"https:\/\/marktxxl.de\/markt\/wp-json\/wp\/v2\/product"}],"about":[{"href":"https:\/\/marktxxl.de\/markt\/wp-json\/wp\/v2\/types\/product"}],"replies":[{"embeddable":true,"href":"https:\/\/marktxxl.de\/markt\/wp-json\/wp\/v2\/comments?post=33975"}],"wp:featuredmedia":[{"embeddable":true,"href":"https:\/\/marktxxl.de\/markt\/wp-json\/wp\/v2\/media\/33979"}],"wp:attachment":[{"href":"https:\/\/marktxxl.de\/markt\/wp-json\/wp\/v2\/media?parent=33975"}],"wp:term":[{"taxonomy":"product_brand","embeddable":true,"href":"https:\/\/marktxxl.de\/markt\/wp-json\/wp\/v2\/product_brand?post=33975"},{"taxonomy":"product_cat","embeddable":true,"href":"https:\/\/marktxxl.de\/markt\/wp-json\/wp\/v2\/product_cat?post=33975"},{"taxonomy":"product_tag","embeddable":true,"href":"https:\/\/marktxxl.de\/markt\/wp-json\/wp\/v2\/product_tag?post=33975"}],"curies":[{"name":"wp","href":"https:\/\/api.w.org\/{rel}","templated":true}]}}