{"id":33870,"date":"2021-09-13T20:18:07","date_gmt":"2021-09-13T18:18:07","guid":{"rendered":"https:\/\/marktxxl.de\/markt\/produkt\/pedikuere-set-manikuere-set-elektrisch-pedikuereset-elektrisch-nagelfraeser-mit-akku-elektrische-nagelfeile-mit-11-nagelfraeser-aufsaetzehelles-led-licht4-geschwindigkeitsstufenmit-aufbewahrungst\/"},"modified":"2023-04-11T01:47:20","modified_gmt":"2023-04-10T23:47:20","slug":"pedikuere-set-manikuere-set-elektrisch-pedikuereset-elektrisch-nagelfraeser-mit-akku-elektrische-nagelfeile-mit-11-nagelfraeser-aufsaetzehelles-led-licht4-geschwindigkeitsstufenmit-aufbewahrungst","status":"publish","type":"product","link":"https:\/\/marktxxl.de\/markt\/produkt\/pedikuere-set-manikuere-set-elektrisch-pedikuereset-elektrisch-nagelfraeser-mit-akku-elektrische-nagelfeile-mit-11-nagelfraeser-aufsaetzehelles-led-licht4-geschwindigkeitsstufenmit-aufbewahrungst\/","title":{"rendered":"Pedik\u00fcre Set\/Manik\u00fcre Set Elektrisch, Pedik\u00fcreset Elektrisch\/Nagelfr\u00e4ser mit Akku, Elektrische Nagelfeile mit 11\u2026"},"content":{"rendered":"<p>\u2764\ufe0f \u3010Multifunktional\u3011Dieses pedik\u00fcre set enth\u00e4lt 11 hochwertige Edelstahl-Bits, die aus haltbarem Saphir und Filz und 20 Schleifb\u00e4ndern hergestellt sind, die zum einfachen Schleifen, Feilen, Formen, Schneiden, Polieren von N\u00e4geln, Gl\u00e4tten von H\u00fchneraugen, Schwielen, Schleifen von dicken N\u00e4geln und Entfernen von Acryln\u00e4geln, Gellack, Nagelhaut und Behandlung von H\u00e4nden und F\u00fc\u00dfen verwendet werden. Perfektes pedik\u00fcreset elektrisch f\u00fcr die t\u00e4gliche Hand- und Fu\u00dfpflege zu Hause und auf Reisen<br \/>\n\u2764\ufe0f \u30104 Geschwindigkeitsstufen\u3011Die neueste Version des manik\u00fcre set elektrisch wurde mit vier einstellbaren Geschwindigkeiten entworfen (5000RPM\/10000RPM\/15000RPM\/20000RPM) und unterst\u00fctzt die Vorw\u00e4rts-\/R\u00fcckw\u00e4rtsrichtung und die bequeme Handhabung einer Drehung im Uhrzeigersinn und gegen den Uhrzeigersinn , diese pedik\u00fcre set hornhautentferner elektrisch erleichtert Ihnen Ihre N\u00e4gel zu polieren.und Filz zur Nagel- und Hautpflege an Fingern und \u200bZehen f\u00fcr Ergebnisse wie im Nagelstudio<br \/>\n\u2764\ufe0f \u3010Multifunktional\u3011Dieses pedik\u00fcre set enth\u00e4lt 11 hochwertige Edelstahl-Bits, die aus haltbarem Saphir und Filz und 20 Schleifb\u00e4ndern hergestellt sind, die zum einfachen Schleifen, Feilen, Formen, Schneiden, Polieren von N\u00e4geln, Gl\u00e4tten von H\u00fchneraugen, Schwielen, Schleifen von dicken N\u00e4geln und Entfernen von Acryln\u00e4geln, Gellack, Nagelhaut und Behandlung von H\u00e4nden und F\u00fc\u00dfen verwendet werden. Perfektes manik\u00fcre set elektrisch f\u00fcr die t\u00e4gliche Hand- und Fu\u00dfpflege zu Hause und auf Reisen<br \/>\n\u2764\ufe0f \u3010Kompaktes Design und tragbar\u3011Der pedik\u00fcre set nagelfr\u00e4ser ist von kompakter Gr\u00f6\u00dfe (19,8&#215;3,8&#215;3,8cm) und das neue stromlinienf\u00f6rmige rutschfeste Design sind super einfach zu halten. Mit dem USB-betriebenen Design k\u00f6nnen Sie diesen elektrische nagelfeile entweder \u00fcber einen USB-Anschluss (Laptop, PC, Powerbank,undAdapter usw.)mit Strom versorgen. Einfach in die Tasche zu stecken und unterwegs mitzunehmen.(HINWEIS:Dieses Produkt muss kein USB-Kabel anschlie\u00dfen, um es zu verwenden)<br \/>\n\u2764\ufe0f \u3010Der Lieferumfang &amp; 100% Kundenzufriedenheit\u3011Der Lieferumfang umfasst die elektrische Nagelfeile, 11 hochwertige nagelfr\u00e4ser aufs\u00e4tze, 20 Schleifb\u00e4nder, eine Schutzkappe f\u00fcr Nagelstaub, eine Aufbewahrungstasche zur einfachen Aufbewahrung des Nagelsets, ein Micro-USB-Kabel und eine Bedienungsanleitung. Wenn Sie irgendwelche Fragen zu unseren Produkten haben, z\u00f6gern Sie nicht, uns per Nachricht zu kontaktieren, wir helfen Ihnen gerne, das Problem so schnell wie m\u00f6glich zu l\u00f6sen<br \/>\n<div class=\"main-cross-sell\" data-asin=\"B095R6RL7R\">\n\n\t<div class=\"WooZone-cross-sell-loader\">\n\t\t<div>\n\t\t\t<div id=\"floatingBarsG\">\n\t\t\t\t<div class=\"blockG\" id=\"rotateG_01\"><\/div>\n\t\t\t\t<div class=\"blockG\" id=\"rotateG_02\"><\/div>\n\t\t\t\t<div class=\"blockG\" id=\"rotateG_03\"><\/div>\n\t\t\t\t<div class=\"blockG\" id=\"rotateG_04\"><\/div>\n\t\t\t\t<div class=\"blockG\" id=\"rotateG_05\"><\/div>\n\t\t\t\t<div class=\"blockG\" id=\"rotateG_06\"><\/div>\n\t\t\t\t<div class=\"blockG\" id=\"rotateG_07\"><\/div>\n\t\t\t\t<div class=\"blockG\" id=\"rotateG_08\"><\/div>\n\t\t\t<\/div>\n\t\t\t<div class=\"WooZone-cross-sell-loader-text\"><\/div>\n\t\t<\/div>\n\t<\/div>\n\n\t\t\n<\/div>\n<div style=\"clear:both;\"><\/div><\/p>\n","protected":false},"excerpt":{"rendered":"<p>\u2764\ufe0f \u3010Multifunktional\u3011Dieses pedik\u00fcre set enth\u00e4lt 11 hochwertige Edelstahl-Bits, die aus haltbarem Saphir und Filz und 20 Schleifb\u00e4ndern hergestellt sind, die zum einfachen Schleifen, Feilen, Formen, Schneiden, Polieren von N\u00e4geln, Gl\u00e4tten von H\u00fchneraugen, Schwielen, Schleifen von dicken N\u00e4geln und Entfernen von Acryln\u00e4geln, Gellack, Nagelhaut und Behandlung von H\u00e4nden und F\u00fc\u00dfen verwendet werden. Perfektes pedik\u00fcreset elektrisch f\u00fcr die t\u00e4gliche Hand- und Fu\u00dfpflege zu Hause und auf Reisen<br \/>\n\u2764\ufe0f \u30104 Geschwindigkeitsstufen\u3011Die neueste Version des manik\u00fcre set elektrisch wurde mit vier einstellbaren Geschwindigkeiten entworfen (5000RPM\/10000RPM\/15000RPM\/20000RPM) und unterst\u00fctzt die Vorw\u00e4rts-\/R\u00fcckw\u00e4rtsrichtung und die bequeme Handhabung einer Drehung im Uhrzeigersinn und gegen den Uhrzeigersinn , diese pedik\u00fcre set hornhautentferner elektrisch erleichtert Ihnen Ihre N\u00e4gel zu polieren.und Filz zur Nagel- und Hautpflege an Fingern und \u200bZehen f\u00fcr Ergebnisse wie im Nagelstudio<br \/>\n\u2764\ufe0f \u3010Multifunktional\u3011Dieses pedik\u00fcre set enth\u00e4lt 11 hochwertige Edelstahl-Bits, die aus haltbarem Saphir und Filz und 20 Schleifb\u00e4ndern hergestellt sind, die zum einfachen Schleifen, Feilen, Formen, Schneiden, Polieren von N\u00e4geln, Gl\u00e4tten von H\u00fchneraugen, Schwielen, Schleifen von dicken N\u00e4geln und Entfernen von Acryln\u00e4geln, Gellack, Nagelhaut und Behandlung von H\u00e4nden und F\u00fc\u00dfen verwendet werden. Perfektes manik\u00fcre set elektrisch f\u00fcr die t\u00e4gliche Hand- und Fu\u00dfpflege zu Hause und auf Reisen<\/p>\n","protected":false},"featured_media":33871,"comment_status":"open","ping_status":"closed","template":"","meta":[],"product_brand":[],"product_cat":[2858,7659],"product_tag":[],"class_list":{"0":"post-33870","1":"product","2":"type-product","3":"status-publish","4":"has-post-thumbnail","6":"product_cat-beauty","7":"product_cat-manikuere-pedikuere","8":"pa_binding-misc","9":"pa_brand-soulcker","10":"pa_manufacturer-soulcker","11":"pa_size-1-stueck-1er-pack","13":"first","14":"instock","15":"shipping-taxable","16":"purchasable","17":"product-type-simple","18":"customify-col","19":"product-has-gallery"},"yoast_head":"<!-- This site is optimized with the Yoast SEO plugin v27.4 - https:\/\/yoast.com\/product\/yoast-seo-wordpress\/ -->\n<title>Pedik\u00fcre Set\/Manik\u00fcre Set Elektrisch, Pedik\u00fcreset Elektrisch\/Nagelfr\u00e4ser mit Akku, Elektrische Nagelfeile mit 11\u2026 - Markt-XXL<\/title>\n<meta name=\"description\" content=\"Markt-XXL Pedik\u00fcre Set\/Manik\u00fcre Set Elektrisch, Pedik\u00fcreset Elektrisch\/Nagelfr\u00e4ser mit Akku, Elektrische Nagelfeile mit 11\u2026\" \/>\n<meta name=\"robots\" content=\"index, follow, max-snippet:-1, max-image-preview:large, max-video-preview:-1\" \/>\n<link rel=\"canonical\" href=\"https:\/\/marktxxl.de\/markt\/produkt\/pedikuere-set-manikuere-set-elektrisch-pedikuereset-elektrisch-nagelfraeser-mit-akku-elektrische-nagelfeile-mit-11-nagelfraeser-aufsaetzehelles-led-licht4-geschwindigkeitsstufenmit-aufbewahrungst\/\" \/>\n<meta property=\"og:locale\" content=\"de_DE\" \/>\n<meta property=\"og:type\" content=\"article\" \/>\n<meta property=\"og:title\" content=\"Pedik\u00fcre Set\/Manik\u00fcre Set Elektrisch, Pedik\u00fcreset Elektrisch\/Nagelfr\u00e4ser mit Akku, Elektrische Nagelfeile mit 11\u2026 - Markt-XXL\" \/>\n<meta property=\"og:description\" content=\"Markt-XXL Pedik\u00fcre Set\/Manik\u00fcre Set Elektrisch, Pedik\u00fcreset Elektrisch\/Nagelfr\u00e4ser mit Akku, Elektrische Nagelfeile mit 11\u2026\" \/>\n<meta property=\"og:url\" content=\"https:\/\/marktxxl.de\/markt\/produkt\/pedikuere-set-manikuere-set-elektrisch-pedikuereset-elektrisch-nagelfraeser-mit-akku-elektrische-nagelfeile-mit-11-nagelfraeser-aufsaetzehelles-led-licht4-geschwindigkeitsstufenmit-aufbewahrungst\/\" \/>\n<meta property=\"og:site_name\" content=\"Markt-XXL\" \/>\n<meta property=\"article:modified_time\" content=\"2023-04-10T23:47:20+00:00\" \/>\n<meta property=\"og:image\" content=\"https:\/\/m.media-amazon.com\/images\/I\/41rpFNhjEWL._SL500_.jpg\" \/>\n\t<meta property=\"og:image:width\" content=\"500\" \/>\n\t<meta property=\"og:image:height\" content=\"500\" \/>\n\t<meta property=\"og:image:type\" content=\"image\/jpeg\" \/>\n<meta name=\"twitter:card\" content=\"summary_large_image\" \/>\n<meta name=\"twitter:label1\" content=\"Gesch\u00e4tzte Lesezeit\" \/>\n\t<meta name=\"twitter:data1\" content=\"2\u00a0Minuten\" \/>\n<script type=\"application\/ld+json\" class=\"yoast-schema-graph\">{\"@context\":\"https:\\\/\\\/schema.org\",\"@graph\":[{\"@type\":\"WebPage\",\"@id\":\"https:\\\/\\\/marktxxl.de\\\/markt\\\/produkt\\\/pedikuere-set-manikuere-set-elektrisch-pedikuereset-elektrisch-nagelfraeser-mit-akku-elektrische-nagelfeile-mit-11-nagelfraeser-aufsaetzehelles-led-licht4-geschwindigkeitsstufenmit-aufbewahrungst\\\/\",\"url\":\"https:\\\/\\\/marktxxl.de\\\/markt\\\/produkt\\\/pedikuere-set-manikuere-set-elektrisch-pedikuereset-elektrisch-nagelfraeser-mit-akku-elektrische-nagelfeile-mit-11-nagelfraeser-aufsaetzehelles-led-licht4-geschwindigkeitsstufenmit-aufbewahrungst\\\/\",\"name\":\"Pedik\u00fcre Set\\\/Manik\u00fcre Set Elektrisch, Pedik\u00fcreset Elektrisch\\\/Nagelfr\u00e4ser mit Akku, Elektrische Nagelfeile mit 11\u2026 - Markt-XXL\",\"isPartOf\":{\"@id\":\"https:\\\/\\\/marktxxl.de\\\/markt\\\/#website\"},\"primaryImageOfPage\":{\"@id\":\"https:\\\/\\\/marktxxl.de\\\/markt\\\/produkt\\\/pedikuere-set-manikuere-set-elektrisch-pedikuereset-elektrisch-nagelfraeser-mit-akku-elektrische-nagelfeile-mit-11-nagelfraeser-aufsaetzehelles-led-licht4-geschwindigkeitsstufenmit-aufbewahrungst\\\/#primaryimage\"},\"image\":{\"@id\":\"https:\\\/\\\/marktxxl.de\\\/markt\\\/produkt\\\/pedikuere-set-manikuere-set-elektrisch-pedikuereset-elektrisch-nagelfraeser-mit-akku-elektrische-nagelfeile-mit-11-nagelfraeser-aufsaetzehelles-led-licht4-geschwindigkeitsstufenmit-aufbewahrungst\\\/#primaryimage\"},\"thumbnailUrl\":\"https:\\\/\\\/m.media-amazon.com\\\/images\\\/I\\\/41rpFNhjEWL._SL500_.jpg\",\"datePublished\":\"2021-09-13T18:18:07+00:00\",\"dateModified\":\"2023-04-10T23:47:20+00:00\",\"description\":\"Markt-XXL Pedik\u00fcre Set\\\/Manik\u00fcre Set Elektrisch, Pedik\u00fcreset Elektrisch\\\/Nagelfr\u00e4ser mit Akku, Elektrische Nagelfeile mit 11\u2026\",\"breadcrumb\":{\"@id\":\"https:\\\/\\\/marktxxl.de\\\/markt\\\/produkt\\\/pedikuere-set-manikuere-set-elektrisch-pedikuereset-elektrisch-nagelfraeser-mit-akku-elektrische-nagelfeile-mit-11-nagelfraeser-aufsaetzehelles-led-licht4-geschwindigkeitsstufenmit-aufbewahrungst\\\/#breadcrumb\"},\"inLanguage\":\"de\",\"potentialAction\":[{\"@type\":\"ReadAction\",\"target\":[\"https:\\\/\\\/marktxxl.de\\\/markt\\\/produkt\\\/pedikuere-set-manikuere-set-elektrisch-pedikuereset-elektrisch-nagelfraeser-mit-akku-elektrische-nagelfeile-mit-11-nagelfraeser-aufsaetzehelles-led-licht4-geschwindigkeitsstufenmit-aufbewahrungst\\\/\"]}]},{\"@type\":\"ImageObject\",\"inLanguage\":\"de\",\"@id\":\"https:\\\/\\\/marktxxl.de\\\/markt\\\/produkt\\\/pedikuere-set-manikuere-set-elektrisch-pedikuereset-elektrisch-nagelfraeser-mit-akku-elektrische-nagelfeile-mit-11-nagelfraeser-aufsaetzehelles-led-licht4-geschwindigkeitsstufenmit-aufbewahrungst\\\/#primaryimage\",\"url\":\"https:\\\/\\\/m.media-amazon.com\\\/images\\\/I\\\/41rpFNhjEWL._SL500_.jpg\",\"contentUrl\":\"https:\\\/\\\/m.media-amazon.com\\\/images\\\/I\\\/41rpFNhjEWL._SL500_.jpg\",\"width\":500,\"height\":500},{\"@type\":\"BreadcrumbList\",\"@id\":\"https:\\\/\\\/marktxxl.de\\\/markt\\\/produkt\\\/pedikuere-set-manikuere-set-elektrisch-pedikuereset-elektrisch-nagelfraeser-mit-akku-elektrische-nagelfeile-mit-11-nagelfraeser-aufsaetzehelles-led-licht4-geschwindigkeitsstufenmit-aufbewahrungst\\\/#breadcrumb\",\"itemListElement\":[{\"@type\":\"ListItem\",\"position\":1,\"name\":\"Startseite\",\"item\":\"https:\\\/\\\/marktxxl.de\\\/markt\\\/\"},{\"@type\":\"ListItem\",\"position\":2,\"name\":\"Markt\",\"item\":\"https:\\\/\\\/marktxxl.de\\\/markt\\\/\"},{\"@type\":\"ListItem\",\"position\":3,\"name\":\"Pedik\u00fcre Set\\\/Manik\u00fcre Set Elektrisch, Pedik\u00fcreset Elektrisch\\\/Nagelfr\u00e4ser mit Akku, Elektrische Nagelfeile mit 11\u2026\"}]},{\"@type\":\"WebSite\",\"@id\":\"https:\\\/\\\/marktxxl.de\\\/markt\\\/#website\",\"url\":\"https:\\\/\\\/marktxxl.de\\\/markt\\\/\",\"name\":\"Markt-XXL\",\"description\":\"Ihr Markt Online\",\"publisher\":{\"@id\":\"https:\\\/\\\/marktxxl.de\\\/markt\\\/#organization\"},\"potentialAction\":[{\"@type\":\"SearchAction\",\"target\":{\"@type\":\"EntryPoint\",\"urlTemplate\":\"https:\\\/\\\/marktxxl.de\\\/markt\\\/?s={search_term_string}\"},\"query-input\":{\"@type\":\"PropertyValueSpecification\",\"valueRequired\":true,\"valueName\":\"search_term_string\"}}],\"inLanguage\":\"de\"},{\"@type\":\"Organization\",\"@id\":\"https:\\\/\\\/marktxxl.de\\\/markt\\\/#organization\",\"name\":\"Markt-XXL\",\"url\":\"https:\\\/\\\/marktxxl.de\\\/markt\\\/\",\"logo\":{\"@type\":\"ImageObject\",\"inLanguage\":\"de\",\"@id\":\"https:\\\/\\\/marktxxl.de\\\/markt\\\/#\\\/schema\\\/logo\\\/image\\\/\",\"url\":\"https:\\\/\\\/marktxxl.de\\\/markt\\\/wp-content\\\/uploads\\\/sites\\\/3\\\/2020\\\/12\\\/logo.png\",\"contentUrl\":\"https:\\\/\\\/marktxxl.de\\\/markt\\\/wp-content\\\/uploads\\\/sites\\\/3\\\/2020\\\/12\\\/logo.png\",\"width\":200,\"height\":70,\"caption\":\"Markt-XXL\"},\"image\":{\"@id\":\"https:\\\/\\\/marktxxl.de\\\/markt\\\/#\\\/schema\\\/logo\\\/image\\\/\"}}]}<\/script>\n<!-- \/ Yoast SEO plugin. -->","yoast_head_json":{"title":"Pedik\u00fcre Set\/Manik\u00fcre Set Elektrisch, Pedik\u00fcreset Elektrisch\/Nagelfr\u00e4ser mit Akku, Elektrische Nagelfeile mit 11\u2026 - Markt-XXL","description":"Markt-XXL Pedik\u00fcre Set\/Manik\u00fcre Set Elektrisch, Pedik\u00fcreset Elektrisch\/Nagelfr\u00e4ser mit Akku, Elektrische Nagelfeile mit 11\u2026","robots":{"index":"index","follow":"follow","max-snippet":"max-snippet:-1","max-image-preview":"max-image-preview:large","max-video-preview":"max-video-preview:-1"},"canonical":"https:\/\/marktxxl.de\/markt\/produkt\/pedikuere-set-manikuere-set-elektrisch-pedikuereset-elektrisch-nagelfraeser-mit-akku-elektrische-nagelfeile-mit-11-nagelfraeser-aufsaetzehelles-led-licht4-geschwindigkeitsstufenmit-aufbewahrungst\/","og_locale":"de_DE","og_type":"article","og_title":"Pedik\u00fcre Set\/Manik\u00fcre Set Elektrisch, Pedik\u00fcreset Elektrisch\/Nagelfr\u00e4ser mit Akku, Elektrische Nagelfeile mit 11\u2026 - Markt-XXL","og_description":"Markt-XXL Pedik\u00fcre Set\/Manik\u00fcre Set Elektrisch, Pedik\u00fcreset Elektrisch\/Nagelfr\u00e4ser mit Akku, Elektrische Nagelfeile mit 11\u2026","og_url":"https:\/\/marktxxl.de\/markt\/produkt\/pedikuere-set-manikuere-set-elektrisch-pedikuereset-elektrisch-nagelfraeser-mit-akku-elektrische-nagelfeile-mit-11-nagelfraeser-aufsaetzehelles-led-licht4-geschwindigkeitsstufenmit-aufbewahrungst\/","og_site_name":"Markt-XXL","article_modified_time":"2023-04-10T23:47:20+00:00","og_image":[{"width":500,"height":500,"url":"https:\/\/m.media-amazon.com\/images\/I\/41rpFNhjEWL._SL500_.jpg","type":"image\/jpeg"}],"twitter_card":"summary_large_image","twitter_misc":{"Gesch\u00e4tzte Lesezeit":"2\u00a0Minuten"},"schema":{"@context":"https:\/\/schema.org","@graph":[{"@type":"WebPage","@id":"https:\/\/marktxxl.de\/markt\/produkt\/pedikuere-set-manikuere-set-elektrisch-pedikuereset-elektrisch-nagelfraeser-mit-akku-elektrische-nagelfeile-mit-11-nagelfraeser-aufsaetzehelles-led-licht4-geschwindigkeitsstufenmit-aufbewahrungst\/","url":"https:\/\/marktxxl.de\/markt\/produkt\/pedikuere-set-manikuere-set-elektrisch-pedikuereset-elektrisch-nagelfraeser-mit-akku-elektrische-nagelfeile-mit-11-nagelfraeser-aufsaetzehelles-led-licht4-geschwindigkeitsstufenmit-aufbewahrungst\/","name":"Pedik\u00fcre Set\/Manik\u00fcre Set Elektrisch, Pedik\u00fcreset Elektrisch\/Nagelfr\u00e4ser mit Akku, Elektrische Nagelfeile mit 11\u2026 - Markt-XXL","isPartOf":{"@id":"https:\/\/marktxxl.de\/markt\/#website"},"primaryImageOfPage":{"@id":"https:\/\/marktxxl.de\/markt\/produkt\/pedikuere-set-manikuere-set-elektrisch-pedikuereset-elektrisch-nagelfraeser-mit-akku-elektrische-nagelfeile-mit-11-nagelfraeser-aufsaetzehelles-led-licht4-geschwindigkeitsstufenmit-aufbewahrungst\/#primaryimage"},"image":{"@id":"https:\/\/marktxxl.de\/markt\/produkt\/pedikuere-set-manikuere-set-elektrisch-pedikuereset-elektrisch-nagelfraeser-mit-akku-elektrische-nagelfeile-mit-11-nagelfraeser-aufsaetzehelles-led-licht4-geschwindigkeitsstufenmit-aufbewahrungst\/#primaryimage"},"thumbnailUrl":"https:\/\/m.media-amazon.com\/images\/I\/41rpFNhjEWL._SL500_.jpg","datePublished":"2021-09-13T18:18:07+00:00","dateModified":"2023-04-10T23:47:20+00:00","description":"Markt-XXL Pedik\u00fcre Set\/Manik\u00fcre Set Elektrisch, Pedik\u00fcreset Elektrisch\/Nagelfr\u00e4ser mit Akku, Elektrische Nagelfeile mit 11\u2026","breadcrumb":{"@id":"https:\/\/marktxxl.de\/markt\/produkt\/pedikuere-set-manikuere-set-elektrisch-pedikuereset-elektrisch-nagelfraeser-mit-akku-elektrische-nagelfeile-mit-11-nagelfraeser-aufsaetzehelles-led-licht4-geschwindigkeitsstufenmit-aufbewahrungst\/#breadcrumb"},"inLanguage":"de","potentialAction":[{"@type":"ReadAction","target":["https:\/\/marktxxl.de\/markt\/produkt\/pedikuere-set-manikuere-set-elektrisch-pedikuereset-elektrisch-nagelfraeser-mit-akku-elektrische-nagelfeile-mit-11-nagelfraeser-aufsaetzehelles-led-licht4-geschwindigkeitsstufenmit-aufbewahrungst\/"]}]},{"@type":"ImageObject","inLanguage":"de","@id":"https:\/\/marktxxl.de\/markt\/produkt\/pedikuere-set-manikuere-set-elektrisch-pedikuereset-elektrisch-nagelfraeser-mit-akku-elektrische-nagelfeile-mit-11-nagelfraeser-aufsaetzehelles-led-licht4-geschwindigkeitsstufenmit-aufbewahrungst\/#primaryimage","url":"https:\/\/m.media-amazon.com\/images\/I\/41rpFNhjEWL._SL500_.jpg","contentUrl":"https:\/\/m.media-amazon.com\/images\/I\/41rpFNhjEWL._SL500_.jpg","width":500,"height":500},{"@type":"BreadcrumbList","@id":"https:\/\/marktxxl.de\/markt\/produkt\/pedikuere-set-manikuere-set-elektrisch-pedikuereset-elektrisch-nagelfraeser-mit-akku-elektrische-nagelfeile-mit-11-nagelfraeser-aufsaetzehelles-led-licht4-geschwindigkeitsstufenmit-aufbewahrungst\/#breadcrumb","itemListElement":[{"@type":"ListItem","position":1,"name":"Startseite","item":"https:\/\/marktxxl.de\/markt\/"},{"@type":"ListItem","position":2,"name":"Markt","item":"https:\/\/marktxxl.de\/markt\/"},{"@type":"ListItem","position":3,"name":"Pedik\u00fcre Set\/Manik\u00fcre Set Elektrisch, Pedik\u00fcreset Elektrisch\/Nagelfr\u00e4ser mit Akku, Elektrische Nagelfeile mit 11\u2026"}]},{"@type":"WebSite","@id":"https:\/\/marktxxl.de\/markt\/#website","url":"https:\/\/marktxxl.de\/markt\/","name":"Markt-XXL","description":"Ihr Markt Online","publisher":{"@id":"https:\/\/marktxxl.de\/markt\/#organization"},"potentialAction":[{"@type":"SearchAction","target":{"@type":"EntryPoint","urlTemplate":"https:\/\/marktxxl.de\/markt\/?s={search_term_string}"},"query-input":{"@type":"PropertyValueSpecification","valueRequired":true,"valueName":"search_term_string"}}],"inLanguage":"de"},{"@type":"Organization","@id":"https:\/\/marktxxl.de\/markt\/#organization","name":"Markt-XXL","url":"https:\/\/marktxxl.de\/markt\/","logo":{"@type":"ImageObject","inLanguage":"de","@id":"https:\/\/marktxxl.de\/markt\/#\/schema\/logo\/image\/","url":"https:\/\/marktxxl.de\/markt\/wp-content\/uploads\/sites\/3\/2020\/12\/logo.png","contentUrl":"https:\/\/marktxxl.de\/markt\/wp-content\/uploads\/sites\/3\/2020\/12\/logo.png","width":200,"height":70,"caption":"Markt-XXL"},"image":{"@id":"https:\/\/marktxxl.de\/markt\/#\/schema\/logo\/image\/"}}]}},"_links":{"self":[{"href":"https:\/\/marktxxl.de\/markt\/wp-json\/wp\/v2\/product\/33870","targetHints":{"allow":["GET"]}}],"collection":[{"href":"https:\/\/marktxxl.de\/markt\/wp-json\/wp\/v2\/product"}],"about":[{"href":"https:\/\/marktxxl.de\/markt\/wp-json\/wp\/v2\/types\/product"}],"replies":[{"embeddable":true,"href":"https:\/\/marktxxl.de\/markt\/wp-json\/wp\/v2\/comments?post=33870"}],"wp:featuredmedia":[{"embeddable":true,"href":"https:\/\/marktxxl.de\/markt\/wp-json\/wp\/v2\/media\/33871"}],"wp:attachment":[{"href":"https:\/\/marktxxl.de\/markt\/wp-json\/wp\/v2\/media?parent=33870"}],"wp:term":[{"taxonomy":"product_brand","embeddable":true,"href":"https:\/\/marktxxl.de\/markt\/wp-json\/wp\/v2\/product_brand?post=33870"},{"taxonomy":"product_cat","embeddable":true,"href":"https:\/\/marktxxl.de\/markt\/wp-json\/wp\/v2\/product_cat?post=33870"},{"taxonomy":"product_tag","embeddable":true,"href":"https:\/\/marktxxl.de\/markt\/wp-json\/wp\/v2\/product_tag?post=33870"}],"curies":[{"name":"wp","href":"https:\/\/api.w.org\/{rel}","templated":true}]}}