{"id":33815,"date":"2021-09-13T20:15:25","date_gmt":"2021-09-13T18:15:25","guid":{"rendered":"https:\/\/marktxxl.de\/markt\/produkt\/10-stueck-nagelfeilen-fuer-gelnaegel-profi-nagelfeile-100-180-fandamei-feilen-fuer-gelnaegel-5-formen-nagelfeilen-set-nagel-buffer-block-fuer-natuerliche-naegel-und-gelnaegel-verschleissfest-waschb\/"},"modified":"2023-04-11T01:47:19","modified_gmt":"2023-04-10T23:47:19","slug":"10-stueck-nagelfeilen-fuer-gelnaegel-profi-nagelfeile-100-180-fandamei-feilen-fuer-gelnaegel-5-formen-nagelfeilen-set-nagel-buffer-block-fuer-natuerliche-naegel-und-gelnaegel-verschleissfest-waschb","status":"publish","type":"product","link":"https:\/\/marktxxl.de\/markt\/produkt\/10-stueck-nagelfeilen-fuer-gelnaegel-profi-nagelfeile-100-180-fandamei-feilen-fuer-gelnaegel-5-formen-nagelfeilen-set-nagel-buffer-block-fuer-natuerliche-naegel-und-gelnaegel-verschleissfest-waschb\/","title":{"rendered":"10 St\u00fcck Nagelfeilen f\u00fcr Geln\u00e4gel Profi Nagelfeile 100\/180, FANDAMEI Feilen f\u00fcr Geln\u00e4gel, 5 Formen Nagelfeilen Set\u2026"},"content":{"rendered":"<p>ACHTUNG!!! Bitte w\u00e4hlen Sie vor dem Kauf die Produkts aus, die von FanDaMeiUK verkauften und von Amazon versandten Produkte sind. Nur so k\u00f6nnen Sie die Qualit\u00e4tsprodukte von FANDAMEI kaufen.\u3010Professionelle Nagelfeilen Set\u3011-Set beinhaltet: 10 St\u00fccke Profi Nagelfeilen in 5 Formen (2 Stk.\/Form). Die Oberfl\u00e4che der Nagelfeile ist rauer als die andere Feilen und bietet Ihnen ein angenehmes Erlebnis der Manik\u00fcre und Pedik\u00fcre.<br \/>\n\u3010Doppelseitige Nagelfeile 100\/180\u3011-Zweiseitige Nagelfeile mit einer K\u00f6rnung von 100\/180. Die 100-Grit Nagelfeile ist grobk\u00f6rnig, eignet sich zum Entfernen des Nagelgels und auch f\u00fcr den Gebrauch auf die Zehenn\u00e4gel. Die 180-Grit Seite ist fein und kann dabei helfen, den Rand der N\u00e4gel zu schneiden und die Formen zu verfeinern, eignet sich f\u00fcr die nat\u00fcrlichen und Acryln\u00e4geln.<br \/>\n\u30105 Verschidene Formen\u3011-Nagelfeile 5 unterschiede Formen im Set, inklusive, gerade, gebogen, Diamant, rechteckig, Halbmond. Die verschiedene Formen k\u00f6nnen verwendet werden, um Ihre verschiedenen Nagelfeilen zu identifizieren. Je nach Form kann es auch f\u00fcr verschiedene Anwendungen verwendet werden.<br \/>\n\u3010Schnelles Trimmen\u3011-Die Feile von FANDAMEI hilft beim Gl\u00e4tten jedes k\u00fcnstlichen oder nat\u00fcrlichen Nagels. D\u00fcnne Feile mit Kunststoffkern und hochwertigen Sandblatt f\u00fcr ein exaktes Feilen an den Nagelr\u00e4ndern und zum Entfernen von Modellierresten im Nagelfalz. Erm\u00f6glichen Sie schnelles und pr\u00e4zises Formen Ihrer N\u00e4gel f\u00fcr ausgezeichnete Manik\u00fcren!<br \/>\n\u3010Praktisches Werkzeug f\u00fcr Ihre N\u00e4gel\u3011-Robust und verschlei\u00dffest, waschbar und mehrfach wiederverwendbar. Langlebige Profi Feilen in h\u00f6chster Nagelsalon Qualit\u00e4t, die zum Feilen des Fingern\u00e4geln und Zehenn\u00e4geln in Ihrem Nagelstudio oder zu Hause geeignet sind.<br \/>\n<div class=\"main-cross-sell\" data-asin=\"B081NB77LB\">\n\n\t<div class=\"WooZone-cross-sell-loader\">\n\t\t<div>\n\t\t\t<div id=\"floatingBarsG\">\n\t\t\t\t<div class=\"blockG\" id=\"rotateG_01\"><\/div>\n\t\t\t\t<div class=\"blockG\" id=\"rotateG_02\"><\/div>\n\t\t\t\t<div class=\"blockG\" id=\"rotateG_03\"><\/div>\n\t\t\t\t<div class=\"blockG\" id=\"rotateG_04\"><\/div>\n\t\t\t\t<div class=\"blockG\" id=\"rotateG_05\"><\/div>\n\t\t\t\t<div class=\"blockG\" id=\"rotateG_06\"><\/div>\n\t\t\t\t<div class=\"blockG\" id=\"rotateG_07\"><\/div>\n\t\t\t\t<div class=\"blockG\" id=\"rotateG_08\"><\/div>\n\t\t\t<\/div>\n\t\t\t<div class=\"WooZone-cross-sell-loader-text\"><\/div>\n\t\t<\/div>\n\t<\/div>\n\n\t\t\n<\/div>\n<div style=\"clear:both;\"><\/div><\/p>\n","protected":false},"excerpt":{"rendered":"<p>ACHTUNG!!! Bitte w\u00e4hlen Sie vor dem Kauf die Produkts aus, die von FanDaMeiUK verkauften und von Amazon versandten Produkte sind. Nur so k\u00f6nnen Sie die Qualit\u00e4tsprodukte von FANDAMEI kaufen.\u3010Professionelle Nagelfeilen Set\u3011-Set beinhaltet: 10 St\u00fccke Profi Nagelfeilen in 5 Formen (2 Stk.\/Form). Die Oberfl\u00e4che der Nagelfeile ist rauer als die andere Feilen und bietet Ihnen ein angenehmes Erlebnis der Manik\u00fcre und Pedik\u00fcre.<br \/>\n\u3010Doppelseitige Nagelfeile 100\/180\u3011-Zweiseitige Nagelfeile mit einer K\u00f6rnung von 100\/180. Die 100-Grit Nagelfeile ist grobk\u00f6rnig, eignet sich zum Entfernen des Nagelgels und auch f\u00fcr den Gebrauch auf die Zehenn\u00e4gel. Die 180-Grit Seite ist fein und kann dabei helfen, den Rand der N\u00e4gel zu schneiden und die Formen zu verfeinern, eignet sich f\u00fcr die nat\u00fcrlichen und Acryln\u00e4geln.<br \/>\n\u30105 Verschidene Formen\u3011-Nagelfeile 5 unterschiede Formen im Set, inklusive, gerade, gebogen, Diamant, rechteckig, Halbmond. Die verschiedene Formen k\u00f6nnen verwendet werden, um Ihre verschiedenen Nagelfeilen zu identifizieren. Je nach Form kann es auch f\u00fcr verschiedene Anwendungen verwendet werden.<\/p>\n","protected":false},"featured_media":33816,"comment_status":"open","ping_status":"closed","template":"","meta":[],"product_brand":[],"product_cat":[2858,7659],"product_tag":[],"class_list":{"0":"post-33815","1":"product","2":"type-product","3":"status-publish","4":"has-post-thumbnail","6":"product_cat-beauty","7":"product_cat-manikuere-pedikuere","8":"pa_binding-misc","9":"pa_brand-fandamei","10":"pa_manufacturer-fandamei","11":"pa_size-10-stueck-1er-pack","13":"first","14":"instock","15":"shipping-taxable","16":"purchasable","17":"product-type-simple","18":"customify-col","19":"product-has-gallery"},"yoast_head":"<!-- This site is optimized with the Yoast SEO plugin v27.3 - https:\/\/yoast.com\/product\/yoast-seo-wordpress\/ -->\n<title>10 St\u00fcck Nagelfeilen f\u00fcr Geln\u00e4gel Profi Nagelfeile 100\/180, FANDAMEI Feilen f\u00fcr Geln\u00e4gel, 5 Formen Nagelfeilen Set\u2026 - Markt-XXL<\/title>\n<meta name=\"description\" content=\"Markt-XXL 10 St\u00fcck Nagelfeilen f\u00fcr Geln\u00e4gel Profi Nagelfeile 100\/180, FANDAMEI Feilen f\u00fcr Geln\u00e4gel, 5 Formen Nagelfeilen Set\u2026\" \/>\n<meta name=\"robots\" content=\"index, follow, max-snippet:-1, max-image-preview:large, max-video-preview:-1\" \/>\n<link rel=\"canonical\" href=\"https:\/\/marktxxl.de\/markt\/produkt\/10-stueck-nagelfeilen-fuer-gelnaegel-profi-nagelfeile-100-180-fandamei-feilen-fuer-gelnaegel-5-formen-nagelfeilen-set-nagel-buffer-block-fuer-natuerliche-naegel-und-gelnaegel-verschleissfest-waschb\/\" \/>\n<meta property=\"og:locale\" content=\"de_DE\" \/>\n<meta property=\"og:type\" content=\"article\" \/>\n<meta property=\"og:title\" content=\"10 St\u00fcck Nagelfeilen f\u00fcr Geln\u00e4gel Profi Nagelfeile 100\/180, FANDAMEI Feilen f\u00fcr Geln\u00e4gel, 5 Formen Nagelfeilen Set\u2026 - Markt-XXL\" \/>\n<meta property=\"og:description\" content=\"Markt-XXL 10 St\u00fcck Nagelfeilen f\u00fcr Geln\u00e4gel Profi Nagelfeile 100\/180, FANDAMEI Feilen f\u00fcr Geln\u00e4gel, 5 Formen Nagelfeilen Set\u2026\" \/>\n<meta property=\"og:url\" content=\"https:\/\/marktxxl.de\/markt\/produkt\/10-stueck-nagelfeilen-fuer-gelnaegel-profi-nagelfeile-100-180-fandamei-feilen-fuer-gelnaegel-5-formen-nagelfeilen-set-nagel-buffer-block-fuer-natuerliche-naegel-und-gelnaegel-verschleissfest-waschb\/\" \/>\n<meta property=\"og:site_name\" content=\"Markt-XXL\" \/>\n<meta property=\"article:modified_time\" content=\"2023-04-10T23:47:19+00:00\" \/>\n<meta property=\"og:image\" content=\"https:\/\/m.media-amazon.com\/images\/I\/51All8iBzpS._SL500_.jpg\" \/>\n\t<meta property=\"og:image:width\" content=\"500\" \/>\n\t<meta property=\"og:image:height\" content=\"500\" \/>\n\t<meta property=\"og:image:type\" content=\"image\/jpeg\" \/>\n<meta name=\"twitter:card\" content=\"summary_large_image\" \/>\n<meta name=\"twitter:label1\" content=\"Gesch\u00e4tzte Lesezeit\" \/>\n\t<meta name=\"twitter:data1\" content=\"1\u00a0Minute\" \/>\n<script type=\"application\/ld+json\" class=\"yoast-schema-graph\">{\"@context\":\"https:\\\/\\\/schema.org\",\"@graph\":[{\"@type\":\"WebPage\",\"@id\":\"https:\\\/\\\/marktxxl.de\\\/markt\\\/produkt\\\/10-stueck-nagelfeilen-fuer-gelnaegel-profi-nagelfeile-100-180-fandamei-feilen-fuer-gelnaegel-5-formen-nagelfeilen-set-nagel-buffer-block-fuer-natuerliche-naegel-und-gelnaegel-verschleissfest-waschb\\\/\",\"url\":\"https:\\\/\\\/marktxxl.de\\\/markt\\\/produkt\\\/10-stueck-nagelfeilen-fuer-gelnaegel-profi-nagelfeile-100-180-fandamei-feilen-fuer-gelnaegel-5-formen-nagelfeilen-set-nagel-buffer-block-fuer-natuerliche-naegel-und-gelnaegel-verschleissfest-waschb\\\/\",\"name\":\"10 St\u00fcck Nagelfeilen f\u00fcr Geln\u00e4gel Profi Nagelfeile 100\\\/180, FANDAMEI Feilen f\u00fcr Geln\u00e4gel, 5 Formen Nagelfeilen Set\u2026 - Markt-XXL\",\"isPartOf\":{\"@id\":\"https:\\\/\\\/marktxxl.de\\\/markt\\\/#website\"},\"primaryImageOfPage\":{\"@id\":\"https:\\\/\\\/marktxxl.de\\\/markt\\\/produkt\\\/10-stueck-nagelfeilen-fuer-gelnaegel-profi-nagelfeile-100-180-fandamei-feilen-fuer-gelnaegel-5-formen-nagelfeilen-set-nagel-buffer-block-fuer-natuerliche-naegel-und-gelnaegel-verschleissfest-waschb\\\/#primaryimage\"},\"image\":{\"@id\":\"https:\\\/\\\/marktxxl.de\\\/markt\\\/produkt\\\/10-stueck-nagelfeilen-fuer-gelnaegel-profi-nagelfeile-100-180-fandamei-feilen-fuer-gelnaegel-5-formen-nagelfeilen-set-nagel-buffer-block-fuer-natuerliche-naegel-und-gelnaegel-verschleissfest-waschb\\\/#primaryimage\"},\"thumbnailUrl\":\"https:\\\/\\\/m.media-amazon.com\\\/images\\\/I\\\/51All8iBzpS._SL500_.jpg\",\"datePublished\":\"2021-09-13T18:15:25+00:00\",\"dateModified\":\"2023-04-10T23:47:19+00:00\",\"description\":\"Markt-XXL 10 St\u00fcck Nagelfeilen f\u00fcr Geln\u00e4gel Profi Nagelfeile 100\\\/180, FANDAMEI Feilen f\u00fcr Geln\u00e4gel, 5 Formen Nagelfeilen Set\u2026\",\"breadcrumb\":{\"@id\":\"https:\\\/\\\/marktxxl.de\\\/markt\\\/produkt\\\/10-stueck-nagelfeilen-fuer-gelnaegel-profi-nagelfeile-100-180-fandamei-feilen-fuer-gelnaegel-5-formen-nagelfeilen-set-nagel-buffer-block-fuer-natuerliche-naegel-und-gelnaegel-verschleissfest-waschb\\\/#breadcrumb\"},\"inLanguage\":\"de\",\"potentialAction\":[{\"@type\":\"ReadAction\",\"target\":[\"https:\\\/\\\/marktxxl.de\\\/markt\\\/produkt\\\/10-stueck-nagelfeilen-fuer-gelnaegel-profi-nagelfeile-100-180-fandamei-feilen-fuer-gelnaegel-5-formen-nagelfeilen-set-nagel-buffer-block-fuer-natuerliche-naegel-und-gelnaegel-verschleissfest-waschb\\\/\"]}]},{\"@type\":\"ImageObject\",\"inLanguage\":\"de\",\"@id\":\"https:\\\/\\\/marktxxl.de\\\/markt\\\/produkt\\\/10-stueck-nagelfeilen-fuer-gelnaegel-profi-nagelfeile-100-180-fandamei-feilen-fuer-gelnaegel-5-formen-nagelfeilen-set-nagel-buffer-block-fuer-natuerliche-naegel-und-gelnaegel-verschleissfest-waschb\\\/#primaryimage\",\"url\":\"https:\\\/\\\/m.media-amazon.com\\\/images\\\/I\\\/51All8iBzpS._SL500_.jpg\",\"contentUrl\":\"https:\\\/\\\/m.media-amazon.com\\\/images\\\/I\\\/51All8iBzpS._SL500_.jpg\",\"width\":500,\"height\":500},{\"@type\":\"BreadcrumbList\",\"@id\":\"https:\\\/\\\/marktxxl.de\\\/markt\\\/produkt\\\/10-stueck-nagelfeilen-fuer-gelnaegel-profi-nagelfeile-100-180-fandamei-feilen-fuer-gelnaegel-5-formen-nagelfeilen-set-nagel-buffer-block-fuer-natuerliche-naegel-und-gelnaegel-verschleissfest-waschb\\\/#breadcrumb\",\"itemListElement\":[{\"@type\":\"ListItem\",\"position\":1,\"name\":\"Startseite\",\"item\":\"https:\\\/\\\/marktxxl.de\\\/markt\\\/\"},{\"@type\":\"ListItem\",\"position\":2,\"name\":\"Markt\",\"item\":\"https:\\\/\\\/marktxxl.de\\\/markt\\\/\"},{\"@type\":\"ListItem\",\"position\":3,\"name\":\"10 St\u00fcck Nagelfeilen f\u00fcr Geln\u00e4gel Profi Nagelfeile 100\\\/180, FANDAMEI Feilen f\u00fcr Geln\u00e4gel, 5 Formen Nagelfeilen Set\u2026\"}]},{\"@type\":\"WebSite\",\"@id\":\"https:\\\/\\\/marktxxl.de\\\/markt\\\/#website\",\"url\":\"https:\\\/\\\/marktxxl.de\\\/markt\\\/\",\"name\":\"Markt-XXL\",\"description\":\"Ihr Markt Online\",\"publisher\":{\"@id\":\"https:\\\/\\\/marktxxl.de\\\/markt\\\/#organization\"},\"potentialAction\":[{\"@type\":\"SearchAction\",\"target\":{\"@type\":\"EntryPoint\",\"urlTemplate\":\"https:\\\/\\\/marktxxl.de\\\/markt\\\/?s={search_term_string}\"},\"query-input\":{\"@type\":\"PropertyValueSpecification\",\"valueRequired\":true,\"valueName\":\"search_term_string\"}}],\"inLanguage\":\"de\"},{\"@type\":\"Organization\",\"@id\":\"https:\\\/\\\/marktxxl.de\\\/markt\\\/#organization\",\"name\":\"Markt-XXL\",\"url\":\"https:\\\/\\\/marktxxl.de\\\/markt\\\/\",\"logo\":{\"@type\":\"ImageObject\",\"inLanguage\":\"de\",\"@id\":\"https:\\\/\\\/marktxxl.de\\\/markt\\\/#\\\/schema\\\/logo\\\/image\\\/\",\"url\":\"https:\\\/\\\/marktxxl.de\\\/markt\\\/wp-content\\\/uploads\\\/sites\\\/3\\\/2020\\\/12\\\/logo.png\",\"contentUrl\":\"https:\\\/\\\/marktxxl.de\\\/markt\\\/wp-content\\\/uploads\\\/sites\\\/3\\\/2020\\\/12\\\/logo.png\",\"width\":200,\"height\":70,\"caption\":\"Markt-XXL\"},\"image\":{\"@id\":\"https:\\\/\\\/marktxxl.de\\\/markt\\\/#\\\/schema\\\/logo\\\/image\\\/\"}}]}<\/script>\n<!-- \/ Yoast SEO plugin. -->","yoast_head_json":{"title":"10 St\u00fcck Nagelfeilen f\u00fcr Geln\u00e4gel Profi Nagelfeile 100\/180, FANDAMEI Feilen f\u00fcr Geln\u00e4gel, 5 Formen Nagelfeilen Set\u2026 - Markt-XXL","description":"Markt-XXL 10 St\u00fcck Nagelfeilen f\u00fcr Geln\u00e4gel Profi Nagelfeile 100\/180, FANDAMEI Feilen f\u00fcr Geln\u00e4gel, 5 Formen Nagelfeilen Set\u2026","robots":{"index":"index","follow":"follow","max-snippet":"max-snippet:-1","max-image-preview":"max-image-preview:large","max-video-preview":"max-video-preview:-1"},"canonical":"https:\/\/marktxxl.de\/markt\/produkt\/10-stueck-nagelfeilen-fuer-gelnaegel-profi-nagelfeile-100-180-fandamei-feilen-fuer-gelnaegel-5-formen-nagelfeilen-set-nagel-buffer-block-fuer-natuerliche-naegel-und-gelnaegel-verschleissfest-waschb\/","og_locale":"de_DE","og_type":"article","og_title":"10 St\u00fcck Nagelfeilen f\u00fcr Geln\u00e4gel Profi Nagelfeile 100\/180, FANDAMEI Feilen f\u00fcr Geln\u00e4gel, 5 Formen Nagelfeilen Set\u2026 - Markt-XXL","og_description":"Markt-XXL 10 St\u00fcck Nagelfeilen f\u00fcr Geln\u00e4gel Profi Nagelfeile 100\/180, FANDAMEI Feilen f\u00fcr Geln\u00e4gel, 5 Formen Nagelfeilen Set\u2026","og_url":"https:\/\/marktxxl.de\/markt\/produkt\/10-stueck-nagelfeilen-fuer-gelnaegel-profi-nagelfeile-100-180-fandamei-feilen-fuer-gelnaegel-5-formen-nagelfeilen-set-nagel-buffer-block-fuer-natuerliche-naegel-und-gelnaegel-verschleissfest-waschb\/","og_site_name":"Markt-XXL","article_modified_time":"2023-04-10T23:47:19+00:00","og_image":[{"width":500,"height":500,"url":"https:\/\/m.media-amazon.com\/images\/I\/51All8iBzpS._SL500_.jpg","type":"image\/jpeg"}],"twitter_card":"summary_large_image","twitter_misc":{"Gesch\u00e4tzte Lesezeit":"1\u00a0Minute"},"schema":{"@context":"https:\/\/schema.org","@graph":[{"@type":"WebPage","@id":"https:\/\/marktxxl.de\/markt\/produkt\/10-stueck-nagelfeilen-fuer-gelnaegel-profi-nagelfeile-100-180-fandamei-feilen-fuer-gelnaegel-5-formen-nagelfeilen-set-nagel-buffer-block-fuer-natuerliche-naegel-und-gelnaegel-verschleissfest-waschb\/","url":"https:\/\/marktxxl.de\/markt\/produkt\/10-stueck-nagelfeilen-fuer-gelnaegel-profi-nagelfeile-100-180-fandamei-feilen-fuer-gelnaegel-5-formen-nagelfeilen-set-nagel-buffer-block-fuer-natuerliche-naegel-und-gelnaegel-verschleissfest-waschb\/","name":"10 St\u00fcck Nagelfeilen f\u00fcr Geln\u00e4gel Profi Nagelfeile 100\/180, FANDAMEI Feilen f\u00fcr Geln\u00e4gel, 5 Formen Nagelfeilen Set\u2026 - Markt-XXL","isPartOf":{"@id":"https:\/\/marktxxl.de\/markt\/#website"},"primaryImageOfPage":{"@id":"https:\/\/marktxxl.de\/markt\/produkt\/10-stueck-nagelfeilen-fuer-gelnaegel-profi-nagelfeile-100-180-fandamei-feilen-fuer-gelnaegel-5-formen-nagelfeilen-set-nagel-buffer-block-fuer-natuerliche-naegel-und-gelnaegel-verschleissfest-waschb\/#primaryimage"},"image":{"@id":"https:\/\/marktxxl.de\/markt\/produkt\/10-stueck-nagelfeilen-fuer-gelnaegel-profi-nagelfeile-100-180-fandamei-feilen-fuer-gelnaegel-5-formen-nagelfeilen-set-nagel-buffer-block-fuer-natuerliche-naegel-und-gelnaegel-verschleissfest-waschb\/#primaryimage"},"thumbnailUrl":"https:\/\/m.media-amazon.com\/images\/I\/51All8iBzpS._SL500_.jpg","datePublished":"2021-09-13T18:15:25+00:00","dateModified":"2023-04-10T23:47:19+00:00","description":"Markt-XXL 10 St\u00fcck Nagelfeilen f\u00fcr Geln\u00e4gel Profi Nagelfeile 100\/180, FANDAMEI Feilen f\u00fcr Geln\u00e4gel, 5 Formen Nagelfeilen Set\u2026","breadcrumb":{"@id":"https:\/\/marktxxl.de\/markt\/produkt\/10-stueck-nagelfeilen-fuer-gelnaegel-profi-nagelfeile-100-180-fandamei-feilen-fuer-gelnaegel-5-formen-nagelfeilen-set-nagel-buffer-block-fuer-natuerliche-naegel-und-gelnaegel-verschleissfest-waschb\/#breadcrumb"},"inLanguage":"de","potentialAction":[{"@type":"ReadAction","target":["https:\/\/marktxxl.de\/markt\/produkt\/10-stueck-nagelfeilen-fuer-gelnaegel-profi-nagelfeile-100-180-fandamei-feilen-fuer-gelnaegel-5-formen-nagelfeilen-set-nagel-buffer-block-fuer-natuerliche-naegel-und-gelnaegel-verschleissfest-waschb\/"]}]},{"@type":"ImageObject","inLanguage":"de","@id":"https:\/\/marktxxl.de\/markt\/produkt\/10-stueck-nagelfeilen-fuer-gelnaegel-profi-nagelfeile-100-180-fandamei-feilen-fuer-gelnaegel-5-formen-nagelfeilen-set-nagel-buffer-block-fuer-natuerliche-naegel-und-gelnaegel-verschleissfest-waschb\/#primaryimage","url":"https:\/\/m.media-amazon.com\/images\/I\/51All8iBzpS._SL500_.jpg","contentUrl":"https:\/\/m.media-amazon.com\/images\/I\/51All8iBzpS._SL500_.jpg","width":500,"height":500},{"@type":"BreadcrumbList","@id":"https:\/\/marktxxl.de\/markt\/produkt\/10-stueck-nagelfeilen-fuer-gelnaegel-profi-nagelfeile-100-180-fandamei-feilen-fuer-gelnaegel-5-formen-nagelfeilen-set-nagel-buffer-block-fuer-natuerliche-naegel-und-gelnaegel-verschleissfest-waschb\/#breadcrumb","itemListElement":[{"@type":"ListItem","position":1,"name":"Startseite","item":"https:\/\/marktxxl.de\/markt\/"},{"@type":"ListItem","position":2,"name":"Markt","item":"https:\/\/marktxxl.de\/markt\/"},{"@type":"ListItem","position":3,"name":"10 St\u00fcck Nagelfeilen f\u00fcr Geln\u00e4gel Profi Nagelfeile 100\/180, FANDAMEI Feilen f\u00fcr Geln\u00e4gel, 5 Formen Nagelfeilen Set\u2026"}]},{"@type":"WebSite","@id":"https:\/\/marktxxl.de\/markt\/#website","url":"https:\/\/marktxxl.de\/markt\/","name":"Markt-XXL","description":"Ihr Markt Online","publisher":{"@id":"https:\/\/marktxxl.de\/markt\/#organization"},"potentialAction":[{"@type":"SearchAction","target":{"@type":"EntryPoint","urlTemplate":"https:\/\/marktxxl.de\/markt\/?s={search_term_string}"},"query-input":{"@type":"PropertyValueSpecification","valueRequired":true,"valueName":"search_term_string"}}],"inLanguage":"de"},{"@type":"Organization","@id":"https:\/\/marktxxl.de\/markt\/#organization","name":"Markt-XXL","url":"https:\/\/marktxxl.de\/markt\/","logo":{"@type":"ImageObject","inLanguage":"de","@id":"https:\/\/marktxxl.de\/markt\/#\/schema\/logo\/image\/","url":"https:\/\/marktxxl.de\/markt\/wp-content\/uploads\/sites\/3\/2020\/12\/logo.png","contentUrl":"https:\/\/marktxxl.de\/markt\/wp-content\/uploads\/sites\/3\/2020\/12\/logo.png","width":200,"height":70,"caption":"Markt-XXL"},"image":{"@id":"https:\/\/marktxxl.de\/markt\/#\/schema\/logo\/image\/"}}]}},"_links":{"self":[{"href":"https:\/\/marktxxl.de\/markt\/wp-json\/wp\/v2\/product\/33815","targetHints":{"allow":["GET"]}}],"collection":[{"href":"https:\/\/marktxxl.de\/markt\/wp-json\/wp\/v2\/product"}],"about":[{"href":"https:\/\/marktxxl.de\/markt\/wp-json\/wp\/v2\/types\/product"}],"replies":[{"embeddable":true,"href":"https:\/\/marktxxl.de\/markt\/wp-json\/wp\/v2\/comments?post=33815"}],"wp:featuredmedia":[{"embeddable":true,"href":"https:\/\/marktxxl.de\/markt\/wp-json\/wp\/v2\/media\/33816"}],"wp:attachment":[{"href":"https:\/\/marktxxl.de\/markt\/wp-json\/wp\/v2\/media?parent=33815"}],"wp:term":[{"taxonomy":"product_brand","embeddable":true,"href":"https:\/\/marktxxl.de\/markt\/wp-json\/wp\/v2\/product_brand?post=33815"},{"taxonomy":"product_cat","embeddable":true,"href":"https:\/\/marktxxl.de\/markt\/wp-json\/wp\/v2\/product_cat?post=33815"},{"taxonomy":"product_tag","embeddable":true,"href":"https:\/\/marktxxl.de\/markt\/wp-json\/wp\/v2\/product_tag?post=33815"}],"curies":[{"name":"wp","href":"https:\/\/api.w.org\/{rel}","templated":true}]}}