{"id":33777,"date":"2021-09-13T20:15:18","date_gmt":"2021-09-13T18:15:18","guid":{"rendered":"https:\/\/marktxxl.de\/markt\/produkt\/longzon-nagelknipser-2-stueck-nagelzwicker-mit-nagelfeile-und-buechse-edelstahl-nagelschneider-fuer-finger-und-fussnaegel\/"},"modified":"2023-04-11T01:47:19","modified_gmt":"2023-04-10T23:47:19","slug":"longzon-nagelknipser-2-stueck-nagelzwicker-mit-nagelfeile-und-buechse-edelstahl-nagelschneider-fuer-finger-und-fussnaegel","status":"publish","type":"product","link":"https:\/\/marktxxl.de\/markt\/produkt\/longzon-nagelknipser-2-stueck-nagelzwicker-mit-nagelfeile-und-buechse-edelstahl-nagelschneider-fuer-finger-und-fussnaegel\/","title":{"rendered":"longzon Nagelknipser Set [2 St\u00fcck] Nagelzwicker Nail Clipper mit Nagelfeile und B\u00fcchse Edelstahl Nagelschneider f\u00fcr\u2026"},"content":{"rendered":"<p>\u3010Hochwertigem Edelstahl\u3011\uff1aDas Nagelknipser Set besteht aus premium Edelstahl, Die klingen des Edelstahls bleiben nachweislich scharf und rosten nicht, was sie perfekt f\u00fcr das Badezimmer oder auf Reisen macht.<br \/>\n\u3010Professionelles Nagelknipser Set\u3011\uff1aDas Set enth\u00e4lt zwei Nagelknipser und eine unabh\u00e4ngige Nagelfeile, Nagelschneider Set kann alle N\u00e4gel sauber schneiden,halten Sie Ihre Fingern\u00e4gel und Zehenn\u00e4gel sauber und ordentlich.<br \/>\n\u3010Ergonomisches Design\u3011\uff1aDie Nagelknipser mit ergonomischen Design sind bequem zu steuern, der rutschfesten Griffoberfl\u00e4che kann der Clipper sicher in der Hand gehalten werden, der Nagelknipser bietet einen besseren Grip, effektiv f\u00fcr das Schneiden von dicken und harten Fingernagel und Toenails.<br \/>\n\u3010Tragbar&amp; Geschenk\u3011\uff1aDer Nagelknipser B\u00fcchse passen in fast jede Handtasche, Schultertasche, Leicht zu tragen. Nagelschneider Set ist perfekt als Geschenk f\u00fcr M\u00e4nner und Frauen! Gut f\u00fcr Familien und Freunde.<br \/>\n\u3010Was Sie Bekommen \u3011\uff1a2er Nagelschneider Set kann alle N\u00e4gel sauber schneiden, halten Sie Ihre Fingern\u00e4gel und Zehenn\u00e4gel sauber und ordentlich.<br \/>\n<div class=\"main-cross-sell\" data-asin=\"B082F7BZXX\">\n\n\t<div class=\"WooZone-cross-sell-loader\">\n\t\t<div>\n\t\t\t<div id=\"floatingBarsG\">\n\t\t\t\t<div class=\"blockG\" id=\"rotateG_01\"><\/div>\n\t\t\t\t<div class=\"blockG\" id=\"rotateG_02\"><\/div>\n\t\t\t\t<div class=\"blockG\" id=\"rotateG_03\"><\/div>\n\t\t\t\t<div class=\"blockG\" id=\"rotateG_04\"><\/div>\n\t\t\t\t<div class=\"blockG\" id=\"rotateG_05\"><\/div>\n\t\t\t\t<div class=\"blockG\" id=\"rotateG_06\"><\/div>\n\t\t\t\t<div class=\"blockG\" id=\"rotateG_07\"><\/div>\n\t\t\t\t<div class=\"blockG\" id=\"rotateG_08\"><\/div>\n\t\t\t<\/div>\n\t\t\t<div class=\"WooZone-cross-sell-loader-text\"><\/div>\n\t\t<\/div>\n\t<\/div>\n\n\t\t\n<\/div>\n<div style=\"clear:both;\"><\/div><\/p>\n","protected":false},"excerpt":{"rendered":"<p>\u3010Hochwertigem Edelstahl\u3011\uff1aDas Nagelknipser Set besteht aus premium Edelstahl, Die klingen des Edelstahls bleiben nachweislich scharf und rosten nicht, was sie perfekt f\u00fcr das Badezimmer oder auf Reisen macht.<br \/>\n\u3010Professionelles Nagelknipser Set\u3011\uff1aDas Set enth\u00e4lt zwei Nagelknipser und eine unabh\u00e4ngige Nagelfeile, Nagelschneider Set kann alle N\u00e4gel sauber schneiden,halten Sie Ihre Fingern\u00e4gel und Zehenn\u00e4gel sauber und ordentlich.<br \/>\n\u3010Ergonomisches Design\u3011\uff1aDie Nagelknipser mit ergonomischen Design sind bequem zu steuern, der rutschfesten Griffoberfl\u00e4che kann der Clipper sicher in der Hand gehalten werden, der Nagelknipser bietet einen besseren Grip, effektiv f\u00fcr das Schneiden von dicken und harten Fingernagel und Toenails.<\/p>\n","protected":false},"featured_media":33778,"comment_status":"open","ping_status":"closed","template":"","meta":[],"product_brand":[],"product_cat":[2858,7659],"product_tag":[],"class_list":{"0":"post-33777","1":"product","2":"type-product","3":"status-publish","4":"has-post-thumbnail","6":"product_cat-beauty","7":"product_cat-manikuere-pedikuere","8":"pa_binding-badartikel","9":"pa_brand-longzon","10":"pa_manufacturer-longzon","11":"pa_size-2-stueck-1er-pack","13":"first","14":"instock","15":"shipping-taxable","16":"purchasable","17":"product-type-simple","18":"customify-col","19":"product-has-gallery"},"yoast_head":"<!-- This site is optimized with the Yoast SEO plugin v27.4 - https:\/\/yoast.com\/product\/yoast-seo-wordpress\/ -->\n<title>longzon Nagelknipser Set [2 St\u00fcck] Nagelzwicker Nail Clipper mit Nagelfeile und B\u00fcchse Edelstahl Nagelschneider f\u00fcr\u2026 - Markt-XXL<\/title>\n<meta name=\"description\" content=\"Markt-XXL longzon Nagelknipser Set [2 St\u00fcck] Nagelzwicker Nail Clipper mit Nagelfeile und B\u00fcchse Edelstahl Nagelschneider f\u00fcr\u2026\" \/>\n<meta name=\"robots\" content=\"index, follow, max-snippet:-1, max-image-preview:large, max-video-preview:-1\" \/>\n<link rel=\"canonical\" href=\"https:\/\/marktxxl.de\/markt\/produkt\/longzon-nagelknipser-2-stueck-nagelzwicker-mit-nagelfeile-und-buechse-edelstahl-nagelschneider-fuer-finger-und-fussnaegel\/\" \/>\n<meta property=\"og:locale\" content=\"de_DE\" \/>\n<meta property=\"og:type\" content=\"article\" \/>\n<meta property=\"og:title\" content=\"longzon Nagelknipser Set [2 St\u00fcck] Nagelzwicker Nail Clipper mit Nagelfeile und B\u00fcchse Edelstahl Nagelschneider f\u00fcr\u2026 - Markt-XXL\" \/>\n<meta property=\"og:description\" content=\"Markt-XXL longzon Nagelknipser Set [2 St\u00fcck] Nagelzwicker Nail Clipper mit Nagelfeile und B\u00fcchse Edelstahl Nagelschneider f\u00fcr\u2026\" \/>\n<meta property=\"og:url\" content=\"https:\/\/marktxxl.de\/markt\/produkt\/longzon-nagelknipser-2-stueck-nagelzwicker-mit-nagelfeile-und-buechse-edelstahl-nagelschneider-fuer-finger-und-fussnaegel\/\" \/>\n<meta property=\"og:site_name\" content=\"Markt-XXL\" \/>\n<meta property=\"article:modified_time\" content=\"2023-04-10T23:47:19+00:00\" \/>\n<meta property=\"og:image\" content=\"https:\/\/m.media-amazon.com\/images\/I\/51wTX3+igQL._SL500_.jpg\" \/>\n\t<meta property=\"og:image:width\" content=\"500\" \/>\n\t<meta property=\"og:image:height\" content=\"500\" \/>\n\t<meta property=\"og:image:type\" content=\"image\/jpeg\" \/>\n<meta name=\"twitter:card\" content=\"summary_large_image\" \/>\n<meta name=\"twitter:label1\" content=\"Gesch\u00e4tzte Lesezeit\" \/>\n\t<meta name=\"twitter:data1\" content=\"1\u00a0Minute\" \/>\n<script type=\"application\/ld+json\" class=\"yoast-schema-graph\">{\"@context\":\"https:\\\/\\\/schema.org\",\"@graph\":[{\"@type\":\"WebPage\",\"@id\":\"https:\\\/\\\/marktxxl.de\\\/markt\\\/produkt\\\/longzon-nagelknipser-2-stueck-nagelzwicker-mit-nagelfeile-und-buechse-edelstahl-nagelschneider-fuer-finger-und-fussnaegel\\\/\",\"url\":\"https:\\\/\\\/marktxxl.de\\\/markt\\\/produkt\\\/longzon-nagelknipser-2-stueck-nagelzwicker-mit-nagelfeile-und-buechse-edelstahl-nagelschneider-fuer-finger-und-fussnaegel\\\/\",\"name\":\"longzon Nagelknipser Set [2 St\u00fcck] Nagelzwicker Nail Clipper mit Nagelfeile und B\u00fcchse Edelstahl Nagelschneider f\u00fcr\u2026 - Markt-XXL\",\"isPartOf\":{\"@id\":\"https:\\\/\\\/marktxxl.de\\\/markt\\\/#website\"},\"primaryImageOfPage\":{\"@id\":\"https:\\\/\\\/marktxxl.de\\\/markt\\\/produkt\\\/longzon-nagelknipser-2-stueck-nagelzwicker-mit-nagelfeile-und-buechse-edelstahl-nagelschneider-fuer-finger-und-fussnaegel\\\/#primaryimage\"},\"image\":{\"@id\":\"https:\\\/\\\/marktxxl.de\\\/markt\\\/produkt\\\/longzon-nagelknipser-2-stueck-nagelzwicker-mit-nagelfeile-und-buechse-edelstahl-nagelschneider-fuer-finger-und-fussnaegel\\\/#primaryimage\"},\"thumbnailUrl\":\"https:\\\/\\\/m.media-amazon.com\\\/images\\\/I\\\/51wTX3+igQL._SL500_.jpg\",\"datePublished\":\"2021-09-13T18:15:18+00:00\",\"dateModified\":\"2023-04-10T23:47:19+00:00\",\"description\":\"Markt-XXL longzon Nagelknipser Set [2 St\u00fcck] Nagelzwicker Nail Clipper mit Nagelfeile und B\u00fcchse Edelstahl Nagelschneider f\u00fcr\u2026\",\"breadcrumb\":{\"@id\":\"https:\\\/\\\/marktxxl.de\\\/markt\\\/produkt\\\/longzon-nagelknipser-2-stueck-nagelzwicker-mit-nagelfeile-und-buechse-edelstahl-nagelschneider-fuer-finger-und-fussnaegel\\\/#breadcrumb\"},\"inLanguage\":\"de\",\"potentialAction\":[{\"@type\":\"ReadAction\",\"target\":[\"https:\\\/\\\/marktxxl.de\\\/markt\\\/produkt\\\/longzon-nagelknipser-2-stueck-nagelzwicker-mit-nagelfeile-und-buechse-edelstahl-nagelschneider-fuer-finger-und-fussnaegel\\\/\"]}]},{\"@type\":\"ImageObject\",\"inLanguage\":\"de\",\"@id\":\"https:\\\/\\\/marktxxl.de\\\/markt\\\/produkt\\\/longzon-nagelknipser-2-stueck-nagelzwicker-mit-nagelfeile-und-buechse-edelstahl-nagelschneider-fuer-finger-und-fussnaegel\\\/#primaryimage\",\"url\":\"https:\\\/\\\/m.media-amazon.com\\\/images\\\/I\\\/51wTX3+igQL._SL500_.jpg\",\"contentUrl\":\"https:\\\/\\\/m.media-amazon.com\\\/images\\\/I\\\/51wTX3+igQL._SL500_.jpg\",\"width\":500,\"height\":500},{\"@type\":\"BreadcrumbList\",\"@id\":\"https:\\\/\\\/marktxxl.de\\\/markt\\\/produkt\\\/longzon-nagelknipser-2-stueck-nagelzwicker-mit-nagelfeile-und-buechse-edelstahl-nagelschneider-fuer-finger-und-fussnaegel\\\/#breadcrumb\",\"itemListElement\":[{\"@type\":\"ListItem\",\"position\":1,\"name\":\"Startseite\",\"item\":\"https:\\\/\\\/marktxxl.de\\\/markt\\\/\"},{\"@type\":\"ListItem\",\"position\":2,\"name\":\"Markt\",\"item\":\"https:\\\/\\\/marktxxl.de\\\/markt\\\/\"},{\"@type\":\"ListItem\",\"position\":3,\"name\":\"longzon Nagelknipser Set [2 St\u00fcck] Nagelzwicker Nail Clipper mit Nagelfeile und B\u00fcchse Edelstahl Nagelschneider f\u00fcr\u2026\"}]},{\"@type\":\"WebSite\",\"@id\":\"https:\\\/\\\/marktxxl.de\\\/markt\\\/#website\",\"url\":\"https:\\\/\\\/marktxxl.de\\\/markt\\\/\",\"name\":\"Markt-XXL\",\"description\":\"Ihr Markt Online\",\"publisher\":{\"@id\":\"https:\\\/\\\/marktxxl.de\\\/markt\\\/#organization\"},\"potentialAction\":[{\"@type\":\"SearchAction\",\"target\":{\"@type\":\"EntryPoint\",\"urlTemplate\":\"https:\\\/\\\/marktxxl.de\\\/markt\\\/?s={search_term_string}\"},\"query-input\":{\"@type\":\"PropertyValueSpecification\",\"valueRequired\":true,\"valueName\":\"search_term_string\"}}],\"inLanguage\":\"de\"},{\"@type\":\"Organization\",\"@id\":\"https:\\\/\\\/marktxxl.de\\\/markt\\\/#organization\",\"name\":\"Markt-XXL\",\"url\":\"https:\\\/\\\/marktxxl.de\\\/markt\\\/\",\"logo\":{\"@type\":\"ImageObject\",\"inLanguage\":\"de\",\"@id\":\"https:\\\/\\\/marktxxl.de\\\/markt\\\/#\\\/schema\\\/logo\\\/image\\\/\",\"url\":\"https:\\\/\\\/marktxxl.de\\\/markt\\\/wp-content\\\/uploads\\\/sites\\\/3\\\/2020\\\/12\\\/logo.png\",\"contentUrl\":\"https:\\\/\\\/marktxxl.de\\\/markt\\\/wp-content\\\/uploads\\\/sites\\\/3\\\/2020\\\/12\\\/logo.png\",\"width\":200,\"height\":70,\"caption\":\"Markt-XXL\"},\"image\":{\"@id\":\"https:\\\/\\\/marktxxl.de\\\/markt\\\/#\\\/schema\\\/logo\\\/image\\\/\"}}]}<\/script>\n<!-- \/ Yoast SEO plugin. -->","yoast_head_json":{"title":"longzon Nagelknipser Set [2 St\u00fcck] Nagelzwicker Nail Clipper mit Nagelfeile und B\u00fcchse Edelstahl Nagelschneider f\u00fcr\u2026 - Markt-XXL","description":"Markt-XXL longzon Nagelknipser Set [2 St\u00fcck] Nagelzwicker Nail Clipper mit Nagelfeile und B\u00fcchse Edelstahl Nagelschneider f\u00fcr\u2026","robots":{"index":"index","follow":"follow","max-snippet":"max-snippet:-1","max-image-preview":"max-image-preview:large","max-video-preview":"max-video-preview:-1"},"canonical":"https:\/\/marktxxl.de\/markt\/produkt\/longzon-nagelknipser-2-stueck-nagelzwicker-mit-nagelfeile-und-buechse-edelstahl-nagelschneider-fuer-finger-und-fussnaegel\/","og_locale":"de_DE","og_type":"article","og_title":"longzon Nagelknipser Set [2 St\u00fcck] Nagelzwicker Nail Clipper mit Nagelfeile und B\u00fcchse Edelstahl Nagelschneider f\u00fcr\u2026 - Markt-XXL","og_description":"Markt-XXL longzon Nagelknipser Set [2 St\u00fcck] Nagelzwicker Nail Clipper mit Nagelfeile und B\u00fcchse Edelstahl Nagelschneider f\u00fcr\u2026","og_url":"https:\/\/marktxxl.de\/markt\/produkt\/longzon-nagelknipser-2-stueck-nagelzwicker-mit-nagelfeile-und-buechse-edelstahl-nagelschneider-fuer-finger-und-fussnaegel\/","og_site_name":"Markt-XXL","article_modified_time":"2023-04-10T23:47:19+00:00","og_image":[{"width":500,"height":500,"url":"https:\/\/m.media-amazon.com\/images\/I\/51wTX3+igQL._SL500_.jpg","type":"image\/jpeg"}],"twitter_card":"summary_large_image","twitter_misc":{"Gesch\u00e4tzte Lesezeit":"1\u00a0Minute"},"schema":{"@context":"https:\/\/schema.org","@graph":[{"@type":"WebPage","@id":"https:\/\/marktxxl.de\/markt\/produkt\/longzon-nagelknipser-2-stueck-nagelzwicker-mit-nagelfeile-und-buechse-edelstahl-nagelschneider-fuer-finger-und-fussnaegel\/","url":"https:\/\/marktxxl.de\/markt\/produkt\/longzon-nagelknipser-2-stueck-nagelzwicker-mit-nagelfeile-und-buechse-edelstahl-nagelschneider-fuer-finger-und-fussnaegel\/","name":"longzon Nagelknipser Set [2 St\u00fcck] Nagelzwicker Nail Clipper mit Nagelfeile und B\u00fcchse Edelstahl Nagelschneider f\u00fcr\u2026 - Markt-XXL","isPartOf":{"@id":"https:\/\/marktxxl.de\/markt\/#website"},"primaryImageOfPage":{"@id":"https:\/\/marktxxl.de\/markt\/produkt\/longzon-nagelknipser-2-stueck-nagelzwicker-mit-nagelfeile-und-buechse-edelstahl-nagelschneider-fuer-finger-und-fussnaegel\/#primaryimage"},"image":{"@id":"https:\/\/marktxxl.de\/markt\/produkt\/longzon-nagelknipser-2-stueck-nagelzwicker-mit-nagelfeile-und-buechse-edelstahl-nagelschneider-fuer-finger-und-fussnaegel\/#primaryimage"},"thumbnailUrl":"https:\/\/m.media-amazon.com\/images\/I\/51wTX3+igQL._SL500_.jpg","datePublished":"2021-09-13T18:15:18+00:00","dateModified":"2023-04-10T23:47:19+00:00","description":"Markt-XXL longzon Nagelknipser Set [2 St\u00fcck] Nagelzwicker Nail Clipper mit Nagelfeile und B\u00fcchse Edelstahl Nagelschneider f\u00fcr\u2026","breadcrumb":{"@id":"https:\/\/marktxxl.de\/markt\/produkt\/longzon-nagelknipser-2-stueck-nagelzwicker-mit-nagelfeile-und-buechse-edelstahl-nagelschneider-fuer-finger-und-fussnaegel\/#breadcrumb"},"inLanguage":"de","potentialAction":[{"@type":"ReadAction","target":["https:\/\/marktxxl.de\/markt\/produkt\/longzon-nagelknipser-2-stueck-nagelzwicker-mit-nagelfeile-und-buechse-edelstahl-nagelschneider-fuer-finger-und-fussnaegel\/"]}]},{"@type":"ImageObject","inLanguage":"de","@id":"https:\/\/marktxxl.de\/markt\/produkt\/longzon-nagelknipser-2-stueck-nagelzwicker-mit-nagelfeile-und-buechse-edelstahl-nagelschneider-fuer-finger-und-fussnaegel\/#primaryimage","url":"https:\/\/m.media-amazon.com\/images\/I\/51wTX3+igQL._SL500_.jpg","contentUrl":"https:\/\/m.media-amazon.com\/images\/I\/51wTX3+igQL._SL500_.jpg","width":500,"height":500},{"@type":"BreadcrumbList","@id":"https:\/\/marktxxl.de\/markt\/produkt\/longzon-nagelknipser-2-stueck-nagelzwicker-mit-nagelfeile-und-buechse-edelstahl-nagelschneider-fuer-finger-und-fussnaegel\/#breadcrumb","itemListElement":[{"@type":"ListItem","position":1,"name":"Startseite","item":"https:\/\/marktxxl.de\/markt\/"},{"@type":"ListItem","position":2,"name":"Markt","item":"https:\/\/marktxxl.de\/markt\/"},{"@type":"ListItem","position":3,"name":"longzon Nagelknipser Set [2 St\u00fcck] Nagelzwicker Nail Clipper mit Nagelfeile und B\u00fcchse Edelstahl Nagelschneider f\u00fcr\u2026"}]},{"@type":"WebSite","@id":"https:\/\/marktxxl.de\/markt\/#website","url":"https:\/\/marktxxl.de\/markt\/","name":"Markt-XXL","description":"Ihr Markt Online","publisher":{"@id":"https:\/\/marktxxl.de\/markt\/#organization"},"potentialAction":[{"@type":"SearchAction","target":{"@type":"EntryPoint","urlTemplate":"https:\/\/marktxxl.de\/markt\/?s={search_term_string}"},"query-input":{"@type":"PropertyValueSpecification","valueRequired":true,"valueName":"search_term_string"}}],"inLanguage":"de"},{"@type":"Organization","@id":"https:\/\/marktxxl.de\/markt\/#organization","name":"Markt-XXL","url":"https:\/\/marktxxl.de\/markt\/","logo":{"@type":"ImageObject","inLanguage":"de","@id":"https:\/\/marktxxl.de\/markt\/#\/schema\/logo\/image\/","url":"https:\/\/marktxxl.de\/markt\/wp-content\/uploads\/sites\/3\/2020\/12\/logo.png","contentUrl":"https:\/\/marktxxl.de\/markt\/wp-content\/uploads\/sites\/3\/2020\/12\/logo.png","width":200,"height":70,"caption":"Markt-XXL"},"image":{"@id":"https:\/\/marktxxl.de\/markt\/#\/schema\/logo\/image\/"}}]}},"_links":{"self":[{"href":"https:\/\/marktxxl.de\/markt\/wp-json\/wp\/v2\/product\/33777","targetHints":{"allow":["GET"]}}],"collection":[{"href":"https:\/\/marktxxl.de\/markt\/wp-json\/wp\/v2\/product"}],"about":[{"href":"https:\/\/marktxxl.de\/markt\/wp-json\/wp\/v2\/types\/product"}],"replies":[{"embeddable":true,"href":"https:\/\/marktxxl.de\/markt\/wp-json\/wp\/v2\/comments?post=33777"}],"wp:featuredmedia":[{"embeddable":true,"href":"https:\/\/marktxxl.de\/markt\/wp-json\/wp\/v2\/media\/33778"}],"wp:attachment":[{"href":"https:\/\/marktxxl.de\/markt\/wp-json\/wp\/v2\/media?parent=33777"}],"wp:term":[{"taxonomy":"product_brand","embeddable":true,"href":"https:\/\/marktxxl.de\/markt\/wp-json\/wp\/v2\/product_brand?post=33777"},{"taxonomy":"product_cat","embeddable":true,"href":"https:\/\/marktxxl.de\/markt\/wp-json\/wp\/v2\/product_cat?post=33777"},{"taxonomy":"product_tag","embeddable":true,"href":"https:\/\/marktxxl.de\/markt\/wp-json\/wp\/v2\/product_tag?post=33777"}],"curies":[{"name":"wp","href":"https:\/\/api.w.org\/{rel}","templated":true}]}}