{"id":33577,"date":"2021-09-13T20:12:09","date_gmt":"2021-09-13T18:12:09","guid":{"rendered":"https:\/\/marktxxl.de\/markt\/produkt\/zehenspreizer-silikon-fuer-alle-zehen-6x-dermatest-sehr-gut-3-paare-verbessertes-soft-gel-silikon-0-bpa-universalgroesse-zehentrenner-ebook\/"},"modified":"2023-04-11T01:47:18","modified_gmt":"2023-04-10T23:47:18","slug":"zehenspreizer-silikon-fuer-alle-zehen-6x-dermatest-sehr-gut-3-paare-verbessertes-soft-gel-silikon-0-bpa-universalgroesse-zehentrenner-ebook","status":"publish","type":"product","link":"https:\/\/marktxxl.de\/markt\/produkt\/zehenspreizer-silikon-fuer-alle-zehen-6x-dermatest-sehr-gut-3-paare-verbessertes-soft-gel-silikon-0-bpa-universalgroesse-zehentrenner-ebook\/","title":{"rendered":"Zehenspreizer Silikon f\u00fcr alle Zehen [6x], DERMATEST: SEHR GUT, 3 Paare, verbessertes Soft Gel Silikon, 0% BPA\u2026"},"content":{"rendered":"<p>\u2705 VERTRAUEN SIE YOGAMEDIC: Ihre Zehen werden durch die Zehentrenner w\u00e4hrend des Tragens sanft in eine gerade Position gebracht.<br \/>\n\u2705 BEDECKT DRUCKSTELLEN: Unser neuer Zehenspreizer, aus verbessertem Silikon-Material, spreizt nicht nur Ihre Zehen, sondern bedeckt auch Druckstellen am Fu\u00df.<br \/>\n\u2705 6 ST\u00dcCK VORRATSPACK: Unser Zehenkorrektor kann einfach gereinigt werden und ist wiederverwendbar.<br \/>\n\u2705 EINHEITSGR\u00d6SSE und PERFEKTE PASSFORM: Der weiche Spreizer kann barfu\u00df, in Socken oder Schuhen an jedem Gro\u00dfzeh getragen werden und h\u00e4lt die Position nachts und tags\u00fcber.<br \/>\n\u2705 EHRLICHKEIT und QUALIT\u00c4T: Wir bei YogaMedic sind stolz auf unser Produkt und machen keine falschen Versprechen. Eine nachhaltige Hallux Valgus Korrektur wird mit keinem Hallux Valgus Zehenspreizer zu erzielen sein. Allerdings sprechen tausende zufriedene Kundenbewertungen f\u00fcr unsere Produkte. Bei nicht-gefallen findet unser Kundenservice eine L\u00f6sung f\u00fcr Sie.<br \/>\n<div class=\"main-cross-sell\" data-asin=\"B0895KVGQK\">\n\n\t<div class=\"WooZone-cross-sell-loader\">\n\t\t<div>\n\t\t\t<div id=\"floatingBarsG\">\n\t\t\t\t<div class=\"blockG\" id=\"rotateG_01\"><\/div>\n\t\t\t\t<div class=\"blockG\" id=\"rotateG_02\"><\/div>\n\t\t\t\t<div class=\"blockG\" id=\"rotateG_03\"><\/div>\n\t\t\t\t<div class=\"blockG\" id=\"rotateG_04\"><\/div>\n\t\t\t\t<div class=\"blockG\" id=\"rotateG_05\"><\/div>\n\t\t\t\t<div class=\"blockG\" id=\"rotateG_06\"><\/div>\n\t\t\t\t<div class=\"blockG\" id=\"rotateG_07\"><\/div>\n\t\t\t\t<div class=\"blockG\" id=\"rotateG_08\"><\/div>\n\t\t\t<\/div>\n\t\t\t<div class=\"WooZone-cross-sell-loader-text\"><\/div>\n\t\t<\/div>\n\t<\/div>\n\n\t\t\n<\/div>\n<div style=\"clear:both;\"><\/div><\/p>\n","protected":false},"excerpt":{"rendered":"<p>\u2705 VERTRAUEN SIE YOGAMEDIC: Ihre Zehen werden durch die Zehentrenner w\u00e4hrend des Tragens sanft in eine gerade Position gebracht.<br \/>\n\u2705 BEDECKT DRUCKSTELLEN: Unser neuer Zehenspreizer, aus verbessertem Silikon-Material, spreizt nicht nur Ihre Zehen, sondern bedeckt auch Druckstellen am Fu\u00df.<br \/>\n\u2705 6 ST\u00dcCK VORRATSPACK: Unser Zehenkorrektor kann einfach gereinigt werden und ist wiederverwendbar.<\/p>\n","protected":false},"featured_media":33578,"comment_status":"open","ping_status":"closed","template":"","meta":[],"product_brand":[],"product_cat":[2858,7659],"product_tag":[],"class_list":{"0":"post-33577","1":"product","2":"type-product","3":"status-publish","4":"has-post-thumbnail","6":"product_cat-beauty","7":"product_cat-manikuere-pedikuere","8":"pa_brand-yogamedic","9":"pa_manufacturer-jrsk-comercio","10":"pa_model-zsa6","11":"pa_size-6-stueck-alle-die-selbe-variante","13":"first","14":"instock","15":"shipping-taxable","16":"purchasable","17":"product-type-simple","18":"customify-col","19":"product-has-gallery"},"yoast_head":"<!-- This site is optimized with the Yoast SEO plugin v27.4 - https:\/\/yoast.com\/product\/yoast-seo-wordpress\/ -->\n<title>Zehenspreizer Silikon f\u00fcr alle Zehen [6x], DERMATEST: SEHR GUT, 3 Paare, verbessertes Soft Gel Silikon, 0% BPA\u2026 - Markt-XXL<\/title>\n<meta name=\"description\" content=\"Markt-XXL Zehenspreizer Silikon f\u00fcr alle Zehen [6x], DERMATEST: SEHR GUT, 3 Paare, verbessertes Soft Gel Silikon, 0% BPA\u2026\" \/>\n<meta name=\"robots\" content=\"index, follow, max-snippet:-1, max-image-preview:large, max-video-preview:-1\" \/>\n<link rel=\"canonical\" href=\"https:\/\/marktxxl.de\/markt\/produkt\/zehenspreizer-silikon-fuer-alle-zehen-6x-dermatest-sehr-gut-3-paare-verbessertes-soft-gel-silikon-0-bpa-universalgroesse-zehentrenner-ebook\/\" \/>\n<meta property=\"og:locale\" content=\"de_DE\" \/>\n<meta property=\"og:type\" content=\"article\" \/>\n<meta property=\"og:title\" content=\"Zehenspreizer Silikon f\u00fcr alle Zehen [6x], DERMATEST: SEHR GUT, 3 Paare, verbessertes Soft Gel Silikon, 0% BPA\u2026 - Markt-XXL\" \/>\n<meta property=\"og:description\" content=\"Markt-XXL Zehenspreizer Silikon f\u00fcr alle Zehen [6x], DERMATEST: SEHR GUT, 3 Paare, verbessertes Soft Gel Silikon, 0% BPA\u2026\" \/>\n<meta property=\"og:url\" content=\"https:\/\/marktxxl.de\/markt\/produkt\/zehenspreizer-silikon-fuer-alle-zehen-6x-dermatest-sehr-gut-3-paare-verbessertes-soft-gel-silikon-0-bpa-universalgroesse-zehentrenner-ebook\/\" \/>\n<meta property=\"og:site_name\" content=\"Markt-XXL\" \/>\n<meta property=\"article:modified_time\" content=\"2023-04-10T23:47:18+00:00\" \/>\n<meta property=\"og:image\" content=\"https:\/\/m.media-amazon.com\/images\/I\/416f92GkwjL._SL500_.jpg\" \/>\n\t<meta property=\"og:image:width\" content=\"500\" \/>\n\t<meta property=\"og:image:height\" content=\"500\" \/>\n\t<meta property=\"og:image:type\" content=\"image\/jpeg\" \/>\n<meta name=\"twitter:card\" content=\"summary_large_image\" \/>\n<meta name=\"twitter:label1\" content=\"Gesch\u00e4tzte Lesezeit\" \/>\n\t<meta name=\"twitter:data1\" content=\"1\u00a0Minute\" \/>\n<script type=\"application\/ld+json\" class=\"yoast-schema-graph\">{\"@context\":\"https:\\\/\\\/schema.org\",\"@graph\":[{\"@type\":\"WebPage\",\"@id\":\"https:\\\/\\\/marktxxl.de\\\/markt\\\/produkt\\\/zehenspreizer-silikon-fuer-alle-zehen-6x-dermatest-sehr-gut-3-paare-verbessertes-soft-gel-silikon-0-bpa-universalgroesse-zehentrenner-ebook\\\/\",\"url\":\"https:\\\/\\\/marktxxl.de\\\/markt\\\/produkt\\\/zehenspreizer-silikon-fuer-alle-zehen-6x-dermatest-sehr-gut-3-paare-verbessertes-soft-gel-silikon-0-bpa-universalgroesse-zehentrenner-ebook\\\/\",\"name\":\"Zehenspreizer Silikon f\u00fcr alle Zehen [6x], DERMATEST: SEHR GUT, 3 Paare, verbessertes Soft Gel Silikon, 0% BPA\u2026 - Markt-XXL\",\"isPartOf\":{\"@id\":\"https:\\\/\\\/marktxxl.de\\\/markt\\\/#website\"},\"primaryImageOfPage\":{\"@id\":\"https:\\\/\\\/marktxxl.de\\\/markt\\\/produkt\\\/zehenspreizer-silikon-fuer-alle-zehen-6x-dermatest-sehr-gut-3-paare-verbessertes-soft-gel-silikon-0-bpa-universalgroesse-zehentrenner-ebook\\\/#primaryimage\"},\"image\":{\"@id\":\"https:\\\/\\\/marktxxl.de\\\/markt\\\/produkt\\\/zehenspreizer-silikon-fuer-alle-zehen-6x-dermatest-sehr-gut-3-paare-verbessertes-soft-gel-silikon-0-bpa-universalgroesse-zehentrenner-ebook\\\/#primaryimage\"},\"thumbnailUrl\":\"https:\\\/\\\/m.media-amazon.com\\\/images\\\/I\\\/416f92GkwjL._SL500_.jpg\",\"datePublished\":\"2021-09-13T18:12:09+00:00\",\"dateModified\":\"2023-04-10T23:47:18+00:00\",\"description\":\"Markt-XXL Zehenspreizer Silikon f\u00fcr alle Zehen [6x], DERMATEST: SEHR GUT, 3 Paare, verbessertes Soft Gel Silikon, 0% BPA\u2026\",\"breadcrumb\":{\"@id\":\"https:\\\/\\\/marktxxl.de\\\/markt\\\/produkt\\\/zehenspreizer-silikon-fuer-alle-zehen-6x-dermatest-sehr-gut-3-paare-verbessertes-soft-gel-silikon-0-bpa-universalgroesse-zehentrenner-ebook\\\/#breadcrumb\"},\"inLanguage\":\"de\",\"potentialAction\":[{\"@type\":\"ReadAction\",\"target\":[\"https:\\\/\\\/marktxxl.de\\\/markt\\\/produkt\\\/zehenspreizer-silikon-fuer-alle-zehen-6x-dermatest-sehr-gut-3-paare-verbessertes-soft-gel-silikon-0-bpa-universalgroesse-zehentrenner-ebook\\\/\"]}]},{\"@type\":\"ImageObject\",\"inLanguage\":\"de\",\"@id\":\"https:\\\/\\\/marktxxl.de\\\/markt\\\/produkt\\\/zehenspreizer-silikon-fuer-alle-zehen-6x-dermatest-sehr-gut-3-paare-verbessertes-soft-gel-silikon-0-bpa-universalgroesse-zehentrenner-ebook\\\/#primaryimage\",\"url\":\"https:\\\/\\\/m.media-amazon.com\\\/images\\\/I\\\/416f92GkwjL._SL500_.jpg\",\"contentUrl\":\"https:\\\/\\\/m.media-amazon.com\\\/images\\\/I\\\/416f92GkwjL._SL500_.jpg\",\"width\":500,\"height\":500},{\"@type\":\"BreadcrumbList\",\"@id\":\"https:\\\/\\\/marktxxl.de\\\/markt\\\/produkt\\\/zehenspreizer-silikon-fuer-alle-zehen-6x-dermatest-sehr-gut-3-paare-verbessertes-soft-gel-silikon-0-bpa-universalgroesse-zehentrenner-ebook\\\/#breadcrumb\",\"itemListElement\":[{\"@type\":\"ListItem\",\"position\":1,\"name\":\"Startseite\",\"item\":\"https:\\\/\\\/marktxxl.de\\\/markt\\\/\"},{\"@type\":\"ListItem\",\"position\":2,\"name\":\"Markt\",\"item\":\"https:\\\/\\\/marktxxl.de\\\/markt\\\/\"},{\"@type\":\"ListItem\",\"position\":3,\"name\":\"Zehenspreizer Silikon f\u00fcr alle Zehen [6x], DERMATEST: SEHR GUT, 3 Paare, verbessertes Soft Gel Silikon, 0% BPA\u2026\"}]},{\"@type\":\"WebSite\",\"@id\":\"https:\\\/\\\/marktxxl.de\\\/markt\\\/#website\",\"url\":\"https:\\\/\\\/marktxxl.de\\\/markt\\\/\",\"name\":\"Markt-XXL\",\"description\":\"Ihr Markt Online\",\"publisher\":{\"@id\":\"https:\\\/\\\/marktxxl.de\\\/markt\\\/#organization\"},\"potentialAction\":[{\"@type\":\"SearchAction\",\"target\":{\"@type\":\"EntryPoint\",\"urlTemplate\":\"https:\\\/\\\/marktxxl.de\\\/markt\\\/?s={search_term_string}\"},\"query-input\":{\"@type\":\"PropertyValueSpecification\",\"valueRequired\":true,\"valueName\":\"search_term_string\"}}],\"inLanguage\":\"de\"},{\"@type\":\"Organization\",\"@id\":\"https:\\\/\\\/marktxxl.de\\\/markt\\\/#organization\",\"name\":\"Markt-XXL\",\"url\":\"https:\\\/\\\/marktxxl.de\\\/markt\\\/\",\"logo\":{\"@type\":\"ImageObject\",\"inLanguage\":\"de\",\"@id\":\"https:\\\/\\\/marktxxl.de\\\/markt\\\/#\\\/schema\\\/logo\\\/image\\\/\",\"url\":\"https:\\\/\\\/marktxxl.de\\\/markt\\\/wp-content\\\/uploads\\\/sites\\\/3\\\/2020\\\/12\\\/logo.png\",\"contentUrl\":\"https:\\\/\\\/marktxxl.de\\\/markt\\\/wp-content\\\/uploads\\\/sites\\\/3\\\/2020\\\/12\\\/logo.png\",\"width\":200,\"height\":70,\"caption\":\"Markt-XXL\"},\"image\":{\"@id\":\"https:\\\/\\\/marktxxl.de\\\/markt\\\/#\\\/schema\\\/logo\\\/image\\\/\"}}]}<\/script>\n<!-- \/ Yoast SEO plugin. -->","yoast_head_json":{"title":"Zehenspreizer Silikon f\u00fcr alle Zehen [6x], DERMATEST: SEHR GUT, 3 Paare, verbessertes Soft Gel Silikon, 0% BPA\u2026 - Markt-XXL","description":"Markt-XXL Zehenspreizer Silikon f\u00fcr alle Zehen [6x], DERMATEST: SEHR GUT, 3 Paare, verbessertes Soft Gel Silikon, 0% BPA\u2026","robots":{"index":"index","follow":"follow","max-snippet":"max-snippet:-1","max-image-preview":"max-image-preview:large","max-video-preview":"max-video-preview:-1"},"canonical":"https:\/\/marktxxl.de\/markt\/produkt\/zehenspreizer-silikon-fuer-alle-zehen-6x-dermatest-sehr-gut-3-paare-verbessertes-soft-gel-silikon-0-bpa-universalgroesse-zehentrenner-ebook\/","og_locale":"de_DE","og_type":"article","og_title":"Zehenspreizer Silikon f\u00fcr alle Zehen [6x], DERMATEST: SEHR GUT, 3 Paare, verbessertes Soft Gel Silikon, 0% BPA\u2026 - Markt-XXL","og_description":"Markt-XXL Zehenspreizer Silikon f\u00fcr alle Zehen [6x], DERMATEST: SEHR GUT, 3 Paare, verbessertes Soft Gel Silikon, 0% BPA\u2026","og_url":"https:\/\/marktxxl.de\/markt\/produkt\/zehenspreizer-silikon-fuer-alle-zehen-6x-dermatest-sehr-gut-3-paare-verbessertes-soft-gel-silikon-0-bpa-universalgroesse-zehentrenner-ebook\/","og_site_name":"Markt-XXL","article_modified_time":"2023-04-10T23:47:18+00:00","og_image":[{"width":500,"height":500,"url":"https:\/\/m.media-amazon.com\/images\/I\/416f92GkwjL._SL500_.jpg","type":"image\/jpeg"}],"twitter_card":"summary_large_image","twitter_misc":{"Gesch\u00e4tzte Lesezeit":"1\u00a0Minute"},"schema":{"@context":"https:\/\/schema.org","@graph":[{"@type":"WebPage","@id":"https:\/\/marktxxl.de\/markt\/produkt\/zehenspreizer-silikon-fuer-alle-zehen-6x-dermatest-sehr-gut-3-paare-verbessertes-soft-gel-silikon-0-bpa-universalgroesse-zehentrenner-ebook\/","url":"https:\/\/marktxxl.de\/markt\/produkt\/zehenspreizer-silikon-fuer-alle-zehen-6x-dermatest-sehr-gut-3-paare-verbessertes-soft-gel-silikon-0-bpa-universalgroesse-zehentrenner-ebook\/","name":"Zehenspreizer Silikon f\u00fcr alle Zehen [6x], DERMATEST: SEHR GUT, 3 Paare, verbessertes Soft Gel Silikon, 0% BPA\u2026 - Markt-XXL","isPartOf":{"@id":"https:\/\/marktxxl.de\/markt\/#website"},"primaryImageOfPage":{"@id":"https:\/\/marktxxl.de\/markt\/produkt\/zehenspreizer-silikon-fuer-alle-zehen-6x-dermatest-sehr-gut-3-paare-verbessertes-soft-gel-silikon-0-bpa-universalgroesse-zehentrenner-ebook\/#primaryimage"},"image":{"@id":"https:\/\/marktxxl.de\/markt\/produkt\/zehenspreizer-silikon-fuer-alle-zehen-6x-dermatest-sehr-gut-3-paare-verbessertes-soft-gel-silikon-0-bpa-universalgroesse-zehentrenner-ebook\/#primaryimage"},"thumbnailUrl":"https:\/\/m.media-amazon.com\/images\/I\/416f92GkwjL._SL500_.jpg","datePublished":"2021-09-13T18:12:09+00:00","dateModified":"2023-04-10T23:47:18+00:00","description":"Markt-XXL Zehenspreizer Silikon f\u00fcr alle Zehen [6x], DERMATEST: SEHR GUT, 3 Paare, verbessertes Soft Gel Silikon, 0% BPA\u2026","breadcrumb":{"@id":"https:\/\/marktxxl.de\/markt\/produkt\/zehenspreizer-silikon-fuer-alle-zehen-6x-dermatest-sehr-gut-3-paare-verbessertes-soft-gel-silikon-0-bpa-universalgroesse-zehentrenner-ebook\/#breadcrumb"},"inLanguage":"de","potentialAction":[{"@type":"ReadAction","target":["https:\/\/marktxxl.de\/markt\/produkt\/zehenspreizer-silikon-fuer-alle-zehen-6x-dermatest-sehr-gut-3-paare-verbessertes-soft-gel-silikon-0-bpa-universalgroesse-zehentrenner-ebook\/"]}]},{"@type":"ImageObject","inLanguage":"de","@id":"https:\/\/marktxxl.de\/markt\/produkt\/zehenspreizer-silikon-fuer-alle-zehen-6x-dermatest-sehr-gut-3-paare-verbessertes-soft-gel-silikon-0-bpa-universalgroesse-zehentrenner-ebook\/#primaryimage","url":"https:\/\/m.media-amazon.com\/images\/I\/416f92GkwjL._SL500_.jpg","contentUrl":"https:\/\/m.media-amazon.com\/images\/I\/416f92GkwjL._SL500_.jpg","width":500,"height":500},{"@type":"BreadcrumbList","@id":"https:\/\/marktxxl.de\/markt\/produkt\/zehenspreizer-silikon-fuer-alle-zehen-6x-dermatest-sehr-gut-3-paare-verbessertes-soft-gel-silikon-0-bpa-universalgroesse-zehentrenner-ebook\/#breadcrumb","itemListElement":[{"@type":"ListItem","position":1,"name":"Startseite","item":"https:\/\/marktxxl.de\/markt\/"},{"@type":"ListItem","position":2,"name":"Markt","item":"https:\/\/marktxxl.de\/markt\/"},{"@type":"ListItem","position":3,"name":"Zehenspreizer Silikon f\u00fcr alle Zehen [6x], DERMATEST: SEHR GUT, 3 Paare, verbessertes Soft Gel Silikon, 0% BPA\u2026"}]},{"@type":"WebSite","@id":"https:\/\/marktxxl.de\/markt\/#website","url":"https:\/\/marktxxl.de\/markt\/","name":"Markt-XXL","description":"Ihr Markt Online","publisher":{"@id":"https:\/\/marktxxl.de\/markt\/#organization"},"potentialAction":[{"@type":"SearchAction","target":{"@type":"EntryPoint","urlTemplate":"https:\/\/marktxxl.de\/markt\/?s={search_term_string}"},"query-input":{"@type":"PropertyValueSpecification","valueRequired":true,"valueName":"search_term_string"}}],"inLanguage":"de"},{"@type":"Organization","@id":"https:\/\/marktxxl.de\/markt\/#organization","name":"Markt-XXL","url":"https:\/\/marktxxl.de\/markt\/","logo":{"@type":"ImageObject","inLanguage":"de","@id":"https:\/\/marktxxl.de\/markt\/#\/schema\/logo\/image\/","url":"https:\/\/marktxxl.de\/markt\/wp-content\/uploads\/sites\/3\/2020\/12\/logo.png","contentUrl":"https:\/\/marktxxl.de\/markt\/wp-content\/uploads\/sites\/3\/2020\/12\/logo.png","width":200,"height":70,"caption":"Markt-XXL"},"image":{"@id":"https:\/\/marktxxl.de\/markt\/#\/schema\/logo\/image\/"}}]}},"_links":{"self":[{"href":"https:\/\/marktxxl.de\/markt\/wp-json\/wp\/v2\/product\/33577","targetHints":{"allow":["GET"]}}],"collection":[{"href":"https:\/\/marktxxl.de\/markt\/wp-json\/wp\/v2\/product"}],"about":[{"href":"https:\/\/marktxxl.de\/markt\/wp-json\/wp\/v2\/types\/product"}],"replies":[{"embeddable":true,"href":"https:\/\/marktxxl.de\/markt\/wp-json\/wp\/v2\/comments?post=33577"}],"wp:featuredmedia":[{"embeddable":true,"href":"https:\/\/marktxxl.de\/markt\/wp-json\/wp\/v2\/media\/33578"}],"wp:attachment":[{"href":"https:\/\/marktxxl.de\/markt\/wp-json\/wp\/v2\/media?parent=33577"}],"wp:term":[{"taxonomy":"product_brand","embeddable":true,"href":"https:\/\/marktxxl.de\/markt\/wp-json\/wp\/v2\/product_brand?post=33577"},{"taxonomy":"product_cat","embeddable":true,"href":"https:\/\/marktxxl.de\/markt\/wp-json\/wp\/v2\/product_cat?post=33577"},{"taxonomy":"product_tag","embeddable":true,"href":"https:\/\/marktxxl.de\/markt\/wp-json\/wp\/v2\/product_tag?post=33577"}],"curies":[{"name":"wp","href":"https:\/\/api.w.org\/{rel}","templated":true}]}}