{"id":33469,"date":"2021-09-13T20:10:08","date_gmt":"2021-09-13T18:10:08","guid":{"rendered":"https:\/\/marktxxl.de\/markt\/produkt\/heckbo-kinder-jungen-beanie-muetze-loop-schal-set-fuer-fruehling-sommer-herbst-winter-wendemuetze-dinosaurier-dino-2-bis-8-jahren-95-baumwolle-weiches-pflegeleichtes-stretch-material\/"},"modified":"2023-04-11T01:47:17","modified_gmt":"2023-04-10T23:47:17","slug":"heckbo-kinder-jungen-beanie-muetze-loop-schal-set-fuer-fruehling-sommer-herbst-winter-wendemuetze-dinosaurier-dino-2-bis-8-jahren-95-baumwolle-weiches-pflegeleichtes-stretch-material","status":"publish","type":"product","link":"https:\/\/marktxxl.de\/markt\/produkt\/heckbo-kinder-jungen-beanie-muetze-loop-schal-set-fuer-fruehling-sommer-herbst-winter-wendemuetze-dinosaurier-dino-2-bis-8-jahren-95-baumwolle-weiches-pflegeleichtes-stretch-material\/","title":{"rendered":"Kinder Beanie M\u00fctze &amp; Schal Set &#8211; viele Motive &#8211; 95% Baumwolle &#8211; wendebar mit Jersey Stoff oder mit Vlies Fleece\u2026"},"content":{"rendered":"<p>Cooles M\u00fctzen &amp; Loop-Schal Set: Sie erhalten 1 HECKBO M\u00fctze und 1 HECKBO Loop-Schal auf denen ein kindgerechtes Dinosaurier Design in coolen Tarnfarben aufgedruckt ist &#8211; ein Must-Have f\u00fcr alle die Dinos lieben \ud83d\ude42 Die M\u00fctze und der Schal sind aus einem weichen stretch Stoff hergestellt und daher auch f\u00fcr Kinder von 2 bis 8 Jahren geeignet.<br \/>\nDas Highlight: Die Dino Beanie M\u00fctze und der passende Loopschal sind wendbar und daher k\u00f6nnen beide Produkte auch beidseitig getragen werden. Die Innenseite ist passend zu den Dinosaurier Motiv auf der Vorderseite in einem neutralen grau gehalten! Somit kann das Set mit verschiedenen Kleidungsst\u00fccken kombiniert werden.<br \/>\nPerfekte Passform &amp; angenehmer Tragekomfort: Das Wohlergehen ihres Kindes liegt uns am Herzen! Daher unterliegen unsere Produkte f\u00fcr Kinder einer strengen Qualit\u00e4tskontrolle. Die verwendeten Stoffe haben wir mit gro\u00dfer Sorgfalt ausgew\u00e4hlt. Zudem verwenden wir im Vergleich zu vielen Konkurrenzprodukten einen doppelten Stoff, der besonderen Schutz vor K\u00e4lte und Wind bietet aber gleichzeitig auch atmungsaktiv ist.<br \/>\nVielseitig einsetzbar zu jeder Jahreszeit: Ob im Kindergarten, in der Schule, in der Krippe, auf dem Spielplatz, beim Sport, im Urlaub oder beim Einkauf\u2013 mit diesem coolen Wendeschal und Wendeloop ist Ihr Kind f\u00fcr den Alltag bestens ger\u00fcstet und sieht dabei noch richtig cool aus :)! Und sollte das M\u00fctzen-Set einmal verschmutzt sein, kann es ganz einfach bei 40\u00b0 in der Waschmaschine gewaschen werden.<br \/>\nLieferumfang: 1x One-Size HECKBO M\u00fctze und Loop-Schal mit Dinosaurier Motiv; Farben: gr\u00fcn, schwarz; Breite der M\u00fctze: circa 26cm (stretch)<br \/>\n<div class=\"main-cross-sell\" data-asin=\"B07MHHVJN4\">\n\n\t<div class=\"WooZone-cross-sell-loader\">\n\t\t<div>\n\t\t\t<div id=\"floatingBarsG\">\n\t\t\t\t<div class=\"blockG\" id=\"rotateG_01\"><\/div>\n\t\t\t\t<div class=\"blockG\" id=\"rotateG_02\"><\/div>\n\t\t\t\t<div class=\"blockG\" id=\"rotateG_03\"><\/div>\n\t\t\t\t<div class=\"blockG\" id=\"rotateG_04\"><\/div>\n\t\t\t\t<div class=\"blockG\" id=\"rotateG_05\"><\/div>\n\t\t\t\t<div class=\"blockG\" id=\"rotateG_06\"><\/div>\n\t\t\t\t<div class=\"blockG\" id=\"rotateG_07\"><\/div>\n\t\t\t\t<div class=\"blockG\" id=\"rotateG_08\"><\/div>\n\t\t\t<\/div>\n\t\t\t<div class=\"WooZone-cross-sell-loader-text\"><\/div>\n\t\t<\/div>\n\t<\/div>\n\n\t\t\n<\/div>\n<div style=\"clear:both;\"><\/div><\/p>\n","protected":false},"excerpt":{"rendered":"<p>Cooles M\u00fctzen &amp; Loop-Schal Set: Sie erhalten 1 HECKBO M\u00fctze und 1 HECKBO Loop-Schal auf denen ein kindgerechtes Dinosaurier Design in coolen Tarnfarben aufgedruckt ist &#8211; ein Must-Have f\u00fcr alle die Dinos lieben \ud83d\ude42 Die M\u00fctze und der Schal sind aus einem weichen stretch Stoff hergestellt und daher auch f\u00fcr Kinder von 2 bis 8 Jahren geeignet.<br \/>\nDas Highlight: Die Dino Beanie M\u00fctze und der passende Loopschal sind wendbar und daher k\u00f6nnen beide Produkte auch beidseitig getragen werden. Die Innenseite ist passend zu den Dinosaurier Motiv auf der Vorderseite in einem neutralen grau gehalten! Somit kann das Set mit verschiedenen Kleidungsst\u00fccken kombiniert werden.<br \/>\nPerfekte Passform &amp; angenehmer Tragekomfort: Das Wohlergehen ihres Kindes liegt uns am Herzen! Daher unterliegen unsere Produkte f\u00fcr Kinder einer strengen Qualit\u00e4tskontrolle. Die verwendeten Stoffe haben wir mit gro\u00dfer Sorgfalt ausgew\u00e4hlt. Zudem verwenden wir im Vergleich zu vielen Konkurrenzprodukten einen doppelten Stoff, der besonderen Schutz vor K\u00e4lte und Wind bietet aber gleichzeitig auch atmungsaktiv ist.<\/p>\n","protected":false},"featured_media":33470,"comment_status":"open","ping_status":"closed","template":"","meta":[],"product_brand":[],"product_cat":[1186,4034],"product_tag":[],"class_list":{"0":"post-33469","1":"product","2":"type-product","3":"status-publish","4":"has-post-thumbnail","6":"product_cat-bekleidung","7":"product_cat-jungen","8":"pa_binding-textilien","9":"pa_brand-heckbo","10":"pa_color-dinosaurier","11":"pa_size-15274","13":"first","14":"instock","15":"shipping-taxable","16":"purchasable","17":"product-type-simple","18":"customify-col","19":"product-has-gallery"},"yoast_head":"<!-- This site is optimized with the Yoast SEO plugin v27.3 - https:\/\/yoast.com\/product\/yoast-seo-wordpress\/ -->\n<title>Kinder Beanie M\u00fctze &amp; Schal Set - viele Motive - 95% Baumwolle - wendebar mit Jersey Stoff oder mit Vlies Fleece\u2026 - Markt-XXL<\/title>\n<meta name=\"description\" content=\"Markt-XXL Kinder Beanie M\u00fctze &amp; Schal Set - viele Motive - 95% Baumwolle - wendebar mit Jersey Stoff oder mit Vlies Fleece\u2026\" \/>\n<meta name=\"robots\" content=\"index, follow, max-snippet:-1, max-image-preview:large, max-video-preview:-1\" \/>\n<link rel=\"canonical\" href=\"https:\/\/marktxxl.de\/markt\/produkt\/heckbo-kinder-jungen-beanie-muetze-loop-schal-set-fuer-fruehling-sommer-herbst-winter-wendemuetze-dinosaurier-dino-2-bis-8-jahren-95-baumwolle-weiches-pflegeleichtes-stretch-material\/\" \/>\n<meta property=\"og:locale\" content=\"de_DE\" \/>\n<meta property=\"og:type\" content=\"article\" \/>\n<meta property=\"og:title\" content=\"Kinder Beanie M\u00fctze &amp; Schal Set - viele Motive - 95% Baumwolle - wendebar mit Jersey Stoff oder mit Vlies Fleece\u2026 - Markt-XXL\" \/>\n<meta property=\"og:description\" content=\"Markt-XXL Kinder Beanie M\u00fctze &amp; Schal Set - viele Motive - 95% Baumwolle - wendebar mit Jersey Stoff oder mit Vlies Fleece\u2026\" \/>\n<meta property=\"og:url\" content=\"https:\/\/marktxxl.de\/markt\/produkt\/heckbo-kinder-jungen-beanie-muetze-loop-schal-set-fuer-fruehling-sommer-herbst-winter-wendemuetze-dinosaurier-dino-2-bis-8-jahren-95-baumwolle-weiches-pflegeleichtes-stretch-material\/\" \/>\n<meta property=\"og:site_name\" content=\"Markt-XXL\" \/>\n<meta property=\"article:modified_time\" content=\"2023-04-10T23:47:17+00:00\" \/>\n<meta property=\"og:image\" content=\"https:\/\/m.media-amazon.com\/images\/I\/51jNYig0EFL._SL500_.jpg\" \/>\n\t<meta property=\"og:image:width\" content=\"387\" \/>\n\t<meta property=\"og:image:height\" content=\"500\" \/>\n\t<meta property=\"og:image:type\" content=\"image\/jpeg\" \/>\n<meta name=\"twitter:card\" content=\"summary_large_image\" \/>\n<meta name=\"twitter:label1\" content=\"Gesch\u00e4tzte Lesezeit\" \/>\n\t<meta name=\"twitter:data1\" content=\"1\u00a0Minute\" \/>\n<script type=\"application\/ld+json\" class=\"yoast-schema-graph\">{\"@context\":\"https:\\\/\\\/schema.org\",\"@graph\":[{\"@type\":\"WebPage\",\"@id\":\"https:\\\/\\\/marktxxl.de\\\/markt\\\/produkt\\\/heckbo-kinder-jungen-beanie-muetze-loop-schal-set-fuer-fruehling-sommer-herbst-winter-wendemuetze-dinosaurier-dino-2-bis-8-jahren-95-baumwolle-weiches-pflegeleichtes-stretch-material\\\/\",\"url\":\"https:\\\/\\\/marktxxl.de\\\/markt\\\/produkt\\\/heckbo-kinder-jungen-beanie-muetze-loop-schal-set-fuer-fruehling-sommer-herbst-winter-wendemuetze-dinosaurier-dino-2-bis-8-jahren-95-baumwolle-weiches-pflegeleichtes-stretch-material\\\/\",\"name\":\"Kinder Beanie M\u00fctze &amp; Schal Set - viele Motive - 95% Baumwolle - wendebar mit Jersey Stoff oder mit Vlies Fleece\u2026 - Markt-XXL\",\"isPartOf\":{\"@id\":\"https:\\\/\\\/marktxxl.de\\\/markt\\\/#website\"},\"primaryImageOfPage\":{\"@id\":\"https:\\\/\\\/marktxxl.de\\\/markt\\\/produkt\\\/heckbo-kinder-jungen-beanie-muetze-loop-schal-set-fuer-fruehling-sommer-herbst-winter-wendemuetze-dinosaurier-dino-2-bis-8-jahren-95-baumwolle-weiches-pflegeleichtes-stretch-material\\\/#primaryimage\"},\"image\":{\"@id\":\"https:\\\/\\\/marktxxl.de\\\/markt\\\/produkt\\\/heckbo-kinder-jungen-beanie-muetze-loop-schal-set-fuer-fruehling-sommer-herbst-winter-wendemuetze-dinosaurier-dino-2-bis-8-jahren-95-baumwolle-weiches-pflegeleichtes-stretch-material\\\/#primaryimage\"},\"thumbnailUrl\":\"https:\\\/\\\/m.media-amazon.com\\\/images\\\/I\\\/51jNYig0EFL._SL500_.jpg\",\"datePublished\":\"2021-09-13T18:10:08+00:00\",\"dateModified\":\"2023-04-10T23:47:17+00:00\",\"description\":\"Markt-XXL Kinder Beanie M\u00fctze &amp; Schal Set - viele Motive - 95% Baumwolle - wendebar mit Jersey Stoff oder mit Vlies Fleece\u2026\",\"breadcrumb\":{\"@id\":\"https:\\\/\\\/marktxxl.de\\\/markt\\\/produkt\\\/heckbo-kinder-jungen-beanie-muetze-loop-schal-set-fuer-fruehling-sommer-herbst-winter-wendemuetze-dinosaurier-dino-2-bis-8-jahren-95-baumwolle-weiches-pflegeleichtes-stretch-material\\\/#breadcrumb\"},\"inLanguage\":\"de\",\"potentialAction\":[{\"@type\":\"ReadAction\",\"target\":[\"https:\\\/\\\/marktxxl.de\\\/markt\\\/produkt\\\/heckbo-kinder-jungen-beanie-muetze-loop-schal-set-fuer-fruehling-sommer-herbst-winter-wendemuetze-dinosaurier-dino-2-bis-8-jahren-95-baumwolle-weiches-pflegeleichtes-stretch-material\\\/\"]}]},{\"@type\":\"ImageObject\",\"inLanguage\":\"de\",\"@id\":\"https:\\\/\\\/marktxxl.de\\\/markt\\\/produkt\\\/heckbo-kinder-jungen-beanie-muetze-loop-schal-set-fuer-fruehling-sommer-herbst-winter-wendemuetze-dinosaurier-dino-2-bis-8-jahren-95-baumwolle-weiches-pflegeleichtes-stretch-material\\\/#primaryimage\",\"url\":\"https:\\\/\\\/m.media-amazon.com\\\/images\\\/I\\\/51jNYig0EFL._SL500_.jpg\",\"contentUrl\":\"https:\\\/\\\/m.media-amazon.com\\\/images\\\/I\\\/51jNYig0EFL._SL500_.jpg\",\"width\":387,\"height\":500},{\"@type\":\"BreadcrumbList\",\"@id\":\"https:\\\/\\\/marktxxl.de\\\/markt\\\/produkt\\\/heckbo-kinder-jungen-beanie-muetze-loop-schal-set-fuer-fruehling-sommer-herbst-winter-wendemuetze-dinosaurier-dino-2-bis-8-jahren-95-baumwolle-weiches-pflegeleichtes-stretch-material\\\/#breadcrumb\",\"itemListElement\":[{\"@type\":\"ListItem\",\"position\":1,\"name\":\"Startseite\",\"item\":\"https:\\\/\\\/marktxxl.de\\\/markt\\\/\"},{\"@type\":\"ListItem\",\"position\":2,\"name\":\"Markt\",\"item\":\"https:\\\/\\\/marktxxl.de\\\/markt\\\/\"},{\"@type\":\"ListItem\",\"position\":3,\"name\":\"Kinder Beanie M\u00fctze &amp; Schal Set &#8211; viele Motive &#8211; 95% Baumwolle &#8211; wendebar mit Jersey Stoff oder mit Vlies Fleece\u2026\"}]},{\"@type\":\"WebSite\",\"@id\":\"https:\\\/\\\/marktxxl.de\\\/markt\\\/#website\",\"url\":\"https:\\\/\\\/marktxxl.de\\\/markt\\\/\",\"name\":\"Markt-XXL\",\"description\":\"Ihr Markt Online\",\"publisher\":{\"@id\":\"https:\\\/\\\/marktxxl.de\\\/markt\\\/#organization\"},\"potentialAction\":[{\"@type\":\"SearchAction\",\"target\":{\"@type\":\"EntryPoint\",\"urlTemplate\":\"https:\\\/\\\/marktxxl.de\\\/markt\\\/?s={search_term_string}\"},\"query-input\":{\"@type\":\"PropertyValueSpecification\",\"valueRequired\":true,\"valueName\":\"search_term_string\"}}],\"inLanguage\":\"de\"},{\"@type\":\"Organization\",\"@id\":\"https:\\\/\\\/marktxxl.de\\\/markt\\\/#organization\",\"name\":\"Markt-XXL\",\"url\":\"https:\\\/\\\/marktxxl.de\\\/markt\\\/\",\"logo\":{\"@type\":\"ImageObject\",\"inLanguage\":\"de\",\"@id\":\"https:\\\/\\\/marktxxl.de\\\/markt\\\/#\\\/schema\\\/logo\\\/image\\\/\",\"url\":\"https:\\\/\\\/marktxxl.de\\\/markt\\\/wp-content\\\/uploads\\\/sites\\\/3\\\/2020\\\/12\\\/logo.png\",\"contentUrl\":\"https:\\\/\\\/marktxxl.de\\\/markt\\\/wp-content\\\/uploads\\\/sites\\\/3\\\/2020\\\/12\\\/logo.png\",\"width\":200,\"height\":70,\"caption\":\"Markt-XXL\"},\"image\":{\"@id\":\"https:\\\/\\\/marktxxl.de\\\/markt\\\/#\\\/schema\\\/logo\\\/image\\\/\"}}]}<\/script>\n<!-- \/ Yoast SEO plugin. -->","yoast_head_json":{"title":"Kinder Beanie M\u00fctze &amp; Schal Set - viele Motive - 95% Baumwolle - wendebar mit Jersey Stoff oder mit Vlies Fleece\u2026 - Markt-XXL","description":"Markt-XXL Kinder Beanie M\u00fctze &amp; Schal Set - viele Motive - 95% Baumwolle - wendebar mit Jersey Stoff oder mit Vlies Fleece\u2026","robots":{"index":"index","follow":"follow","max-snippet":"max-snippet:-1","max-image-preview":"max-image-preview:large","max-video-preview":"max-video-preview:-1"},"canonical":"https:\/\/marktxxl.de\/markt\/produkt\/heckbo-kinder-jungen-beanie-muetze-loop-schal-set-fuer-fruehling-sommer-herbst-winter-wendemuetze-dinosaurier-dino-2-bis-8-jahren-95-baumwolle-weiches-pflegeleichtes-stretch-material\/","og_locale":"de_DE","og_type":"article","og_title":"Kinder Beanie M\u00fctze &amp; Schal Set - viele Motive - 95% Baumwolle - wendebar mit Jersey Stoff oder mit Vlies Fleece\u2026 - Markt-XXL","og_description":"Markt-XXL Kinder Beanie M\u00fctze &amp; Schal Set - viele Motive - 95% Baumwolle - wendebar mit Jersey Stoff oder mit Vlies Fleece\u2026","og_url":"https:\/\/marktxxl.de\/markt\/produkt\/heckbo-kinder-jungen-beanie-muetze-loop-schal-set-fuer-fruehling-sommer-herbst-winter-wendemuetze-dinosaurier-dino-2-bis-8-jahren-95-baumwolle-weiches-pflegeleichtes-stretch-material\/","og_site_name":"Markt-XXL","article_modified_time":"2023-04-10T23:47:17+00:00","og_image":[{"width":387,"height":500,"url":"https:\/\/m.media-amazon.com\/images\/I\/51jNYig0EFL._SL500_.jpg","type":"image\/jpeg"}],"twitter_card":"summary_large_image","twitter_misc":{"Gesch\u00e4tzte Lesezeit":"1\u00a0Minute"},"schema":{"@context":"https:\/\/schema.org","@graph":[{"@type":"WebPage","@id":"https:\/\/marktxxl.de\/markt\/produkt\/heckbo-kinder-jungen-beanie-muetze-loop-schal-set-fuer-fruehling-sommer-herbst-winter-wendemuetze-dinosaurier-dino-2-bis-8-jahren-95-baumwolle-weiches-pflegeleichtes-stretch-material\/","url":"https:\/\/marktxxl.de\/markt\/produkt\/heckbo-kinder-jungen-beanie-muetze-loop-schal-set-fuer-fruehling-sommer-herbst-winter-wendemuetze-dinosaurier-dino-2-bis-8-jahren-95-baumwolle-weiches-pflegeleichtes-stretch-material\/","name":"Kinder Beanie M\u00fctze &amp; Schal Set - viele Motive - 95% Baumwolle - wendebar mit Jersey Stoff oder mit Vlies Fleece\u2026 - Markt-XXL","isPartOf":{"@id":"https:\/\/marktxxl.de\/markt\/#website"},"primaryImageOfPage":{"@id":"https:\/\/marktxxl.de\/markt\/produkt\/heckbo-kinder-jungen-beanie-muetze-loop-schal-set-fuer-fruehling-sommer-herbst-winter-wendemuetze-dinosaurier-dino-2-bis-8-jahren-95-baumwolle-weiches-pflegeleichtes-stretch-material\/#primaryimage"},"image":{"@id":"https:\/\/marktxxl.de\/markt\/produkt\/heckbo-kinder-jungen-beanie-muetze-loop-schal-set-fuer-fruehling-sommer-herbst-winter-wendemuetze-dinosaurier-dino-2-bis-8-jahren-95-baumwolle-weiches-pflegeleichtes-stretch-material\/#primaryimage"},"thumbnailUrl":"https:\/\/m.media-amazon.com\/images\/I\/51jNYig0EFL._SL500_.jpg","datePublished":"2021-09-13T18:10:08+00:00","dateModified":"2023-04-10T23:47:17+00:00","description":"Markt-XXL Kinder Beanie M\u00fctze &amp; Schal Set - viele Motive - 95% Baumwolle - wendebar mit Jersey Stoff oder mit Vlies Fleece\u2026","breadcrumb":{"@id":"https:\/\/marktxxl.de\/markt\/produkt\/heckbo-kinder-jungen-beanie-muetze-loop-schal-set-fuer-fruehling-sommer-herbst-winter-wendemuetze-dinosaurier-dino-2-bis-8-jahren-95-baumwolle-weiches-pflegeleichtes-stretch-material\/#breadcrumb"},"inLanguage":"de","potentialAction":[{"@type":"ReadAction","target":["https:\/\/marktxxl.de\/markt\/produkt\/heckbo-kinder-jungen-beanie-muetze-loop-schal-set-fuer-fruehling-sommer-herbst-winter-wendemuetze-dinosaurier-dino-2-bis-8-jahren-95-baumwolle-weiches-pflegeleichtes-stretch-material\/"]}]},{"@type":"ImageObject","inLanguage":"de","@id":"https:\/\/marktxxl.de\/markt\/produkt\/heckbo-kinder-jungen-beanie-muetze-loop-schal-set-fuer-fruehling-sommer-herbst-winter-wendemuetze-dinosaurier-dino-2-bis-8-jahren-95-baumwolle-weiches-pflegeleichtes-stretch-material\/#primaryimage","url":"https:\/\/m.media-amazon.com\/images\/I\/51jNYig0EFL._SL500_.jpg","contentUrl":"https:\/\/m.media-amazon.com\/images\/I\/51jNYig0EFL._SL500_.jpg","width":387,"height":500},{"@type":"BreadcrumbList","@id":"https:\/\/marktxxl.de\/markt\/produkt\/heckbo-kinder-jungen-beanie-muetze-loop-schal-set-fuer-fruehling-sommer-herbst-winter-wendemuetze-dinosaurier-dino-2-bis-8-jahren-95-baumwolle-weiches-pflegeleichtes-stretch-material\/#breadcrumb","itemListElement":[{"@type":"ListItem","position":1,"name":"Startseite","item":"https:\/\/marktxxl.de\/markt\/"},{"@type":"ListItem","position":2,"name":"Markt","item":"https:\/\/marktxxl.de\/markt\/"},{"@type":"ListItem","position":3,"name":"Kinder Beanie M\u00fctze &amp; Schal Set &#8211; viele Motive &#8211; 95% Baumwolle &#8211; wendebar mit Jersey Stoff oder mit Vlies Fleece\u2026"}]},{"@type":"WebSite","@id":"https:\/\/marktxxl.de\/markt\/#website","url":"https:\/\/marktxxl.de\/markt\/","name":"Markt-XXL","description":"Ihr Markt Online","publisher":{"@id":"https:\/\/marktxxl.de\/markt\/#organization"},"potentialAction":[{"@type":"SearchAction","target":{"@type":"EntryPoint","urlTemplate":"https:\/\/marktxxl.de\/markt\/?s={search_term_string}"},"query-input":{"@type":"PropertyValueSpecification","valueRequired":true,"valueName":"search_term_string"}}],"inLanguage":"de"},{"@type":"Organization","@id":"https:\/\/marktxxl.de\/markt\/#organization","name":"Markt-XXL","url":"https:\/\/marktxxl.de\/markt\/","logo":{"@type":"ImageObject","inLanguage":"de","@id":"https:\/\/marktxxl.de\/markt\/#\/schema\/logo\/image\/","url":"https:\/\/marktxxl.de\/markt\/wp-content\/uploads\/sites\/3\/2020\/12\/logo.png","contentUrl":"https:\/\/marktxxl.de\/markt\/wp-content\/uploads\/sites\/3\/2020\/12\/logo.png","width":200,"height":70,"caption":"Markt-XXL"},"image":{"@id":"https:\/\/marktxxl.de\/markt\/#\/schema\/logo\/image\/"}}]}},"_links":{"self":[{"href":"https:\/\/marktxxl.de\/markt\/wp-json\/wp\/v2\/product\/33469","targetHints":{"allow":["GET"]}}],"collection":[{"href":"https:\/\/marktxxl.de\/markt\/wp-json\/wp\/v2\/product"}],"about":[{"href":"https:\/\/marktxxl.de\/markt\/wp-json\/wp\/v2\/types\/product"}],"replies":[{"embeddable":true,"href":"https:\/\/marktxxl.de\/markt\/wp-json\/wp\/v2\/comments?post=33469"}],"wp:featuredmedia":[{"embeddable":true,"href":"https:\/\/marktxxl.de\/markt\/wp-json\/wp\/v2\/media\/33470"}],"wp:attachment":[{"href":"https:\/\/marktxxl.de\/markt\/wp-json\/wp\/v2\/media?parent=33469"}],"wp:term":[{"taxonomy":"product_brand","embeddable":true,"href":"https:\/\/marktxxl.de\/markt\/wp-json\/wp\/v2\/product_brand?post=33469"},{"taxonomy":"product_cat","embeddable":true,"href":"https:\/\/marktxxl.de\/markt\/wp-json\/wp\/v2\/product_cat?post=33469"},{"taxonomy":"product_tag","embeddable":true,"href":"https:\/\/marktxxl.de\/markt\/wp-json\/wp\/v2\/product_tag?post=33469"}],"curies":[{"name":"wp","href":"https:\/\/api.w.org\/{rel}","templated":true}]}}