{"id":33373,"date":"2021-09-13T20:09:09","date_gmt":"2021-09-13T18:09:09","guid":{"rendered":"https:\/\/marktxxl.de\/markt\/produkt\/loreal-paris-retinol-serum-anti-falten-nacht-serum-mit-vitamin-a-pflegendem-oel-hyaluronsaeure-revitalift-laser-30-ml\/"},"modified":"2023-04-11T01:47:16","modified_gmt":"2023-04-10T23:47:16","slug":"loreal-paris-retinol-serum-anti-falten-nacht-serum-mit-vitamin-a-pflegendem-oel-hyaluronsaeure-revitalift-laser-30-ml","status":"publish","type":"product","link":"https:\/\/marktxxl.de\/markt\/produkt\/loreal-paris-retinol-serum-anti-falten-nacht-serum-mit-vitamin-a-pflegendem-oel-hyaluronsaeure-revitalift-laser-30-ml\/","title":{"rendered":"L&#8217;Or\u00e9al Paris Retinol Serum, Anti-Falten Nacht-Serum, Mit Vitamin A, pflegendem \u00d6l &amp; Hyalurons\u00e4ure, Revitalift Laser, 30\u2026"},"content":{"rendered":"<p>Anti Aging Serum f\u00fcr die Nacht mit hochkonzentrierter Formel, F\u00fcr 3x mehr Retinol in den tieferen Hautschichten zur Milderung von Falten, F\u00fcr alle Hauttypen geeignet<br \/>\nErgebnis: Die Formel mit Retinol mildert Zeichen der Hautalterung wie Falten und ein unebenm\u00e4\u00dfiges Hautbild &#8211; f\u00fcr j\u00fcnger aussehende Haut und stimulierte Zellregeneration<br \/>\nAnwendung: Abends vor der Feuchtigkeitspflege 3\u20134 Tropfen auf das gereinigte Gesicht, In der 1. Woche nur 2 N\u00e4chte\/ Woche, Langsam steigern \u00fcber die n\u00e4chsten 3 Wochen<br \/>\nLeistungsstarke Formel aus purem Retinol (eine sehr wirksame Form des Vitamin A) zur Milderung von tiefen Falten, Zus\u00e4tzlich angereichert mit Hyalurons\u00e4ure nat\u00fcrlichen Ursprungs zur Rehydrierung und Gl\u00e4ttung und einem leichten \u00d6l zur Hautpflege<br \/>\nLieferumfang: 1 x L&#8217;Or\u00e9al Paris Revitalift Laser Anti Falten Serum f\u00fcr das Gesicht, Mit purem Retinol, 30 ml<br \/>\n<div class=\"main-cross-sell\" data-asin=\"B08SXMWBTZ\">\n\n\t<div class=\"WooZone-cross-sell-loader\">\n\t\t<div>\n\t\t\t<div id=\"floatingBarsG\">\n\t\t\t\t<div class=\"blockG\" id=\"rotateG_01\"><\/div>\n\t\t\t\t<div class=\"blockG\" id=\"rotateG_02\"><\/div>\n\t\t\t\t<div class=\"blockG\" id=\"rotateG_03\"><\/div>\n\t\t\t\t<div class=\"blockG\" id=\"rotateG_04\"><\/div>\n\t\t\t\t<div class=\"blockG\" id=\"rotateG_05\"><\/div>\n\t\t\t\t<div class=\"blockG\" id=\"rotateG_06\"><\/div>\n\t\t\t\t<div class=\"blockG\" id=\"rotateG_07\"><\/div>\n\t\t\t\t<div class=\"blockG\" id=\"rotateG_08\"><\/div>\n\t\t\t<\/div>\n\t\t\t<div class=\"WooZone-cross-sell-loader-text\"><\/div>\n\t\t<\/div>\n\t<\/div>\n\n\t\t\n<\/div>\n<div style=\"clear:both;\"><\/div><\/p>\n","protected":false},"excerpt":{"rendered":"<p>Anti Aging Serum f\u00fcr die Nacht mit hochkonzentrierter Formel, F\u00fcr 3x mehr Retinol in den tieferen Hautschichten zur Milderung von Falten, F\u00fcr alle Hauttypen geeignet<br \/>\nErgebnis: Die Formel mit Retinol mildert Zeichen der Hautalterung wie Falten und ein unebenm\u00e4\u00dfiges Hautbild &#8211; f\u00fcr j\u00fcnger aussehende Haut und stimulierte Zellregeneration<br \/>\nAnwendung: Abends vor der Feuchtigkeitspflege 3\u20134 Tropfen auf das gereinigte Gesicht, In der 1. Woche nur 2 N\u00e4chte\/ Woche, Langsam steigern \u00fcber die n\u00e4chsten 3 Wochen<\/p>\n","protected":false},"featured_media":33374,"comment_status":"open","ping_status":"closed","template":"","meta":[],"product_brand":[],"product_cat":[2858,7067],"product_tag":[],"class_list":{"0":"post-33373","1":"product","2":"type-product","3":"status-publish","4":"has-post-thumbnail","6":"product_cat-beauty","7":"product_cat-hautpflege","8":"pa_binding-badartikel","9":"pa_brand-loreal-paris","10":"pa_height-1-574803148-zoll","11":"pa_length-5-1968503884-zoll","12":"pa_manufacturer-loreal-paris","13":"pa_model-aa269200","14":"pa_size-30-ml-1er-pack","15":"pa_width-1-968503935-zoll","17":"first","18":"instock","19":"shipping-taxable","20":"purchasable","21":"product-type-simple","22":"customify-col","23":"product-has-gallery"},"yoast_head":"<!-- This site is optimized with the Yoast SEO plugin v27.4 - https:\/\/yoast.com\/product\/yoast-seo-wordpress\/ -->\n<title>L&#039;Or\u00e9al Paris Retinol Serum, Anti-Falten Nacht-Serum, Mit Vitamin A, pflegendem \u00d6l &amp; Hyalurons\u00e4ure, Revitalift Laser, 30\u2026 - Markt-XXL<\/title>\n<meta name=\"description\" content=\"Markt-XXL L&#039;Or\u00e9al Paris Retinol Serum, Anti-Falten Nacht-Serum, Mit Vitamin A, pflegendem \u00d6l &amp; Hyalurons\u00e4ure, Revitalift Laser, 30\u2026\" \/>\n<meta name=\"robots\" content=\"index, follow, max-snippet:-1, max-image-preview:large, max-video-preview:-1\" \/>\n<link rel=\"canonical\" href=\"https:\/\/marktxxl.de\/markt\/produkt\/loreal-paris-retinol-serum-anti-falten-nacht-serum-mit-vitamin-a-pflegendem-oel-hyaluronsaeure-revitalift-laser-30-ml\/\" \/>\n<meta property=\"og:locale\" content=\"de_DE\" \/>\n<meta property=\"og:type\" content=\"article\" \/>\n<meta property=\"og:title\" content=\"L&#039;Or\u00e9al Paris Retinol Serum, Anti-Falten Nacht-Serum, Mit Vitamin A, pflegendem \u00d6l &amp; Hyalurons\u00e4ure, Revitalift Laser, 30\u2026 - Markt-XXL\" \/>\n<meta property=\"og:description\" content=\"Markt-XXL L&#039;Or\u00e9al Paris Retinol Serum, Anti-Falten Nacht-Serum, Mit Vitamin A, pflegendem \u00d6l &amp; Hyalurons\u00e4ure, Revitalift Laser, 30\u2026\" \/>\n<meta property=\"og:url\" content=\"https:\/\/marktxxl.de\/markt\/produkt\/loreal-paris-retinol-serum-anti-falten-nacht-serum-mit-vitamin-a-pflegendem-oel-hyaluronsaeure-revitalift-laser-30-ml\/\" \/>\n<meta property=\"og:site_name\" content=\"Markt-XXL\" \/>\n<meta property=\"article:modified_time\" content=\"2023-04-10T23:47:16+00:00\" \/>\n<meta property=\"og:image\" content=\"https:\/\/m.media-amazon.com\/images\/I\/41xHReHSVmS._SL500_.jpg\" \/>\n\t<meta property=\"og:image:width\" content=\"500\" \/>\n\t<meta property=\"og:image:height\" content=\"500\" \/>\n\t<meta property=\"og:image:type\" content=\"image\/jpeg\" \/>\n<meta name=\"twitter:card\" content=\"summary_large_image\" \/>\n<meta name=\"twitter:label1\" content=\"Gesch\u00e4tzte Lesezeit\" \/>\n\t<meta name=\"twitter:data1\" content=\"1\u00a0Minute\" \/>\n<script type=\"application\/ld+json\" class=\"yoast-schema-graph\">{\"@context\":\"https:\\\/\\\/schema.org\",\"@graph\":[{\"@type\":\"WebPage\",\"@id\":\"https:\\\/\\\/marktxxl.de\\\/markt\\\/produkt\\\/loreal-paris-retinol-serum-anti-falten-nacht-serum-mit-vitamin-a-pflegendem-oel-hyaluronsaeure-revitalift-laser-30-ml\\\/\",\"url\":\"https:\\\/\\\/marktxxl.de\\\/markt\\\/produkt\\\/loreal-paris-retinol-serum-anti-falten-nacht-serum-mit-vitamin-a-pflegendem-oel-hyaluronsaeure-revitalift-laser-30-ml\\\/\",\"name\":\"L'Or\u00e9al Paris Retinol Serum, Anti-Falten Nacht-Serum, Mit Vitamin A, pflegendem \u00d6l &amp; Hyalurons\u00e4ure, Revitalift Laser, 30\u2026 - Markt-XXL\",\"isPartOf\":{\"@id\":\"https:\\\/\\\/marktxxl.de\\\/markt\\\/#website\"},\"primaryImageOfPage\":{\"@id\":\"https:\\\/\\\/marktxxl.de\\\/markt\\\/produkt\\\/loreal-paris-retinol-serum-anti-falten-nacht-serum-mit-vitamin-a-pflegendem-oel-hyaluronsaeure-revitalift-laser-30-ml\\\/#primaryimage\"},\"image\":{\"@id\":\"https:\\\/\\\/marktxxl.de\\\/markt\\\/produkt\\\/loreal-paris-retinol-serum-anti-falten-nacht-serum-mit-vitamin-a-pflegendem-oel-hyaluronsaeure-revitalift-laser-30-ml\\\/#primaryimage\"},\"thumbnailUrl\":\"https:\\\/\\\/m.media-amazon.com\\\/images\\\/I\\\/41xHReHSVmS._SL500_.jpg\",\"datePublished\":\"2021-09-13T18:09:09+00:00\",\"dateModified\":\"2023-04-10T23:47:16+00:00\",\"description\":\"Markt-XXL L'Or\u00e9al Paris Retinol Serum, Anti-Falten Nacht-Serum, Mit Vitamin A, pflegendem \u00d6l &amp; Hyalurons\u00e4ure, Revitalift Laser, 30\u2026\",\"breadcrumb\":{\"@id\":\"https:\\\/\\\/marktxxl.de\\\/markt\\\/produkt\\\/loreal-paris-retinol-serum-anti-falten-nacht-serum-mit-vitamin-a-pflegendem-oel-hyaluronsaeure-revitalift-laser-30-ml\\\/#breadcrumb\"},\"inLanguage\":\"de\",\"potentialAction\":[{\"@type\":\"ReadAction\",\"target\":[\"https:\\\/\\\/marktxxl.de\\\/markt\\\/produkt\\\/loreal-paris-retinol-serum-anti-falten-nacht-serum-mit-vitamin-a-pflegendem-oel-hyaluronsaeure-revitalift-laser-30-ml\\\/\"]}]},{\"@type\":\"ImageObject\",\"inLanguage\":\"de\",\"@id\":\"https:\\\/\\\/marktxxl.de\\\/markt\\\/produkt\\\/loreal-paris-retinol-serum-anti-falten-nacht-serum-mit-vitamin-a-pflegendem-oel-hyaluronsaeure-revitalift-laser-30-ml\\\/#primaryimage\",\"url\":\"https:\\\/\\\/m.media-amazon.com\\\/images\\\/I\\\/41xHReHSVmS._SL500_.jpg\",\"contentUrl\":\"https:\\\/\\\/m.media-amazon.com\\\/images\\\/I\\\/41xHReHSVmS._SL500_.jpg\",\"width\":500,\"height\":500},{\"@type\":\"BreadcrumbList\",\"@id\":\"https:\\\/\\\/marktxxl.de\\\/markt\\\/produkt\\\/loreal-paris-retinol-serum-anti-falten-nacht-serum-mit-vitamin-a-pflegendem-oel-hyaluronsaeure-revitalift-laser-30-ml\\\/#breadcrumb\",\"itemListElement\":[{\"@type\":\"ListItem\",\"position\":1,\"name\":\"Startseite\",\"item\":\"https:\\\/\\\/marktxxl.de\\\/markt\\\/\"},{\"@type\":\"ListItem\",\"position\":2,\"name\":\"Markt\",\"item\":\"https:\\\/\\\/marktxxl.de\\\/markt\\\/\"},{\"@type\":\"ListItem\",\"position\":3,\"name\":\"L&#8217;Or\u00e9al Paris Retinol Serum, Anti-Falten Nacht-Serum, Mit Vitamin A, pflegendem \u00d6l &amp; Hyalurons\u00e4ure, Revitalift Laser, 30\u2026\"}]},{\"@type\":\"WebSite\",\"@id\":\"https:\\\/\\\/marktxxl.de\\\/markt\\\/#website\",\"url\":\"https:\\\/\\\/marktxxl.de\\\/markt\\\/\",\"name\":\"Markt-XXL\",\"description\":\"Ihr Markt Online\",\"publisher\":{\"@id\":\"https:\\\/\\\/marktxxl.de\\\/markt\\\/#organization\"},\"potentialAction\":[{\"@type\":\"SearchAction\",\"target\":{\"@type\":\"EntryPoint\",\"urlTemplate\":\"https:\\\/\\\/marktxxl.de\\\/markt\\\/?s={search_term_string}\"},\"query-input\":{\"@type\":\"PropertyValueSpecification\",\"valueRequired\":true,\"valueName\":\"search_term_string\"}}],\"inLanguage\":\"de\"},{\"@type\":\"Organization\",\"@id\":\"https:\\\/\\\/marktxxl.de\\\/markt\\\/#organization\",\"name\":\"Markt-XXL\",\"url\":\"https:\\\/\\\/marktxxl.de\\\/markt\\\/\",\"logo\":{\"@type\":\"ImageObject\",\"inLanguage\":\"de\",\"@id\":\"https:\\\/\\\/marktxxl.de\\\/markt\\\/#\\\/schema\\\/logo\\\/image\\\/\",\"url\":\"https:\\\/\\\/marktxxl.de\\\/markt\\\/wp-content\\\/uploads\\\/sites\\\/3\\\/2020\\\/12\\\/logo.png\",\"contentUrl\":\"https:\\\/\\\/marktxxl.de\\\/markt\\\/wp-content\\\/uploads\\\/sites\\\/3\\\/2020\\\/12\\\/logo.png\",\"width\":200,\"height\":70,\"caption\":\"Markt-XXL\"},\"image\":{\"@id\":\"https:\\\/\\\/marktxxl.de\\\/markt\\\/#\\\/schema\\\/logo\\\/image\\\/\"}}]}<\/script>\n<!-- \/ Yoast SEO plugin. -->","yoast_head_json":{"title":"L'Or\u00e9al Paris Retinol Serum, Anti-Falten Nacht-Serum, Mit Vitamin A, pflegendem \u00d6l &amp; Hyalurons\u00e4ure, Revitalift Laser, 30\u2026 - Markt-XXL","description":"Markt-XXL L'Or\u00e9al Paris Retinol Serum, Anti-Falten Nacht-Serum, Mit Vitamin A, pflegendem \u00d6l &amp; Hyalurons\u00e4ure, Revitalift Laser, 30\u2026","robots":{"index":"index","follow":"follow","max-snippet":"max-snippet:-1","max-image-preview":"max-image-preview:large","max-video-preview":"max-video-preview:-1"},"canonical":"https:\/\/marktxxl.de\/markt\/produkt\/loreal-paris-retinol-serum-anti-falten-nacht-serum-mit-vitamin-a-pflegendem-oel-hyaluronsaeure-revitalift-laser-30-ml\/","og_locale":"de_DE","og_type":"article","og_title":"L'Or\u00e9al Paris Retinol Serum, Anti-Falten Nacht-Serum, Mit Vitamin A, pflegendem \u00d6l &amp; Hyalurons\u00e4ure, Revitalift Laser, 30\u2026 - Markt-XXL","og_description":"Markt-XXL L'Or\u00e9al Paris Retinol Serum, Anti-Falten Nacht-Serum, Mit Vitamin A, pflegendem \u00d6l &amp; Hyalurons\u00e4ure, Revitalift Laser, 30\u2026","og_url":"https:\/\/marktxxl.de\/markt\/produkt\/loreal-paris-retinol-serum-anti-falten-nacht-serum-mit-vitamin-a-pflegendem-oel-hyaluronsaeure-revitalift-laser-30-ml\/","og_site_name":"Markt-XXL","article_modified_time":"2023-04-10T23:47:16+00:00","og_image":[{"width":500,"height":500,"url":"https:\/\/m.media-amazon.com\/images\/I\/41xHReHSVmS._SL500_.jpg","type":"image\/jpeg"}],"twitter_card":"summary_large_image","twitter_misc":{"Gesch\u00e4tzte Lesezeit":"1\u00a0Minute"},"schema":{"@context":"https:\/\/schema.org","@graph":[{"@type":"WebPage","@id":"https:\/\/marktxxl.de\/markt\/produkt\/loreal-paris-retinol-serum-anti-falten-nacht-serum-mit-vitamin-a-pflegendem-oel-hyaluronsaeure-revitalift-laser-30-ml\/","url":"https:\/\/marktxxl.de\/markt\/produkt\/loreal-paris-retinol-serum-anti-falten-nacht-serum-mit-vitamin-a-pflegendem-oel-hyaluronsaeure-revitalift-laser-30-ml\/","name":"L'Or\u00e9al Paris Retinol Serum, Anti-Falten Nacht-Serum, Mit Vitamin A, pflegendem \u00d6l &amp; Hyalurons\u00e4ure, Revitalift Laser, 30\u2026 - Markt-XXL","isPartOf":{"@id":"https:\/\/marktxxl.de\/markt\/#website"},"primaryImageOfPage":{"@id":"https:\/\/marktxxl.de\/markt\/produkt\/loreal-paris-retinol-serum-anti-falten-nacht-serum-mit-vitamin-a-pflegendem-oel-hyaluronsaeure-revitalift-laser-30-ml\/#primaryimage"},"image":{"@id":"https:\/\/marktxxl.de\/markt\/produkt\/loreal-paris-retinol-serum-anti-falten-nacht-serum-mit-vitamin-a-pflegendem-oel-hyaluronsaeure-revitalift-laser-30-ml\/#primaryimage"},"thumbnailUrl":"https:\/\/m.media-amazon.com\/images\/I\/41xHReHSVmS._SL500_.jpg","datePublished":"2021-09-13T18:09:09+00:00","dateModified":"2023-04-10T23:47:16+00:00","description":"Markt-XXL L'Or\u00e9al Paris Retinol Serum, Anti-Falten Nacht-Serum, Mit Vitamin A, pflegendem \u00d6l &amp; Hyalurons\u00e4ure, Revitalift Laser, 30\u2026","breadcrumb":{"@id":"https:\/\/marktxxl.de\/markt\/produkt\/loreal-paris-retinol-serum-anti-falten-nacht-serum-mit-vitamin-a-pflegendem-oel-hyaluronsaeure-revitalift-laser-30-ml\/#breadcrumb"},"inLanguage":"de","potentialAction":[{"@type":"ReadAction","target":["https:\/\/marktxxl.de\/markt\/produkt\/loreal-paris-retinol-serum-anti-falten-nacht-serum-mit-vitamin-a-pflegendem-oel-hyaluronsaeure-revitalift-laser-30-ml\/"]}]},{"@type":"ImageObject","inLanguage":"de","@id":"https:\/\/marktxxl.de\/markt\/produkt\/loreal-paris-retinol-serum-anti-falten-nacht-serum-mit-vitamin-a-pflegendem-oel-hyaluronsaeure-revitalift-laser-30-ml\/#primaryimage","url":"https:\/\/m.media-amazon.com\/images\/I\/41xHReHSVmS._SL500_.jpg","contentUrl":"https:\/\/m.media-amazon.com\/images\/I\/41xHReHSVmS._SL500_.jpg","width":500,"height":500},{"@type":"BreadcrumbList","@id":"https:\/\/marktxxl.de\/markt\/produkt\/loreal-paris-retinol-serum-anti-falten-nacht-serum-mit-vitamin-a-pflegendem-oel-hyaluronsaeure-revitalift-laser-30-ml\/#breadcrumb","itemListElement":[{"@type":"ListItem","position":1,"name":"Startseite","item":"https:\/\/marktxxl.de\/markt\/"},{"@type":"ListItem","position":2,"name":"Markt","item":"https:\/\/marktxxl.de\/markt\/"},{"@type":"ListItem","position":3,"name":"L&#8217;Or\u00e9al Paris Retinol Serum, Anti-Falten Nacht-Serum, Mit Vitamin A, pflegendem \u00d6l &amp; Hyalurons\u00e4ure, Revitalift Laser, 30\u2026"}]},{"@type":"WebSite","@id":"https:\/\/marktxxl.de\/markt\/#website","url":"https:\/\/marktxxl.de\/markt\/","name":"Markt-XXL","description":"Ihr Markt Online","publisher":{"@id":"https:\/\/marktxxl.de\/markt\/#organization"},"potentialAction":[{"@type":"SearchAction","target":{"@type":"EntryPoint","urlTemplate":"https:\/\/marktxxl.de\/markt\/?s={search_term_string}"},"query-input":{"@type":"PropertyValueSpecification","valueRequired":true,"valueName":"search_term_string"}}],"inLanguage":"de"},{"@type":"Organization","@id":"https:\/\/marktxxl.de\/markt\/#organization","name":"Markt-XXL","url":"https:\/\/marktxxl.de\/markt\/","logo":{"@type":"ImageObject","inLanguage":"de","@id":"https:\/\/marktxxl.de\/markt\/#\/schema\/logo\/image\/","url":"https:\/\/marktxxl.de\/markt\/wp-content\/uploads\/sites\/3\/2020\/12\/logo.png","contentUrl":"https:\/\/marktxxl.de\/markt\/wp-content\/uploads\/sites\/3\/2020\/12\/logo.png","width":200,"height":70,"caption":"Markt-XXL"},"image":{"@id":"https:\/\/marktxxl.de\/markt\/#\/schema\/logo\/image\/"}}]}},"_links":{"self":[{"href":"https:\/\/marktxxl.de\/markt\/wp-json\/wp\/v2\/product\/33373","targetHints":{"allow":["GET"]}}],"collection":[{"href":"https:\/\/marktxxl.de\/markt\/wp-json\/wp\/v2\/product"}],"about":[{"href":"https:\/\/marktxxl.de\/markt\/wp-json\/wp\/v2\/types\/product"}],"replies":[{"embeddable":true,"href":"https:\/\/marktxxl.de\/markt\/wp-json\/wp\/v2\/comments?post=33373"}],"wp:featuredmedia":[{"embeddable":true,"href":"https:\/\/marktxxl.de\/markt\/wp-json\/wp\/v2\/media\/33374"}],"wp:attachment":[{"href":"https:\/\/marktxxl.de\/markt\/wp-json\/wp\/v2\/media?parent=33373"}],"wp:term":[{"taxonomy":"product_brand","embeddable":true,"href":"https:\/\/marktxxl.de\/markt\/wp-json\/wp\/v2\/product_brand?post=33373"},{"taxonomy":"product_cat","embeddable":true,"href":"https:\/\/marktxxl.de\/markt\/wp-json\/wp\/v2\/product_cat?post=33373"},{"taxonomy":"product_tag","embeddable":true,"href":"https:\/\/marktxxl.de\/markt\/wp-json\/wp\/v2\/product_tag?post=33373"}],"curies":[{"name":"wp","href":"https:\/\/api.w.org\/{rel}","templated":true}]}}