{"id":33282,"date":"2021-09-13T20:08:19","date_gmt":"2021-09-13T18:08:19","guid":{"rendered":"https:\/\/marktxxl.de\/markt\/produkt\/rufflebutts-rashguard-bikini-fuer-maedchen-lsf-50-kurzaermelig-mit-rueschen\/"},"modified":"2023-04-11T01:46:19","modified_gmt":"2023-04-10T23:46:19","slug":"rufflebutts-rashguard-bikini-fuer-maedchen-lsf-50-kurzaermelig-mit-rueschen","status":"publish","type":"product","link":"https:\/\/marktxxl.de\/markt\/produkt\/rufflebutts-rashguard-bikini-fuer-maedchen-lsf-50-kurzaermelig-mit-rueschen\/","title":{"rendered":"RuffleButts M\u00e4dchen-Bikini mit LSF 50+, kurz\u00e4rmelig, mit R\u00fcschen, 2 St\u00fcck"},"content":{"rendered":"<p>Entz\u00fcckendes Design \u2013 Verf\u00fcgt \u00fcber die s\u00fc\u00dfesten Details f\u00fcr stilvolle Sonnensicherheit. Zweiteiliges Design bietet volle Abdeckung und Komfort zusammen mit mehr Flexibilit\u00e4t, w\u00e4hrend Ihr kleines M\u00e4dchen w\u00e4chst. Und unsere charakteristischen R\u00fcschen sind auf jeder Unterseite.<br \/>\nIntegrierter Sonnenschutz \u2013 halten Sie die empfindliche Haut Ihres kleinen M\u00e4dchens sicher in der Sonne. RuffleButts verf\u00fcgt \u00fcber einen eingebauten LSF 50+, so dass Sie mehr spielen und weniger Sorgen \u00fcber harte UV-Strahlen haben. Perfekt f\u00fcr Strand, See oder Pool!<br \/>\nSch\u00fctzt empfindliche Haut \u2013 keine Tr\u00e4nen mehr. Unsere konservative Surfstyle Top sch\u00fctzt empfindliche Haut vor Sand und Sonne f\u00fcr sorgenfreies Spielen den ganzen Tag lang.<br \/>\nWir m\u00f6chten, dass unsere Kunden absolut zufrieden sind. Deshalb bieten wir Ihnen eine 100% Zufriedenheitsgarantie: Wenn Sie mit Ihrem Kauf nicht voll zufrieden sind, wird unser Kundensupport es richtig machen.<br \/>\nQualit\u00e4t zuerst \u2013 entworfen in den USA, unsere Kleidungsst\u00fccke sind aus hochwertigem Stoff, der farbecht und langlebig ist, w\u00e4hrend sich immer noch weich und bequem anf\u00fchlt. Nur von Hand in kaltem Wasser waschen, dann flach trocknen, Tag f\u00fcr Spieltag.<br \/>\n<div class=\"main-cross-sell\" data-asin=\"B07V6DFYF2\">\n\n\t<div class=\"WooZone-cross-sell-loader\">\n\t\t<div>\n\t\t\t<div id=\"floatingBarsG\">\n\t\t\t\t<div class=\"blockG\" id=\"rotateG_01\"><\/div>\n\t\t\t\t<div class=\"blockG\" id=\"rotateG_02\"><\/div>\n\t\t\t\t<div class=\"blockG\" id=\"rotateG_03\"><\/div>\n\t\t\t\t<div class=\"blockG\" id=\"rotateG_04\"><\/div>\n\t\t\t\t<div class=\"blockG\" id=\"rotateG_05\"><\/div>\n\t\t\t\t<div class=\"blockG\" id=\"rotateG_06\"><\/div>\n\t\t\t\t<div class=\"blockG\" id=\"rotateG_07\"><\/div>\n\t\t\t\t<div class=\"blockG\" id=\"rotateG_08\"><\/div>\n\t\t\t<\/div>\n\t\t\t<div class=\"WooZone-cross-sell-loader-text\"><\/div>\n\t\t<\/div>\n\t<\/div>\n\n\t\t\n<\/div>\n<div style=\"clear:both;\"><\/div><\/p>\n","protected":false},"excerpt":{"rendered":"<p>Entz\u00fcckendes Design \u2013 Verf\u00fcgt \u00fcber die s\u00fc\u00dfesten Details f\u00fcr stilvolle Sonnensicherheit. Zweiteiliges Design bietet volle Abdeckung und Komfort zusammen mit mehr Flexibilit\u00e4t, w\u00e4hrend Ihr kleines M\u00e4dchen w\u00e4chst. Und unsere charakteristischen R\u00fcschen sind auf jeder Unterseite.<br \/>\nIntegrierter Sonnenschutz \u2013 halten Sie die empfindliche Haut Ihres kleinen M\u00e4dchens sicher in der Sonne. RuffleButts verf\u00fcgt \u00fcber einen eingebauten LSF 50+, so dass Sie mehr spielen und weniger Sorgen \u00fcber harte UV-Strahlen haben. Perfekt f\u00fcr Strand, See oder Pool!<br \/>\nSch\u00fctzt empfindliche Haut \u2013 keine Tr\u00e4nen mehr. Unsere konservative Surfstyle Top sch\u00fctzt empfindliche Haut vor Sand und Sonne f\u00fcr sorgenfreies Spielen den ganzen Tag lang.<\/p>\n","protected":false},"featured_media":33293,"comment_status":"open","ping_status":"closed","template":"","meta":[],"product_brand":[],"product_cat":[1186,3990],"product_tag":[],"class_list":{"0":"post-33282","1":"product","2":"type-product","3":"status-publish","4":"has-post-thumbnail","6":"product_cat-bekleidung","7":"product_cat-maedchen","8":"pa_binding-textilien","9":"pa_brand-rufflebutts","10":"pa_farbe-little-love","11":"pa_farbe-paisley-paradise","12":"pa_groesse-10-jahre","13":"pa_groesse-2-jahre","14":"pa_groesse-3-jahre","15":"pa_groesse-4-jahre","16":"pa_groesse-5-jahre","17":"pa_groesse-6-jahre","18":"pa_groesse-7-jahre","19":"pa_groesse-8-jahre","20":"pa_height-0-5-zoll","21":"pa_length-8-zoll","22":"pa_manufacturer-rufflebutts","23":"pa_model-rgsyyxx-ssrf-sc-tdlr","24":"pa_width-6-zoll","26":"first","27":"instock","28":"shipping-taxable","29":"purchasable","30":"product-type-variable","31":"customify-col","32":"product-has-gallery"},"yoast_head":"<!-- This site is optimized with the Yoast SEO plugin v27.3 - https:\/\/yoast.com\/product\/yoast-seo-wordpress\/ -->\n<title>RuffleButts M\u00e4dchen-Bikini mit LSF 50+, kurz\u00e4rmelig, mit R\u00fcschen, 2 St\u00fcck - Markt-XXL<\/title>\n<meta name=\"description\" content=\"Markt-XXL RuffleButts M\u00e4dchen-Bikini mit LSF 50+, kurz\u00e4rmelig, mit R\u00fcschen, 2 St\u00fcck\" \/>\n<meta name=\"robots\" content=\"index, follow, max-snippet:-1, max-image-preview:large, max-video-preview:-1\" \/>\n<link rel=\"canonical\" href=\"https:\/\/marktxxl.de\/markt\/produkt\/rufflebutts-rashguard-bikini-fuer-maedchen-lsf-50-kurzaermelig-mit-rueschen\/\" \/>\n<meta property=\"og:locale\" content=\"de_DE\" \/>\n<meta property=\"og:type\" content=\"article\" \/>\n<meta property=\"og:title\" content=\"RuffleButts M\u00e4dchen-Bikini mit LSF 50+, kurz\u00e4rmelig, mit R\u00fcschen, 2 St\u00fcck - Markt-XXL\" \/>\n<meta property=\"og:description\" content=\"Markt-XXL RuffleButts M\u00e4dchen-Bikini mit LSF 50+, kurz\u00e4rmelig, mit R\u00fcschen, 2 St\u00fcck\" \/>\n<meta property=\"og:url\" content=\"https:\/\/marktxxl.de\/markt\/produkt\/rufflebutts-rashguard-bikini-fuer-maedchen-lsf-50-kurzaermelig-mit-rueschen\/\" \/>\n<meta property=\"og:site_name\" content=\"Markt-XXL\" \/>\n<meta property=\"article:modified_time\" content=\"2023-04-10T23:46:19+00:00\" \/>\n<meta property=\"og:image\" content=\"https:\/\/m.media-amazon.com\/images\/I\/51c0kX0DVwL._SL500_.jpg\" \/>\n\t<meta property=\"og:image:width\" content=\"409\" \/>\n\t<meta property=\"og:image:height\" content=\"500\" \/>\n\t<meta property=\"og:image:type\" content=\"image\/jpeg\" \/>\n<meta name=\"twitter:card\" content=\"summary_large_image\" \/>\n<meta name=\"twitter:label1\" content=\"Gesch\u00e4tzte Lesezeit\" \/>\n\t<meta name=\"twitter:data1\" content=\"1\u00a0Minute\" \/>\n<script type=\"application\/ld+json\" class=\"yoast-schema-graph\">{\"@context\":\"https:\\\/\\\/schema.org\",\"@graph\":[{\"@type\":\"WebPage\",\"@id\":\"https:\\\/\\\/marktxxl.de\\\/markt\\\/produkt\\\/rufflebutts-rashguard-bikini-fuer-maedchen-lsf-50-kurzaermelig-mit-rueschen\\\/\",\"url\":\"https:\\\/\\\/marktxxl.de\\\/markt\\\/produkt\\\/rufflebutts-rashguard-bikini-fuer-maedchen-lsf-50-kurzaermelig-mit-rueschen\\\/\",\"name\":\"RuffleButts M\u00e4dchen-Bikini mit LSF 50+, kurz\u00e4rmelig, mit R\u00fcschen, 2 St\u00fcck - Markt-XXL\",\"isPartOf\":{\"@id\":\"https:\\\/\\\/marktxxl.de\\\/markt\\\/#website\"},\"primaryImageOfPage\":{\"@id\":\"https:\\\/\\\/marktxxl.de\\\/markt\\\/produkt\\\/rufflebutts-rashguard-bikini-fuer-maedchen-lsf-50-kurzaermelig-mit-rueschen\\\/#primaryimage\"},\"image\":{\"@id\":\"https:\\\/\\\/marktxxl.de\\\/markt\\\/produkt\\\/rufflebutts-rashguard-bikini-fuer-maedchen-lsf-50-kurzaermelig-mit-rueschen\\\/#primaryimage\"},\"thumbnailUrl\":\"https:\\\/\\\/m.media-amazon.com\\\/images\\\/I\\\/51c0kX0DVwL._SL500_.jpg\",\"datePublished\":\"2021-09-13T18:08:19+00:00\",\"dateModified\":\"2023-04-10T23:46:19+00:00\",\"description\":\"Markt-XXL RuffleButts M\u00e4dchen-Bikini mit LSF 50+, kurz\u00e4rmelig, mit R\u00fcschen, 2 St\u00fcck\",\"breadcrumb\":{\"@id\":\"https:\\\/\\\/marktxxl.de\\\/markt\\\/produkt\\\/rufflebutts-rashguard-bikini-fuer-maedchen-lsf-50-kurzaermelig-mit-rueschen\\\/#breadcrumb\"},\"inLanguage\":\"de\",\"potentialAction\":[{\"@type\":\"ReadAction\",\"target\":[\"https:\\\/\\\/marktxxl.de\\\/markt\\\/produkt\\\/rufflebutts-rashguard-bikini-fuer-maedchen-lsf-50-kurzaermelig-mit-rueschen\\\/\"]}]},{\"@type\":\"ImageObject\",\"inLanguage\":\"de\",\"@id\":\"https:\\\/\\\/marktxxl.de\\\/markt\\\/produkt\\\/rufflebutts-rashguard-bikini-fuer-maedchen-lsf-50-kurzaermelig-mit-rueschen\\\/#primaryimage\",\"url\":\"https:\\\/\\\/m.media-amazon.com\\\/images\\\/I\\\/51c0kX0DVwL._SL500_.jpg\",\"contentUrl\":\"https:\\\/\\\/m.media-amazon.com\\\/images\\\/I\\\/51c0kX0DVwL._SL500_.jpg\",\"width\":409,\"height\":500},{\"@type\":\"BreadcrumbList\",\"@id\":\"https:\\\/\\\/marktxxl.de\\\/markt\\\/produkt\\\/rufflebutts-rashguard-bikini-fuer-maedchen-lsf-50-kurzaermelig-mit-rueschen\\\/#breadcrumb\",\"itemListElement\":[{\"@type\":\"ListItem\",\"position\":1,\"name\":\"Startseite\",\"item\":\"https:\\\/\\\/marktxxl.de\\\/markt\\\/\"},{\"@type\":\"ListItem\",\"position\":2,\"name\":\"Markt\",\"item\":\"https:\\\/\\\/marktxxl.de\\\/markt\\\/\"},{\"@type\":\"ListItem\",\"position\":3,\"name\":\"RuffleButts M\u00e4dchen-Bikini mit LSF 50+, kurz\u00e4rmelig, mit R\u00fcschen, 2 St\u00fcck\"}]},{\"@type\":\"WebSite\",\"@id\":\"https:\\\/\\\/marktxxl.de\\\/markt\\\/#website\",\"url\":\"https:\\\/\\\/marktxxl.de\\\/markt\\\/\",\"name\":\"Markt-XXL\",\"description\":\"Ihr Markt Online\",\"publisher\":{\"@id\":\"https:\\\/\\\/marktxxl.de\\\/markt\\\/#organization\"},\"potentialAction\":[{\"@type\":\"SearchAction\",\"target\":{\"@type\":\"EntryPoint\",\"urlTemplate\":\"https:\\\/\\\/marktxxl.de\\\/markt\\\/?s={search_term_string}\"},\"query-input\":{\"@type\":\"PropertyValueSpecification\",\"valueRequired\":true,\"valueName\":\"search_term_string\"}}],\"inLanguage\":\"de\"},{\"@type\":\"Organization\",\"@id\":\"https:\\\/\\\/marktxxl.de\\\/markt\\\/#organization\",\"name\":\"Markt-XXL\",\"url\":\"https:\\\/\\\/marktxxl.de\\\/markt\\\/\",\"logo\":{\"@type\":\"ImageObject\",\"inLanguage\":\"de\",\"@id\":\"https:\\\/\\\/marktxxl.de\\\/markt\\\/#\\\/schema\\\/logo\\\/image\\\/\",\"url\":\"https:\\\/\\\/marktxxl.de\\\/markt\\\/wp-content\\\/uploads\\\/sites\\\/3\\\/2020\\\/12\\\/logo.png\",\"contentUrl\":\"https:\\\/\\\/marktxxl.de\\\/markt\\\/wp-content\\\/uploads\\\/sites\\\/3\\\/2020\\\/12\\\/logo.png\",\"width\":200,\"height\":70,\"caption\":\"Markt-XXL\"},\"image\":{\"@id\":\"https:\\\/\\\/marktxxl.de\\\/markt\\\/#\\\/schema\\\/logo\\\/image\\\/\"}}]}<\/script>\n<!-- \/ Yoast SEO plugin. -->","yoast_head_json":{"title":"RuffleButts M\u00e4dchen-Bikini mit LSF 50+, kurz\u00e4rmelig, mit R\u00fcschen, 2 St\u00fcck - Markt-XXL","description":"Markt-XXL RuffleButts M\u00e4dchen-Bikini mit LSF 50+, kurz\u00e4rmelig, mit R\u00fcschen, 2 St\u00fcck","robots":{"index":"index","follow":"follow","max-snippet":"max-snippet:-1","max-image-preview":"max-image-preview:large","max-video-preview":"max-video-preview:-1"},"canonical":"https:\/\/marktxxl.de\/markt\/produkt\/rufflebutts-rashguard-bikini-fuer-maedchen-lsf-50-kurzaermelig-mit-rueschen\/","og_locale":"de_DE","og_type":"article","og_title":"RuffleButts M\u00e4dchen-Bikini mit LSF 50+, kurz\u00e4rmelig, mit R\u00fcschen, 2 St\u00fcck - Markt-XXL","og_description":"Markt-XXL RuffleButts M\u00e4dchen-Bikini mit LSF 50+, kurz\u00e4rmelig, mit R\u00fcschen, 2 St\u00fcck","og_url":"https:\/\/marktxxl.de\/markt\/produkt\/rufflebutts-rashguard-bikini-fuer-maedchen-lsf-50-kurzaermelig-mit-rueschen\/","og_site_name":"Markt-XXL","article_modified_time":"2023-04-10T23:46:19+00:00","og_image":[{"width":409,"height":500,"url":"https:\/\/m.media-amazon.com\/images\/I\/51c0kX0DVwL._SL500_.jpg","type":"image\/jpeg"}],"twitter_card":"summary_large_image","twitter_misc":{"Gesch\u00e4tzte Lesezeit":"1\u00a0Minute"},"schema":{"@context":"https:\/\/schema.org","@graph":[{"@type":"WebPage","@id":"https:\/\/marktxxl.de\/markt\/produkt\/rufflebutts-rashguard-bikini-fuer-maedchen-lsf-50-kurzaermelig-mit-rueschen\/","url":"https:\/\/marktxxl.de\/markt\/produkt\/rufflebutts-rashguard-bikini-fuer-maedchen-lsf-50-kurzaermelig-mit-rueschen\/","name":"RuffleButts M\u00e4dchen-Bikini mit LSF 50+, kurz\u00e4rmelig, mit R\u00fcschen, 2 St\u00fcck - Markt-XXL","isPartOf":{"@id":"https:\/\/marktxxl.de\/markt\/#website"},"primaryImageOfPage":{"@id":"https:\/\/marktxxl.de\/markt\/produkt\/rufflebutts-rashguard-bikini-fuer-maedchen-lsf-50-kurzaermelig-mit-rueschen\/#primaryimage"},"image":{"@id":"https:\/\/marktxxl.de\/markt\/produkt\/rufflebutts-rashguard-bikini-fuer-maedchen-lsf-50-kurzaermelig-mit-rueschen\/#primaryimage"},"thumbnailUrl":"https:\/\/m.media-amazon.com\/images\/I\/51c0kX0DVwL._SL500_.jpg","datePublished":"2021-09-13T18:08:19+00:00","dateModified":"2023-04-10T23:46:19+00:00","description":"Markt-XXL RuffleButts M\u00e4dchen-Bikini mit LSF 50+, kurz\u00e4rmelig, mit R\u00fcschen, 2 St\u00fcck","breadcrumb":{"@id":"https:\/\/marktxxl.de\/markt\/produkt\/rufflebutts-rashguard-bikini-fuer-maedchen-lsf-50-kurzaermelig-mit-rueschen\/#breadcrumb"},"inLanguage":"de","potentialAction":[{"@type":"ReadAction","target":["https:\/\/marktxxl.de\/markt\/produkt\/rufflebutts-rashguard-bikini-fuer-maedchen-lsf-50-kurzaermelig-mit-rueschen\/"]}]},{"@type":"ImageObject","inLanguage":"de","@id":"https:\/\/marktxxl.de\/markt\/produkt\/rufflebutts-rashguard-bikini-fuer-maedchen-lsf-50-kurzaermelig-mit-rueschen\/#primaryimage","url":"https:\/\/m.media-amazon.com\/images\/I\/51c0kX0DVwL._SL500_.jpg","contentUrl":"https:\/\/m.media-amazon.com\/images\/I\/51c0kX0DVwL._SL500_.jpg","width":409,"height":500},{"@type":"BreadcrumbList","@id":"https:\/\/marktxxl.de\/markt\/produkt\/rufflebutts-rashguard-bikini-fuer-maedchen-lsf-50-kurzaermelig-mit-rueschen\/#breadcrumb","itemListElement":[{"@type":"ListItem","position":1,"name":"Startseite","item":"https:\/\/marktxxl.de\/markt\/"},{"@type":"ListItem","position":2,"name":"Markt","item":"https:\/\/marktxxl.de\/markt\/"},{"@type":"ListItem","position":3,"name":"RuffleButts M\u00e4dchen-Bikini mit LSF 50+, kurz\u00e4rmelig, mit R\u00fcschen, 2 St\u00fcck"}]},{"@type":"WebSite","@id":"https:\/\/marktxxl.de\/markt\/#website","url":"https:\/\/marktxxl.de\/markt\/","name":"Markt-XXL","description":"Ihr Markt Online","publisher":{"@id":"https:\/\/marktxxl.de\/markt\/#organization"},"potentialAction":[{"@type":"SearchAction","target":{"@type":"EntryPoint","urlTemplate":"https:\/\/marktxxl.de\/markt\/?s={search_term_string}"},"query-input":{"@type":"PropertyValueSpecification","valueRequired":true,"valueName":"search_term_string"}}],"inLanguage":"de"},{"@type":"Organization","@id":"https:\/\/marktxxl.de\/markt\/#organization","name":"Markt-XXL","url":"https:\/\/marktxxl.de\/markt\/","logo":{"@type":"ImageObject","inLanguage":"de","@id":"https:\/\/marktxxl.de\/markt\/#\/schema\/logo\/image\/","url":"https:\/\/marktxxl.de\/markt\/wp-content\/uploads\/sites\/3\/2020\/12\/logo.png","contentUrl":"https:\/\/marktxxl.de\/markt\/wp-content\/uploads\/sites\/3\/2020\/12\/logo.png","width":200,"height":70,"caption":"Markt-XXL"},"image":{"@id":"https:\/\/marktxxl.de\/markt\/#\/schema\/logo\/image\/"}}]}},"_links":{"self":[{"href":"https:\/\/marktxxl.de\/markt\/wp-json\/wp\/v2\/product\/33282","targetHints":{"allow":["GET"]}}],"collection":[{"href":"https:\/\/marktxxl.de\/markt\/wp-json\/wp\/v2\/product"}],"about":[{"href":"https:\/\/marktxxl.de\/markt\/wp-json\/wp\/v2\/types\/product"}],"replies":[{"embeddable":true,"href":"https:\/\/marktxxl.de\/markt\/wp-json\/wp\/v2\/comments?post=33282"}],"wp:featuredmedia":[{"embeddable":true,"href":"https:\/\/marktxxl.de\/markt\/wp-json\/wp\/v2\/media\/33293"}],"wp:attachment":[{"href":"https:\/\/marktxxl.de\/markt\/wp-json\/wp\/v2\/media?parent=33282"}],"wp:term":[{"taxonomy":"product_brand","embeddable":true,"href":"https:\/\/marktxxl.de\/markt\/wp-json\/wp\/v2\/product_brand?post=33282"},{"taxonomy":"product_cat","embeddable":true,"href":"https:\/\/marktxxl.de\/markt\/wp-json\/wp\/v2\/product_cat?post=33282"},{"taxonomy":"product_tag","embeddable":true,"href":"https:\/\/marktxxl.de\/markt\/wp-json\/wp\/v2\/product_tag?post=33282"}],"curies":[{"name":"wp","href":"https:\/\/api.w.org\/{rel}","templated":true}]}}