{"id":33202,"date":"2021-09-13T20:06:07","date_gmt":"2021-09-13T18:06:07","guid":{"rendered":"https:\/\/marktxxl.de\/markt\/produkt\/violett-kupferfarben-sport-sonnenschutz-spf-50\/"},"modified":"2023-04-11T01:46:17","modified_gmt":"2023-04-10T23:46:17","slug":"violett-kupferfarben-sport-sonnenschutz-spf-50","status":"publish","type":"product","link":"https:\/\/marktxxl.de\/markt\/produkt\/violett-kupferfarben-sport-sonnenschutz-spf-50\/","title":{"rendered":"Violett\/Kupferfarben Sport Sonnenschutz, SPF 50"},"content":{"rendered":"<p>Welche Outdoor-Aktivit\u00e4t Sie leidenschaftlich sind, Coppertone Sport Sunscreen Lotion ist in Ihrem Team. Entwickelt, um stark zu bleiben, wenn Sie schwitzen, dieser Hochleistungs-Sonnenschutz sch\u00fctzt Sie vor der Sonne mit einer langlebigen und wasserabweisenden Formel (80 Minuten), die ein leichtes, atmungsaktives Gef\u00fchl auf Ihrer Haut hinterl\u00e4sst. Dieser Sonnenschutz bietet ein breites Spektrum an UVA\/UVB-Schutz. Er enth\u00e4lt Feuchtigkeitscremes und Vitamin E, um die antioxidative Abwehr Ihrer Haut wieder aufzuf\u00fcllen. Verlassen Sie sich von diesem robusten Sonnenschutz f\u00fcr Outdoor-Aktivit\u00e4ten<br \/>\n<div class=\"main-cross-sell\" data-asin=\"B0173G3AY6\">\n\n\t<div class=\"WooZone-cross-sell-loader\">\n\t\t<div>\n\t\t\t<div id=\"floatingBarsG\">\n\t\t\t\t<div class=\"blockG\" id=\"rotateG_01\"><\/div>\n\t\t\t\t<div class=\"blockG\" id=\"rotateG_02\"><\/div>\n\t\t\t\t<div class=\"blockG\" id=\"rotateG_03\"><\/div>\n\t\t\t\t<div class=\"blockG\" id=\"rotateG_04\"><\/div>\n\t\t\t\t<div class=\"blockG\" id=\"rotateG_05\"><\/div>\n\t\t\t\t<div class=\"blockG\" id=\"rotateG_06\"><\/div>\n\t\t\t\t<div class=\"blockG\" id=\"rotateG_07\"><\/div>\n\t\t\t\t<div class=\"blockG\" id=\"rotateG_08\"><\/div>\n\t\t\t<\/div>\n\t\t\t<div class=\"WooZone-cross-sell-loader-text\"><\/div>\n\t\t<\/div>\n\t<\/div>\n\n\t\t\n<\/div>\n<div style=\"clear:both;\"><\/div><\/p>\n","protected":false},"excerpt":{"rendered":"<p>Welche Outdoor-Aktivit\u00e4t Sie leidenschaftlich sind, Coppertone Sport Sunscreen Lotion ist in Ihrem Team. Entwickelt, um stark zu bleiben, wenn Sie schwitzen, dieser Hochleistungs-Sonnenschutz sch\u00fctzt Sie vor der Sonne mit einer langlebigen und wasserabweisenden Formel (80 Minuten), die ein leichtes, atmungsaktives Gef\u00fchl auf Ihrer Haut hinterl\u00e4sst. Dieser Sonnenschutz bietet ein breites Spektrum an UVA\/UVB-Schutz. Er enth\u00e4lt Feuchtigkeitscremes und Vitamin E, um die antioxidative Abwehr Ihrer Haut wieder aufzuf\u00fcllen. Verlassen Sie sich von diesem robusten Sonnenschutz f\u00fcr Outdoor-Aktivit\u00e4ten<\/p>\n","protected":false},"featured_media":33203,"comment_status":"open","ping_status":"closed","template":"","meta":[],"product_brand":[],"product_cat":[2858,6994],"product_tag":[],"class_list":{"0":"post-33202","1":"product","2":"type-product","3":"status-publish","4":"has-post-thumbnail","6":"product_cat-beauty","7":"product_cat-haarpflege-styling","8":"pa_binding-badartikel","9":"pa_brand-coppertone","10":"pa_height-7-88-zoll","11":"pa_length-2-75-zoll","12":"pa_model-sg_b0173g3ay6_us","13":"pa_size-1-stueck-1er-pack","14":"pa_weight-0-5-pfund","15":"pa_width-1-53-zoll","17":"first","18":"instock","19":"shipping-taxable","20":"purchasable","21":"product-type-simple","22":"customify-col","23":"product-has-gallery"},"yoast_head":"<!-- This site is optimized with the Yoast SEO plugin v27.3 - https:\/\/yoast.com\/product\/yoast-seo-wordpress\/ -->\n<title>Violett\/Kupferfarben Sport Sonnenschutz, SPF 50 - Markt-XXL<\/title>\n<meta name=\"description\" content=\"Markt-XXL Violett\/Kupferfarben Sport Sonnenschutz, SPF 50\" \/>\n<meta name=\"robots\" content=\"index, follow, max-snippet:-1, max-image-preview:large, max-video-preview:-1\" \/>\n<link rel=\"canonical\" href=\"https:\/\/marktxxl.de\/markt\/produkt\/violett-kupferfarben-sport-sonnenschutz-spf-50\/\" \/>\n<meta property=\"og:locale\" content=\"de_DE\" \/>\n<meta property=\"og:type\" content=\"article\" \/>\n<meta property=\"og:title\" content=\"Violett\/Kupferfarben Sport Sonnenschutz, SPF 50 - Markt-XXL\" \/>\n<meta property=\"og:description\" content=\"Markt-XXL Violett\/Kupferfarben Sport Sonnenschutz, SPF 50\" \/>\n<meta property=\"og:url\" content=\"https:\/\/marktxxl.de\/markt\/produkt\/violett-kupferfarben-sport-sonnenschutz-spf-50\/\" \/>\n<meta property=\"og:site_name\" content=\"Markt-XXL\" \/>\n<meta property=\"article:modified_time\" content=\"2023-04-10T23:46:17+00:00\" \/>\n<meta property=\"og:image\" content=\"https:\/\/m.media-amazon.com\/images\/I\/41eaB+mgn0S._SL500_.jpg\" \/>\n\t<meta property=\"og:image:width\" content=\"500\" \/>\n\t<meta property=\"og:image:height\" content=\"500\" \/>\n\t<meta property=\"og:image:type\" content=\"image\/jpeg\" \/>\n<meta name=\"twitter:card\" content=\"summary_large_image\" \/>\n<script type=\"application\/ld+json\" class=\"yoast-schema-graph\">{\"@context\":\"https:\\\/\\\/schema.org\",\"@graph\":[{\"@type\":\"WebPage\",\"@id\":\"https:\\\/\\\/marktxxl.de\\\/markt\\\/produkt\\\/violett-kupferfarben-sport-sonnenschutz-spf-50\\\/\",\"url\":\"https:\\\/\\\/marktxxl.de\\\/markt\\\/produkt\\\/violett-kupferfarben-sport-sonnenschutz-spf-50\\\/\",\"name\":\"Violett\\\/Kupferfarben Sport Sonnenschutz, SPF 50 - Markt-XXL\",\"isPartOf\":{\"@id\":\"https:\\\/\\\/marktxxl.de\\\/markt\\\/#website\"},\"primaryImageOfPage\":{\"@id\":\"https:\\\/\\\/marktxxl.de\\\/markt\\\/produkt\\\/violett-kupferfarben-sport-sonnenschutz-spf-50\\\/#primaryimage\"},\"image\":{\"@id\":\"https:\\\/\\\/marktxxl.de\\\/markt\\\/produkt\\\/violett-kupferfarben-sport-sonnenschutz-spf-50\\\/#primaryimage\"},\"thumbnailUrl\":\"https:\\\/\\\/m.media-amazon.com\\\/images\\\/I\\\/41eaB+mgn0S._SL500_.jpg\",\"datePublished\":\"2021-09-13T18:06:07+00:00\",\"dateModified\":\"2023-04-10T23:46:17+00:00\",\"description\":\"Markt-XXL Violett\\\/Kupferfarben Sport Sonnenschutz, SPF 50\",\"breadcrumb\":{\"@id\":\"https:\\\/\\\/marktxxl.de\\\/markt\\\/produkt\\\/violett-kupferfarben-sport-sonnenschutz-spf-50\\\/#breadcrumb\"},\"inLanguage\":\"de\",\"potentialAction\":[{\"@type\":\"ReadAction\",\"target\":[\"https:\\\/\\\/marktxxl.de\\\/markt\\\/produkt\\\/violett-kupferfarben-sport-sonnenschutz-spf-50\\\/\"]}]},{\"@type\":\"ImageObject\",\"inLanguage\":\"de\",\"@id\":\"https:\\\/\\\/marktxxl.de\\\/markt\\\/produkt\\\/violett-kupferfarben-sport-sonnenschutz-spf-50\\\/#primaryimage\",\"url\":\"https:\\\/\\\/m.media-amazon.com\\\/images\\\/I\\\/41eaB+mgn0S._SL500_.jpg\",\"contentUrl\":\"https:\\\/\\\/m.media-amazon.com\\\/images\\\/I\\\/41eaB+mgn0S._SL500_.jpg\",\"width\":500,\"height\":500},{\"@type\":\"BreadcrumbList\",\"@id\":\"https:\\\/\\\/marktxxl.de\\\/markt\\\/produkt\\\/violett-kupferfarben-sport-sonnenschutz-spf-50\\\/#breadcrumb\",\"itemListElement\":[{\"@type\":\"ListItem\",\"position\":1,\"name\":\"Startseite\",\"item\":\"https:\\\/\\\/marktxxl.de\\\/markt\\\/\"},{\"@type\":\"ListItem\",\"position\":2,\"name\":\"Markt\",\"item\":\"https:\\\/\\\/marktxxl.de\\\/markt\\\/\"},{\"@type\":\"ListItem\",\"position\":3,\"name\":\"Violett\\\/Kupferfarben Sport Sonnenschutz, SPF 50\"}]},{\"@type\":\"WebSite\",\"@id\":\"https:\\\/\\\/marktxxl.de\\\/markt\\\/#website\",\"url\":\"https:\\\/\\\/marktxxl.de\\\/markt\\\/\",\"name\":\"Markt-XXL\",\"description\":\"Ihr Markt Online\",\"publisher\":{\"@id\":\"https:\\\/\\\/marktxxl.de\\\/markt\\\/#organization\"},\"potentialAction\":[{\"@type\":\"SearchAction\",\"target\":{\"@type\":\"EntryPoint\",\"urlTemplate\":\"https:\\\/\\\/marktxxl.de\\\/markt\\\/?s={search_term_string}\"},\"query-input\":{\"@type\":\"PropertyValueSpecification\",\"valueRequired\":true,\"valueName\":\"search_term_string\"}}],\"inLanguage\":\"de\"},{\"@type\":\"Organization\",\"@id\":\"https:\\\/\\\/marktxxl.de\\\/markt\\\/#organization\",\"name\":\"Markt-XXL\",\"url\":\"https:\\\/\\\/marktxxl.de\\\/markt\\\/\",\"logo\":{\"@type\":\"ImageObject\",\"inLanguage\":\"de\",\"@id\":\"https:\\\/\\\/marktxxl.de\\\/markt\\\/#\\\/schema\\\/logo\\\/image\\\/\",\"url\":\"https:\\\/\\\/marktxxl.de\\\/markt\\\/wp-content\\\/uploads\\\/sites\\\/3\\\/2020\\\/12\\\/logo.png\",\"contentUrl\":\"https:\\\/\\\/marktxxl.de\\\/markt\\\/wp-content\\\/uploads\\\/sites\\\/3\\\/2020\\\/12\\\/logo.png\",\"width\":200,\"height\":70,\"caption\":\"Markt-XXL\"},\"image\":{\"@id\":\"https:\\\/\\\/marktxxl.de\\\/markt\\\/#\\\/schema\\\/logo\\\/image\\\/\"}}]}<\/script>\n<!-- \/ Yoast SEO plugin. -->","yoast_head_json":{"title":"Violett\/Kupferfarben Sport Sonnenschutz, SPF 50 - Markt-XXL","description":"Markt-XXL Violett\/Kupferfarben Sport Sonnenschutz, SPF 50","robots":{"index":"index","follow":"follow","max-snippet":"max-snippet:-1","max-image-preview":"max-image-preview:large","max-video-preview":"max-video-preview:-1"},"canonical":"https:\/\/marktxxl.de\/markt\/produkt\/violett-kupferfarben-sport-sonnenschutz-spf-50\/","og_locale":"de_DE","og_type":"article","og_title":"Violett\/Kupferfarben Sport Sonnenschutz, SPF 50 - Markt-XXL","og_description":"Markt-XXL Violett\/Kupferfarben Sport Sonnenschutz, SPF 50","og_url":"https:\/\/marktxxl.de\/markt\/produkt\/violett-kupferfarben-sport-sonnenschutz-spf-50\/","og_site_name":"Markt-XXL","article_modified_time":"2023-04-10T23:46:17+00:00","og_image":[{"width":500,"height":500,"url":"https:\/\/m.media-amazon.com\/images\/I\/41eaB+mgn0S._SL500_.jpg","type":"image\/jpeg"}],"twitter_card":"summary_large_image","schema":{"@context":"https:\/\/schema.org","@graph":[{"@type":"WebPage","@id":"https:\/\/marktxxl.de\/markt\/produkt\/violett-kupferfarben-sport-sonnenschutz-spf-50\/","url":"https:\/\/marktxxl.de\/markt\/produkt\/violett-kupferfarben-sport-sonnenschutz-spf-50\/","name":"Violett\/Kupferfarben Sport Sonnenschutz, SPF 50 - Markt-XXL","isPartOf":{"@id":"https:\/\/marktxxl.de\/markt\/#website"},"primaryImageOfPage":{"@id":"https:\/\/marktxxl.de\/markt\/produkt\/violett-kupferfarben-sport-sonnenschutz-spf-50\/#primaryimage"},"image":{"@id":"https:\/\/marktxxl.de\/markt\/produkt\/violett-kupferfarben-sport-sonnenschutz-spf-50\/#primaryimage"},"thumbnailUrl":"https:\/\/m.media-amazon.com\/images\/I\/41eaB+mgn0S._SL500_.jpg","datePublished":"2021-09-13T18:06:07+00:00","dateModified":"2023-04-10T23:46:17+00:00","description":"Markt-XXL Violett\/Kupferfarben Sport Sonnenschutz, SPF 50","breadcrumb":{"@id":"https:\/\/marktxxl.de\/markt\/produkt\/violett-kupferfarben-sport-sonnenschutz-spf-50\/#breadcrumb"},"inLanguage":"de","potentialAction":[{"@type":"ReadAction","target":["https:\/\/marktxxl.de\/markt\/produkt\/violett-kupferfarben-sport-sonnenschutz-spf-50\/"]}]},{"@type":"ImageObject","inLanguage":"de","@id":"https:\/\/marktxxl.de\/markt\/produkt\/violett-kupferfarben-sport-sonnenschutz-spf-50\/#primaryimage","url":"https:\/\/m.media-amazon.com\/images\/I\/41eaB+mgn0S._SL500_.jpg","contentUrl":"https:\/\/m.media-amazon.com\/images\/I\/41eaB+mgn0S._SL500_.jpg","width":500,"height":500},{"@type":"BreadcrumbList","@id":"https:\/\/marktxxl.de\/markt\/produkt\/violett-kupferfarben-sport-sonnenschutz-spf-50\/#breadcrumb","itemListElement":[{"@type":"ListItem","position":1,"name":"Startseite","item":"https:\/\/marktxxl.de\/markt\/"},{"@type":"ListItem","position":2,"name":"Markt","item":"https:\/\/marktxxl.de\/markt\/"},{"@type":"ListItem","position":3,"name":"Violett\/Kupferfarben Sport Sonnenschutz, SPF 50"}]},{"@type":"WebSite","@id":"https:\/\/marktxxl.de\/markt\/#website","url":"https:\/\/marktxxl.de\/markt\/","name":"Markt-XXL","description":"Ihr Markt Online","publisher":{"@id":"https:\/\/marktxxl.de\/markt\/#organization"},"potentialAction":[{"@type":"SearchAction","target":{"@type":"EntryPoint","urlTemplate":"https:\/\/marktxxl.de\/markt\/?s={search_term_string}"},"query-input":{"@type":"PropertyValueSpecification","valueRequired":true,"valueName":"search_term_string"}}],"inLanguage":"de"},{"@type":"Organization","@id":"https:\/\/marktxxl.de\/markt\/#organization","name":"Markt-XXL","url":"https:\/\/marktxxl.de\/markt\/","logo":{"@type":"ImageObject","inLanguage":"de","@id":"https:\/\/marktxxl.de\/markt\/#\/schema\/logo\/image\/","url":"https:\/\/marktxxl.de\/markt\/wp-content\/uploads\/sites\/3\/2020\/12\/logo.png","contentUrl":"https:\/\/marktxxl.de\/markt\/wp-content\/uploads\/sites\/3\/2020\/12\/logo.png","width":200,"height":70,"caption":"Markt-XXL"},"image":{"@id":"https:\/\/marktxxl.de\/markt\/#\/schema\/logo\/image\/"}}]}},"_links":{"self":[{"href":"https:\/\/marktxxl.de\/markt\/wp-json\/wp\/v2\/product\/33202","targetHints":{"allow":["GET"]}}],"collection":[{"href":"https:\/\/marktxxl.de\/markt\/wp-json\/wp\/v2\/product"}],"about":[{"href":"https:\/\/marktxxl.de\/markt\/wp-json\/wp\/v2\/types\/product"}],"replies":[{"embeddable":true,"href":"https:\/\/marktxxl.de\/markt\/wp-json\/wp\/v2\/comments?post=33202"}],"wp:featuredmedia":[{"embeddable":true,"href":"https:\/\/marktxxl.de\/markt\/wp-json\/wp\/v2\/media\/33203"}],"wp:attachment":[{"href":"https:\/\/marktxxl.de\/markt\/wp-json\/wp\/v2\/media?parent=33202"}],"wp:term":[{"taxonomy":"product_brand","embeddable":true,"href":"https:\/\/marktxxl.de\/markt\/wp-json\/wp\/v2\/product_brand?post=33202"},{"taxonomy":"product_cat","embeddable":true,"href":"https:\/\/marktxxl.de\/markt\/wp-json\/wp\/v2\/product_cat?post=33202"},{"taxonomy":"product_tag","embeddable":true,"href":"https:\/\/marktxxl.de\/markt\/wp-json\/wp\/v2\/product_tag?post=33202"}],"curies":[{"name":"wp","href":"https:\/\/api.w.org\/{rel}","templated":true}]}}