{"id":33099,"date":"2021-09-13T20:04:49","date_gmt":"2021-09-13T18:04:49","guid":{"rendered":"https:\/\/marktxxl.de\/markt\/produkt\/laoye-brillenband-brillenkette-damen-brillenkordel-herren-brillenschnur-fuer-sonnenbrillen-lesebrillen-schutzbrille-set-aus-6-stueck-brillenbaender\/"},"modified":"2023-04-11T01:46:15","modified_gmt":"2023-04-10T23:46:15","slug":"laoye-brillenband-brillenkette-damen-brillenkordel-herren-brillenschnur-fuer-sonnenbrillen-lesebrillen-schutzbrille-set-aus-6-stueck-brillenbaender","status":"publish","type":"product","link":"https:\/\/marktxxl.de\/markt\/produkt\/laoye-brillenband-brillenkette-damen-brillenkordel-herren-brillenschnur-fuer-sonnenbrillen-lesebrillen-schutzbrille-set-aus-6-stueck-brillenbaender\/","title":{"rendered":"LAOYE Brillenband Brillenkette Damen Brillenkordel Herren Brillenschnur f\u00fcr Sonnenbrillen, Lesebrillen, Schutzbrille\u2026"},"content":{"rendered":"<p>\u3010Angenehm Zu Tragen\u3011 Die Brillenkette hat eine L\u00e4nge von 70 cm, die macht es besonders f\u00fcr Herren\/Damen angenehm zu tragen. Brillenband aus Kunstleder, der robuste aber weich, biegsam und angenehm auf der Haut ist, dienen kann f\u00fcr lange Zeit.<br \/>\n\u3010Verstellbares Brillenband\u3011 Metall-\u00d6sen und rutschfeste Gummischlaufe zur sicheren Befestigung. Perfekter Halt an deiner Sonnenbrille &amp; Lesebrille.<br \/>\n\u30106 Verschiedenen Farben\u3011 Das Set hat 6 St\u00fcck Brillenb\u00e4nder. Sie k\u00f6nnen passend zu Ihrer allerarte Brille und Ihrem eigenen Stil in verschiedenen Situationen zwischen den Farben Tiefschwarz, Hellbraun, Dunkelbraun, Dunkelblau, Violett und Weinrot w\u00e4hlen.<br \/>\n\u3010Einzigartiges Design\u3011 Einstellbare Kugeln auf Brillenschn\u00fcre kann man dieses festziehen, wenn es auf dem Kopf sitzt oder wenn es am Hals zu lasch h\u00e4ngt und sind f\u00fcr alle Kopfgr\u00f6\u00dfen und -formen bequem.<br \/>\n\u3010Passend f\u00fcr die meisten Brillen\u3011 Geeignet f\u00fcr alle Arten von Brillen und Kleidung, kann beliebig auf seiner Brust Brille entfernt werden, sehr praktisch. Das kann arbeiten gut mit verschreibungspflichtigen Brillen, Sonnenbrillen, Lesebrillen, Schutzbrille, etc.<br \/>\n<div class=\"main-cross-sell\" data-asin=\"B07KP41L7K\">\n\n\t<div class=\"WooZone-cross-sell-loader\">\n\t\t<div>\n\t\t\t<div id=\"floatingBarsG\">\n\t\t\t\t<div class=\"blockG\" id=\"rotateG_01\"><\/div>\n\t\t\t\t<div class=\"blockG\" id=\"rotateG_02\"><\/div>\n\t\t\t\t<div class=\"blockG\" id=\"rotateG_03\"><\/div>\n\t\t\t\t<div class=\"blockG\" id=\"rotateG_04\"><\/div>\n\t\t\t\t<div class=\"blockG\" id=\"rotateG_05\"><\/div>\n\t\t\t\t<div class=\"blockG\" id=\"rotateG_06\"><\/div>\n\t\t\t\t<div class=\"blockG\" id=\"rotateG_07\"><\/div>\n\t\t\t\t<div class=\"blockG\" id=\"rotateG_08\"><\/div>\n\t\t\t<\/div>\n\t\t\t<div class=\"WooZone-cross-sell-loader-text\"><\/div>\n\t\t<\/div>\n\t<\/div>\n\n\t\t\n<\/div>\n<div style=\"clear:both;\"><\/div><\/p>\n","protected":false},"excerpt":{"rendered":"<p>\u3010Angenehm Zu Tragen\u3011 Die Brillenkette hat eine L\u00e4nge von 70 cm, die macht es besonders f\u00fcr Herren\/Damen angenehm zu tragen. Brillenband aus Kunstleder, der robuste aber weich, biegsam und angenehm auf der Haut ist, dienen kann f\u00fcr lange Zeit.<br \/>\n\u3010Verstellbares Brillenband\u3011 Metall-\u00d6sen und rutschfeste Gummischlaufe zur sicheren Befestigung. Perfekter Halt an deiner Sonnenbrille &amp; Lesebrille.<br \/>\n\u30106 Verschiedenen Farben\u3011 Das Set hat 6 St\u00fcck Brillenb\u00e4nder. Sie k\u00f6nnen passend zu Ihrer allerarte Brille und Ihrem eigenen Stil in verschiedenen Situationen zwischen den Farben Tiefschwarz, Hellbraun, Dunkelbraun, Dunkelblau, Violett und Weinrot w\u00e4hlen.<\/p>\n","protected":false},"featured_media":33100,"comment_status":"open","ping_status":"closed","template":"","meta":[],"product_brand":[],"product_cat":[1186,3920],"product_tag":[],"class_list":{"0":"post-33099","1":"product","2":"type-product","3":"status-publish","4":"has-post-thumbnail","6":"product_cat-bekleidung","7":"product_cat-damen","8":"pa_binding-textilien","9":"pa_brand-laoye","10":"pa_brand-thames-hudson","11":"pa_manufacturer-shenzhen-real-imp-exp-co-ltd","12":"pa_size-35cm2","14":"first","15":"instock","16":"shipping-taxable","17":"purchasable","18":"product-type-simple","19":"customify-col","20":"product-has-gallery"},"yoast_head":"<!-- This site is optimized with the Yoast SEO plugin v27.3 - https:\/\/yoast.com\/product\/yoast-seo-wordpress\/ -->\n<title>LAOYE Brillenband Brillenkette Damen Brillenkordel Herren Brillenschnur f\u00fcr Sonnenbrillen, Lesebrillen, Schutzbrille\u2026 - Markt-XXL<\/title>\n<meta name=\"description\" content=\"Markt-XXL LAOYE Brillenband Brillenkette Damen Brillenkordel Herren Brillenschnur f\u00fcr Sonnenbrillen, Lesebrillen, Schutzbrille\u2026\" \/>\n<meta name=\"robots\" content=\"index, follow, max-snippet:-1, max-image-preview:large, max-video-preview:-1\" \/>\n<link rel=\"canonical\" href=\"https:\/\/marktxxl.de\/markt\/produkt\/laoye-brillenband-brillenkette-damen-brillenkordel-herren-brillenschnur-fuer-sonnenbrillen-lesebrillen-schutzbrille-set-aus-6-stueck-brillenbaender\/\" \/>\n<meta property=\"og:locale\" content=\"de_DE\" \/>\n<meta property=\"og:type\" content=\"article\" \/>\n<meta property=\"og:title\" content=\"LAOYE Brillenband Brillenkette Damen Brillenkordel Herren Brillenschnur f\u00fcr Sonnenbrillen, Lesebrillen, Schutzbrille\u2026 - Markt-XXL\" \/>\n<meta property=\"og:description\" content=\"Markt-XXL LAOYE Brillenband Brillenkette Damen Brillenkordel Herren Brillenschnur f\u00fcr Sonnenbrillen, Lesebrillen, Schutzbrille\u2026\" \/>\n<meta property=\"og:url\" content=\"https:\/\/marktxxl.de\/markt\/produkt\/laoye-brillenband-brillenkette-damen-brillenkordel-herren-brillenschnur-fuer-sonnenbrillen-lesebrillen-schutzbrille-set-aus-6-stueck-brillenbaender\/\" \/>\n<meta property=\"og:site_name\" content=\"Markt-XXL\" \/>\n<meta property=\"article:modified_time\" content=\"2023-04-10T23:46:15+00:00\" \/>\n<meta property=\"og:image\" content=\"https:\/\/m.media-amazon.com\/images\/I\/51OeelAOr1L._SL500_.jpg\" \/>\n\t<meta property=\"og:image:width\" content=\"500\" \/>\n\t<meta property=\"og:image:height\" content=\"500\" \/>\n\t<meta property=\"og:image:type\" content=\"image\/jpeg\" \/>\n<meta name=\"twitter:card\" content=\"summary_large_image\" \/>\n<meta name=\"twitter:label1\" content=\"Gesch\u00e4tzte Lesezeit\" \/>\n\t<meta name=\"twitter:data1\" content=\"1\u00a0Minute\" \/>\n<script type=\"application\/ld+json\" class=\"yoast-schema-graph\">{\"@context\":\"https:\\\/\\\/schema.org\",\"@graph\":[{\"@type\":\"WebPage\",\"@id\":\"https:\\\/\\\/marktxxl.de\\\/markt\\\/produkt\\\/laoye-brillenband-brillenkette-damen-brillenkordel-herren-brillenschnur-fuer-sonnenbrillen-lesebrillen-schutzbrille-set-aus-6-stueck-brillenbaender\\\/\",\"url\":\"https:\\\/\\\/marktxxl.de\\\/markt\\\/produkt\\\/laoye-brillenband-brillenkette-damen-brillenkordel-herren-brillenschnur-fuer-sonnenbrillen-lesebrillen-schutzbrille-set-aus-6-stueck-brillenbaender\\\/\",\"name\":\"LAOYE Brillenband Brillenkette Damen Brillenkordel Herren Brillenschnur f\u00fcr Sonnenbrillen, Lesebrillen, Schutzbrille\u2026 - Markt-XXL\",\"isPartOf\":{\"@id\":\"https:\\\/\\\/marktxxl.de\\\/markt\\\/#website\"},\"primaryImageOfPage\":{\"@id\":\"https:\\\/\\\/marktxxl.de\\\/markt\\\/produkt\\\/laoye-brillenband-brillenkette-damen-brillenkordel-herren-brillenschnur-fuer-sonnenbrillen-lesebrillen-schutzbrille-set-aus-6-stueck-brillenbaender\\\/#primaryimage\"},\"image\":{\"@id\":\"https:\\\/\\\/marktxxl.de\\\/markt\\\/produkt\\\/laoye-brillenband-brillenkette-damen-brillenkordel-herren-brillenschnur-fuer-sonnenbrillen-lesebrillen-schutzbrille-set-aus-6-stueck-brillenbaender\\\/#primaryimage\"},\"thumbnailUrl\":\"https:\\\/\\\/m.media-amazon.com\\\/images\\\/I\\\/51OeelAOr1L._SL500_.jpg\",\"datePublished\":\"2021-09-13T18:04:49+00:00\",\"dateModified\":\"2023-04-10T23:46:15+00:00\",\"description\":\"Markt-XXL LAOYE Brillenband Brillenkette Damen Brillenkordel Herren Brillenschnur f\u00fcr Sonnenbrillen, Lesebrillen, Schutzbrille\u2026\",\"breadcrumb\":{\"@id\":\"https:\\\/\\\/marktxxl.de\\\/markt\\\/produkt\\\/laoye-brillenband-brillenkette-damen-brillenkordel-herren-brillenschnur-fuer-sonnenbrillen-lesebrillen-schutzbrille-set-aus-6-stueck-brillenbaender\\\/#breadcrumb\"},\"inLanguage\":\"de\",\"potentialAction\":[{\"@type\":\"ReadAction\",\"target\":[\"https:\\\/\\\/marktxxl.de\\\/markt\\\/produkt\\\/laoye-brillenband-brillenkette-damen-brillenkordel-herren-brillenschnur-fuer-sonnenbrillen-lesebrillen-schutzbrille-set-aus-6-stueck-brillenbaender\\\/\"]}]},{\"@type\":\"ImageObject\",\"inLanguage\":\"de\",\"@id\":\"https:\\\/\\\/marktxxl.de\\\/markt\\\/produkt\\\/laoye-brillenband-brillenkette-damen-brillenkordel-herren-brillenschnur-fuer-sonnenbrillen-lesebrillen-schutzbrille-set-aus-6-stueck-brillenbaender\\\/#primaryimage\",\"url\":\"https:\\\/\\\/m.media-amazon.com\\\/images\\\/I\\\/51OeelAOr1L._SL500_.jpg\",\"contentUrl\":\"https:\\\/\\\/m.media-amazon.com\\\/images\\\/I\\\/51OeelAOr1L._SL500_.jpg\",\"width\":500,\"height\":500},{\"@type\":\"BreadcrumbList\",\"@id\":\"https:\\\/\\\/marktxxl.de\\\/markt\\\/produkt\\\/laoye-brillenband-brillenkette-damen-brillenkordel-herren-brillenschnur-fuer-sonnenbrillen-lesebrillen-schutzbrille-set-aus-6-stueck-brillenbaender\\\/#breadcrumb\",\"itemListElement\":[{\"@type\":\"ListItem\",\"position\":1,\"name\":\"Startseite\",\"item\":\"https:\\\/\\\/marktxxl.de\\\/markt\\\/\"},{\"@type\":\"ListItem\",\"position\":2,\"name\":\"Markt\",\"item\":\"https:\\\/\\\/marktxxl.de\\\/markt\\\/\"},{\"@type\":\"ListItem\",\"position\":3,\"name\":\"LAOYE Brillenband Brillenkette Damen Brillenkordel Herren Brillenschnur f\u00fcr Sonnenbrillen, Lesebrillen, Schutzbrille\u2026\"}]},{\"@type\":\"WebSite\",\"@id\":\"https:\\\/\\\/marktxxl.de\\\/markt\\\/#website\",\"url\":\"https:\\\/\\\/marktxxl.de\\\/markt\\\/\",\"name\":\"Markt-XXL\",\"description\":\"Ihr Markt Online\",\"publisher\":{\"@id\":\"https:\\\/\\\/marktxxl.de\\\/markt\\\/#organization\"},\"potentialAction\":[{\"@type\":\"SearchAction\",\"target\":{\"@type\":\"EntryPoint\",\"urlTemplate\":\"https:\\\/\\\/marktxxl.de\\\/markt\\\/?s={search_term_string}\"},\"query-input\":{\"@type\":\"PropertyValueSpecification\",\"valueRequired\":true,\"valueName\":\"search_term_string\"}}],\"inLanguage\":\"de\"},{\"@type\":\"Organization\",\"@id\":\"https:\\\/\\\/marktxxl.de\\\/markt\\\/#organization\",\"name\":\"Markt-XXL\",\"url\":\"https:\\\/\\\/marktxxl.de\\\/markt\\\/\",\"logo\":{\"@type\":\"ImageObject\",\"inLanguage\":\"de\",\"@id\":\"https:\\\/\\\/marktxxl.de\\\/markt\\\/#\\\/schema\\\/logo\\\/image\\\/\",\"url\":\"https:\\\/\\\/marktxxl.de\\\/markt\\\/wp-content\\\/uploads\\\/sites\\\/3\\\/2020\\\/12\\\/logo.png\",\"contentUrl\":\"https:\\\/\\\/marktxxl.de\\\/markt\\\/wp-content\\\/uploads\\\/sites\\\/3\\\/2020\\\/12\\\/logo.png\",\"width\":200,\"height\":70,\"caption\":\"Markt-XXL\"},\"image\":{\"@id\":\"https:\\\/\\\/marktxxl.de\\\/markt\\\/#\\\/schema\\\/logo\\\/image\\\/\"}}]}<\/script>\n<!-- \/ Yoast SEO plugin. -->","yoast_head_json":{"title":"LAOYE Brillenband Brillenkette Damen Brillenkordel Herren Brillenschnur f\u00fcr Sonnenbrillen, Lesebrillen, Schutzbrille\u2026 - Markt-XXL","description":"Markt-XXL LAOYE Brillenband Brillenkette Damen Brillenkordel Herren Brillenschnur f\u00fcr Sonnenbrillen, Lesebrillen, Schutzbrille\u2026","robots":{"index":"index","follow":"follow","max-snippet":"max-snippet:-1","max-image-preview":"max-image-preview:large","max-video-preview":"max-video-preview:-1"},"canonical":"https:\/\/marktxxl.de\/markt\/produkt\/laoye-brillenband-brillenkette-damen-brillenkordel-herren-brillenschnur-fuer-sonnenbrillen-lesebrillen-schutzbrille-set-aus-6-stueck-brillenbaender\/","og_locale":"de_DE","og_type":"article","og_title":"LAOYE Brillenband Brillenkette Damen Brillenkordel Herren Brillenschnur f\u00fcr Sonnenbrillen, Lesebrillen, Schutzbrille\u2026 - Markt-XXL","og_description":"Markt-XXL LAOYE Brillenband Brillenkette Damen Brillenkordel Herren Brillenschnur f\u00fcr Sonnenbrillen, Lesebrillen, Schutzbrille\u2026","og_url":"https:\/\/marktxxl.de\/markt\/produkt\/laoye-brillenband-brillenkette-damen-brillenkordel-herren-brillenschnur-fuer-sonnenbrillen-lesebrillen-schutzbrille-set-aus-6-stueck-brillenbaender\/","og_site_name":"Markt-XXL","article_modified_time":"2023-04-10T23:46:15+00:00","og_image":[{"width":500,"height":500,"url":"https:\/\/m.media-amazon.com\/images\/I\/51OeelAOr1L._SL500_.jpg","type":"image\/jpeg"}],"twitter_card":"summary_large_image","twitter_misc":{"Gesch\u00e4tzte Lesezeit":"1\u00a0Minute"},"schema":{"@context":"https:\/\/schema.org","@graph":[{"@type":"WebPage","@id":"https:\/\/marktxxl.de\/markt\/produkt\/laoye-brillenband-brillenkette-damen-brillenkordel-herren-brillenschnur-fuer-sonnenbrillen-lesebrillen-schutzbrille-set-aus-6-stueck-brillenbaender\/","url":"https:\/\/marktxxl.de\/markt\/produkt\/laoye-brillenband-brillenkette-damen-brillenkordel-herren-brillenschnur-fuer-sonnenbrillen-lesebrillen-schutzbrille-set-aus-6-stueck-brillenbaender\/","name":"LAOYE Brillenband Brillenkette Damen Brillenkordel Herren Brillenschnur f\u00fcr Sonnenbrillen, Lesebrillen, Schutzbrille\u2026 - Markt-XXL","isPartOf":{"@id":"https:\/\/marktxxl.de\/markt\/#website"},"primaryImageOfPage":{"@id":"https:\/\/marktxxl.de\/markt\/produkt\/laoye-brillenband-brillenkette-damen-brillenkordel-herren-brillenschnur-fuer-sonnenbrillen-lesebrillen-schutzbrille-set-aus-6-stueck-brillenbaender\/#primaryimage"},"image":{"@id":"https:\/\/marktxxl.de\/markt\/produkt\/laoye-brillenband-brillenkette-damen-brillenkordel-herren-brillenschnur-fuer-sonnenbrillen-lesebrillen-schutzbrille-set-aus-6-stueck-brillenbaender\/#primaryimage"},"thumbnailUrl":"https:\/\/m.media-amazon.com\/images\/I\/51OeelAOr1L._SL500_.jpg","datePublished":"2021-09-13T18:04:49+00:00","dateModified":"2023-04-10T23:46:15+00:00","description":"Markt-XXL LAOYE Brillenband Brillenkette Damen Brillenkordel Herren Brillenschnur f\u00fcr Sonnenbrillen, Lesebrillen, Schutzbrille\u2026","breadcrumb":{"@id":"https:\/\/marktxxl.de\/markt\/produkt\/laoye-brillenband-brillenkette-damen-brillenkordel-herren-brillenschnur-fuer-sonnenbrillen-lesebrillen-schutzbrille-set-aus-6-stueck-brillenbaender\/#breadcrumb"},"inLanguage":"de","potentialAction":[{"@type":"ReadAction","target":["https:\/\/marktxxl.de\/markt\/produkt\/laoye-brillenband-brillenkette-damen-brillenkordel-herren-brillenschnur-fuer-sonnenbrillen-lesebrillen-schutzbrille-set-aus-6-stueck-brillenbaender\/"]}]},{"@type":"ImageObject","inLanguage":"de","@id":"https:\/\/marktxxl.de\/markt\/produkt\/laoye-brillenband-brillenkette-damen-brillenkordel-herren-brillenschnur-fuer-sonnenbrillen-lesebrillen-schutzbrille-set-aus-6-stueck-brillenbaender\/#primaryimage","url":"https:\/\/m.media-amazon.com\/images\/I\/51OeelAOr1L._SL500_.jpg","contentUrl":"https:\/\/m.media-amazon.com\/images\/I\/51OeelAOr1L._SL500_.jpg","width":500,"height":500},{"@type":"BreadcrumbList","@id":"https:\/\/marktxxl.de\/markt\/produkt\/laoye-brillenband-brillenkette-damen-brillenkordel-herren-brillenschnur-fuer-sonnenbrillen-lesebrillen-schutzbrille-set-aus-6-stueck-brillenbaender\/#breadcrumb","itemListElement":[{"@type":"ListItem","position":1,"name":"Startseite","item":"https:\/\/marktxxl.de\/markt\/"},{"@type":"ListItem","position":2,"name":"Markt","item":"https:\/\/marktxxl.de\/markt\/"},{"@type":"ListItem","position":3,"name":"LAOYE Brillenband Brillenkette Damen Brillenkordel Herren Brillenschnur f\u00fcr Sonnenbrillen, Lesebrillen, Schutzbrille\u2026"}]},{"@type":"WebSite","@id":"https:\/\/marktxxl.de\/markt\/#website","url":"https:\/\/marktxxl.de\/markt\/","name":"Markt-XXL","description":"Ihr Markt Online","publisher":{"@id":"https:\/\/marktxxl.de\/markt\/#organization"},"potentialAction":[{"@type":"SearchAction","target":{"@type":"EntryPoint","urlTemplate":"https:\/\/marktxxl.de\/markt\/?s={search_term_string}"},"query-input":{"@type":"PropertyValueSpecification","valueRequired":true,"valueName":"search_term_string"}}],"inLanguage":"de"},{"@type":"Organization","@id":"https:\/\/marktxxl.de\/markt\/#organization","name":"Markt-XXL","url":"https:\/\/marktxxl.de\/markt\/","logo":{"@type":"ImageObject","inLanguage":"de","@id":"https:\/\/marktxxl.de\/markt\/#\/schema\/logo\/image\/","url":"https:\/\/marktxxl.de\/markt\/wp-content\/uploads\/sites\/3\/2020\/12\/logo.png","contentUrl":"https:\/\/marktxxl.de\/markt\/wp-content\/uploads\/sites\/3\/2020\/12\/logo.png","width":200,"height":70,"caption":"Markt-XXL"},"image":{"@id":"https:\/\/marktxxl.de\/markt\/#\/schema\/logo\/image\/"}}]}},"_links":{"self":[{"href":"https:\/\/marktxxl.de\/markt\/wp-json\/wp\/v2\/product\/33099","targetHints":{"allow":["GET"]}}],"collection":[{"href":"https:\/\/marktxxl.de\/markt\/wp-json\/wp\/v2\/product"}],"about":[{"href":"https:\/\/marktxxl.de\/markt\/wp-json\/wp\/v2\/types\/product"}],"replies":[{"embeddable":true,"href":"https:\/\/marktxxl.de\/markt\/wp-json\/wp\/v2\/comments?post=33099"}],"wp:featuredmedia":[{"embeddable":true,"href":"https:\/\/marktxxl.de\/markt\/wp-json\/wp\/v2\/media\/33100"}],"wp:attachment":[{"href":"https:\/\/marktxxl.de\/markt\/wp-json\/wp\/v2\/media?parent=33099"}],"wp:term":[{"taxonomy":"product_brand","embeddable":true,"href":"https:\/\/marktxxl.de\/markt\/wp-json\/wp\/v2\/product_brand?post=33099"},{"taxonomy":"product_cat","embeddable":true,"href":"https:\/\/marktxxl.de\/markt\/wp-json\/wp\/v2\/product_cat?post=33099"},{"taxonomy":"product_tag","embeddable":true,"href":"https:\/\/marktxxl.de\/markt\/wp-json\/wp\/v2\/product_tag?post=33099"}],"curies":[{"name":"wp","href":"https:\/\/api.w.org\/{rel}","templated":true}]}}