{"id":33093,"date":"2021-09-13T20:04:46","date_gmt":"2021-09-13T18:04:46","guid":{"rendered":"https:\/\/marktxxl.de\/markt\/produkt\/fredsbruder-pretty-little-things-2in1-small-dark-navy\/"},"modified":"2023-04-11T01:46:15","modified_gmt":"2023-04-10T23:46:15","slug":"fredsbruder-pretty-little-things-2in1-small-dark-navy","status":"publish","type":"product","link":"https:\/\/marktxxl.de\/markt\/produkt\/fredsbruder-pretty-little-things-2in1-small-dark-navy\/","title":{"rendered":"FREDsBRUDER Pretty Little Things 2in1 Small Dark Navy"},"content":{"rendered":"<p>Diese besondere FREDsBRUDER Geldb\u00f6rse \u00fcberzeugt wirklich jeden! Das weiche Material aus Rindsleder liegt angenehm in der Hand und verspricht angenehmsten Tragekomfort. Das herausnehmbare Zipperfach f\u00fcr Ihr M\u00fcnzgeld begeistert jeden immer wieder auf&#8217;s Neue! Ma\u00dfe: 9 x 15 x 3 cm<br \/>\n<div class=\"main-cross-sell\" data-asin=\"B091BP1R2J\">\n\n\t<div class=\"WooZone-cross-sell-loader\">\n\t\t<div>\n\t\t\t<div id=\"floatingBarsG\">\n\t\t\t\t<div class=\"blockG\" id=\"rotateG_01\"><\/div>\n\t\t\t\t<div class=\"blockG\" id=\"rotateG_02\"><\/div>\n\t\t\t\t<div class=\"blockG\" id=\"rotateG_03\"><\/div>\n\t\t\t\t<div class=\"blockG\" id=\"rotateG_04\"><\/div>\n\t\t\t\t<div class=\"blockG\" id=\"rotateG_05\"><\/div>\n\t\t\t\t<div class=\"blockG\" id=\"rotateG_06\"><\/div>\n\t\t\t\t<div class=\"blockG\" id=\"rotateG_07\"><\/div>\n\t\t\t\t<div class=\"blockG\" id=\"rotateG_08\"><\/div>\n\t\t\t<\/div>\n\t\t\t<div class=\"WooZone-cross-sell-loader-text\"><\/div>\n\t\t<\/div>\n\t<\/div>\n\n\t\t\n<\/div>\n<div style=\"clear:both;\"><\/div><\/p>\n","protected":false},"excerpt":{"rendered":"<p>Diese besondere FREDsBRUDER Geldb\u00f6rse \u00fcberzeugt wirklich jeden! Das weiche Material aus Rindsleder liegt angenehm in der Hand und verspricht angenehmsten Tragekomfort. Das herausnehmbare Zipperfach f\u00fcr Ihr M\u00fcnzgeld begeistert jeden immer wieder auf&#8217;s Neue! Ma\u00dfe: 9 x 15 x 3 cm<\/p>\n","protected":false},"featured_media":33094,"comment_status":"open","ping_status":"closed","template":"","meta":[],"product_brand":[],"product_cat":[1186,3920],"product_tag":[],"class_list":{"0":"post-33093","1":"product","2":"type-product","3":"status-publish","4":"has-post-thumbnail","6":"product_cat-bekleidung","7":"product_cat-damen","8":"pa_brand-fredsbruder","9":"pa_color-dark-navy","10":"pa_height-1-181102361-zoll","11":"pa_length-5-905511805-zoll","12":"pa_manufacturer-fredsbruder","13":"pa_weight-0-29321480846-pfund","14":"pa_width-3-543307083-zoll","16":"first","17":"instock","18":"shipping-taxable","19":"purchasable","20":"product-type-simple","21":"customify-col","22":"product-has-gallery"},"yoast_head":"<!-- This site is optimized with the Yoast SEO plugin v27.3 - https:\/\/yoast.com\/product\/yoast-seo-wordpress\/ -->\n<title>FREDsBRUDER Pretty Little Things 2in1 Small Dark Navy - Markt-XXL<\/title>\n<meta name=\"description\" content=\"Markt-XXL FREDsBRUDER Pretty Little Things 2in1 Small Dark Navy\" \/>\n<meta name=\"robots\" content=\"index, follow, max-snippet:-1, max-image-preview:large, max-video-preview:-1\" \/>\n<link rel=\"canonical\" href=\"https:\/\/marktxxl.de\/markt\/produkt\/fredsbruder-pretty-little-things-2in1-small-dark-navy\/\" \/>\n<meta property=\"og:locale\" content=\"de_DE\" \/>\n<meta property=\"og:type\" content=\"article\" \/>\n<meta property=\"og:title\" content=\"FREDsBRUDER Pretty Little Things 2in1 Small Dark Navy - Markt-XXL\" \/>\n<meta property=\"og:description\" content=\"Markt-XXL FREDsBRUDER Pretty Little Things 2in1 Small Dark Navy\" \/>\n<meta property=\"og:url\" content=\"https:\/\/marktxxl.de\/markt\/produkt\/fredsbruder-pretty-little-things-2in1-small-dark-navy\/\" \/>\n<meta property=\"og:site_name\" content=\"Markt-XXL\" \/>\n<meta property=\"article:modified_time\" content=\"2023-04-10T23:46:15+00:00\" \/>\n<meta property=\"og:image\" content=\"https:\/\/m.media-amazon.com\/images\/I\/41AduYskkKS._SL500_.jpg\" \/>\n\t<meta property=\"og:image:width\" content=\"381\" \/>\n\t<meta property=\"og:image:height\" content=\"500\" \/>\n\t<meta property=\"og:image:type\" content=\"image\/jpeg\" \/>\n<meta name=\"twitter:card\" content=\"summary_large_image\" \/>\n<script type=\"application\/ld+json\" class=\"yoast-schema-graph\">{\"@context\":\"https:\\\/\\\/schema.org\",\"@graph\":[{\"@type\":\"WebPage\",\"@id\":\"https:\\\/\\\/marktxxl.de\\\/markt\\\/produkt\\\/fredsbruder-pretty-little-things-2in1-small-dark-navy\\\/\",\"url\":\"https:\\\/\\\/marktxxl.de\\\/markt\\\/produkt\\\/fredsbruder-pretty-little-things-2in1-small-dark-navy\\\/\",\"name\":\"FREDsBRUDER Pretty Little Things 2in1 Small Dark Navy - Markt-XXL\",\"isPartOf\":{\"@id\":\"https:\\\/\\\/marktxxl.de\\\/markt\\\/#website\"},\"primaryImageOfPage\":{\"@id\":\"https:\\\/\\\/marktxxl.de\\\/markt\\\/produkt\\\/fredsbruder-pretty-little-things-2in1-small-dark-navy\\\/#primaryimage\"},\"image\":{\"@id\":\"https:\\\/\\\/marktxxl.de\\\/markt\\\/produkt\\\/fredsbruder-pretty-little-things-2in1-small-dark-navy\\\/#primaryimage\"},\"thumbnailUrl\":\"https:\\\/\\\/m.media-amazon.com\\\/images\\\/I\\\/41AduYskkKS._SL500_.jpg\",\"datePublished\":\"2021-09-13T18:04:46+00:00\",\"dateModified\":\"2023-04-10T23:46:15+00:00\",\"description\":\"Markt-XXL FREDsBRUDER Pretty Little Things 2in1 Small Dark Navy\",\"breadcrumb\":{\"@id\":\"https:\\\/\\\/marktxxl.de\\\/markt\\\/produkt\\\/fredsbruder-pretty-little-things-2in1-small-dark-navy\\\/#breadcrumb\"},\"inLanguage\":\"de\",\"potentialAction\":[{\"@type\":\"ReadAction\",\"target\":[\"https:\\\/\\\/marktxxl.de\\\/markt\\\/produkt\\\/fredsbruder-pretty-little-things-2in1-small-dark-navy\\\/\"]}]},{\"@type\":\"ImageObject\",\"inLanguage\":\"de\",\"@id\":\"https:\\\/\\\/marktxxl.de\\\/markt\\\/produkt\\\/fredsbruder-pretty-little-things-2in1-small-dark-navy\\\/#primaryimage\",\"url\":\"https:\\\/\\\/m.media-amazon.com\\\/images\\\/I\\\/41AduYskkKS._SL500_.jpg\",\"contentUrl\":\"https:\\\/\\\/m.media-amazon.com\\\/images\\\/I\\\/41AduYskkKS._SL500_.jpg\",\"width\":381,\"height\":500},{\"@type\":\"BreadcrumbList\",\"@id\":\"https:\\\/\\\/marktxxl.de\\\/markt\\\/produkt\\\/fredsbruder-pretty-little-things-2in1-small-dark-navy\\\/#breadcrumb\",\"itemListElement\":[{\"@type\":\"ListItem\",\"position\":1,\"name\":\"Startseite\",\"item\":\"https:\\\/\\\/marktxxl.de\\\/markt\\\/\"},{\"@type\":\"ListItem\",\"position\":2,\"name\":\"Markt\",\"item\":\"https:\\\/\\\/marktxxl.de\\\/markt\\\/\"},{\"@type\":\"ListItem\",\"position\":3,\"name\":\"FREDsBRUDER Pretty Little Things 2in1 Small Dark Navy\"}]},{\"@type\":\"WebSite\",\"@id\":\"https:\\\/\\\/marktxxl.de\\\/markt\\\/#website\",\"url\":\"https:\\\/\\\/marktxxl.de\\\/markt\\\/\",\"name\":\"Markt-XXL\",\"description\":\"Ihr Markt Online\",\"publisher\":{\"@id\":\"https:\\\/\\\/marktxxl.de\\\/markt\\\/#organization\"},\"potentialAction\":[{\"@type\":\"SearchAction\",\"target\":{\"@type\":\"EntryPoint\",\"urlTemplate\":\"https:\\\/\\\/marktxxl.de\\\/markt\\\/?s={search_term_string}\"},\"query-input\":{\"@type\":\"PropertyValueSpecification\",\"valueRequired\":true,\"valueName\":\"search_term_string\"}}],\"inLanguage\":\"de\"},{\"@type\":\"Organization\",\"@id\":\"https:\\\/\\\/marktxxl.de\\\/markt\\\/#organization\",\"name\":\"Markt-XXL\",\"url\":\"https:\\\/\\\/marktxxl.de\\\/markt\\\/\",\"logo\":{\"@type\":\"ImageObject\",\"inLanguage\":\"de\",\"@id\":\"https:\\\/\\\/marktxxl.de\\\/markt\\\/#\\\/schema\\\/logo\\\/image\\\/\",\"url\":\"https:\\\/\\\/marktxxl.de\\\/markt\\\/wp-content\\\/uploads\\\/sites\\\/3\\\/2020\\\/12\\\/logo.png\",\"contentUrl\":\"https:\\\/\\\/marktxxl.de\\\/markt\\\/wp-content\\\/uploads\\\/sites\\\/3\\\/2020\\\/12\\\/logo.png\",\"width\":200,\"height\":70,\"caption\":\"Markt-XXL\"},\"image\":{\"@id\":\"https:\\\/\\\/marktxxl.de\\\/markt\\\/#\\\/schema\\\/logo\\\/image\\\/\"}}]}<\/script>\n<!-- \/ Yoast SEO plugin. -->","yoast_head_json":{"title":"FREDsBRUDER Pretty Little Things 2in1 Small Dark Navy - Markt-XXL","description":"Markt-XXL FREDsBRUDER Pretty Little Things 2in1 Small Dark Navy","robots":{"index":"index","follow":"follow","max-snippet":"max-snippet:-1","max-image-preview":"max-image-preview:large","max-video-preview":"max-video-preview:-1"},"canonical":"https:\/\/marktxxl.de\/markt\/produkt\/fredsbruder-pretty-little-things-2in1-small-dark-navy\/","og_locale":"de_DE","og_type":"article","og_title":"FREDsBRUDER Pretty Little Things 2in1 Small Dark Navy - Markt-XXL","og_description":"Markt-XXL FREDsBRUDER Pretty Little Things 2in1 Small Dark Navy","og_url":"https:\/\/marktxxl.de\/markt\/produkt\/fredsbruder-pretty-little-things-2in1-small-dark-navy\/","og_site_name":"Markt-XXL","article_modified_time":"2023-04-10T23:46:15+00:00","og_image":[{"width":381,"height":500,"url":"https:\/\/m.media-amazon.com\/images\/I\/41AduYskkKS._SL500_.jpg","type":"image\/jpeg"}],"twitter_card":"summary_large_image","schema":{"@context":"https:\/\/schema.org","@graph":[{"@type":"WebPage","@id":"https:\/\/marktxxl.de\/markt\/produkt\/fredsbruder-pretty-little-things-2in1-small-dark-navy\/","url":"https:\/\/marktxxl.de\/markt\/produkt\/fredsbruder-pretty-little-things-2in1-small-dark-navy\/","name":"FREDsBRUDER Pretty Little Things 2in1 Small Dark Navy - Markt-XXL","isPartOf":{"@id":"https:\/\/marktxxl.de\/markt\/#website"},"primaryImageOfPage":{"@id":"https:\/\/marktxxl.de\/markt\/produkt\/fredsbruder-pretty-little-things-2in1-small-dark-navy\/#primaryimage"},"image":{"@id":"https:\/\/marktxxl.de\/markt\/produkt\/fredsbruder-pretty-little-things-2in1-small-dark-navy\/#primaryimage"},"thumbnailUrl":"https:\/\/m.media-amazon.com\/images\/I\/41AduYskkKS._SL500_.jpg","datePublished":"2021-09-13T18:04:46+00:00","dateModified":"2023-04-10T23:46:15+00:00","description":"Markt-XXL FREDsBRUDER Pretty Little Things 2in1 Small Dark Navy","breadcrumb":{"@id":"https:\/\/marktxxl.de\/markt\/produkt\/fredsbruder-pretty-little-things-2in1-small-dark-navy\/#breadcrumb"},"inLanguage":"de","potentialAction":[{"@type":"ReadAction","target":["https:\/\/marktxxl.de\/markt\/produkt\/fredsbruder-pretty-little-things-2in1-small-dark-navy\/"]}]},{"@type":"ImageObject","inLanguage":"de","@id":"https:\/\/marktxxl.de\/markt\/produkt\/fredsbruder-pretty-little-things-2in1-small-dark-navy\/#primaryimage","url":"https:\/\/m.media-amazon.com\/images\/I\/41AduYskkKS._SL500_.jpg","contentUrl":"https:\/\/m.media-amazon.com\/images\/I\/41AduYskkKS._SL500_.jpg","width":381,"height":500},{"@type":"BreadcrumbList","@id":"https:\/\/marktxxl.de\/markt\/produkt\/fredsbruder-pretty-little-things-2in1-small-dark-navy\/#breadcrumb","itemListElement":[{"@type":"ListItem","position":1,"name":"Startseite","item":"https:\/\/marktxxl.de\/markt\/"},{"@type":"ListItem","position":2,"name":"Markt","item":"https:\/\/marktxxl.de\/markt\/"},{"@type":"ListItem","position":3,"name":"FREDsBRUDER Pretty Little Things 2in1 Small Dark Navy"}]},{"@type":"WebSite","@id":"https:\/\/marktxxl.de\/markt\/#website","url":"https:\/\/marktxxl.de\/markt\/","name":"Markt-XXL","description":"Ihr Markt Online","publisher":{"@id":"https:\/\/marktxxl.de\/markt\/#organization"},"potentialAction":[{"@type":"SearchAction","target":{"@type":"EntryPoint","urlTemplate":"https:\/\/marktxxl.de\/markt\/?s={search_term_string}"},"query-input":{"@type":"PropertyValueSpecification","valueRequired":true,"valueName":"search_term_string"}}],"inLanguage":"de"},{"@type":"Organization","@id":"https:\/\/marktxxl.de\/markt\/#organization","name":"Markt-XXL","url":"https:\/\/marktxxl.de\/markt\/","logo":{"@type":"ImageObject","inLanguage":"de","@id":"https:\/\/marktxxl.de\/markt\/#\/schema\/logo\/image\/","url":"https:\/\/marktxxl.de\/markt\/wp-content\/uploads\/sites\/3\/2020\/12\/logo.png","contentUrl":"https:\/\/marktxxl.de\/markt\/wp-content\/uploads\/sites\/3\/2020\/12\/logo.png","width":200,"height":70,"caption":"Markt-XXL"},"image":{"@id":"https:\/\/marktxxl.de\/markt\/#\/schema\/logo\/image\/"}}]}},"_links":{"self":[{"href":"https:\/\/marktxxl.de\/markt\/wp-json\/wp\/v2\/product\/33093","targetHints":{"allow":["GET"]}}],"collection":[{"href":"https:\/\/marktxxl.de\/markt\/wp-json\/wp\/v2\/product"}],"about":[{"href":"https:\/\/marktxxl.de\/markt\/wp-json\/wp\/v2\/types\/product"}],"replies":[{"embeddable":true,"href":"https:\/\/marktxxl.de\/markt\/wp-json\/wp\/v2\/comments?post=33093"}],"wp:featuredmedia":[{"embeddable":true,"href":"https:\/\/marktxxl.de\/markt\/wp-json\/wp\/v2\/media\/33094"}],"wp:attachment":[{"href":"https:\/\/marktxxl.de\/markt\/wp-json\/wp\/v2\/media?parent=33093"}],"wp:term":[{"taxonomy":"product_brand","embeddable":true,"href":"https:\/\/marktxxl.de\/markt\/wp-json\/wp\/v2\/product_brand?post=33093"},{"taxonomy":"product_cat","embeddable":true,"href":"https:\/\/marktxxl.de\/markt\/wp-json\/wp\/v2\/product_cat?post=33093"},{"taxonomy":"product_tag","embeddable":true,"href":"https:\/\/marktxxl.de\/markt\/wp-json\/wp\/v2\/product_tag?post=33093"}],"curies":[{"name":"wp","href":"https:\/\/api.w.org\/{rel}","templated":true}]}}