{"id":33087,"date":"2021-09-13T20:04:36","date_gmt":"2021-09-13T18:04:36","guid":{"rendered":"https:\/\/marktxxl.de\/markt\/produkt\/guess-washington-slg-large-clutch-organizer-black-multi\/"},"modified":"2023-04-11T01:46:15","modified_gmt":"2023-04-10T23:46:15","slug":"guess-washington-slg-large-clutch-organizer-black-multi","status":"publish","type":"product","link":"https:\/\/marktxxl.de\/markt\/produkt\/guess-washington-slg-large-clutch-organizer-black-multi\/","title":{"rendered":"Guess Washington SLG Large Clutch Organizer Black Multi"},"content":{"rendered":"<p>Diese Geldb\u00f6rse der Marke GUESS \u00fcberzeugt mit ihrem tollen Design und ihrer praktischen Funktion. Aufgrund der super F\u00e4cheraufteilung haben besonders viele Finanzen Platz. Das weiche Material liegt angenehm in der Hand und das Logo Muster zieht besonders viele Blicke auf sich. Ma\u00dfe: 20 x 10,5 x 5 cm<br \/>\n<div class=\"main-cross-sell\" data-asin=\"B095Y298VY\">\n\n\t<div class=\"WooZone-cross-sell-loader\">\n\t\t<div>\n\t\t\t<div id=\"floatingBarsG\">\n\t\t\t\t<div class=\"blockG\" id=\"rotateG_01\"><\/div>\n\t\t\t\t<div class=\"blockG\" id=\"rotateG_02\"><\/div>\n\t\t\t\t<div class=\"blockG\" id=\"rotateG_03\"><\/div>\n\t\t\t\t<div class=\"blockG\" id=\"rotateG_04\"><\/div>\n\t\t\t\t<div class=\"blockG\" id=\"rotateG_05\"><\/div>\n\t\t\t\t<div class=\"blockG\" id=\"rotateG_06\"><\/div>\n\t\t\t\t<div class=\"blockG\" id=\"rotateG_07\"><\/div>\n\t\t\t\t<div class=\"blockG\" id=\"rotateG_08\"><\/div>\n\t\t\t<\/div>\n\t\t\t<div class=\"WooZone-cross-sell-loader-text\"><\/div>\n\t\t<\/div>\n\t<\/div>\n\n\t\t\n<\/div>\n<div style=\"clear:both;\"><\/div><\/p>\n","protected":false},"excerpt":{"rendered":"<p>Diese Geldb\u00f6rse der Marke GUESS \u00fcberzeugt mit ihrem tollen Design und ihrer praktischen Funktion. Aufgrund der super F\u00e4cheraufteilung haben besonders viele Finanzen Platz. Das weiche Material liegt angenehm in der Hand und das Logo Muster zieht besonders viele Blicke auf sich. Ma\u00dfe: 20 x 10,5 x 5 cm<\/p>\n","protected":false},"featured_media":33088,"comment_status":"open","ping_status":"closed","template":"","meta":[],"product_brand":[],"product_cat":[1186,3920],"product_tag":[],"class_list":{"0":"post-33087","1":"product","2":"type-product","3":"status-publish","4":"has-post-thumbnail","6":"product_cat-bekleidung","7":"product_cat-damen","8":"pa_brand-guess","9":"pa_color-black-multi","10":"pa_height-1-968503935-zoll","11":"pa_length-4-1338582635-zoll","12":"pa_manufacturer-guess","13":"pa_weight-0-7495716908-pfund","14":"pa_width-7-87401574-zoll","16":"first","17":"instock","18":"shipping-taxable","19":"purchasable","20":"product-type-simple","21":"customify-col","22":"product-has-gallery"},"yoast_head":"<!-- This site is optimized with the Yoast SEO plugin v27.3 - https:\/\/yoast.com\/product\/yoast-seo-wordpress\/ -->\n<title>Guess Washington SLG Large Clutch Organizer Black Multi - Markt-XXL<\/title>\n<meta name=\"description\" content=\"Markt-XXL Guess Washington SLG Large Clutch Organizer Black Multi\" \/>\n<meta name=\"robots\" content=\"index, follow, max-snippet:-1, max-image-preview:large, max-video-preview:-1\" \/>\n<link rel=\"canonical\" href=\"https:\/\/marktxxl.de\/markt\/produkt\/guess-washington-slg-large-clutch-organizer-black-multi\/\" \/>\n<meta property=\"og:locale\" content=\"de_DE\" \/>\n<meta property=\"og:type\" content=\"article\" \/>\n<meta property=\"og:title\" content=\"Guess Washington SLG Large Clutch Organizer Black Multi - Markt-XXL\" \/>\n<meta property=\"og:description\" content=\"Markt-XXL Guess Washington SLG Large Clutch Organizer Black Multi\" \/>\n<meta property=\"og:url\" content=\"https:\/\/marktxxl.de\/markt\/produkt\/guess-washington-slg-large-clutch-organizer-black-multi\/\" \/>\n<meta property=\"og:site_name\" content=\"Markt-XXL\" \/>\n<meta property=\"article:modified_time\" content=\"2023-04-10T23:46:15+00:00\" \/>\n<meta property=\"og:image\" content=\"https:\/\/m.media-amazon.com\/images\/I\/414T8-Pop7S._SL500_.jpg\" \/>\n\t<meta property=\"og:image:width\" content=\"500\" \/>\n\t<meta property=\"og:image:height\" content=\"303\" \/>\n\t<meta property=\"og:image:type\" content=\"image\/jpeg\" \/>\n<meta name=\"twitter:card\" content=\"summary_large_image\" \/>\n<script type=\"application\/ld+json\" class=\"yoast-schema-graph\">{\"@context\":\"https:\\\/\\\/schema.org\",\"@graph\":[{\"@type\":\"WebPage\",\"@id\":\"https:\\\/\\\/marktxxl.de\\\/markt\\\/produkt\\\/guess-washington-slg-large-clutch-organizer-black-multi\\\/\",\"url\":\"https:\\\/\\\/marktxxl.de\\\/markt\\\/produkt\\\/guess-washington-slg-large-clutch-organizer-black-multi\\\/\",\"name\":\"Guess Washington SLG Large Clutch Organizer Black Multi - Markt-XXL\",\"isPartOf\":{\"@id\":\"https:\\\/\\\/marktxxl.de\\\/markt\\\/#website\"},\"primaryImageOfPage\":{\"@id\":\"https:\\\/\\\/marktxxl.de\\\/markt\\\/produkt\\\/guess-washington-slg-large-clutch-organizer-black-multi\\\/#primaryimage\"},\"image\":{\"@id\":\"https:\\\/\\\/marktxxl.de\\\/markt\\\/produkt\\\/guess-washington-slg-large-clutch-organizer-black-multi\\\/#primaryimage\"},\"thumbnailUrl\":\"https:\\\/\\\/m.media-amazon.com\\\/images\\\/I\\\/414T8-Pop7S._SL500_.jpg\",\"datePublished\":\"2021-09-13T18:04:36+00:00\",\"dateModified\":\"2023-04-10T23:46:15+00:00\",\"description\":\"Markt-XXL Guess Washington SLG Large Clutch Organizer Black Multi\",\"breadcrumb\":{\"@id\":\"https:\\\/\\\/marktxxl.de\\\/markt\\\/produkt\\\/guess-washington-slg-large-clutch-organizer-black-multi\\\/#breadcrumb\"},\"inLanguage\":\"de\",\"potentialAction\":[{\"@type\":\"ReadAction\",\"target\":[\"https:\\\/\\\/marktxxl.de\\\/markt\\\/produkt\\\/guess-washington-slg-large-clutch-organizer-black-multi\\\/\"]}]},{\"@type\":\"ImageObject\",\"inLanguage\":\"de\",\"@id\":\"https:\\\/\\\/marktxxl.de\\\/markt\\\/produkt\\\/guess-washington-slg-large-clutch-organizer-black-multi\\\/#primaryimage\",\"url\":\"https:\\\/\\\/m.media-amazon.com\\\/images\\\/I\\\/414T8-Pop7S._SL500_.jpg\",\"contentUrl\":\"https:\\\/\\\/m.media-amazon.com\\\/images\\\/I\\\/414T8-Pop7S._SL500_.jpg\",\"width\":500,\"height\":303},{\"@type\":\"BreadcrumbList\",\"@id\":\"https:\\\/\\\/marktxxl.de\\\/markt\\\/produkt\\\/guess-washington-slg-large-clutch-organizer-black-multi\\\/#breadcrumb\",\"itemListElement\":[{\"@type\":\"ListItem\",\"position\":1,\"name\":\"Startseite\",\"item\":\"https:\\\/\\\/marktxxl.de\\\/markt\\\/\"},{\"@type\":\"ListItem\",\"position\":2,\"name\":\"Markt\",\"item\":\"https:\\\/\\\/marktxxl.de\\\/markt\\\/\"},{\"@type\":\"ListItem\",\"position\":3,\"name\":\"Guess Washington SLG Large Clutch Organizer Black Multi\"}]},{\"@type\":\"WebSite\",\"@id\":\"https:\\\/\\\/marktxxl.de\\\/markt\\\/#website\",\"url\":\"https:\\\/\\\/marktxxl.de\\\/markt\\\/\",\"name\":\"Markt-XXL\",\"description\":\"Ihr Markt Online\",\"publisher\":{\"@id\":\"https:\\\/\\\/marktxxl.de\\\/markt\\\/#organization\"},\"potentialAction\":[{\"@type\":\"SearchAction\",\"target\":{\"@type\":\"EntryPoint\",\"urlTemplate\":\"https:\\\/\\\/marktxxl.de\\\/markt\\\/?s={search_term_string}\"},\"query-input\":{\"@type\":\"PropertyValueSpecification\",\"valueRequired\":true,\"valueName\":\"search_term_string\"}}],\"inLanguage\":\"de\"},{\"@type\":\"Organization\",\"@id\":\"https:\\\/\\\/marktxxl.de\\\/markt\\\/#organization\",\"name\":\"Markt-XXL\",\"url\":\"https:\\\/\\\/marktxxl.de\\\/markt\\\/\",\"logo\":{\"@type\":\"ImageObject\",\"inLanguage\":\"de\",\"@id\":\"https:\\\/\\\/marktxxl.de\\\/markt\\\/#\\\/schema\\\/logo\\\/image\\\/\",\"url\":\"https:\\\/\\\/marktxxl.de\\\/markt\\\/wp-content\\\/uploads\\\/sites\\\/3\\\/2020\\\/12\\\/logo.png\",\"contentUrl\":\"https:\\\/\\\/marktxxl.de\\\/markt\\\/wp-content\\\/uploads\\\/sites\\\/3\\\/2020\\\/12\\\/logo.png\",\"width\":200,\"height\":70,\"caption\":\"Markt-XXL\"},\"image\":{\"@id\":\"https:\\\/\\\/marktxxl.de\\\/markt\\\/#\\\/schema\\\/logo\\\/image\\\/\"}}]}<\/script>\n<!-- \/ Yoast SEO plugin. -->","yoast_head_json":{"title":"Guess Washington SLG Large Clutch Organizer Black Multi - Markt-XXL","description":"Markt-XXL Guess Washington SLG Large Clutch Organizer Black Multi","robots":{"index":"index","follow":"follow","max-snippet":"max-snippet:-1","max-image-preview":"max-image-preview:large","max-video-preview":"max-video-preview:-1"},"canonical":"https:\/\/marktxxl.de\/markt\/produkt\/guess-washington-slg-large-clutch-organizer-black-multi\/","og_locale":"de_DE","og_type":"article","og_title":"Guess Washington SLG Large Clutch Organizer Black Multi - Markt-XXL","og_description":"Markt-XXL Guess Washington SLG Large Clutch Organizer Black Multi","og_url":"https:\/\/marktxxl.de\/markt\/produkt\/guess-washington-slg-large-clutch-organizer-black-multi\/","og_site_name":"Markt-XXL","article_modified_time":"2023-04-10T23:46:15+00:00","og_image":[{"width":500,"height":303,"url":"https:\/\/m.media-amazon.com\/images\/I\/414T8-Pop7S._SL500_.jpg","type":"image\/jpeg"}],"twitter_card":"summary_large_image","schema":{"@context":"https:\/\/schema.org","@graph":[{"@type":"WebPage","@id":"https:\/\/marktxxl.de\/markt\/produkt\/guess-washington-slg-large-clutch-organizer-black-multi\/","url":"https:\/\/marktxxl.de\/markt\/produkt\/guess-washington-slg-large-clutch-organizer-black-multi\/","name":"Guess Washington SLG Large Clutch Organizer Black Multi - Markt-XXL","isPartOf":{"@id":"https:\/\/marktxxl.de\/markt\/#website"},"primaryImageOfPage":{"@id":"https:\/\/marktxxl.de\/markt\/produkt\/guess-washington-slg-large-clutch-organizer-black-multi\/#primaryimage"},"image":{"@id":"https:\/\/marktxxl.de\/markt\/produkt\/guess-washington-slg-large-clutch-organizer-black-multi\/#primaryimage"},"thumbnailUrl":"https:\/\/m.media-amazon.com\/images\/I\/414T8-Pop7S._SL500_.jpg","datePublished":"2021-09-13T18:04:36+00:00","dateModified":"2023-04-10T23:46:15+00:00","description":"Markt-XXL Guess Washington SLG Large Clutch Organizer Black Multi","breadcrumb":{"@id":"https:\/\/marktxxl.de\/markt\/produkt\/guess-washington-slg-large-clutch-organizer-black-multi\/#breadcrumb"},"inLanguage":"de","potentialAction":[{"@type":"ReadAction","target":["https:\/\/marktxxl.de\/markt\/produkt\/guess-washington-slg-large-clutch-organizer-black-multi\/"]}]},{"@type":"ImageObject","inLanguage":"de","@id":"https:\/\/marktxxl.de\/markt\/produkt\/guess-washington-slg-large-clutch-organizer-black-multi\/#primaryimage","url":"https:\/\/m.media-amazon.com\/images\/I\/414T8-Pop7S._SL500_.jpg","contentUrl":"https:\/\/m.media-amazon.com\/images\/I\/414T8-Pop7S._SL500_.jpg","width":500,"height":303},{"@type":"BreadcrumbList","@id":"https:\/\/marktxxl.de\/markt\/produkt\/guess-washington-slg-large-clutch-organizer-black-multi\/#breadcrumb","itemListElement":[{"@type":"ListItem","position":1,"name":"Startseite","item":"https:\/\/marktxxl.de\/markt\/"},{"@type":"ListItem","position":2,"name":"Markt","item":"https:\/\/marktxxl.de\/markt\/"},{"@type":"ListItem","position":3,"name":"Guess Washington SLG Large Clutch Organizer Black Multi"}]},{"@type":"WebSite","@id":"https:\/\/marktxxl.de\/markt\/#website","url":"https:\/\/marktxxl.de\/markt\/","name":"Markt-XXL","description":"Ihr Markt Online","publisher":{"@id":"https:\/\/marktxxl.de\/markt\/#organization"},"potentialAction":[{"@type":"SearchAction","target":{"@type":"EntryPoint","urlTemplate":"https:\/\/marktxxl.de\/markt\/?s={search_term_string}"},"query-input":{"@type":"PropertyValueSpecification","valueRequired":true,"valueName":"search_term_string"}}],"inLanguage":"de"},{"@type":"Organization","@id":"https:\/\/marktxxl.de\/markt\/#organization","name":"Markt-XXL","url":"https:\/\/marktxxl.de\/markt\/","logo":{"@type":"ImageObject","inLanguage":"de","@id":"https:\/\/marktxxl.de\/markt\/#\/schema\/logo\/image\/","url":"https:\/\/marktxxl.de\/markt\/wp-content\/uploads\/sites\/3\/2020\/12\/logo.png","contentUrl":"https:\/\/marktxxl.de\/markt\/wp-content\/uploads\/sites\/3\/2020\/12\/logo.png","width":200,"height":70,"caption":"Markt-XXL"},"image":{"@id":"https:\/\/marktxxl.de\/markt\/#\/schema\/logo\/image\/"}}]}},"_links":{"self":[{"href":"https:\/\/marktxxl.de\/markt\/wp-json\/wp\/v2\/product\/33087","targetHints":{"allow":["GET"]}}],"collection":[{"href":"https:\/\/marktxxl.de\/markt\/wp-json\/wp\/v2\/product"}],"about":[{"href":"https:\/\/marktxxl.de\/markt\/wp-json\/wp\/v2\/types\/product"}],"replies":[{"embeddable":true,"href":"https:\/\/marktxxl.de\/markt\/wp-json\/wp\/v2\/comments?post=33087"}],"wp:featuredmedia":[{"embeddable":true,"href":"https:\/\/marktxxl.de\/markt\/wp-json\/wp\/v2\/media\/33088"}],"wp:attachment":[{"href":"https:\/\/marktxxl.de\/markt\/wp-json\/wp\/v2\/media?parent=33087"}],"wp:term":[{"taxonomy":"product_brand","embeddable":true,"href":"https:\/\/marktxxl.de\/markt\/wp-json\/wp\/v2\/product_brand?post=33087"},{"taxonomy":"product_cat","embeddable":true,"href":"https:\/\/marktxxl.de\/markt\/wp-json\/wp\/v2\/product_cat?post=33087"},{"taxonomy":"product_tag","embeddable":true,"href":"https:\/\/marktxxl.de\/markt\/wp-json\/wp\/v2\/product_tag?post=33087"}],"curies":[{"name":"wp","href":"https:\/\/api.w.org\/{rel}","templated":true}]}}