{"id":32954,"date":"2021-09-13T20:00:03","date_gmt":"2021-09-13T18:00:03","guid":{"rendered":"https:\/\/marktxxl.de\/markt\/produkt\/wimpernzange-mit-fortschrittlichen-silikon-ersatzpads-kaasage-no-pinching-wimpernzange-passt-fuer-alle-augenformen-inklusive-pinzette-und-samtbeutel\/"},"modified":"2023-04-11T01:46:12","modified_gmt":"2023-04-10T23:46:12","slug":"wimpernzange-mit-fortschrittlichen-silikon-ersatzpads-kaasage-no-pinching-wimpernzange-passt-fuer-alle-augenformen-inklusive-pinzette-und-samtbeutel","status":"publish","type":"product","link":"https:\/\/marktxxl.de\/markt\/produkt\/wimpernzange-mit-fortschrittlichen-silikon-ersatzpads-kaasage-no-pinching-wimpernzange-passt-fuer-alle-augenformen-inklusive-pinzette-und-samtbeutel\/","title":{"rendered":"Wimpernzange mit fortschrittlichen Silikon-Ersatzpads, Kaasage No Pinching Wimpernzange passt f\u00fcr alle Augenformen"},"content":{"rendered":"<p>[Ein essentielles Wimpernzangen-Kit] Mit dem Sie in Sekundenschnelle m\u00fchelos perfekte Locken erzeugen k\u00f6nnen. Die Wimpernzange hebt nat\u00fcrliche Wimpern mit weichen Silikonpads und ergonomischem K\u00f6rperdesign.<br \/>\n[Super einfach zu bedienen] Unsere weichen, austauschbaren Silikonpads sch\u00fctzen Ihre Wimpern davor, abgeschnitten zu werden, w\u00e4hrend die aus Kunststoff gefertigten Griffe daf\u00fcr sorgen, dass die Zange nicht aus ihren H\u00e4nden rutscht. Mit ein paar Mal Dr\u00fccken erhalten Sie wundersch\u00f6ne geschwungene Wimpern, die Ihr Make-up perfekt machen.<br \/>\n[Extra Silikon-Ersatzpads] 5 zus\u00e4tzliche Silikon-Nachf\u00fcllpads sind im Lieferumfang enthalten. Unsere Silikonpads bieten nicht nur einen weichen Touch, sondern helfen auch dabei, ausgeh\u00e4rtete Wimpern mit wenigem Druck zu formen.<br \/>\n[Passend f\u00fcr alle Augenformen] Die gr\u00f6\u00dferen und runderen B\u00f6gen machen unsere Wimpernzange f\u00fcr verschiedene Formen von Augenformen anwendbar. Alles, was Sie brauchen, sind ein paar Mal Klammern am Morgen f\u00fcr einen gleichm\u00e4\u00dfigen, nat\u00fcrlich aussehenden Schwung, der wirklich den ganzen Tag h\u00e4lt.<br \/>\n[Perfektes Geschenk] Suchen Sie nach dem besten Geschenk f\u00fcr Ihre Freundin, Frau und weibliche Freunde? Dieses Wimpernzangen-Set mit einer kleinen Samttasche ist ein perfektes Geschenk zum Geburtstag oder Jahrestag.<br \/>\n<div class=\"main-cross-sell\" data-asin=\"B01J3NOMAI\">\n\n\t<div class=\"WooZone-cross-sell-loader\">\n\t\t<div>\n\t\t\t<div id=\"floatingBarsG\">\n\t\t\t\t<div class=\"blockG\" id=\"rotateG_01\"><\/div>\n\t\t\t\t<div class=\"blockG\" id=\"rotateG_02\"><\/div>\n\t\t\t\t<div class=\"blockG\" id=\"rotateG_03\"><\/div>\n\t\t\t\t<div class=\"blockG\" id=\"rotateG_04\"><\/div>\n\t\t\t\t<div class=\"blockG\" id=\"rotateG_05\"><\/div>\n\t\t\t\t<div class=\"blockG\" id=\"rotateG_06\"><\/div>\n\t\t\t\t<div class=\"blockG\" id=\"rotateG_07\"><\/div>\n\t\t\t\t<div class=\"blockG\" id=\"rotateG_08\"><\/div>\n\t\t\t<\/div>\n\t\t\t<div class=\"WooZone-cross-sell-loader-text\"><\/div>\n\t\t<\/div>\n\t<\/div>\n\n\t\t\n<\/div>\n<div style=\"clear:both;\"><\/div><\/p>\n","protected":false},"excerpt":{"rendered":"<p>[Ein essentielles Wimpernzangen-Kit] Mit dem Sie in Sekundenschnelle m\u00fchelos perfekte Locken erzeugen k\u00f6nnen. Die Wimpernzange hebt nat\u00fcrliche Wimpern mit weichen Silikonpads und ergonomischem K\u00f6rperdesign.<br \/>\n[Super einfach zu bedienen] Unsere weichen, austauschbaren Silikonpads sch\u00fctzen Ihre Wimpern davor, abgeschnitten zu werden, w\u00e4hrend die aus Kunststoff gefertigten Griffe daf\u00fcr sorgen, dass die Zange nicht aus ihren H\u00e4nden rutscht. Mit ein paar Mal Dr\u00fccken erhalten Sie wundersch\u00f6ne geschwungene Wimpern, die Ihr Make-up perfekt machen.<br \/>\n[Extra Silikon-Ersatzpads] 5 zus\u00e4tzliche Silikon-Nachf\u00fcllpads sind im Lieferumfang enthalten. Unsere Silikonpads bieten nicht nur einen weichen Touch, sondern helfen auch dabei, ausgeh\u00e4rtete Wimpern mit wenigem Druck zu formen.<\/p>\n","protected":false},"featured_media":32955,"comment_status":"open","ping_status":"closed","template":"","meta":[],"product_brand":[],"product_cat":[2858,7726],"product_tag":[],"class_list":{"0":"post-32954","1":"product","2":"type-product","3":"status-publish","4":"has-post-thumbnail","6":"product_cat-beauty","7":"product_cat-zubehoer-beauty","8":"pa_binding-badartikel","9":"pa_brand-kaasage","10":"pa_color-schwarz","11":"pa_height-0-7-zoll","12":"pa_length-3-9-zoll","13":"pa_manufacturer-kaasage","14":"pa_model-km02","15":"pa_width-1-5-zoll","17":"first","18":"instock","19":"shipping-taxable","20":"purchasable","21":"product-type-simple","22":"customify-col","23":"product-has-gallery"},"yoast_head":"<!-- This site is optimized with the Yoast SEO plugin v27.4 - https:\/\/yoast.com\/product\/yoast-seo-wordpress\/ -->\n<title>Wimpernzange mit fortschrittlichen Silikon-Ersatzpads, Kaasage No Pinching Wimpernzange passt f\u00fcr alle Augenformen - Markt-XXL<\/title>\n<meta name=\"description\" content=\"Markt-XXL Wimpernzange mit fortschrittlichen Silikon-Ersatzpads, Kaasage No Pinching Wimpernzange passt f\u00fcr alle Augenformen\" \/>\n<meta name=\"robots\" content=\"index, follow, max-snippet:-1, max-image-preview:large, max-video-preview:-1\" \/>\n<link rel=\"canonical\" href=\"https:\/\/marktxxl.de\/markt\/produkt\/wimpernzange-mit-fortschrittlichen-silikon-ersatzpads-kaasage-no-pinching-wimpernzange-passt-fuer-alle-augenformen-inklusive-pinzette-und-samtbeutel\/\" \/>\n<meta property=\"og:locale\" content=\"de_DE\" \/>\n<meta property=\"og:type\" content=\"article\" \/>\n<meta property=\"og:title\" content=\"Wimpernzange mit fortschrittlichen Silikon-Ersatzpads, Kaasage No Pinching Wimpernzange passt f\u00fcr alle Augenformen - Markt-XXL\" \/>\n<meta property=\"og:description\" content=\"Markt-XXL Wimpernzange mit fortschrittlichen Silikon-Ersatzpads, Kaasage No Pinching Wimpernzange passt f\u00fcr alle Augenformen\" \/>\n<meta property=\"og:url\" content=\"https:\/\/marktxxl.de\/markt\/produkt\/wimpernzange-mit-fortschrittlichen-silikon-ersatzpads-kaasage-no-pinching-wimpernzange-passt-fuer-alle-augenformen-inklusive-pinzette-und-samtbeutel\/\" \/>\n<meta property=\"og:site_name\" content=\"Markt-XXL\" \/>\n<meta property=\"article:modified_time\" content=\"2023-04-10T23:46:12+00:00\" \/>\n<meta property=\"og:image\" content=\"https:\/\/m.media-amazon.com\/images\/I\/41fV9pD1AKL._SL500_.jpg\" \/>\n\t<meta property=\"og:image:width\" content=\"500\" \/>\n\t<meta property=\"og:image:height\" content=\"500\" \/>\n\t<meta property=\"og:image:type\" content=\"image\/jpeg\" \/>\n<meta name=\"twitter:card\" content=\"summary_large_image\" \/>\n<meta name=\"twitter:label1\" content=\"Gesch\u00e4tzte Lesezeit\" \/>\n\t<meta name=\"twitter:data1\" content=\"1\u00a0Minute\" \/>\n<script type=\"application\/ld+json\" class=\"yoast-schema-graph\">{\"@context\":\"https:\\\/\\\/schema.org\",\"@graph\":[{\"@type\":\"WebPage\",\"@id\":\"https:\\\/\\\/marktxxl.de\\\/markt\\\/produkt\\\/wimpernzange-mit-fortschrittlichen-silikon-ersatzpads-kaasage-no-pinching-wimpernzange-passt-fuer-alle-augenformen-inklusive-pinzette-und-samtbeutel\\\/\",\"url\":\"https:\\\/\\\/marktxxl.de\\\/markt\\\/produkt\\\/wimpernzange-mit-fortschrittlichen-silikon-ersatzpads-kaasage-no-pinching-wimpernzange-passt-fuer-alle-augenformen-inklusive-pinzette-und-samtbeutel\\\/\",\"name\":\"Wimpernzange mit fortschrittlichen Silikon-Ersatzpads, Kaasage No Pinching Wimpernzange passt f\u00fcr alle Augenformen - Markt-XXL\",\"isPartOf\":{\"@id\":\"https:\\\/\\\/marktxxl.de\\\/markt\\\/#website\"},\"primaryImageOfPage\":{\"@id\":\"https:\\\/\\\/marktxxl.de\\\/markt\\\/produkt\\\/wimpernzange-mit-fortschrittlichen-silikon-ersatzpads-kaasage-no-pinching-wimpernzange-passt-fuer-alle-augenformen-inklusive-pinzette-und-samtbeutel\\\/#primaryimage\"},\"image\":{\"@id\":\"https:\\\/\\\/marktxxl.de\\\/markt\\\/produkt\\\/wimpernzange-mit-fortschrittlichen-silikon-ersatzpads-kaasage-no-pinching-wimpernzange-passt-fuer-alle-augenformen-inklusive-pinzette-und-samtbeutel\\\/#primaryimage\"},\"thumbnailUrl\":\"https:\\\/\\\/m.media-amazon.com\\\/images\\\/I\\\/41fV9pD1AKL._SL500_.jpg\",\"datePublished\":\"2021-09-13T18:00:03+00:00\",\"dateModified\":\"2023-04-10T23:46:12+00:00\",\"description\":\"Markt-XXL Wimpernzange mit fortschrittlichen Silikon-Ersatzpads, Kaasage No Pinching Wimpernzange passt f\u00fcr alle Augenformen\",\"breadcrumb\":{\"@id\":\"https:\\\/\\\/marktxxl.de\\\/markt\\\/produkt\\\/wimpernzange-mit-fortschrittlichen-silikon-ersatzpads-kaasage-no-pinching-wimpernzange-passt-fuer-alle-augenformen-inklusive-pinzette-und-samtbeutel\\\/#breadcrumb\"},\"inLanguage\":\"de\",\"potentialAction\":[{\"@type\":\"ReadAction\",\"target\":[\"https:\\\/\\\/marktxxl.de\\\/markt\\\/produkt\\\/wimpernzange-mit-fortschrittlichen-silikon-ersatzpads-kaasage-no-pinching-wimpernzange-passt-fuer-alle-augenformen-inklusive-pinzette-und-samtbeutel\\\/\"]}]},{\"@type\":\"ImageObject\",\"inLanguage\":\"de\",\"@id\":\"https:\\\/\\\/marktxxl.de\\\/markt\\\/produkt\\\/wimpernzange-mit-fortschrittlichen-silikon-ersatzpads-kaasage-no-pinching-wimpernzange-passt-fuer-alle-augenformen-inklusive-pinzette-und-samtbeutel\\\/#primaryimage\",\"url\":\"https:\\\/\\\/m.media-amazon.com\\\/images\\\/I\\\/41fV9pD1AKL._SL500_.jpg\",\"contentUrl\":\"https:\\\/\\\/m.media-amazon.com\\\/images\\\/I\\\/41fV9pD1AKL._SL500_.jpg\",\"width\":500,\"height\":500},{\"@type\":\"BreadcrumbList\",\"@id\":\"https:\\\/\\\/marktxxl.de\\\/markt\\\/produkt\\\/wimpernzange-mit-fortschrittlichen-silikon-ersatzpads-kaasage-no-pinching-wimpernzange-passt-fuer-alle-augenformen-inklusive-pinzette-und-samtbeutel\\\/#breadcrumb\",\"itemListElement\":[{\"@type\":\"ListItem\",\"position\":1,\"name\":\"Startseite\",\"item\":\"https:\\\/\\\/marktxxl.de\\\/markt\\\/\"},{\"@type\":\"ListItem\",\"position\":2,\"name\":\"Markt\",\"item\":\"https:\\\/\\\/marktxxl.de\\\/markt\\\/\"},{\"@type\":\"ListItem\",\"position\":3,\"name\":\"Wimpernzange mit fortschrittlichen Silikon-Ersatzpads, Kaasage No Pinching Wimpernzange passt f\u00fcr alle Augenformen\"}]},{\"@type\":\"WebSite\",\"@id\":\"https:\\\/\\\/marktxxl.de\\\/markt\\\/#website\",\"url\":\"https:\\\/\\\/marktxxl.de\\\/markt\\\/\",\"name\":\"Markt-XXL\",\"description\":\"Ihr Markt Online\",\"publisher\":{\"@id\":\"https:\\\/\\\/marktxxl.de\\\/markt\\\/#organization\"},\"potentialAction\":[{\"@type\":\"SearchAction\",\"target\":{\"@type\":\"EntryPoint\",\"urlTemplate\":\"https:\\\/\\\/marktxxl.de\\\/markt\\\/?s={search_term_string}\"},\"query-input\":{\"@type\":\"PropertyValueSpecification\",\"valueRequired\":true,\"valueName\":\"search_term_string\"}}],\"inLanguage\":\"de\"},{\"@type\":\"Organization\",\"@id\":\"https:\\\/\\\/marktxxl.de\\\/markt\\\/#organization\",\"name\":\"Markt-XXL\",\"url\":\"https:\\\/\\\/marktxxl.de\\\/markt\\\/\",\"logo\":{\"@type\":\"ImageObject\",\"inLanguage\":\"de\",\"@id\":\"https:\\\/\\\/marktxxl.de\\\/markt\\\/#\\\/schema\\\/logo\\\/image\\\/\",\"url\":\"https:\\\/\\\/marktxxl.de\\\/markt\\\/wp-content\\\/uploads\\\/sites\\\/3\\\/2020\\\/12\\\/logo.png\",\"contentUrl\":\"https:\\\/\\\/marktxxl.de\\\/markt\\\/wp-content\\\/uploads\\\/sites\\\/3\\\/2020\\\/12\\\/logo.png\",\"width\":200,\"height\":70,\"caption\":\"Markt-XXL\"},\"image\":{\"@id\":\"https:\\\/\\\/marktxxl.de\\\/markt\\\/#\\\/schema\\\/logo\\\/image\\\/\"}}]}<\/script>\n<!-- \/ Yoast SEO plugin. -->","yoast_head_json":{"title":"Wimpernzange mit fortschrittlichen Silikon-Ersatzpads, Kaasage No Pinching Wimpernzange passt f\u00fcr alle Augenformen - Markt-XXL","description":"Markt-XXL Wimpernzange mit fortschrittlichen Silikon-Ersatzpads, Kaasage No Pinching Wimpernzange passt f\u00fcr alle Augenformen","robots":{"index":"index","follow":"follow","max-snippet":"max-snippet:-1","max-image-preview":"max-image-preview:large","max-video-preview":"max-video-preview:-1"},"canonical":"https:\/\/marktxxl.de\/markt\/produkt\/wimpernzange-mit-fortschrittlichen-silikon-ersatzpads-kaasage-no-pinching-wimpernzange-passt-fuer-alle-augenformen-inklusive-pinzette-und-samtbeutel\/","og_locale":"de_DE","og_type":"article","og_title":"Wimpernzange mit fortschrittlichen Silikon-Ersatzpads, Kaasage No Pinching Wimpernzange passt f\u00fcr alle Augenformen - Markt-XXL","og_description":"Markt-XXL Wimpernzange mit fortschrittlichen Silikon-Ersatzpads, Kaasage No Pinching Wimpernzange passt f\u00fcr alle Augenformen","og_url":"https:\/\/marktxxl.de\/markt\/produkt\/wimpernzange-mit-fortschrittlichen-silikon-ersatzpads-kaasage-no-pinching-wimpernzange-passt-fuer-alle-augenformen-inklusive-pinzette-und-samtbeutel\/","og_site_name":"Markt-XXL","article_modified_time":"2023-04-10T23:46:12+00:00","og_image":[{"width":500,"height":500,"url":"https:\/\/m.media-amazon.com\/images\/I\/41fV9pD1AKL._SL500_.jpg","type":"image\/jpeg"}],"twitter_card":"summary_large_image","twitter_misc":{"Gesch\u00e4tzte Lesezeit":"1\u00a0Minute"},"schema":{"@context":"https:\/\/schema.org","@graph":[{"@type":"WebPage","@id":"https:\/\/marktxxl.de\/markt\/produkt\/wimpernzange-mit-fortschrittlichen-silikon-ersatzpads-kaasage-no-pinching-wimpernzange-passt-fuer-alle-augenformen-inklusive-pinzette-und-samtbeutel\/","url":"https:\/\/marktxxl.de\/markt\/produkt\/wimpernzange-mit-fortschrittlichen-silikon-ersatzpads-kaasage-no-pinching-wimpernzange-passt-fuer-alle-augenformen-inklusive-pinzette-und-samtbeutel\/","name":"Wimpernzange mit fortschrittlichen Silikon-Ersatzpads, Kaasage No Pinching Wimpernzange passt f\u00fcr alle Augenformen - Markt-XXL","isPartOf":{"@id":"https:\/\/marktxxl.de\/markt\/#website"},"primaryImageOfPage":{"@id":"https:\/\/marktxxl.de\/markt\/produkt\/wimpernzange-mit-fortschrittlichen-silikon-ersatzpads-kaasage-no-pinching-wimpernzange-passt-fuer-alle-augenformen-inklusive-pinzette-und-samtbeutel\/#primaryimage"},"image":{"@id":"https:\/\/marktxxl.de\/markt\/produkt\/wimpernzange-mit-fortschrittlichen-silikon-ersatzpads-kaasage-no-pinching-wimpernzange-passt-fuer-alle-augenformen-inklusive-pinzette-und-samtbeutel\/#primaryimage"},"thumbnailUrl":"https:\/\/m.media-amazon.com\/images\/I\/41fV9pD1AKL._SL500_.jpg","datePublished":"2021-09-13T18:00:03+00:00","dateModified":"2023-04-10T23:46:12+00:00","description":"Markt-XXL Wimpernzange mit fortschrittlichen Silikon-Ersatzpads, Kaasage No Pinching Wimpernzange passt f\u00fcr alle Augenformen","breadcrumb":{"@id":"https:\/\/marktxxl.de\/markt\/produkt\/wimpernzange-mit-fortschrittlichen-silikon-ersatzpads-kaasage-no-pinching-wimpernzange-passt-fuer-alle-augenformen-inklusive-pinzette-und-samtbeutel\/#breadcrumb"},"inLanguage":"de","potentialAction":[{"@type":"ReadAction","target":["https:\/\/marktxxl.de\/markt\/produkt\/wimpernzange-mit-fortschrittlichen-silikon-ersatzpads-kaasage-no-pinching-wimpernzange-passt-fuer-alle-augenformen-inklusive-pinzette-und-samtbeutel\/"]}]},{"@type":"ImageObject","inLanguage":"de","@id":"https:\/\/marktxxl.de\/markt\/produkt\/wimpernzange-mit-fortschrittlichen-silikon-ersatzpads-kaasage-no-pinching-wimpernzange-passt-fuer-alle-augenformen-inklusive-pinzette-und-samtbeutel\/#primaryimage","url":"https:\/\/m.media-amazon.com\/images\/I\/41fV9pD1AKL._SL500_.jpg","contentUrl":"https:\/\/m.media-amazon.com\/images\/I\/41fV9pD1AKL._SL500_.jpg","width":500,"height":500},{"@type":"BreadcrumbList","@id":"https:\/\/marktxxl.de\/markt\/produkt\/wimpernzange-mit-fortschrittlichen-silikon-ersatzpads-kaasage-no-pinching-wimpernzange-passt-fuer-alle-augenformen-inklusive-pinzette-und-samtbeutel\/#breadcrumb","itemListElement":[{"@type":"ListItem","position":1,"name":"Startseite","item":"https:\/\/marktxxl.de\/markt\/"},{"@type":"ListItem","position":2,"name":"Markt","item":"https:\/\/marktxxl.de\/markt\/"},{"@type":"ListItem","position":3,"name":"Wimpernzange mit fortschrittlichen Silikon-Ersatzpads, Kaasage No Pinching Wimpernzange passt f\u00fcr alle Augenformen"}]},{"@type":"WebSite","@id":"https:\/\/marktxxl.de\/markt\/#website","url":"https:\/\/marktxxl.de\/markt\/","name":"Markt-XXL","description":"Ihr Markt Online","publisher":{"@id":"https:\/\/marktxxl.de\/markt\/#organization"},"potentialAction":[{"@type":"SearchAction","target":{"@type":"EntryPoint","urlTemplate":"https:\/\/marktxxl.de\/markt\/?s={search_term_string}"},"query-input":{"@type":"PropertyValueSpecification","valueRequired":true,"valueName":"search_term_string"}}],"inLanguage":"de"},{"@type":"Organization","@id":"https:\/\/marktxxl.de\/markt\/#organization","name":"Markt-XXL","url":"https:\/\/marktxxl.de\/markt\/","logo":{"@type":"ImageObject","inLanguage":"de","@id":"https:\/\/marktxxl.de\/markt\/#\/schema\/logo\/image\/","url":"https:\/\/marktxxl.de\/markt\/wp-content\/uploads\/sites\/3\/2020\/12\/logo.png","contentUrl":"https:\/\/marktxxl.de\/markt\/wp-content\/uploads\/sites\/3\/2020\/12\/logo.png","width":200,"height":70,"caption":"Markt-XXL"},"image":{"@id":"https:\/\/marktxxl.de\/markt\/#\/schema\/logo\/image\/"}}]}},"_links":{"self":[{"href":"https:\/\/marktxxl.de\/markt\/wp-json\/wp\/v2\/product\/32954","targetHints":{"allow":["GET"]}}],"collection":[{"href":"https:\/\/marktxxl.de\/markt\/wp-json\/wp\/v2\/product"}],"about":[{"href":"https:\/\/marktxxl.de\/markt\/wp-json\/wp\/v2\/types\/product"}],"replies":[{"embeddable":true,"href":"https:\/\/marktxxl.de\/markt\/wp-json\/wp\/v2\/comments?post=32954"}],"wp:featuredmedia":[{"embeddable":true,"href":"https:\/\/marktxxl.de\/markt\/wp-json\/wp\/v2\/media\/32955"}],"wp:attachment":[{"href":"https:\/\/marktxxl.de\/markt\/wp-json\/wp\/v2\/media?parent=32954"}],"wp:term":[{"taxonomy":"product_brand","embeddable":true,"href":"https:\/\/marktxxl.de\/markt\/wp-json\/wp\/v2\/product_brand?post=32954"},{"taxonomy":"product_cat","embeddable":true,"href":"https:\/\/marktxxl.de\/markt\/wp-json\/wp\/v2\/product_cat?post=32954"},{"taxonomy":"product_tag","embeddable":true,"href":"https:\/\/marktxxl.de\/markt\/wp-json\/wp\/v2\/product_tag?post=32954"}],"curies":[{"name":"wp","href":"https:\/\/api.w.org\/{rel}","templated":true}]}}