{"id":32908,"date":"2021-09-13T19:59:52","date_gmt":"2021-09-13T17:59:52","guid":{"rendered":"https:\/\/marktxxl.de\/markt\/produkt\/erkoon-silikon-reiseflaschen-set-7-stueck-auslaufsicher-reise-container-portable-travel-doeschen-fuer-futtertube-zum-befuellen-hund-shampoo-toilettenartikel-lotion-conditioner-duschgel-creme\/"},"modified":"2023-04-11T01:46:11","modified_gmt":"2023-04-10T23:46:11","slug":"erkoon-silikon-reiseflaschen-set-7-stueck-auslaufsicher-reise-container-portable-travel-doeschen-fuer-futtertube-zum-befuellen-hund-shampoo-toilettenartikel-lotion-conditioner-duschgel-creme","status":"publish","type":"product","link":"https:\/\/marktxxl.de\/markt\/produkt\/erkoon-silikon-reiseflaschen-set-7-stueck-auslaufsicher-reise-container-portable-travel-doeschen-fuer-futtertube-zum-befuellen-hund-shampoo-toilettenartikel-lotion-conditioner-duschgel-creme\/","title":{"rendered":"ERKOON Silikon Reiseflaschen Set 7 St\u00fcck Auslaufsicher Reise Container Portable Travel D\u00f6schen f\u00fcr Futtertube zum\u2026"},"content":{"rendered":"<p>[ Sicheres und weiches Material ] &#8212; Das Produkt besteht aus hochwertigem Silikonmaterial, das die Anforderungen an die Lebensmittelsicherheit erf\u00fcllt. Es ist weich und verschlei\u00dffest, und die extrudierte Fl\u00fcssigkeit ist arbeitssparender, voller und sehr verschlei\u00dffest!<br \/>\n[ Ideale Reisegr\u00f6\u00dfe ] &#8212; Verf\u00fcgbar f\u00fcr jedes Handgep\u00e4ck und aufgegebenes Gep\u00e4ck w\u00e4hrend der Flugreise. Sie k\u00f6nnen den eleganten, transparenten Kulturbeutel und die Silikon Flaschen problemlos in jedes Flugzeug in Ihrem Handgep\u00e4ck mitnehmen. Die Abf\u00fcllung kann in drei Gr\u00f6\u00dfen gew\u00e4hlt werden: gro\u00df, mittel und klein, die den unterschiedlichen Anforderungen von Langzeit- oder Kurzstrecken entsprechen.<br \/>\n[ Auslaufsicheres Design ] &#8212; ein dichtes Luftventil im Deckel hilft bei der Kontrolle, wie viel Fl\u00fcssigkeit herausgedr\u00fcckt wird. Und halte den Deckel sauber. Es wird NICHT lecken, w\u00e4hrend der Flaschendeckel ge\u00f6ffnet wird und abw\u00e4rts.<br \/>\n[ Breites Mund-Design ] &#8212; Breites Mund-Design leicht zu f\u00fcllen und zu kl\u00e4ren, wenn Sie ues brauchen, \u00f6ffnen Sie die Abdeckung und f\u00fcllen Sie mit Shamp, Lotion, Duschgel etc., mit einem Rei\u00dfverschluss klar Necessaire verpackt, platzsparend, leicht zu transportieren.<br \/>\n[ 180-t\u00e4gige kostenlose Garantie ] &#8212; Wenn das Produkt, das Sie erhalten haben, ein Qualit\u00e4tsproblem aufweist (k\u00fcnstliche Sch\u00e4den nicht enthalten), wenn Sie Fragen haben oder mit unserem Produkt nicht zufrieden sind, wenden Sie sich bitte zun\u00e4chst an uns per E-Mail wird Ihnen schnell und positiv helfen.<br \/>\n<div class=\"main-cross-sell\" data-asin=\"B07PYSNXSZ\">\n\n\t<div class=\"WooZone-cross-sell-loader\">\n\t\t<div>\n\t\t\t<div id=\"floatingBarsG\">\n\t\t\t\t<div class=\"blockG\" id=\"rotateG_01\"><\/div>\n\t\t\t\t<div class=\"blockG\" id=\"rotateG_02\"><\/div>\n\t\t\t\t<div class=\"blockG\" id=\"rotateG_03\"><\/div>\n\t\t\t\t<div class=\"blockG\" id=\"rotateG_04\"><\/div>\n\t\t\t\t<div class=\"blockG\" id=\"rotateG_05\"><\/div>\n\t\t\t\t<div class=\"blockG\" id=\"rotateG_06\"><\/div>\n\t\t\t\t<div class=\"blockG\" id=\"rotateG_07\"><\/div>\n\t\t\t\t<div class=\"blockG\" id=\"rotateG_08\"><\/div>\n\t\t\t<\/div>\n\t\t\t<div class=\"WooZone-cross-sell-loader-text\"><\/div>\n\t\t<\/div>\n\t<\/div>\n\n\t\t\n<\/div>\n<div style=\"clear:both;\"><\/div><\/p>\n","protected":false},"excerpt":{"rendered":"<p>[ Sicheres und weiches Material ] &#8212; Das Produkt besteht aus hochwertigem Silikonmaterial, das die Anforderungen an die Lebensmittelsicherheit erf\u00fcllt. Es ist weich und verschlei\u00dffest, und die extrudierte Fl\u00fcssigkeit ist arbeitssparender, voller und sehr verschlei\u00dffest!<br \/>\n[ Ideale Reisegr\u00f6\u00dfe ] &#8212; Verf\u00fcgbar f\u00fcr jedes Handgep\u00e4ck und aufgegebenes Gep\u00e4ck w\u00e4hrend der Flugreise. Sie k\u00f6nnen den eleganten, transparenten Kulturbeutel und die Silikon Flaschen problemlos in jedes Flugzeug in Ihrem Handgep\u00e4ck mitnehmen. Die Abf\u00fcllung kann in drei Gr\u00f6\u00dfen gew\u00e4hlt werden: gro\u00df, mittel und klein, die den unterschiedlichen Anforderungen von Langzeit- oder Kurzstrecken entsprechen.<br \/>\n[ Auslaufsicheres Design ] &#8212; ein dichtes Luftventil im Deckel hilft bei der Kontrolle, wie viel Fl\u00fcssigkeit herausgedr\u00fcckt wird. Und halte den Deckel sauber. Es wird NICHT lecken, w\u00e4hrend der Flaschendeckel ge\u00f6ffnet wird und abw\u00e4rts.<\/p>\n","protected":false},"featured_media":32909,"comment_status":"open","ping_status":"closed","template":"","meta":[],"product_brand":[],"product_cat":[2858,7726],"product_tag":[],"class_list":{"0":"post-32908","1":"product","2":"type-product","3":"status-publish","4":"has-post-thumbnail","6":"product_cat-beauty","7":"product_cat-zubehoer-beauty","8":"pa_brand-erkoon","9":"pa_color-colorful","10":"pa_height-0-393700787-zoll","11":"pa_length-3-543307083-zoll","12":"pa_model-ak3-at1-gl-m-x","13":"pa_size-small","14":"pa_width-1-574803148-zoll","16":"first","17":"instock","18":"shipping-taxable","19":"purchasable","20":"product-type-simple","21":"customify-col","22":"product-has-gallery"},"yoast_head":"<!-- This site is optimized with the Yoast SEO plugin v27.3 - https:\/\/yoast.com\/product\/yoast-seo-wordpress\/ -->\n<title>ERKOON Silikon Reiseflaschen Set 7 St\u00fcck Auslaufsicher Reise Container Portable Travel D\u00f6schen f\u00fcr Futtertube zum\u2026 - Markt-XXL<\/title>\n<meta name=\"description\" content=\"Markt-XXL ERKOON Silikon Reiseflaschen Set 7 St\u00fcck Auslaufsicher Reise Container Portable Travel D\u00f6schen f\u00fcr Futtertube zum\u2026\" \/>\n<meta name=\"robots\" content=\"index, follow, max-snippet:-1, max-image-preview:large, max-video-preview:-1\" \/>\n<link rel=\"canonical\" href=\"https:\/\/marktxxl.de\/markt\/produkt\/erkoon-silikon-reiseflaschen-set-7-stueck-auslaufsicher-reise-container-portable-travel-doeschen-fuer-futtertube-zum-befuellen-hund-shampoo-toilettenartikel-lotion-conditioner-duschgel-creme\/\" \/>\n<meta property=\"og:locale\" content=\"de_DE\" \/>\n<meta property=\"og:type\" content=\"article\" \/>\n<meta property=\"og:title\" content=\"ERKOON Silikon Reiseflaschen Set 7 St\u00fcck Auslaufsicher Reise Container Portable Travel D\u00f6schen f\u00fcr Futtertube zum\u2026 - Markt-XXL\" \/>\n<meta property=\"og:description\" content=\"Markt-XXL ERKOON Silikon Reiseflaschen Set 7 St\u00fcck Auslaufsicher Reise Container Portable Travel D\u00f6schen f\u00fcr Futtertube zum\u2026\" \/>\n<meta property=\"og:url\" content=\"https:\/\/marktxxl.de\/markt\/produkt\/erkoon-silikon-reiseflaschen-set-7-stueck-auslaufsicher-reise-container-portable-travel-doeschen-fuer-futtertube-zum-befuellen-hund-shampoo-toilettenartikel-lotion-conditioner-duschgel-creme\/\" \/>\n<meta property=\"og:site_name\" content=\"Markt-XXL\" \/>\n<meta property=\"article:modified_time\" content=\"2023-04-10T23:46:11+00:00\" \/>\n<meta property=\"og:image\" content=\"https:\/\/m.media-amazon.com\/images\/I\/41qWdjyTc8L._SL500_.jpg\" \/>\n\t<meta property=\"og:image:width\" content=\"500\" \/>\n\t<meta property=\"og:image:height\" content=\"500\" \/>\n\t<meta property=\"og:image:type\" content=\"image\/jpeg\" \/>\n<meta name=\"twitter:card\" content=\"summary_large_image\" \/>\n<meta name=\"twitter:label1\" content=\"Gesch\u00e4tzte Lesezeit\" \/>\n\t<meta name=\"twitter:data1\" content=\"1\u00a0Minute\" \/>\n<script type=\"application\/ld+json\" class=\"yoast-schema-graph\">{\"@context\":\"https:\\\/\\\/schema.org\",\"@graph\":[{\"@type\":\"WebPage\",\"@id\":\"https:\\\/\\\/marktxxl.de\\\/markt\\\/produkt\\\/erkoon-silikon-reiseflaschen-set-7-stueck-auslaufsicher-reise-container-portable-travel-doeschen-fuer-futtertube-zum-befuellen-hund-shampoo-toilettenartikel-lotion-conditioner-duschgel-creme\\\/\",\"url\":\"https:\\\/\\\/marktxxl.de\\\/markt\\\/produkt\\\/erkoon-silikon-reiseflaschen-set-7-stueck-auslaufsicher-reise-container-portable-travel-doeschen-fuer-futtertube-zum-befuellen-hund-shampoo-toilettenartikel-lotion-conditioner-duschgel-creme\\\/\",\"name\":\"ERKOON Silikon Reiseflaschen Set 7 St\u00fcck Auslaufsicher Reise Container Portable Travel D\u00f6schen f\u00fcr Futtertube zum\u2026 - Markt-XXL\",\"isPartOf\":{\"@id\":\"https:\\\/\\\/marktxxl.de\\\/markt\\\/#website\"},\"primaryImageOfPage\":{\"@id\":\"https:\\\/\\\/marktxxl.de\\\/markt\\\/produkt\\\/erkoon-silikon-reiseflaschen-set-7-stueck-auslaufsicher-reise-container-portable-travel-doeschen-fuer-futtertube-zum-befuellen-hund-shampoo-toilettenartikel-lotion-conditioner-duschgel-creme\\\/#primaryimage\"},\"image\":{\"@id\":\"https:\\\/\\\/marktxxl.de\\\/markt\\\/produkt\\\/erkoon-silikon-reiseflaschen-set-7-stueck-auslaufsicher-reise-container-portable-travel-doeschen-fuer-futtertube-zum-befuellen-hund-shampoo-toilettenartikel-lotion-conditioner-duschgel-creme\\\/#primaryimage\"},\"thumbnailUrl\":\"https:\\\/\\\/m.media-amazon.com\\\/images\\\/I\\\/41qWdjyTc8L._SL500_.jpg\",\"datePublished\":\"2021-09-13T17:59:52+00:00\",\"dateModified\":\"2023-04-10T23:46:11+00:00\",\"description\":\"Markt-XXL ERKOON Silikon Reiseflaschen Set 7 St\u00fcck Auslaufsicher Reise Container Portable Travel D\u00f6schen f\u00fcr Futtertube zum\u2026\",\"breadcrumb\":{\"@id\":\"https:\\\/\\\/marktxxl.de\\\/markt\\\/produkt\\\/erkoon-silikon-reiseflaschen-set-7-stueck-auslaufsicher-reise-container-portable-travel-doeschen-fuer-futtertube-zum-befuellen-hund-shampoo-toilettenartikel-lotion-conditioner-duschgel-creme\\\/#breadcrumb\"},\"inLanguage\":\"de\",\"potentialAction\":[{\"@type\":\"ReadAction\",\"target\":[\"https:\\\/\\\/marktxxl.de\\\/markt\\\/produkt\\\/erkoon-silikon-reiseflaschen-set-7-stueck-auslaufsicher-reise-container-portable-travel-doeschen-fuer-futtertube-zum-befuellen-hund-shampoo-toilettenartikel-lotion-conditioner-duschgel-creme\\\/\"]}]},{\"@type\":\"ImageObject\",\"inLanguage\":\"de\",\"@id\":\"https:\\\/\\\/marktxxl.de\\\/markt\\\/produkt\\\/erkoon-silikon-reiseflaschen-set-7-stueck-auslaufsicher-reise-container-portable-travel-doeschen-fuer-futtertube-zum-befuellen-hund-shampoo-toilettenartikel-lotion-conditioner-duschgel-creme\\\/#primaryimage\",\"url\":\"https:\\\/\\\/m.media-amazon.com\\\/images\\\/I\\\/41qWdjyTc8L._SL500_.jpg\",\"contentUrl\":\"https:\\\/\\\/m.media-amazon.com\\\/images\\\/I\\\/41qWdjyTc8L._SL500_.jpg\",\"width\":500,\"height\":500},{\"@type\":\"BreadcrumbList\",\"@id\":\"https:\\\/\\\/marktxxl.de\\\/markt\\\/produkt\\\/erkoon-silikon-reiseflaschen-set-7-stueck-auslaufsicher-reise-container-portable-travel-doeschen-fuer-futtertube-zum-befuellen-hund-shampoo-toilettenartikel-lotion-conditioner-duschgel-creme\\\/#breadcrumb\",\"itemListElement\":[{\"@type\":\"ListItem\",\"position\":1,\"name\":\"Startseite\",\"item\":\"https:\\\/\\\/marktxxl.de\\\/markt\\\/\"},{\"@type\":\"ListItem\",\"position\":2,\"name\":\"Markt\",\"item\":\"https:\\\/\\\/marktxxl.de\\\/markt\\\/\"},{\"@type\":\"ListItem\",\"position\":3,\"name\":\"ERKOON Silikon Reiseflaschen Set 7 St\u00fcck Auslaufsicher Reise Container Portable Travel D\u00f6schen f\u00fcr Futtertube zum\u2026\"}]},{\"@type\":\"WebSite\",\"@id\":\"https:\\\/\\\/marktxxl.de\\\/markt\\\/#website\",\"url\":\"https:\\\/\\\/marktxxl.de\\\/markt\\\/\",\"name\":\"Markt-XXL\",\"description\":\"Ihr Markt Online\",\"publisher\":{\"@id\":\"https:\\\/\\\/marktxxl.de\\\/markt\\\/#organization\"},\"potentialAction\":[{\"@type\":\"SearchAction\",\"target\":{\"@type\":\"EntryPoint\",\"urlTemplate\":\"https:\\\/\\\/marktxxl.de\\\/markt\\\/?s={search_term_string}\"},\"query-input\":{\"@type\":\"PropertyValueSpecification\",\"valueRequired\":true,\"valueName\":\"search_term_string\"}}],\"inLanguage\":\"de\"},{\"@type\":\"Organization\",\"@id\":\"https:\\\/\\\/marktxxl.de\\\/markt\\\/#organization\",\"name\":\"Markt-XXL\",\"url\":\"https:\\\/\\\/marktxxl.de\\\/markt\\\/\",\"logo\":{\"@type\":\"ImageObject\",\"inLanguage\":\"de\",\"@id\":\"https:\\\/\\\/marktxxl.de\\\/markt\\\/#\\\/schema\\\/logo\\\/image\\\/\",\"url\":\"https:\\\/\\\/marktxxl.de\\\/markt\\\/wp-content\\\/uploads\\\/sites\\\/3\\\/2020\\\/12\\\/logo.png\",\"contentUrl\":\"https:\\\/\\\/marktxxl.de\\\/markt\\\/wp-content\\\/uploads\\\/sites\\\/3\\\/2020\\\/12\\\/logo.png\",\"width\":200,\"height\":70,\"caption\":\"Markt-XXL\"},\"image\":{\"@id\":\"https:\\\/\\\/marktxxl.de\\\/markt\\\/#\\\/schema\\\/logo\\\/image\\\/\"}}]}<\/script>\n<!-- \/ Yoast SEO plugin. -->","yoast_head_json":{"title":"ERKOON Silikon Reiseflaschen Set 7 St\u00fcck Auslaufsicher Reise Container Portable Travel D\u00f6schen f\u00fcr Futtertube zum\u2026 - Markt-XXL","description":"Markt-XXL ERKOON Silikon Reiseflaschen Set 7 St\u00fcck Auslaufsicher Reise Container Portable Travel D\u00f6schen f\u00fcr Futtertube zum\u2026","robots":{"index":"index","follow":"follow","max-snippet":"max-snippet:-1","max-image-preview":"max-image-preview:large","max-video-preview":"max-video-preview:-1"},"canonical":"https:\/\/marktxxl.de\/markt\/produkt\/erkoon-silikon-reiseflaschen-set-7-stueck-auslaufsicher-reise-container-portable-travel-doeschen-fuer-futtertube-zum-befuellen-hund-shampoo-toilettenartikel-lotion-conditioner-duschgel-creme\/","og_locale":"de_DE","og_type":"article","og_title":"ERKOON Silikon Reiseflaschen Set 7 St\u00fcck Auslaufsicher Reise Container Portable Travel D\u00f6schen f\u00fcr Futtertube zum\u2026 - Markt-XXL","og_description":"Markt-XXL ERKOON Silikon Reiseflaschen Set 7 St\u00fcck Auslaufsicher Reise Container Portable Travel D\u00f6schen f\u00fcr Futtertube zum\u2026","og_url":"https:\/\/marktxxl.de\/markt\/produkt\/erkoon-silikon-reiseflaschen-set-7-stueck-auslaufsicher-reise-container-portable-travel-doeschen-fuer-futtertube-zum-befuellen-hund-shampoo-toilettenartikel-lotion-conditioner-duschgel-creme\/","og_site_name":"Markt-XXL","article_modified_time":"2023-04-10T23:46:11+00:00","og_image":[{"width":500,"height":500,"url":"https:\/\/m.media-amazon.com\/images\/I\/41qWdjyTc8L._SL500_.jpg","type":"image\/jpeg"}],"twitter_card":"summary_large_image","twitter_misc":{"Gesch\u00e4tzte Lesezeit":"1\u00a0Minute"},"schema":{"@context":"https:\/\/schema.org","@graph":[{"@type":"WebPage","@id":"https:\/\/marktxxl.de\/markt\/produkt\/erkoon-silikon-reiseflaschen-set-7-stueck-auslaufsicher-reise-container-portable-travel-doeschen-fuer-futtertube-zum-befuellen-hund-shampoo-toilettenartikel-lotion-conditioner-duschgel-creme\/","url":"https:\/\/marktxxl.de\/markt\/produkt\/erkoon-silikon-reiseflaschen-set-7-stueck-auslaufsicher-reise-container-portable-travel-doeschen-fuer-futtertube-zum-befuellen-hund-shampoo-toilettenartikel-lotion-conditioner-duschgel-creme\/","name":"ERKOON Silikon Reiseflaschen Set 7 St\u00fcck Auslaufsicher Reise Container Portable Travel D\u00f6schen f\u00fcr Futtertube zum\u2026 - Markt-XXL","isPartOf":{"@id":"https:\/\/marktxxl.de\/markt\/#website"},"primaryImageOfPage":{"@id":"https:\/\/marktxxl.de\/markt\/produkt\/erkoon-silikon-reiseflaschen-set-7-stueck-auslaufsicher-reise-container-portable-travel-doeschen-fuer-futtertube-zum-befuellen-hund-shampoo-toilettenartikel-lotion-conditioner-duschgel-creme\/#primaryimage"},"image":{"@id":"https:\/\/marktxxl.de\/markt\/produkt\/erkoon-silikon-reiseflaschen-set-7-stueck-auslaufsicher-reise-container-portable-travel-doeschen-fuer-futtertube-zum-befuellen-hund-shampoo-toilettenartikel-lotion-conditioner-duschgel-creme\/#primaryimage"},"thumbnailUrl":"https:\/\/m.media-amazon.com\/images\/I\/41qWdjyTc8L._SL500_.jpg","datePublished":"2021-09-13T17:59:52+00:00","dateModified":"2023-04-10T23:46:11+00:00","description":"Markt-XXL ERKOON Silikon Reiseflaschen Set 7 St\u00fcck Auslaufsicher Reise Container Portable Travel D\u00f6schen f\u00fcr Futtertube zum\u2026","breadcrumb":{"@id":"https:\/\/marktxxl.de\/markt\/produkt\/erkoon-silikon-reiseflaschen-set-7-stueck-auslaufsicher-reise-container-portable-travel-doeschen-fuer-futtertube-zum-befuellen-hund-shampoo-toilettenartikel-lotion-conditioner-duschgel-creme\/#breadcrumb"},"inLanguage":"de","potentialAction":[{"@type":"ReadAction","target":["https:\/\/marktxxl.de\/markt\/produkt\/erkoon-silikon-reiseflaschen-set-7-stueck-auslaufsicher-reise-container-portable-travel-doeschen-fuer-futtertube-zum-befuellen-hund-shampoo-toilettenartikel-lotion-conditioner-duschgel-creme\/"]}]},{"@type":"ImageObject","inLanguage":"de","@id":"https:\/\/marktxxl.de\/markt\/produkt\/erkoon-silikon-reiseflaschen-set-7-stueck-auslaufsicher-reise-container-portable-travel-doeschen-fuer-futtertube-zum-befuellen-hund-shampoo-toilettenartikel-lotion-conditioner-duschgel-creme\/#primaryimage","url":"https:\/\/m.media-amazon.com\/images\/I\/41qWdjyTc8L._SL500_.jpg","contentUrl":"https:\/\/m.media-amazon.com\/images\/I\/41qWdjyTc8L._SL500_.jpg","width":500,"height":500},{"@type":"BreadcrumbList","@id":"https:\/\/marktxxl.de\/markt\/produkt\/erkoon-silikon-reiseflaschen-set-7-stueck-auslaufsicher-reise-container-portable-travel-doeschen-fuer-futtertube-zum-befuellen-hund-shampoo-toilettenartikel-lotion-conditioner-duschgel-creme\/#breadcrumb","itemListElement":[{"@type":"ListItem","position":1,"name":"Startseite","item":"https:\/\/marktxxl.de\/markt\/"},{"@type":"ListItem","position":2,"name":"Markt","item":"https:\/\/marktxxl.de\/markt\/"},{"@type":"ListItem","position":3,"name":"ERKOON Silikon Reiseflaschen Set 7 St\u00fcck Auslaufsicher Reise Container Portable Travel D\u00f6schen f\u00fcr Futtertube zum\u2026"}]},{"@type":"WebSite","@id":"https:\/\/marktxxl.de\/markt\/#website","url":"https:\/\/marktxxl.de\/markt\/","name":"Markt-XXL","description":"Ihr Markt Online","publisher":{"@id":"https:\/\/marktxxl.de\/markt\/#organization"},"potentialAction":[{"@type":"SearchAction","target":{"@type":"EntryPoint","urlTemplate":"https:\/\/marktxxl.de\/markt\/?s={search_term_string}"},"query-input":{"@type":"PropertyValueSpecification","valueRequired":true,"valueName":"search_term_string"}}],"inLanguage":"de"},{"@type":"Organization","@id":"https:\/\/marktxxl.de\/markt\/#organization","name":"Markt-XXL","url":"https:\/\/marktxxl.de\/markt\/","logo":{"@type":"ImageObject","inLanguage":"de","@id":"https:\/\/marktxxl.de\/markt\/#\/schema\/logo\/image\/","url":"https:\/\/marktxxl.de\/markt\/wp-content\/uploads\/sites\/3\/2020\/12\/logo.png","contentUrl":"https:\/\/marktxxl.de\/markt\/wp-content\/uploads\/sites\/3\/2020\/12\/logo.png","width":200,"height":70,"caption":"Markt-XXL"},"image":{"@id":"https:\/\/marktxxl.de\/markt\/#\/schema\/logo\/image\/"}}]}},"_links":{"self":[{"href":"https:\/\/marktxxl.de\/markt\/wp-json\/wp\/v2\/product\/32908","targetHints":{"allow":["GET"]}}],"collection":[{"href":"https:\/\/marktxxl.de\/markt\/wp-json\/wp\/v2\/product"}],"about":[{"href":"https:\/\/marktxxl.de\/markt\/wp-json\/wp\/v2\/types\/product"}],"replies":[{"embeddable":true,"href":"https:\/\/marktxxl.de\/markt\/wp-json\/wp\/v2\/comments?post=32908"}],"wp:featuredmedia":[{"embeddable":true,"href":"https:\/\/marktxxl.de\/markt\/wp-json\/wp\/v2\/media\/32909"}],"wp:attachment":[{"href":"https:\/\/marktxxl.de\/markt\/wp-json\/wp\/v2\/media?parent=32908"}],"wp:term":[{"taxonomy":"product_brand","embeddable":true,"href":"https:\/\/marktxxl.de\/markt\/wp-json\/wp\/v2\/product_brand?post=32908"},{"taxonomy":"product_cat","embeddable":true,"href":"https:\/\/marktxxl.de\/markt\/wp-json\/wp\/v2\/product_cat?post=32908"},{"taxonomy":"product_tag","embeddable":true,"href":"https:\/\/marktxxl.de\/markt\/wp-json\/wp\/v2\/product_tag?post=32908"}],"curies":[{"name":"wp","href":"https:\/\/api.w.org\/{rel}","templated":true}]}}