{"id":32881,"date":"2021-09-13T19:59:46","date_gmt":"2021-09-13T17:59:46","guid":{"rendered":"https:\/\/marktxxl.de\/markt\/produkt\/bestope-pinselset-make-up-pinsel-set-professionelle-mit-gesichtspinsel-lidschattenpinsel-augenpinsel-synthetische-haar-kosmetik-pinselsets-eyeshadow-eyeliner-gesichtspuder-16-stueck-rosa-gold\/"},"modified":"2023-04-11T01:46:11","modified_gmt":"2023-04-10T23:46:11","slug":"bestope-pinselset-make-up-pinsel-set-professionelle-mit-gesichtspinsel-lidschattenpinsel-augenpinsel-synthetische-haar-kosmetik-pinselsets-eyeshadow-eyeliner-gesichtspuder-16-stueck-rosa-gold","status":"publish","type":"product","link":"https:\/\/marktxxl.de\/markt\/produkt\/bestope-pinselset-make-up-pinsel-set-professionelle-mit-gesichtspinsel-lidschattenpinsel-augenpinsel-synthetische-haar-kosmetik-pinselsets-eyeshadow-eyeliner-gesichtspuder-16-stueck-rosa-gold\/","title":{"rendered":"Pinselset Makeup Rosa Gold, Professionelle Make Up Pinsel Set mit Gesichtspinsel, Schminkpinsel Set mit\u2026"},"content":{"rendered":"<p>\u0090Gesamte B\u00fcrste F\u00fcr Perfekt Gesicht\u2018Bestope Make-Up-Set Besteht Aus 5Pcs Grundlegende Gro\u00dfe Kabuki Kosmetikpinsel Und 11Pcs Genauigkeit Make-Up Pinsel. Egal,Ob Sie Anf?nger Oder Profi Sind,Sie K\u00f6nnen Den Spa\u00df Am Schminken Ernten.<br \/>\n\u0090Samtweiches Kunsthaar\u2018Unsere B\u00fcrsten Verwenden Hochwertiges Kunsthaar,Das Die Vorteile Von Weichheit,Langer Lebensdauer Und Einfacher Reinigung Bietet. Die Dichte B\u00fcrstenhaare Tragen Den Puder Gleichm?\u00dfig Auf Dem Gesicht Ohne Das Puder Aufzunehmen.<br \/>\n\u0090Wundersch\u00f6nes Design\u2018Der Hochwertige Schwarze,Haltbare Holzgriff Und Das Ros\u00e9goldene Metall Lassen Den Gesamten Pinsel Sehr Modisch Und Pr?chtig Aussehen. Der Pinselset Sind Nicht Leicht Zu Rosten Und Die Lebensdauer Ist L?nger Als Bei Anderen B\u00fcrsten.<br \/>\n\u0090Genaue Anleitung\u2018Das Beiliegende Handbuch Zeigt Deutlich Die Funktion Jeder B\u00fcrste. Selbst Anf?nger K\u00f6nnen Schnell Lernen,Wie Man Jeden Pinsel Benutzt. Keiner Unserer Pinsel Ist \u00dcberfl\u00fcssig Und Jeder Kann Seinen Wert Hervorheben.<br \/>\n\u0090Beste Geschenkeidee F\u00fcr Liebe\u2018Bereite Alles Vor,Was Sie F\u00fcr Ihren Geliebten Braucht! Ob Es Sich Um Eine Abschlussfeier,Cocktailparty,Kost\u00fcmparty Usw. Handelt,Ein So Wundersch\u00f6ner Und Praktischer Make-Up-Pinsel Eignet Sich Sehr Gut Als Geschenk.<br \/>\n<div class=\"main-cross-sell\" data-asin=\"B0779ZT4T5\">\n\n\t<div class=\"WooZone-cross-sell-loader\">\n\t\t<div>\n\t\t\t<div id=\"floatingBarsG\">\n\t\t\t\t<div class=\"blockG\" id=\"rotateG_01\"><\/div>\n\t\t\t\t<div class=\"blockG\" id=\"rotateG_02\"><\/div>\n\t\t\t\t<div class=\"blockG\" id=\"rotateG_03\"><\/div>\n\t\t\t\t<div class=\"blockG\" id=\"rotateG_04\"><\/div>\n\t\t\t\t<div class=\"blockG\" id=\"rotateG_05\"><\/div>\n\t\t\t\t<div class=\"blockG\" id=\"rotateG_06\"><\/div>\n\t\t\t\t<div class=\"blockG\" id=\"rotateG_07\"><\/div>\n\t\t\t\t<div class=\"blockG\" id=\"rotateG_08\"><\/div>\n\t\t\t<\/div>\n\t\t\t<div class=\"WooZone-cross-sell-loader-text\"><\/div>\n\t\t<\/div>\n\t<\/div>\n\n\t\t\n<\/div>\n<div style=\"clear:both;\"><\/div><\/p>\n","protected":false},"excerpt":{"rendered":"<p>\u0090Gesamte B\u00fcrste F\u00fcr Perfekt Gesicht\u2018Bestope Make-Up-Set Besteht Aus 5Pcs Grundlegende Gro\u00dfe Kabuki Kosmetikpinsel Und 11Pcs Genauigkeit Make-Up Pinsel. Egal,Ob Sie Anf?nger Oder Profi Sind,Sie K\u00f6nnen Den Spa\u00df Am Schminken Ernten.<br \/>\n\u0090Samtweiches Kunsthaar\u2018Unsere B\u00fcrsten Verwenden Hochwertiges Kunsthaar,Das Die Vorteile Von Weichheit,Langer Lebensdauer Und Einfacher Reinigung Bietet. Die Dichte B\u00fcrstenhaare Tragen Den Puder Gleichm?\u00dfig Auf Dem Gesicht Ohne Das Puder Aufzunehmen.<br \/>\n\u0090Wundersch\u00f6nes Design\u2018Der Hochwertige Schwarze,Haltbare Holzgriff Und Das Ros\u00e9goldene Metall Lassen Den Gesamten Pinsel Sehr Modisch Und Pr?chtig Aussehen. Der Pinselset Sind Nicht Leicht Zu Rosten Und Die Lebensdauer Ist L?nger Als Bei Anderen B\u00fcrsten.<\/p>\n","protected":false},"featured_media":32882,"comment_status":"open","ping_status":"closed","template":"","meta":[],"product_brand":[],"product_cat":[2858,7726],"product_tag":[],"class_list":{"0":"post-32881","1":"product","2":"type-product","3":"status-publish","4":"has-post-thumbnail","6":"product_cat-beauty","7":"product_cat-zubehoer-beauty","8":"pa_binding-badartikel","9":"pa_brand-bestope-pro","10":"pa_color-rose-gold","11":"pa_height-0-5-zoll","12":"pa_length-2-zoll","13":"pa_manufacturer-bestope","14":"pa_model-hz124g-veuk","15":"pa_size-16-stueck-1er-pack","16":"pa_weight-0-440924524-pfund","17":"pa_width-1-5-zoll","19":"first","20":"instock","21":"shipping-taxable","22":"purchasable","23":"product-type-simple","24":"customify-col","25":"product-has-gallery"},"yoast_head":"<!-- This site is optimized with the Yoast SEO plugin v27.3 - https:\/\/yoast.com\/product\/yoast-seo-wordpress\/ -->\n<title>Pinselset Makeup Rosa Gold, Professionelle Make Up Pinsel Set mit Gesichtspinsel, Schminkpinsel Set mit\u2026 - Markt-XXL<\/title>\n<meta name=\"description\" content=\"Markt-XXL Pinselset Makeup Rosa Gold, Professionelle Make Up Pinsel Set mit Gesichtspinsel, Schminkpinsel Set mit\u2026\" \/>\n<meta name=\"robots\" content=\"index, follow, max-snippet:-1, max-image-preview:large, max-video-preview:-1\" \/>\n<link rel=\"canonical\" href=\"https:\/\/marktxxl.de\/markt\/produkt\/bestope-pinselset-make-up-pinsel-set-professionelle-mit-gesichtspinsel-lidschattenpinsel-augenpinsel-synthetische-haar-kosmetik-pinselsets-eyeshadow-eyeliner-gesichtspuder-16-stueck-rosa-gold\/\" \/>\n<meta property=\"og:locale\" content=\"de_DE\" \/>\n<meta property=\"og:type\" content=\"article\" \/>\n<meta property=\"og:title\" content=\"Pinselset Makeup Rosa Gold, Professionelle Make Up Pinsel Set mit Gesichtspinsel, Schminkpinsel Set mit\u2026 - Markt-XXL\" \/>\n<meta property=\"og:description\" content=\"Markt-XXL Pinselset Makeup Rosa Gold, Professionelle Make Up Pinsel Set mit Gesichtspinsel, Schminkpinsel Set mit\u2026\" \/>\n<meta property=\"og:url\" content=\"https:\/\/marktxxl.de\/markt\/produkt\/bestope-pinselset-make-up-pinsel-set-professionelle-mit-gesichtspinsel-lidschattenpinsel-augenpinsel-synthetische-haar-kosmetik-pinselsets-eyeshadow-eyeliner-gesichtspuder-16-stueck-rosa-gold\/\" \/>\n<meta property=\"og:site_name\" content=\"Markt-XXL\" \/>\n<meta property=\"article:modified_time\" content=\"2023-04-10T23:46:11+00:00\" \/>\n<meta property=\"og:image\" content=\"https:\/\/m.media-amazon.com\/images\/I\/51fV2tPImhL._SL500_.jpg\" \/>\n\t<meta property=\"og:image:width\" content=\"500\" \/>\n\t<meta property=\"og:image:height\" content=\"500\" \/>\n\t<meta property=\"og:image:type\" content=\"image\/jpeg\" \/>\n<meta name=\"twitter:card\" content=\"summary_large_image\" \/>\n<meta name=\"twitter:label1\" content=\"Gesch\u00e4tzte Lesezeit\" \/>\n\t<meta name=\"twitter:data1\" content=\"1\u00a0Minute\" \/>\n<script type=\"application\/ld+json\" class=\"yoast-schema-graph\">{\"@context\":\"https:\\\/\\\/schema.org\",\"@graph\":[{\"@type\":\"WebPage\",\"@id\":\"https:\\\/\\\/marktxxl.de\\\/markt\\\/produkt\\\/bestope-pinselset-make-up-pinsel-set-professionelle-mit-gesichtspinsel-lidschattenpinsel-augenpinsel-synthetische-haar-kosmetik-pinselsets-eyeshadow-eyeliner-gesichtspuder-16-stueck-rosa-gold\\\/\",\"url\":\"https:\\\/\\\/marktxxl.de\\\/markt\\\/produkt\\\/bestope-pinselset-make-up-pinsel-set-professionelle-mit-gesichtspinsel-lidschattenpinsel-augenpinsel-synthetische-haar-kosmetik-pinselsets-eyeshadow-eyeliner-gesichtspuder-16-stueck-rosa-gold\\\/\",\"name\":\"Pinselset Makeup Rosa Gold, Professionelle Make Up Pinsel Set mit Gesichtspinsel, Schminkpinsel Set mit\u2026 - Markt-XXL\",\"isPartOf\":{\"@id\":\"https:\\\/\\\/marktxxl.de\\\/markt\\\/#website\"},\"primaryImageOfPage\":{\"@id\":\"https:\\\/\\\/marktxxl.de\\\/markt\\\/produkt\\\/bestope-pinselset-make-up-pinsel-set-professionelle-mit-gesichtspinsel-lidschattenpinsel-augenpinsel-synthetische-haar-kosmetik-pinselsets-eyeshadow-eyeliner-gesichtspuder-16-stueck-rosa-gold\\\/#primaryimage\"},\"image\":{\"@id\":\"https:\\\/\\\/marktxxl.de\\\/markt\\\/produkt\\\/bestope-pinselset-make-up-pinsel-set-professionelle-mit-gesichtspinsel-lidschattenpinsel-augenpinsel-synthetische-haar-kosmetik-pinselsets-eyeshadow-eyeliner-gesichtspuder-16-stueck-rosa-gold\\\/#primaryimage\"},\"thumbnailUrl\":\"https:\\\/\\\/m.media-amazon.com\\\/images\\\/I\\\/51fV2tPImhL._SL500_.jpg\",\"datePublished\":\"2021-09-13T17:59:46+00:00\",\"dateModified\":\"2023-04-10T23:46:11+00:00\",\"description\":\"Markt-XXL Pinselset Makeup Rosa Gold, Professionelle Make Up Pinsel Set mit Gesichtspinsel, Schminkpinsel Set mit\u2026\",\"breadcrumb\":{\"@id\":\"https:\\\/\\\/marktxxl.de\\\/markt\\\/produkt\\\/bestope-pinselset-make-up-pinsel-set-professionelle-mit-gesichtspinsel-lidschattenpinsel-augenpinsel-synthetische-haar-kosmetik-pinselsets-eyeshadow-eyeliner-gesichtspuder-16-stueck-rosa-gold\\\/#breadcrumb\"},\"inLanguage\":\"de\",\"potentialAction\":[{\"@type\":\"ReadAction\",\"target\":[\"https:\\\/\\\/marktxxl.de\\\/markt\\\/produkt\\\/bestope-pinselset-make-up-pinsel-set-professionelle-mit-gesichtspinsel-lidschattenpinsel-augenpinsel-synthetische-haar-kosmetik-pinselsets-eyeshadow-eyeliner-gesichtspuder-16-stueck-rosa-gold\\\/\"]}]},{\"@type\":\"ImageObject\",\"inLanguage\":\"de\",\"@id\":\"https:\\\/\\\/marktxxl.de\\\/markt\\\/produkt\\\/bestope-pinselset-make-up-pinsel-set-professionelle-mit-gesichtspinsel-lidschattenpinsel-augenpinsel-synthetische-haar-kosmetik-pinselsets-eyeshadow-eyeliner-gesichtspuder-16-stueck-rosa-gold\\\/#primaryimage\",\"url\":\"https:\\\/\\\/m.media-amazon.com\\\/images\\\/I\\\/51fV2tPImhL._SL500_.jpg\",\"contentUrl\":\"https:\\\/\\\/m.media-amazon.com\\\/images\\\/I\\\/51fV2tPImhL._SL500_.jpg\",\"width\":500,\"height\":500},{\"@type\":\"BreadcrumbList\",\"@id\":\"https:\\\/\\\/marktxxl.de\\\/markt\\\/produkt\\\/bestope-pinselset-make-up-pinsel-set-professionelle-mit-gesichtspinsel-lidschattenpinsel-augenpinsel-synthetische-haar-kosmetik-pinselsets-eyeshadow-eyeliner-gesichtspuder-16-stueck-rosa-gold\\\/#breadcrumb\",\"itemListElement\":[{\"@type\":\"ListItem\",\"position\":1,\"name\":\"Startseite\",\"item\":\"https:\\\/\\\/marktxxl.de\\\/markt\\\/\"},{\"@type\":\"ListItem\",\"position\":2,\"name\":\"Markt\",\"item\":\"https:\\\/\\\/marktxxl.de\\\/markt\\\/\"},{\"@type\":\"ListItem\",\"position\":3,\"name\":\"Pinselset Makeup Rosa Gold, Professionelle Make Up Pinsel Set mit Gesichtspinsel, Schminkpinsel Set mit\u2026\"}]},{\"@type\":\"WebSite\",\"@id\":\"https:\\\/\\\/marktxxl.de\\\/markt\\\/#website\",\"url\":\"https:\\\/\\\/marktxxl.de\\\/markt\\\/\",\"name\":\"Markt-XXL\",\"description\":\"Ihr Markt Online\",\"publisher\":{\"@id\":\"https:\\\/\\\/marktxxl.de\\\/markt\\\/#organization\"},\"potentialAction\":[{\"@type\":\"SearchAction\",\"target\":{\"@type\":\"EntryPoint\",\"urlTemplate\":\"https:\\\/\\\/marktxxl.de\\\/markt\\\/?s={search_term_string}\"},\"query-input\":{\"@type\":\"PropertyValueSpecification\",\"valueRequired\":true,\"valueName\":\"search_term_string\"}}],\"inLanguage\":\"de\"},{\"@type\":\"Organization\",\"@id\":\"https:\\\/\\\/marktxxl.de\\\/markt\\\/#organization\",\"name\":\"Markt-XXL\",\"url\":\"https:\\\/\\\/marktxxl.de\\\/markt\\\/\",\"logo\":{\"@type\":\"ImageObject\",\"inLanguage\":\"de\",\"@id\":\"https:\\\/\\\/marktxxl.de\\\/markt\\\/#\\\/schema\\\/logo\\\/image\\\/\",\"url\":\"https:\\\/\\\/marktxxl.de\\\/markt\\\/wp-content\\\/uploads\\\/sites\\\/3\\\/2020\\\/12\\\/logo.png\",\"contentUrl\":\"https:\\\/\\\/marktxxl.de\\\/markt\\\/wp-content\\\/uploads\\\/sites\\\/3\\\/2020\\\/12\\\/logo.png\",\"width\":200,\"height\":70,\"caption\":\"Markt-XXL\"},\"image\":{\"@id\":\"https:\\\/\\\/marktxxl.de\\\/markt\\\/#\\\/schema\\\/logo\\\/image\\\/\"}}]}<\/script>\n<!-- \/ Yoast SEO plugin. -->","yoast_head_json":{"title":"Pinselset Makeup Rosa Gold, Professionelle Make Up Pinsel Set mit Gesichtspinsel, Schminkpinsel Set mit\u2026 - Markt-XXL","description":"Markt-XXL Pinselset Makeup Rosa Gold, Professionelle Make Up Pinsel Set mit Gesichtspinsel, Schminkpinsel Set mit\u2026","robots":{"index":"index","follow":"follow","max-snippet":"max-snippet:-1","max-image-preview":"max-image-preview:large","max-video-preview":"max-video-preview:-1"},"canonical":"https:\/\/marktxxl.de\/markt\/produkt\/bestope-pinselset-make-up-pinsel-set-professionelle-mit-gesichtspinsel-lidschattenpinsel-augenpinsel-synthetische-haar-kosmetik-pinselsets-eyeshadow-eyeliner-gesichtspuder-16-stueck-rosa-gold\/","og_locale":"de_DE","og_type":"article","og_title":"Pinselset Makeup Rosa Gold, Professionelle Make Up Pinsel Set mit Gesichtspinsel, Schminkpinsel Set mit\u2026 - Markt-XXL","og_description":"Markt-XXL Pinselset Makeup Rosa Gold, Professionelle Make Up Pinsel Set mit Gesichtspinsel, Schminkpinsel Set mit\u2026","og_url":"https:\/\/marktxxl.de\/markt\/produkt\/bestope-pinselset-make-up-pinsel-set-professionelle-mit-gesichtspinsel-lidschattenpinsel-augenpinsel-synthetische-haar-kosmetik-pinselsets-eyeshadow-eyeliner-gesichtspuder-16-stueck-rosa-gold\/","og_site_name":"Markt-XXL","article_modified_time":"2023-04-10T23:46:11+00:00","og_image":[{"width":500,"height":500,"url":"https:\/\/m.media-amazon.com\/images\/I\/51fV2tPImhL._SL500_.jpg","type":"image\/jpeg"}],"twitter_card":"summary_large_image","twitter_misc":{"Gesch\u00e4tzte Lesezeit":"1\u00a0Minute"},"schema":{"@context":"https:\/\/schema.org","@graph":[{"@type":"WebPage","@id":"https:\/\/marktxxl.de\/markt\/produkt\/bestope-pinselset-make-up-pinsel-set-professionelle-mit-gesichtspinsel-lidschattenpinsel-augenpinsel-synthetische-haar-kosmetik-pinselsets-eyeshadow-eyeliner-gesichtspuder-16-stueck-rosa-gold\/","url":"https:\/\/marktxxl.de\/markt\/produkt\/bestope-pinselset-make-up-pinsel-set-professionelle-mit-gesichtspinsel-lidschattenpinsel-augenpinsel-synthetische-haar-kosmetik-pinselsets-eyeshadow-eyeliner-gesichtspuder-16-stueck-rosa-gold\/","name":"Pinselset Makeup Rosa Gold, Professionelle Make Up Pinsel Set mit Gesichtspinsel, Schminkpinsel Set mit\u2026 - Markt-XXL","isPartOf":{"@id":"https:\/\/marktxxl.de\/markt\/#website"},"primaryImageOfPage":{"@id":"https:\/\/marktxxl.de\/markt\/produkt\/bestope-pinselset-make-up-pinsel-set-professionelle-mit-gesichtspinsel-lidschattenpinsel-augenpinsel-synthetische-haar-kosmetik-pinselsets-eyeshadow-eyeliner-gesichtspuder-16-stueck-rosa-gold\/#primaryimage"},"image":{"@id":"https:\/\/marktxxl.de\/markt\/produkt\/bestope-pinselset-make-up-pinsel-set-professionelle-mit-gesichtspinsel-lidschattenpinsel-augenpinsel-synthetische-haar-kosmetik-pinselsets-eyeshadow-eyeliner-gesichtspuder-16-stueck-rosa-gold\/#primaryimage"},"thumbnailUrl":"https:\/\/m.media-amazon.com\/images\/I\/51fV2tPImhL._SL500_.jpg","datePublished":"2021-09-13T17:59:46+00:00","dateModified":"2023-04-10T23:46:11+00:00","description":"Markt-XXL Pinselset Makeup Rosa Gold, Professionelle Make Up Pinsel Set mit Gesichtspinsel, Schminkpinsel Set mit\u2026","breadcrumb":{"@id":"https:\/\/marktxxl.de\/markt\/produkt\/bestope-pinselset-make-up-pinsel-set-professionelle-mit-gesichtspinsel-lidschattenpinsel-augenpinsel-synthetische-haar-kosmetik-pinselsets-eyeshadow-eyeliner-gesichtspuder-16-stueck-rosa-gold\/#breadcrumb"},"inLanguage":"de","potentialAction":[{"@type":"ReadAction","target":["https:\/\/marktxxl.de\/markt\/produkt\/bestope-pinselset-make-up-pinsel-set-professionelle-mit-gesichtspinsel-lidschattenpinsel-augenpinsel-synthetische-haar-kosmetik-pinselsets-eyeshadow-eyeliner-gesichtspuder-16-stueck-rosa-gold\/"]}]},{"@type":"ImageObject","inLanguage":"de","@id":"https:\/\/marktxxl.de\/markt\/produkt\/bestope-pinselset-make-up-pinsel-set-professionelle-mit-gesichtspinsel-lidschattenpinsel-augenpinsel-synthetische-haar-kosmetik-pinselsets-eyeshadow-eyeliner-gesichtspuder-16-stueck-rosa-gold\/#primaryimage","url":"https:\/\/m.media-amazon.com\/images\/I\/51fV2tPImhL._SL500_.jpg","contentUrl":"https:\/\/m.media-amazon.com\/images\/I\/51fV2tPImhL._SL500_.jpg","width":500,"height":500},{"@type":"BreadcrumbList","@id":"https:\/\/marktxxl.de\/markt\/produkt\/bestope-pinselset-make-up-pinsel-set-professionelle-mit-gesichtspinsel-lidschattenpinsel-augenpinsel-synthetische-haar-kosmetik-pinselsets-eyeshadow-eyeliner-gesichtspuder-16-stueck-rosa-gold\/#breadcrumb","itemListElement":[{"@type":"ListItem","position":1,"name":"Startseite","item":"https:\/\/marktxxl.de\/markt\/"},{"@type":"ListItem","position":2,"name":"Markt","item":"https:\/\/marktxxl.de\/markt\/"},{"@type":"ListItem","position":3,"name":"Pinselset Makeup Rosa Gold, Professionelle Make Up Pinsel Set mit Gesichtspinsel, Schminkpinsel Set mit\u2026"}]},{"@type":"WebSite","@id":"https:\/\/marktxxl.de\/markt\/#website","url":"https:\/\/marktxxl.de\/markt\/","name":"Markt-XXL","description":"Ihr Markt Online","publisher":{"@id":"https:\/\/marktxxl.de\/markt\/#organization"},"potentialAction":[{"@type":"SearchAction","target":{"@type":"EntryPoint","urlTemplate":"https:\/\/marktxxl.de\/markt\/?s={search_term_string}"},"query-input":{"@type":"PropertyValueSpecification","valueRequired":true,"valueName":"search_term_string"}}],"inLanguage":"de"},{"@type":"Organization","@id":"https:\/\/marktxxl.de\/markt\/#organization","name":"Markt-XXL","url":"https:\/\/marktxxl.de\/markt\/","logo":{"@type":"ImageObject","inLanguage":"de","@id":"https:\/\/marktxxl.de\/markt\/#\/schema\/logo\/image\/","url":"https:\/\/marktxxl.de\/markt\/wp-content\/uploads\/sites\/3\/2020\/12\/logo.png","contentUrl":"https:\/\/marktxxl.de\/markt\/wp-content\/uploads\/sites\/3\/2020\/12\/logo.png","width":200,"height":70,"caption":"Markt-XXL"},"image":{"@id":"https:\/\/marktxxl.de\/markt\/#\/schema\/logo\/image\/"}}]}},"_links":{"self":[{"href":"https:\/\/marktxxl.de\/markt\/wp-json\/wp\/v2\/product\/32881","targetHints":{"allow":["GET"]}}],"collection":[{"href":"https:\/\/marktxxl.de\/markt\/wp-json\/wp\/v2\/product"}],"about":[{"href":"https:\/\/marktxxl.de\/markt\/wp-json\/wp\/v2\/types\/product"}],"replies":[{"embeddable":true,"href":"https:\/\/marktxxl.de\/markt\/wp-json\/wp\/v2\/comments?post=32881"}],"wp:featuredmedia":[{"embeddable":true,"href":"https:\/\/marktxxl.de\/markt\/wp-json\/wp\/v2\/media\/32882"}],"wp:attachment":[{"href":"https:\/\/marktxxl.de\/markt\/wp-json\/wp\/v2\/media?parent=32881"}],"wp:term":[{"taxonomy":"product_brand","embeddable":true,"href":"https:\/\/marktxxl.de\/markt\/wp-json\/wp\/v2\/product_brand?post=32881"},{"taxonomy":"product_cat","embeddable":true,"href":"https:\/\/marktxxl.de\/markt\/wp-json\/wp\/v2\/product_cat?post=32881"},{"taxonomy":"product_tag","embeddable":true,"href":"https:\/\/marktxxl.de\/markt\/wp-json\/wp\/v2\/product_tag?post=32881"}],"curies":[{"name":"wp","href":"https:\/\/api.w.org\/{rel}","templated":true}]}}