{"id":32861,"date":"2021-09-13T19:59:41","date_gmt":"2021-09-13T17:59:41","guid":{"rendered":"https:\/\/marktxxl.de\/markt\/produkt\/3-stueck-50ml-spruehflasche-transparente-leer-feinen-nebel-spruehflasche-reise-zerstaeuber-klein-plastik-nebel-parfuemzerstaeuber-sprayflasche-fuer-wasser-alkohol\/"},"modified":"2023-04-11T01:46:10","modified_gmt":"2023-04-10T23:46:10","slug":"3-stueck-50ml-spruehflasche-transparente-leer-feinen-nebel-spruehflasche-reise-zerstaeuber-klein-plastik-nebel-parfuemzerstaeuber-sprayflasche-fuer-wasser-alkohol","status":"publish","type":"product","link":"https:\/\/marktxxl.de\/markt\/produkt\/3-stueck-50ml-spruehflasche-transparente-leer-feinen-nebel-spruehflasche-reise-zerstaeuber-klein-plastik-nebel-parfuemzerstaeuber-sprayflasche-fuer-wasser-alkohol\/","title":{"rendered":"3 St\u00fcck 50ml Spr\u00fchflasche Transparente Leer Feinen Nebel Spr\u00fchflasche Reise Zerst\u00e4uber Klein Plastik Nebel\u2026"},"content":{"rendered":"<p>50ml Zerst\u00e4uber Spr\u00fchflasche Lee Transparenter Zerst\u00e4uberflasche Sprayflasche nachf\u00fcllbar Feinen Nebel Parfumzerst\u00e4uber Tragbares Reiseflaschen Set f\u00fcr Make-up Wasser Alkohol<br \/>\nDer Parf\u00fcmzerst\u00e4uber besteht aus BPA-freiem Kunststoff. Die verbesserte Spr\u00fchd\u00fcse erzeugt einen sehr feinen Nebel, der gleichm\u00e4\u00dfig verteilt ist. Dieser leere Parf\u00fcmzerst\u00e4uber ist langlebig und kann wiederverwendet werden<br \/>\nDiese Alkohol Plastikspr\u00fchflasche passt zum Flaschenmund, um ein Auslaufen zu verhindern. Sie m\u00fcssen sich keine Sorgen \u00fcber Undichtigkeiten machen, wenn Sie die kleine Spr\u00fchflasche in Ihre Tasche stecken.<br \/>\nPraktisch zu bedienen &#8211; Der Zerst\u00e4uber Spr\u00fchbereich ist breit, der Wassernebel ist ultrafein, der glatte Flaschenk\u00f6rper bietet Ihnen gute Ber\u00fchrungsm\u00f6glichkeiten.<br \/>\nWeit verbreitete Anwendungen &#8211; Sie k\u00f6nnen diese Flaschen zum F\u00fcllen von Wasser, Alkohol, Parf\u00fcm, Aftershave, Lotion, Reinigungssprays, Bastelspraytinten usw, zerst\u00e4ubte Topfpflanzen und Blumen. Klein und leicht und kann auf Gesch\u00e4ftsreise getragen werden, sehr n\u00fctzliche Kosmetikflaschen, Parf\u00fcmflaschen.<br \/>\n<div class=\"main-cross-sell\" data-asin=\"B085PSNW39\">\n\n\t<div class=\"WooZone-cross-sell-loader\">\n\t\t<div>\n\t\t\t<div id=\"floatingBarsG\">\n\t\t\t\t<div class=\"blockG\" id=\"rotateG_01\"><\/div>\n\t\t\t\t<div class=\"blockG\" id=\"rotateG_02\"><\/div>\n\t\t\t\t<div class=\"blockG\" id=\"rotateG_03\"><\/div>\n\t\t\t\t<div class=\"blockG\" id=\"rotateG_04\"><\/div>\n\t\t\t\t<div class=\"blockG\" id=\"rotateG_05\"><\/div>\n\t\t\t\t<div class=\"blockG\" id=\"rotateG_06\"><\/div>\n\t\t\t\t<div class=\"blockG\" id=\"rotateG_07\"><\/div>\n\t\t\t\t<div class=\"blockG\" id=\"rotateG_08\"><\/div>\n\t\t\t<\/div>\n\t\t\t<div class=\"WooZone-cross-sell-loader-text\"><\/div>\n\t\t<\/div>\n\t<\/div>\n\n\t\t\n<\/div>\n<div style=\"clear:both;\"><\/div><\/p>\n","protected":false},"excerpt":{"rendered":"<p>50ml Zerst\u00e4uber Spr\u00fchflasche Lee Transparenter Zerst\u00e4uberflasche Sprayflasche nachf\u00fcllbar Feinen Nebel Parfumzerst\u00e4uber Tragbares Reiseflaschen Set f\u00fcr Make-up Wasser Alkohol<br \/>\nDer Parf\u00fcmzerst\u00e4uber besteht aus BPA-freiem Kunststoff. Die verbesserte Spr\u00fchd\u00fcse erzeugt einen sehr feinen Nebel, der gleichm\u00e4\u00dfig verteilt ist. Dieser leere Parf\u00fcmzerst\u00e4uber ist langlebig und kann wiederverwendet werden<br \/>\nDiese Alkohol Plastikspr\u00fchflasche passt zum Flaschenmund, um ein Auslaufen zu verhindern. Sie m\u00fcssen sich keine Sorgen \u00fcber Undichtigkeiten machen, wenn Sie die kleine Spr\u00fchflasche in Ihre Tasche stecken.<\/p>\n","protected":false},"featured_media":32862,"comment_status":"open","ping_status":"closed","template":"","meta":[],"product_brand":[],"product_cat":[2858,7726],"product_tag":[],"class_list":{"0":"post-32861","1":"product","2":"type-product","3":"status-publish","4":"has-post-thumbnail","6":"product_cat-beauty","7":"product_cat-zubehoer-beauty","8":"pa_brand-wiwj","9":"pa_color-transparent","10":"pa_manufacturer-wiwj","11":"pa_size-3-stueck-1er-pack","12":"pa_weight-0-0220462262-pfund","14":"first","15":"instock","16":"shipping-taxable","17":"purchasable","18":"product-type-simple","19":"customify-col","20":"product-has-gallery"},"yoast_head":"<!-- This site is optimized with the Yoast SEO plugin v27.4 - https:\/\/yoast.com\/product\/yoast-seo-wordpress\/ -->\n<title>3 St\u00fcck 50ml Spr\u00fchflasche Transparente Leer Feinen Nebel Spr\u00fchflasche Reise Zerst\u00e4uber Klein Plastik Nebel\u2026 - Markt-XXL<\/title>\n<meta name=\"description\" content=\"Markt-XXL 3 St\u00fcck 50ml Spr\u00fchflasche Transparente Leer Feinen Nebel Spr\u00fchflasche Reise Zerst\u00e4uber Klein Plastik Nebel\u2026\" \/>\n<meta name=\"robots\" content=\"index, follow, max-snippet:-1, max-image-preview:large, max-video-preview:-1\" \/>\n<link rel=\"canonical\" href=\"https:\/\/marktxxl.de\/markt\/produkt\/3-stueck-50ml-spruehflasche-transparente-leer-feinen-nebel-spruehflasche-reise-zerstaeuber-klein-plastik-nebel-parfuemzerstaeuber-sprayflasche-fuer-wasser-alkohol\/\" \/>\n<meta property=\"og:locale\" content=\"de_DE\" \/>\n<meta property=\"og:type\" content=\"article\" \/>\n<meta property=\"og:title\" content=\"3 St\u00fcck 50ml Spr\u00fchflasche Transparente Leer Feinen Nebel Spr\u00fchflasche Reise Zerst\u00e4uber Klein Plastik Nebel\u2026 - Markt-XXL\" \/>\n<meta property=\"og:description\" content=\"Markt-XXL 3 St\u00fcck 50ml Spr\u00fchflasche Transparente Leer Feinen Nebel Spr\u00fchflasche Reise Zerst\u00e4uber Klein Plastik Nebel\u2026\" \/>\n<meta property=\"og:url\" content=\"https:\/\/marktxxl.de\/markt\/produkt\/3-stueck-50ml-spruehflasche-transparente-leer-feinen-nebel-spruehflasche-reise-zerstaeuber-klein-plastik-nebel-parfuemzerstaeuber-sprayflasche-fuer-wasser-alkohol\/\" \/>\n<meta property=\"og:site_name\" content=\"Markt-XXL\" \/>\n<meta property=\"article:modified_time\" content=\"2023-04-10T23:46:10+00:00\" \/>\n<meta property=\"og:image\" content=\"https:\/\/m.media-amazon.com\/images\/I\/412lSCRqjgL._SL500_.jpg\" \/>\n\t<meta property=\"og:image:width\" content=\"500\" \/>\n\t<meta property=\"og:image:height\" content=\"500\" \/>\n\t<meta property=\"og:image:type\" content=\"image\/jpeg\" \/>\n<meta name=\"twitter:card\" content=\"summary_large_image\" \/>\n<meta name=\"twitter:label1\" content=\"Gesch\u00e4tzte Lesezeit\" \/>\n\t<meta name=\"twitter:data1\" content=\"1\u00a0Minute\" \/>\n<script type=\"application\/ld+json\" class=\"yoast-schema-graph\">{\"@context\":\"https:\\\/\\\/schema.org\",\"@graph\":[{\"@type\":\"WebPage\",\"@id\":\"https:\\\/\\\/marktxxl.de\\\/markt\\\/produkt\\\/3-stueck-50ml-spruehflasche-transparente-leer-feinen-nebel-spruehflasche-reise-zerstaeuber-klein-plastik-nebel-parfuemzerstaeuber-sprayflasche-fuer-wasser-alkohol\\\/\",\"url\":\"https:\\\/\\\/marktxxl.de\\\/markt\\\/produkt\\\/3-stueck-50ml-spruehflasche-transparente-leer-feinen-nebel-spruehflasche-reise-zerstaeuber-klein-plastik-nebel-parfuemzerstaeuber-sprayflasche-fuer-wasser-alkohol\\\/\",\"name\":\"3 St\u00fcck 50ml Spr\u00fchflasche Transparente Leer Feinen Nebel Spr\u00fchflasche Reise Zerst\u00e4uber Klein Plastik Nebel\u2026 - Markt-XXL\",\"isPartOf\":{\"@id\":\"https:\\\/\\\/marktxxl.de\\\/markt\\\/#website\"},\"primaryImageOfPage\":{\"@id\":\"https:\\\/\\\/marktxxl.de\\\/markt\\\/produkt\\\/3-stueck-50ml-spruehflasche-transparente-leer-feinen-nebel-spruehflasche-reise-zerstaeuber-klein-plastik-nebel-parfuemzerstaeuber-sprayflasche-fuer-wasser-alkohol\\\/#primaryimage\"},\"image\":{\"@id\":\"https:\\\/\\\/marktxxl.de\\\/markt\\\/produkt\\\/3-stueck-50ml-spruehflasche-transparente-leer-feinen-nebel-spruehflasche-reise-zerstaeuber-klein-plastik-nebel-parfuemzerstaeuber-sprayflasche-fuer-wasser-alkohol\\\/#primaryimage\"},\"thumbnailUrl\":\"https:\\\/\\\/m.media-amazon.com\\\/images\\\/I\\\/412lSCRqjgL._SL500_.jpg\",\"datePublished\":\"2021-09-13T17:59:41+00:00\",\"dateModified\":\"2023-04-10T23:46:10+00:00\",\"description\":\"Markt-XXL 3 St\u00fcck 50ml Spr\u00fchflasche Transparente Leer Feinen Nebel Spr\u00fchflasche Reise Zerst\u00e4uber Klein Plastik Nebel\u2026\",\"breadcrumb\":{\"@id\":\"https:\\\/\\\/marktxxl.de\\\/markt\\\/produkt\\\/3-stueck-50ml-spruehflasche-transparente-leer-feinen-nebel-spruehflasche-reise-zerstaeuber-klein-plastik-nebel-parfuemzerstaeuber-sprayflasche-fuer-wasser-alkohol\\\/#breadcrumb\"},\"inLanguage\":\"de\",\"potentialAction\":[{\"@type\":\"ReadAction\",\"target\":[\"https:\\\/\\\/marktxxl.de\\\/markt\\\/produkt\\\/3-stueck-50ml-spruehflasche-transparente-leer-feinen-nebel-spruehflasche-reise-zerstaeuber-klein-plastik-nebel-parfuemzerstaeuber-sprayflasche-fuer-wasser-alkohol\\\/\"]}]},{\"@type\":\"ImageObject\",\"inLanguage\":\"de\",\"@id\":\"https:\\\/\\\/marktxxl.de\\\/markt\\\/produkt\\\/3-stueck-50ml-spruehflasche-transparente-leer-feinen-nebel-spruehflasche-reise-zerstaeuber-klein-plastik-nebel-parfuemzerstaeuber-sprayflasche-fuer-wasser-alkohol\\\/#primaryimage\",\"url\":\"https:\\\/\\\/m.media-amazon.com\\\/images\\\/I\\\/412lSCRqjgL._SL500_.jpg\",\"contentUrl\":\"https:\\\/\\\/m.media-amazon.com\\\/images\\\/I\\\/412lSCRqjgL._SL500_.jpg\",\"width\":500,\"height\":500},{\"@type\":\"BreadcrumbList\",\"@id\":\"https:\\\/\\\/marktxxl.de\\\/markt\\\/produkt\\\/3-stueck-50ml-spruehflasche-transparente-leer-feinen-nebel-spruehflasche-reise-zerstaeuber-klein-plastik-nebel-parfuemzerstaeuber-sprayflasche-fuer-wasser-alkohol\\\/#breadcrumb\",\"itemListElement\":[{\"@type\":\"ListItem\",\"position\":1,\"name\":\"Startseite\",\"item\":\"https:\\\/\\\/marktxxl.de\\\/markt\\\/\"},{\"@type\":\"ListItem\",\"position\":2,\"name\":\"Markt\",\"item\":\"https:\\\/\\\/marktxxl.de\\\/markt\\\/\"},{\"@type\":\"ListItem\",\"position\":3,\"name\":\"3 St\u00fcck 50ml Spr\u00fchflasche Transparente Leer Feinen Nebel Spr\u00fchflasche Reise Zerst\u00e4uber Klein Plastik Nebel\u2026\"}]},{\"@type\":\"WebSite\",\"@id\":\"https:\\\/\\\/marktxxl.de\\\/markt\\\/#website\",\"url\":\"https:\\\/\\\/marktxxl.de\\\/markt\\\/\",\"name\":\"Markt-XXL\",\"description\":\"Ihr Markt Online\",\"publisher\":{\"@id\":\"https:\\\/\\\/marktxxl.de\\\/markt\\\/#organization\"},\"potentialAction\":[{\"@type\":\"SearchAction\",\"target\":{\"@type\":\"EntryPoint\",\"urlTemplate\":\"https:\\\/\\\/marktxxl.de\\\/markt\\\/?s={search_term_string}\"},\"query-input\":{\"@type\":\"PropertyValueSpecification\",\"valueRequired\":true,\"valueName\":\"search_term_string\"}}],\"inLanguage\":\"de\"},{\"@type\":\"Organization\",\"@id\":\"https:\\\/\\\/marktxxl.de\\\/markt\\\/#organization\",\"name\":\"Markt-XXL\",\"url\":\"https:\\\/\\\/marktxxl.de\\\/markt\\\/\",\"logo\":{\"@type\":\"ImageObject\",\"inLanguage\":\"de\",\"@id\":\"https:\\\/\\\/marktxxl.de\\\/markt\\\/#\\\/schema\\\/logo\\\/image\\\/\",\"url\":\"https:\\\/\\\/marktxxl.de\\\/markt\\\/wp-content\\\/uploads\\\/sites\\\/3\\\/2020\\\/12\\\/logo.png\",\"contentUrl\":\"https:\\\/\\\/marktxxl.de\\\/markt\\\/wp-content\\\/uploads\\\/sites\\\/3\\\/2020\\\/12\\\/logo.png\",\"width\":200,\"height\":70,\"caption\":\"Markt-XXL\"},\"image\":{\"@id\":\"https:\\\/\\\/marktxxl.de\\\/markt\\\/#\\\/schema\\\/logo\\\/image\\\/\"}}]}<\/script>\n<!-- \/ Yoast SEO plugin. -->","yoast_head_json":{"title":"3 St\u00fcck 50ml Spr\u00fchflasche Transparente Leer Feinen Nebel Spr\u00fchflasche Reise Zerst\u00e4uber Klein Plastik Nebel\u2026 - Markt-XXL","description":"Markt-XXL 3 St\u00fcck 50ml Spr\u00fchflasche Transparente Leer Feinen Nebel Spr\u00fchflasche Reise Zerst\u00e4uber Klein Plastik Nebel\u2026","robots":{"index":"index","follow":"follow","max-snippet":"max-snippet:-1","max-image-preview":"max-image-preview:large","max-video-preview":"max-video-preview:-1"},"canonical":"https:\/\/marktxxl.de\/markt\/produkt\/3-stueck-50ml-spruehflasche-transparente-leer-feinen-nebel-spruehflasche-reise-zerstaeuber-klein-plastik-nebel-parfuemzerstaeuber-sprayflasche-fuer-wasser-alkohol\/","og_locale":"de_DE","og_type":"article","og_title":"3 St\u00fcck 50ml Spr\u00fchflasche Transparente Leer Feinen Nebel Spr\u00fchflasche Reise Zerst\u00e4uber Klein Plastik Nebel\u2026 - Markt-XXL","og_description":"Markt-XXL 3 St\u00fcck 50ml Spr\u00fchflasche Transparente Leer Feinen Nebel Spr\u00fchflasche Reise Zerst\u00e4uber Klein Plastik Nebel\u2026","og_url":"https:\/\/marktxxl.de\/markt\/produkt\/3-stueck-50ml-spruehflasche-transparente-leer-feinen-nebel-spruehflasche-reise-zerstaeuber-klein-plastik-nebel-parfuemzerstaeuber-sprayflasche-fuer-wasser-alkohol\/","og_site_name":"Markt-XXL","article_modified_time":"2023-04-10T23:46:10+00:00","og_image":[{"width":500,"height":500,"url":"https:\/\/m.media-amazon.com\/images\/I\/412lSCRqjgL._SL500_.jpg","type":"image\/jpeg"}],"twitter_card":"summary_large_image","twitter_misc":{"Gesch\u00e4tzte Lesezeit":"1\u00a0Minute"},"schema":{"@context":"https:\/\/schema.org","@graph":[{"@type":"WebPage","@id":"https:\/\/marktxxl.de\/markt\/produkt\/3-stueck-50ml-spruehflasche-transparente-leer-feinen-nebel-spruehflasche-reise-zerstaeuber-klein-plastik-nebel-parfuemzerstaeuber-sprayflasche-fuer-wasser-alkohol\/","url":"https:\/\/marktxxl.de\/markt\/produkt\/3-stueck-50ml-spruehflasche-transparente-leer-feinen-nebel-spruehflasche-reise-zerstaeuber-klein-plastik-nebel-parfuemzerstaeuber-sprayflasche-fuer-wasser-alkohol\/","name":"3 St\u00fcck 50ml Spr\u00fchflasche Transparente Leer Feinen Nebel Spr\u00fchflasche Reise Zerst\u00e4uber Klein Plastik Nebel\u2026 - Markt-XXL","isPartOf":{"@id":"https:\/\/marktxxl.de\/markt\/#website"},"primaryImageOfPage":{"@id":"https:\/\/marktxxl.de\/markt\/produkt\/3-stueck-50ml-spruehflasche-transparente-leer-feinen-nebel-spruehflasche-reise-zerstaeuber-klein-plastik-nebel-parfuemzerstaeuber-sprayflasche-fuer-wasser-alkohol\/#primaryimage"},"image":{"@id":"https:\/\/marktxxl.de\/markt\/produkt\/3-stueck-50ml-spruehflasche-transparente-leer-feinen-nebel-spruehflasche-reise-zerstaeuber-klein-plastik-nebel-parfuemzerstaeuber-sprayflasche-fuer-wasser-alkohol\/#primaryimage"},"thumbnailUrl":"https:\/\/m.media-amazon.com\/images\/I\/412lSCRqjgL._SL500_.jpg","datePublished":"2021-09-13T17:59:41+00:00","dateModified":"2023-04-10T23:46:10+00:00","description":"Markt-XXL 3 St\u00fcck 50ml Spr\u00fchflasche Transparente Leer Feinen Nebel Spr\u00fchflasche Reise Zerst\u00e4uber Klein Plastik Nebel\u2026","breadcrumb":{"@id":"https:\/\/marktxxl.de\/markt\/produkt\/3-stueck-50ml-spruehflasche-transparente-leer-feinen-nebel-spruehflasche-reise-zerstaeuber-klein-plastik-nebel-parfuemzerstaeuber-sprayflasche-fuer-wasser-alkohol\/#breadcrumb"},"inLanguage":"de","potentialAction":[{"@type":"ReadAction","target":["https:\/\/marktxxl.de\/markt\/produkt\/3-stueck-50ml-spruehflasche-transparente-leer-feinen-nebel-spruehflasche-reise-zerstaeuber-klein-plastik-nebel-parfuemzerstaeuber-sprayflasche-fuer-wasser-alkohol\/"]}]},{"@type":"ImageObject","inLanguage":"de","@id":"https:\/\/marktxxl.de\/markt\/produkt\/3-stueck-50ml-spruehflasche-transparente-leer-feinen-nebel-spruehflasche-reise-zerstaeuber-klein-plastik-nebel-parfuemzerstaeuber-sprayflasche-fuer-wasser-alkohol\/#primaryimage","url":"https:\/\/m.media-amazon.com\/images\/I\/412lSCRqjgL._SL500_.jpg","contentUrl":"https:\/\/m.media-amazon.com\/images\/I\/412lSCRqjgL._SL500_.jpg","width":500,"height":500},{"@type":"BreadcrumbList","@id":"https:\/\/marktxxl.de\/markt\/produkt\/3-stueck-50ml-spruehflasche-transparente-leer-feinen-nebel-spruehflasche-reise-zerstaeuber-klein-plastik-nebel-parfuemzerstaeuber-sprayflasche-fuer-wasser-alkohol\/#breadcrumb","itemListElement":[{"@type":"ListItem","position":1,"name":"Startseite","item":"https:\/\/marktxxl.de\/markt\/"},{"@type":"ListItem","position":2,"name":"Markt","item":"https:\/\/marktxxl.de\/markt\/"},{"@type":"ListItem","position":3,"name":"3 St\u00fcck 50ml Spr\u00fchflasche Transparente Leer Feinen Nebel Spr\u00fchflasche Reise Zerst\u00e4uber Klein Plastik Nebel\u2026"}]},{"@type":"WebSite","@id":"https:\/\/marktxxl.de\/markt\/#website","url":"https:\/\/marktxxl.de\/markt\/","name":"Markt-XXL","description":"Ihr Markt Online","publisher":{"@id":"https:\/\/marktxxl.de\/markt\/#organization"},"potentialAction":[{"@type":"SearchAction","target":{"@type":"EntryPoint","urlTemplate":"https:\/\/marktxxl.de\/markt\/?s={search_term_string}"},"query-input":{"@type":"PropertyValueSpecification","valueRequired":true,"valueName":"search_term_string"}}],"inLanguage":"de"},{"@type":"Organization","@id":"https:\/\/marktxxl.de\/markt\/#organization","name":"Markt-XXL","url":"https:\/\/marktxxl.de\/markt\/","logo":{"@type":"ImageObject","inLanguage":"de","@id":"https:\/\/marktxxl.de\/markt\/#\/schema\/logo\/image\/","url":"https:\/\/marktxxl.de\/markt\/wp-content\/uploads\/sites\/3\/2020\/12\/logo.png","contentUrl":"https:\/\/marktxxl.de\/markt\/wp-content\/uploads\/sites\/3\/2020\/12\/logo.png","width":200,"height":70,"caption":"Markt-XXL"},"image":{"@id":"https:\/\/marktxxl.de\/markt\/#\/schema\/logo\/image\/"}}]}},"_links":{"self":[{"href":"https:\/\/marktxxl.de\/markt\/wp-json\/wp\/v2\/product\/32861","targetHints":{"allow":["GET"]}}],"collection":[{"href":"https:\/\/marktxxl.de\/markt\/wp-json\/wp\/v2\/product"}],"about":[{"href":"https:\/\/marktxxl.de\/markt\/wp-json\/wp\/v2\/types\/product"}],"replies":[{"embeddable":true,"href":"https:\/\/marktxxl.de\/markt\/wp-json\/wp\/v2\/comments?post=32861"}],"wp:featuredmedia":[{"embeddable":true,"href":"https:\/\/marktxxl.de\/markt\/wp-json\/wp\/v2\/media\/32862"}],"wp:attachment":[{"href":"https:\/\/marktxxl.de\/markt\/wp-json\/wp\/v2\/media?parent=32861"}],"wp:term":[{"taxonomy":"product_brand","embeddable":true,"href":"https:\/\/marktxxl.de\/markt\/wp-json\/wp\/v2\/product_brand?post=32861"},{"taxonomy":"product_cat","embeddable":true,"href":"https:\/\/marktxxl.de\/markt\/wp-json\/wp\/v2\/product_cat?post=32861"},{"taxonomy":"product_tag","embeddable":true,"href":"https:\/\/marktxxl.de\/markt\/wp-json\/wp\/v2\/product_tag?post=32861"}],"curies":[{"name":"wp","href":"https:\/\/api.w.org\/{rel}","templated":true}]}}