{"id":32766,"date":"2021-09-13T19:57:25","date_gmt":"2021-09-13T17:57:25","guid":{"rendered":"https:\/\/marktxxl.de\/markt\/produkt\/savita-50-gramm-make-up-nagel-koerper-glitter-flakes-pailletten-fuer-diy-crafts-festival-dekoration-gruen\/"},"modified":"2023-04-10T01:30:39","modified_gmt":"2023-04-09T23:30:39","slug":"savita-50-gramm-make-up-nagel-koerper-glitter-flakes-pailletten-fuer-diy-crafts-festival-dekoration-gruen","status":"publish","type":"product","link":"https:\/\/marktxxl.de\/markt\/produkt\/savita-50-gramm-make-up-nagel-koerper-glitter-flakes-pailletten-fuer-diy-crafts-festival-dekoration-gruen\/","title":{"rendered":"SAVITA 50 Gramm Make-up Nagel K\u00f6rper Glitter Flakes Pailletten f\u00fcr DIY Crafts Festival Dekoration (Gr\u00fcn)"},"content":{"rendered":"<p>\u3010Verpackungsinhalt\u3011 Sie erhalten 1 Beutel Unkrautblattglitter mit einem Gewicht von 50 Gramm, eine gute Verpackung und eine ausreichende Menge, um Ihre dekorativen Anforderungen zu erf\u00fcllen.<br \/>\n\u3010Glitzer-Design\u3011 Die Glitzer in Form eines Unkrautblatts zeichnen sich durch ein helles und lebendiges Gr\u00fcn aus und zeigen einen erstaunlichen Bling-Effekt auf Ihre Nagel- oder K\u00f6rperkunst.<br \/>\n\u3010Premium-Material\u3011 Hergestellt aus hochfesten Pigmenten, auff\u00e4lliger Glanz mit schillerndem Glanz, langlebig und wiederverwendbar. Einmal auf Ihren K\u00f6rper aufgetragen, k\u00f6nnen diese Glitzerflocken mehrere Stunden lang konstant bleiben.<br \/>\n\u3010Einfach zu bedienen\u3011 Sie k\u00f6nnen nur den K\u00f6rperkleber, kosmetische Glitzerkleber und Grundierungen ben\u00f6tigen, um diese Glitzerflocken f\u00fcr die Dekoration von Nail Body Art aufzutragen. Es kann leicht mit etwas Wasser und einem Waschlappen abgewaschen werden.<br \/>\n\u3010Breite Anwendung\u3011 Paillettenglitter k\u00f6nnen als Lidschattenglitter, K\u00f6rperglitter, Gesichtsglitter, Nagelglitter, Haarglitter, Kosmetikglitter, Kunsthandwerk, Partydekoration und mehr bei vielen Gelegenheiten verwendet werden, wie Weihnachten, Halloween, B\u00fchnenauff\u00fchrung, Konzerte, Tanzparty usw.<br \/>\n<div class=\"main-cross-sell\" data-asin=\"B08J3V6FXZ\">\n\n\t<div class=\"WooZone-cross-sell-loader\">\n\t\t<div>\n\t\t\t<div id=\"floatingBarsG\">\n\t\t\t\t<div class=\"blockG\" id=\"rotateG_01\"><\/div>\n\t\t\t\t<div class=\"blockG\" id=\"rotateG_02\"><\/div>\n\t\t\t\t<div class=\"blockG\" id=\"rotateG_03\"><\/div>\n\t\t\t\t<div class=\"blockG\" id=\"rotateG_04\"><\/div>\n\t\t\t\t<div class=\"blockG\" id=\"rotateG_05\"><\/div>\n\t\t\t\t<div class=\"blockG\" id=\"rotateG_06\"><\/div>\n\t\t\t\t<div class=\"blockG\" id=\"rotateG_07\"><\/div>\n\t\t\t\t<div class=\"blockG\" id=\"rotateG_08\"><\/div>\n\t\t\t<\/div>\n\t\t\t<div class=\"WooZone-cross-sell-loader-text\"><\/div>\n\t\t<\/div>\n\t<\/div>\n\n\t\t\n<\/div>\n<div style=\"clear:both;\"><\/div><\/p>\n","protected":false},"excerpt":{"rendered":"<p>\u3010Verpackungsinhalt\u3011 Sie erhalten 1 Beutel Unkrautblattglitter mit einem Gewicht von 50 Gramm, eine gute Verpackung und eine ausreichende Menge, um Ihre dekorativen Anforderungen zu erf\u00fcllen.<br \/>\n\u3010Glitzer-Design\u3011 Die Glitzer in Form eines Unkrautblatts zeichnen sich durch ein helles und lebendiges Gr\u00fcn aus und zeigen einen erstaunlichen Bling-Effekt auf Ihre Nagel- oder K\u00f6rperkunst.<br \/>\n\u3010Premium-Material\u3011 Hergestellt aus hochfesten Pigmenten, auff\u00e4lliger Glanz mit schillerndem Glanz, langlebig und wiederverwendbar. Einmal auf Ihren K\u00f6rper aufgetragen, k\u00f6nnen diese Glitzerflocken mehrere Stunden lang konstant bleiben.<\/p>\n","protected":false},"featured_media":32767,"comment_status":"open","ping_status":"closed","template":"","meta":[],"product_brand":[],"product_cat":[2858,7575],"product_tag":[],"class_list":{"0":"post-32766","1":"product","2":"type-product","3":"status-publish","4":"has-post-thumbnail","6":"product_cat-beauty","7":"product_cat-make-up","8":"pa_brand-savita","9":"pa_height-0-5905511805-zoll","10":"pa_length-4-5275590505-zoll","11":"pa_manufacturer-savita","12":"pa_size-50-g-1er-pack","13":"pa_width-2-9527559025-zoll","15":"first","16":"instock","17":"shipping-taxable","18":"purchasable","19":"product-type-simple","20":"customify-col","21":"product-has-gallery"},"yoast_head":"<!-- This site is optimized with the Yoast SEO plugin v27.4 - https:\/\/yoast.com\/product\/yoast-seo-wordpress\/ -->\n<title>SAVITA 50 Gramm Make-up Nagel K\u00f6rper Glitter Flakes Pailletten f\u00fcr DIY Crafts Festival Dekoration (Gr\u00fcn) - Markt-XXL<\/title>\n<meta name=\"description\" content=\"Markt-XXL SAVITA 50 Gramm Make-up Nagel K\u00f6rper Glitter Flakes Pailletten f\u00fcr DIY Crafts Festival Dekoration (Gr\u00fcn)\" \/>\n<meta name=\"robots\" content=\"index, follow, max-snippet:-1, max-image-preview:large, max-video-preview:-1\" \/>\n<link rel=\"canonical\" href=\"https:\/\/marktxxl.de\/markt\/produkt\/savita-50-gramm-make-up-nagel-koerper-glitter-flakes-pailletten-fuer-diy-crafts-festival-dekoration-gruen\/\" \/>\n<meta property=\"og:locale\" content=\"de_DE\" \/>\n<meta property=\"og:type\" content=\"article\" \/>\n<meta property=\"og:title\" content=\"SAVITA 50 Gramm Make-up Nagel K\u00f6rper Glitter Flakes Pailletten f\u00fcr DIY Crafts Festival Dekoration (Gr\u00fcn) - Markt-XXL\" \/>\n<meta property=\"og:description\" content=\"Markt-XXL SAVITA 50 Gramm Make-up Nagel K\u00f6rper Glitter Flakes Pailletten f\u00fcr DIY Crafts Festival Dekoration (Gr\u00fcn)\" \/>\n<meta property=\"og:url\" content=\"https:\/\/marktxxl.de\/markt\/produkt\/savita-50-gramm-make-up-nagel-koerper-glitter-flakes-pailletten-fuer-diy-crafts-festival-dekoration-gruen\/\" \/>\n<meta property=\"og:site_name\" content=\"Markt-XXL\" \/>\n<meta property=\"article:modified_time\" content=\"2023-04-09T23:30:39+00:00\" \/>\n<meta property=\"og:image\" content=\"https:\/\/m.media-amazon.com\/images\/I\/61mCT6yF8EL._SL500_.jpg\" \/>\n\t<meta property=\"og:image:width\" content=\"500\" \/>\n\t<meta property=\"og:image:height\" content=\"500\" \/>\n\t<meta property=\"og:image:type\" content=\"image\/jpeg\" \/>\n<meta name=\"twitter:card\" content=\"summary_large_image\" \/>\n<meta name=\"twitter:label1\" content=\"Gesch\u00e4tzte Lesezeit\" \/>\n\t<meta name=\"twitter:data1\" content=\"1\u00a0Minute\" \/>\n<script type=\"application\/ld+json\" class=\"yoast-schema-graph\">{\"@context\":\"https:\\\/\\\/schema.org\",\"@graph\":[{\"@type\":\"WebPage\",\"@id\":\"https:\\\/\\\/marktxxl.de\\\/markt\\\/produkt\\\/savita-50-gramm-make-up-nagel-koerper-glitter-flakes-pailletten-fuer-diy-crafts-festival-dekoration-gruen\\\/\",\"url\":\"https:\\\/\\\/marktxxl.de\\\/markt\\\/produkt\\\/savita-50-gramm-make-up-nagel-koerper-glitter-flakes-pailletten-fuer-diy-crafts-festival-dekoration-gruen\\\/\",\"name\":\"SAVITA 50 Gramm Make-up Nagel K\u00f6rper Glitter Flakes Pailletten f\u00fcr DIY Crafts Festival Dekoration (Gr\u00fcn) - Markt-XXL\",\"isPartOf\":{\"@id\":\"https:\\\/\\\/marktxxl.de\\\/markt\\\/#website\"},\"primaryImageOfPage\":{\"@id\":\"https:\\\/\\\/marktxxl.de\\\/markt\\\/produkt\\\/savita-50-gramm-make-up-nagel-koerper-glitter-flakes-pailletten-fuer-diy-crafts-festival-dekoration-gruen\\\/#primaryimage\"},\"image\":{\"@id\":\"https:\\\/\\\/marktxxl.de\\\/markt\\\/produkt\\\/savita-50-gramm-make-up-nagel-koerper-glitter-flakes-pailletten-fuer-diy-crafts-festival-dekoration-gruen\\\/#primaryimage\"},\"thumbnailUrl\":\"https:\\\/\\\/m.media-amazon.com\\\/images\\\/I\\\/61mCT6yF8EL._SL500_.jpg\",\"datePublished\":\"2021-09-13T17:57:25+00:00\",\"dateModified\":\"2023-04-09T23:30:39+00:00\",\"description\":\"Markt-XXL SAVITA 50 Gramm Make-up Nagel K\u00f6rper Glitter Flakes Pailletten f\u00fcr DIY Crafts Festival Dekoration (Gr\u00fcn)\",\"breadcrumb\":{\"@id\":\"https:\\\/\\\/marktxxl.de\\\/markt\\\/produkt\\\/savita-50-gramm-make-up-nagel-koerper-glitter-flakes-pailletten-fuer-diy-crafts-festival-dekoration-gruen\\\/#breadcrumb\"},\"inLanguage\":\"de\",\"potentialAction\":[{\"@type\":\"ReadAction\",\"target\":[\"https:\\\/\\\/marktxxl.de\\\/markt\\\/produkt\\\/savita-50-gramm-make-up-nagel-koerper-glitter-flakes-pailletten-fuer-diy-crafts-festival-dekoration-gruen\\\/\"]}]},{\"@type\":\"ImageObject\",\"inLanguage\":\"de\",\"@id\":\"https:\\\/\\\/marktxxl.de\\\/markt\\\/produkt\\\/savita-50-gramm-make-up-nagel-koerper-glitter-flakes-pailletten-fuer-diy-crafts-festival-dekoration-gruen\\\/#primaryimage\",\"url\":\"https:\\\/\\\/m.media-amazon.com\\\/images\\\/I\\\/61mCT6yF8EL._SL500_.jpg\",\"contentUrl\":\"https:\\\/\\\/m.media-amazon.com\\\/images\\\/I\\\/61mCT6yF8EL._SL500_.jpg\",\"width\":500,\"height\":500},{\"@type\":\"BreadcrumbList\",\"@id\":\"https:\\\/\\\/marktxxl.de\\\/markt\\\/produkt\\\/savita-50-gramm-make-up-nagel-koerper-glitter-flakes-pailletten-fuer-diy-crafts-festival-dekoration-gruen\\\/#breadcrumb\",\"itemListElement\":[{\"@type\":\"ListItem\",\"position\":1,\"name\":\"Startseite\",\"item\":\"https:\\\/\\\/marktxxl.de\\\/markt\\\/\"},{\"@type\":\"ListItem\",\"position\":2,\"name\":\"Markt\",\"item\":\"https:\\\/\\\/marktxxl.de\\\/markt\\\/\"},{\"@type\":\"ListItem\",\"position\":3,\"name\":\"SAVITA 50 Gramm Make-up Nagel K\u00f6rper Glitter Flakes Pailletten f\u00fcr DIY Crafts Festival Dekoration (Gr\u00fcn)\"}]},{\"@type\":\"WebSite\",\"@id\":\"https:\\\/\\\/marktxxl.de\\\/markt\\\/#website\",\"url\":\"https:\\\/\\\/marktxxl.de\\\/markt\\\/\",\"name\":\"Markt-XXL\",\"description\":\"Ihr Markt Online\",\"publisher\":{\"@id\":\"https:\\\/\\\/marktxxl.de\\\/markt\\\/#organization\"},\"potentialAction\":[{\"@type\":\"SearchAction\",\"target\":{\"@type\":\"EntryPoint\",\"urlTemplate\":\"https:\\\/\\\/marktxxl.de\\\/markt\\\/?s={search_term_string}\"},\"query-input\":{\"@type\":\"PropertyValueSpecification\",\"valueRequired\":true,\"valueName\":\"search_term_string\"}}],\"inLanguage\":\"de\"},{\"@type\":\"Organization\",\"@id\":\"https:\\\/\\\/marktxxl.de\\\/markt\\\/#organization\",\"name\":\"Markt-XXL\",\"url\":\"https:\\\/\\\/marktxxl.de\\\/markt\\\/\",\"logo\":{\"@type\":\"ImageObject\",\"inLanguage\":\"de\",\"@id\":\"https:\\\/\\\/marktxxl.de\\\/markt\\\/#\\\/schema\\\/logo\\\/image\\\/\",\"url\":\"https:\\\/\\\/marktxxl.de\\\/markt\\\/wp-content\\\/uploads\\\/sites\\\/3\\\/2020\\\/12\\\/logo.png\",\"contentUrl\":\"https:\\\/\\\/marktxxl.de\\\/markt\\\/wp-content\\\/uploads\\\/sites\\\/3\\\/2020\\\/12\\\/logo.png\",\"width\":200,\"height\":70,\"caption\":\"Markt-XXL\"},\"image\":{\"@id\":\"https:\\\/\\\/marktxxl.de\\\/markt\\\/#\\\/schema\\\/logo\\\/image\\\/\"}}]}<\/script>\n<!-- \/ Yoast SEO plugin. -->","yoast_head_json":{"title":"SAVITA 50 Gramm Make-up Nagel K\u00f6rper Glitter Flakes Pailletten f\u00fcr DIY Crafts Festival Dekoration (Gr\u00fcn) - Markt-XXL","description":"Markt-XXL SAVITA 50 Gramm Make-up Nagel K\u00f6rper Glitter Flakes Pailletten f\u00fcr DIY Crafts Festival Dekoration (Gr\u00fcn)","robots":{"index":"index","follow":"follow","max-snippet":"max-snippet:-1","max-image-preview":"max-image-preview:large","max-video-preview":"max-video-preview:-1"},"canonical":"https:\/\/marktxxl.de\/markt\/produkt\/savita-50-gramm-make-up-nagel-koerper-glitter-flakes-pailletten-fuer-diy-crafts-festival-dekoration-gruen\/","og_locale":"de_DE","og_type":"article","og_title":"SAVITA 50 Gramm Make-up Nagel K\u00f6rper Glitter Flakes Pailletten f\u00fcr DIY Crafts Festival Dekoration (Gr\u00fcn) - Markt-XXL","og_description":"Markt-XXL SAVITA 50 Gramm Make-up Nagel K\u00f6rper Glitter Flakes Pailletten f\u00fcr DIY Crafts Festival Dekoration (Gr\u00fcn)","og_url":"https:\/\/marktxxl.de\/markt\/produkt\/savita-50-gramm-make-up-nagel-koerper-glitter-flakes-pailletten-fuer-diy-crafts-festival-dekoration-gruen\/","og_site_name":"Markt-XXL","article_modified_time":"2023-04-09T23:30:39+00:00","og_image":[{"width":500,"height":500,"url":"https:\/\/m.media-amazon.com\/images\/I\/61mCT6yF8EL._SL500_.jpg","type":"image\/jpeg"}],"twitter_card":"summary_large_image","twitter_misc":{"Gesch\u00e4tzte Lesezeit":"1\u00a0Minute"},"schema":{"@context":"https:\/\/schema.org","@graph":[{"@type":"WebPage","@id":"https:\/\/marktxxl.de\/markt\/produkt\/savita-50-gramm-make-up-nagel-koerper-glitter-flakes-pailletten-fuer-diy-crafts-festival-dekoration-gruen\/","url":"https:\/\/marktxxl.de\/markt\/produkt\/savita-50-gramm-make-up-nagel-koerper-glitter-flakes-pailletten-fuer-diy-crafts-festival-dekoration-gruen\/","name":"SAVITA 50 Gramm Make-up Nagel K\u00f6rper Glitter Flakes Pailletten f\u00fcr DIY Crafts Festival Dekoration (Gr\u00fcn) - Markt-XXL","isPartOf":{"@id":"https:\/\/marktxxl.de\/markt\/#website"},"primaryImageOfPage":{"@id":"https:\/\/marktxxl.de\/markt\/produkt\/savita-50-gramm-make-up-nagel-koerper-glitter-flakes-pailletten-fuer-diy-crafts-festival-dekoration-gruen\/#primaryimage"},"image":{"@id":"https:\/\/marktxxl.de\/markt\/produkt\/savita-50-gramm-make-up-nagel-koerper-glitter-flakes-pailletten-fuer-diy-crafts-festival-dekoration-gruen\/#primaryimage"},"thumbnailUrl":"https:\/\/m.media-amazon.com\/images\/I\/61mCT6yF8EL._SL500_.jpg","datePublished":"2021-09-13T17:57:25+00:00","dateModified":"2023-04-09T23:30:39+00:00","description":"Markt-XXL SAVITA 50 Gramm Make-up Nagel K\u00f6rper Glitter Flakes Pailletten f\u00fcr DIY Crafts Festival Dekoration (Gr\u00fcn)","breadcrumb":{"@id":"https:\/\/marktxxl.de\/markt\/produkt\/savita-50-gramm-make-up-nagel-koerper-glitter-flakes-pailletten-fuer-diy-crafts-festival-dekoration-gruen\/#breadcrumb"},"inLanguage":"de","potentialAction":[{"@type":"ReadAction","target":["https:\/\/marktxxl.de\/markt\/produkt\/savita-50-gramm-make-up-nagel-koerper-glitter-flakes-pailletten-fuer-diy-crafts-festival-dekoration-gruen\/"]}]},{"@type":"ImageObject","inLanguage":"de","@id":"https:\/\/marktxxl.de\/markt\/produkt\/savita-50-gramm-make-up-nagel-koerper-glitter-flakes-pailletten-fuer-diy-crafts-festival-dekoration-gruen\/#primaryimage","url":"https:\/\/m.media-amazon.com\/images\/I\/61mCT6yF8EL._SL500_.jpg","contentUrl":"https:\/\/m.media-amazon.com\/images\/I\/61mCT6yF8EL._SL500_.jpg","width":500,"height":500},{"@type":"BreadcrumbList","@id":"https:\/\/marktxxl.de\/markt\/produkt\/savita-50-gramm-make-up-nagel-koerper-glitter-flakes-pailletten-fuer-diy-crafts-festival-dekoration-gruen\/#breadcrumb","itemListElement":[{"@type":"ListItem","position":1,"name":"Startseite","item":"https:\/\/marktxxl.de\/markt\/"},{"@type":"ListItem","position":2,"name":"Markt","item":"https:\/\/marktxxl.de\/markt\/"},{"@type":"ListItem","position":3,"name":"SAVITA 50 Gramm Make-up Nagel K\u00f6rper Glitter Flakes Pailletten f\u00fcr DIY Crafts Festival Dekoration (Gr\u00fcn)"}]},{"@type":"WebSite","@id":"https:\/\/marktxxl.de\/markt\/#website","url":"https:\/\/marktxxl.de\/markt\/","name":"Markt-XXL","description":"Ihr Markt Online","publisher":{"@id":"https:\/\/marktxxl.de\/markt\/#organization"},"potentialAction":[{"@type":"SearchAction","target":{"@type":"EntryPoint","urlTemplate":"https:\/\/marktxxl.de\/markt\/?s={search_term_string}"},"query-input":{"@type":"PropertyValueSpecification","valueRequired":true,"valueName":"search_term_string"}}],"inLanguage":"de"},{"@type":"Organization","@id":"https:\/\/marktxxl.de\/markt\/#organization","name":"Markt-XXL","url":"https:\/\/marktxxl.de\/markt\/","logo":{"@type":"ImageObject","inLanguage":"de","@id":"https:\/\/marktxxl.de\/markt\/#\/schema\/logo\/image\/","url":"https:\/\/marktxxl.de\/markt\/wp-content\/uploads\/sites\/3\/2020\/12\/logo.png","contentUrl":"https:\/\/marktxxl.de\/markt\/wp-content\/uploads\/sites\/3\/2020\/12\/logo.png","width":200,"height":70,"caption":"Markt-XXL"},"image":{"@id":"https:\/\/marktxxl.de\/markt\/#\/schema\/logo\/image\/"}}]}},"_links":{"self":[{"href":"https:\/\/marktxxl.de\/markt\/wp-json\/wp\/v2\/product\/32766","targetHints":{"allow":["GET"]}}],"collection":[{"href":"https:\/\/marktxxl.de\/markt\/wp-json\/wp\/v2\/product"}],"about":[{"href":"https:\/\/marktxxl.de\/markt\/wp-json\/wp\/v2\/types\/product"}],"replies":[{"embeddable":true,"href":"https:\/\/marktxxl.de\/markt\/wp-json\/wp\/v2\/comments?post=32766"}],"wp:featuredmedia":[{"embeddable":true,"href":"https:\/\/marktxxl.de\/markt\/wp-json\/wp\/v2\/media\/32767"}],"wp:attachment":[{"href":"https:\/\/marktxxl.de\/markt\/wp-json\/wp\/v2\/media?parent=32766"}],"wp:term":[{"taxonomy":"product_brand","embeddable":true,"href":"https:\/\/marktxxl.de\/markt\/wp-json\/wp\/v2\/product_brand?post=32766"},{"taxonomy":"product_cat","embeddable":true,"href":"https:\/\/marktxxl.de\/markt\/wp-json\/wp\/v2\/product_cat?post=32766"},{"taxonomy":"product_tag","embeddable":true,"href":"https:\/\/marktxxl.de\/markt\/wp-json\/wp\/v2\/product_tag?post=32766"}],"curies":[{"name":"wp","href":"https:\/\/api.w.org\/{rel}","templated":true}]}}