{"id":32723,"date":"2021-09-13T19:57:11","date_gmt":"2021-09-13T17:57:11","guid":{"rendered":"https:\/\/marktxxl.de\/markt\/produkt\/9-stueck-wimpernmuster-make-up-kosmetik-reisetaschen-kulturbeutel-taschen-mit-reissverschluss-fuer-frauen-und-maedchen-3-farben\/"},"modified":"2023-04-10T01:30:38","modified_gmt":"2023-04-09T23:30:38","slug":"9-stueck-wimpernmuster-make-up-kosmetik-reisetaschen-kulturbeutel-taschen-mit-reissverschluss-fuer-frauen-und-maedchen-3-farben","status":"publish","type":"product","link":"https:\/\/marktxxl.de\/markt\/produkt\/9-stueck-wimpernmuster-make-up-kosmetik-reisetaschen-kulturbeutel-taschen-mit-reissverschluss-fuer-frauen-und-maedchen-3-farben\/","title":{"rendered":"9 St\u00fcck Wimpernmuster Make-up Kosmetik Reisetaschen Kulturbeutel Taschen mit Rei\u00dfverschluss f\u00fcr Frauen und M\u00e4dchen, 3\u2026"},"content":{"rendered":"<p>Niedliche und stilvolle Kosmetiktaschen, die mit Wimpernmusterbildern bedruckt sind, gutes Makeup-Accessoire f\u00fcr M\u00e4dchen und Frauen, mit Rei\u00dfverschluss an der Oberseite, glatt und leicht zu \u00f6ffnen und zu schlie\u00dfen.<br \/>\nHergestellt aus strapazierf\u00e4higem Canvas-Material, f\u00fchlt sich weich, aber robust genug an, um Ihre Kosmetik zu halten. Nicht einfach zu tragen, lange Haltbarkeitsdauer, auch ein geeignetes Material f\u00fcr Heimwerker, machen Ihre Tasche besonders und personalisiert.<br \/>\nJede Tasche ist 23 cm lang und 15 cm breit, genau die richtige Gr\u00f6\u00dfe, nimmt nicht viel Platz in Ihrem Koffer mit und ist praktisch f\u00fcr unterwegs.<br \/>\nEnth\u00e4lt insgesamt 9 St\u00fcck Wimpern-Make-up-Taschen im Paket mit 3 Farben sortiert, 3 St\u00fcck Taschen pro Farbe, erf\u00fcllt Ihre unterschiedlichen Anforderungen an die Kategorisierung und ist bequem zum Waschen und Wechseln oder zum Teilen mit Freunden, Familienmitgliedern oder anderen Partnern.<br \/>\nGro\u00dfe Anwendungsbereiche: Ideal zum Aufbewahren und Organisieren von Kosmetikwerkzeugen, kleinen t\u00e4glichen Gegenst\u00e4nden wie Schl\u00fcssel, Karten, Mobiltelefonen usw. Eine sch\u00f6ne Federtasche f\u00fcr Schulm\u00e4dchen, gro\u00df genug, um ihre Schreibutensilien und anderes Schreibwaren aufzubewahren, praktisch und n\u00fctzlich.<br \/>\n<div class=\"main-cross-sell\" data-asin=\"B07MKTKWLV\">\n\n\t<div class=\"WooZone-cross-sell-loader\">\n\t\t<div>\n\t\t\t<div id=\"floatingBarsG\">\n\t\t\t\t<div class=\"blockG\" id=\"rotateG_01\"><\/div>\n\t\t\t\t<div class=\"blockG\" id=\"rotateG_02\"><\/div>\n\t\t\t\t<div class=\"blockG\" id=\"rotateG_03\"><\/div>\n\t\t\t\t<div class=\"blockG\" id=\"rotateG_04\"><\/div>\n\t\t\t\t<div class=\"blockG\" id=\"rotateG_05\"><\/div>\n\t\t\t\t<div class=\"blockG\" id=\"rotateG_06\"><\/div>\n\t\t\t\t<div class=\"blockG\" id=\"rotateG_07\"><\/div>\n\t\t\t\t<div class=\"blockG\" id=\"rotateG_08\"><\/div>\n\t\t\t<\/div>\n\t\t\t<div class=\"WooZone-cross-sell-loader-text\"><\/div>\n\t\t<\/div>\n\t<\/div>\n\n\t\t\n<\/div>\n<div style=\"clear:both;\"><\/div><\/p>\n","protected":false},"excerpt":{"rendered":"<p>Niedliche und stilvolle Kosmetiktaschen, die mit Wimpernmusterbildern bedruckt sind, gutes Makeup-Accessoire f\u00fcr M\u00e4dchen und Frauen, mit Rei\u00dfverschluss an der Oberseite, glatt und leicht zu \u00f6ffnen und zu schlie\u00dfen.<br \/>\nHergestellt aus strapazierf\u00e4higem Canvas-Material, f\u00fchlt sich weich, aber robust genug an, um Ihre Kosmetik zu halten. Nicht einfach zu tragen, lange Haltbarkeitsdauer, auch ein geeignetes Material f\u00fcr Heimwerker, machen Ihre Tasche besonders und personalisiert.<br \/>\nJede Tasche ist 23 cm lang und 15 cm breit, genau die richtige Gr\u00f6\u00dfe, nimmt nicht viel Platz in Ihrem Koffer mit und ist praktisch f\u00fcr unterwegs.<\/p>\n","protected":false},"featured_media":32727,"comment_status":"open","ping_status":"closed","template":"","meta":[],"product_brand":[],"product_cat":[2858,7575],"product_tag":[],"class_list":{"0":"post-32723","1":"product","2":"type-product","3":"status-publish","4":"has-post-thumbnail","6":"product_cat-beauty","7":"product_cat-make-up","8":"pa_binding-badartikel","9":"pa_brand-ljy","10":"pa_brand-thames-hudson","11":"pa_manufacturer-ljy","12":"pa_size-23-x-15-cm","14":"first","15":"instock","16":"shipping-taxable","17":"purchasable","18":"product-type-simple","19":"customify-col","20":"product-has-gallery"},"yoast_head":"<!-- This site is optimized with the Yoast SEO plugin v27.4 - https:\/\/yoast.com\/product\/yoast-seo-wordpress\/ -->\n<title>9 St\u00fcck Wimpernmuster Make-up Kosmetik Reisetaschen Kulturbeutel Taschen mit Rei\u00dfverschluss f\u00fcr Frauen und M\u00e4dchen, 3\u2026 - Markt-XXL<\/title>\n<meta name=\"description\" content=\"Markt-XXL 9 St\u00fcck Wimpernmuster Make-up Kosmetik Reisetaschen Kulturbeutel Taschen mit Rei\u00dfverschluss f\u00fcr Frauen und M\u00e4dchen, 3\u2026\" \/>\n<meta name=\"robots\" content=\"index, follow, max-snippet:-1, max-image-preview:large, max-video-preview:-1\" \/>\n<link rel=\"canonical\" href=\"https:\/\/marktxxl.de\/markt\/produkt\/9-stueck-wimpernmuster-make-up-kosmetik-reisetaschen-kulturbeutel-taschen-mit-reissverschluss-fuer-frauen-und-maedchen-3-farben\/\" \/>\n<meta property=\"og:locale\" content=\"de_DE\" \/>\n<meta property=\"og:type\" content=\"article\" \/>\n<meta property=\"og:title\" content=\"9 St\u00fcck Wimpernmuster Make-up Kosmetik Reisetaschen Kulturbeutel Taschen mit Rei\u00dfverschluss f\u00fcr Frauen und M\u00e4dchen, 3\u2026 - Markt-XXL\" \/>\n<meta property=\"og:description\" content=\"Markt-XXL 9 St\u00fcck Wimpernmuster Make-up Kosmetik Reisetaschen Kulturbeutel Taschen mit Rei\u00dfverschluss f\u00fcr Frauen und M\u00e4dchen, 3\u2026\" \/>\n<meta property=\"og:url\" content=\"https:\/\/marktxxl.de\/markt\/produkt\/9-stueck-wimpernmuster-make-up-kosmetik-reisetaschen-kulturbeutel-taschen-mit-reissverschluss-fuer-frauen-und-maedchen-3-farben\/\" \/>\n<meta property=\"og:site_name\" content=\"Markt-XXL\" \/>\n<meta property=\"article:modified_time\" content=\"2023-04-09T23:30:38+00:00\" \/>\n<meta property=\"og:image\" content=\"https:\/\/m.media-amazon.com\/images\/I\/41ad5GieHVL._SL500_.jpg\" \/>\n\t<meta property=\"og:image:width\" content=\"500\" \/>\n\t<meta property=\"og:image:height\" content=\"500\" \/>\n\t<meta property=\"og:image:type\" content=\"image\/jpeg\" \/>\n<meta name=\"twitter:card\" content=\"summary_large_image\" \/>\n<meta name=\"twitter:label1\" content=\"Gesch\u00e4tzte Lesezeit\" \/>\n\t<meta name=\"twitter:data1\" content=\"1\u00a0Minute\" \/>\n<script type=\"application\/ld+json\" class=\"yoast-schema-graph\">{\"@context\":\"https:\\\/\\\/schema.org\",\"@graph\":[{\"@type\":\"WebPage\",\"@id\":\"https:\\\/\\\/marktxxl.de\\\/markt\\\/produkt\\\/9-stueck-wimpernmuster-make-up-kosmetik-reisetaschen-kulturbeutel-taschen-mit-reissverschluss-fuer-frauen-und-maedchen-3-farben\\\/\",\"url\":\"https:\\\/\\\/marktxxl.de\\\/markt\\\/produkt\\\/9-stueck-wimpernmuster-make-up-kosmetik-reisetaschen-kulturbeutel-taschen-mit-reissverschluss-fuer-frauen-und-maedchen-3-farben\\\/\",\"name\":\"9 St\u00fcck Wimpernmuster Make-up Kosmetik Reisetaschen Kulturbeutel Taschen mit Rei\u00dfverschluss f\u00fcr Frauen und M\u00e4dchen, 3\u2026 - Markt-XXL\",\"isPartOf\":{\"@id\":\"https:\\\/\\\/marktxxl.de\\\/markt\\\/#website\"},\"primaryImageOfPage\":{\"@id\":\"https:\\\/\\\/marktxxl.de\\\/markt\\\/produkt\\\/9-stueck-wimpernmuster-make-up-kosmetik-reisetaschen-kulturbeutel-taschen-mit-reissverschluss-fuer-frauen-und-maedchen-3-farben\\\/#primaryimage\"},\"image\":{\"@id\":\"https:\\\/\\\/marktxxl.de\\\/markt\\\/produkt\\\/9-stueck-wimpernmuster-make-up-kosmetik-reisetaschen-kulturbeutel-taschen-mit-reissverschluss-fuer-frauen-und-maedchen-3-farben\\\/#primaryimage\"},\"thumbnailUrl\":\"https:\\\/\\\/m.media-amazon.com\\\/images\\\/I\\\/41ad5GieHVL._SL500_.jpg\",\"datePublished\":\"2021-09-13T17:57:11+00:00\",\"dateModified\":\"2023-04-09T23:30:38+00:00\",\"description\":\"Markt-XXL 9 St\u00fcck Wimpernmuster Make-up Kosmetik Reisetaschen Kulturbeutel Taschen mit Rei\u00dfverschluss f\u00fcr Frauen und M\u00e4dchen, 3\u2026\",\"breadcrumb\":{\"@id\":\"https:\\\/\\\/marktxxl.de\\\/markt\\\/produkt\\\/9-stueck-wimpernmuster-make-up-kosmetik-reisetaschen-kulturbeutel-taschen-mit-reissverschluss-fuer-frauen-und-maedchen-3-farben\\\/#breadcrumb\"},\"inLanguage\":\"de\",\"potentialAction\":[{\"@type\":\"ReadAction\",\"target\":[\"https:\\\/\\\/marktxxl.de\\\/markt\\\/produkt\\\/9-stueck-wimpernmuster-make-up-kosmetik-reisetaschen-kulturbeutel-taschen-mit-reissverschluss-fuer-frauen-und-maedchen-3-farben\\\/\"]}]},{\"@type\":\"ImageObject\",\"inLanguage\":\"de\",\"@id\":\"https:\\\/\\\/marktxxl.de\\\/markt\\\/produkt\\\/9-stueck-wimpernmuster-make-up-kosmetik-reisetaschen-kulturbeutel-taschen-mit-reissverschluss-fuer-frauen-und-maedchen-3-farben\\\/#primaryimage\",\"url\":\"https:\\\/\\\/m.media-amazon.com\\\/images\\\/I\\\/41ad5GieHVL._SL500_.jpg\",\"contentUrl\":\"https:\\\/\\\/m.media-amazon.com\\\/images\\\/I\\\/41ad5GieHVL._SL500_.jpg\",\"width\":500,\"height\":500},{\"@type\":\"BreadcrumbList\",\"@id\":\"https:\\\/\\\/marktxxl.de\\\/markt\\\/produkt\\\/9-stueck-wimpernmuster-make-up-kosmetik-reisetaschen-kulturbeutel-taschen-mit-reissverschluss-fuer-frauen-und-maedchen-3-farben\\\/#breadcrumb\",\"itemListElement\":[{\"@type\":\"ListItem\",\"position\":1,\"name\":\"Startseite\",\"item\":\"https:\\\/\\\/marktxxl.de\\\/markt\\\/\"},{\"@type\":\"ListItem\",\"position\":2,\"name\":\"Markt\",\"item\":\"https:\\\/\\\/marktxxl.de\\\/markt\\\/\"},{\"@type\":\"ListItem\",\"position\":3,\"name\":\"9 St\u00fcck Wimpernmuster Make-up Kosmetik Reisetaschen Kulturbeutel Taschen mit Rei\u00dfverschluss f\u00fcr Frauen und M\u00e4dchen, 3\u2026\"}]},{\"@type\":\"WebSite\",\"@id\":\"https:\\\/\\\/marktxxl.de\\\/markt\\\/#website\",\"url\":\"https:\\\/\\\/marktxxl.de\\\/markt\\\/\",\"name\":\"Markt-XXL\",\"description\":\"Ihr Markt Online\",\"publisher\":{\"@id\":\"https:\\\/\\\/marktxxl.de\\\/markt\\\/#organization\"},\"potentialAction\":[{\"@type\":\"SearchAction\",\"target\":{\"@type\":\"EntryPoint\",\"urlTemplate\":\"https:\\\/\\\/marktxxl.de\\\/markt\\\/?s={search_term_string}\"},\"query-input\":{\"@type\":\"PropertyValueSpecification\",\"valueRequired\":true,\"valueName\":\"search_term_string\"}}],\"inLanguage\":\"de\"},{\"@type\":\"Organization\",\"@id\":\"https:\\\/\\\/marktxxl.de\\\/markt\\\/#organization\",\"name\":\"Markt-XXL\",\"url\":\"https:\\\/\\\/marktxxl.de\\\/markt\\\/\",\"logo\":{\"@type\":\"ImageObject\",\"inLanguage\":\"de\",\"@id\":\"https:\\\/\\\/marktxxl.de\\\/markt\\\/#\\\/schema\\\/logo\\\/image\\\/\",\"url\":\"https:\\\/\\\/marktxxl.de\\\/markt\\\/wp-content\\\/uploads\\\/sites\\\/3\\\/2020\\\/12\\\/logo.png\",\"contentUrl\":\"https:\\\/\\\/marktxxl.de\\\/markt\\\/wp-content\\\/uploads\\\/sites\\\/3\\\/2020\\\/12\\\/logo.png\",\"width\":200,\"height\":70,\"caption\":\"Markt-XXL\"},\"image\":{\"@id\":\"https:\\\/\\\/marktxxl.de\\\/markt\\\/#\\\/schema\\\/logo\\\/image\\\/\"}}]}<\/script>\n<!-- \/ Yoast SEO plugin. -->","yoast_head_json":{"title":"9 St\u00fcck Wimpernmuster Make-up Kosmetik Reisetaschen Kulturbeutel Taschen mit Rei\u00dfverschluss f\u00fcr Frauen und M\u00e4dchen, 3\u2026 - Markt-XXL","description":"Markt-XXL 9 St\u00fcck Wimpernmuster Make-up Kosmetik Reisetaschen Kulturbeutel Taschen mit Rei\u00dfverschluss f\u00fcr Frauen und M\u00e4dchen, 3\u2026","robots":{"index":"index","follow":"follow","max-snippet":"max-snippet:-1","max-image-preview":"max-image-preview:large","max-video-preview":"max-video-preview:-1"},"canonical":"https:\/\/marktxxl.de\/markt\/produkt\/9-stueck-wimpernmuster-make-up-kosmetik-reisetaschen-kulturbeutel-taschen-mit-reissverschluss-fuer-frauen-und-maedchen-3-farben\/","og_locale":"de_DE","og_type":"article","og_title":"9 St\u00fcck Wimpernmuster Make-up Kosmetik Reisetaschen Kulturbeutel Taschen mit Rei\u00dfverschluss f\u00fcr Frauen und M\u00e4dchen, 3\u2026 - Markt-XXL","og_description":"Markt-XXL 9 St\u00fcck Wimpernmuster Make-up Kosmetik Reisetaschen Kulturbeutel Taschen mit Rei\u00dfverschluss f\u00fcr Frauen und M\u00e4dchen, 3\u2026","og_url":"https:\/\/marktxxl.de\/markt\/produkt\/9-stueck-wimpernmuster-make-up-kosmetik-reisetaschen-kulturbeutel-taschen-mit-reissverschluss-fuer-frauen-und-maedchen-3-farben\/","og_site_name":"Markt-XXL","article_modified_time":"2023-04-09T23:30:38+00:00","og_image":[{"width":500,"height":500,"url":"https:\/\/m.media-amazon.com\/images\/I\/41ad5GieHVL._SL500_.jpg","type":"image\/jpeg"}],"twitter_card":"summary_large_image","twitter_misc":{"Gesch\u00e4tzte Lesezeit":"1\u00a0Minute"},"schema":{"@context":"https:\/\/schema.org","@graph":[{"@type":"WebPage","@id":"https:\/\/marktxxl.de\/markt\/produkt\/9-stueck-wimpernmuster-make-up-kosmetik-reisetaschen-kulturbeutel-taschen-mit-reissverschluss-fuer-frauen-und-maedchen-3-farben\/","url":"https:\/\/marktxxl.de\/markt\/produkt\/9-stueck-wimpernmuster-make-up-kosmetik-reisetaschen-kulturbeutel-taschen-mit-reissverschluss-fuer-frauen-und-maedchen-3-farben\/","name":"9 St\u00fcck Wimpernmuster Make-up Kosmetik Reisetaschen Kulturbeutel Taschen mit Rei\u00dfverschluss f\u00fcr Frauen und M\u00e4dchen, 3\u2026 - Markt-XXL","isPartOf":{"@id":"https:\/\/marktxxl.de\/markt\/#website"},"primaryImageOfPage":{"@id":"https:\/\/marktxxl.de\/markt\/produkt\/9-stueck-wimpernmuster-make-up-kosmetik-reisetaschen-kulturbeutel-taschen-mit-reissverschluss-fuer-frauen-und-maedchen-3-farben\/#primaryimage"},"image":{"@id":"https:\/\/marktxxl.de\/markt\/produkt\/9-stueck-wimpernmuster-make-up-kosmetik-reisetaschen-kulturbeutel-taschen-mit-reissverschluss-fuer-frauen-und-maedchen-3-farben\/#primaryimage"},"thumbnailUrl":"https:\/\/m.media-amazon.com\/images\/I\/41ad5GieHVL._SL500_.jpg","datePublished":"2021-09-13T17:57:11+00:00","dateModified":"2023-04-09T23:30:38+00:00","description":"Markt-XXL 9 St\u00fcck Wimpernmuster Make-up Kosmetik Reisetaschen Kulturbeutel Taschen mit Rei\u00dfverschluss f\u00fcr Frauen und M\u00e4dchen, 3\u2026","breadcrumb":{"@id":"https:\/\/marktxxl.de\/markt\/produkt\/9-stueck-wimpernmuster-make-up-kosmetik-reisetaschen-kulturbeutel-taschen-mit-reissverschluss-fuer-frauen-und-maedchen-3-farben\/#breadcrumb"},"inLanguage":"de","potentialAction":[{"@type":"ReadAction","target":["https:\/\/marktxxl.de\/markt\/produkt\/9-stueck-wimpernmuster-make-up-kosmetik-reisetaschen-kulturbeutel-taschen-mit-reissverschluss-fuer-frauen-und-maedchen-3-farben\/"]}]},{"@type":"ImageObject","inLanguage":"de","@id":"https:\/\/marktxxl.de\/markt\/produkt\/9-stueck-wimpernmuster-make-up-kosmetik-reisetaschen-kulturbeutel-taschen-mit-reissverschluss-fuer-frauen-und-maedchen-3-farben\/#primaryimage","url":"https:\/\/m.media-amazon.com\/images\/I\/41ad5GieHVL._SL500_.jpg","contentUrl":"https:\/\/m.media-amazon.com\/images\/I\/41ad5GieHVL._SL500_.jpg","width":500,"height":500},{"@type":"BreadcrumbList","@id":"https:\/\/marktxxl.de\/markt\/produkt\/9-stueck-wimpernmuster-make-up-kosmetik-reisetaschen-kulturbeutel-taschen-mit-reissverschluss-fuer-frauen-und-maedchen-3-farben\/#breadcrumb","itemListElement":[{"@type":"ListItem","position":1,"name":"Startseite","item":"https:\/\/marktxxl.de\/markt\/"},{"@type":"ListItem","position":2,"name":"Markt","item":"https:\/\/marktxxl.de\/markt\/"},{"@type":"ListItem","position":3,"name":"9 St\u00fcck Wimpernmuster Make-up Kosmetik Reisetaschen Kulturbeutel Taschen mit Rei\u00dfverschluss f\u00fcr Frauen und M\u00e4dchen, 3\u2026"}]},{"@type":"WebSite","@id":"https:\/\/marktxxl.de\/markt\/#website","url":"https:\/\/marktxxl.de\/markt\/","name":"Markt-XXL","description":"Ihr Markt Online","publisher":{"@id":"https:\/\/marktxxl.de\/markt\/#organization"},"potentialAction":[{"@type":"SearchAction","target":{"@type":"EntryPoint","urlTemplate":"https:\/\/marktxxl.de\/markt\/?s={search_term_string}"},"query-input":{"@type":"PropertyValueSpecification","valueRequired":true,"valueName":"search_term_string"}}],"inLanguage":"de"},{"@type":"Organization","@id":"https:\/\/marktxxl.de\/markt\/#organization","name":"Markt-XXL","url":"https:\/\/marktxxl.de\/markt\/","logo":{"@type":"ImageObject","inLanguage":"de","@id":"https:\/\/marktxxl.de\/markt\/#\/schema\/logo\/image\/","url":"https:\/\/marktxxl.de\/markt\/wp-content\/uploads\/sites\/3\/2020\/12\/logo.png","contentUrl":"https:\/\/marktxxl.de\/markt\/wp-content\/uploads\/sites\/3\/2020\/12\/logo.png","width":200,"height":70,"caption":"Markt-XXL"},"image":{"@id":"https:\/\/marktxxl.de\/markt\/#\/schema\/logo\/image\/"}}]}},"_links":{"self":[{"href":"https:\/\/marktxxl.de\/markt\/wp-json\/wp\/v2\/product\/32723","targetHints":{"allow":["GET"]}}],"collection":[{"href":"https:\/\/marktxxl.de\/markt\/wp-json\/wp\/v2\/product"}],"about":[{"href":"https:\/\/marktxxl.de\/markt\/wp-json\/wp\/v2\/types\/product"}],"replies":[{"embeddable":true,"href":"https:\/\/marktxxl.de\/markt\/wp-json\/wp\/v2\/comments?post=32723"}],"wp:featuredmedia":[{"embeddable":true,"href":"https:\/\/marktxxl.de\/markt\/wp-json\/wp\/v2\/media\/32727"}],"wp:attachment":[{"href":"https:\/\/marktxxl.de\/markt\/wp-json\/wp\/v2\/media?parent=32723"}],"wp:term":[{"taxonomy":"product_brand","embeddable":true,"href":"https:\/\/marktxxl.de\/markt\/wp-json\/wp\/v2\/product_brand?post=32723"},{"taxonomy":"product_cat","embeddable":true,"href":"https:\/\/marktxxl.de\/markt\/wp-json\/wp\/v2\/product_cat?post=32723"},{"taxonomy":"product_tag","embeddable":true,"href":"https:\/\/marktxxl.de\/markt\/wp-json\/wp\/v2\/product_tag?post=32723"}],"curies":[{"name":"wp","href":"https:\/\/api.w.org\/{rel}","templated":true}]}}