{"id":32722,"date":"2021-09-13T19:57:11","date_gmt":"2021-09-13T17:57:11","guid":{"rendered":"https:\/\/marktxxl.de\/markt\/produkt\/ecotools-duo-pinselset-fuer-schoenere-augen\/"},"modified":"2023-04-10T01:30:38","modified_gmt":"2023-04-09T23:30:38","slug":"ecotools-duo-pinselset-fuer-schoenere-augen","status":"publish","type":"product","link":"https:\/\/marktxxl.de\/markt\/produkt\/ecotools-duo-pinselset-fuer-schoenere-augen\/","title":{"rendered":"EcoTools Enhancing Eye Duo Pinsel-Set, 2-teilig"},"content":{"rendered":"<p>Dieses Set f\u00fcr sch\u00f6nere Augen wurde mit vier Pinselk\u00f6pfen entworfen, um zu schattieren, zu definieren, zu verblenden und zu verwischen<br \/>\nLieferumfang: Schattieren: Tragen Sie mit den weichen, abgewinkelten Borsten Lidschatten auf dem gesamten Lid auf. Definieren: Verwenden Sie den abgewinkelten Liner, um die Augenform nachzuziehen und zu verbessern. Verblenden: Verblenden Sie den Lidschatten, um Striche und starke Linien zu entfernen. Verwischen: Verwischen Sie den Lidschatten und Liner entlang der Wimpernlinie<br \/>\nOhne Tierversuche: EcoTools liebt unsere pelzigen Freunde, EcoTools-Produkte sind PETA-zertifiziert, d. h. sie wurden garantiert ohne Tierversuche und vegan hergestellt<br \/>\nRecycelte Materialien: EcoTools glaubt daran, alten Dingen einen neuen Zweck zu geben. Daher werden EcoTools-Produkte aus recyceltem Aluminium hergestellt. Nachhaltiges Bambus: Die Griffe unserer Produkte sind aus nachwachsendem Bambus, einer der am schnellsten wachsenden Pflanzen der Welt.<br \/>\nEcoTools-Verpackungen bestehen aus 100 % baumfreiem Papier. Wie? Mit 20 % Baumwolle und 80 % Bambusfasern. EcoTools verwendet auch gebrauchten, recycelten Kunststoff und ist zu 100 % recycelbar<br \/>\n<div class=\"main-cross-sell\" data-asin=\"B00GNA9KKM\">\n\n\t<div class=\"WooZone-cross-sell-loader\">\n\t\t<div>\n\t\t\t<div id=\"floatingBarsG\">\n\t\t\t\t<div class=\"blockG\" id=\"rotateG_01\"><\/div>\n\t\t\t\t<div class=\"blockG\" id=\"rotateG_02\"><\/div>\n\t\t\t\t<div class=\"blockG\" id=\"rotateG_03\"><\/div>\n\t\t\t\t<div class=\"blockG\" id=\"rotateG_04\"><\/div>\n\t\t\t\t<div class=\"blockG\" id=\"rotateG_05\"><\/div>\n\t\t\t\t<div class=\"blockG\" id=\"rotateG_06\"><\/div>\n\t\t\t\t<div class=\"blockG\" id=\"rotateG_07\"><\/div>\n\t\t\t\t<div class=\"blockG\" id=\"rotateG_08\"><\/div>\n\t\t\t<\/div>\n\t\t\t<div class=\"WooZone-cross-sell-loader-text\"><\/div>\n\t\t<\/div>\n\t<\/div>\n\n\t\t\n<\/div>\n<div style=\"clear:both;\"><\/div><\/p>\n","protected":false},"excerpt":{"rendered":"<p>Dieses Set f\u00fcr sch\u00f6nere Augen wurde mit vier Pinselk\u00f6pfen entworfen, um zu schattieren, zu definieren, zu verblenden und zu verwischen<br \/>\nLieferumfang: Schattieren: Tragen Sie mit den weichen, abgewinkelten Borsten Lidschatten auf dem gesamten Lid auf. Definieren: Verwenden Sie den abgewinkelten Liner, um die Augenform nachzuziehen und zu verbessern. Verblenden: Verblenden Sie den Lidschatten, um Striche und starke Linien zu entfernen. Verwischen: Verwischen Sie den Lidschatten und Liner entlang der Wimpernlinie<br \/>\nOhne Tierversuche: EcoTools liebt unsere pelzigen Freunde, EcoTools-Produkte sind PETA-zertifiziert, d. h. sie wurden garantiert ohne Tierversuche und vegan hergestellt<\/p>\n","protected":false},"featured_media":32724,"comment_status":"open","ping_status":"closed","template":"","meta":[],"product_brand":[],"product_cat":[2858,7575],"product_tag":[],"class_list":{"0":"post-32722","1":"product","2":"type-product","3":"status-publish","4":"has-post-thumbnail","6":"product_cat-beauty","7":"product_cat-make-up","8":"pa_binding-badartikel","9":"pa_brand-ecotools","10":"pa_height-8-25-zoll","11":"pa_length-2-zoll","12":"pa_manufacturer-paris-presents","13":"pa_model-14997","14":"pa_size-2-stueck-1er-pack","15":"pa_weight-0-03968320716-pfund","16":"pa_width-0-5-zoll","18":"first","19":"instock","20":"shipping-taxable","21":"purchasable","22":"product-type-simple","23":"customify-col","24":"product-has-gallery"},"yoast_head":"<!-- This site is optimized with the Yoast SEO plugin v27.3 - https:\/\/yoast.com\/product\/yoast-seo-wordpress\/ -->\n<title>EcoTools Enhancing Eye Duo Pinsel-Set, 2-teilig - Markt-XXL<\/title>\n<meta name=\"description\" content=\"Markt-XXL EcoTools Enhancing Eye Duo Pinsel-Set, 2-teilig\" \/>\n<meta name=\"robots\" content=\"index, follow, max-snippet:-1, max-image-preview:large, max-video-preview:-1\" \/>\n<link rel=\"canonical\" href=\"https:\/\/marktxxl.de\/markt\/produkt\/ecotools-duo-pinselset-fuer-schoenere-augen\/\" \/>\n<meta property=\"og:locale\" content=\"de_DE\" \/>\n<meta property=\"og:type\" content=\"article\" \/>\n<meta property=\"og:title\" content=\"EcoTools Enhancing Eye Duo Pinsel-Set, 2-teilig - Markt-XXL\" \/>\n<meta property=\"og:description\" content=\"Markt-XXL EcoTools Enhancing Eye Duo Pinsel-Set, 2-teilig\" \/>\n<meta property=\"og:url\" content=\"https:\/\/marktxxl.de\/markt\/produkt\/ecotools-duo-pinselset-fuer-schoenere-augen\/\" \/>\n<meta property=\"og:site_name\" content=\"Markt-XXL\" \/>\n<meta property=\"article:modified_time\" content=\"2023-04-09T23:30:38+00:00\" \/>\n<meta property=\"og:image\" content=\"https:\/\/m.media-amazon.com\/images\/I\/31H1bxube1L._SL500_.jpg\" \/>\n\t<meta property=\"og:image:width\" content=\"135\" \/>\n\t<meta property=\"og:image:height\" content=\"500\" \/>\n\t<meta property=\"og:image:type\" content=\"image\/jpeg\" \/>\n<meta name=\"twitter:card\" content=\"summary_large_image\" \/>\n<meta name=\"twitter:label1\" content=\"Gesch\u00e4tzte Lesezeit\" \/>\n\t<meta name=\"twitter:data1\" content=\"1\u00a0Minute\" \/>\n<script type=\"application\/ld+json\" class=\"yoast-schema-graph\">{\"@context\":\"https:\\\/\\\/schema.org\",\"@graph\":[{\"@type\":\"WebPage\",\"@id\":\"https:\\\/\\\/marktxxl.de\\\/markt\\\/produkt\\\/ecotools-duo-pinselset-fuer-schoenere-augen\\\/\",\"url\":\"https:\\\/\\\/marktxxl.de\\\/markt\\\/produkt\\\/ecotools-duo-pinselset-fuer-schoenere-augen\\\/\",\"name\":\"EcoTools Enhancing Eye Duo Pinsel-Set, 2-teilig - Markt-XXL\",\"isPartOf\":{\"@id\":\"https:\\\/\\\/marktxxl.de\\\/markt\\\/#website\"},\"primaryImageOfPage\":{\"@id\":\"https:\\\/\\\/marktxxl.de\\\/markt\\\/produkt\\\/ecotools-duo-pinselset-fuer-schoenere-augen\\\/#primaryimage\"},\"image\":{\"@id\":\"https:\\\/\\\/marktxxl.de\\\/markt\\\/produkt\\\/ecotools-duo-pinselset-fuer-schoenere-augen\\\/#primaryimage\"},\"thumbnailUrl\":\"https:\\\/\\\/m.media-amazon.com\\\/images\\\/I\\\/31H1bxube1L._SL500_.jpg\",\"datePublished\":\"2021-09-13T17:57:11+00:00\",\"dateModified\":\"2023-04-09T23:30:38+00:00\",\"description\":\"Markt-XXL EcoTools Enhancing Eye Duo Pinsel-Set, 2-teilig\",\"breadcrumb\":{\"@id\":\"https:\\\/\\\/marktxxl.de\\\/markt\\\/produkt\\\/ecotools-duo-pinselset-fuer-schoenere-augen\\\/#breadcrumb\"},\"inLanguage\":\"de\",\"potentialAction\":[{\"@type\":\"ReadAction\",\"target\":[\"https:\\\/\\\/marktxxl.de\\\/markt\\\/produkt\\\/ecotools-duo-pinselset-fuer-schoenere-augen\\\/\"]}]},{\"@type\":\"ImageObject\",\"inLanguage\":\"de\",\"@id\":\"https:\\\/\\\/marktxxl.de\\\/markt\\\/produkt\\\/ecotools-duo-pinselset-fuer-schoenere-augen\\\/#primaryimage\",\"url\":\"https:\\\/\\\/m.media-amazon.com\\\/images\\\/I\\\/31H1bxube1L._SL500_.jpg\",\"contentUrl\":\"https:\\\/\\\/m.media-amazon.com\\\/images\\\/I\\\/31H1bxube1L._SL500_.jpg\",\"width\":135,\"height\":500},{\"@type\":\"BreadcrumbList\",\"@id\":\"https:\\\/\\\/marktxxl.de\\\/markt\\\/produkt\\\/ecotools-duo-pinselset-fuer-schoenere-augen\\\/#breadcrumb\",\"itemListElement\":[{\"@type\":\"ListItem\",\"position\":1,\"name\":\"Startseite\",\"item\":\"https:\\\/\\\/marktxxl.de\\\/markt\\\/\"},{\"@type\":\"ListItem\",\"position\":2,\"name\":\"Markt\",\"item\":\"https:\\\/\\\/marktxxl.de\\\/markt\\\/\"},{\"@type\":\"ListItem\",\"position\":3,\"name\":\"EcoTools Enhancing Eye Duo Pinsel-Set, 2-teilig\"}]},{\"@type\":\"WebSite\",\"@id\":\"https:\\\/\\\/marktxxl.de\\\/markt\\\/#website\",\"url\":\"https:\\\/\\\/marktxxl.de\\\/markt\\\/\",\"name\":\"Markt-XXL\",\"description\":\"Ihr Markt Online\",\"publisher\":{\"@id\":\"https:\\\/\\\/marktxxl.de\\\/markt\\\/#organization\"},\"potentialAction\":[{\"@type\":\"SearchAction\",\"target\":{\"@type\":\"EntryPoint\",\"urlTemplate\":\"https:\\\/\\\/marktxxl.de\\\/markt\\\/?s={search_term_string}\"},\"query-input\":{\"@type\":\"PropertyValueSpecification\",\"valueRequired\":true,\"valueName\":\"search_term_string\"}}],\"inLanguage\":\"de\"},{\"@type\":\"Organization\",\"@id\":\"https:\\\/\\\/marktxxl.de\\\/markt\\\/#organization\",\"name\":\"Markt-XXL\",\"url\":\"https:\\\/\\\/marktxxl.de\\\/markt\\\/\",\"logo\":{\"@type\":\"ImageObject\",\"inLanguage\":\"de\",\"@id\":\"https:\\\/\\\/marktxxl.de\\\/markt\\\/#\\\/schema\\\/logo\\\/image\\\/\",\"url\":\"https:\\\/\\\/marktxxl.de\\\/markt\\\/wp-content\\\/uploads\\\/sites\\\/3\\\/2020\\\/12\\\/logo.png\",\"contentUrl\":\"https:\\\/\\\/marktxxl.de\\\/markt\\\/wp-content\\\/uploads\\\/sites\\\/3\\\/2020\\\/12\\\/logo.png\",\"width\":200,\"height\":70,\"caption\":\"Markt-XXL\"},\"image\":{\"@id\":\"https:\\\/\\\/marktxxl.de\\\/markt\\\/#\\\/schema\\\/logo\\\/image\\\/\"}}]}<\/script>\n<!-- \/ Yoast SEO plugin. -->","yoast_head_json":{"title":"EcoTools Enhancing Eye Duo Pinsel-Set, 2-teilig - Markt-XXL","description":"Markt-XXL EcoTools Enhancing Eye Duo Pinsel-Set, 2-teilig","robots":{"index":"index","follow":"follow","max-snippet":"max-snippet:-1","max-image-preview":"max-image-preview:large","max-video-preview":"max-video-preview:-1"},"canonical":"https:\/\/marktxxl.de\/markt\/produkt\/ecotools-duo-pinselset-fuer-schoenere-augen\/","og_locale":"de_DE","og_type":"article","og_title":"EcoTools Enhancing Eye Duo Pinsel-Set, 2-teilig - Markt-XXL","og_description":"Markt-XXL EcoTools Enhancing Eye Duo Pinsel-Set, 2-teilig","og_url":"https:\/\/marktxxl.de\/markt\/produkt\/ecotools-duo-pinselset-fuer-schoenere-augen\/","og_site_name":"Markt-XXL","article_modified_time":"2023-04-09T23:30:38+00:00","og_image":[{"width":135,"height":500,"url":"https:\/\/m.media-amazon.com\/images\/I\/31H1bxube1L._SL500_.jpg","type":"image\/jpeg"}],"twitter_card":"summary_large_image","twitter_misc":{"Gesch\u00e4tzte Lesezeit":"1\u00a0Minute"},"schema":{"@context":"https:\/\/schema.org","@graph":[{"@type":"WebPage","@id":"https:\/\/marktxxl.de\/markt\/produkt\/ecotools-duo-pinselset-fuer-schoenere-augen\/","url":"https:\/\/marktxxl.de\/markt\/produkt\/ecotools-duo-pinselset-fuer-schoenere-augen\/","name":"EcoTools Enhancing Eye Duo Pinsel-Set, 2-teilig - Markt-XXL","isPartOf":{"@id":"https:\/\/marktxxl.de\/markt\/#website"},"primaryImageOfPage":{"@id":"https:\/\/marktxxl.de\/markt\/produkt\/ecotools-duo-pinselset-fuer-schoenere-augen\/#primaryimage"},"image":{"@id":"https:\/\/marktxxl.de\/markt\/produkt\/ecotools-duo-pinselset-fuer-schoenere-augen\/#primaryimage"},"thumbnailUrl":"https:\/\/m.media-amazon.com\/images\/I\/31H1bxube1L._SL500_.jpg","datePublished":"2021-09-13T17:57:11+00:00","dateModified":"2023-04-09T23:30:38+00:00","description":"Markt-XXL EcoTools Enhancing Eye Duo Pinsel-Set, 2-teilig","breadcrumb":{"@id":"https:\/\/marktxxl.de\/markt\/produkt\/ecotools-duo-pinselset-fuer-schoenere-augen\/#breadcrumb"},"inLanguage":"de","potentialAction":[{"@type":"ReadAction","target":["https:\/\/marktxxl.de\/markt\/produkt\/ecotools-duo-pinselset-fuer-schoenere-augen\/"]}]},{"@type":"ImageObject","inLanguage":"de","@id":"https:\/\/marktxxl.de\/markt\/produkt\/ecotools-duo-pinselset-fuer-schoenere-augen\/#primaryimage","url":"https:\/\/m.media-amazon.com\/images\/I\/31H1bxube1L._SL500_.jpg","contentUrl":"https:\/\/m.media-amazon.com\/images\/I\/31H1bxube1L._SL500_.jpg","width":135,"height":500},{"@type":"BreadcrumbList","@id":"https:\/\/marktxxl.de\/markt\/produkt\/ecotools-duo-pinselset-fuer-schoenere-augen\/#breadcrumb","itemListElement":[{"@type":"ListItem","position":1,"name":"Startseite","item":"https:\/\/marktxxl.de\/markt\/"},{"@type":"ListItem","position":2,"name":"Markt","item":"https:\/\/marktxxl.de\/markt\/"},{"@type":"ListItem","position":3,"name":"EcoTools Enhancing Eye Duo Pinsel-Set, 2-teilig"}]},{"@type":"WebSite","@id":"https:\/\/marktxxl.de\/markt\/#website","url":"https:\/\/marktxxl.de\/markt\/","name":"Markt-XXL","description":"Ihr Markt Online","publisher":{"@id":"https:\/\/marktxxl.de\/markt\/#organization"},"potentialAction":[{"@type":"SearchAction","target":{"@type":"EntryPoint","urlTemplate":"https:\/\/marktxxl.de\/markt\/?s={search_term_string}"},"query-input":{"@type":"PropertyValueSpecification","valueRequired":true,"valueName":"search_term_string"}}],"inLanguage":"de"},{"@type":"Organization","@id":"https:\/\/marktxxl.de\/markt\/#organization","name":"Markt-XXL","url":"https:\/\/marktxxl.de\/markt\/","logo":{"@type":"ImageObject","inLanguage":"de","@id":"https:\/\/marktxxl.de\/markt\/#\/schema\/logo\/image\/","url":"https:\/\/marktxxl.de\/markt\/wp-content\/uploads\/sites\/3\/2020\/12\/logo.png","contentUrl":"https:\/\/marktxxl.de\/markt\/wp-content\/uploads\/sites\/3\/2020\/12\/logo.png","width":200,"height":70,"caption":"Markt-XXL"},"image":{"@id":"https:\/\/marktxxl.de\/markt\/#\/schema\/logo\/image\/"}}]}},"_links":{"self":[{"href":"https:\/\/marktxxl.de\/markt\/wp-json\/wp\/v2\/product\/32722","targetHints":{"allow":["GET"]}}],"collection":[{"href":"https:\/\/marktxxl.de\/markt\/wp-json\/wp\/v2\/product"}],"about":[{"href":"https:\/\/marktxxl.de\/markt\/wp-json\/wp\/v2\/types\/product"}],"replies":[{"embeddable":true,"href":"https:\/\/marktxxl.de\/markt\/wp-json\/wp\/v2\/comments?post=32722"}],"wp:featuredmedia":[{"embeddable":true,"href":"https:\/\/marktxxl.de\/markt\/wp-json\/wp\/v2\/media\/32724"}],"wp:attachment":[{"href":"https:\/\/marktxxl.de\/markt\/wp-json\/wp\/v2\/media?parent=32722"}],"wp:term":[{"taxonomy":"product_brand","embeddable":true,"href":"https:\/\/marktxxl.de\/markt\/wp-json\/wp\/v2\/product_brand?post=32722"},{"taxonomy":"product_cat","embeddable":true,"href":"https:\/\/marktxxl.de\/markt\/wp-json\/wp\/v2\/product_cat?post=32722"},{"taxonomy":"product_tag","embeddable":true,"href":"https:\/\/marktxxl.de\/markt\/wp-json\/wp\/v2\/product_tag?post=32722"}],"curies":[{"name":"wp","href":"https:\/\/api.w.org\/{rel}","templated":true}]}}