{"id":32653,"date":"2021-09-13T19:57:02","date_gmt":"2021-09-13T17:57:02","guid":{"rendered":"https:\/\/marktxxl.de\/markt\/produkt\/friends-kulturtasche-damen-schwarz-kulturbeutel-damen-und-teenager-maedchen-weich-velvet-kosmetiktasche-gross-kinder-make-up-tasche-geschenk\/"},"modified":"2023-04-10T01:30:37","modified_gmt":"2023-04-09T23:30:37","slug":"friends-kulturtasche-damen-schwarz-kulturbeutel-damen-und-teenager-maedchen-weich-velvet-kosmetiktasche-gross-kinder-make-up-tasche-geschenk","status":"publish","type":"product","link":"https:\/\/marktxxl.de\/markt\/produkt\/friends-kulturtasche-damen-schwarz-kulturbeutel-damen-und-teenager-maedchen-weich-velvet-kosmetiktasche-gross-kinder-make-up-tasche-geschenk\/","title":{"rendered":"Friends Kulturtasche Damen, Schwarz Kulturbeutel Damen und Teenager M\u00e4dchen, Weich Velvet Kosmetiktasche Gro\u00df Kinder\u2026"},"content":{"rendered":"<p>FRIENDS SCHMINKTASCHE: Diese super s\u00fc\u00dfe Make up Kosmetiktasche Damen und M\u00e4dchen aus weichem schwarzem Samt mit dem ber\u00fchmten Central Perk Caf\u00e9-Logo und Rei\u00dfverschluss, wird sofort das Kulturbeutel, die Sie immer bei sich tragen m\u00f6chten. Die Schminktasche Damen hat eine gro\u00dfartige Gr\u00f6\u00dfe f\u00fcr alle Ihre Toilettenartikel und Haarb\u00fcrste w\u00e4hrend der Reise oder passt in Ihre Handtasche oder Rucksack, wenn Sie planen, es t\u00e4glich f\u00fcr Ihr Make up zu verwenden.<br \/>\nOFFIZIELLE FRIENDS MERCHANDISE: Diese Makeup Kulturtasche Damen Gross sind Teil der offiziellen Friends Fanartikel, hergestellt exklusiv f\u00fcr F&amp;F Stores. Verpassen Sie nicht diese tollen Friends Geschenke, Sie werden nirgendwo anders finden und sind perfekte Weihnachtsgeschenke f\u00fcr Frauen, coole Geschenke f\u00fcr Mama und Tochter.<br \/>\nLIMITIERTE AUFLAGE: Die Schmink Tasche wurde nur f\u00fcr F &amp; F Stores in einer limitierten Auflage entworfen und produziert. Stellen Sie sicher, dass Sie dieses Jahr einen unter Ihren Weihnachtsbaum stellen k\u00f6nnen. Friends Geschenke sind immer die am meisten gesch\u00e4tzten von Central Perk Liebhabern. Waschtasche Damen sind perfekt als Strumpf F\u00fcller f\u00fcr Frauen und Teenager.<br \/>\nDIE PERFEKTEN WEIHNACHTSSTRUMPF F\u00dcLLER: Ob Sie auf der Suche nach Geburtstagsgeschenken f\u00fcr sie, Schwester Geschenken, Ehefrauen oder Enkelin sind, Sie haben gerade das perfekte Geschenk der TV-Serie Friends f\u00fcr Fans des aller Alters gefunden. Diese weiche Kosmetik Tasche Beauty Bag ist eine coole Idee f\u00fcr jeden Anlass! Kaufen Sie jetzt das coole Makeup Bag als Strumpf F\u00fcller f\u00fcr Teenager und Sie werden sicher sein, dass ein Freunde Liebhaber wirklich gl\u00fccklich macht.<br \/>\nABMESSUNGEN: Diese stilvolle Schminktasche Gro\u00df misst 20 cm (L\u00e4nge) x 13 cm (H\u00f6he) x 9 cm (Tiefe).<br \/>\n<div class=\"main-cross-sell\" data-asin=\"B08N54NYJF\">\n\n\t<div class=\"WooZone-cross-sell-loader\">\n\t\t<div>\n\t\t\t<div id=\"floatingBarsG\">\n\t\t\t\t<div class=\"blockG\" id=\"rotateG_01\"><\/div>\n\t\t\t\t<div class=\"blockG\" id=\"rotateG_02\"><\/div>\n\t\t\t\t<div class=\"blockG\" id=\"rotateG_03\"><\/div>\n\t\t\t\t<div class=\"blockG\" id=\"rotateG_04\"><\/div>\n\t\t\t\t<div class=\"blockG\" id=\"rotateG_05\"><\/div>\n\t\t\t\t<div class=\"blockG\" id=\"rotateG_06\"><\/div>\n\t\t\t\t<div class=\"blockG\" id=\"rotateG_07\"><\/div>\n\t\t\t\t<div class=\"blockG\" id=\"rotateG_08\"><\/div>\n\t\t\t<\/div>\n\t\t\t<div class=\"WooZone-cross-sell-loader-text\"><\/div>\n\t\t<\/div>\n\t<\/div>\n\n\t\t\n<\/div>\n<div style=\"clear:both;\"><\/div><\/p>\n","protected":false},"excerpt":{"rendered":"<p>FRIENDS SCHMINKTASCHE: Diese super s\u00fc\u00dfe Make up Kosmetiktasche Damen und M\u00e4dchen aus weichem schwarzem Samt mit dem ber\u00fchmten Central Perk Caf\u00e9-Logo und Rei\u00dfverschluss, wird sofort das Kulturbeutel, die Sie immer bei sich tragen m\u00f6chten. Die Schminktasche Damen hat eine gro\u00dfartige Gr\u00f6\u00dfe f\u00fcr alle Ihre Toilettenartikel und Haarb\u00fcrste w\u00e4hrend der Reise oder passt in Ihre Handtasche oder Rucksack, wenn Sie planen, es t\u00e4glich f\u00fcr Ihr Make up zu verwenden.<br \/>\nOFFIZIELLE FRIENDS MERCHANDISE: Diese Makeup Kulturtasche Damen Gross sind Teil der offiziellen Friends Fanartikel, hergestellt exklusiv f\u00fcr F&amp;F Stores. Verpassen Sie nicht diese tollen Friends Geschenke, Sie werden nirgendwo anders finden und sind perfekte Weihnachtsgeschenke f\u00fcr Frauen, coole Geschenke f\u00fcr Mama und Tochter.<br \/>\nLIMITIERTE AUFLAGE: Die Schmink Tasche wurde nur f\u00fcr F &amp; F Stores in einer limitierten Auflage entworfen und produziert. Stellen Sie sicher, dass Sie dieses Jahr einen unter Ihren Weihnachtsbaum stellen k\u00f6nnen. Friends Geschenke sind immer die am meisten gesch\u00e4tzten von Central Perk Liebhabern. Waschtasche Damen sind perfekt als Strumpf F\u00fcller f\u00fcr Frauen und Teenager.<\/p>\n","protected":false},"featured_media":32662,"comment_status":"open","ping_status":"closed","template":"","meta":[],"product_brand":[],"product_cat":[2858,7575],"product_tag":[],"class_list":{"0":"post-32653","1":"product","2":"type-product","3":"status-publish","4":"has-post-thumbnail","6":"product_cat-beauty","7":"product_cat-make-up","8":"pa_brand-friends","9":"pa_color-schwarz","10":"pa_manufacturer-william-lamb-group-ltd","11":"pa_size-one-size","13":"first","14":"instock","15":"shipping-taxable","16":"purchasable","17":"product-type-simple","18":"customify-col","19":"product-has-gallery"},"yoast_head":"<!-- This site is optimized with the Yoast SEO plugin v27.4 - https:\/\/yoast.com\/product\/yoast-seo-wordpress\/ -->\n<title>Friends Kulturtasche Damen, Schwarz Kulturbeutel Damen und Teenager M\u00e4dchen, Weich Velvet Kosmetiktasche Gro\u00df Kinder\u2026 - Markt-XXL<\/title>\n<meta name=\"description\" content=\"Markt-XXL Friends Kulturtasche Damen, Schwarz Kulturbeutel Damen und Teenager M\u00e4dchen, Weich Velvet Kosmetiktasche Gro\u00df Kinder\u2026\" \/>\n<meta name=\"robots\" content=\"index, follow, max-snippet:-1, max-image-preview:large, max-video-preview:-1\" \/>\n<link rel=\"canonical\" href=\"https:\/\/marktxxl.de\/markt\/produkt\/friends-kulturtasche-damen-schwarz-kulturbeutel-damen-und-teenager-maedchen-weich-velvet-kosmetiktasche-gross-kinder-make-up-tasche-geschenk\/\" \/>\n<meta property=\"og:locale\" content=\"de_DE\" \/>\n<meta property=\"og:type\" content=\"article\" \/>\n<meta property=\"og:title\" content=\"Friends Kulturtasche Damen, Schwarz Kulturbeutel Damen und Teenager M\u00e4dchen, Weich Velvet Kosmetiktasche Gro\u00df Kinder\u2026 - Markt-XXL\" \/>\n<meta property=\"og:description\" content=\"Markt-XXL Friends Kulturtasche Damen, Schwarz Kulturbeutel Damen und Teenager M\u00e4dchen, Weich Velvet Kosmetiktasche Gro\u00df Kinder\u2026\" \/>\n<meta property=\"og:url\" content=\"https:\/\/marktxxl.de\/markt\/produkt\/friends-kulturtasche-damen-schwarz-kulturbeutel-damen-und-teenager-maedchen-weich-velvet-kosmetiktasche-gross-kinder-make-up-tasche-geschenk\/\" \/>\n<meta property=\"og:site_name\" content=\"Markt-XXL\" \/>\n<meta property=\"article:modified_time\" content=\"2023-04-09T23:30:37+00:00\" \/>\n<meta property=\"og:image\" content=\"https:\/\/m.media-amazon.com\/images\/I\/41+3D9LcQpL._SL500_.jpg\" \/>\n\t<meta property=\"og:image:width\" content=\"500\" \/>\n\t<meta property=\"og:image:height\" content=\"500\" \/>\n\t<meta property=\"og:image:type\" content=\"image\/jpeg\" \/>\n<meta name=\"twitter:card\" content=\"summary_large_image\" \/>\n<meta name=\"twitter:label1\" content=\"Gesch\u00e4tzte Lesezeit\" \/>\n\t<meta name=\"twitter:data1\" content=\"1\u00a0Minute\" \/>\n<script type=\"application\/ld+json\" class=\"yoast-schema-graph\">{\"@context\":\"https:\\\/\\\/schema.org\",\"@graph\":[{\"@type\":\"WebPage\",\"@id\":\"https:\\\/\\\/marktxxl.de\\\/markt\\\/produkt\\\/friends-kulturtasche-damen-schwarz-kulturbeutel-damen-und-teenager-maedchen-weich-velvet-kosmetiktasche-gross-kinder-make-up-tasche-geschenk\\\/\",\"url\":\"https:\\\/\\\/marktxxl.de\\\/markt\\\/produkt\\\/friends-kulturtasche-damen-schwarz-kulturbeutel-damen-und-teenager-maedchen-weich-velvet-kosmetiktasche-gross-kinder-make-up-tasche-geschenk\\\/\",\"name\":\"Friends Kulturtasche Damen, Schwarz Kulturbeutel Damen und Teenager M\u00e4dchen, Weich Velvet Kosmetiktasche Gro\u00df Kinder\u2026 - Markt-XXL\",\"isPartOf\":{\"@id\":\"https:\\\/\\\/marktxxl.de\\\/markt\\\/#website\"},\"primaryImageOfPage\":{\"@id\":\"https:\\\/\\\/marktxxl.de\\\/markt\\\/produkt\\\/friends-kulturtasche-damen-schwarz-kulturbeutel-damen-und-teenager-maedchen-weich-velvet-kosmetiktasche-gross-kinder-make-up-tasche-geschenk\\\/#primaryimage\"},\"image\":{\"@id\":\"https:\\\/\\\/marktxxl.de\\\/markt\\\/produkt\\\/friends-kulturtasche-damen-schwarz-kulturbeutel-damen-und-teenager-maedchen-weich-velvet-kosmetiktasche-gross-kinder-make-up-tasche-geschenk\\\/#primaryimage\"},\"thumbnailUrl\":\"https:\\\/\\\/m.media-amazon.com\\\/images\\\/I\\\/41+3D9LcQpL._SL500_.jpg\",\"datePublished\":\"2021-09-13T17:57:02+00:00\",\"dateModified\":\"2023-04-09T23:30:37+00:00\",\"description\":\"Markt-XXL Friends Kulturtasche Damen, Schwarz Kulturbeutel Damen und Teenager M\u00e4dchen, Weich Velvet Kosmetiktasche Gro\u00df Kinder\u2026\",\"breadcrumb\":{\"@id\":\"https:\\\/\\\/marktxxl.de\\\/markt\\\/produkt\\\/friends-kulturtasche-damen-schwarz-kulturbeutel-damen-und-teenager-maedchen-weich-velvet-kosmetiktasche-gross-kinder-make-up-tasche-geschenk\\\/#breadcrumb\"},\"inLanguage\":\"de\",\"potentialAction\":[{\"@type\":\"ReadAction\",\"target\":[\"https:\\\/\\\/marktxxl.de\\\/markt\\\/produkt\\\/friends-kulturtasche-damen-schwarz-kulturbeutel-damen-und-teenager-maedchen-weich-velvet-kosmetiktasche-gross-kinder-make-up-tasche-geschenk\\\/\"]}]},{\"@type\":\"ImageObject\",\"inLanguage\":\"de\",\"@id\":\"https:\\\/\\\/marktxxl.de\\\/markt\\\/produkt\\\/friends-kulturtasche-damen-schwarz-kulturbeutel-damen-und-teenager-maedchen-weich-velvet-kosmetiktasche-gross-kinder-make-up-tasche-geschenk\\\/#primaryimage\",\"url\":\"https:\\\/\\\/m.media-amazon.com\\\/images\\\/I\\\/41+3D9LcQpL._SL500_.jpg\",\"contentUrl\":\"https:\\\/\\\/m.media-amazon.com\\\/images\\\/I\\\/41+3D9LcQpL._SL500_.jpg\",\"width\":500,\"height\":500},{\"@type\":\"BreadcrumbList\",\"@id\":\"https:\\\/\\\/marktxxl.de\\\/markt\\\/produkt\\\/friends-kulturtasche-damen-schwarz-kulturbeutel-damen-und-teenager-maedchen-weich-velvet-kosmetiktasche-gross-kinder-make-up-tasche-geschenk\\\/#breadcrumb\",\"itemListElement\":[{\"@type\":\"ListItem\",\"position\":1,\"name\":\"Startseite\",\"item\":\"https:\\\/\\\/marktxxl.de\\\/markt\\\/\"},{\"@type\":\"ListItem\",\"position\":2,\"name\":\"Markt\",\"item\":\"https:\\\/\\\/marktxxl.de\\\/markt\\\/\"},{\"@type\":\"ListItem\",\"position\":3,\"name\":\"Friends Kulturtasche Damen, Schwarz Kulturbeutel Damen und Teenager M\u00e4dchen, Weich Velvet Kosmetiktasche Gro\u00df Kinder\u2026\"}]},{\"@type\":\"WebSite\",\"@id\":\"https:\\\/\\\/marktxxl.de\\\/markt\\\/#website\",\"url\":\"https:\\\/\\\/marktxxl.de\\\/markt\\\/\",\"name\":\"Markt-XXL\",\"description\":\"Ihr Markt Online\",\"publisher\":{\"@id\":\"https:\\\/\\\/marktxxl.de\\\/markt\\\/#organization\"},\"potentialAction\":[{\"@type\":\"SearchAction\",\"target\":{\"@type\":\"EntryPoint\",\"urlTemplate\":\"https:\\\/\\\/marktxxl.de\\\/markt\\\/?s={search_term_string}\"},\"query-input\":{\"@type\":\"PropertyValueSpecification\",\"valueRequired\":true,\"valueName\":\"search_term_string\"}}],\"inLanguage\":\"de\"},{\"@type\":\"Organization\",\"@id\":\"https:\\\/\\\/marktxxl.de\\\/markt\\\/#organization\",\"name\":\"Markt-XXL\",\"url\":\"https:\\\/\\\/marktxxl.de\\\/markt\\\/\",\"logo\":{\"@type\":\"ImageObject\",\"inLanguage\":\"de\",\"@id\":\"https:\\\/\\\/marktxxl.de\\\/markt\\\/#\\\/schema\\\/logo\\\/image\\\/\",\"url\":\"https:\\\/\\\/marktxxl.de\\\/markt\\\/wp-content\\\/uploads\\\/sites\\\/3\\\/2020\\\/12\\\/logo.png\",\"contentUrl\":\"https:\\\/\\\/marktxxl.de\\\/markt\\\/wp-content\\\/uploads\\\/sites\\\/3\\\/2020\\\/12\\\/logo.png\",\"width\":200,\"height\":70,\"caption\":\"Markt-XXL\"},\"image\":{\"@id\":\"https:\\\/\\\/marktxxl.de\\\/markt\\\/#\\\/schema\\\/logo\\\/image\\\/\"}}]}<\/script>\n<!-- \/ Yoast SEO plugin. -->","yoast_head_json":{"title":"Friends Kulturtasche Damen, Schwarz Kulturbeutel Damen und Teenager M\u00e4dchen, Weich Velvet Kosmetiktasche Gro\u00df Kinder\u2026 - Markt-XXL","description":"Markt-XXL Friends Kulturtasche Damen, Schwarz Kulturbeutel Damen und Teenager M\u00e4dchen, Weich Velvet Kosmetiktasche Gro\u00df Kinder\u2026","robots":{"index":"index","follow":"follow","max-snippet":"max-snippet:-1","max-image-preview":"max-image-preview:large","max-video-preview":"max-video-preview:-1"},"canonical":"https:\/\/marktxxl.de\/markt\/produkt\/friends-kulturtasche-damen-schwarz-kulturbeutel-damen-und-teenager-maedchen-weich-velvet-kosmetiktasche-gross-kinder-make-up-tasche-geschenk\/","og_locale":"de_DE","og_type":"article","og_title":"Friends Kulturtasche Damen, Schwarz Kulturbeutel Damen und Teenager M\u00e4dchen, Weich Velvet Kosmetiktasche Gro\u00df Kinder\u2026 - Markt-XXL","og_description":"Markt-XXL Friends Kulturtasche Damen, Schwarz Kulturbeutel Damen und Teenager M\u00e4dchen, Weich Velvet Kosmetiktasche Gro\u00df Kinder\u2026","og_url":"https:\/\/marktxxl.de\/markt\/produkt\/friends-kulturtasche-damen-schwarz-kulturbeutel-damen-und-teenager-maedchen-weich-velvet-kosmetiktasche-gross-kinder-make-up-tasche-geschenk\/","og_site_name":"Markt-XXL","article_modified_time":"2023-04-09T23:30:37+00:00","og_image":[{"width":500,"height":500,"url":"https:\/\/m.media-amazon.com\/images\/I\/41+3D9LcQpL._SL500_.jpg","type":"image\/jpeg"}],"twitter_card":"summary_large_image","twitter_misc":{"Gesch\u00e4tzte Lesezeit":"1\u00a0Minute"},"schema":{"@context":"https:\/\/schema.org","@graph":[{"@type":"WebPage","@id":"https:\/\/marktxxl.de\/markt\/produkt\/friends-kulturtasche-damen-schwarz-kulturbeutel-damen-und-teenager-maedchen-weich-velvet-kosmetiktasche-gross-kinder-make-up-tasche-geschenk\/","url":"https:\/\/marktxxl.de\/markt\/produkt\/friends-kulturtasche-damen-schwarz-kulturbeutel-damen-und-teenager-maedchen-weich-velvet-kosmetiktasche-gross-kinder-make-up-tasche-geschenk\/","name":"Friends Kulturtasche Damen, Schwarz Kulturbeutel Damen und Teenager M\u00e4dchen, Weich Velvet Kosmetiktasche Gro\u00df Kinder\u2026 - Markt-XXL","isPartOf":{"@id":"https:\/\/marktxxl.de\/markt\/#website"},"primaryImageOfPage":{"@id":"https:\/\/marktxxl.de\/markt\/produkt\/friends-kulturtasche-damen-schwarz-kulturbeutel-damen-und-teenager-maedchen-weich-velvet-kosmetiktasche-gross-kinder-make-up-tasche-geschenk\/#primaryimage"},"image":{"@id":"https:\/\/marktxxl.de\/markt\/produkt\/friends-kulturtasche-damen-schwarz-kulturbeutel-damen-und-teenager-maedchen-weich-velvet-kosmetiktasche-gross-kinder-make-up-tasche-geschenk\/#primaryimage"},"thumbnailUrl":"https:\/\/m.media-amazon.com\/images\/I\/41+3D9LcQpL._SL500_.jpg","datePublished":"2021-09-13T17:57:02+00:00","dateModified":"2023-04-09T23:30:37+00:00","description":"Markt-XXL Friends Kulturtasche Damen, Schwarz Kulturbeutel Damen und Teenager M\u00e4dchen, Weich Velvet Kosmetiktasche Gro\u00df Kinder\u2026","breadcrumb":{"@id":"https:\/\/marktxxl.de\/markt\/produkt\/friends-kulturtasche-damen-schwarz-kulturbeutel-damen-und-teenager-maedchen-weich-velvet-kosmetiktasche-gross-kinder-make-up-tasche-geschenk\/#breadcrumb"},"inLanguage":"de","potentialAction":[{"@type":"ReadAction","target":["https:\/\/marktxxl.de\/markt\/produkt\/friends-kulturtasche-damen-schwarz-kulturbeutel-damen-und-teenager-maedchen-weich-velvet-kosmetiktasche-gross-kinder-make-up-tasche-geschenk\/"]}]},{"@type":"ImageObject","inLanguage":"de","@id":"https:\/\/marktxxl.de\/markt\/produkt\/friends-kulturtasche-damen-schwarz-kulturbeutel-damen-und-teenager-maedchen-weich-velvet-kosmetiktasche-gross-kinder-make-up-tasche-geschenk\/#primaryimage","url":"https:\/\/m.media-amazon.com\/images\/I\/41+3D9LcQpL._SL500_.jpg","contentUrl":"https:\/\/m.media-amazon.com\/images\/I\/41+3D9LcQpL._SL500_.jpg","width":500,"height":500},{"@type":"BreadcrumbList","@id":"https:\/\/marktxxl.de\/markt\/produkt\/friends-kulturtasche-damen-schwarz-kulturbeutel-damen-und-teenager-maedchen-weich-velvet-kosmetiktasche-gross-kinder-make-up-tasche-geschenk\/#breadcrumb","itemListElement":[{"@type":"ListItem","position":1,"name":"Startseite","item":"https:\/\/marktxxl.de\/markt\/"},{"@type":"ListItem","position":2,"name":"Markt","item":"https:\/\/marktxxl.de\/markt\/"},{"@type":"ListItem","position":3,"name":"Friends Kulturtasche Damen, Schwarz Kulturbeutel Damen und Teenager M\u00e4dchen, Weich Velvet Kosmetiktasche Gro\u00df Kinder\u2026"}]},{"@type":"WebSite","@id":"https:\/\/marktxxl.de\/markt\/#website","url":"https:\/\/marktxxl.de\/markt\/","name":"Markt-XXL","description":"Ihr Markt Online","publisher":{"@id":"https:\/\/marktxxl.de\/markt\/#organization"},"potentialAction":[{"@type":"SearchAction","target":{"@type":"EntryPoint","urlTemplate":"https:\/\/marktxxl.de\/markt\/?s={search_term_string}"},"query-input":{"@type":"PropertyValueSpecification","valueRequired":true,"valueName":"search_term_string"}}],"inLanguage":"de"},{"@type":"Organization","@id":"https:\/\/marktxxl.de\/markt\/#organization","name":"Markt-XXL","url":"https:\/\/marktxxl.de\/markt\/","logo":{"@type":"ImageObject","inLanguage":"de","@id":"https:\/\/marktxxl.de\/markt\/#\/schema\/logo\/image\/","url":"https:\/\/marktxxl.de\/markt\/wp-content\/uploads\/sites\/3\/2020\/12\/logo.png","contentUrl":"https:\/\/marktxxl.de\/markt\/wp-content\/uploads\/sites\/3\/2020\/12\/logo.png","width":200,"height":70,"caption":"Markt-XXL"},"image":{"@id":"https:\/\/marktxxl.de\/markt\/#\/schema\/logo\/image\/"}}]}},"_links":{"self":[{"href":"https:\/\/marktxxl.de\/markt\/wp-json\/wp\/v2\/product\/32653","targetHints":{"allow":["GET"]}}],"collection":[{"href":"https:\/\/marktxxl.de\/markt\/wp-json\/wp\/v2\/product"}],"about":[{"href":"https:\/\/marktxxl.de\/markt\/wp-json\/wp\/v2\/types\/product"}],"replies":[{"embeddable":true,"href":"https:\/\/marktxxl.de\/markt\/wp-json\/wp\/v2\/comments?post=32653"}],"wp:featuredmedia":[{"embeddable":true,"href":"https:\/\/marktxxl.de\/markt\/wp-json\/wp\/v2\/media\/32662"}],"wp:attachment":[{"href":"https:\/\/marktxxl.de\/markt\/wp-json\/wp\/v2\/media?parent=32653"}],"wp:term":[{"taxonomy":"product_brand","embeddable":true,"href":"https:\/\/marktxxl.de\/markt\/wp-json\/wp\/v2\/product_brand?post=32653"},{"taxonomy":"product_cat","embeddable":true,"href":"https:\/\/marktxxl.de\/markt\/wp-json\/wp\/v2\/product_cat?post=32653"},{"taxonomy":"product_tag","embeddable":true,"href":"https:\/\/marktxxl.de\/markt\/wp-json\/wp\/v2\/product_tag?post=32653"}],"curies":[{"name":"wp","href":"https:\/\/api.w.org\/{rel}","templated":true}]}}