{"id":32644,"date":"2021-09-13T19:57:01","date_gmt":"2021-09-13T17:57:01","guid":{"rendered":"https:\/\/marktxxl.de\/markt\/produkt\/m-asam-perfect-teint-sofortiger-weichzeichner-und-mattierer-30ml\/"},"modified":"2023-04-10T01:30:37","modified_gmt":"2023-04-09T23:30:37","slug":"m-asam-perfect-teint-sofortiger-weichzeichner-und-mattierer-30ml","status":"publish","type":"product","link":"https:\/\/marktxxl.de\/markt\/produkt\/m-asam-perfect-teint-sofortiger-weichzeichner-und-mattierer-30ml\/","title":{"rendered":"M. Asam Perfect Teint Gesicht Concealer (30ml) &#8211; Sofortiger Weichzeichner &amp; Mattierer, Transparentes Anti-aging Make-up\u2026"},"content":{"rendered":"<p>TRANSPARENTES MAKE UP: Das transparente Anti-Aging Make-up mit Soforteffekt aus dem Hause asambeauty, kann gezielt auf F\u00e4ltchen oder dem ganzen Gesicht aufgetragen werden. PERFECT TEINT ist f\u00fcr jeden Hauttyp und jedes Alter geeignet.<br \/>\nEBENM\u00c4\u00dfIGES &amp; MATTIERTES HAUTBILD: Das Hautbild wirkt sofort gegl\u00e4ttet und erh\u00e4lt einen ebenm\u00e4\u00dfigen und perfekt mattierten Teint f\u00fcr ein nat\u00fcrliches Hautbild. Gl\u00e4nzende Hautpartien werden effektiv mattiert.<br \/>\nWEICHZEICHNER EFFEKT MIT SOFORT- &amp; LANGZEITWIRKUNG: Der Sofort-Effekt kaschiert Linien und F\u00e4ltchen f\u00fcr eine optische Faltenminderung. Ein innovativer Peptid-Komplex bek\u00e4mpft zudem langfristig die sichtbaren Anzeichen der Hautalterung.<br \/>\nVERFEINERT SICHTBAR DAS PORENBILD: Die seidige Textur von PERFECT TEINT legt sich auf Linien und F\u00e4ltchen und f\u00fcllt diese optisch von au\u00dfen auf. Der PERFECT TEINT Hautoptimierer kann pur ohne weiteres Make-up aufgetragen werden.<br \/>\nANWENDUNG: PERFECT TEINT ist sehr flexibel anwendbar. Du kannst es nach Deiner Tagespflege auf das ganze Gesicht oder auch nur auf ausgew\u00e4hlte Partien auftragen. PERFECT TEINT kann als Primer unter und \u00fcber dem Make-up getragen und bei Bedarf erneuert werden.<br \/>\n<div class=\"main-cross-sell\" data-asin=\"B07GBG51KQ\">\n\n\t<div class=\"WooZone-cross-sell-loader\">\n\t\t<div>\n\t\t\t<div id=\"floatingBarsG\">\n\t\t\t\t<div class=\"blockG\" id=\"rotateG_01\"><\/div>\n\t\t\t\t<div class=\"blockG\" id=\"rotateG_02\"><\/div>\n\t\t\t\t<div class=\"blockG\" id=\"rotateG_03\"><\/div>\n\t\t\t\t<div class=\"blockG\" id=\"rotateG_04\"><\/div>\n\t\t\t\t<div class=\"blockG\" id=\"rotateG_05\"><\/div>\n\t\t\t\t<div class=\"blockG\" id=\"rotateG_06\"><\/div>\n\t\t\t\t<div class=\"blockG\" id=\"rotateG_07\"><\/div>\n\t\t\t\t<div class=\"blockG\" id=\"rotateG_08\"><\/div>\n\t\t\t<\/div>\n\t\t\t<div class=\"WooZone-cross-sell-loader-text\"><\/div>\n\t\t<\/div>\n\t<\/div>\n\n\t\t\n<\/div>\n<div style=\"clear:both;\"><\/div><\/p>\n","protected":false},"excerpt":{"rendered":"<p>TRANSPARENTES MAKE UP: Das transparente Anti-Aging Make-up mit Soforteffekt aus dem Hause asambeauty, kann gezielt auf F\u00e4ltchen oder dem ganzen Gesicht aufgetragen werden. PERFECT TEINT ist f\u00fcr jeden Hauttyp und jedes Alter geeignet.<br \/>\nEBENM\u00c4\u00dfIGES &amp; MATTIERTES HAUTBILD: Das Hautbild wirkt sofort gegl\u00e4ttet und erh\u00e4lt einen ebenm\u00e4\u00dfigen und perfekt mattierten Teint f\u00fcr ein nat\u00fcrliches Hautbild. Gl\u00e4nzende Hautpartien werden effektiv mattiert.<br \/>\nWEICHZEICHNER EFFEKT MIT SOFORT- &amp; LANGZEITWIRKUNG: Der Sofort-Effekt kaschiert Linien und F\u00e4ltchen f\u00fcr eine optische Faltenminderung. Ein innovativer Peptid-Komplex bek\u00e4mpft zudem langfristig die sichtbaren Anzeichen der Hautalterung.<\/p>\n","protected":false},"featured_media":32646,"comment_status":"open","ping_status":"closed","template":"","meta":[],"product_brand":[],"product_cat":[2858,7575],"product_tag":[],"class_list":{"0":"post-32644","1":"product","2":"type-product","3":"status-publish","4":"has-post-thumbnail","6":"product_cat-beauty","7":"product_cat-make-up","8":"pa_binding-badartikel","9":"pa_brand-m-asam","10":"pa_height-2-2-zoll","11":"pa_languages-unbekannt-englisch","12":"pa_length-2-5-zoll","13":"pa_manufacturer-m-asam-gmbh","14":"pa_model-14958","15":"pa_size-30ml","16":"pa_weight-0-25-pfund","17":"pa_width-2-5-zoll","19":"first","20":"instock","21":"shipping-taxable","22":"purchasable","23":"product-type-simple","24":"customify-col","25":"product-has-gallery"},"yoast_head":"<!-- This site is optimized with the Yoast SEO plugin v27.3 - https:\/\/yoast.com\/product\/yoast-seo-wordpress\/ -->\n<title>M. Asam Perfect Teint Gesicht Concealer (30ml) - Sofortiger Weichzeichner &amp; Mattierer, Transparentes Anti-aging Make-up\u2026 - Markt-XXL<\/title>\n<meta name=\"description\" content=\"Markt-XXL M. Asam Perfect Teint Gesicht Concealer (30ml) - Sofortiger Weichzeichner &amp; Mattierer, Transparentes Anti-aging Make-up\u2026\" \/>\n<meta name=\"robots\" content=\"index, follow, max-snippet:-1, max-image-preview:large, max-video-preview:-1\" \/>\n<link rel=\"canonical\" href=\"https:\/\/marktxxl.de\/markt\/produkt\/m-asam-perfect-teint-sofortiger-weichzeichner-und-mattierer-30ml\/\" \/>\n<meta property=\"og:locale\" content=\"de_DE\" \/>\n<meta property=\"og:type\" content=\"article\" \/>\n<meta property=\"og:title\" content=\"M. Asam Perfect Teint Gesicht Concealer (30ml) - Sofortiger Weichzeichner &amp; Mattierer, Transparentes Anti-aging Make-up\u2026 - Markt-XXL\" \/>\n<meta property=\"og:description\" content=\"Markt-XXL M. Asam Perfect Teint Gesicht Concealer (30ml) - Sofortiger Weichzeichner &amp; Mattierer, Transparentes Anti-aging Make-up\u2026\" \/>\n<meta property=\"og:url\" content=\"https:\/\/marktxxl.de\/markt\/produkt\/m-asam-perfect-teint-sofortiger-weichzeichner-und-mattierer-30ml\/\" \/>\n<meta property=\"og:site_name\" content=\"Markt-XXL\" \/>\n<meta property=\"article:modified_time\" content=\"2023-04-09T23:30:37+00:00\" \/>\n<meta property=\"og:image\" content=\"https:\/\/m.media-amazon.com\/images\/I\/31ppisMzgQL._SL500_.jpg\" \/>\n\t<meta property=\"og:image:width\" content=\"500\" \/>\n\t<meta property=\"og:image:height\" content=\"500\" \/>\n\t<meta property=\"og:image:type\" content=\"image\/jpeg\" \/>\n<meta name=\"twitter:card\" content=\"summary_large_image\" \/>\n<meta name=\"twitter:label1\" content=\"Gesch\u00e4tzte Lesezeit\" \/>\n\t<meta name=\"twitter:data1\" content=\"1\u00a0Minute\" \/>\n<script type=\"application\/ld+json\" class=\"yoast-schema-graph\">{\"@context\":\"https:\\\/\\\/schema.org\",\"@graph\":[{\"@type\":\"WebPage\",\"@id\":\"https:\\\/\\\/marktxxl.de\\\/markt\\\/produkt\\\/m-asam-perfect-teint-sofortiger-weichzeichner-und-mattierer-30ml\\\/\",\"url\":\"https:\\\/\\\/marktxxl.de\\\/markt\\\/produkt\\\/m-asam-perfect-teint-sofortiger-weichzeichner-und-mattierer-30ml\\\/\",\"name\":\"M. Asam Perfect Teint Gesicht Concealer (30ml) - Sofortiger Weichzeichner &amp; Mattierer, Transparentes Anti-aging Make-up\u2026 - Markt-XXL\",\"isPartOf\":{\"@id\":\"https:\\\/\\\/marktxxl.de\\\/markt\\\/#website\"},\"primaryImageOfPage\":{\"@id\":\"https:\\\/\\\/marktxxl.de\\\/markt\\\/produkt\\\/m-asam-perfect-teint-sofortiger-weichzeichner-und-mattierer-30ml\\\/#primaryimage\"},\"image\":{\"@id\":\"https:\\\/\\\/marktxxl.de\\\/markt\\\/produkt\\\/m-asam-perfect-teint-sofortiger-weichzeichner-und-mattierer-30ml\\\/#primaryimage\"},\"thumbnailUrl\":\"https:\\\/\\\/m.media-amazon.com\\\/images\\\/I\\\/31ppisMzgQL._SL500_.jpg\",\"datePublished\":\"2021-09-13T17:57:01+00:00\",\"dateModified\":\"2023-04-09T23:30:37+00:00\",\"description\":\"Markt-XXL M. Asam Perfect Teint Gesicht Concealer (30ml) - Sofortiger Weichzeichner &amp; Mattierer, Transparentes Anti-aging Make-up\u2026\",\"breadcrumb\":{\"@id\":\"https:\\\/\\\/marktxxl.de\\\/markt\\\/produkt\\\/m-asam-perfect-teint-sofortiger-weichzeichner-und-mattierer-30ml\\\/#breadcrumb\"},\"inLanguage\":\"de\",\"potentialAction\":[{\"@type\":\"ReadAction\",\"target\":[\"https:\\\/\\\/marktxxl.de\\\/markt\\\/produkt\\\/m-asam-perfect-teint-sofortiger-weichzeichner-und-mattierer-30ml\\\/\"]}]},{\"@type\":\"ImageObject\",\"inLanguage\":\"de\",\"@id\":\"https:\\\/\\\/marktxxl.de\\\/markt\\\/produkt\\\/m-asam-perfect-teint-sofortiger-weichzeichner-und-mattierer-30ml\\\/#primaryimage\",\"url\":\"https:\\\/\\\/m.media-amazon.com\\\/images\\\/I\\\/31ppisMzgQL._SL500_.jpg\",\"contentUrl\":\"https:\\\/\\\/m.media-amazon.com\\\/images\\\/I\\\/31ppisMzgQL._SL500_.jpg\",\"width\":500,\"height\":500},{\"@type\":\"BreadcrumbList\",\"@id\":\"https:\\\/\\\/marktxxl.de\\\/markt\\\/produkt\\\/m-asam-perfect-teint-sofortiger-weichzeichner-und-mattierer-30ml\\\/#breadcrumb\",\"itemListElement\":[{\"@type\":\"ListItem\",\"position\":1,\"name\":\"Startseite\",\"item\":\"https:\\\/\\\/marktxxl.de\\\/markt\\\/\"},{\"@type\":\"ListItem\",\"position\":2,\"name\":\"Markt\",\"item\":\"https:\\\/\\\/marktxxl.de\\\/markt\\\/\"},{\"@type\":\"ListItem\",\"position\":3,\"name\":\"M. Asam Perfect Teint Gesicht Concealer (30ml) &#8211; Sofortiger Weichzeichner &amp; Mattierer, Transparentes Anti-aging Make-up\u2026\"}]},{\"@type\":\"WebSite\",\"@id\":\"https:\\\/\\\/marktxxl.de\\\/markt\\\/#website\",\"url\":\"https:\\\/\\\/marktxxl.de\\\/markt\\\/\",\"name\":\"Markt-XXL\",\"description\":\"Ihr Markt Online\",\"publisher\":{\"@id\":\"https:\\\/\\\/marktxxl.de\\\/markt\\\/#organization\"},\"potentialAction\":[{\"@type\":\"SearchAction\",\"target\":{\"@type\":\"EntryPoint\",\"urlTemplate\":\"https:\\\/\\\/marktxxl.de\\\/markt\\\/?s={search_term_string}\"},\"query-input\":{\"@type\":\"PropertyValueSpecification\",\"valueRequired\":true,\"valueName\":\"search_term_string\"}}],\"inLanguage\":\"de\"},{\"@type\":\"Organization\",\"@id\":\"https:\\\/\\\/marktxxl.de\\\/markt\\\/#organization\",\"name\":\"Markt-XXL\",\"url\":\"https:\\\/\\\/marktxxl.de\\\/markt\\\/\",\"logo\":{\"@type\":\"ImageObject\",\"inLanguage\":\"de\",\"@id\":\"https:\\\/\\\/marktxxl.de\\\/markt\\\/#\\\/schema\\\/logo\\\/image\\\/\",\"url\":\"https:\\\/\\\/marktxxl.de\\\/markt\\\/wp-content\\\/uploads\\\/sites\\\/3\\\/2020\\\/12\\\/logo.png\",\"contentUrl\":\"https:\\\/\\\/marktxxl.de\\\/markt\\\/wp-content\\\/uploads\\\/sites\\\/3\\\/2020\\\/12\\\/logo.png\",\"width\":200,\"height\":70,\"caption\":\"Markt-XXL\"},\"image\":{\"@id\":\"https:\\\/\\\/marktxxl.de\\\/markt\\\/#\\\/schema\\\/logo\\\/image\\\/\"}}]}<\/script>\n<!-- \/ Yoast SEO plugin. -->","yoast_head_json":{"title":"M. Asam Perfect Teint Gesicht Concealer (30ml) - Sofortiger Weichzeichner &amp; Mattierer, Transparentes Anti-aging Make-up\u2026 - Markt-XXL","description":"Markt-XXL M. Asam Perfect Teint Gesicht Concealer (30ml) - Sofortiger Weichzeichner &amp; Mattierer, Transparentes Anti-aging Make-up\u2026","robots":{"index":"index","follow":"follow","max-snippet":"max-snippet:-1","max-image-preview":"max-image-preview:large","max-video-preview":"max-video-preview:-1"},"canonical":"https:\/\/marktxxl.de\/markt\/produkt\/m-asam-perfect-teint-sofortiger-weichzeichner-und-mattierer-30ml\/","og_locale":"de_DE","og_type":"article","og_title":"M. Asam Perfect Teint Gesicht Concealer (30ml) - Sofortiger Weichzeichner &amp; Mattierer, Transparentes Anti-aging Make-up\u2026 - Markt-XXL","og_description":"Markt-XXL M. Asam Perfect Teint Gesicht Concealer (30ml) - Sofortiger Weichzeichner &amp; Mattierer, Transparentes Anti-aging Make-up\u2026","og_url":"https:\/\/marktxxl.de\/markt\/produkt\/m-asam-perfect-teint-sofortiger-weichzeichner-und-mattierer-30ml\/","og_site_name":"Markt-XXL","article_modified_time":"2023-04-09T23:30:37+00:00","og_image":[{"width":500,"height":500,"url":"https:\/\/m.media-amazon.com\/images\/I\/31ppisMzgQL._SL500_.jpg","type":"image\/jpeg"}],"twitter_card":"summary_large_image","twitter_misc":{"Gesch\u00e4tzte Lesezeit":"1\u00a0Minute"},"schema":{"@context":"https:\/\/schema.org","@graph":[{"@type":"WebPage","@id":"https:\/\/marktxxl.de\/markt\/produkt\/m-asam-perfect-teint-sofortiger-weichzeichner-und-mattierer-30ml\/","url":"https:\/\/marktxxl.de\/markt\/produkt\/m-asam-perfect-teint-sofortiger-weichzeichner-und-mattierer-30ml\/","name":"M. Asam Perfect Teint Gesicht Concealer (30ml) - Sofortiger Weichzeichner &amp; Mattierer, Transparentes Anti-aging Make-up\u2026 - Markt-XXL","isPartOf":{"@id":"https:\/\/marktxxl.de\/markt\/#website"},"primaryImageOfPage":{"@id":"https:\/\/marktxxl.de\/markt\/produkt\/m-asam-perfect-teint-sofortiger-weichzeichner-und-mattierer-30ml\/#primaryimage"},"image":{"@id":"https:\/\/marktxxl.de\/markt\/produkt\/m-asam-perfect-teint-sofortiger-weichzeichner-und-mattierer-30ml\/#primaryimage"},"thumbnailUrl":"https:\/\/m.media-amazon.com\/images\/I\/31ppisMzgQL._SL500_.jpg","datePublished":"2021-09-13T17:57:01+00:00","dateModified":"2023-04-09T23:30:37+00:00","description":"Markt-XXL M. Asam Perfect Teint Gesicht Concealer (30ml) - Sofortiger Weichzeichner &amp; Mattierer, Transparentes Anti-aging Make-up\u2026","breadcrumb":{"@id":"https:\/\/marktxxl.de\/markt\/produkt\/m-asam-perfect-teint-sofortiger-weichzeichner-und-mattierer-30ml\/#breadcrumb"},"inLanguage":"de","potentialAction":[{"@type":"ReadAction","target":["https:\/\/marktxxl.de\/markt\/produkt\/m-asam-perfect-teint-sofortiger-weichzeichner-und-mattierer-30ml\/"]}]},{"@type":"ImageObject","inLanguage":"de","@id":"https:\/\/marktxxl.de\/markt\/produkt\/m-asam-perfect-teint-sofortiger-weichzeichner-und-mattierer-30ml\/#primaryimage","url":"https:\/\/m.media-amazon.com\/images\/I\/31ppisMzgQL._SL500_.jpg","contentUrl":"https:\/\/m.media-amazon.com\/images\/I\/31ppisMzgQL._SL500_.jpg","width":500,"height":500},{"@type":"BreadcrumbList","@id":"https:\/\/marktxxl.de\/markt\/produkt\/m-asam-perfect-teint-sofortiger-weichzeichner-und-mattierer-30ml\/#breadcrumb","itemListElement":[{"@type":"ListItem","position":1,"name":"Startseite","item":"https:\/\/marktxxl.de\/markt\/"},{"@type":"ListItem","position":2,"name":"Markt","item":"https:\/\/marktxxl.de\/markt\/"},{"@type":"ListItem","position":3,"name":"M. Asam Perfect Teint Gesicht Concealer (30ml) &#8211; Sofortiger Weichzeichner &amp; Mattierer, Transparentes Anti-aging Make-up\u2026"}]},{"@type":"WebSite","@id":"https:\/\/marktxxl.de\/markt\/#website","url":"https:\/\/marktxxl.de\/markt\/","name":"Markt-XXL","description":"Ihr Markt Online","publisher":{"@id":"https:\/\/marktxxl.de\/markt\/#organization"},"potentialAction":[{"@type":"SearchAction","target":{"@type":"EntryPoint","urlTemplate":"https:\/\/marktxxl.de\/markt\/?s={search_term_string}"},"query-input":{"@type":"PropertyValueSpecification","valueRequired":true,"valueName":"search_term_string"}}],"inLanguage":"de"},{"@type":"Organization","@id":"https:\/\/marktxxl.de\/markt\/#organization","name":"Markt-XXL","url":"https:\/\/marktxxl.de\/markt\/","logo":{"@type":"ImageObject","inLanguage":"de","@id":"https:\/\/marktxxl.de\/markt\/#\/schema\/logo\/image\/","url":"https:\/\/marktxxl.de\/markt\/wp-content\/uploads\/sites\/3\/2020\/12\/logo.png","contentUrl":"https:\/\/marktxxl.de\/markt\/wp-content\/uploads\/sites\/3\/2020\/12\/logo.png","width":200,"height":70,"caption":"Markt-XXL"},"image":{"@id":"https:\/\/marktxxl.de\/markt\/#\/schema\/logo\/image\/"}}]}},"_links":{"self":[{"href":"https:\/\/marktxxl.de\/markt\/wp-json\/wp\/v2\/product\/32644","targetHints":{"allow":["GET"]}}],"collection":[{"href":"https:\/\/marktxxl.de\/markt\/wp-json\/wp\/v2\/product"}],"about":[{"href":"https:\/\/marktxxl.de\/markt\/wp-json\/wp\/v2\/types\/product"}],"replies":[{"embeddable":true,"href":"https:\/\/marktxxl.de\/markt\/wp-json\/wp\/v2\/comments?post=32644"}],"wp:featuredmedia":[{"embeddable":true,"href":"https:\/\/marktxxl.de\/markt\/wp-json\/wp\/v2\/media\/32646"}],"wp:attachment":[{"href":"https:\/\/marktxxl.de\/markt\/wp-json\/wp\/v2\/media?parent=32644"}],"wp:term":[{"taxonomy":"product_brand","embeddable":true,"href":"https:\/\/marktxxl.de\/markt\/wp-json\/wp\/v2\/product_brand?post=32644"},{"taxonomy":"product_cat","embeddable":true,"href":"https:\/\/marktxxl.de\/markt\/wp-json\/wp\/v2\/product_cat?post=32644"},{"taxonomy":"product_tag","embeddable":true,"href":"https:\/\/marktxxl.de\/markt\/wp-json\/wp\/v2\/product_tag?post=32644"}],"curies":[{"name":"wp","href":"https:\/\/api.w.org\/{rel}","templated":true}]}}