{"id":32636,"date":"2021-09-13T19:56:58","date_gmt":"2021-09-13T17:56:58","guid":{"rendered":"https:\/\/marktxxl.de\/markt\/produkt\/vitamin-b12-50-ml-1750-tropfen-mit-beiden-aktiven-formen-methyl-adenosylcobalamin-laborgeprueft-vegan-ohne-zusaetze-in-deutschland-produziert\/"},"modified":"2023-04-10T01:30:36","modified_gmt":"2023-04-09T23:30:36","slug":"vitamin-b12-50-ml-1750-tropfen-mit-beiden-aktiven-formen-methyl-adenosylcobalamin-laborgeprueft-vegan-ohne-zusaetze-in-deutschland-produziert","status":"publish","type":"product","link":"https:\/\/marktxxl.de\/markt\/produkt\/vitamin-b12-50-ml-1750-tropfen-mit-beiden-aktiven-formen-methyl-adenosylcobalamin-laborgeprueft-vegan-ohne-zusaetze-in-deutschland-produziert\/","title":{"rendered":"Vitamin B12-50 ml (900 Tropfen) &#8211; 500\u00b5g pro Tropfen &#8211; Vegan &amp; hochdosiert &#8211; mit beiden aktiven Formen Methyl\u2026"},"content":{"rendered":"<p>VITAMIN B12 HOCHDOSIERT: Vitamin B12 Tropfen mit beiden bioaktiven B12 Formen Methylcobalamin und Adenosylcobalamin. 250\u00b5g Vitamin B12 je Tagesdosis (1 Tropfen). Das Vitamin B12 von Feel Natural wird aus Fermentation von Mais gewonnen. 50ml entsprechen 1750 Tropfen. Wir verzichten im Gegensatz zu vielen anderen Herstellern auf nat\u00fcrlichen Alkohol und verwenden stattdessen Glycerin.<br \/>\n100% VEGAN: Dieses Produkt ist f\u00fcr Veganer und Vegetarier geeignet, da wir keine tierischen Zutaten verwenden.<br \/>\nOHNE UNERW\u00dcNSCHTE ZUS\u00c4TZE: Frei von unerw\u00fcnschten Zusatzstoffen wie Trennmitteln, Magnesiumstearat, Aromen, Farbstoffen.<br \/>\nHERGESTELLT IN DEUTSCHLAND: Dieses Produkt wird in streng gepr\u00fcften und zertifizierten Anlagen in Deutschland hergestellt.<br \/>\nQUALIT\u00c4T + ZUFRIEDENHEITSGARANTIE: Alle Produkte von Feel Natural werden streng kontrolliert und von zertifizierten deutschen Laboren gepr\u00fcft. Sie k\u00f6nnen dennoch innerhalb eines Jahres die Zufriedenheitsgarantie in Anspruch nehmen und Ihr Geld zur\u00fcckerhalten.<br \/>\n<div class=\"main-cross-sell\" data-asin=\"B07M94Z9W2\">\n\n\t<div class=\"WooZone-cross-sell-loader\">\n\t\t<div>\n\t\t\t<div id=\"floatingBarsG\">\n\t\t\t\t<div class=\"blockG\" id=\"rotateG_01\"><\/div>\n\t\t\t\t<div class=\"blockG\" id=\"rotateG_02\"><\/div>\n\t\t\t\t<div class=\"blockG\" id=\"rotateG_03\"><\/div>\n\t\t\t\t<div class=\"blockG\" id=\"rotateG_04\"><\/div>\n\t\t\t\t<div class=\"blockG\" id=\"rotateG_05\"><\/div>\n\t\t\t\t<div class=\"blockG\" id=\"rotateG_06\"><\/div>\n\t\t\t\t<div class=\"blockG\" id=\"rotateG_07\"><\/div>\n\t\t\t\t<div class=\"blockG\" id=\"rotateG_08\"><\/div>\n\t\t\t<\/div>\n\t\t\t<div class=\"WooZone-cross-sell-loader-text\"><\/div>\n\t\t<\/div>\n\t<\/div>\n\n\t\t\n<\/div>\n<div style=\"clear:both;\"><\/div><\/p>\n","protected":false},"excerpt":{"rendered":"<p>VITAMIN B12 HOCHDOSIERT: Vitamin B12 Tropfen mit beiden bioaktiven B12 Formen Methylcobalamin und Adenosylcobalamin. 250\u00b5g Vitamin B12 je Tagesdosis (1 Tropfen). Das Vitamin B12 von Feel Natural wird aus Fermentation von Mais gewonnen. 50ml entsprechen 1750 Tropfen. Wir verzichten im Gegensatz zu vielen anderen Herstellern auf nat\u00fcrlichen Alkohol und verwenden stattdessen Glycerin.<br \/>\n100% VEGAN: Dieses Produkt ist f\u00fcr Veganer und Vegetarier geeignet, da wir keine tierischen Zutaten verwenden.<br \/>\nOHNE UNERW\u00dcNSCHTE ZUS\u00c4TZE: Frei von unerw\u00fcnschten Zusatzstoffen wie Trennmitteln, Magnesiumstearat, Aromen, Farbstoffen.<\/p>\n","protected":false},"featured_media":32637,"comment_status":"open","ping_status":"closed","template":"","meta":[],"product_brand":[],"product_cat":[2858,7575],"product_tag":[],"class_list":{"0":"post-32636","1":"product","2":"type-product","3":"status-publish","4":"has-post-thumbnail","6":"product_cat-beauty","7":"product_cat-make-up","8":"pa_brand-feel-natural","9":"pa_manufacturer-vita-naturalis-ug-haftungsbeschraenkt","10":"pa_size-50-ml-1er-pack","12":"first","13":"instock","14":"shipping-taxable","15":"purchasable","16":"product-type-simple","17":"customify-col","18":"product-has-gallery"},"yoast_head":"<!-- This site is optimized with the Yoast SEO plugin v27.4 - https:\/\/yoast.com\/product\/yoast-seo-wordpress\/ -->\n<title>Vitamin B12-50 ml (900 Tropfen) - 500\u00b5g pro Tropfen - Vegan &amp; hochdosiert - mit beiden aktiven Formen Methyl\u2026 - Markt-XXL<\/title>\n<meta name=\"description\" content=\"Markt-XXL Vitamin B12-50 ml (900 Tropfen) - 500\u00b5g pro Tropfen - Vegan &amp; hochdosiert - mit beiden aktiven Formen Methyl\u2026\" \/>\n<meta name=\"robots\" content=\"index, follow, max-snippet:-1, max-image-preview:large, max-video-preview:-1\" \/>\n<link rel=\"canonical\" href=\"https:\/\/marktxxl.de\/markt\/produkt\/vitamin-b12-50-ml-1750-tropfen-mit-beiden-aktiven-formen-methyl-adenosylcobalamin-laborgeprueft-vegan-ohne-zusaetze-in-deutschland-produziert\/\" \/>\n<meta property=\"og:locale\" content=\"de_DE\" \/>\n<meta property=\"og:type\" content=\"article\" \/>\n<meta property=\"og:title\" content=\"Vitamin B12-50 ml (900 Tropfen) - 500\u00b5g pro Tropfen - Vegan &amp; hochdosiert - mit beiden aktiven Formen Methyl\u2026 - Markt-XXL\" \/>\n<meta property=\"og:description\" content=\"Markt-XXL Vitamin B12-50 ml (900 Tropfen) - 500\u00b5g pro Tropfen - Vegan &amp; hochdosiert - mit beiden aktiven Formen Methyl\u2026\" \/>\n<meta property=\"og:url\" content=\"https:\/\/marktxxl.de\/markt\/produkt\/vitamin-b12-50-ml-1750-tropfen-mit-beiden-aktiven-formen-methyl-adenosylcobalamin-laborgeprueft-vegan-ohne-zusaetze-in-deutschland-produziert\/\" \/>\n<meta property=\"og:site_name\" content=\"Markt-XXL\" \/>\n<meta property=\"article:modified_time\" content=\"2023-04-09T23:30:36+00:00\" \/>\n<meta property=\"og:image\" content=\"https:\/\/m.media-amazon.com\/images\/I\/41A3c2wVmnL._SL500_.jpg\" \/>\n\t<meta property=\"og:image:width\" content=\"244\" \/>\n\t<meta property=\"og:image:height\" content=\"500\" \/>\n\t<meta property=\"og:image:type\" content=\"image\/jpeg\" \/>\n<meta name=\"twitter:card\" content=\"summary_large_image\" \/>\n<meta name=\"twitter:label1\" content=\"Gesch\u00e4tzte Lesezeit\" \/>\n\t<meta name=\"twitter:data1\" content=\"1\u00a0Minute\" \/>\n<script type=\"application\/ld+json\" class=\"yoast-schema-graph\">{\"@context\":\"https:\\\/\\\/schema.org\",\"@graph\":[{\"@type\":\"WebPage\",\"@id\":\"https:\\\/\\\/marktxxl.de\\\/markt\\\/produkt\\\/vitamin-b12-50-ml-1750-tropfen-mit-beiden-aktiven-formen-methyl-adenosylcobalamin-laborgeprueft-vegan-ohne-zusaetze-in-deutschland-produziert\\\/\",\"url\":\"https:\\\/\\\/marktxxl.de\\\/markt\\\/produkt\\\/vitamin-b12-50-ml-1750-tropfen-mit-beiden-aktiven-formen-methyl-adenosylcobalamin-laborgeprueft-vegan-ohne-zusaetze-in-deutschland-produziert\\\/\",\"name\":\"Vitamin B12-50 ml (900 Tropfen) - 500\u00b5g pro Tropfen - Vegan &amp; hochdosiert - mit beiden aktiven Formen Methyl\u2026 - Markt-XXL\",\"isPartOf\":{\"@id\":\"https:\\\/\\\/marktxxl.de\\\/markt\\\/#website\"},\"primaryImageOfPage\":{\"@id\":\"https:\\\/\\\/marktxxl.de\\\/markt\\\/produkt\\\/vitamin-b12-50-ml-1750-tropfen-mit-beiden-aktiven-formen-methyl-adenosylcobalamin-laborgeprueft-vegan-ohne-zusaetze-in-deutschland-produziert\\\/#primaryimage\"},\"image\":{\"@id\":\"https:\\\/\\\/marktxxl.de\\\/markt\\\/produkt\\\/vitamin-b12-50-ml-1750-tropfen-mit-beiden-aktiven-formen-methyl-adenosylcobalamin-laborgeprueft-vegan-ohne-zusaetze-in-deutschland-produziert\\\/#primaryimage\"},\"thumbnailUrl\":\"https:\\\/\\\/m.media-amazon.com\\\/images\\\/I\\\/41A3c2wVmnL._SL500_.jpg\",\"datePublished\":\"2021-09-13T17:56:58+00:00\",\"dateModified\":\"2023-04-09T23:30:36+00:00\",\"description\":\"Markt-XXL Vitamin B12-50 ml (900 Tropfen) - 500\u00b5g pro Tropfen - Vegan &amp; hochdosiert - mit beiden aktiven Formen Methyl\u2026\",\"breadcrumb\":{\"@id\":\"https:\\\/\\\/marktxxl.de\\\/markt\\\/produkt\\\/vitamin-b12-50-ml-1750-tropfen-mit-beiden-aktiven-formen-methyl-adenosylcobalamin-laborgeprueft-vegan-ohne-zusaetze-in-deutschland-produziert\\\/#breadcrumb\"},\"inLanguage\":\"de\",\"potentialAction\":[{\"@type\":\"ReadAction\",\"target\":[\"https:\\\/\\\/marktxxl.de\\\/markt\\\/produkt\\\/vitamin-b12-50-ml-1750-tropfen-mit-beiden-aktiven-formen-methyl-adenosylcobalamin-laborgeprueft-vegan-ohne-zusaetze-in-deutschland-produziert\\\/\"]}]},{\"@type\":\"ImageObject\",\"inLanguage\":\"de\",\"@id\":\"https:\\\/\\\/marktxxl.de\\\/markt\\\/produkt\\\/vitamin-b12-50-ml-1750-tropfen-mit-beiden-aktiven-formen-methyl-adenosylcobalamin-laborgeprueft-vegan-ohne-zusaetze-in-deutschland-produziert\\\/#primaryimage\",\"url\":\"https:\\\/\\\/m.media-amazon.com\\\/images\\\/I\\\/41A3c2wVmnL._SL500_.jpg\",\"contentUrl\":\"https:\\\/\\\/m.media-amazon.com\\\/images\\\/I\\\/41A3c2wVmnL._SL500_.jpg\",\"width\":244,\"height\":500},{\"@type\":\"BreadcrumbList\",\"@id\":\"https:\\\/\\\/marktxxl.de\\\/markt\\\/produkt\\\/vitamin-b12-50-ml-1750-tropfen-mit-beiden-aktiven-formen-methyl-adenosylcobalamin-laborgeprueft-vegan-ohne-zusaetze-in-deutschland-produziert\\\/#breadcrumb\",\"itemListElement\":[{\"@type\":\"ListItem\",\"position\":1,\"name\":\"Startseite\",\"item\":\"https:\\\/\\\/marktxxl.de\\\/markt\\\/\"},{\"@type\":\"ListItem\",\"position\":2,\"name\":\"Markt\",\"item\":\"https:\\\/\\\/marktxxl.de\\\/markt\\\/\"},{\"@type\":\"ListItem\",\"position\":3,\"name\":\"Vitamin B12-50 ml (900 Tropfen) &#8211; 500\u00b5g pro Tropfen &#8211; Vegan &amp; hochdosiert &#8211; mit beiden aktiven Formen Methyl\u2026\"}]},{\"@type\":\"WebSite\",\"@id\":\"https:\\\/\\\/marktxxl.de\\\/markt\\\/#website\",\"url\":\"https:\\\/\\\/marktxxl.de\\\/markt\\\/\",\"name\":\"Markt-XXL\",\"description\":\"Ihr Markt Online\",\"publisher\":{\"@id\":\"https:\\\/\\\/marktxxl.de\\\/markt\\\/#organization\"},\"potentialAction\":[{\"@type\":\"SearchAction\",\"target\":{\"@type\":\"EntryPoint\",\"urlTemplate\":\"https:\\\/\\\/marktxxl.de\\\/markt\\\/?s={search_term_string}\"},\"query-input\":{\"@type\":\"PropertyValueSpecification\",\"valueRequired\":true,\"valueName\":\"search_term_string\"}}],\"inLanguage\":\"de\"},{\"@type\":\"Organization\",\"@id\":\"https:\\\/\\\/marktxxl.de\\\/markt\\\/#organization\",\"name\":\"Markt-XXL\",\"url\":\"https:\\\/\\\/marktxxl.de\\\/markt\\\/\",\"logo\":{\"@type\":\"ImageObject\",\"inLanguage\":\"de\",\"@id\":\"https:\\\/\\\/marktxxl.de\\\/markt\\\/#\\\/schema\\\/logo\\\/image\\\/\",\"url\":\"https:\\\/\\\/marktxxl.de\\\/markt\\\/wp-content\\\/uploads\\\/sites\\\/3\\\/2020\\\/12\\\/logo.png\",\"contentUrl\":\"https:\\\/\\\/marktxxl.de\\\/markt\\\/wp-content\\\/uploads\\\/sites\\\/3\\\/2020\\\/12\\\/logo.png\",\"width\":200,\"height\":70,\"caption\":\"Markt-XXL\"},\"image\":{\"@id\":\"https:\\\/\\\/marktxxl.de\\\/markt\\\/#\\\/schema\\\/logo\\\/image\\\/\"}}]}<\/script>\n<!-- \/ Yoast SEO plugin. -->","yoast_head_json":{"title":"Vitamin B12-50 ml (900 Tropfen) - 500\u00b5g pro Tropfen - Vegan &amp; hochdosiert - mit beiden aktiven Formen Methyl\u2026 - Markt-XXL","description":"Markt-XXL Vitamin B12-50 ml (900 Tropfen) - 500\u00b5g pro Tropfen - Vegan &amp; hochdosiert - mit beiden aktiven Formen Methyl\u2026","robots":{"index":"index","follow":"follow","max-snippet":"max-snippet:-1","max-image-preview":"max-image-preview:large","max-video-preview":"max-video-preview:-1"},"canonical":"https:\/\/marktxxl.de\/markt\/produkt\/vitamin-b12-50-ml-1750-tropfen-mit-beiden-aktiven-formen-methyl-adenosylcobalamin-laborgeprueft-vegan-ohne-zusaetze-in-deutschland-produziert\/","og_locale":"de_DE","og_type":"article","og_title":"Vitamin B12-50 ml (900 Tropfen) - 500\u00b5g pro Tropfen - Vegan &amp; hochdosiert - mit beiden aktiven Formen Methyl\u2026 - Markt-XXL","og_description":"Markt-XXL Vitamin B12-50 ml (900 Tropfen) - 500\u00b5g pro Tropfen - Vegan &amp; hochdosiert - mit beiden aktiven Formen Methyl\u2026","og_url":"https:\/\/marktxxl.de\/markt\/produkt\/vitamin-b12-50-ml-1750-tropfen-mit-beiden-aktiven-formen-methyl-adenosylcobalamin-laborgeprueft-vegan-ohne-zusaetze-in-deutschland-produziert\/","og_site_name":"Markt-XXL","article_modified_time":"2023-04-09T23:30:36+00:00","og_image":[{"width":244,"height":500,"url":"https:\/\/m.media-amazon.com\/images\/I\/41A3c2wVmnL._SL500_.jpg","type":"image\/jpeg"}],"twitter_card":"summary_large_image","twitter_misc":{"Gesch\u00e4tzte Lesezeit":"1\u00a0Minute"},"schema":{"@context":"https:\/\/schema.org","@graph":[{"@type":"WebPage","@id":"https:\/\/marktxxl.de\/markt\/produkt\/vitamin-b12-50-ml-1750-tropfen-mit-beiden-aktiven-formen-methyl-adenosylcobalamin-laborgeprueft-vegan-ohne-zusaetze-in-deutschland-produziert\/","url":"https:\/\/marktxxl.de\/markt\/produkt\/vitamin-b12-50-ml-1750-tropfen-mit-beiden-aktiven-formen-methyl-adenosylcobalamin-laborgeprueft-vegan-ohne-zusaetze-in-deutschland-produziert\/","name":"Vitamin B12-50 ml (900 Tropfen) - 500\u00b5g pro Tropfen - Vegan &amp; hochdosiert - mit beiden aktiven Formen Methyl\u2026 - Markt-XXL","isPartOf":{"@id":"https:\/\/marktxxl.de\/markt\/#website"},"primaryImageOfPage":{"@id":"https:\/\/marktxxl.de\/markt\/produkt\/vitamin-b12-50-ml-1750-tropfen-mit-beiden-aktiven-formen-methyl-adenosylcobalamin-laborgeprueft-vegan-ohne-zusaetze-in-deutschland-produziert\/#primaryimage"},"image":{"@id":"https:\/\/marktxxl.de\/markt\/produkt\/vitamin-b12-50-ml-1750-tropfen-mit-beiden-aktiven-formen-methyl-adenosylcobalamin-laborgeprueft-vegan-ohne-zusaetze-in-deutschland-produziert\/#primaryimage"},"thumbnailUrl":"https:\/\/m.media-amazon.com\/images\/I\/41A3c2wVmnL._SL500_.jpg","datePublished":"2021-09-13T17:56:58+00:00","dateModified":"2023-04-09T23:30:36+00:00","description":"Markt-XXL Vitamin B12-50 ml (900 Tropfen) - 500\u00b5g pro Tropfen - Vegan &amp; hochdosiert - mit beiden aktiven Formen Methyl\u2026","breadcrumb":{"@id":"https:\/\/marktxxl.de\/markt\/produkt\/vitamin-b12-50-ml-1750-tropfen-mit-beiden-aktiven-formen-methyl-adenosylcobalamin-laborgeprueft-vegan-ohne-zusaetze-in-deutschland-produziert\/#breadcrumb"},"inLanguage":"de","potentialAction":[{"@type":"ReadAction","target":["https:\/\/marktxxl.de\/markt\/produkt\/vitamin-b12-50-ml-1750-tropfen-mit-beiden-aktiven-formen-methyl-adenosylcobalamin-laborgeprueft-vegan-ohne-zusaetze-in-deutschland-produziert\/"]}]},{"@type":"ImageObject","inLanguage":"de","@id":"https:\/\/marktxxl.de\/markt\/produkt\/vitamin-b12-50-ml-1750-tropfen-mit-beiden-aktiven-formen-methyl-adenosylcobalamin-laborgeprueft-vegan-ohne-zusaetze-in-deutschland-produziert\/#primaryimage","url":"https:\/\/m.media-amazon.com\/images\/I\/41A3c2wVmnL._SL500_.jpg","contentUrl":"https:\/\/m.media-amazon.com\/images\/I\/41A3c2wVmnL._SL500_.jpg","width":244,"height":500},{"@type":"BreadcrumbList","@id":"https:\/\/marktxxl.de\/markt\/produkt\/vitamin-b12-50-ml-1750-tropfen-mit-beiden-aktiven-formen-methyl-adenosylcobalamin-laborgeprueft-vegan-ohne-zusaetze-in-deutschland-produziert\/#breadcrumb","itemListElement":[{"@type":"ListItem","position":1,"name":"Startseite","item":"https:\/\/marktxxl.de\/markt\/"},{"@type":"ListItem","position":2,"name":"Markt","item":"https:\/\/marktxxl.de\/markt\/"},{"@type":"ListItem","position":3,"name":"Vitamin B12-50 ml (900 Tropfen) &#8211; 500\u00b5g pro Tropfen &#8211; Vegan &amp; hochdosiert &#8211; mit beiden aktiven Formen Methyl\u2026"}]},{"@type":"WebSite","@id":"https:\/\/marktxxl.de\/markt\/#website","url":"https:\/\/marktxxl.de\/markt\/","name":"Markt-XXL","description":"Ihr Markt Online","publisher":{"@id":"https:\/\/marktxxl.de\/markt\/#organization"},"potentialAction":[{"@type":"SearchAction","target":{"@type":"EntryPoint","urlTemplate":"https:\/\/marktxxl.de\/markt\/?s={search_term_string}"},"query-input":{"@type":"PropertyValueSpecification","valueRequired":true,"valueName":"search_term_string"}}],"inLanguage":"de"},{"@type":"Organization","@id":"https:\/\/marktxxl.de\/markt\/#organization","name":"Markt-XXL","url":"https:\/\/marktxxl.de\/markt\/","logo":{"@type":"ImageObject","inLanguage":"de","@id":"https:\/\/marktxxl.de\/markt\/#\/schema\/logo\/image\/","url":"https:\/\/marktxxl.de\/markt\/wp-content\/uploads\/sites\/3\/2020\/12\/logo.png","contentUrl":"https:\/\/marktxxl.de\/markt\/wp-content\/uploads\/sites\/3\/2020\/12\/logo.png","width":200,"height":70,"caption":"Markt-XXL"},"image":{"@id":"https:\/\/marktxxl.de\/markt\/#\/schema\/logo\/image\/"}}]}},"_links":{"self":[{"href":"https:\/\/marktxxl.de\/markt\/wp-json\/wp\/v2\/product\/32636","targetHints":{"allow":["GET"]}}],"collection":[{"href":"https:\/\/marktxxl.de\/markt\/wp-json\/wp\/v2\/product"}],"about":[{"href":"https:\/\/marktxxl.de\/markt\/wp-json\/wp\/v2\/types\/product"}],"replies":[{"embeddable":true,"href":"https:\/\/marktxxl.de\/markt\/wp-json\/wp\/v2\/comments?post=32636"}],"wp:featuredmedia":[{"embeddable":true,"href":"https:\/\/marktxxl.de\/markt\/wp-json\/wp\/v2\/media\/32637"}],"wp:attachment":[{"href":"https:\/\/marktxxl.de\/markt\/wp-json\/wp\/v2\/media?parent=32636"}],"wp:term":[{"taxonomy":"product_brand","embeddable":true,"href":"https:\/\/marktxxl.de\/markt\/wp-json\/wp\/v2\/product_brand?post=32636"},{"taxonomy":"product_cat","embeddable":true,"href":"https:\/\/marktxxl.de\/markt\/wp-json\/wp\/v2\/product_cat?post=32636"},{"taxonomy":"product_tag","embeddable":true,"href":"https:\/\/marktxxl.de\/markt\/wp-json\/wp\/v2\/product_tag?post=32636"}],"curies":[{"name":"wp","href":"https:\/\/api.w.org\/{rel}","templated":true}]}}