{"id":32629,"date":"2021-09-13T19:56:57","date_gmt":"2021-09-13T17:56:57","guid":{"rendered":"https:\/\/marktxxl.de\/markt\/produkt\/6-x-28ml-ilc-uv-licht-bodypainting-schminke-schwarzlicht-koerperfarbe-fuer-body-und-facepainting-fluoreszierende-knalligen-neon-farben-koerpermalfarben\/"},"modified":"2023-04-10T01:30:36","modified_gmt":"2023-04-09T23:30:36","slug":"6-x-28ml-ilc-uv-licht-bodypainting-schminke-schwarzlicht-koerperfarbe-fuer-body-und-facepainting-fluoreszierende-knalligen-neon-farben-koerpermalfarben","status":"publish","type":"product","link":"https:\/\/marktxxl.de\/markt\/produkt\/6-x-28ml-ilc-uv-licht-bodypainting-schminke-schwarzlicht-koerperfarbe-fuer-body-und-facepainting-fluoreszierende-knalligen-neon-farben-koerpermalfarben\/","title":{"rendered":"[6 x 28ml] iLC UV-Licht Bodypainting Schminke Schwarzlicht K\u00f6rperfarbe f\u00fcr Body und Facepainting Fluoreszierende\u2026"},"content":{"rendered":"<p>Diese Bodypaint Leuchtet unter dem UV-Licht: Tragen Sie Tag oder Nacht, sie leuchten hell unter den Schwarzlichtern, sie sind tags\u00fcber helle Neonfarben. Sie erhalten 6 Bodypainting Schminke: Pink, Orange, Gelb, Gr\u00fcn, Blau, Violett.<br \/>\nBESSERER PREIS &amp; MEHR ERHALTEN: Sparen Sie mehr Geld und Zeit, eine kostenlose Taschenlampe ist im Inneren, warten Sie nicht, um die Farbe zu testen!<br \/>\nNICHT GIFTIG UND ART DER HAUT: Diese iLC Neon Fluoreszierende Farbe enth\u00e4lt keine sch\u00e4dlichen Chemikalien. Es ist leicht durch Wasser f\u00fcr die wasserl\u00f6slichen Zutaten zu reinigen.<br \/>\nIDEAL PARTY ZUBEH\u00d6R F\u00dcR VERSCHIEDENE ANL\u00c4SSE: Geburtstag, Jahrestag, Clubbing, Festivals, Konzerte, Partys und \u00fcberall mit UV-Beleuchtung.<br \/>\n100% RISIKOFREI KAUF: Das Anbieten des freundlichsten Kundendienstes ist unser oberstes Ziel. Aus diesem Grund bieten wir Ihnen eine 100% ige Geld-zur\u00fcck-Garantie, falls diese Bodypainting Ihren Erwartungen nicht entspricht.<br \/>\n<div class=\"main-cross-sell\" data-asin=\"B071J33BFN\">\n\n\t<div class=\"WooZone-cross-sell-loader\">\n\t\t<div>\n\t\t\t<div id=\"floatingBarsG\">\n\t\t\t\t<div class=\"blockG\" id=\"rotateG_01\"><\/div>\n\t\t\t\t<div class=\"blockG\" id=\"rotateG_02\"><\/div>\n\t\t\t\t<div class=\"blockG\" id=\"rotateG_03\"><\/div>\n\t\t\t\t<div class=\"blockG\" id=\"rotateG_04\"><\/div>\n\t\t\t\t<div class=\"blockG\" id=\"rotateG_05\"><\/div>\n\t\t\t\t<div class=\"blockG\" id=\"rotateG_06\"><\/div>\n\t\t\t\t<div class=\"blockG\" id=\"rotateG_07\"><\/div>\n\t\t\t\t<div class=\"blockG\" id=\"rotateG_08\"><\/div>\n\t\t\t<\/div>\n\t\t\t<div class=\"WooZone-cross-sell-loader-text\"><\/div>\n\t\t<\/div>\n\t<\/div>\n\n\t\t\n<\/div>\n<div style=\"clear:both;\"><\/div><\/p>\n","protected":false},"excerpt":{"rendered":"<p>Diese Bodypaint Leuchtet unter dem UV-Licht: Tragen Sie Tag oder Nacht, sie leuchten hell unter den Schwarzlichtern, sie sind tags\u00fcber helle Neonfarben. Sie erhalten 6 Bodypainting Schminke: Pink, Orange, Gelb, Gr\u00fcn, Blau, Violett.<br \/>\nBESSERER PREIS &amp; MEHR ERHALTEN: Sparen Sie mehr Geld und Zeit, eine kostenlose Taschenlampe ist im Inneren, warten Sie nicht, um die Farbe zu testen!<br \/>\nNICHT GIFTIG UND ART DER HAUT: Diese iLC Neon Fluoreszierende Farbe enth\u00e4lt keine sch\u00e4dlichen Chemikalien. Es ist leicht durch Wasser f\u00fcr die wasserl\u00f6slichen Zutaten zu reinigen.<\/p>\n","protected":false},"featured_media":32630,"comment_status":"open","ping_status":"closed","template":"","meta":[],"product_brand":[],"product_cat":[2858,7575],"product_tag":[],"class_list":{"0":"post-32629","1":"product","2":"type-product","3":"status-publish","4":"has-post-thumbnail","6":"product_cat-beauty","7":"product_cat-make-up","8":"pa_binding-misc","9":"pa_brand-ilc","10":"pa_manufacturer-ilc","11":"pa_size-28-ml-6er-pack","13":"first","14":"instock","15":"shipping-taxable","16":"purchasable","17":"product-type-simple","18":"customify-col","19":"product-has-gallery"},"yoast_head":"<!-- This site is optimized with the Yoast SEO plugin v27.4 - https:\/\/yoast.com\/product\/yoast-seo-wordpress\/ -->\n<title>[6 x 28ml] iLC UV-Licht Bodypainting Schminke Schwarzlicht K\u00f6rperfarbe f\u00fcr Body und Facepainting Fluoreszierende\u2026 - Markt-XXL<\/title>\n<meta name=\"description\" content=\"Markt-XXL [6 x 28ml] iLC UV-Licht Bodypainting Schminke Schwarzlicht K\u00f6rperfarbe f\u00fcr Body und Facepainting Fluoreszierende\u2026\" \/>\n<meta name=\"robots\" content=\"index, follow, max-snippet:-1, max-image-preview:large, max-video-preview:-1\" \/>\n<link rel=\"canonical\" href=\"https:\/\/marktxxl.de\/markt\/produkt\/6-x-28ml-ilc-uv-licht-bodypainting-schminke-schwarzlicht-koerperfarbe-fuer-body-und-facepainting-fluoreszierende-knalligen-neon-farben-koerpermalfarben\/\" \/>\n<meta property=\"og:locale\" content=\"de_DE\" \/>\n<meta property=\"og:type\" content=\"article\" \/>\n<meta property=\"og:title\" content=\"[6 x 28ml] iLC UV-Licht Bodypainting Schminke Schwarzlicht K\u00f6rperfarbe f\u00fcr Body und Facepainting Fluoreszierende\u2026 - Markt-XXL\" \/>\n<meta property=\"og:description\" content=\"Markt-XXL [6 x 28ml] iLC UV-Licht Bodypainting Schminke Schwarzlicht K\u00f6rperfarbe f\u00fcr Body und Facepainting Fluoreszierende\u2026\" \/>\n<meta property=\"og:url\" content=\"https:\/\/marktxxl.de\/markt\/produkt\/6-x-28ml-ilc-uv-licht-bodypainting-schminke-schwarzlicht-koerperfarbe-fuer-body-und-facepainting-fluoreszierende-knalligen-neon-farben-koerpermalfarben\/\" \/>\n<meta property=\"og:site_name\" content=\"Markt-XXL\" \/>\n<meta property=\"article:modified_time\" content=\"2023-04-09T23:30:36+00:00\" \/>\n<meta property=\"og:image\" content=\"https:\/\/m.media-amazon.com\/images\/I\/51a9fYETejL._SL500_.jpg\" \/>\n\t<meta property=\"og:image:width\" content=\"500\" \/>\n\t<meta property=\"og:image:height\" content=\"500\" \/>\n\t<meta property=\"og:image:type\" content=\"image\/jpeg\" \/>\n<meta name=\"twitter:card\" content=\"summary_large_image\" \/>\n<meta name=\"twitter:label1\" content=\"Gesch\u00e4tzte Lesezeit\" \/>\n\t<meta name=\"twitter:data1\" content=\"1\u00a0Minute\" \/>\n<script type=\"application\/ld+json\" class=\"yoast-schema-graph\">{\"@context\":\"https:\\\/\\\/schema.org\",\"@graph\":[{\"@type\":\"WebPage\",\"@id\":\"https:\\\/\\\/marktxxl.de\\\/markt\\\/produkt\\\/6-x-28ml-ilc-uv-licht-bodypainting-schminke-schwarzlicht-koerperfarbe-fuer-body-und-facepainting-fluoreszierende-knalligen-neon-farben-koerpermalfarben\\\/\",\"url\":\"https:\\\/\\\/marktxxl.de\\\/markt\\\/produkt\\\/6-x-28ml-ilc-uv-licht-bodypainting-schminke-schwarzlicht-koerperfarbe-fuer-body-und-facepainting-fluoreszierende-knalligen-neon-farben-koerpermalfarben\\\/\",\"name\":\"[6 x 28ml] iLC UV-Licht Bodypainting Schminke Schwarzlicht K\u00f6rperfarbe f\u00fcr Body und Facepainting Fluoreszierende\u2026 - Markt-XXL\",\"isPartOf\":{\"@id\":\"https:\\\/\\\/marktxxl.de\\\/markt\\\/#website\"},\"primaryImageOfPage\":{\"@id\":\"https:\\\/\\\/marktxxl.de\\\/markt\\\/produkt\\\/6-x-28ml-ilc-uv-licht-bodypainting-schminke-schwarzlicht-koerperfarbe-fuer-body-und-facepainting-fluoreszierende-knalligen-neon-farben-koerpermalfarben\\\/#primaryimage\"},\"image\":{\"@id\":\"https:\\\/\\\/marktxxl.de\\\/markt\\\/produkt\\\/6-x-28ml-ilc-uv-licht-bodypainting-schminke-schwarzlicht-koerperfarbe-fuer-body-und-facepainting-fluoreszierende-knalligen-neon-farben-koerpermalfarben\\\/#primaryimage\"},\"thumbnailUrl\":\"https:\\\/\\\/m.media-amazon.com\\\/images\\\/I\\\/51a9fYETejL._SL500_.jpg\",\"datePublished\":\"2021-09-13T17:56:57+00:00\",\"dateModified\":\"2023-04-09T23:30:36+00:00\",\"description\":\"Markt-XXL [6 x 28ml] iLC UV-Licht Bodypainting Schminke Schwarzlicht K\u00f6rperfarbe f\u00fcr Body und Facepainting Fluoreszierende\u2026\",\"breadcrumb\":{\"@id\":\"https:\\\/\\\/marktxxl.de\\\/markt\\\/produkt\\\/6-x-28ml-ilc-uv-licht-bodypainting-schminke-schwarzlicht-koerperfarbe-fuer-body-und-facepainting-fluoreszierende-knalligen-neon-farben-koerpermalfarben\\\/#breadcrumb\"},\"inLanguage\":\"de\",\"potentialAction\":[{\"@type\":\"ReadAction\",\"target\":[\"https:\\\/\\\/marktxxl.de\\\/markt\\\/produkt\\\/6-x-28ml-ilc-uv-licht-bodypainting-schminke-schwarzlicht-koerperfarbe-fuer-body-und-facepainting-fluoreszierende-knalligen-neon-farben-koerpermalfarben\\\/\"]}]},{\"@type\":\"ImageObject\",\"inLanguage\":\"de\",\"@id\":\"https:\\\/\\\/marktxxl.de\\\/markt\\\/produkt\\\/6-x-28ml-ilc-uv-licht-bodypainting-schminke-schwarzlicht-koerperfarbe-fuer-body-und-facepainting-fluoreszierende-knalligen-neon-farben-koerpermalfarben\\\/#primaryimage\",\"url\":\"https:\\\/\\\/m.media-amazon.com\\\/images\\\/I\\\/51a9fYETejL._SL500_.jpg\",\"contentUrl\":\"https:\\\/\\\/m.media-amazon.com\\\/images\\\/I\\\/51a9fYETejL._SL500_.jpg\",\"width\":500,\"height\":500},{\"@type\":\"BreadcrumbList\",\"@id\":\"https:\\\/\\\/marktxxl.de\\\/markt\\\/produkt\\\/6-x-28ml-ilc-uv-licht-bodypainting-schminke-schwarzlicht-koerperfarbe-fuer-body-und-facepainting-fluoreszierende-knalligen-neon-farben-koerpermalfarben\\\/#breadcrumb\",\"itemListElement\":[{\"@type\":\"ListItem\",\"position\":1,\"name\":\"Startseite\",\"item\":\"https:\\\/\\\/marktxxl.de\\\/markt\\\/\"},{\"@type\":\"ListItem\",\"position\":2,\"name\":\"Markt\",\"item\":\"https:\\\/\\\/marktxxl.de\\\/markt\\\/\"},{\"@type\":\"ListItem\",\"position\":3,\"name\":\"[6 x 28ml] iLC UV-Licht Bodypainting Schminke Schwarzlicht K\u00f6rperfarbe f\u00fcr Body und Facepainting Fluoreszierende\u2026\"}]},{\"@type\":\"WebSite\",\"@id\":\"https:\\\/\\\/marktxxl.de\\\/markt\\\/#website\",\"url\":\"https:\\\/\\\/marktxxl.de\\\/markt\\\/\",\"name\":\"Markt-XXL\",\"description\":\"Ihr Markt Online\",\"publisher\":{\"@id\":\"https:\\\/\\\/marktxxl.de\\\/markt\\\/#organization\"},\"potentialAction\":[{\"@type\":\"SearchAction\",\"target\":{\"@type\":\"EntryPoint\",\"urlTemplate\":\"https:\\\/\\\/marktxxl.de\\\/markt\\\/?s={search_term_string}\"},\"query-input\":{\"@type\":\"PropertyValueSpecification\",\"valueRequired\":true,\"valueName\":\"search_term_string\"}}],\"inLanguage\":\"de\"},{\"@type\":\"Organization\",\"@id\":\"https:\\\/\\\/marktxxl.de\\\/markt\\\/#organization\",\"name\":\"Markt-XXL\",\"url\":\"https:\\\/\\\/marktxxl.de\\\/markt\\\/\",\"logo\":{\"@type\":\"ImageObject\",\"inLanguage\":\"de\",\"@id\":\"https:\\\/\\\/marktxxl.de\\\/markt\\\/#\\\/schema\\\/logo\\\/image\\\/\",\"url\":\"https:\\\/\\\/marktxxl.de\\\/markt\\\/wp-content\\\/uploads\\\/sites\\\/3\\\/2020\\\/12\\\/logo.png\",\"contentUrl\":\"https:\\\/\\\/marktxxl.de\\\/markt\\\/wp-content\\\/uploads\\\/sites\\\/3\\\/2020\\\/12\\\/logo.png\",\"width\":200,\"height\":70,\"caption\":\"Markt-XXL\"},\"image\":{\"@id\":\"https:\\\/\\\/marktxxl.de\\\/markt\\\/#\\\/schema\\\/logo\\\/image\\\/\"}}]}<\/script>\n<!-- \/ Yoast SEO plugin. -->","yoast_head_json":{"title":"[6 x 28ml] iLC UV-Licht Bodypainting Schminke Schwarzlicht K\u00f6rperfarbe f\u00fcr Body und Facepainting Fluoreszierende\u2026 - Markt-XXL","description":"Markt-XXL [6 x 28ml] iLC UV-Licht Bodypainting Schminke Schwarzlicht K\u00f6rperfarbe f\u00fcr Body und Facepainting Fluoreszierende\u2026","robots":{"index":"index","follow":"follow","max-snippet":"max-snippet:-1","max-image-preview":"max-image-preview:large","max-video-preview":"max-video-preview:-1"},"canonical":"https:\/\/marktxxl.de\/markt\/produkt\/6-x-28ml-ilc-uv-licht-bodypainting-schminke-schwarzlicht-koerperfarbe-fuer-body-und-facepainting-fluoreszierende-knalligen-neon-farben-koerpermalfarben\/","og_locale":"de_DE","og_type":"article","og_title":"[6 x 28ml] iLC UV-Licht Bodypainting Schminke Schwarzlicht K\u00f6rperfarbe f\u00fcr Body und Facepainting Fluoreszierende\u2026 - Markt-XXL","og_description":"Markt-XXL [6 x 28ml] iLC UV-Licht Bodypainting Schminke Schwarzlicht K\u00f6rperfarbe f\u00fcr Body und Facepainting Fluoreszierende\u2026","og_url":"https:\/\/marktxxl.de\/markt\/produkt\/6-x-28ml-ilc-uv-licht-bodypainting-schminke-schwarzlicht-koerperfarbe-fuer-body-und-facepainting-fluoreszierende-knalligen-neon-farben-koerpermalfarben\/","og_site_name":"Markt-XXL","article_modified_time":"2023-04-09T23:30:36+00:00","og_image":[{"width":500,"height":500,"url":"https:\/\/m.media-amazon.com\/images\/I\/51a9fYETejL._SL500_.jpg","type":"image\/jpeg"}],"twitter_card":"summary_large_image","twitter_misc":{"Gesch\u00e4tzte Lesezeit":"1\u00a0Minute"},"schema":{"@context":"https:\/\/schema.org","@graph":[{"@type":"WebPage","@id":"https:\/\/marktxxl.de\/markt\/produkt\/6-x-28ml-ilc-uv-licht-bodypainting-schminke-schwarzlicht-koerperfarbe-fuer-body-und-facepainting-fluoreszierende-knalligen-neon-farben-koerpermalfarben\/","url":"https:\/\/marktxxl.de\/markt\/produkt\/6-x-28ml-ilc-uv-licht-bodypainting-schminke-schwarzlicht-koerperfarbe-fuer-body-und-facepainting-fluoreszierende-knalligen-neon-farben-koerpermalfarben\/","name":"[6 x 28ml] iLC UV-Licht Bodypainting Schminke Schwarzlicht K\u00f6rperfarbe f\u00fcr Body und Facepainting Fluoreszierende\u2026 - Markt-XXL","isPartOf":{"@id":"https:\/\/marktxxl.de\/markt\/#website"},"primaryImageOfPage":{"@id":"https:\/\/marktxxl.de\/markt\/produkt\/6-x-28ml-ilc-uv-licht-bodypainting-schminke-schwarzlicht-koerperfarbe-fuer-body-und-facepainting-fluoreszierende-knalligen-neon-farben-koerpermalfarben\/#primaryimage"},"image":{"@id":"https:\/\/marktxxl.de\/markt\/produkt\/6-x-28ml-ilc-uv-licht-bodypainting-schminke-schwarzlicht-koerperfarbe-fuer-body-und-facepainting-fluoreszierende-knalligen-neon-farben-koerpermalfarben\/#primaryimage"},"thumbnailUrl":"https:\/\/m.media-amazon.com\/images\/I\/51a9fYETejL._SL500_.jpg","datePublished":"2021-09-13T17:56:57+00:00","dateModified":"2023-04-09T23:30:36+00:00","description":"Markt-XXL [6 x 28ml] iLC UV-Licht Bodypainting Schminke Schwarzlicht K\u00f6rperfarbe f\u00fcr Body und Facepainting Fluoreszierende\u2026","breadcrumb":{"@id":"https:\/\/marktxxl.de\/markt\/produkt\/6-x-28ml-ilc-uv-licht-bodypainting-schminke-schwarzlicht-koerperfarbe-fuer-body-und-facepainting-fluoreszierende-knalligen-neon-farben-koerpermalfarben\/#breadcrumb"},"inLanguage":"de","potentialAction":[{"@type":"ReadAction","target":["https:\/\/marktxxl.de\/markt\/produkt\/6-x-28ml-ilc-uv-licht-bodypainting-schminke-schwarzlicht-koerperfarbe-fuer-body-und-facepainting-fluoreszierende-knalligen-neon-farben-koerpermalfarben\/"]}]},{"@type":"ImageObject","inLanguage":"de","@id":"https:\/\/marktxxl.de\/markt\/produkt\/6-x-28ml-ilc-uv-licht-bodypainting-schminke-schwarzlicht-koerperfarbe-fuer-body-und-facepainting-fluoreszierende-knalligen-neon-farben-koerpermalfarben\/#primaryimage","url":"https:\/\/m.media-amazon.com\/images\/I\/51a9fYETejL._SL500_.jpg","contentUrl":"https:\/\/m.media-amazon.com\/images\/I\/51a9fYETejL._SL500_.jpg","width":500,"height":500},{"@type":"BreadcrumbList","@id":"https:\/\/marktxxl.de\/markt\/produkt\/6-x-28ml-ilc-uv-licht-bodypainting-schminke-schwarzlicht-koerperfarbe-fuer-body-und-facepainting-fluoreszierende-knalligen-neon-farben-koerpermalfarben\/#breadcrumb","itemListElement":[{"@type":"ListItem","position":1,"name":"Startseite","item":"https:\/\/marktxxl.de\/markt\/"},{"@type":"ListItem","position":2,"name":"Markt","item":"https:\/\/marktxxl.de\/markt\/"},{"@type":"ListItem","position":3,"name":"[6 x 28ml] iLC UV-Licht Bodypainting Schminke Schwarzlicht K\u00f6rperfarbe f\u00fcr Body und Facepainting Fluoreszierende\u2026"}]},{"@type":"WebSite","@id":"https:\/\/marktxxl.de\/markt\/#website","url":"https:\/\/marktxxl.de\/markt\/","name":"Markt-XXL","description":"Ihr Markt Online","publisher":{"@id":"https:\/\/marktxxl.de\/markt\/#organization"},"potentialAction":[{"@type":"SearchAction","target":{"@type":"EntryPoint","urlTemplate":"https:\/\/marktxxl.de\/markt\/?s={search_term_string}"},"query-input":{"@type":"PropertyValueSpecification","valueRequired":true,"valueName":"search_term_string"}}],"inLanguage":"de"},{"@type":"Organization","@id":"https:\/\/marktxxl.de\/markt\/#organization","name":"Markt-XXL","url":"https:\/\/marktxxl.de\/markt\/","logo":{"@type":"ImageObject","inLanguage":"de","@id":"https:\/\/marktxxl.de\/markt\/#\/schema\/logo\/image\/","url":"https:\/\/marktxxl.de\/markt\/wp-content\/uploads\/sites\/3\/2020\/12\/logo.png","contentUrl":"https:\/\/marktxxl.de\/markt\/wp-content\/uploads\/sites\/3\/2020\/12\/logo.png","width":200,"height":70,"caption":"Markt-XXL"},"image":{"@id":"https:\/\/marktxxl.de\/markt\/#\/schema\/logo\/image\/"}}]}},"_links":{"self":[{"href":"https:\/\/marktxxl.de\/markt\/wp-json\/wp\/v2\/product\/32629","targetHints":{"allow":["GET"]}}],"collection":[{"href":"https:\/\/marktxxl.de\/markt\/wp-json\/wp\/v2\/product"}],"about":[{"href":"https:\/\/marktxxl.de\/markt\/wp-json\/wp\/v2\/types\/product"}],"replies":[{"embeddable":true,"href":"https:\/\/marktxxl.de\/markt\/wp-json\/wp\/v2\/comments?post=32629"}],"wp:featuredmedia":[{"embeddable":true,"href":"https:\/\/marktxxl.de\/markt\/wp-json\/wp\/v2\/media\/32630"}],"wp:attachment":[{"href":"https:\/\/marktxxl.de\/markt\/wp-json\/wp\/v2\/media?parent=32629"}],"wp:term":[{"taxonomy":"product_brand","embeddable":true,"href":"https:\/\/marktxxl.de\/markt\/wp-json\/wp\/v2\/product_brand?post=32629"},{"taxonomy":"product_cat","embeddable":true,"href":"https:\/\/marktxxl.de\/markt\/wp-json\/wp\/v2\/product_cat?post=32629"},{"taxonomy":"product_tag","embeddable":true,"href":"https:\/\/marktxxl.de\/markt\/wp-json\/wp\/v2\/product_tag?post=32629"}],"curies":[{"name":"wp","href":"https:\/\/api.w.org\/{rel}","templated":true}]}}