{"id":32551,"date":"2021-09-13T19:56:40","date_gmt":"2021-09-13T17:56:40","guid":{"rendered":"https:\/\/marktxxl.de\/markt\/produkt\/1200-stueck-schlupflid-tapes-augenlid-stripes-unsichtbare-doppelte-schlupflider-tape-augenlid-lifting-ohne-op-wasserdicht-eyelid-klebeband-augenlid-aufkleber-band-mit-gabelstangen-pinzette-hautfarb\/"},"modified":"2023-04-10T01:30:34","modified_gmt":"2023-04-09T23:30:34","slug":"1200-stueck-schlupflid-tapes-augenlid-stripes-unsichtbare-doppelte-schlupflider-tape-augenlid-lifting-ohne-op-wasserdicht-eyelid-klebeband-augenlid-aufkleber-band-mit-gabelstangen-pinzette-hautfarb","status":"publish","type":"product","link":"https:\/\/marktxxl.de\/markt\/produkt\/1200-stueck-schlupflid-tapes-augenlid-stripes-unsichtbare-doppelte-schlupflider-tape-augenlid-lifting-ohne-op-wasserdicht-eyelid-klebeband-augenlid-aufkleber-band-mit-gabelstangen-pinzette-hautfarb\/","title":{"rendered":"1200 St\u00fcck Schlupflid Tapes, Augenlid Stripes Unsichtbare Doppelte Schlupflider Tape Augenlid Lifting ohne OP\u2026"},"content":{"rendered":"<p>? Unsichtbare Doppelte Schlupflid Tapes ?- Die Augenlid Stripes verbergen das Auge mit Kapuze perfekt und lassen Ihre Augen gr\u00f6\u00dfer, runder und damit noch sch\u00f6ner aussehen. Hautton und strukturiertes Design, unsichtbare Natur, flach und d\u00fcnn, mit dem eng anliegenden Augenlid bringen Sie nat\u00fcrlich und unsichtbarer visueller Effekt.<br \/>\n? Augenlid Lifting ohne OP ?- Die doppelten Augenlid Stripes sind unsichtbare einseitige Aufkleber, mit denen Sie Ihre Augenlider ohne OP auf nat\u00fcrliche Weise schnell anheben und leicht mit Make-up abdecken k\u00f6nnen.<br \/>\n? Qualit\u00e4tsmaterial ?- Die doppelten Schlupflider Tape bestehen aus hochwertigen Klebefasern, die hypoallergen, wasserdicht und langlebig sind und f\u00fcr die meisten Hautfarben geeignet sind. Haut nicht reizen, praktisch keine Kleber\u00fcckst\u00e4nde hinterlassen.<br \/>\n? Nat\u00fcrlich und Charmant ?- Augenlid Aufkleber haben 2 Gr\u00f6\u00dfen, darunter 24 x 2,4 mm und 24 x 3,5 mm. Verschiedene Gr\u00f6\u00dfen des Augenlidbandes bringen unterschiedliche Breite des doppelten Augenlids, erzeugen tiefe und nat\u00fcrliche doppelte Augenlider. Keine Reflexion, l\u00e4sst Ihre Augen erscheinen gr\u00f6\u00dfer, j\u00fcnger und energisch. Perfekt f\u00fcr Kapuzen-, Droopy-, unebene oder Mono-Augenlider.<br \/>\n? Erschwinglich und Langlebig ?- Das Rollendesign ist bequemer zu verwenden. 2 Rollen mit Augenlid Tapes, jeweils 600 St\u00fcck, insgesamt 1200 St\u00fcck, mit 1 Gabelstangen und 1 Pinzette, Menge und bequem f\u00fcr den t\u00e4glichen Gebrauch<br \/>\n<div class=\"main-cross-sell\" data-asin=\"B08T9HWQCF\">\n\n\t<div class=\"WooZone-cross-sell-loader\">\n\t\t<div>\n\t\t\t<div id=\"floatingBarsG\">\n\t\t\t\t<div class=\"blockG\" id=\"rotateG_01\"><\/div>\n\t\t\t\t<div class=\"blockG\" id=\"rotateG_02\"><\/div>\n\t\t\t\t<div class=\"blockG\" id=\"rotateG_03\"><\/div>\n\t\t\t\t<div class=\"blockG\" id=\"rotateG_04\"><\/div>\n\t\t\t\t<div class=\"blockG\" id=\"rotateG_05\"><\/div>\n\t\t\t\t<div class=\"blockG\" id=\"rotateG_06\"><\/div>\n\t\t\t\t<div class=\"blockG\" id=\"rotateG_07\"><\/div>\n\t\t\t\t<div class=\"blockG\" id=\"rotateG_08\"><\/div>\n\t\t\t<\/div>\n\t\t\t<div class=\"WooZone-cross-sell-loader-text\"><\/div>\n\t\t<\/div>\n\t<\/div>\n\n\t\t\n<\/div>\n<div style=\"clear:both;\"><\/div><\/p>\n","protected":false},"excerpt":{"rendered":"<p>? Unsichtbare Doppelte Schlupflid Tapes ?- Die Augenlid Stripes verbergen das Auge mit Kapuze perfekt und lassen Ihre Augen gr\u00f6\u00dfer, runder und damit noch sch\u00f6ner aussehen. Hautton und strukturiertes Design, unsichtbare Natur, flach und d\u00fcnn, mit dem eng anliegenden Augenlid bringen Sie nat\u00fcrlich und unsichtbarer visueller Effekt.<br \/>\n? Augenlid Lifting ohne OP ?- Die doppelten Augenlid Stripes sind unsichtbare einseitige Aufkleber, mit denen Sie Ihre Augenlider ohne OP auf nat\u00fcrliche Weise schnell anheben und leicht mit Make-up abdecken k\u00f6nnen.<br \/>\n? Qualit\u00e4tsmaterial ?- Die doppelten Schlupflider Tape bestehen aus hochwertigen Klebefasern, die hypoallergen, wasserdicht und langlebig sind und f\u00fcr die meisten Hautfarben geeignet sind. Haut nicht reizen, praktisch keine Kleber\u00fcckst\u00e4nde hinterlassen.<\/p>\n","protected":false},"featured_media":32552,"comment_status":"open","ping_status":"closed","template":"","meta":[],"product_brand":[],"product_cat":[2858,7575],"product_tag":[],"class_list":{"0":"post-32551","1":"product","2":"type-product","3":"status-publish","4":"has-post-thumbnail","6":"product_cat-beauty","7":"product_cat-make-up","8":"pa_binding-misc","9":"pa_brand-zawtr","10":"pa_color-hautfarbe","11":"pa_height-1-0236220462-zoll","12":"pa_length-5-118110231-zoll","13":"pa_manufacturer-zawtr","14":"pa_size-1200-stueck-1er-pack","15":"pa_weight-60-gramm","16":"pa_width-4-330708657-zoll","18":"first","19":"instock","20":"shipping-taxable","21":"purchasable","22":"product-type-simple","23":"customify-col","24":"product-has-gallery"},"yoast_head":"<!-- This site is optimized with the Yoast SEO plugin v27.4 - https:\/\/yoast.com\/product\/yoast-seo-wordpress\/ -->\n<title>1200 St\u00fcck Schlupflid Tapes, Augenlid Stripes Unsichtbare Doppelte Schlupflider Tape Augenlid Lifting ohne OP\u2026 - Markt-XXL<\/title>\n<meta name=\"description\" content=\"Markt-XXL 1200 St\u00fcck Schlupflid Tapes, Augenlid Stripes Unsichtbare Doppelte Schlupflider Tape Augenlid Lifting ohne OP\u2026\" \/>\n<meta name=\"robots\" content=\"index, follow, max-snippet:-1, max-image-preview:large, max-video-preview:-1\" \/>\n<link rel=\"canonical\" href=\"https:\/\/marktxxl.de\/markt\/produkt\/1200-stueck-schlupflid-tapes-augenlid-stripes-unsichtbare-doppelte-schlupflider-tape-augenlid-lifting-ohne-op-wasserdicht-eyelid-klebeband-augenlid-aufkleber-band-mit-gabelstangen-pinzette-hautfarb\/\" \/>\n<meta property=\"og:locale\" content=\"de_DE\" \/>\n<meta property=\"og:type\" content=\"article\" \/>\n<meta property=\"og:title\" content=\"1200 St\u00fcck Schlupflid Tapes, Augenlid Stripes Unsichtbare Doppelte Schlupflider Tape Augenlid Lifting ohne OP\u2026 - Markt-XXL\" \/>\n<meta property=\"og:description\" content=\"Markt-XXL 1200 St\u00fcck Schlupflid Tapes, Augenlid Stripes Unsichtbare Doppelte Schlupflider Tape Augenlid Lifting ohne OP\u2026\" \/>\n<meta property=\"og:url\" content=\"https:\/\/marktxxl.de\/markt\/produkt\/1200-stueck-schlupflid-tapes-augenlid-stripes-unsichtbare-doppelte-schlupflider-tape-augenlid-lifting-ohne-op-wasserdicht-eyelid-klebeband-augenlid-aufkleber-band-mit-gabelstangen-pinzette-hautfarb\/\" \/>\n<meta property=\"og:site_name\" content=\"Markt-XXL\" \/>\n<meta property=\"article:modified_time\" content=\"2023-04-09T23:30:34+00:00\" \/>\n<meta property=\"og:image\" content=\"https:\/\/m.media-amazon.com\/images\/I\/41qLL7mPbhL._SL500_.jpg\" \/>\n\t<meta property=\"og:image:width\" content=\"500\" \/>\n\t<meta property=\"og:image:height\" content=\"500\" \/>\n\t<meta property=\"og:image:type\" content=\"image\/jpeg\" \/>\n<meta name=\"twitter:card\" content=\"summary_large_image\" \/>\n<meta name=\"twitter:label1\" content=\"Gesch\u00e4tzte Lesezeit\" \/>\n\t<meta name=\"twitter:data1\" content=\"1\u00a0Minute\" \/>\n<script type=\"application\/ld+json\" class=\"yoast-schema-graph\">{\"@context\":\"https:\\\/\\\/schema.org\",\"@graph\":[{\"@type\":\"WebPage\",\"@id\":\"https:\\\/\\\/marktxxl.de\\\/markt\\\/produkt\\\/1200-stueck-schlupflid-tapes-augenlid-stripes-unsichtbare-doppelte-schlupflider-tape-augenlid-lifting-ohne-op-wasserdicht-eyelid-klebeband-augenlid-aufkleber-band-mit-gabelstangen-pinzette-hautfarb\\\/\",\"url\":\"https:\\\/\\\/marktxxl.de\\\/markt\\\/produkt\\\/1200-stueck-schlupflid-tapes-augenlid-stripes-unsichtbare-doppelte-schlupflider-tape-augenlid-lifting-ohne-op-wasserdicht-eyelid-klebeband-augenlid-aufkleber-band-mit-gabelstangen-pinzette-hautfarb\\\/\",\"name\":\"1200 St\u00fcck Schlupflid Tapes, Augenlid Stripes Unsichtbare Doppelte Schlupflider Tape Augenlid Lifting ohne OP\u2026 - Markt-XXL\",\"isPartOf\":{\"@id\":\"https:\\\/\\\/marktxxl.de\\\/markt\\\/#website\"},\"primaryImageOfPage\":{\"@id\":\"https:\\\/\\\/marktxxl.de\\\/markt\\\/produkt\\\/1200-stueck-schlupflid-tapes-augenlid-stripes-unsichtbare-doppelte-schlupflider-tape-augenlid-lifting-ohne-op-wasserdicht-eyelid-klebeband-augenlid-aufkleber-band-mit-gabelstangen-pinzette-hautfarb\\\/#primaryimage\"},\"image\":{\"@id\":\"https:\\\/\\\/marktxxl.de\\\/markt\\\/produkt\\\/1200-stueck-schlupflid-tapes-augenlid-stripes-unsichtbare-doppelte-schlupflider-tape-augenlid-lifting-ohne-op-wasserdicht-eyelid-klebeband-augenlid-aufkleber-band-mit-gabelstangen-pinzette-hautfarb\\\/#primaryimage\"},\"thumbnailUrl\":\"https:\\\/\\\/m.media-amazon.com\\\/images\\\/I\\\/41qLL7mPbhL._SL500_.jpg\",\"datePublished\":\"2021-09-13T17:56:40+00:00\",\"dateModified\":\"2023-04-09T23:30:34+00:00\",\"description\":\"Markt-XXL 1200 St\u00fcck Schlupflid Tapes, Augenlid Stripes Unsichtbare Doppelte Schlupflider Tape Augenlid Lifting ohne OP\u2026\",\"breadcrumb\":{\"@id\":\"https:\\\/\\\/marktxxl.de\\\/markt\\\/produkt\\\/1200-stueck-schlupflid-tapes-augenlid-stripes-unsichtbare-doppelte-schlupflider-tape-augenlid-lifting-ohne-op-wasserdicht-eyelid-klebeband-augenlid-aufkleber-band-mit-gabelstangen-pinzette-hautfarb\\\/#breadcrumb\"},\"inLanguage\":\"de\",\"potentialAction\":[{\"@type\":\"ReadAction\",\"target\":[\"https:\\\/\\\/marktxxl.de\\\/markt\\\/produkt\\\/1200-stueck-schlupflid-tapes-augenlid-stripes-unsichtbare-doppelte-schlupflider-tape-augenlid-lifting-ohne-op-wasserdicht-eyelid-klebeband-augenlid-aufkleber-band-mit-gabelstangen-pinzette-hautfarb\\\/\"]}]},{\"@type\":\"ImageObject\",\"inLanguage\":\"de\",\"@id\":\"https:\\\/\\\/marktxxl.de\\\/markt\\\/produkt\\\/1200-stueck-schlupflid-tapes-augenlid-stripes-unsichtbare-doppelte-schlupflider-tape-augenlid-lifting-ohne-op-wasserdicht-eyelid-klebeband-augenlid-aufkleber-band-mit-gabelstangen-pinzette-hautfarb\\\/#primaryimage\",\"url\":\"https:\\\/\\\/m.media-amazon.com\\\/images\\\/I\\\/41qLL7mPbhL._SL500_.jpg\",\"contentUrl\":\"https:\\\/\\\/m.media-amazon.com\\\/images\\\/I\\\/41qLL7mPbhL._SL500_.jpg\",\"width\":500,\"height\":500},{\"@type\":\"BreadcrumbList\",\"@id\":\"https:\\\/\\\/marktxxl.de\\\/markt\\\/produkt\\\/1200-stueck-schlupflid-tapes-augenlid-stripes-unsichtbare-doppelte-schlupflider-tape-augenlid-lifting-ohne-op-wasserdicht-eyelid-klebeband-augenlid-aufkleber-band-mit-gabelstangen-pinzette-hautfarb\\\/#breadcrumb\",\"itemListElement\":[{\"@type\":\"ListItem\",\"position\":1,\"name\":\"Startseite\",\"item\":\"https:\\\/\\\/marktxxl.de\\\/markt\\\/\"},{\"@type\":\"ListItem\",\"position\":2,\"name\":\"Markt\",\"item\":\"https:\\\/\\\/marktxxl.de\\\/markt\\\/\"},{\"@type\":\"ListItem\",\"position\":3,\"name\":\"1200 St\u00fcck Schlupflid Tapes, Augenlid Stripes Unsichtbare Doppelte Schlupflider Tape Augenlid Lifting ohne OP\u2026\"}]},{\"@type\":\"WebSite\",\"@id\":\"https:\\\/\\\/marktxxl.de\\\/markt\\\/#website\",\"url\":\"https:\\\/\\\/marktxxl.de\\\/markt\\\/\",\"name\":\"Markt-XXL\",\"description\":\"Ihr Markt Online\",\"publisher\":{\"@id\":\"https:\\\/\\\/marktxxl.de\\\/markt\\\/#organization\"},\"potentialAction\":[{\"@type\":\"SearchAction\",\"target\":{\"@type\":\"EntryPoint\",\"urlTemplate\":\"https:\\\/\\\/marktxxl.de\\\/markt\\\/?s={search_term_string}\"},\"query-input\":{\"@type\":\"PropertyValueSpecification\",\"valueRequired\":true,\"valueName\":\"search_term_string\"}}],\"inLanguage\":\"de\"},{\"@type\":\"Organization\",\"@id\":\"https:\\\/\\\/marktxxl.de\\\/markt\\\/#organization\",\"name\":\"Markt-XXL\",\"url\":\"https:\\\/\\\/marktxxl.de\\\/markt\\\/\",\"logo\":{\"@type\":\"ImageObject\",\"inLanguage\":\"de\",\"@id\":\"https:\\\/\\\/marktxxl.de\\\/markt\\\/#\\\/schema\\\/logo\\\/image\\\/\",\"url\":\"https:\\\/\\\/marktxxl.de\\\/markt\\\/wp-content\\\/uploads\\\/sites\\\/3\\\/2020\\\/12\\\/logo.png\",\"contentUrl\":\"https:\\\/\\\/marktxxl.de\\\/markt\\\/wp-content\\\/uploads\\\/sites\\\/3\\\/2020\\\/12\\\/logo.png\",\"width\":200,\"height\":70,\"caption\":\"Markt-XXL\"},\"image\":{\"@id\":\"https:\\\/\\\/marktxxl.de\\\/markt\\\/#\\\/schema\\\/logo\\\/image\\\/\"}}]}<\/script>\n<!-- \/ Yoast SEO plugin. -->","yoast_head_json":{"title":"1200 St\u00fcck Schlupflid Tapes, Augenlid Stripes Unsichtbare Doppelte Schlupflider Tape Augenlid Lifting ohne OP\u2026 - Markt-XXL","description":"Markt-XXL 1200 St\u00fcck Schlupflid Tapes, Augenlid Stripes Unsichtbare Doppelte Schlupflider Tape Augenlid Lifting ohne OP\u2026","robots":{"index":"index","follow":"follow","max-snippet":"max-snippet:-1","max-image-preview":"max-image-preview:large","max-video-preview":"max-video-preview:-1"},"canonical":"https:\/\/marktxxl.de\/markt\/produkt\/1200-stueck-schlupflid-tapes-augenlid-stripes-unsichtbare-doppelte-schlupflider-tape-augenlid-lifting-ohne-op-wasserdicht-eyelid-klebeband-augenlid-aufkleber-band-mit-gabelstangen-pinzette-hautfarb\/","og_locale":"de_DE","og_type":"article","og_title":"1200 St\u00fcck Schlupflid Tapes, Augenlid Stripes Unsichtbare Doppelte Schlupflider Tape Augenlid Lifting ohne OP\u2026 - Markt-XXL","og_description":"Markt-XXL 1200 St\u00fcck Schlupflid Tapes, Augenlid Stripes Unsichtbare Doppelte Schlupflider Tape Augenlid Lifting ohne OP\u2026","og_url":"https:\/\/marktxxl.de\/markt\/produkt\/1200-stueck-schlupflid-tapes-augenlid-stripes-unsichtbare-doppelte-schlupflider-tape-augenlid-lifting-ohne-op-wasserdicht-eyelid-klebeband-augenlid-aufkleber-band-mit-gabelstangen-pinzette-hautfarb\/","og_site_name":"Markt-XXL","article_modified_time":"2023-04-09T23:30:34+00:00","og_image":[{"width":500,"height":500,"url":"https:\/\/m.media-amazon.com\/images\/I\/41qLL7mPbhL._SL500_.jpg","type":"image\/jpeg"}],"twitter_card":"summary_large_image","twitter_misc":{"Gesch\u00e4tzte Lesezeit":"1\u00a0Minute"},"schema":{"@context":"https:\/\/schema.org","@graph":[{"@type":"WebPage","@id":"https:\/\/marktxxl.de\/markt\/produkt\/1200-stueck-schlupflid-tapes-augenlid-stripes-unsichtbare-doppelte-schlupflider-tape-augenlid-lifting-ohne-op-wasserdicht-eyelid-klebeband-augenlid-aufkleber-band-mit-gabelstangen-pinzette-hautfarb\/","url":"https:\/\/marktxxl.de\/markt\/produkt\/1200-stueck-schlupflid-tapes-augenlid-stripes-unsichtbare-doppelte-schlupflider-tape-augenlid-lifting-ohne-op-wasserdicht-eyelid-klebeband-augenlid-aufkleber-band-mit-gabelstangen-pinzette-hautfarb\/","name":"1200 St\u00fcck Schlupflid Tapes, Augenlid Stripes Unsichtbare Doppelte Schlupflider Tape Augenlid Lifting ohne OP\u2026 - Markt-XXL","isPartOf":{"@id":"https:\/\/marktxxl.de\/markt\/#website"},"primaryImageOfPage":{"@id":"https:\/\/marktxxl.de\/markt\/produkt\/1200-stueck-schlupflid-tapes-augenlid-stripes-unsichtbare-doppelte-schlupflider-tape-augenlid-lifting-ohne-op-wasserdicht-eyelid-klebeband-augenlid-aufkleber-band-mit-gabelstangen-pinzette-hautfarb\/#primaryimage"},"image":{"@id":"https:\/\/marktxxl.de\/markt\/produkt\/1200-stueck-schlupflid-tapes-augenlid-stripes-unsichtbare-doppelte-schlupflider-tape-augenlid-lifting-ohne-op-wasserdicht-eyelid-klebeband-augenlid-aufkleber-band-mit-gabelstangen-pinzette-hautfarb\/#primaryimage"},"thumbnailUrl":"https:\/\/m.media-amazon.com\/images\/I\/41qLL7mPbhL._SL500_.jpg","datePublished":"2021-09-13T17:56:40+00:00","dateModified":"2023-04-09T23:30:34+00:00","description":"Markt-XXL 1200 St\u00fcck Schlupflid Tapes, Augenlid Stripes Unsichtbare Doppelte Schlupflider Tape Augenlid Lifting ohne OP\u2026","breadcrumb":{"@id":"https:\/\/marktxxl.de\/markt\/produkt\/1200-stueck-schlupflid-tapes-augenlid-stripes-unsichtbare-doppelte-schlupflider-tape-augenlid-lifting-ohne-op-wasserdicht-eyelid-klebeband-augenlid-aufkleber-band-mit-gabelstangen-pinzette-hautfarb\/#breadcrumb"},"inLanguage":"de","potentialAction":[{"@type":"ReadAction","target":["https:\/\/marktxxl.de\/markt\/produkt\/1200-stueck-schlupflid-tapes-augenlid-stripes-unsichtbare-doppelte-schlupflider-tape-augenlid-lifting-ohne-op-wasserdicht-eyelid-klebeband-augenlid-aufkleber-band-mit-gabelstangen-pinzette-hautfarb\/"]}]},{"@type":"ImageObject","inLanguage":"de","@id":"https:\/\/marktxxl.de\/markt\/produkt\/1200-stueck-schlupflid-tapes-augenlid-stripes-unsichtbare-doppelte-schlupflider-tape-augenlid-lifting-ohne-op-wasserdicht-eyelid-klebeband-augenlid-aufkleber-band-mit-gabelstangen-pinzette-hautfarb\/#primaryimage","url":"https:\/\/m.media-amazon.com\/images\/I\/41qLL7mPbhL._SL500_.jpg","contentUrl":"https:\/\/m.media-amazon.com\/images\/I\/41qLL7mPbhL._SL500_.jpg","width":500,"height":500},{"@type":"BreadcrumbList","@id":"https:\/\/marktxxl.de\/markt\/produkt\/1200-stueck-schlupflid-tapes-augenlid-stripes-unsichtbare-doppelte-schlupflider-tape-augenlid-lifting-ohne-op-wasserdicht-eyelid-klebeband-augenlid-aufkleber-band-mit-gabelstangen-pinzette-hautfarb\/#breadcrumb","itemListElement":[{"@type":"ListItem","position":1,"name":"Startseite","item":"https:\/\/marktxxl.de\/markt\/"},{"@type":"ListItem","position":2,"name":"Markt","item":"https:\/\/marktxxl.de\/markt\/"},{"@type":"ListItem","position":3,"name":"1200 St\u00fcck Schlupflid Tapes, Augenlid Stripes Unsichtbare Doppelte Schlupflider Tape Augenlid Lifting ohne OP\u2026"}]},{"@type":"WebSite","@id":"https:\/\/marktxxl.de\/markt\/#website","url":"https:\/\/marktxxl.de\/markt\/","name":"Markt-XXL","description":"Ihr Markt Online","publisher":{"@id":"https:\/\/marktxxl.de\/markt\/#organization"},"potentialAction":[{"@type":"SearchAction","target":{"@type":"EntryPoint","urlTemplate":"https:\/\/marktxxl.de\/markt\/?s={search_term_string}"},"query-input":{"@type":"PropertyValueSpecification","valueRequired":true,"valueName":"search_term_string"}}],"inLanguage":"de"},{"@type":"Organization","@id":"https:\/\/marktxxl.de\/markt\/#organization","name":"Markt-XXL","url":"https:\/\/marktxxl.de\/markt\/","logo":{"@type":"ImageObject","inLanguage":"de","@id":"https:\/\/marktxxl.de\/markt\/#\/schema\/logo\/image\/","url":"https:\/\/marktxxl.de\/markt\/wp-content\/uploads\/sites\/3\/2020\/12\/logo.png","contentUrl":"https:\/\/marktxxl.de\/markt\/wp-content\/uploads\/sites\/3\/2020\/12\/logo.png","width":200,"height":70,"caption":"Markt-XXL"},"image":{"@id":"https:\/\/marktxxl.de\/markt\/#\/schema\/logo\/image\/"}}]}},"_links":{"self":[{"href":"https:\/\/marktxxl.de\/markt\/wp-json\/wp\/v2\/product\/32551","targetHints":{"allow":["GET"]}}],"collection":[{"href":"https:\/\/marktxxl.de\/markt\/wp-json\/wp\/v2\/product"}],"about":[{"href":"https:\/\/marktxxl.de\/markt\/wp-json\/wp\/v2\/types\/product"}],"replies":[{"embeddable":true,"href":"https:\/\/marktxxl.de\/markt\/wp-json\/wp\/v2\/comments?post=32551"}],"wp:featuredmedia":[{"embeddable":true,"href":"https:\/\/marktxxl.de\/markt\/wp-json\/wp\/v2\/media\/32552"}],"wp:attachment":[{"href":"https:\/\/marktxxl.de\/markt\/wp-json\/wp\/v2\/media?parent=32551"}],"wp:term":[{"taxonomy":"product_brand","embeddable":true,"href":"https:\/\/marktxxl.de\/markt\/wp-json\/wp\/v2\/product_brand?post=32551"},{"taxonomy":"product_cat","embeddable":true,"href":"https:\/\/marktxxl.de\/markt\/wp-json\/wp\/v2\/product_cat?post=32551"},{"taxonomy":"product_tag","embeddable":true,"href":"https:\/\/marktxxl.de\/markt\/wp-json\/wp\/v2\/product_tag?post=32551"}],"curies":[{"name":"wp","href":"https:\/\/api.w.org\/{rel}","templated":true}]}}