{"id":32543,"date":"2021-09-13T19:56:38","date_gmt":"2021-09-13T17:56:38","guid":{"rendered":"https:\/\/marktxxl.de\/markt\/produkt\/magnetische-wimpern-5-paare-magnet-wimpern-3d-magnetische-wimpern-mit-eyeliner-magnetische-wimpern-eyeliner-set-wasserdicht-und-wiederverwendbar-mit-pinzette\/"},"modified":"2023-04-10T01:30:34","modified_gmt":"2023-04-09T23:30:34","slug":"magnetische-wimpern-5-paare-magnet-wimpern-3d-magnetische-wimpern-mit-eyeliner-magnetische-wimpern-eyeliner-set-wasserdicht-und-wiederverwendbar-mit-pinzette","status":"publish","type":"product","link":"https:\/\/marktxxl.de\/markt\/produkt\/magnetische-wimpern-5-paare-magnet-wimpern-3d-magnetische-wimpern-mit-eyeliner-magnetische-wimpern-eyeliner-set-wasserdicht-und-wiederverwendbar-mit-pinzette\/","title":{"rendered":"Magnetische Wimpern 5 Paare, Magnet Wimpern, 3D Magnetische Wimpern mit Eyeliner, Magnetische Wimpern Eyeliner Set\u2026"},"content":{"rendered":"<p>\u30105 Paare Magnetische Wimpern\u3011Verschiedene Arten von Wimpern k\u00f6nnen die Bed\u00fcrfnisse verschiedener Anl\u00e4sse erf\u00fcllen. Unser magnetische wimpern eyeliner set bietet Ihnen 5 verschiedene einzigartige Stile (nat\u00fcrlich, Party, t\u00e4glich, Termin, Arbeit). Sie k\u00f6nnen verschiedene magnetische Wimpern ausw\u00e4hlen, um Ihren unterschiedlichen Anforderungen gerecht zu werden.<br \/>\n\u3010Magnetische Eyeliner\u3011Der magnetische Eyeliner enth\u00e4lt ultrafeine magnetische Partikel, die eine hohe T\u00f6nungskraft, wasserdicht und schwei\u00dffest sowie langlebige Eigenschaften aufweisen. Das kleberfreie Design sorgt daf\u00fcr, dass Sie sich keine Sorgen \u00fcber Verklumpungen machen m\u00fcssen. Es kann die magnetischen Wimpern effektiv fixieren und kann auch als gew\u00f6hnlicher Eyeliner verwendet werden.<br \/>\n\u3010Allwetterbest\u00e4ndig\u3011Die supermagnetischen Partikel im magnetischen Eyeliner werden stark von den kleinen Magnetbl\u00f6cken auf den magnetischen Wimpern angezogen, die die Wimpern fest auf Ihren Augen fixieren und Ihnen den ganzen Tag Charme verleihen.<br \/>\n\u3010Einfach zu verwenden\u3011Wie andere Eyeliner-Alles, was du tun musst, ist Eyeliner auf die Augenlider auftragen, auf das Trocknen warten, setzen Sie dann die magnetischen Wimpern auf die Augenlider.Magnetische Wimpern verbinden sich schnell mit dem Eyeliner.Sie k\u00f6nnen sch\u00f6ne und nat\u00fcrliche Wimpern bekommen, alle Augen anziehen, und zeigen charmanten Charme und elegantes Selbstvertrauen.<br \/>\n\u3010Ideales Geschenk\u3011Ein Paar attraktive Wimpern zu haben, ist das Streben jeder Frau. Unser neuestes wimpern magnetisch eyeliner befindet sich in einer wundersch\u00f6n gestalteten Verpackung. Es ist das beste Geschenk f\u00fcr Mutter, Frau und Freundin am Valentinstag, an Halloween, Thanksgiving und Weihnachten.<br \/>\n<div class=\"main-cross-sell\" data-asin=\"B08693N2PN\">\n\n\t<div class=\"WooZone-cross-sell-loader\">\n\t\t<div>\n\t\t\t<div id=\"floatingBarsG\">\n\t\t\t\t<div class=\"blockG\" id=\"rotateG_01\"><\/div>\n\t\t\t\t<div class=\"blockG\" id=\"rotateG_02\"><\/div>\n\t\t\t\t<div class=\"blockG\" id=\"rotateG_03\"><\/div>\n\t\t\t\t<div class=\"blockG\" id=\"rotateG_04\"><\/div>\n\t\t\t\t<div class=\"blockG\" id=\"rotateG_05\"><\/div>\n\t\t\t\t<div class=\"blockG\" id=\"rotateG_06\"><\/div>\n\t\t\t\t<div class=\"blockG\" id=\"rotateG_07\"><\/div>\n\t\t\t\t<div class=\"blockG\" id=\"rotateG_08\"><\/div>\n\t\t\t<\/div>\n\t\t\t<div class=\"WooZone-cross-sell-loader-text\"><\/div>\n\t\t<\/div>\n\t<\/div>\n\n\t\t\n<\/div>\n<div style=\"clear:both;\"><\/div><\/p>\n","protected":false},"excerpt":{"rendered":"<p>\u30105 Paare Magnetische Wimpern\u3011Verschiedene Arten von Wimpern k\u00f6nnen die Bed\u00fcrfnisse verschiedener Anl\u00e4sse erf\u00fcllen. Unser magnetische wimpern eyeliner set bietet Ihnen 5 verschiedene einzigartige Stile (nat\u00fcrlich, Party, t\u00e4glich, Termin, Arbeit). Sie k\u00f6nnen verschiedene magnetische Wimpern ausw\u00e4hlen, um Ihren unterschiedlichen Anforderungen gerecht zu werden.<br \/>\n\u3010Magnetische Eyeliner\u3011Der magnetische Eyeliner enth\u00e4lt ultrafeine magnetische Partikel, die eine hohe T\u00f6nungskraft, wasserdicht und schwei\u00dffest sowie langlebige Eigenschaften aufweisen. Das kleberfreie Design sorgt daf\u00fcr, dass Sie sich keine Sorgen \u00fcber Verklumpungen machen m\u00fcssen. Es kann die magnetischen Wimpern effektiv fixieren und kann auch als gew\u00f6hnlicher Eyeliner verwendet werden.<br \/>\n\u3010Allwetterbest\u00e4ndig\u3011Die supermagnetischen Partikel im magnetischen Eyeliner werden stark von den kleinen Magnetbl\u00f6cken auf den magnetischen Wimpern angezogen, die die Wimpern fest auf Ihren Augen fixieren und Ihnen den ganzen Tag Charme verleihen.<\/p>\n","protected":false},"featured_media":32544,"comment_status":"open","ping_status":"closed","template":"","meta":[],"product_brand":[],"product_cat":[2858,7575],"product_tag":[],"class_list":{"0":"post-32543","1":"product","2":"type-product","3":"status-publish","4":"has-post-thumbnail","6":"product_cat-beauty","7":"product_cat-make-up","8":"pa_brand-beitony","9":"pa_color-rot","10":"pa_manufacturer-beitony","11":"pa_model-jjm-dwe05","12":"pa_size-13-stueck-1er-pack","14":"first","15":"instock","16":"shipping-taxable","17":"purchasable","18":"product-type-simple","19":"customify-col","20":"product-has-gallery"},"yoast_head":"<!-- This site is optimized with the Yoast SEO plugin v27.4 - https:\/\/yoast.com\/product\/yoast-seo-wordpress\/ -->\n<title>Magnetische Wimpern 5 Paare, Magnet Wimpern, 3D Magnetische Wimpern mit Eyeliner, Magnetische Wimpern Eyeliner Set\u2026 - Markt-XXL<\/title>\n<meta name=\"description\" content=\"Markt-XXL Magnetische Wimpern 5 Paare, Magnet Wimpern, 3D Magnetische Wimpern mit Eyeliner, Magnetische Wimpern Eyeliner Set\u2026\" \/>\n<meta name=\"robots\" content=\"index, follow, max-snippet:-1, max-image-preview:large, max-video-preview:-1\" \/>\n<link rel=\"canonical\" href=\"https:\/\/marktxxl.de\/markt\/produkt\/magnetische-wimpern-5-paare-magnet-wimpern-3d-magnetische-wimpern-mit-eyeliner-magnetische-wimpern-eyeliner-set-wasserdicht-und-wiederverwendbar-mit-pinzette\/\" \/>\n<meta property=\"og:locale\" content=\"de_DE\" \/>\n<meta property=\"og:type\" content=\"article\" \/>\n<meta property=\"og:title\" content=\"Magnetische Wimpern 5 Paare, Magnet Wimpern, 3D Magnetische Wimpern mit Eyeliner, Magnetische Wimpern Eyeliner Set\u2026 - Markt-XXL\" \/>\n<meta property=\"og:description\" content=\"Markt-XXL Magnetische Wimpern 5 Paare, Magnet Wimpern, 3D Magnetische Wimpern mit Eyeliner, Magnetische Wimpern Eyeliner Set\u2026\" \/>\n<meta property=\"og:url\" content=\"https:\/\/marktxxl.de\/markt\/produkt\/magnetische-wimpern-5-paare-magnet-wimpern-3d-magnetische-wimpern-mit-eyeliner-magnetische-wimpern-eyeliner-set-wasserdicht-und-wiederverwendbar-mit-pinzette\/\" \/>\n<meta property=\"og:site_name\" content=\"Markt-XXL\" \/>\n<meta property=\"article:modified_time\" content=\"2023-04-09T23:30:34+00:00\" \/>\n<meta property=\"og:image\" content=\"https:\/\/m.media-amazon.com\/images\/I\/51LwOKD8nwL._SL500_.jpg\" \/>\n\t<meta property=\"og:image:width\" content=\"500\" \/>\n\t<meta property=\"og:image:height\" content=\"500\" \/>\n\t<meta property=\"og:image:type\" content=\"image\/jpeg\" \/>\n<meta name=\"twitter:card\" content=\"summary_large_image\" \/>\n<meta name=\"twitter:label1\" content=\"Gesch\u00e4tzte Lesezeit\" \/>\n\t<meta name=\"twitter:data1\" content=\"1\u00a0Minute\" \/>\n<script type=\"application\/ld+json\" class=\"yoast-schema-graph\">{\"@context\":\"https:\\\/\\\/schema.org\",\"@graph\":[{\"@type\":\"WebPage\",\"@id\":\"https:\\\/\\\/marktxxl.de\\\/markt\\\/produkt\\\/magnetische-wimpern-5-paare-magnet-wimpern-3d-magnetische-wimpern-mit-eyeliner-magnetische-wimpern-eyeliner-set-wasserdicht-und-wiederverwendbar-mit-pinzette\\\/\",\"url\":\"https:\\\/\\\/marktxxl.de\\\/markt\\\/produkt\\\/magnetische-wimpern-5-paare-magnet-wimpern-3d-magnetische-wimpern-mit-eyeliner-magnetische-wimpern-eyeliner-set-wasserdicht-und-wiederverwendbar-mit-pinzette\\\/\",\"name\":\"Magnetische Wimpern 5 Paare, Magnet Wimpern, 3D Magnetische Wimpern mit Eyeliner, Magnetische Wimpern Eyeliner Set\u2026 - Markt-XXL\",\"isPartOf\":{\"@id\":\"https:\\\/\\\/marktxxl.de\\\/markt\\\/#website\"},\"primaryImageOfPage\":{\"@id\":\"https:\\\/\\\/marktxxl.de\\\/markt\\\/produkt\\\/magnetische-wimpern-5-paare-magnet-wimpern-3d-magnetische-wimpern-mit-eyeliner-magnetische-wimpern-eyeliner-set-wasserdicht-und-wiederverwendbar-mit-pinzette\\\/#primaryimage\"},\"image\":{\"@id\":\"https:\\\/\\\/marktxxl.de\\\/markt\\\/produkt\\\/magnetische-wimpern-5-paare-magnet-wimpern-3d-magnetische-wimpern-mit-eyeliner-magnetische-wimpern-eyeliner-set-wasserdicht-und-wiederverwendbar-mit-pinzette\\\/#primaryimage\"},\"thumbnailUrl\":\"https:\\\/\\\/m.media-amazon.com\\\/images\\\/I\\\/51LwOKD8nwL._SL500_.jpg\",\"datePublished\":\"2021-09-13T17:56:38+00:00\",\"dateModified\":\"2023-04-09T23:30:34+00:00\",\"description\":\"Markt-XXL Magnetische Wimpern 5 Paare, Magnet Wimpern, 3D Magnetische Wimpern mit Eyeliner, Magnetische Wimpern Eyeliner Set\u2026\",\"breadcrumb\":{\"@id\":\"https:\\\/\\\/marktxxl.de\\\/markt\\\/produkt\\\/magnetische-wimpern-5-paare-magnet-wimpern-3d-magnetische-wimpern-mit-eyeliner-magnetische-wimpern-eyeliner-set-wasserdicht-und-wiederverwendbar-mit-pinzette\\\/#breadcrumb\"},\"inLanguage\":\"de\",\"potentialAction\":[{\"@type\":\"ReadAction\",\"target\":[\"https:\\\/\\\/marktxxl.de\\\/markt\\\/produkt\\\/magnetische-wimpern-5-paare-magnet-wimpern-3d-magnetische-wimpern-mit-eyeliner-magnetische-wimpern-eyeliner-set-wasserdicht-und-wiederverwendbar-mit-pinzette\\\/\"]}]},{\"@type\":\"ImageObject\",\"inLanguage\":\"de\",\"@id\":\"https:\\\/\\\/marktxxl.de\\\/markt\\\/produkt\\\/magnetische-wimpern-5-paare-magnet-wimpern-3d-magnetische-wimpern-mit-eyeliner-magnetische-wimpern-eyeliner-set-wasserdicht-und-wiederverwendbar-mit-pinzette\\\/#primaryimage\",\"url\":\"https:\\\/\\\/m.media-amazon.com\\\/images\\\/I\\\/51LwOKD8nwL._SL500_.jpg\",\"contentUrl\":\"https:\\\/\\\/m.media-amazon.com\\\/images\\\/I\\\/51LwOKD8nwL._SL500_.jpg\",\"width\":500,\"height\":500},{\"@type\":\"BreadcrumbList\",\"@id\":\"https:\\\/\\\/marktxxl.de\\\/markt\\\/produkt\\\/magnetische-wimpern-5-paare-magnet-wimpern-3d-magnetische-wimpern-mit-eyeliner-magnetische-wimpern-eyeliner-set-wasserdicht-und-wiederverwendbar-mit-pinzette\\\/#breadcrumb\",\"itemListElement\":[{\"@type\":\"ListItem\",\"position\":1,\"name\":\"Startseite\",\"item\":\"https:\\\/\\\/marktxxl.de\\\/markt\\\/\"},{\"@type\":\"ListItem\",\"position\":2,\"name\":\"Markt\",\"item\":\"https:\\\/\\\/marktxxl.de\\\/markt\\\/\"},{\"@type\":\"ListItem\",\"position\":3,\"name\":\"Magnetische Wimpern 5 Paare, Magnet Wimpern, 3D Magnetische Wimpern mit Eyeliner, Magnetische Wimpern Eyeliner Set\u2026\"}]},{\"@type\":\"WebSite\",\"@id\":\"https:\\\/\\\/marktxxl.de\\\/markt\\\/#website\",\"url\":\"https:\\\/\\\/marktxxl.de\\\/markt\\\/\",\"name\":\"Markt-XXL\",\"description\":\"Ihr Markt Online\",\"publisher\":{\"@id\":\"https:\\\/\\\/marktxxl.de\\\/markt\\\/#organization\"},\"potentialAction\":[{\"@type\":\"SearchAction\",\"target\":{\"@type\":\"EntryPoint\",\"urlTemplate\":\"https:\\\/\\\/marktxxl.de\\\/markt\\\/?s={search_term_string}\"},\"query-input\":{\"@type\":\"PropertyValueSpecification\",\"valueRequired\":true,\"valueName\":\"search_term_string\"}}],\"inLanguage\":\"de\"},{\"@type\":\"Organization\",\"@id\":\"https:\\\/\\\/marktxxl.de\\\/markt\\\/#organization\",\"name\":\"Markt-XXL\",\"url\":\"https:\\\/\\\/marktxxl.de\\\/markt\\\/\",\"logo\":{\"@type\":\"ImageObject\",\"inLanguage\":\"de\",\"@id\":\"https:\\\/\\\/marktxxl.de\\\/markt\\\/#\\\/schema\\\/logo\\\/image\\\/\",\"url\":\"https:\\\/\\\/marktxxl.de\\\/markt\\\/wp-content\\\/uploads\\\/sites\\\/3\\\/2020\\\/12\\\/logo.png\",\"contentUrl\":\"https:\\\/\\\/marktxxl.de\\\/markt\\\/wp-content\\\/uploads\\\/sites\\\/3\\\/2020\\\/12\\\/logo.png\",\"width\":200,\"height\":70,\"caption\":\"Markt-XXL\"},\"image\":{\"@id\":\"https:\\\/\\\/marktxxl.de\\\/markt\\\/#\\\/schema\\\/logo\\\/image\\\/\"}}]}<\/script>\n<!-- \/ Yoast SEO plugin. -->","yoast_head_json":{"title":"Magnetische Wimpern 5 Paare, Magnet Wimpern, 3D Magnetische Wimpern mit Eyeliner, Magnetische Wimpern Eyeliner Set\u2026 - Markt-XXL","description":"Markt-XXL Magnetische Wimpern 5 Paare, Magnet Wimpern, 3D Magnetische Wimpern mit Eyeliner, Magnetische Wimpern Eyeliner Set\u2026","robots":{"index":"index","follow":"follow","max-snippet":"max-snippet:-1","max-image-preview":"max-image-preview:large","max-video-preview":"max-video-preview:-1"},"canonical":"https:\/\/marktxxl.de\/markt\/produkt\/magnetische-wimpern-5-paare-magnet-wimpern-3d-magnetische-wimpern-mit-eyeliner-magnetische-wimpern-eyeliner-set-wasserdicht-und-wiederverwendbar-mit-pinzette\/","og_locale":"de_DE","og_type":"article","og_title":"Magnetische Wimpern 5 Paare, Magnet Wimpern, 3D Magnetische Wimpern mit Eyeliner, Magnetische Wimpern Eyeliner Set\u2026 - Markt-XXL","og_description":"Markt-XXL Magnetische Wimpern 5 Paare, Magnet Wimpern, 3D Magnetische Wimpern mit Eyeliner, Magnetische Wimpern Eyeliner Set\u2026","og_url":"https:\/\/marktxxl.de\/markt\/produkt\/magnetische-wimpern-5-paare-magnet-wimpern-3d-magnetische-wimpern-mit-eyeliner-magnetische-wimpern-eyeliner-set-wasserdicht-und-wiederverwendbar-mit-pinzette\/","og_site_name":"Markt-XXL","article_modified_time":"2023-04-09T23:30:34+00:00","og_image":[{"width":500,"height":500,"url":"https:\/\/m.media-amazon.com\/images\/I\/51LwOKD8nwL._SL500_.jpg","type":"image\/jpeg"}],"twitter_card":"summary_large_image","twitter_misc":{"Gesch\u00e4tzte Lesezeit":"1\u00a0Minute"},"schema":{"@context":"https:\/\/schema.org","@graph":[{"@type":"WebPage","@id":"https:\/\/marktxxl.de\/markt\/produkt\/magnetische-wimpern-5-paare-magnet-wimpern-3d-magnetische-wimpern-mit-eyeliner-magnetische-wimpern-eyeliner-set-wasserdicht-und-wiederverwendbar-mit-pinzette\/","url":"https:\/\/marktxxl.de\/markt\/produkt\/magnetische-wimpern-5-paare-magnet-wimpern-3d-magnetische-wimpern-mit-eyeliner-magnetische-wimpern-eyeliner-set-wasserdicht-und-wiederverwendbar-mit-pinzette\/","name":"Magnetische Wimpern 5 Paare, Magnet Wimpern, 3D Magnetische Wimpern mit Eyeliner, Magnetische Wimpern Eyeliner Set\u2026 - Markt-XXL","isPartOf":{"@id":"https:\/\/marktxxl.de\/markt\/#website"},"primaryImageOfPage":{"@id":"https:\/\/marktxxl.de\/markt\/produkt\/magnetische-wimpern-5-paare-magnet-wimpern-3d-magnetische-wimpern-mit-eyeliner-magnetische-wimpern-eyeliner-set-wasserdicht-und-wiederverwendbar-mit-pinzette\/#primaryimage"},"image":{"@id":"https:\/\/marktxxl.de\/markt\/produkt\/magnetische-wimpern-5-paare-magnet-wimpern-3d-magnetische-wimpern-mit-eyeliner-magnetische-wimpern-eyeliner-set-wasserdicht-und-wiederverwendbar-mit-pinzette\/#primaryimage"},"thumbnailUrl":"https:\/\/m.media-amazon.com\/images\/I\/51LwOKD8nwL._SL500_.jpg","datePublished":"2021-09-13T17:56:38+00:00","dateModified":"2023-04-09T23:30:34+00:00","description":"Markt-XXL Magnetische Wimpern 5 Paare, Magnet Wimpern, 3D Magnetische Wimpern mit Eyeliner, Magnetische Wimpern Eyeliner Set\u2026","breadcrumb":{"@id":"https:\/\/marktxxl.de\/markt\/produkt\/magnetische-wimpern-5-paare-magnet-wimpern-3d-magnetische-wimpern-mit-eyeliner-magnetische-wimpern-eyeliner-set-wasserdicht-und-wiederverwendbar-mit-pinzette\/#breadcrumb"},"inLanguage":"de","potentialAction":[{"@type":"ReadAction","target":["https:\/\/marktxxl.de\/markt\/produkt\/magnetische-wimpern-5-paare-magnet-wimpern-3d-magnetische-wimpern-mit-eyeliner-magnetische-wimpern-eyeliner-set-wasserdicht-und-wiederverwendbar-mit-pinzette\/"]}]},{"@type":"ImageObject","inLanguage":"de","@id":"https:\/\/marktxxl.de\/markt\/produkt\/magnetische-wimpern-5-paare-magnet-wimpern-3d-magnetische-wimpern-mit-eyeliner-magnetische-wimpern-eyeliner-set-wasserdicht-und-wiederverwendbar-mit-pinzette\/#primaryimage","url":"https:\/\/m.media-amazon.com\/images\/I\/51LwOKD8nwL._SL500_.jpg","contentUrl":"https:\/\/m.media-amazon.com\/images\/I\/51LwOKD8nwL._SL500_.jpg","width":500,"height":500},{"@type":"BreadcrumbList","@id":"https:\/\/marktxxl.de\/markt\/produkt\/magnetische-wimpern-5-paare-magnet-wimpern-3d-magnetische-wimpern-mit-eyeliner-magnetische-wimpern-eyeliner-set-wasserdicht-und-wiederverwendbar-mit-pinzette\/#breadcrumb","itemListElement":[{"@type":"ListItem","position":1,"name":"Startseite","item":"https:\/\/marktxxl.de\/markt\/"},{"@type":"ListItem","position":2,"name":"Markt","item":"https:\/\/marktxxl.de\/markt\/"},{"@type":"ListItem","position":3,"name":"Magnetische Wimpern 5 Paare, Magnet Wimpern, 3D Magnetische Wimpern mit Eyeliner, Magnetische Wimpern Eyeliner Set\u2026"}]},{"@type":"WebSite","@id":"https:\/\/marktxxl.de\/markt\/#website","url":"https:\/\/marktxxl.de\/markt\/","name":"Markt-XXL","description":"Ihr Markt Online","publisher":{"@id":"https:\/\/marktxxl.de\/markt\/#organization"},"potentialAction":[{"@type":"SearchAction","target":{"@type":"EntryPoint","urlTemplate":"https:\/\/marktxxl.de\/markt\/?s={search_term_string}"},"query-input":{"@type":"PropertyValueSpecification","valueRequired":true,"valueName":"search_term_string"}}],"inLanguage":"de"},{"@type":"Organization","@id":"https:\/\/marktxxl.de\/markt\/#organization","name":"Markt-XXL","url":"https:\/\/marktxxl.de\/markt\/","logo":{"@type":"ImageObject","inLanguage":"de","@id":"https:\/\/marktxxl.de\/markt\/#\/schema\/logo\/image\/","url":"https:\/\/marktxxl.de\/markt\/wp-content\/uploads\/sites\/3\/2020\/12\/logo.png","contentUrl":"https:\/\/marktxxl.de\/markt\/wp-content\/uploads\/sites\/3\/2020\/12\/logo.png","width":200,"height":70,"caption":"Markt-XXL"},"image":{"@id":"https:\/\/marktxxl.de\/markt\/#\/schema\/logo\/image\/"}}]}},"_links":{"self":[{"href":"https:\/\/marktxxl.de\/markt\/wp-json\/wp\/v2\/product\/32543","targetHints":{"allow":["GET"]}}],"collection":[{"href":"https:\/\/marktxxl.de\/markt\/wp-json\/wp\/v2\/product"}],"about":[{"href":"https:\/\/marktxxl.de\/markt\/wp-json\/wp\/v2\/types\/product"}],"replies":[{"embeddable":true,"href":"https:\/\/marktxxl.de\/markt\/wp-json\/wp\/v2\/comments?post=32543"}],"wp:featuredmedia":[{"embeddable":true,"href":"https:\/\/marktxxl.de\/markt\/wp-json\/wp\/v2\/media\/32544"}],"wp:attachment":[{"href":"https:\/\/marktxxl.de\/markt\/wp-json\/wp\/v2\/media?parent=32543"}],"wp:term":[{"taxonomy":"product_brand","embeddable":true,"href":"https:\/\/marktxxl.de\/markt\/wp-json\/wp\/v2\/product_brand?post=32543"},{"taxonomy":"product_cat","embeddable":true,"href":"https:\/\/marktxxl.de\/markt\/wp-json\/wp\/v2\/product_cat?post=32543"},{"taxonomy":"product_tag","embeddable":true,"href":"https:\/\/marktxxl.de\/markt\/wp-json\/wp\/v2\/product_tag?post=32543"}],"curies":[{"name":"wp","href":"https:\/\/api.w.org\/{rel}","templated":true}]}}