{"id":32526,"date":"2021-09-13T19:56:33","date_gmt":"2021-09-13T17:56:33","guid":{"rendered":"https:\/\/marktxxl.de\/markt\/produkt\/jeuxlore-superlative-lash-wimpernserum-augenbrauenserum-1er-pack-1-x-3-ml\/"},"modified":"2023-04-10T01:30:33","modified_gmt":"2023-04-09T23:30:33","slug":"jeuxlore-superlative-lash-wimpernserum-augenbrauenserum-1er-pack-1-x-3-ml","status":"publish","type":"product","link":"https:\/\/marktxxl.de\/markt\/produkt\/jeuxlore-superlative-lash-wimpernserum-augenbrauenserum-1er-pack-1-x-3-ml\/","title":{"rendered":"JEUXLOR\u00c9 Superlative Lash Wimpernserum &amp; Augenbrauen Serum f\u00fcr besseres Wachstum von Wimpern &amp; Brauen &#8211; Testsieger &#8211; 3\u2026"},"content":{"rendered":"<p>\u2713 EFFEKTIVE FORMEL F\u00dcR STRAHLEND SCH\u00d6NE WIMPERN \u2013 Die stimulierende Formel des JEUXLOR\u00c9 Superlative Lash Wimpernserums verhilft Ihnen zu traumhaft sch\u00f6nen Wimpern.<br \/>\n\u2713 DERMATOLOGISCH GETESTET \u2013 Superlative Lash wurde dermatologisch und augen\u00e4rztlich getestet. Trotz hoher Vertr\u00e4glichkeit k\u00f6nnen allerg. Reaktionen nie zu 100% ausgeschlossen werden. Bei Irritationen, brechen Sie die Anwendung ab und kontaktieren Sie uns. Wir finden bestimmt eine L\u00f6sung! Um Irritationen im Augenbereich auszuschlie\u00dfen, wenden Sie das Produkt bitte exakt wie im Beipackzettel beschrieben an.<br \/>\n\u2713 WICHTIGER HINWEIS &#8211; Um bestm\u00f6gliche Ergebnisse zu erzielen, wenden Sie das Wimpernserum bitte 1x t\u00e4glich wie beschrieben an. Abweichungen von der Herstellerempfehlung k\u00f6nnen zu erheblichen Verz\u00f6gerungen bei der Erzielung der gew\u00fcnschten Ergebnisse f\u00fchren. Die Haltbarkeit des Produkts betr\u00e4gt mehr als 30 Monate. Bitte brauchen Sie das Produkt innerhalb von 12 Monaten nach erstmaliger \u00d6ffnung.<br \/>\n\u2713 SCHNELLE ERGEBNISSE \u2013 Sichtbare Verbesserungen hinsichtlich L\u00e4nge und Dichte treten in der Regel innerhalb von 6 bis 10 Wochen ein. Verz\u00f6gerungen sind je nach Lebensstil, Gesundheit sowie genetischer Veranlagung nicht ausgeschlossen.<br \/>\n\u2713 ERH\u00d6HTES VOLUMEN \u2013 Die Wimpern werden permanent mit N\u00e4hrstoffen versorgt, die zu einem gesunden, volumin\u00f6sen Erscheinungsbild f\u00fchren. Volle, kr\u00e4ftige und lange Wimpern betonen die Augen und sorgen so f\u00fcr eine besondere Ausstrahlung.<br \/>\n<div class=\"main-cross-sell\" data-asin=\"B0178MT96I\">\n\n\t<div class=\"WooZone-cross-sell-loader\">\n\t\t<div>\n\t\t\t<div id=\"floatingBarsG\">\n\t\t\t\t<div class=\"blockG\" id=\"rotateG_01\"><\/div>\n\t\t\t\t<div class=\"blockG\" id=\"rotateG_02\"><\/div>\n\t\t\t\t<div class=\"blockG\" id=\"rotateG_03\"><\/div>\n\t\t\t\t<div class=\"blockG\" id=\"rotateG_04\"><\/div>\n\t\t\t\t<div class=\"blockG\" id=\"rotateG_05\"><\/div>\n\t\t\t\t<div class=\"blockG\" id=\"rotateG_06\"><\/div>\n\t\t\t\t<div class=\"blockG\" id=\"rotateG_07\"><\/div>\n\t\t\t\t<div class=\"blockG\" id=\"rotateG_08\"><\/div>\n\t\t\t<\/div>\n\t\t\t<div class=\"WooZone-cross-sell-loader-text\"><\/div>\n\t\t<\/div>\n\t<\/div>\n\n\t\t\n<\/div>\n<div style=\"clear:both;\"><\/div><\/p>\n","protected":false},"excerpt":{"rendered":"<p>\u2713 EFFEKTIVE FORMEL F\u00dcR STRAHLEND SCH\u00d6NE WIMPERN \u2013 Die stimulierende Formel des JEUXLOR\u00c9 Superlative Lash Wimpernserums verhilft Ihnen zu traumhaft sch\u00f6nen Wimpern.<br \/>\n\u2713 DERMATOLOGISCH GETESTET \u2013 Superlative Lash wurde dermatologisch und augen\u00e4rztlich getestet. Trotz hoher Vertr\u00e4glichkeit k\u00f6nnen allerg. Reaktionen nie zu 100% ausgeschlossen werden. Bei Irritationen, brechen Sie die Anwendung ab und kontaktieren Sie uns. Wir finden bestimmt eine L\u00f6sung! Um Irritationen im Augenbereich auszuschlie\u00dfen, wenden Sie das Produkt bitte exakt wie im Beipackzettel beschrieben an.<br \/>\n\u2713 WICHTIGER HINWEIS &#8211; Um bestm\u00f6gliche Ergebnisse zu erzielen, wenden Sie das Wimpernserum bitte 1x t\u00e4glich wie beschrieben an. Abweichungen von der Herstellerempfehlung k\u00f6nnen zu erheblichen Verz\u00f6gerungen bei der Erzielung der gew\u00fcnschten Ergebnisse f\u00fchren. Die Haltbarkeit des Produkts betr\u00e4gt mehr als 30 Monate. Bitte brauchen Sie das Produkt innerhalb von 12 Monaten nach erstmaliger \u00d6ffnung.<\/p>\n","protected":false},"featured_media":32527,"comment_status":"open","ping_status":"closed","template":"","meta":[],"product_brand":[],"product_cat":[2858,7575],"product_tag":[],"class_list":{"0":"post-32526","1":"product","2":"type-product","3":"status-publish","4":"has-post-thumbnail","6":"product_cat-beauty","7":"product_cat-make-up","8":"pa_binding-badartikel","9":"pa_brand-jeuxlore","10":"pa_color-schwarz-hellblau","11":"pa_height-4-724409444-zoll","12":"pa_length-1-181102361-zoll","13":"pa_manufacturer-sns-commerce-gmbh","14":"pa_model-g1","15":"pa_size-3-ml-1er-pack","16":"pa_width-1-181102361-zoll","18":"first","19":"instock","20":"shipping-taxable","21":"purchasable","22":"product-type-simple","23":"customify-col","24":"product-has-gallery"},"yoast_head":"<!-- This site is optimized with the Yoast SEO plugin v27.3 - https:\/\/yoast.com\/product\/yoast-seo-wordpress\/ -->\n<title>JEUXLOR\u00c9 Superlative Lash Wimpernserum &amp; Augenbrauen Serum f\u00fcr besseres Wachstum von Wimpern &amp; Brauen - Testsieger - 3\u2026 - Markt-XXL<\/title>\n<meta name=\"description\" content=\"Markt-XXL JEUXLOR\u00c9 Superlative Lash Wimpernserum &amp; Augenbrauen Serum f\u00fcr besseres Wachstum von Wimpern &amp; Brauen - Testsieger - 3\u2026\" \/>\n<meta name=\"robots\" content=\"index, follow, max-snippet:-1, max-image-preview:large, max-video-preview:-1\" \/>\n<link rel=\"canonical\" href=\"https:\/\/marktxxl.de\/markt\/produkt\/jeuxlore-superlative-lash-wimpernserum-augenbrauenserum-1er-pack-1-x-3-ml\/\" \/>\n<meta property=\"og:locale\" content=\"de_DE\" \/>\n<meta property=\"og:type\" content=\"article\" \/>\n<meta property=\"og:title\" content=\"JEUXLOR\u00c9 Superlative Lash Wimpernserum &amp; Augenbrauen Serum f\u00fcr besseres Wachstum von Wimpern &amp; Brauen - Testsieger - 3\u2026 - Markt-XXL\" \/>\n<meta property=\"og:description\" content=\"Markt-XXL JEUXLOR\u00c9 Superlative Lash Wimpernserum &amp; Augenbrauen Serum f\u00fcr besseres Wachstum von Wimpern &amp; Brauen - Testsieger - 3\u2026\" \/>\n<meta property=\"og:url\" content=\"https:\/\/marktxxl.de\/markt\/produkt\/jeuxlore-superlative-lash-wimpernserum-augenbrauenserum-1er-pack-1-x-3-ml\/\" \/>\n<meta property=\"og:site_name\" content=\"Markt-XXL\" \/>\n<meta property=\"article:modified_time\" content=\"2023-04-09T23:30:33+00:00\" \/>\n<meta property=\"og:image\" content=\"https:\/\/m.media-amazon.com\/images\/I\/41ODKS-U3UL._SL500_.jpg\" \/>\n\t<meta property=\"og:image:width\" content=\"500\" \/>\n\t<meta property=\"og:image:height\" content=\"500\" \/>\n\t<meta property=\"og:image:type\" content=\"image\/jpeg\" \/>\n<meta name=\"twitter:card\" content=\"summary_large_image\" \/>\n<meta name=\"twitter:label1\" content=\"Gesch\u00e4tzte Lesezeit\" \/>\n\t<meta name=\"twitter:data1\" content=\"1\u00a0Minute\" \/>\n<script type=\"application\/ld+json\" class=\"yoast-schema-graph\">{\"@context\":\"https:\\\/\\\/schema.org\",\"@graph\":[{\"@type\":\"WebPage\",\"@id\":\"https:\\\/\\\/marktxxl.de\\\/markt\\\/produkt\\\/jeuxlore-superlative-lash-wimpernserum-augenbrauenserum-1er-pack-1-x-3-ml\\\/\",\"url\":\"https:\\\/\\\/marktxxl.de\\\/markt\\\/produkt\\\/jeuxlore-superlative-lash-wimpernserum-augenbrauenserum-1er-pack-1-x-3-ml\\\/\",\"name\":\"JEUXLOR\u00c9 Superlative Lash Wimpernserum &amp; Augenbrauen Serum f\u00fcr besseres Wachstum von Wimpern &amp; Brauen - Testsieger - 3\u2026 - Markt-XXL\",\"isPartOf\":{\"@id\":\"https:\\\/\\\/marktxxl.de\\\/markt\\\/#website\"},\"primaryImageOfPage\":{\"@id\":\"https:\\\/\\\/marktxxl.de\\\/markt\\\/produkt\\\/jeuxlore-superlative-lash-wimpernserum-augenbrauenserum-1er-pack-1-x-3-ml\\\/#primaryimage\"},\"image\":{\"@id\":\"https:\\\/\\\/marktxxl.de\\\/markt\\\/produkt\\\/jeuxlore-superlative-lash-wimpernserum-augenbrauenserum-1er-pack-1-x-3-ml\\\/#primaryimage\"},\"thumbnailUrl\":\"https:\\\/\\\/m.media-amazon.com\\\/images\\\/I\\\/41ODKS-U3UL._SL500_.jpg\",\"datePublished\":\"2021-09-13T17:56:33+00:00\",\"dateModified\":\"2023-04-09T23:30:33+00:00\",\"description\":\"Markt-XXL JEUXLOR\u00c9 Superlative Lash Wimpernserum &amp; Augenbrauen Serum f\u00fcr besseres Wachstum von Wimpern &amp; Brauen - Testsieger - 3\u2026\",\"breadcrumb\":{\"@id\":\"https:\\\/\\\/marktxxl.de\\\/markt\\\/produkt\\\/jeuxlore-superlative-lash-wimpernserum-augenbrauenserum-1er-pack-1-x-3-ml\\\/#breadcrumb\"},\"inLanguage\":\"de\",\"potentialAction\":[{\"@type\":\"ReadAction\",\"target\":[\"https:\\\/\\\/marktxxl.de\\\/markt\\\/produkt\\\/jeuxlore-superlative-lash-wimpernserum-augenbrauenserum-1er-pack-1-x-3-ml\\\/\"]}]},{\"@type\":\"ImageObject\",\"inLanguage\":\"de\",\"@id\":\"https:\\\/\\\/marktxxl.de\\\/markt\\\/produkt\\\/jeuxlore-superlative-lash-wimpernserum-augenbrauenserum-1er-pack-1-x-3-ml\\\/#primaryimage\",\"url\":\"https:\\\/\\\/m.media-amazon.com\\\/images\\\/I\\\/41ODKS-U3UL._SL500_.jpg\",\"contentUrl\":\"https:\\\/\\\/m.media-amazon.com\\\/images\\\/I\\\/41ODKS-U3UL._SL500_.jpg\",\"width\":500,\"height\":500},{\"@type\":\"BreadcrumbList\",\"@id\":\"https:\\\/\\\/marktxxl.de\\\/markt\\\/produkt\\\/jeuxlore-superlative-lash-wimpernserum-augenbrauenserum-1er-pack-1-x-3-ml\\\/#breadcrumb\",\"itemListElement\":[{\"@type\":\"ListItem\",\"position\":1,\"name\":\"Startseite\",\"item\":\"https:\\\/\\\/marktxxl.de\\\/markt\\\/\"},{\"@type\":\"ListItem\",\"position\":2,\"name\":\"Markt\",\"item\":\"https:\\\/\\\/marktxxl.de\\\/markt\\\/\"},{\"@type\":\"ListItem\",\"position\":3,\"name\":\"JEUXLOR\u00c9 Superlative Lash Wimpernserum &amp; Augenbrauen Serum f\u00fcr besseres Wachstum von Wimpern &amp; Brauen &#8211; Testsieger &#8211; 3\u2026\"}]},{\"@type\":\"WebSite\",\"@id\":\"https:\\\/\\\/marktxxl.de\\\/markt\\\/#website\",\"url\":\"https:\\\/\\\/marktxxl.de\\\/markt\\\/\",\"name\":\"Markt-XXL\",\"description\":\"Ihr Markt Online\",\"publisher\":{\"@id\":\"https:\\\/\\\/marktxxl.de\\\/markt\\\/#organization\"},\"potentialAction\":[{\"@type\":\"SearchAction\",\"target\":{\"@type\":\"EntryPoint\",\"urlTemplate\":\"https:\\\/\\\/marktxxl.de\\\/markt\\\/?s={search_term_string}\"},\"query-input\":{\"@type\":\"PropertyValueSpecification\",\"valueRequired\":true,\"valueName\":\"search_term_string\"}}],\"inLanguage\":\"de\"},{\"@type\":\"Organization\",\"@id\":\"https:\\\/\\\/marktxxl.de\\\/markt\\\/#organization\",\"name\":\"Markt-XXL\",\"url\":\"https:\\\/\\\/marktxxl.de\\\/markt\\\/\",\"logo\":{\"@type\":\"ImageObject\",\"inLanguage\":\"de\",\"@id\":\"https:\\\/\\\/marktxxl.de\\\/markt\\\/#\\\/schema\\\/logo\\\/image\\\/\",\"url\":\"https:\\\/\\\/marktxxl.de\\\/markt\\\/wp-content\\\/uploads\\\/sites\\\/3\\\/2020\\\/12\\\/logo.png\",\"contentUrl\":\"https:\\\/\\\/marktxxl.de\\\/markt\\\/wp-content\\\/uploads\\\/sites\\\/3\\\/2020\\\/12\\\/logo.png\",\"width\":200,\"height\":70,\"caption\":\"Markt-XXL\"},\"image\":{\"@id\":\"https:\\\/\\\/marktxxl.de\\\/markt\\\/#\\\/schema\\\/logo\\\/image\\\/\"}}]}<\/script>\n<!-- \/ Yoast SEO plugin. -->","yoast_head_json":{"title":"JEUXLOR\u00c9 Superlative Lash Wimpernserum &amp; Augenbrauen Serum f\u00fcr besseres Wachstum von Wimpern &amp; Brauen - Testsieger - 3\u2026 - Markt-XXL","description":"Markt-XXL JEUXLOR\u00c9 Superlative Lash Wimpernserum &amp; Augenbrauen Serum f\u00fcr besseres Wachstum von Wimpern &amp; Brauen - Testsieger - 3\u2026","robots":{"index":"index","follow":"follow","max-snippet":"max-snippet:-1","max-image-preview":"max-image-preview:large","max-video-preview":"max-video-preview:-1"},"canonical":"https:\/\/marktxxl.de\/markt\/produkt\/jeuxlore-superlative-lash-wimpernserum-augenbrauenserum-1er-pack-1-x-3-ml\/","og_locale":"de_DE","og_type":"article","og_title":"JEUXLOR\u00c9 Superlative Lash Wimpernserum &amp; Augenbrauen Serum f\u00fcr besseres Wachstum von Wimpern &amp; Brauen - Testsieger - 3\u2026 - Markt-XXL","og_description":"Markt-XXL JEUXLOR\u00c9 Superlative Lash Wimpernserum &amp; Augenbrauen Serum f\u00fcr besseres Wachstum von Wimpern &amp; Brauen - Testsieger - 3\u2026","og_url":"https:\/\/marktxxl.de\/markt\/produkt\/jeuxlore-superlative-lash-wimpernserum-augenbrauenserum-1er-pack-1-x-3-ml\/","og_site_name":"Markt-XXL","article_modified_time":"2023-04-09T23:30:33+00:00","og_image":[{"width":500,"height":500,"url":"https:\/\/m.media-amazon.com\/images\/I\/41ODKS-U3UL._SL500_.jpg","type":"image\/jpeg"}],"twitter_card":"summary_large_image","twitter_misc":{"Gesch\u00e4tzte Lesezeit":"1\u00a0Minute"},"schema":{"@context":"https:\/\/schema.org","@graph":[{"@type":"WebPage","@id":"https:\/\/marktxxl.de\/markt\/produkt\/jeuxlore-superlative-lash-wimpernserum-augenbrauenserum-1er-pack-1-x-3-ml\/","url":"https:\/\/marktxxl.de\/markt\/produkt\/jeuxlore-superlative-lash-wimpernserum-augenbrauenserum-1er-pack-1-x-3-ml\/","name":"JEUXLOR\u00c9 Superlative Lash Wimpernserum &amp; Augenbrauen Serum f\u00fcr besseres Wachstum von Wimpern &amp; Brauen - Testsieger - 3\u2026 - Markt-XXL","isPartOf":{"@id":"https:\/\/marktxxl.de\/markt\/#website"},"primaryImageOfPage":{"@id":"https:\/\/marktxxl.de\/markt\/produkt\/jeuxlore-superlative-lash-wimpernserum-augenbrauenserum-1er-pack-1-x-3-ml\/#primaryimage"},"image":{"@id":"https:\/\/marktxxl.de\/markt\/produkt\/jeuxlore-superlative-lash-wimpernserum-augenbrauenserum-1er-pack-1-x-3-ml\/#primaryimage"},"thumbnailUrl":"https:\/\/m.media-amazon.com\/images\/I\/41ODKS-U3UL._SL500_.jpg","datePublished":"2021-09-13T17:56:33+00:00","dateModified":"2023-04-09T23:30:33+00:00","description":"Markt-XXL JEUXLOR\u00c9 Superlative Lash Wimpernserum &amp; Augenbrauen Serum f\u00fcr besseres Wachstum von Wimpern &amp; Brauen - Testsieger - 3\u2026","breadcrumb":{"@id":"https:\/\/marktxxl.de\/markt\/produkt\/jeuxlore-superlative-lash-wimpernserum-augenbrauenserum-1er-pack-1-x-3-ml\/#breadcrumb"},"inLanguage":"de","potentialAction":[{"@type":"ReadAction","target":["https:\/\/marktxxl.de\/markt\/produkt\/jeuxlore-superlative-lash-wimpernserum-augenbrauenserum-1er-pack-1-x-3-ml\/"]}]},{"@type":"ImageObject","inLanguage":"de","@id":"https:\/\/marktxxl.de\/markt\/produkt\/jeuxlore-superlative-lash-wimpernserum-augenbrauenserum-1er-pack-1-x-3-ml\/#primaryimage","url":"https:\/\/m.media-amazon.com\/images\/I\/41ODKS-U3UL._SL500_.jpg","contentUrl":"https:\/\/m.media-amazon.com\/images\/I\/41ODKS-U3UL._SL500_.jpg","width":500,"height":500},{"@type":"BreadcrumbList","@id":"https:\/\/marktxxl.de\/markt\/produkt\/jeuxlore-superlative-lash-wimpernserum-augenbrauenserum-1er-pack-1-x-3-ml\/#breadcrumb","itemListElement":[{"@type":"ListItem","position":1,"name":"Startseite","item":"https:\/\/marktxxl.de\/markt\/"},{"@type":"ListItem","position":2,"name":"Markt","item":"https:\/\/marktxxl.de\/markt\/"},{"@type":"ListItem","position":3,"name":"JEUXLOR\u00c9 Superlative Lash Wimpernserum &amp; Augenbrauen Serum f\u00fcr besseres Wachstum von Wimpern &amp; Brauen &#8211; Testsieger &#8211; 3\u2026"}]},{"@type":"WebSite","@id":"https:\/\/marktxxl.de\/markt\/#website","url":"https:\/\/marktxxl.de\/markt\/","name":"Markt-XXL","description":"Ihr Markt Online","publisher":{"@id":"https:\/\/marktxxl.de\/markt\/#organization"},"potentialAction":[{"@type":"SearchAction","target":{"@type":"EntryPoint","urlTemplate":"https:\/\/marktxxl.de\/markt\/?s={search_term_string}"},"query-input":{"@type":"PropertyValueSpecification","valueRequired":true,"valueName":"search_term_string"}}],"inLanguage":"de"},{"@type":"Organization","@id":"https:\/\/marktxxl.de\/markt\/#organization","name":"Markt-XXL","url":"https:\/\/marktxxl.de\/markt\/","logo":{"@type":"ImageObject","inLanguage":"de","@id":"https:\/\/marktxxl.de\/markt\/#\/schema\/logo\/image\/","url":"https:\/\/marktxxl.de\/markt\/wp-content\/uploads\/sites\/3\/2020\/12\/logo.png","contentUrl":"https:\/\/marktxxl.de\/markt\/wp-content\/uploads\/sites\/3\/2020\/12\/logo.png","width":200,"height":70,"caption":"Markt-XXL"},"image":{"@id":"https:\/\/marktxxl.de\/markt\/#\/schema\/logo\/image\/"}}]}},"_links":{"self":[{"href":"https:\/\/marktxxl.de\/markt\/wp-json\/wp\/v2\/product\/32526","targetHints":{"allow":["GET"]}}],"collection":[{"href":"https:\/\/marktxxl.de\/markt\/wp-json\/wp\/v2\/product"}],"about":[{"href":"https:\/\/marktxxl.de\/markt\/wp-json\/wp\/v2\/types\/product"}],"replies":[{"embeddable":true,"href":"https:\/\/marktxxl.de\/markt\/wp-json\/wp\/v2\/comments?post=32526"}],"wp:featuredmedia":[{"embeddable":true,"href":"https:\/\/marktxxl.de\/markt\/wp-json\/wp\/v2\/media\/32527"}],"wp:attachment":[{"href":"https:\/\/marktxxl.de\/markt\/wp-json\/wp\/v2\/media?parent=32526"}],"wp:term":[{"taxonomy":"product_brand","embeddable":true,"href":"https:\/\/marktxxl.de\/markt\/wp-json\/wp\/v2\/product_brand?post=32526"},{"taxonomy":"product_cat","embeddable":true,"href":"https:\/\/marktxxl.de\/markt\/wp-json\/wp\/v2\/product_cat?post=32526"},{"taxonomy":"product_tag","embeddable":true,"href":"https:\/\/marktxxl.de\/markt\/wp-json\/wp\/v2\/product_tag?post=32526"}],"curies":[{"name":"wp","href":"https:\/\/api.w.org\/{rel}","templated":true}]}}