{"id":32465,"date":"2021-09-13T19:54:54","date_gmt":"2021-09-13T17:54:54","guid":{"rendered":"https:\/\/marktxxl.de\/markt\/produkt\/bestope-mitesserentferner-komedonenquetscher-set-pinzetten-set-mit-metall-box-blackhead-remover-aus-hochwertiger-edelstahl-akne-mitesser-entferner-extraktor-tools-6-stuecke\/"},"modified":"2023-04-10T01:30:32","modified_gmt":"2023-04-09T23:30:32","slug":"bestope-mitesserentferner-komedonenquetscher-set-pinzetten-set-mit-metall-box-blackhead-remover-aus-hochwertiger-edelstahl-akne-mitesser-entferner-extraktor-tools-6-stuecke","status":"publish","type":"product","link":"https:\/\/marktxxl.de\/markt\/produkt\/bestope-mitesserentferner-komedonenquetscher-set-pinzetten-set-mit-metall-box-blackhead-remover-aus-hochwertiger-edelstahl-akne-mitesser-entferner-extraktor-tools-6-stuecke\/","title":{"rendered":"BESTOPE Mitesserentferner Komedonenquetscher Set Pinzetten Set mit Metall-Box Blackhead Remover aus Hochwertiger\u2026"},"content":{"rendered":"<p>\u30106-in-1- MULTIFUNKTIONAL\u3011Diese 6 praktischen Komedonenquetscher helfen, Mitesser, Akne und Whitehead usw. leicht zu entfernen. Das beigef\u00fcgte Handbuch zeigt deutlich die Verwendung der einzelnen Tools. Das Metallbox ist sicher und bequem f\u00fcr Lagerung und Transport.<br \/>\n\u30102 BLACKHEAD-PINZETTE\u3011Mit 2 unterschiedlich geformten Pinzetten k\u00f6nnen Sie hartn\u00e4ckige Mitesser genauer entfernen. Die schwer zug\u00e4nglichen Stellen der Komedonenquetscher k\u00f6nnen ebenfalls leicht entfernt werden.<br \/>\n\u3010HOCHWERTIGER EDELSTAHL\u3011Diese Blackhead Remover besteht aus verzinktem Edelstahl, einem 100% sicheren und hochwertigen Material, das maximale Stabilit\u00e4t und lange Lebensdauer gew\u00e4hrleistet. Bitte nach Gebrauch reinigen und trocknen.<br \/>\n\u3010ERGONOMISCHER GRIFF\u3011Mit diesem Mitesserentferner mit rutschfestem Griff k\u00f6nnen Sie den Druck w\u00e4hrend des Gebrauchs besser kontrollieren. Dies stellt sicher, dass jeder Schritt mit hervorragender Kontrolle und Pr\u00e4zision ausgef\u00fchrt werden kann.<br \/>\n\u3010GEEIGNET F\u00dcR ALLE HAUT\u3011Unser Mitesser Entferner kann auf allen Hauttypen angewendet werden. Mit diesem Produkt k\u00f6nnen Sie Mitesser und Akne loswerden und leicht glatte Haut bekommen. Ein sehr praktisches kleines Geschenk f\u00fcr sich und Freunde.<br \/>\n<div class=\"main-cross-sell\" data-asin=\"B071HF44QR\">\n\n\t<div class=\"WooZone-cross-sell-loader\">\n\t\t<div>\n\t\t\t<div id=\"floatingBarsG\">\n\t\t\t\t<div class=\"blockG\" id=\"rotateG_01\"><\/div>\n\t\t\t\t<div class=\"blockG\" id=\"rotateG_02\"><\/div>\n\t\t\t\t<div class=\"blockG\" id=\"rotateG_03\"><\/div>\n\t\t\t\t<div class=\"blockG\" id=\"rotateG_04\"><\/div>\n\t\t\t\t<div class=\"blockG\" id=\"rotateG_05\"><\/div>\n\t\t\t\t<div class=\"blockG\" id=\"rotateG_06\"><\/div>\n\t\t\t\t<div class=\"blockG\" id=\"rotateG_07\"><\/div>\n\t\t\t\t<div class=\"blockG\" id=\"rotateG_08\"><\/div>\n\t\t\t<\/div>\n\t\t\t<div class=\"WooZone-cross-sell-loader-text\"><\/div>\n\t\t<\/div>\n\t<\/div>\n\n\t\t\n<\/div>\n<div style=\"clear:both;\"><\/div><\/p>\n","protected":false},"excerpt":{"rendered":"<p>\u30106-in-1- MULTIFUNKTIONAL\u3011Diese 6 praktischen Komedonenquetscher helfen, Mitesser, Akne und Whitehead usw. leicht zu entfernen. Das beigef\u00fcgte Handbuch zeigt deutlich die Verwendung der einzelnen Tools. Das Metallbox ist sicher und bequem f\u00fcr Lagerung und Transport.<br \/>\n\u30102 BLACKHEAD-PINZETTE\u3011Mit 2 unterschiedlich geformten Pinzetten k\u00f6nnen Sie hartn\u00e4ckige Mitesser genauer entfernen. Die schwer zug\u00e4nglichen Stellen der Komedonenquetscher k\u00f6nnen ebenfalls leicht entfernt werden.<br \/>\n\u3010HOCHWERTIGER EDELSTAHL\u3011Diese Blackhead Remover besteht aus verzinktem Edelstahl, einem 100% sicheren und hochwertigen Material, das maximale Stabilit\u00e4t und lange Lebensdauer gew\u00e4hrleistet. Bitte nach Gebrauch reinigen und trocknen.<\/p>\n","protected":false},"featured_media":32466,"comment_status":"open","ping_status":"closed","template":"","meta":[],"product_brand":[],"product_cat":[2858,7067],"product_tag":[],"class_list":{"0":"post-32465","1":"product","2":"type-product","3":"status-publish","4":"has-post-thumbnail","6":"product_cat-beauty","7":"product_cat-hautpflege","8":"pa_binding-badartikel","9":"pa_brand-bestope-pro","10":"pa_brand-busch-jaeger-3","11":"pa_languages-unbekannt-italienisch","12":"pa_manufacturer-bestope","13":"pa_size-6-stueck-1er-pack","15":"first","16":"instock","17":"shipping-taxable","18":"purchasable","19":"product-type-simple","20":"customify-col","21":"product-has-gallery"},"yoast_head":"<!-- This site is optimized with the Yoast SEO plugin v27.4 - https:\/\/yoast.com\/product\/yoast-seo-wordpress\/ -->\n<title>BESTOPE Mitesserentferner Komedonenquetscher Set Pinzetten Set mit Metall-Box Blackhead Remover aus Hochwertiger\u2026 - Markt-XXL<\/title>\n<meta name=\"description\" content=\"Markt-XXL BESTOPE Mitesserentferner Komedonenquetscher Set Pinzetten Set mit Metall-Box Blackhead Remover aus Hochwertiger\u2026\" \/>\n<meta name=\"robots\" content=\"index, follow, max-snippet:-1, max-image-preview:large, max-video-preview:-1\" \/>\n<link rel=\"canonical\" href=\"https:\/\/marktxxl.de\/markt\/produkt\/bestope-mitesserentferner-komedonenquetscher-set-pinzetten-set-mit-metall-box-blackhead-remover-aus-hochwertiger-edelstahl-akne-mitesser-entferner-extraktor-tools-6-stuecke\/\" \/>\n<meta property=\"og:locale\" content=\"de_DE\" \/>\n<meta property=\"og:type\" content=\"article\" \/>\n<meta property=\"og:title\" content=\"BESTOPE Mitesserentferner Komedonenquetscher Set Pinzetten Set mit Metall-Box Blackhead Remover aus Hochwertiger\u2026 - Markt-XXL\" \/>\n<meta property=\"og:description\" content=\"Markt-XXL BESTOPE Mitesserentferner Komedonenquetscher Set Pinzetten Set mit Metall-Box Blackhead Remover aus Hochwertiger\u2026\" \/>\n<meta property=\"og:url\" content=\"https:\/\/marktxxl.de\/markt\/produkt\/bestope-mitesserentferner-komedonenquetscher-set-pinzetten-set-mit-metall-box-blackhead-remover-aus-hochwertiger-edelstahl-akne-mitesser-entferner-extraktor-tools-6-stuecke\/\" \/>\n<meta property=\"og:site_name\" content=\"Markt-XXL\" \/>\n<meta property=\"article:modified_time\" content=\"2023-04-09T23:30:32+00:00\" \/>\n<meta property=\"og:image\" content=\"https:\/\/m.media-amazon.com\/images\/I\/410dJdAaa1L._SL500_.jpg\" \/>\n\t<meta property=\"og:image:width\" content=\"500\" \/>\n\t<meta property=\"og:image:height\" content=\"500\" \/>\n\t<meta property=\"og:image:type\" content=\"image\/jpeg\" \/>\n<meta name=\"twitter:card\" content=\"summary_large_image\" \/>\n<meta name=\"twitter:label1\" content=\"Gesch\u00e4tzte Lesezeit\" \/>\n\t<meta name=\"twitter:data1\" content=\"1\u00a0Minute\" \/>\n<script type=\"application\/ld+json\" class=\"yoast-schema-graph\">{\"@context\":\"https:\\\/\\\/schema.org\",\"@graph\":[{\"@type\":\"WebPage\",\"@id\":\"https:\\\/\\\/marktxxl.de\\\/markt\\\/produkt\\\/bestope-mitesserentferner-komedonenquetscher-set-pinzetten-set-mit-metall-box-blackhead-remover-aus-hochwertiger-edelstahl-akne-mitesser-entferner-extraktor-tools-6-stuecke\\\/\",\"url\":\"https:\\\/\\\/marktxxl.de\\\/markt\\\/produkt\\\/bestope-mitesserentferner-komedonenquetscher-set-pinzetten-set-mit-metall-box-blackhead-remover-aus-hochwertiger-edelstahl-akne-mitesser-entferner-extraktor-tools-6-stuecke\\\/\",\"name\":\"BESTOPE Mitesserentferner Komedonenquetscher Set Pinzetten Set mit Metall-Box Blackhead Remover aus Hochwertiger\u2026 - Markt-XXL\",\"isPartOf\":{\"@id\":\"https:\\\/\\\/marktxxl.de\\\/markt\\\/#website\"},\"primaryImageOfPage\":{\"@id\":\"https:\\\/\\\/marktxxl.de\\\/markt\\\/produkt\\\/bestope-mitesserentferner-komedonenquetscher-set-pinzetten-set-mit-metall-box-blackhead-remover-aus-hochwertiger-edelstahl-akne-mitesser-entferner-extraktor-tools-6-stuecke\\\/#primaryimage\"},\"image\":{\"@id\":\"https:\\\/\\\/marktxxl.de\\\/markt\\\/produkt\\\/bestope-mitesserentferner-komedonenquetscher-set-pinzetten-set-mit-metall-box-blackhead-remover-aus-hochwertiger-edelstahl-akne-mitesser-entferner-extraktor-tools-6-stuecke\\\/#primaryimage\"},\"thumbnailUrl\":\"https:\\\/\\\/m.media-amazon.com\\\/images\\\/I\\\/410dJdAaa1L._SL500_.jpg\",\"datePublished\":\"2021-09-13T17:54:54+00:00\",\"dateModified\":\"2023-04-09T23:30:32+00:00\",\"description\":\"Markt-XXL BESTOPE Mitesserentferner Komedonenquetscher Set Pinzetten Set mit Metall-Box Blackhead Remover aus Hochwertiger\u2026\",\"breadcrumb\":{\"@id\":\"https:\\\/\\\/marktxxl.de\\\/markt\\\/produkt\\\/bestope-mitesserentferner-komedonenquetscher-set-pinzetten-set-mit-metall-box-blackhead-remover-aus-hochwertiger-edelstahl-akne-mitesser-entferner-extraktor-tools-6-stuecke\\\/#breadcrumb\"},\"inLanguage\":\"de\",\"potentialAction\":[{\"@type\":\"ReadAction\",\"target\":[\"https:\\\/\\\/marktxxl.de\\\/markt\\\/produkt\\\/bestope-mitesserentferner-komedonenquetscher-set-pinzetten-set-mit-metall-box-blackhead-remover-aus-hochwertiger-edelstahl-akne-mitesser-entferner-extraktor-tools-6-stuecke\\\/\"]}]},{\"@type\":\"ImageObject\",\"inLanguage\":\"de\",\"@id\":\"https:\\\/\\\/marktxxl.de\\\/markt\\\/produkt\\\/bestope-mitesserentferner-komedonenquetscher-set-pinzetten-set-mit-metall-box-blackhead-remover-aus-hochwertiger-edelstahl-akne-mitesser-entferner-extraktor-tools-6-stuecke\\\/#primaryimage\",\"url\":\"https:\\\/\\\/m.media-amazon.com\\\/images\\\/I\\\/410dJdAaa1L._SL500_.jpg\",\"contentUrl\":\"https:\\\/\\\/m.media-amazon.com\\\/images\\\/I\\\/410dJdAaa1L._SL500_.jpg\",\"width\":500,\"height\":500},{\"@type\":\"BreadcrumbList\",\"@id\":\"https:\\\/\\\/marktxxl.de\\\/markt\\\/produkt\\\/bestope-mitesserentferner-komedonenquetscher-set-pinzetten-set-mit-metall-box-blackhead-remover-aus-hochwertiger-edelstahl-akne-mitesser-entferner-extraktor-tools-6-stuecke\\\/#breadcrumb\",\"itemListElement\":[{\"@type\":\"ListItem\",\"position\":1,\"name\":\"Startseite\",\"item\":\"https:\\\/\\\/marktxxl.de\\\/markt\\\/\"},{\"@type\":\"ListItem\",\"position\":2,\"name\":\"Markt\",\"item\":\"https:\\\/\\\/marktxxl.de\\\/markt\\\/\"},{\"@type\":\"ListItem\",\"position\":3,\"name\":\"BESTOPE Mitesserentferner Komedonenquetscher Set Pinzetten Set mit Metall-Box Blackhead Remover aus Hochwertiger\u2026\"}]},{\"@type\":\"WebSite\",\"@id\":\"https:\\\/\\\/marktxxl.de\\\/markt\\\/#website\",\"url\":\"https:\\\/\\\/marktxxl.de\\\/markt\\\/\",\"name\":\"Markt-XXL\",\"description\":\"Ihr Markt Online\",\"publisher\":{\"@id\":\"https:\\\/\\\/marktxxl.de\\\/markt\\\/#organization\"},\"potentialAction\":[{\"@type\":\"SearchAction\",\"target\":{\"@type\":\"EntryPoint\",\"urlTemplate\":\"https:\\\/\\\/marktxxl.de\\\/markt\\\/?s={search_term_string}\"},\"query-input\":{\"@type\":\"PropertyValueSpecification\",\"valueRequired\":true,\"valueName\":\"search_term_string\"}}],\"inLanguage\":\"de\"},{\"@type\":\"Organization\",\"@id\":\"https:\\\/\\\/marktxxl.de\\\/markt\\\/#organization\",\"name\":\"Markt-XXL\",\"url\":\"https:\\\/\\\/marktxxl.de\\\/markt\\\/\",\"logo\":{\"@type\":\"ImageObject\",\"inLanguage\":\"de\",\"@id\":\"https:\\\/\\\/marktxxl.de\\\/markt\\\/#\\\/schema\\\/logo\\\/image\\\/\",\"url\":\"https:\\\/\\\/marktxxl.de\\\/markt\\\/wp-content\\\/uploads\\\/sites\\\/3\\\/2020\\\/12\\\/logo.png\",\"contentUrl\":\"https:\\\/\\\/marktxxl.de\\\/markt\\\/wp-content\\\/uploads\\\/sites\\\/3\\\/2020\\\/12\\\/logo.png\",\"width\":200,\"height\":70,\"caption\":\"Markt-XXL\"},\"image\":{\"@id\":\"https:\\\/\\\/marktxxl.de\\\/markt\\\/#\\\/schema\\\/logo\\\/image\\\/\"}}]}<\/script>\n<!-- \/ Yoast SEO plugin. -->","yoast_head_json":{"title":"BESTOPE Mitesserentferner Komedonenquetscher Set Pinzetten Set mit Metall-Box Blackhead Remover aus Hochwertiger\u2026 - Markt-XXL","description":"Markt-XXL BESTOPE Mitesserentferner Komedonenquetscher Set Pinzetten Set mit Metall-Box Blackhead Remover aus Hochwertiger\u2026","robots":{"index":"index","follow":"follow","max-snippet":"max-snippet:-1","max-image-preview":"max-image-preview:large","max-video-preview":"max-video-preview:-1"},"canonical":"https:\/\/marktxxl.de\/markt\/produkt\/bestope-mitesserentferner-komedonenquetscher-set-pinzetten-set-mit-metall-box-blackhead-remover-aus-hochwertiger-edelstahl-akne-mitesser-entferner-extraktor-tools-6-stuecke\/","og_locale":"de_DE","og_type":"article","og_title":"BESTOPE Mitesserentferner Komedonenquetscher Set Pinzetten Set mit Metall-Box Blackhead Remover aus Hochwertiger\u2026 - Markt-XXL","og_description":"Markt-XXL BESTOPE Mitesserentferner Komedonenquetscher Set Pinzetten Set mit Metall-Box Blackhead Remover aus Hochwertiger\u2026","og_url":"https:\/\/marktxxl.de\/markt\/produkt\/bestope-mitesserentferner-komedonenquetscher-set-pinzetten-set-mit-metall-box-blackhead-remover-aus-hochwertiger-edelstahl-akne-mitesser-entferner-extraktor-tools-6-stuecke\/","og_site_name":"Markt-XXL","article_modified_time":"2023-04-09T23:30:32+00:00","og_image":[{"width":500,"height":500,"url":"https:\/\/m.media-amazon.com\/images\/I\/410dJdAaa1L._SL500_.jpg","type":"image\/jpeg"}],"twitter_card":"summary_large_image","twitter_misc":{"Gesch\u00e4tzte Lesezeit":"1\u00a0Minute"},"schema":{"@context":"https:\/\/schema.org","@graph":[{"@type":"WebPage","@id":"https:\/\/marktxxl.de\/markt\/produkt\/bestope-mitesserentferner-komedonenquetscher-set-pinzetten-set-mit-metall-box-blackhead-remover-aus-hochwertiger-edelstahl-akne-mitesser-entferner-extraktor-tools-6-stuecke\/","url":"https:\/\/marktxxl.de\/markt\/produkt\/bestope-mitesserentferner-komedonenquetscher-set-pinzetten-set-mit-metall-box-blackhead-remover-aus-hochwertiger-edelstahl-akne-mitesser-entferner-extraktor-tools-6-stuecke\/","name":"BESTOPE Mitesserentferner Komedonenquetscher Set Pinzetten Set mit Metall-Box Blackhead Remover aus Hochwertiger\u2026 - Markt-XXL","isPartOf":{"@id":"https:\/\/marktxxl.de\/markt\/#website"},"primaryImageOfPage":{"@id":"https:\/\/marktxxl.de\/markt\/produkt\/bestope-mitesserentferner-komedonenquetscher-set-pinzetten-set-mit-metall-box-blackhead-remover-aus-hochwertiger-edelstahl-akne-mitesser-entferner-extraktor-tools-6-stuecke\/#primaryimage"},"image":{"@id":"https:\/\/marktxxl.de\/markt\/produkt\/bestope-mitesserentferner-komedonenquetscher-set-pinzetten-set-mit-metall-box-blackhead-remover-aus-hochwertiger-edelstahl-akne-mitesser-entferner-extraktor-tools-6-stuecke\/#primaryimage"},"thumbnailUrl":"https:\/\/m.media-amazon.com\/images\/I\/410dJdAaa1L._SL500_.jpg","datePublished":"2021-09-13T17:54:54+00:00","dateModified":"2023-04-09T23:30:32+00:00","description":"Markt-XXL BESTOPE Mitesserentferner Komedonenquetscher Set Pinzetten Set mit Metall-Box Blackhead Remover aus Hochwertiger\u2026","breadcrumb":{"@id":"https:\/\/marktxxl.de\/markt\/produkt\/bestope-mitesserentferner-komedonenquetscher-set-pinzetten-set-mit-metall-box-blackhead-remover-aus-hochwertiger-edelstahl-akne-mitesser-entferner-extraktor-tools-6-stuecke\/#breadcrumb"},"inLanguage":"de","potentialAction":[{"@type":"ReadAction","target":["https:\/\/marktxxl.de\/markt\/produkt\/bestope-mitesserentferner-komedonenquetscher-set-pinzetten-set-mit-metall-box-blackhead-remover-aus-hochwertiger-edelstahl-akne-mitesser-entferner-extraktor-tools-6-stuecke\/"]}]},{"@type":"ImageObject","inLanguage":"de","@id":"https:\/\/marktxxl.de\/markt\/produkt\/bestope-mitesserentferner-komedonenquetscher-set-pinzetten-set-mit-metall-box-blackhead-remover-aus-hochwertiger-edelstahl-akne-mitesser-entferner-extraktor-tools-6-stuecke\/#primaryimage","url":"https:\/\/m.media-amazon.com\/images\/I\/410dJdAaa1L._SL500_.jpg","contentUrl":"https:\/\/m.media-amazon.com\/images\/I\/410dJdAaa1L._SL500_.jpg","width":500,"height":500},{"@type":"BreadcrumbList","@id":"https:\/\/marktxxl.de\/markt\/produkt\/bestope-mitesserentferner-komedonenquetscher-set-pinzetten-set-mit-metall-box-blackhead-remover-aus-hochwertiger-edelstahl-akne-mitesser-entferner-extraktor-tools-6-stuecke\/#breadcrumb","itemListElement":[{"@type":"ListItem","position":1,"name":"Startseite","item":"https:\/\/marktxxl.de\/markt\/"},{"@type":"ListItem","position":2,"name":"Markt","item":"https:\/\/marktxxl.de\/markt\/"},{"@type":"ListItem","position":3,"name":"BESTOPE Mitesserentferner Komedonenquetscher Set Pinzetten Set mit Metall-Box Blackhead Remover aus Hochwertiger\u2026"}]},{"@type":"WebSite","@id":"https:\/\/marktxxl.de\/markt\/#website","url":"https:\/\/marktxxl.de\/markt\/","name":"Markt-XXL","description":"Ihr Markt Online","publisher":{"@id":"https:\/\/marktxxl.de\/markt\/#organization"},"potentialAction":[{"@type":"SearchAction","target":{"@type":"EntryPoint","urlTemplate":"https:\/\/marktxxl.de\/markt\/?s={search_term_string}"},"query-input":{"@type":"PropertyValueSpecification","valueRequired":true,"valueName":"search_term_string"}}],"inLanguage":"de"},{"@type":"Organization","@id":"https:\/\/marktxxl.de\/markt\/#organization","name":"Markt-XXL","url":"https:\/\/marktxxl.de\/markt\/","logo":{"@type":"ImageObject","inLanguage":"de","@id":"https:\/\/marktxxl.de\/markt\/#\/schema\/logo\/image\/","url":"https:\/\/marktxxl.de\/markt\/wp-content\/uploads\/sites\/3\/2020\/12\/logo.png","contentUrl":"https:\/\/marktxxl.de\/markt\/wp-content\/uploads\/sites\/3\/2020\/12\/logo.png","width":200,"height":70,"caption":"Markt-XXL"},"image":{"@id":"https:\/\/marktxxl.de\/markt\/#\/schema\/logo\/image\/"}}]}},"_links":{"self":[{"href":"https:\/\/marktxxl.de\/markt\/wp-json\/wp\/v2\/product\/32465","targetHints":{"allow":["GET"]}}],"collection":[{"href":"https:\/\/marktxxl.de\/markt\/wp-json\/wp\/v2\/product"}],"about":[{"href":"https:\/\/marktxxl.de\/markt\/wp-json\/wp\/v2\/types\/product"}],"replies":[{"embeddable":true,"href":"https:\/\/marktxxl.de\/markt\/wp-json\/wp\/v2\/comments?post=32465"}],"wp:featuredmedia":[{"embeddable":true,"href":"https:\/\/marktxxl.de\/markt\/wp-json\/wp\/v2\/media\/32466"}],"wp:attachment":[{"href":"https:\/\/marktxxl.de\/markt\/wp-json\/wp\/v2\/media?parent=32465"}],"wp:term":[{"taxonomy":"product_brand","embeddable":true,"href":"https:\/\/marktxxl.de\/markt\/wp-json\/wp\/v2\/product_brand?post=32465"},{"taxonomy":"product_cat","embeddable":true,"href":"https:\/\/marktxxl.de\/markt\/wp-json\/wp\/v2\/product_cat?post=32465"},{"taxonomy":"product_tag","embeddable":true,"href":"https:\/\/marktxxl.de\/markt\/wp-json\/wp\/v2\/product_tag?post=32465"}],"curies":[{"name":"wp","href":"https:\/\/api.w.org\/{rel}","templated":true}]}}