{"id":32424,"date":"2021-09-13T19:54:47","date_gmt":"2021-09-13T17:54:47","guid":{"rendered":"https:\/\/marktxxl.de\/markt\/produkt\/hyaluronsaeure-serum-hochdosiert-natuerliche-hyaluron-anti-aging-creme-fuer-das-gesicht-50ml-von-colibri-cosmetics-naturkosmetik-made-in-germany\/"},"modified":"2023-04-10T01:30:31","modified_gmt":"2023-04-09T23:30:31","slug":"hyaluronsaeure-serum-hochdosiert-natuerliche-hyaluron-anti-aging-creme-fuer-das-gesicht-50ml-von-colibri-cosmetics-naturkosmetik-made-in-germany","status":"publish","type":"product","link":"https:\/\/marktxxl.de\/markt\/produkt\/hyaluronsaeure-serum-hochdosiert-natuerliche-hyaluron-anti-aging-creme-fuer-das-gesicht-50ml-von-colibri-cosmetics-naturkosmetik-made-in-germany\/","title":{"rendered":"colibri skincare Hyalurons\u00e4ure Serum hochdosiert 50ml &#8211; Bio Hyaluron Serum &#8211; Anti Aging Serum Gesicht &#8211; hyaluronic acid\u2026"},"content":{"rendered":"<p>\u2705 J\u00dcNGERES UND FRISCHERES HAUTBILD f\u00fcr Gesicht, Hals und Dekollet\u00e9: das Hyalorons\u00e4ure Gel von colibri cosmetics erh\u00f6ht die Spannkraft der Haut und wirkt gegen Falten und F\u00e4ltchen, Augenringe und Altersflecken. Die Haut sieht wieder frisch und erholt aus. Als Tagescreme und Nachtcreme geeignet.<br \/>\n\u2705 STRAHLENDE HAUT DURCH BESTE INHALTSSTOFFE: das Feuchtigkeits-Serum, bestehend aus langkettiger und kurzkettiger Hyaluronsaeure, ist hochkonzentriert und hat eine starke Tiefenwirkung. Hochqualitative Inhaltsstoffe versorgen die Haut mit Feuchtigkeit und verst\u00e4rken den Anti-Falten Effekt.<br \/>\n\u2705 OHNE TIERVERSUCHE &#8211; VEGAN &#8211; MADE IN GERMANY: all unsere Produkte sind tierversuchsfrei und vollkommen vegan. Zudem verwenden wir keine umstrittenen Zusatzstoffe: OHNE Parabene, OHNE Parf\u00fcme, OHNE Mineral\u00f6le, OHNE PEGs. Unser Hyaluron Gel wird in Deutschland hergestellt und dermatologisch getestet.<br \/>\n\u2705 INTENSIVE WIRKUNG F\u00dcR NAT\u00dcRLICHE SCH\u00d6NHEIT: die Hyaluroncreme kann aufgrund der hohen Hautvertr\u00e4glichkeit auch als Augencreme sowie im Augen Bereich verwendet werden. Der hygienische Airless Spender erm\u00f6glichet eine einfache Dosierung. Geeignet f\u00fcr Dermaroller und Ultraschall.<br \/>\n\u2705 100% ZUFRIEDENHEIT GARANTIERT: es ist unser Anspruch, dass Sie mit unseren Produkten in vollem Umfang zufrieden sind. Sollten Sie nicht zufrieden sein, erstatten wir Ihnen ihr Geld innerhalb von 30 Tagen nach Kauf zur\u00fcck. Tun Sie Ihrer Haut etwas gutes und bestellen Sie jetzt das Hyaluron Konzentrat von colibri cosmetics!<br \/>\n<div class=\"main-cross-sell\" data-asin=\"B01J4LR36O\">\n\n\t<div class=\"WooZone-cross-sell-loader\">\n\t\t<div>\n\t\t\t<div id=\"floatingBarsG\">\n\t\t\t\t<div class=\"blockG\" id=\"rotateG_01\"><\/div>\n\t\t\t\t<div class=\"blockG\" id=\"rotateG_02\"><\/div>\n\t\t\t\t<div class=\"blockG\" id=\"rotateG_03\"><\/div>\n\t\t\t\t<div class=\"blockG\" id=\"rotateG_04\"><\/div>\n\t\t\t\t<div class=\"blockG\" id=\"rotateG_05\"><\/div>\n\t\t\t\t<div class=\"blockG\" id=\"rotateG_06\"><\/div>\n\t\t\t\t<div class=\"blockG\" id=\"rotateG_07\"><\/div>\n\t\t\t\t<div class=\"blockG\" id=\"rotateG_08\"><\/div>\n\t\t\t<\/div>\n\t\t\t<div class=\"WooZone-cross-sell-loader-text\"><\/div>\n\t\t<\/div>\n\t<\/div>\n\n\t\t\n<\/div>\n<div style=\"clear:both;\"><\/div><\/p>\n","protected":false},"excerpt":{"rendered":"<p>\u2705 J\u00dcNGERES UND FRISCHERES HAUTBILD f\u00fcr Gesicht, Hals und Dekollet\u00e9: das Hyalorons\u00e4ure Gel von colibri cosmetics erh\u00f6ht die Spannkraft der Haut und wirkt gegen Falten und F\u00e4ltchen, Augenringe und Altersflecken. Die Haut sieht wieder frisch und erholt aus. Als Tagescreme und Nachtcreme geeignet.<br \/>\n\u2705 STRAHLENDE HAUT DURCH BESTE INHALTSSTOFFE: das Feuchtigkeits-Serum, bestehend aus langkettiger und kurzkettiger Hyaluronsaeure, ist hochkonzentriert und hat eine starke Tiefenwirkung. Hochqualitative Inhaltsstoffe versorgen die Haut mit Feuchtigkeit und verst\u00e4rken den Anti-Falten Effekt.<br \/>\n\u2705 OHNE TIERVERSUCHE &#8211; VEGAN &#8211; MADE IN GERMANY: all unsere Produkte sind tierversuchsfrei und vollkommen vegan. Zudem verwenden wir keine umstrittenen Zusatzstoffe: OHNE Parabene, OHNE Parf\u00fcme, OHNE Mineral\u00f6le, OHNE PEGs. Unser Hyaluron Gel wird in Deutschland hergestellt und dermatologisch getestet.<\/p>\n","protected":false},"featured_media":32425,"comment_status":"open","ping_status":"closed","template":"","meta":[],"product_brand":[],"product_cat":[2858,7067],"product_tag":[],"class_list":{"0":"post-32424","1":"product","2":"type-product","3":"status-publish","4":"has-post-thumbnail","6":"product_cat-beauty","7":"product_cat-hautpflege","8":"pa_binding-misc","9":"pa_brand-colibri-cosmetics","10":"pa_height-6-299212592-zoll","11":"pa_length-1-4173228332-zoll","12":"pa_manufacturer-colibri-cosmetics","13":"pa_model-cc013","14":"pa_size-50-ml-1er-pack","15":"pa_weight-0-1322773572-pfund","16":"pa_width-1-4173228332-zoll","18":"first","19":"instock","20":"shipping-taxable","21":"purchasable","22":"product-type-simple","23":"customify-col","24":"product-has-gallery"},"yoast_head":"<!-- This site is optimized with the Yoast SEO plugin v27.4 - https:\/\/yoast.com\/product\/yoast-seo-wordpress\/ -->\n<title>colibri skincare Hyalurons\u00e4ure Serum hochdosiert 50ml - Bio Hyaluron Serum - Anti Aging Serum Gesicht - hyaluronic acid\u2026 - Markt-XXL<\/title>\n<meta name=\"description\" content=\"Markt-XXL colibri skincare Hyalurons\u00e4ure Serum hochdosiert 50ml - Bio Hyaluron Serum - Anti Aging Serum Gesicht - hyaluronic acid\u2026\" \/>\n<meta name=\"robots\" content=\"index, follow, max-snippet:-1, max-image-preview:large, max-video-preview:-1\" \/>\n<link rel=\"canonical\" href=\"https:\/\/marktxxl.de\/markt\/produkt\/hyaluronsaeure-serum-hochdosiert-natuerliche-hyaluron-anti-aging-creme-fuer-das-gesicht-50ml-von-colibri-cosmetics-naturkosmetik-made-in-germany\/\" \/>\n<meta property=\"og:locale\" content=\"de_DE\" \/>\n<meta property=\"og:type\" content=\"article\" \/>\n<meta property=\"og:title\" content=\"colibri skincare Hyalurons\u00e4ure Serum hochdosiert 50ml - Bio Hyaluron Serum - Anti Aging Serum Gesicht - hyaluronic acid\u2026 - Markt-XXL\" \/>\n<meta property=\"og:description\" content=\"Markt-XXL colibri skincare Hyalurons\u00e4ure Serum hochdosiert 50ml - Bio Hyaluron Serum - Anti Aging Serum Gesicht - hyaluronic acid\u2026\" \/>\n<meta property=\"og:url\" content=\"https:\/\/marktxxl.de\/markt\/produkt\/hyaluronsaeure-serum-hochdosiert-natuerliche-hyaluron-anti-aging-creme-fuer-das-gesicht-50ml-von-colibri-cosmetics-naturkosmetik-made-in-germany\/\" \/>\n<meta property=\"og:site_name\" content=\"Markt-XXL\" \/>\n<meta property=\"article:modified_time\" content=\"2023-04-09T23:30:31+00:00\" \/>\n<meta property=\"og:image\" content=\"https:\/\/m.media-amazon.com\/images\/I\/41NHvlSIngL._SL500_.jpg\" \/>\n\t<meta property=\"og:image:width\" content=\"500\" \/>\n\t<meta property=\"og:image:height\" content=\"500\" \/>\n\t<meta property=\"og:image:type\" content=\"image\/jpeg\" \/>\n<meta name=\"twitter:card\" content=\"summary_large_image\" \/>\n<meta name=\"twitter:label1\" content=\"Gesch\u00e4tzte Lesezeit\" \/>\n\t<meta name=\"twitter:data1\" content=\"1\u00a0Minute\" \/>\n<script type=\"application\/ld+json\" class=\"yoast-schema-graph\">{\"@context\":\"https:\\\/\\\/schema.org\",\"@graph\":[{\"@type\":\"WebPage\",\"@id\":\"https:\\\/\\\/marktxxl.de\\\/markt\\\/produkt\\\/hyaluronsaeure-serum-hochdosiert-natuerliche-hyaluron-anti-aging-creme-fuer-das-gesicht-50ml-von-colibri-cosmetics-naturkosmetik-made-in-germany\\\/\",\"url\":\"https:\\\/\\\/marktxxl.de\\\/markt\\\/produkt\\\/hyaluronsaeure-serum-hochdosiert-natuerliche-hyaluron-anti-aging-creme-fuer-das-gesicht-50ml-von-colibri-cosmetics-naturkosmetik-made-in-germany\\\/\",\"name\":\"colibri skincare Hyalurons\u00e4ure Serum hochdosiert 50ml - Bio Hyaluron Serum - Anti Aging Serum Gesicht - hyaluronic acid\u2026 - Markt-XXL\",\"isPartOf\":{\"@id\":\"https:\\\/\\\/marktxxl.de\\\/markt\\\/#website\"},\"primaryImageOfPage\":{\"@id\":\"https:\\\/\\\/marktxxl.de\\\/markt\\\/produkt\\\/hyaluronsaeure-serum-hochdosiert-natuerliche-hyaluron-anti-aging-creme-fuer-das-gesicht-50ml-von-colibri-cosmetics-naturkosmetik-made-in-germany\\\/#primaryimage\"},\"image\":{\"@id\":\"https:\\\/\\\/marktxxl.de\\\/markt\\\/produkt\\\/hyaluronsaeure-serum-hochdosiert-natuerliche-hyaluron-anti-aging-creme-fuer-das-gesicht-50ml-von-colibri-cosmetics-naturkosmetik-made-in-germany\\\/#primaryimage\"},\"thumbnailUrl\":\"https:\\\/\\\/m.media-amazon.com\\\/images\\\/I\\\/41NHvlSIngL._SL500_.jpg\",\"datePublished\":\"2021-09-13T17:54:47+00:00\",\"dateModified\":\"2023-04-09T23:30:31+00:00\",\"description\":\"Markt-XXL colibri skincare Hyalurons\u00e4ure Serum hochdosiert 50ml - Bio Hyaluron Serum - Anti Aging Serum Gesicht - hyaluronic acid\u2026\",\"breadcrumb\":{\"@id\":\"https:\\\/\\\/marktxxl.de\\\/markt\\\/produkt\\\/hyaluronsaeure-serum-hochdosiert-natuerliche-hyaluron-anti-aging-creme-fuer-das-gesicht-50ml-von-colibri-cosmetics-naturkosmetik-made-in-germany\\\/#breadcrumb\"},\"inLanguage\":\"de\",\"potentialAction\":[{\"@type\":\"ReadAction\",\"target\":[\"https:\\\/\\\/marktxxl.de\\\/markt\\\/produkt\\\/hyaluronsaeure-serum-hochdosiert-natuerliche-hyaluron-anti-aging-creme-fuer-das-gesicht-50ml-von-colibri-cosmetics-naturkosmetik-made-in-germany\\\/\"]}]},{\"@type\":\"ImageObject\",\"inLanguage\":\"de\",\"@id\":\"https:\\\/\\\/marktxxl.de\\\/markt\\\/produkt\\\/hyaluronsaeure-serum-hochdosiert-natuerliche-hyaluron-anti-aging-creme-fuer-das-gesicht-50ml-von-colibri-cosmetics-naturkosmetik-made-in-germany\\\/#primaryimage\",\"url\":\"https:\\\/\\\/m.media-amazon.com\\\/images\\\/I\\\/41NHvlSIngL._SL500_.jpg\",\"contentUrl\":\"https:\\\/\\\/m.media-amazon.com\\\/images\\\/I\\\/41NHvlSIngL._SL500_.jpg\",\"width\":500,\"height\":500},{\"@type\":\"BreadcrumbList\",\"@id\":\"https:\\\/\\\/marktxxl.de\\\/markt\\\/produkt\\\/hyaluronsaeure-serum-hochdosiert-natuerliche-hyaluron-anti-aging-creme-fuer-das-gesicht-50ml-von-colibri-cosmetics-naturkosmetik-made-in-germany\\\/#breadcrumb\",\"itemListElement\":[{\"@type\":\"ListItem\",\"position\":1,\"name\":\"Startseite\",\"item\":\"https:\\\/\\\/marktxxl.de\\\/markt\\\/\"},{\"@type\":\"ListItem\",\"position\":2,\"name\":\"Markt\",\"item\":\"https:\\\/\\\/marktxxl.de\\\/markt\\\/\"},{\"@type\":\"ListItem\",\"position\":3,\"name\":\"colibri skincare Hyalurons\u00e4ure Serum hochdosiert 50ml &#8211; Bio Hyaluron Serum &#8211; Anti Aging Serum Gesicht &#8211; hyaluronic acid\u2026\"}]},{\"@type\":\"WebSite\",\"@id\":\"https:\\\/\\\/marktxxl.de\\\/markt\\\/#website\",\"url\":\"https:\\\/\\\/marktxxl.de\\\/markt\\\/\",\"name\":\"Markt-XXL\",\"description\":\"Ihr Markt Online\",\"publisher\":{\"@id\":\"https:\\\/\\\/marktxxl.de\\\/markt\\\/#organization\"},\"potentialAction\":[{\"@type\":\"SearchAction\",\"target\":{\"@type\":\"EntryPoint\",\"urlTemplate\":\"https:\\\/\\\/marktxxl.de\\\/markt\\\/?s={search_term_string}\"},\"query-input\":{\"@type\":\"PropertyValueSpecification\",\"valueRequired\":true,\"valueName\":\"search_term_string\"}}],\"inLanguage\":\"de\"},{\"@type\":\"Organization\",\"@id\":\"https:\\\/\\\/marktxxl.de\\\/markt\\\/#organization\",\"name\":\"Markt-XXL\",\"url\":\"https:\\\/\\\/marktxxl.de\\\/markt\\\/\",\"logo\":{\"@type\":\"ImageObject\",\"inLanguage\":\"de\",\"@id\":\"https:\\\/\\\/marktxxl.de\\\/markt\\\/#\\\/schema\\\/logo\\\/image\\\/\",\"url\":\"https:\\\/\\\/marktxxl.de\\\/markt\\\/wp-content\\\/uploads\\\/sites\\\/3\\\/2020\\\/12\\\/logo.png\",\"contentUrl\":\"https:\\\/\\\/marktxxl.de\\\/markt\\\/wp-content\\\/uploads\\\/sites\\\/3\\\/2020\\\/12\\\/logo.png\",\"width\":200,\"height\":70,\"caption\":\"Markt-XXL\"},\"image\":{\"@id\":\"https:\\\/\\\/marktxxl.de\\\/markt\\\/#\\\/schema\\\/logo\\\/image\\\/\"}}]}<\/script>\n<!-- \/ Yoast SEO plugin. -->","yoast_head_json":{"title":"colibri skincare Hyalurons\u00e4ure Serum hochdosiert 50ml - Bio Hyaluron Serum - Anti Aging Serum Gesicht - hyaluronic acid\u2026 - Markt-XXL","description":"Markt-XXL colibri skincare Hyalurons\u00e4ure Serum hochdosiert 50ml - Bio Hyaluron Serum - Anti Aging Serum Gesicht - hyaluronic acid\u2026","robots":{"index":"index","follow":"follow","max-snippet":"max-snippet:-1","max-image-preview":"max-image-preview:large","max-video-preview":"max-video-preview:-1"},"canonical":"https:\/\/marktxxl.de\/markt\/produkt\/hyaluronsaeure-serum-hochdosiert-natuerliche-hyaluron-anti-aging-creme-fuer-das-gesicht-50ml-von-colibri-cosmetics-naturkosmetik-made-in-germany\/","og_locale":"de_DE","og_type":"article","og_title":"colibri skincare Hyalurons\u00e4ure Serum hochdosiert 50ml - Bio Hyaluron Serum - Anti Aging Serum Gesicht - hyaluronic acid\u2026 - Markt-XXL","og_description":"Markt-XXL colibri skincare Hyalurons\u00e4ure Serum hochdosiert 50ml - Bio Hyaluron Serum - Anti Aging Serum Gesicht - hyaluronic acid\u2026","og_url":"https:\/\/marktxxl.de\/markt\/produkt\/hyaluronsaeure-serum-hochdosiert-natuerliche-hyaluron-anti-aging-creme-fuer-das-gesicht-50ml-von-colibri-cosmetics-naturkosmetik-made-in-germany\/","og_site_name":"Markt-XXL","article_modified_time":"2023-04-09T23:30:31+00:00","og_image":[{"width":500,"height":500,"url":"https:\/\/m.media-amazon.com\/images\/I\/41NHvlSIngL._SL500_.jpg","type":"image\/jpeg"}],"twitter_card":"summary_large_image","twitter_misc":{"Gesch\u00e4tzte Lesezeit":"1\u00a0Minute"},"schema":{"@context":"https:\/\/schema.org","@graph":[{"@type":"WebPage","@id":"https:\/\/marktxxl.de\/markt\/produkt\/hyaluronsaeure-serum-hochdosiert-natuerliche-hyaluron-anti-aging-creme-fuer-das-gesicht-50ml-von-colibri-cosmetics-naturkosmetik-made-in-germany\/","url":"https:\/\/marktxxl.de\/markt\/produkt\/hyaluronsaeure-serum-hochdosiert-natuerliche-hyaluron-anti-aging-creme-fuer-das-gesicht-50ml-von-colibri-cosmetics-naturkosmetik-made-in-germany\/","name":"colibri skincare Hyalurons\u00e4ure Serum hochdosiert 50ml - Bio Hyaluron Serum - Anti Aging Serum Gesicht - hyaluronic acid\u2026 - Markt-XXL","isPartOf":{"@id":"https:\/\/marktxxl.de\/markt\/#website"},"primaryImageOfPage":{"@id":"https:\/\/marktxxl.de\/markt\/produkt\/hyaluronsaeure-serum-hochdosiert-natuerliche-hyaluron-anti-aging-creme-fuer-das-gesicht-50ml-von-colibri-cosmetics-naturkosmetik-made-in-germany\/#primaryimage"},"image":{"@id":"https:\/\/marktxxl.de\/markt\/produkt\/hyaluronsaeure-serum-hochdosiert-natuerliche-hyaluron-anti-aging-creme-fuer-das-gesicht-50ml-von-colibri-cosmetics-naturkosmetik-made-in-germany\/#primaryimage"},"thumbnailUrl":"https:\/\/m.media-amazon.com\/images\/I\/41NHvlSIngL._SL500_.jpg","datePublished":"2021-09-13T17:54:47+00:00","dateModified":"2023-04-09T23:30:31+00:00","description":"Markt-XXL colibri skincare Hyalurons\u00e4ure Serum hochdosiert 50ml - Bio Hyaluron Serum - Anti Aging Serum Gesicht - hyaluronic acid\u2026","breadcrumb":{"@id":"https:\/\/marktxxl.de\/markt\/produkt\/hyaluronsaeure-serum-hochdosiert-natuerliche-hyaluron-anti-aging-creme-fuer-das-gesicht-50ml-von-colibri-cosmetics-naturkosmetik-made-in-germany\/#breadcrumb"},"inLanguage":"de","potentialAction":[{"@type":"ReadAction","target":["https:\/\/marktxxl.de\/markt\/produkt\/hyaluronsaeure-serum-hochdosiert-natuerliche-hyaluron-anti-aging-creme-fuer-das-gesicht-50ml-von-colibri-cosmetics-naturkosmetik-made-in-germany\/"]}]},{"@type":"ImageObject","inLanguage":"de","@id":"https:\/\/marktxxl.de\/markt\/produkt\/hyaluronsaeure-serum-hochdosiert-natuerliche-hyaluron-anti-aging-creme-fuer-das-gesicht-50ml-von-colibri-cosmetics-naturkosmetik-made-in-germany\/#primaryimage","url":"https:\/\/m.media-amazon.com\/images\/I\/41NHvlSIngL._SL500_.jpg","contentUrl":"https:\/\/m.media-amazon.com\/images\/I\/41NHvlSIngL._SL500_.jpg","width":500,"height":500},{"@type":"BreadcrumbList","@id":"https:\/\/marktxxl.de\/markt\/produkt\/hyaluronsaeure-serum-hochdosiert-natuerliche-hyaluron-anti-aging-creme-fuer-das-gesicht-50ml-von-colibri-cosmetics-naturkosmetik-made-in-germany\/#breadcrumb","itemListElement":[{"@type":"ListItem","position":1,"name":"Startseite","item":"https:\/\/marktxxl.de\/markt\/"},{"@type":"ListItem","position":2,"name":"Markt","item":"https:\/\/marktxxl.de\/markt\/"},{"@type":"ListItem","position":3,"name":"colibri skincare Hyalurons\u00e4ure Serum hochdosiert 50ml &#8211; Bio Hyaluron Serum &#8211; Anti Aging Serum Gesicht &#8211; hyaluronic acid\u2026"}]},{"@type":"WebSite","@id":"https:\/\/marktxxl.de\/markt\/#website","url":"https:\/\/marktxxl.de\/markt\/","name":"Markt-XXL","description":"Ihr Markt Online","publisher":{"@id":"https:\/\/marktxxl.de\/markt\/#organization"},"potentialAction":[{"@type":"SearchAction","target":{"@type":"EntryPoint","urlTemplate":"https:\/\/marktxxl.de\/markt\/?s={search_term_string}"},"query-input":{"@type":"PropertyValueSpecification","valueRequired":true,"valueName":"search_term_string"}}],"inLanguage":"de"},{"@type":"Organization","@id":"https:\/\/marktxxl.de\/markt\/#organization","name":"Markt-XXL","url":"https:\/\/marktxxl.de\/markt\/","logo":{"@type":"ImageObject","inLanguage":"de","@id":"https:\/\/marktxxl.de\/markt\/#\/schema\/logo\/image\/","url":"https:\/\/marktxxl.de\/markt\/wp-content\/uploads\/sites\/3\/2020\/12\/logo.png","contentUrl":"https:\/\/marktxxl.de\/markt\/wp-content\/uploads\/sites\/3\/2020\/12\/logo.png","width":200,"height":70,"caption":"Markt-XXL"},"image":{"@id":"https:\/\/marktxxl.de\/markt\/#\/schema\/logo\/image\/"}}]}},"_links":{"self":[{"href":"https:\/\/marktxxl.de\/markt\/wp-json\/wp\/v2\/product\/32424","targetHints":{"allow":["GET"]}}],"collection":[{"href":"https:\/\/marktxxl.de\/markt\/wp-json\/wp\/v2\/product"}],"about":[{"href":"https:\/\/marktxxl.de\/markt\/wp-json\/wp\/v2\/types\/product"}],"replies":[{"embeddable":true,"href":"https:\/\/marktxxl.de\/markt\/wp-json\/wp\/v2\/comments?post=32424"}],"wp:featuredmedia":[{"embeddable":true,"href":"https:\/\/marktxxl.de\/markt\/wp-json\/wp\/v2\/media\/32425"}],"wp:attachment":[{"href":"https:\/\/marktxxl.de\/markt\/wp-json\/wp\/v2\/media?parent=32424"}],"wp:term":[{"taxonomy":"product_brand","embeddable":true,"href":"https:\/\/marktxxl.de\/markt\/wp-json\/wp\/v2\/product_brand?post=32424"},{"taxonomy":"product_cat","embeddable":true,"href":"https:\/\/marktxxl.de\/markt\/wp-json\/wp\/v2\/product_cat?post=32424"},{"taxonomy":"product_tag","embeddable":true,"href":"https:\/\/marktxxl.de\/markt\/wp-json\/wp\/v2\/product_tag?post=32424"}],"curies":[{"name":"wp","href":"https:\/\/api.w.org\/{rel}","templated":true}]}}