{"id":32292,"date":"2021-09-13T19:49:40","date_gmt":"2021-09-13T17:49:40","guid":{"rendered":"https:\/\/marktxxl.de\/markt\/produkt\/tigi-catwalk-curl-rock-4-einheiten-x-150-ml\/"},"modified":"2023-04-10T01:30:29","modified_gmt":"2023-04-09T23:30:29","slug":"tigi-catwalk-curl-rock-4-einheiten-x-150-ml","status":"publish","type":"product","link":"https:\/\/marktxxl.de\/markt\/produkt\/tigi-catwalk-curl-rock-4-einheiten-x-150-ml\/","title":{"rendered":"Tigi Catwalk Curl Rock 4 Einheiten x 150 ml"},"content":{"rendered":"<p>TIGI CURL ROCK: Tragen Sie TIGI Catwalk Curlesque Curls Rock Amplifier auf nasses Haar auf, um Ihre Locken zu definieren und zu trennen. Dieses Produkt verbessert nicht nur die nat\u00fcrliche Textur Ihres Haares, sondern kontrolliert, definiert Ihre Locken und verleiht Ihren Wellen K\u00f6rper f\u00fcr ein strahlendes Finish<br \/>\nDer TIGI Catwalk Curlesque Curls Rock Amplifier wurde von Anthony Mascolo und dem Kreativteam von TIGI International entworfen und bietet dank der feuchtigkeitsspendenden und beruhigenden Eigenschaften des Wassers die M\u00f6glichkeit, Ihre Locken und nat\u00fcrlichen Wellen zu verbessern, um das Beste aus Ihrem Haar herauszuholen<br \/>\nDer Catwalk Aquacomplex wird durch die Verschmelzung aller Arten von Meeresbiologie-Bestandteilen wie Algen und Gurkensaft hergestellt<br \/>\nDiese reichhaltigen nat\u00fcrlichen Komponenten bieten Ihnen das Beste des Ozeans und sorgen f\u00fcr au\u00dfergew\u00f6hnliche Hydratation und Definition<br \/>\n<div class=\"main-cross-sell\" data-asin=\"B076WX8RRZ\">\n\n\t<div class=\"WooZone-cross-sell-loader\">\n\t\t<div>\n\t\t\t<div id=\"floatingBarsG\">\n\t\t\t\t<div class=\"blockG\" id=\"rotateG_01\"><\/div>\n\t\t\t\t<div class=\"blockG\" id=\"rotateG_02\"><\/div>\n\t\t\t\t<div class=\"blockG\" id=\"rotateG_03\"><\/div>\n\t\t\t\t<div class=\"blockG\" id=\"rotateG_04\"><\/div>\n\t\t\t\t<div class=\"blockG\" id=\"rotateG_05\"><\/div>\n\t\t\t\t<div class=\"blockG\" id=\"rotateG_06\"><\/div>\n\t\t\t\t<div class=\"blockG\" id=\"rotateG_07\"><\/div>\n\t\t\t\t<div class=\"blockG\" id=\"rotateG_08\"><\/div>\n\t\t\t<\/div>\n\t\t\t<div class=\"WooZone-cross-sell-loader-text\"><\/div>\n\t\t<\/div>\n\t<\/div>\n\n\t\t\n<\/div>\n<div style=\"clear:both;\"><\/div><\/p>\n","protected":false},"excerpt":{"rendered":"<p>TIGI CURL ROCK: Tragen Sie TIGI Catwalk Curlesque Curls Rock Amplifier auf nasses Haar auf, um Ihre Locken zu definieren und zu trennen. Dieses Produkt verbessert nicht nur die nat\u00fcrliche Textur Ihres Haares, sondern kontrolliert, definiert Ihre Locken und verleiht Ihren Wellen K\u00f6rper f\u00fcr ein strahlendes Finish<br \/>\nDer TIGI Catwalk Curlesque Curls Rock Amplifier wurde von Anthony Mascolo und dem Kreativteam von TIGI International entworfen und bietet dank der feuchtigkeitsspendenden und beruhigenden Eigenschaften des Wassers die M\u00f6glichkeit, Ihre Locken und nat\u00fcrlichen Wellen zu verbessern, um das Beste aus Ihrem Haar herauszuholen<br \/>\nDer Catwalk Aquacomplex wird durch die Verschmelzung aller Arten von Meeresbiologie-Bestandteilen wie Algen und Gurkensaft hergestellt<\/p>\n","protected":false},"featured_media":32293,"comment_status":"open","ping_status":"closed","template":"","meta":[],"product_brand":[],"product_cat":[2858,6994],"product_tag":[],"class_list":{"0":"post-32292","1":"product","2":"type-product","3":"status-publish","4":"has-post-thumbnail","6":"product_cat-beauty","7":"product_cat-haarpflege-styling","8":"pa_binding-misc","9":"pa_brand-tigi","10":"pa_height-1-3-zoll","11":"pa_length-9-zoll","12":"pa_manufacturer-tigi","13":"pa_size-150-ml-4er-pack","14":"pa_weight-0-881849048-pfund","15":"pa_width-2-8-zoll","17":"first","18":"instock","19":"shipping-taxable","20":"purchasable","21":"product-type-simple","22":"customify-col","23":"product-has-gallery"},"yoast_head":"<!-- This site is optimized with the Yoast SEO plugin v27.4 - https:\/\/yoast.com\/product\/yoast-seo-wordpress\/ -->\n<title>Tigi Catwalk Curl Rock 4 Einheiten x 150 ml - Markt-XXL<\/title>\n<meta name=\"description\" content=\"Markt-XXL Tigi Catwalk Curl Rock 4 Einheiten x 150 ml\" \/>\n<meta name=\"robots\" content=\"index, follow, max-snippet:-1, max-image-preview:large, max-video-preview:-1\" \/>\n<link rel=\"canonical\" href=\"https:\/\/marktxxl.de\/markt\/produkt\/tigi-catwalk-curl-rock-4-einheiten-x-150-ml\/\" \/>\n<meta property=\"og:locale\" content=\"de_DE\" \/>\n<meta property=\"og:type\" content=\"article\" \/>\n<meta property=\"og:title\" content=\"Tigi Catwalk Curl Rock 4 Einheiten x 150 ml - Markt-XXL\" \/>\n<meta property=\"og:description\" content=\"Markt-XXL Tigi Catwalk Curl Rock 4 Einheiten x 150 ml\" \/>\n<meta property=\"og:url\" content=\"https:\/\/marktxxl.de\/markt\/produkt\/tigi-catwalk-curl-rock-4-einheiten-x-150-ml\/\" \/>\n<meta property=\"og:site_name\" content=\"Markt-XXL\" \/>\n<meta property=\"article:modified_time\" content=\"2023-04-09T23:30:29+00:00\" \/>\n<meta property=\"og:image\" content=\"https:\/\/m.media-amazon.com\/images\/I\/41LEoCOVSFL._SL500_.jpg\" \/>\n\t<meta property=\"og:image:width\" content=\"500\" \/>\n\t<meta property=\"og:image:height\" content=\"435\" \/>\n\t<meta property=\"og:image:type\" content=\"image\/jpeg\" \/>\n<meta name=\"twitter:card\" content=\"summary_large_image\" \/>\n<meta name=\"twitter:label1\" content=\"Gesch\u00e4tzte Lesezeit\" \/>\n\t<meta name=\"twitter:data1\" content=\"1\u00a0Minute\" \/>\n<script type=\"application\/ld+json\" class=\"yoast-schema-graph\">{\"@context\":\"https:\\\/\\\/schema.org\",\"@graph\":[{\"@type\":\"WebPage\",\"@id\":\"https:\\\/\\\/marktxxl.de\\\/markt\\\/produkt\\\/tigi-catwalk-curl-rock-4-einheiten-x-150-ml\\\/\",\"url\":\"https:\\\/\\\/marktxxl.de\\\/markt\\\/produkt\\\/tigi-catwalk-curl-rock-4-einheiten-x-150-ml\\\/\",\"name\":\"Tigi Catwalk Curl Rock 4 Einheiten x 150 ml - Markt-XXL\",\"isPartOf\":{\"@id\":\"https:\\\/\\\/marktxxl.de\\\/markt\\\/#website\"},\"primaryImageOfPage\":{\"@id\":\"https:\\\/\\\/marktxxl.de\\\/markt\\\/produkt\\\/tigi-catwalk-curl-rock-4-einheiten-x-150-ml\\\/#primaryimage\"},\"image\":{\"@id\":\"https:\\\/\\\/marktxxl.de\\\/markt\\\/produkt\\\/tigi-catwalk-curl-rock-4-einheiten-x-150-ml\\\/#primaryimage\"},\"thumbnailUrl\":\"https:\\\/\\\/m.media-amazon.com\\\/images\\\/I\\\/41LEoCOVSFL._SL500_.jpg\",\"datePublished\":\"2021-09-13T17:49:40+00:00\",\"dateModified\":\"2023-04-09T23:30:29+00:00\",\"description\":\"Markt-XXL Tigi Catwalk Curl Rock 4 Einheiten x 150 ml\",\"breadcrumb\":{\"@id\":\"https:\\\/\\\/marktxxl.de\\\/markt\\\/produkt\\\/tigi-catwalk-curl-rock-4-einheiten-x-150-ml\\\/#breadcrumb\"},\"inLanguage\":\"de\",\"potentialAction\":[{\"@type\":\"ReadAction\",\"target\":[\"https:\\\/\\\/marktxxl.de\\\/markt\\\/produkt\\\/tigi-catwalk-curl-rock-4-einheiten-x-150-ml\\\/\"]}]},{\"@type\":\"ImageObject\",\"inLanguage\":\"de\",\"@id\":\"https:\\\/\\\/marktxxl.de\\\/markt\\\/produkt\\\/tigi-catwalk-curl-rock-4-einheiten-x-150-ml\\\/#primaryimage\",\"url\":\"https:\\\/\\\/m.media-amazon.com\\\/images\\\/I\\\/41LEoCOVSFL._SL500_.jpg\",\"contentUrl\":\"https:\\\/\\\/m.media-amazon.com\\\/images\\\/I\\\/41LEoCOVSFL._SL500_.jpg\",\"width\":500,\"height\":435},{\"@type\":\"BreadcrumbList\",\"@id\":\"https:\\\/\\\/marktxxl.de\\\/markt\\\/produkt\\\/tigi-catwalk-curl-rock-4-einheiten-x-150-ml\\\/#breadcrumb\",\"itemListElement\":[{\"@type\":\"ListItem\",\"position\":1,\"name\":\"Startseite\",\"item\":\"https:\\\/\\\/marktxxl.de\\\/markt\\\/\"},{\"@type\":\"ListItem\",\"position\":2,\"name\":\"Markt\",\"item\":\"https:\\\/\\\/marktxxl.de\\\/markt\\\/\"},{\"@type\":\"ListItem\",\"position\":3,\"name\":\"Tigi Catwalk Curl Rock 4 Einheiten x 150 ml\"}]},{\"@type\":\"WebSite\",\"@id\":\"https:\\\/\\\/marktxxl.de\\\/markt\\\/#website\",\"url\":\"https:\\\/\\\/marktxxl.de\\\/markt\\\/\",\"name\":\"Markt-XXL\",\"description\":\"Ihr Markt Online\",\"publisher\":{\"@id\":\"https:\\\/\\\/marktxxl.de\\\/markt\\\/#organization\"},\"potentialAction\":[{\"@type\":\"SearchAction\",\"target\":{\"@type\":\"EntryPoint\",\"urlTemplate\":\"https:\\\/\\\/marktxxl.de\\\/markt\\\/?s={search_term_string}\"},\"query-input\":{\"@type\":\"PropertyValueSpecification\",\"valueRequired\":true,\"valueName\":\"search_term_string\"}}],\"inLanguage\":\"de\"},{\"@type\":\"Organization\",\"@id\":\"https:\\\/\\\/marktxxl.de\\\/markt\\\/#organization\",\"name\":\"Markt-XXL\",\"url\":\"https:\\\/\\\/marktxxl.de\\\/markt\\\/\",\"logo\":{\"@type\":\"ImageObject\",\"inLanguage\":\"de\",\"@id\":\"https:\\\/\\\/marktxxl.de\\\/markt\\\/#\\\/schema\\\/logo\\\/image\\\/\",\"url\":\"https:\\\/\\\/marktxxl.de\\\/markt\\\/wp-content\\\/uploads\\\/sites\\\/3\\\/2020\\\/12\\\/logo.png\",\"contentUrl\":\"https:\\\/\\\/marktxxl.de\\\/markt\\\/wp-content\\\/uploads\\\/sites\\\/3\\\/2020\\\/12\\\/logo.png\",\"width\":200,\"height\":70,\"caption\":\"Markt-XXL\"},\"image\":{\"@id\":\"https:\\\/\\\/marktxxl.de\\\/markt\\\/#\\\/schema\\\/logo\\\/image\\\/\"}}]}<\/script>\n<!-- \/ Yoast SEO plugin. -->","yoast_head_json":{"title":"Tigi Catwalk Curl Rock 4 Einheiten x 150 ml - Markt-XXL","description":"Markt-XXL Tigi Catwalk Curl Rock 4 Einheiten x 150 ml","robots":{"index":"index","follow":"follow","max-snippet":"max-snippet:-1","max-image-preview":"max-image-preview:large","max-video-preview":"max-video-preview:-1"},"canonical":"https:\/\/marktxxl.de\/markt\/produkt\/tigi-catwalk-curl-rock-4-einheiten-x-150-ml\/","og_locale":"de_DE","og_type":"article","og_title":"Tigi Catwalk Curl Rock 4 Einheiten x 150 ml - Markt-XXL","og_description":"Markt-XXL Tigi Catwalk Curl Rock 4 Einheiten x 150 ml","og_url":"https:\/\/marktxxl.de\/markt\/produkt\/tigi-catwalk-curl-rock-4-einheiten-x-150-ml\/","og_site_name":"Markt-XXL","article_modified_time":"2023-04-09T23:30:29+00:00","og_image":[{"width":500,"height":435,"url":"https:\/\/m.media-amazon.com\/images\/I\/41LEoCOVSFL._SL500_.jpg","type":"image\/jpeg"}],"twitter_card":"summary_large_image","twitter_misc":{"Gesch\u00e4tzte Lesezeit":"1\u00a0Minute"},"schema":{"@context":"https:\/\/schema.org","@graph":[{"@type":"WebPage","@id":"https:\/\/marktxxl.de\/markt\/produkt\/tigi-catwalk-curl-rock-4-einheiten-x-150-ml\/","url":"https:\/\/marktxxl.de\/markt\/produkt\/tigi-catwalk-curl-rock-4-einheiten-x-150-ml\/","name":"Tigi Catwalk Curl Rock 4 Einheiten x 150 ml - Markt-XXL","isPartOf":{"@id":"https:\/\/marktxxl.de\/markt\/#website"},"primaryImageOfPage":{"@id":"https:\/\/marktxxl.de\/markt\/produkt\/tigi-catwalk-curl-rock-4-einheiten-x-150-ml\/#primaryimage"},"image":{"@id":"https:\/\/marktxxl.de\/markt\/produkt\/tigi-catwalk-curl-rock-4-einheiten-x-150-ml\/#primaryimage"},"thumbnailUrl":"https:\/\/m.media-amazon.com\/images\/I\/41LEoCOVSFL._SL500_.jpg","datePublished":"2021-09-13T17:49:40+00:00","dateModified":"2023-04-09T23:30:29+00:00","description":"Markt-XXL Tigi Catwalk Curl Rock 4 Einheiten x 150 ml","breadcrumb":{"@id":"https:\/\/marktxxl.de\/markt\/produkt\/tigi-catwalk-curl-rock-4-einheiten-x-150-ml\/#breadcrumb"},"inLanguage":"de","potentialAction":[{"@type":"ReadAction","target":["https:\/\/marktxxl.de\/markt\/produkt\/tigi-catwalk-curl-rock-4-einheiten-x-150-ml\/"]}]},{"@type":"ImageObject","inLanguage":"de","@id":"https:\/\/marktxxl.de\/markt\/produkt\/tigi-catwalk-curl-rock-4-einheiten-x-150-ml\/#primaryimage","url":"https:\/\/m.media-amazon.com\/images\/I\/41LEoCOVSFL._SL500_.jpg","contentUrl":"https:\/\/m.media-amazon.com\/images\/I\/41LEoCOVSFL._SL500_.jpg","width":500,"height":435},{"@type":"BreadcrumbList","@id":"https:\/\/marktxxl.de\/markt\/produkt\/tigi-catwalk-curl-rock-4-einheiten-x-150-ml\/#breadcrumb","itemListElement":[{"@type":"ListItem","position":1,"name":"Startseite","item":"https:\/\/marktxxl.de\/markt\/"},{"@type":"ListItem","position":2,"name":"Markt","item":"https:\/\/marktxxl.de\/markt\/"},{"@type":"ListItem","position":3,"name":"Tigi Catwalk Curl Rock 4 Einheiten x 150 ml"}]},{"@type":"WebSite","@id":"https:\/\/marktxxl.de\/markt\/#website","url":"https:\/\/marktxxl.de\/markt\/","name":"Markt-XXL","description":"Ihr Markt Online","publisher":{"@id":"https:\/\/marktxxl.de\/markt\/#organization"},"potentialAction":[{"@type":"SearchAction","target":{"@type":"EntryPoint","urlTemplate":"https:\/\/marktxxl.de\/markt\/?s={search_term_string}"},"query-input":{"@type":"PropertyValueSpecification","valueRequired":true,"valueName":"search_term_string"}}],"inLanguage":"de"},{"@type":"Organization","@id":"https:\/\/marktxxl.de\/markt\/#organization","name":"Markt-XXL","url":"https:\/\/marktxxl.de\/markt\/","logo":{"@type":"ImageObject","inLanguage":"de","@id":"https:\/\/marktxxl.de\/markt\/#\/schema\/logo\/image\/","url":"https:\/\/marktxxl.de\/markt\/wp-content\/uploads\/sites\/3\/2020\/12\/logo.png","contentUrl":"https:\/\/marktxxl.de\/markt\/wp-content\/uploads\/sites\/3\/2020\/12\/logo.png","width":200,"height":70,"caption":"Markt-XXL"},"image":{"@id":"https:\/\/marktxxl.de\/markt\/#\/schema\/logo\/image\/"}}]}},"_links":{"self":[{"href":"https:\/\/marktxxl.de\/markt\/wp-json\/wp\/v2\/product\/32292","targetHints":{"allow":["GET"]}}],"collection":[{"href":"https:\/\/marktxxl.de\/markt\/wp-json\/wp\/v2\/product"}],"about":[{"href":"https:\/\/marktxxl.de\/markt\/wp-json\/wp\/v2\/types\/product"}],"replies":[{"embeddable":true,"href":"https:\/\/marktxxl.de\/markt\/wp-json\/wp\/v2\/comments?post=32292"}],"wp:featuredmedia":[{"embeddable":true,"href":"https:\/\/marktxxl.de\/markt\/wp-json\/wp\/v2\/media\/32293"}],"wp:attachment":[{"href":"https:\/\/marktxxl.de\/markt\/wp-json\/wp\/v2\/media?parent=32292"}],"wp:term":[{"taxonomy":"product_brand","embeddable":true,"href":"https:\/\/marktxxl.de\/markt\/wp-json\/wp\/v2\/product_brand?post=32292"},{"taxonomy":"product_cat","embeddable":true,"href":"https:\/\/marktxxl.de\/markt\/wp-json\/wp\/v2\/product_cat?post=32292"},{"taxonomy":"product_tag","embeddable":true,"href":"https:\/\/marktxxl.de\/markt\/wp-json\/wp\/v2\/product_tag?post=32292"}],"curies":[{"name":"wp","href":"https:\/\/api.w.org\/{rel}","templated":true}]}}