{"id":32218,"date":"2021-09-13T19:48:28","date_gmt":"2021-09-13T17:48:28","guid":{"rendered":"https:\/\/marktxxl.de\/markt\/produkt\/junhczoy-nagelhautzange-nagelhautschneider-hautzange-aus-edelstahl-mit-scharfem-und-glattem-schnitt-fein-zur-entfernung-ueberschuessige-pedikuere-werkzeuge-fuer-fingernaegel-und-zehennaegel-chamaele\/"},"modified":"2023-04-10T01:30:27","modified_gmt":"2023-04-09T23:30:27","slug":"junhczoy-nagelhautzange-nagelhautschneider-hautzange-aus-edelstahl-mit-scharfem-und-glattem-schnitt-fein-zur-entfernung-ueberschuessige-pedikuere-werkzeuge-fuer-fingernaegel-und-zehennaegel-chamaele","status":"publish","type":"product","link":"https:\/\/marktxxl.de\/markt\/produkt\/junhczoy-nagelhautzange-nagelhautschneider-hautzange-aus-edelstahl-mit-scharfem-und-glattem-schnitt-fein-zur-entfernung-ueberschuessige-pedikuere-werkzeuge-fuer-fingernaegel-und-zehennaegel-chamaele\/","title":{"rendered":"Nagelhautschieber mit Nagelhautschere Set &#8211; Hautscheren aus Edelstahl Pr\u00e4zises Nagelhaut Knipser und Unter-Nagel\u2026"},"content":{"rendered":"<p>\u3010 Aktualisierter polierter Edelstahl macht ihn sch\u00e4rfer und effizienter \u3011 Der Nagelhautschneider ist aus hochwertigem 4CR13 Edelstahl gefertigt, um eine lange Schneidkante zu gew\u00e4hrleisten und kann sterilisiert werden, ohne zu rosten, und er beh\u00e4lt den pr\u00e4zisen Schnitt jedes Mal, wenn Sie ihn verwenden<br \/>\nEffektives Kiefer-Design des Nagelhautschneiders: Der Kieferkopfschneider isoliert die Problemzone und schneidet sauber ab. Ideal f\u00fcr den Einsatz zu Hause, Spas und Salons. Scharfe Spitzen f\u00fcr pr\u00e4zises Schneiden von Nagelhaut und zerzerrter Nagelhaut. Es ist ein tolles kosmetisches Werkzeug f\u00fcr Manik\u00fcre und Pedik\u00fcre.<br \/>\nNagelschieber mit zwei Enden und perfekt zum Entfernen der Nagelhaut. Scharf zum Schneiden oder Abkratzen von abgestorbener Nagelhaut an einem Ende. Das gebogene flache Ende dr\u00fcckt die Haut perfekt nach hinten. Das langlebige Metall widersteht Verschlei\u00df und Anlaufen<br \/>\nDreieckiger Nagelhautsch\u00e4ler: Das spezielle Dreieck-Design entfernt abgestorbene Nagelhaut ohne kleine L\u00fccken zu verpassen, auch an den empfindlichsten Nagelr\u00e4ndern, perfekt zum Entfernen von Soak-Off-Geln\u00e4geln<br \/>\nLeicht zu reinigen: Dieses Nagelhautentferner-Werkzeug ist leicht zu reinigen. Wischen Sie die Klingen nach Gebrauch einfach mit Alkohol ab und schieben Sie die Feder zur Aufbewahrung nach unten. Die Verpackung enth\u00e4lt eine Kunststoffspitze zum Schutz vor versehentlichen Stichen oder Schl\u00e4gen und zus\u00e4tzlich eine PVC-Aufbewahrungstasche, um die Instrumente sicher zu halten, um ihre Lebensdauer zu gew\u00e4hrleisten. 24 Stunden Cutomer Service online.<br \/>\n<div class=\"main-cross-sell\" data-asin=\"B082D4XLQ5\">\n\n\t<div class=\"WooZone-cross-sell-loader\">\n\t\t<div>\n\t\t\t<div id=\"floatingBarsG\">\n\t\t\t\t<div class=\"blockG\" id=\"rotateG_01\"><\/div>\n\t\t\t\t<div class=\"blockG\" id=\"rotateG_02\"><\/div>\n\t\t\t\t<div class=\"blockG\" id=\"rotateG_03\"><\/div>\n\t\t\t\t<div class=\"blockG\" id=\"rotateG_04\"><\/div>\n\t\t\t\t<div class=\"blockG\" id=\"rotateG_05\"><\/div>\n\t\t\t\t<div class=\"blockG\" id=\"rotateG_06\"><\/div>\n\t\t\t\t<div class=\"blockG\" id=\"rotateG_07\"><\/div>\n\t\t\t\t<div class=\"blockG\" id=\"rotateG_08\"><\/div>\n\t\t\t<\/div>\n\t\t\t<div class=\"WooZone-cross-sell-loader-text\"><\/div>\n\t\t<\/div>\n\t<\/div>\n\n\t\t\n<\/div>\n<div style=\"clear:both;\"><\/div><\/p>\n","protected":false},"excerpt":{"rendered":"<p>\u3010 Aktualisierter polierter Edelstahl macht ihn sch\u00e4rfer und effizienter \u3011 Der Nagelhautschneider ist aus hochwertigem 4CR13 Edelstahl gefertigt, um eine lange Schneidkante zu gew\u00e4hrleisten und kann sterilisiert werden, ohne zu rosten, und er beh\u00e4lt den pr\u00e4zisen Schnitt jedes Mal, wenn Sie ihn verwenden<br \/>\nEffektives Kiefer-Design des Nagelhautschneiders: Der Kieferkopfschneider isoliert die Problemzone und schneidet sauber ab. Ideal f\u00fcr den Einsatz zu Hause, Spas und Salons. Scharfe Spitzen f\u00fcr pr\u00e4zises Schneiden von Nagelhaut und zerzerrter Nagelhaut. Es ist ein tolles kosmetisches Werkzeug f\u00fcr Manik\u00fcre und Pedik\u00fcre.<br \/>\nNagelschieber mit zwei Enden und perfekt zum Entfernen der Nagelhaut. Scharf zum Schneiden oder Abkratzen von abgestorbener Nagelhaut an einem Ende. Das gebogene flache Ende dr\u00fcckt die Haut perfekt nach hinten. Das langlebige Metall widersteht Verschlei\u00df und Anlaufen<\/p>\n","protected":false},"featured_media":32219,"comment_status":"open","ping_status":"closed","template":"","meta":[],"product_brand":[],"product_cat":[2858],"product_tag":[],"class_list":{"0":"post-32218","1":"product","2":"type-product","3":"status-publish","4":"has-post-thumbnail","6":"product_cat-beauty","7":"pa_binding-misc","8":"pa_brand-junhczoy","9":"pa_color-multicolored","10":"pa_manufacturer-junhczoy","11":"pa_size-3-stueck-1er-pack","13":"first","14":"instock","15":"shipping-taxable","16":"purchasable","17":"product-type-simple","18":"customify-col","19":"product-has-gallery"},"yoast_head":"<!-- This site is optimized with the Yoast SEO plugin v27.4 - https:\/\/yoast.com\/product\/yoast-seo-wordpress\/ -->\n<title>Nagelhautschieber mit Nagelhautschere Set - Hautscheren aus Edelstahl Pr\u00e4zises Nagelhaut Knipser und Unter-Nagel\u2026 - Markt-XXL<\/title>\n<meta name=\"description\" content=\"Markt-XXL Nagelhautschieber mit Nagelhautschere Set - Hautscheren aus Edelstahl Pr\u00e4zises Nagelhaut Knipser und Unter-Nagel\u2026\" \/>\n<meta name=\"robots\" content=\"index, follow, max-snippet:-1, max-image-preview:large, max-video-preview:-1\" \/>\n<link rel=\"canonical\" href=\"https:\/\/marktxxl.de\/markt\/produkt\/junhczoy-nagelhautzange-nagelhautschneider-hautzange-aus-edelstahl-mit-scharfem-und-glattem-schnitt-fein-zur-entfernung-ueberschuessige-pedikuere-werkzeuge-fuer-fingernaegel-und-zehennaegel-chamaele\/\" \/>\n<meta property=\"og:locale\" content=\"de_DE\" \/>\n<meta property=\"og:type\" content=\"article\" \/>\n<meta property=\"og:title\" content=\"Nagelhautschieber mit Nagelhautschere Set - Hautscheren aus Edelstahl Pr\u00e4zises Nagelhaut Knipser und Unter-Nagel\u2026 - Markt-XXL\" \/>\n<meta property=\"og:description\" content=\"Markt-XXL Nagelhautschieber mit Nagelhautschere Set - Hautscheren aus Edelstahl Pr\u00e4zises Nagelhaut Knipser und Unter-Nagel\u2026\" \/>\n<meta property=\"og:url\" content=\"https:\/\/marktxxl.de\/markt\/produkt\/junhczoy-nagelhautzange-nagelhautschneider-hautzange-aus-edelstahl-mit-scharfem-und-glattem-schnitt-fein-zur-entfernung-ueberschuessige-pedikuere-werkzeuge-fuer-fingernaegel-und-zehennaegel-chamaele\/\" \/>\n<meta property=\"og:site_name\" content=\"Markt-XXL\" \/>\n<meta property=\"article:modified_time\" content=\"2023-04-09T23:30:27+00:00\" \/>\n<meta property=\"og:image\" content=\"https:\/\/m.media-amazon.com\/images\/I\/41PKJV4cjPL._SL500_.jpg\" \/>\n\t<meta property=\"og:image:width\" content=\"500\" \/>\n\t<meta property=\"og:image:height\" content=\"500\" \/>\n\t<meta property=\"og:image:type\" content=\"image\/jpeg\" \/>\n<meta name=\"twitter:card\" content=\"summary_large_image\" \/>\n<meta name=\"twitter:label1\" content=\"Gesch\u00e4tzte Lesezeit\" \/>\n\t<meta name=\"twitter:data1\" content=\"1\u00a0Minute\" \/>\n<script type=\"application\/ld+json\" class=\"yoast-schema-graph\">{\"@context\":\"https:\\\/\\\/schema.org\",\"@graph\":[{\"@type\":\"WebPage\",\"@id\":\"https:\\\/\\\/marktxxl.de\\\/markt\\\/produkt\\\/junhczoy-nagelhautzange-nagelhautschneider-hautzange-aus-edelstahl-mit-scharfem-und-glattem-schnitt-fein-zur-entfernung-ueberschuessige-pedikuere-werkzeuge-fuer-fingernaegel-und-zehennaegel-chamaele\\\/\",\"url\":\"https:\\\/\\\/marktxxl.de\\\/markt\\\/produkt\\\/junhczoy-nagelhautzange-nagelhautschneider-hautzange-aus-edelstahl-mit-scharfem-und-glattem-schnitt-fein-zur-entfernung-ueberschuessige-pedikuere-werkzeuge-fuer-fingernaegel-und-zehennaegel-chamaele\\\/\",\"name\":\"Nagelhautschieber mit Nagelhautschere Set - Hautscheren aus Edelstahl Pr\u00e4zises Nagelhaut Knipser und Unter-Nagel\u2026 - Markt-XXL\",\"isPartOf\":{\"@id\":\"https:\\\/\\\/marktxxl.de\\\/markt\\\/#website\"},\"primaryImageOfPage\":{\"@id\":\"https:\\\/\\\/marktxxl.de\\\/markt\\\/produkt\\\/junhczoy-nagelhautzange-nagelhautschneider-hautzange-aus-edelstahl-mit-scharfem-und-glattem-schnitt-fein-zur-entfernung-ueberschuessige-pedikuere-werkzeuge-fuer-fingernaegel-und-zehennaegel-chamaele\\\/#primaryimage\"},\"image\":{\"@id\":\"https:\\\/\\\/marktxxl.de\\\/markt\\\/produkt\\\/junhczoy-nagelhautzange-nagelhautschneider-hautzange-aus-edelstahl-mit-scharfem-und-glattem-schnitt-fein-zur-entfernung-ueberschuessige-pedikuere-werkzeuge-fuer-fingernaegel-und-zehennaegel-chamaele\\\/#primaryimage\"},\"thumbnailUrl\":\"https:\\\/\\\/m.media-amazon.com\\\/images\\\/I\\\/41PKJV4cjPL._SL500_.jpg\",\"datePublished\":\"2021-09-13T17:48:28+00:00\",\"dateModified\":\"2023-04-09T23:30:27+00:00\",\"description\":\"Markt-XXL Nagelhautschieber mit Nagelhautschere Set - Hautscheren aus Edelstahl Pr\u00e4zises Nagelhaut Knipser und Unter-Nagel\u2026\",\"breadcrumb\":{\"@id\":\"https:\\\/\\\/marktxxl.de\\\/markt\\\/produkt\\\/junhczoy-nagelhautzange-nagelhautschneider-hautzange-aus-edelstahl-mit-scharfem-und-glattem-schnitt-fein-zur-entfernung-ueberschuessige-pedikuere-werkzeuge-fuer-fingernaegel-und-zehennaegel-chamaele\\\/#breadcrumb\"},\"inLanguage\":\"de\",\"potentialAction\":[{\"@type\":\"ReadAction\",\"target\":[\"https:\\\/\\\/marktxxl.de\\\/markt\\\/produkt\\\/junhczoy-nagelhautzange-nagelhautschneider-hautzange-aus-edelstahl-mit-scharfem-und-glattem-schnitt-fein-zur-entfernung-ueberschuessige-pedikuere-werkzeuge-fuer-fingernaegel-und-zehennaegel-chamaele\\\/\"]}]},{\"@type\":\"ImageObject\",\"inLanguage\":\"de\",\"@id\":\"https:\\\/\\\/marktxxl.de\\\/markt\\\/produkt\\\/junhczoy-nagelhautzange-nagelhautschneider-hautzange-aus-edelstahl-mit-scharfem-und-glattem-schnitt-fein-zur-entfernung-ueberschuessige-pedikuere-werkzeuge-fuer-fingernaegel-und-zehennaegel-chamaele\\\/#primaryimage\",\"url\":\"https:\\\/\\\/m.media-amazon.com\\\/images\\\/I\\\/41PKJV4cjPL._SL500_.jpg\",\"contentUrl\":\"https:\\\/\\\/m.media-amazon.com\\\/images\\\/I\\\/41PKJV4cjPL._SL500_.jpg\",\"width\":500,\"height\":500},{\"@type\":\"BreadcrumbList\",\"@id\":\"https:\\\/\\\/marktxxl.de\\\/markt\\\/produkt\\\/junhczoy-nagelhautzange-nagelhautschneider-hautzange-aus-edelstahl-mit-scharfem-und-glattem-schnitt-fein-zur-entfernung-ueberschuessige-pedikuere-werkzeuge-fuer-fingernaegel-und-zehennaegel-chamaele\\\/#breadcrumb\",\"itemListElement\":[{\"@type\":\"ListItem\",\"position\":1,\"name\":\"Startseite\",\"item\":\"https:\\\/\\\/marktxxl.de\\\/markt\\\/\"},{\"@type\":\"ListItem\",\"position\":2,\"name\":\"Markt\",\"item\":\"https:\\\/\\\/marktxxl.de\\\/markt\\\/\"},{\"@type\":\"ListItem\",\"position\":3,\"name\":\"Nagelhautschieber mit Nagelhautschere Set &#8211; Hautscheren aus Edelstahl Pr\u00e4zises Nagelhaut Knipser und Unter-Nagel\u2026\"}]},{\"@type\":\"WebSite\",\"@id\":\"https:\\\/\\\/marktxxl.de\\\/markt\\\/#website\",\"url\":\"https:\\\/\\\/marktxxl.de\\\/markt\\\/\",\"name\":\"Markt-XXL\",\"description\":\"Ihr Markt Online\",\"publisher\":{\"@id\":\"https:\\\/\\\/marktxxl.de\\\/markt\\\/#organization\"},\"potentialAction\":[{\"@type\":\"SearchAction\",\"target\":{\"@type\":\"EntryPoint\",\"urlTemplate\":\"https:\\\/\\\/marktxxl.de\\\/markt\\\/?s={search_term_string}\"},\"query-input\":{\"@type\":\"PropertyValueSpecification\",\"valueRequired\":true,\"valueName\":\"search_term_string\"}}],\"inLanguage\":\"de\"},{\"@type\":\"Organization\",\"@id\":\"https:\\\/\\\/marktxxl.de\\\/markt\\\/#organization\",\"name\":\"Markt-XXL\",\"url\":\"https:\\\/\\\/marktxxl.de\\\/markt\\\/\",\"logo\":{\"@type\":\"ImageObject\",\"inLanguage\":\"de\",\"@id\":\"https:\\\/\\\/marktxxl.de\\\/markt\\\/#\\\/schema\\\/logo\\\/image\\\/\",\"url\":\"https:\\\/\\\/marktxxl.de\\\/markt\\\/wp-content\\\/uploads\\\/sites\\\/3\\\/2020\\\/12\\\/logo.png\",\"contentUrl\":\"https:\\\/\\\/marktxxl.de\\\/markt\\\/wp-content\\\/uploads\\\/sites\\\/3\\\/2020\\\/12\\\/logo.png\",\"width\":200,\"height\":70,\"caption\":\"Markt-XXL\"},\"image\":{\"@id\":\"https:\\\/\\\/marktxxl.de\\\/markt\\\/#\\\/schema\\\/logo\\\/image\\\/\"}}]}<\/script>\n<!-- \/ Yoast SEO plugin. -->","yoast_head_json":{"title":"Nagelhautschieber mit Nagelhautschere Set - Hautscheren aus Edelstahl Pr\u00e4zises Nagelhaut Knipser und Unter-Nagel\u2026 - Markt-XXL","description":"Markt-XXL Nagelhautschieber mit Nagelhautschere Set - Hautscheren aus Edelstahl Pr\u00e4zises Nagelhaut Knipser und Unter-Nagel\u2026","robots":{"index":"index","follow":"follow","max-snippet":"max-snippet:-1","max-image-preview":"max-image-preview:large","max-video-preview":"max-video-preview:-1"},"canonical":"https:\/\/marktxxl.de\/markt\/produkt\/junhczoy-nagelhautzange-nagelhautschneider-hautzange-aus-edelstahl-mit-scharfem-und-glattem-schnitt-fein-zur-entfernung-ueberschuessige-pedikuere-werkzeuge-fuer-fingernaegel-und-zehennaegel-chamaele\/","og_locale":"de_DE","og_type":"article","og_title":"Nagelhautschieber mit Nagelhautschere Set - Hautscheren aus Edelstahl Pr\u00e4zises Nagelhaut Knipser und Unter-Nagel\u2026 - Markt-XXL","og_description":"Markt-XXL Nagelhautschieber mit Nagelhautschere Set - Hautscheren aus Edelstahl Pr\u00e4zises Nagelhaut Knipser und Unter-Nagel\u2026","og_url":"https:\/\/marktxxl.de\/markt\/produkt\/junhczoy-nagelhautzange-nagelhautschneider-hautzange-aus-edelstahl-mit-scharfem-und-glattem-schnitt-fein-zur-entfernung-ueberschuessige-pedikuere-werkzeuge-fuer-fingernaegel-und-zehennaegel-chamaele\/","og_site_name":"Markt-XXL","article_modified_time":"2023-04-09T23:30:27+00:00","og_image":[{"width":500,"height":500,"url":"https:\/\/m.media-amazon.com\/images\/I\/41PKJV4cjPL._SL500_.jpg","type":"image\/jpeg"}],"twitter_card":"summary_large_image","twitter_misc":{"Gesch\u00e4tzte Lesezeit":"1\u00a0Minute"},"schema":{"@context":"https:\/\/schema.org","@graph":[{"@type":"WebPage","@id":"https:\/\/marktxxl.de\/markt\/produkt\/junhczoy-nagelhautzange-nagelhautschneider-hautzange-aus-edelstahl-mit-scharfem-und-glattem-schnitt-fein-zur-entfernung-ueberschuessige-pedikuere-werkzeuge-fuer-fingernaegel-und-zehennaegel-chamaele\/","url":"https:\/\/marktxxl.de\/markt\/produkt\/junhczoy-nagelhautzange-nagelhautschneider-hautzange-aus-edelstahl-mit-scharfem-und-glattem-schnitt-fein-zur-entfernung-ueberschuessige-pedikuere-werkzeuge-fuer-fingernaegel-und-zehennaegel-chamaele\/","name":"Nagelhautschieber mit Nagelhautschere Set - Hautscheren aus Edelstahl Pr\u00e4zises Nagelhaut Knipser und Unter-Nagel\u2026 - Markt-XXL","isPartOf":{"@id":"https:\/\/marktxxl.de\/markt\/#website"},"primaryImageOfPage":{"@id":"https:\/\/marktxxl.de\/markt\/produkt\/junhczoy-nagelhautzange-nagelhautschneider-hautzange-aus-edelstahl-mit-scharfem-und-glattem-schnitt-fein-zur-entfernung-ueberschuessige-pedikuere-werkzeuge-fuer-fingernaegel-und-zehennaegel-chamaele\/#primaryimage"},"image":{"@id":"https:\/\/marktxxl.de\/markt\/produkt\/junhczoy-nagelhautzange-nagelhautschneider-hautzange-aus-edelstahl-mit-scharfem-und-glattem-schnitt-fein-zur-entfernung-ueberschuessige-pedikuere-werkzeuge-fuer-fingernaegel-und-zehennaegel-chamaele\/#primaryimage"},"thumbnailUrl":"https:\/\/m.media-amazon.com\/images\/I\/41PKJV4cjPL._SL500_.jpg","datePublished":"2021-09-13T17:48:28+00:00","dateModified":"2023-04-09T23:30:27+00:00","description":"Markt-XXL Nagelhautschieber mit Nagelhautschere Set - Hautscheren aus Edelstahl Pr\u00e4zises Nagelhaut Knipser und Unter-Nagel\u2026","breadcrumb":{"@id":"https:\/\/marktxxl.de\/markt\/produkt\/junhczoy-nagelhautzange-nagelhautschneider-hautzange-aus-edelstahl-mit-scharfem-und-glattem-schnitt-fein-zur-entfernung-ueberschuessige-pedikuere-werkzeuge-fuer-fingernaegel-und-zehennaegel-chamaele\/#breadcrumb"},"inLanguage":"de","potentialAction":[{"@type":"ReadAction","target":["https:\/\/marktxxl.de\/markt\/produkt\/junhczoy-nagelhautzange-nagelhautschneider-hautzange-aus-edelstahl-mit-scharfem-und-glattem-schnitt-fein-zur-entfernung-ueberschuessige-pedikuere-werkzeuge-fuer-fingernaegel-und-zehennaegel-chamaele\/"]}]},{"@type":"ImageObject","inLanguage":"de","@id":"https:\/\/marktxxl.de\/markt\/produkt\/junhczoy-nagelhautzange-nagelhautschneider-hautzange-aus-edelstahl-mit-scharfem-und-glattem-schnitt-fein-zur-entfernung-ueberschuessige-pedikuere-werkzeuge-fuer-fingernaegel-und-zehennaegel-chamaele\/#primaryimage","url":"https:\/\/m.media-amazon.com\/images\/I\/41PKJV4cjPL._SL500_.jpg","contentUrl":"https:\/\/m.media-amazon.com\/images\/I\/41PKJV4cjPL._SL500_.jpg","width":500,"height":500},{"@type":"BreadcrumbList","@id":"https:\/\/marktxxl.de\/markt\/produkt\/junhczoy-nagelhautzange-nagelhautschneider-hautzange-aus-edelstahl-mit-scharfem-und-glattem-schnitt-fein-zur-entfernung-ueberschuessige-pedikuere-werkzeuge-fuer-fingernaegel-und-zehennaegel-chamaele\/#breadcrumb","itemListElement":[{"@type":"ListItem","position":1,"name":"Startseite","item":"https:\/\/marktxxl.de\/markt\/"},{"@type":"ListItem","position":2,"name":"Markt","item":"https:\/\/marktxxl.de\/markt\/"},{"@type":"ListItem","position":3,"name":"Nagelhautschieber mit Nagelhautschere Set &#8211; Hautscheren aus Edelstahl Pr\u00e4zises Nagelhaut Knipser und Unter-Nagel\u2026"}]},{"@type":"WebSite","@id":"https:\/\/marktxxl.de\/markt\/#website","url":"https:\/\/marktxxl.de\/markt\/","name":"Markt-XXL","description":"Ihr Markt Online","publisher":{"@id":"https:\/\/marktxxl.de\/markt\/#organization"},"potentialAction":[{"@type":"SearchAction","target":{"@type":"EntryPoint","urlTemplate":"https:\/\/marktxxl.de\/markt\/?s={search_term_string}"},"query-input":{"@type":"PropertyValueSpecification","valueRequired":true,"valueName":"search_term_string"}}],"inLanguage":"de"},{"@type":"Organization","@id":"https:\/\/marktxxl.de\/markt\/#organization","name":"Markt-XXL","url":"https:\/\/marktxxl.de\/markt\/","logo":{"@type":"ImageObject","inLanguage":"de","@id":"https:\/\/marktxxl.de\/markt\/#\/schema\/logo\/image\/","url":"https:\/\/marktxxl.de\/markt\/wp-content\/uploads\/sites\/3\/2020\/12\/logo.png","contentUrl":"https:\/\/marktxxl.de\/markt\/wp-content\/uploads\/sites\/3\/2020\/12\/logo.png","width":200,"height":70,"caption":"Markt-XXL"},"image":{"@id":"https:\/\/marktxxl.de\/markt\/#\/schema\/logo\/image\/"}}]}},"_links":{"self":[{"href":"https:\/\/marktxxl.de\/markt\/wp-json\/wp\/v2\/product\/32218","targetHints":{"allow":["GET"]}}],"collection":[{"href":"https:\/\/marktxxl.de\/markt\/wp-json\/wp\/v2\/product"}],"about":[{"href":"https:\/\/marktxxl.de\/markt\/wp-json\/wp\/v2\/types\/product"}],"replies":[{"embeddable":true,"href":"https:\/\/marktxxl.de\/markt\/wp-json\/wp\/v2\/comments?post=32218"}],"wp:featuredmedia":[{"embeddable":true,"href":"https:\/\/marktxxl.de\/markt\/wp-json\/wp\/v2\/media\/32219"}],"wp:attachment":[{"href":"https:\/\/marktxxl.de\/markt\/wp-json\/wp\/v2\/media?parent=32218"}],"wp:term":[{"taxonomy":"product_brand","embeddable":true,"href":"https:\/\/marktxxl.de\/markt\/wp-json\/wp\/v2\/product_brand?post=32218"},{"taxonomy":"product_cat","embeddable":true,"href":"https:\/\/marktxxl.de\/markt\/wp-json\/wp\/v2\/product_cat?post=32218"},{"taxonomy":"product_tag","embeddable":true,"href":"https:\/\/marktxxl.de\/markt\/wp-json\/wp\/v2\/product_tag?post=32218"}],"curies":[{"name":"wp","href":"https:\/\/api.w.org\/{rel}","templated":true}]}}