{"id":32201,"date":"2021-09-13T19:48:26","date_gmt":"2021-09-13T17:48:26","guid":{"rendered":"https:\/\/marktxxl.de\/markt\/produkt\/elektrischer-hornhautentferner-professioneller-fusspflege-fussfeile-hornhaut-entfernung-wiederaufladbare-wasserdichte-hornhauthobel-mit-2-ersatzrollen\/"},"modified":"2023-04-10T01:30:27","modified_gmt":"2023-04-09T23:30:27","slug":"elektrischer-hornhautentferner-professioneller-fusspflege-fussfeile-hornhaut-entfernung-wiederaufladbare-wasserdichte-hornhauthobel-mit-2-ersatzrollen","status":"publish","type":"product","link":"https:\/\/marktxxl.de\/markt\/produkt\/elektrischer-hornhautentferner-professioneller-fusspflege-fussfeile-hornhaut-entfernung-wiederaufladbare-wasserdichte-hornhauthobel-mit-2-ersatzrollen\/","title":{"rendered":"Hornhautentferner (1110)"},"content":{"rendered":"<p>\u3010USB Aufladen mit Batterieanzeige\u3011Laden Sie einfach die kabellose elektrische Fu\u00dffeile mit dem USB-Ladekabel 2 Stunden lang auf, bis die volle Ladung erreicht ist. Sie k\u00f6nnen sehen, wie viel Batterie noch vorhanden ist. Mit 800mah Gro\u00dfe Akkukapazit\u00e4t kann es 100-150 Minuten lang verwendet werden, wenn das Ger\u00e4t voll aufgeladen ist.<br \/>\n\u3010Ergonomisches Design\u3011Der Freundlich geformte rutschfeste Griff sorgt f\u00fcr einen bequemen, sicheren Griff. Alle Materialien des Harthautentferners sind umweltfreundlich und erf\u00fcllen 100% nat\u00fcrliche Standards. Dank des kabellosen Designs k\u00f6nnen Sie den Hornhautentferner auch unterwegs (z.B. auf Reisen usw.) verwenden.<br \/>\n\u30103 unterschiedlichen Rollen\u3011Das Fusspflegeger\u00e4t wird mit 3 unterschiedlichen Rollen geliefert. Somit k\u00f6nnen Sie sowohl dicke, als auch d\u00fcnne Hornhaut schmerzfrei entfernen. Entfernt sanft und effektiv raue, trockene F\u00fc\u00dfe und harte Hornhaut m\u00fchelos.<br \/>\n\u3010Waasserdicht IPX5\u3011Mit der hochen Wasserdichtsstufe l\u00e4sst sich der Hornhautentferner auch unter der Dusche und flie\u00dfendem Wasser verwenden. Tauchen Sie es nicht vollst\u00e4ndig in Wasser ein. Es wird empfohlen, das Wasser von den F\u00fc\u00dfen abzuwischen, um ein besseres Ergebnis zu erzielen.<br \/>\n\u3010Sicher und Schnell\u30112 Geschwindigkeiten mit einer Taste. Niedrige Geschwindigkeit eignet sich f\u00fcr den Hornhautkallus und eine empfindlichere Hautpflege. Hoher Geschwindigkeit eignet sich f\u00fcr hartn\u00e4ckige dicke Hornhaut und abgestorbene Haut. Die LED-Lampe auf der Innenseite leuchtet w\u00e4hrend des Betriebs, was f\u00fcr klare Sicht und pr\u00e4zise Hornhautentfernung sorgt.<br \/>\n<div class=\"main-cross-sell\" data-asin=\"B09B9PJVZD\">\n\n\t<div class=\"WooZone-cross-sell-loader\">\n\t\t<div>\n\t\t\t<div id=\"floatingBarsG\">\n\t\t\t\t<div class=\"blockG\" id=\"rotateG_01\"><\/div>\n\t\t\t\t<div class=\"blockG\" id=\"rotateG_02\"><\/div>\n\t\t\t\t<div class=\"blockG\" id=\"rotateG_03\"><\/div>\n\t\t\t\t<div class=\"blockG\" id=\"rotateG_04\"><\/div>\n\t\t\t\t<div class=\"blockG\" id=\"rotateG_05\"><\/div>\n\t\t\t\t<div class=\"blockG\" id=\"rotateG_06\"><\/div>\n\t\t\t\t<div class=\"blockG\" id=\"rotateG_07\"><\/div>\n\t\t\t\t<div class=\"blockG\" id=\"rotateG_08\"><\/div>\n\t\t\t<\/div>\n\t\t\t<div class=\"WooZone-cross-sell-loader-text\"><\/div>\n\t\t<\/div>\n\t<\/div>\n\n\t\t\n<\/div>\n<div style=\"clear:both;\"><\/div><\/p>\n","protected":false},"excerpt":{"rendered":"<p>\u3010USB Aufladen mit Batterieanzeige\u3011Laden Sie einfach die kabellose elektrische Fu\u00dffeile mit dem USB-Ladekabel 2 Stunden lang auf, bis die volle Ladung erreicht ist. Sie k\u00f6nnen sehen, wie viel Batterie noch vorhanden ist. Mit 800mah Gro\u00dfe Akkukapazit\u00e4t kann es 100-150 Minuten lang verwendet werden, wenn das Ger\u00e4t voll aufgeladen ist.<br \/>\n\u3010Ergonomisches Design\u3011Der Freundlich geformte rutschfeste Griff sorgt f\u00fcr einen bequemen, sicheren Griff. Alle Materialien des Harthautentferners sind umweltfreundlich und erf\u00fcllen 100% nat\u00fcrliche Standards. Dank des kabellosen Designs k\u00f6nnen Sie den Hornhautentferner auch unterwegs (z.B. auf Reisen usw.) verwenden.<br \/>\n\u30103 unterschiedlichen Rollen\u3011Das Fusspflegeger\u00e4t wird mit 3 unterschiedlichen Rollen geliefert. Somit k\u00f6nnen Sie sowohl dicke, als auch d\u00fcnne Hornhaut schmerzfrei entfernen. Entfernt sanft und effektiv raue, trockene F\u00fc\u00dfe und harte Hornhaut m\u00fchelos.<\/p>\n","protected":false},"featured_media":32202,"comment_status":"open","ping_status":"closed","template":"","meta":[],"product_brand":[],"product_cat":[2858],"product_tag":[],"class_list":{"0":"post-32201","1":"product","2":"type-product","3":"status-publish","4":"has-post-thumbnail","6":"product_cat-beauty","7":"pa_brand-busch-jaeger-3","8":"pa_brand-gerun","9":"pa_manufacturer-na","10":"pa_model-14753","12":"first","13":"instock","14":"shipping-taxable","15":"purchasable","16":"product-type-simple","17":"customify-col","18":"product-has-gallery"},"yoast_head":"<!-- This site is optimized with the Yoast SEO plugin v27.4 - https:\/\/yoast.com\/product\/yoast-seo-wordpress\/ -->\n<title>Hornhautentferner (1110) - Markt-XXL<\/title>\n<meta name=\"description\" content=\"Markt-XXL Hornhautentferner (1110)\" \/>\n<meta name=\"robots\" content=\"index, follow, max-snippet:-1, max-image-preview:large, max-video-preview:-1\" \/>\n<link rel=\"canonical\" href=\"https:\/\/marktxxl.de\/markt\/produkt\/elektrischer-hornhautentferner-professioneller-fusspflege-fussfeile-hornhaut-entfernung-wiederaufladbare-wasserdichte-hornhauthobel-mit-2-ersatzrollen\/\" \/>\n<meta property=\"og:locale\" content=\"de_DE\" \/>\n<meta property=\"og:type\" content=\"article\" \/>\n<meta property=\"og:title\" content=\"Hornhautentferner (1110) - Markt-XXL\" \/>\n<meta property=\"og:description\" content=\"Markt-XXL Hornhautentferner (1110)\" \/>\n<meta property=\"og:url\" content=\"https:\/\/marktxxl.de\/markt\/produkt\/elektrischer-hornhautentferner-professioneller-fusspflege-fussfeile-hornhaut-entfernung-wiederaufladbare-wasserdichte-hornhauthobel-mit-2-ersatzrollen\/\" \/>\n<meta property=\"og:site_name\" content=\"Markt-XXL\" \/>\n<meta property=\"article:modified_time\" content=\"2023-04-09T23:30:27+00:00\" \/>\n<meta property=\"og:image\" content=\"https:\/\/m.media-amazon.com\/images\/I\/51gU+-MruSL._SL500_.jpg\" \/>\n\t<meta property=\"og:image:width\" content=\"500\" \/>\n\t<meta property=\"og:image:height\" content=\"500\" \/>\n\t<meta property=\"og:image:type\" content=\"image\/jpeg\" \/>\n<meta name=\"twitter:card\" content=\"summary_large_image\" \/>\n<meta name=\"twitter:label1\" content=\"Gesch\u00e4tzte Lesezeit\" \/>\n\t<meta name=\"twitter:data1\" content=\"1\u00a0Minute\" \/>\n<script type=\"application\/ld+json\" class=\"yoast-schema-graph\">{\"@context\":\"https:\\\/\\\/schema.org\",\"@graph\":[{\"@type\":\"WebPage\",\"@id\":\"https:\\\/\\\/marktxxl.de\\\/markt\\\/produkt\\\/elektrischer-hornhautentferner-professioneller-fusspflege-fussfeile-hornhaut-entfernung-wiederaufladbare-wasserdichte-hornhauthobel-mit-2-ersatzrollen\\\/\",\"url\":\"https:\\\/\\\/marktxxl.de\\\/markt\\\/produkt\\\/elektrischer-hornhautentferner-professioneller-fusspflege-fussfeile-hornhaut-entfernung-wiederaufladbare-wasserdichte-hornhauthobel-mit-2-ersatzrollen\\\/\",\"name\":\"Hornhautentferner (1110) - Markt-XXL\",\"isPartOf\":{\"@id\":\"https:\\\/\\\/marktxxl.de\\\/markt\\\/#website\"},\"primaryImageOfPage\":{\"@id\":\"https:\\\/\\\/marktxxl.de\\\/markt\\\/produkt\\\/elektrischer-hornhautentferner-professioneller-fusspflege-fussfeile-hornhaut-entfernung-wiederaufladbare-wasserdichte-hornhauthobel-mit-2-ersatzrollen\\\/#primaryimage\"},\"image\":{\"@id\":\"https:\\\/\\\/marktxxl.de\\\/markt\\\/produkt\\\/elektrischer-hornhautentferner-professioneller-fusspflege-fussfeile-hornhaut-entfernung-wiederaufladbare-wasserdichte-hornhauthobel-mit-2-ersatzrollen\\\/#primaryimage\"},\"thumbnailUrl\":\"https:\\\/\\\/m.media-amazon.com\\\/images\\\/I\\\/51gU+-MruSL._SL500_.jpg\",\"datePublished\":\"2021-09-13T17:48:26+00:00\",\"dateModified\":\"2023-04-09T23:30:27+00:00\",\"description\":\"Markt-XXL Hornhautentferner (1110)\",\"breadcrumb\":{\"@id\":\"https:\\\/\\\/marktxxl.de\\\/markt\\\/produkt\\\/elektrischer-hornhautentferner-professioneller-fusspflege-fussfeile-hornhaut-entfernung-wiederaufladbare-wasserdichte-hornhauthobel-mit-2-ersatzrollen\\\/#breadcrumb\"},\"inLanguage\":\"de\",\"potentialAction\":[{\"@type\":\"ReadAction\",\"target\":[\"https:\\\/\\\/marktxxl.de\\\/markt\\\/produkt\\\/elektrischer-hornhautentferner-professioneller-fusspflege-fussfeile-hornhaut-entfernung-wiederaufladbare-wasserdichte-hornhauthobel-mit-2-ersatzrollen\\\/\"]}]},{\"@type\":\"ImageObject\",\"inLanguage\":\"de\",\"@id\":\"https:\\\/\\\/marktxxl.de\\\/markt\\\/produkt\\\/elektrischer-hornhautentferner-professioneller-fusspflege-fussfeile-hornhaut-entfernung-wiederaufladbare-wasserdichte-hornhauthobel-mit-2-ersatzrollen\\\/#primaryimage\",\"url\":\"https:\\\/\\\/m.media-amazon.com\\\/images\\\/I\\\/51gU+-MruSL._SL500_.jpg\",\"contentUrl\":\"https:\\\/\\\/m.media-amazon.com\\\/images\\\/I\\\/51gU+-MruSL._SL500_.jpg\",\"width\":500,\"height\":500},{\"@type\":\"BreadcrumbList\",\"@id\":\"https:\\\/\\\/marktxxl.de\\\/markt\\\/produkt\\\/elektrischer-hornhautentferner-professioneller-fusspflege-fussfeile-hornhaut-entfernung-wiederaufladbare-wasserdichte-hornhauthobel-mit-2-ersatzrollen\\\/#breadcrumb\",\"itemListElement\":[{\"@type\":\"ListItem\",\"position\":1,\"name\":\"Startseite\",\"item\":\"https:\\\/\\\/marktxxl.de\\\/markt\\\/\"},{\"@type\":\"ListItem\",\"position\":2,\"name\":\"Markt\",\"item\":\"https:\\\/\\\/marktxxl.de\\\/markt\\\/\"},{\"@type\":\"ListItem\",\"position\":3,\"name\":\"Hornhautentferner (1110)\"}]},{\"@type\":\"WebSite\",\"@id\":\"https:\\\/\\\/marktxxl.de\\\/markt\\\/#website\",\"url\":\"https:\\\/\\\/marktxxl.de\\\/markt\\\/\",\"name\":\"Markt-XXL\",\"description\":\"Ihr Markt Online\",\"publisher\":{\"@id\":\"https:\\\/\\\/marktxxl.de\\\/markt\\\/#organization\"},\"potentialAction\":[{\"@type\":\"SearchAction\",\"target\":{\"@type\":\"EntryPoint\",\"urlTemplate\":\"https:\\\/\\\/marktxxl.de\\\/markt\\\/?s={search_term_string}\"},\"query-input\":{\"@type\":\"PropertyValueSpecification\",\"valueRequired\":true,\"valueName\":\"search_term_string\"}}],\"inLanguage\":\"de\"},{\"@type\":\"Organization\",\"@id\":\"https:\\\/\\\/marktxxl.de\\\/markt\\\/#organization\",\"name\":\"Markt-XXL\",\"url\":\"https:\\\/\\\/marktxxl.de\\\/markt\\\/\",\"logo\":{\"@type\":\"ImageObject\",\"inLanguage\":\"de\",\"@id\":\"https:\\\/\\\/marktxxl.de\\\/markt\\\/#\\\/schema\\\/logo\\\/image\\\/\",\"url\":\"https:\\\/\\\/marktxxl.de\\\/markt\\\/wp-content\\\/uploads\\\/sites\\\/3\\\/2020\\\/12\\\/logo.png\",\"contentUrl\":\"https:\\\/\\\/marktxxl.de\\\/markt\\\/wp-content\\\/uploads\\\/sites\\\/3\\\/2020\\\/12\\\/logo.png\",\"width\":200,\"height\":70,\"caption\":\"Markt-XXL\"},\"image\":{\"@id\":\"https:\\\/\\\/marktxxl.de\\\/markt\\\/#\\\/schema\\\/logo\\\/image\\\/\"}}]}<\/script>\n<!-- \/ Yoast SEO plugin. -->","yoast_head_json":{"title":"Hornhautentferner (1110) - Markt-XXL","description":"Markt-XXL Hornhautentferner (1110)","robots":{"index":"index","follow":"follow","max-snippet":"max-snippet:-1","max-image-preview":"max-image-preview:large","max-video-preview":"max-video-preview:-1"},"canonical":"https:\/\/marktxxl.de\/markt\/produkt\/elektrischer-hornhautentferner-professioneller-fusspflege-fussfeile-hornhaut-entfernung-wiederaufladbare-wasserdichte-hornhauthobel-mit-2-ersatzrollen\/","og_locale":"de_DE","og_type":"article","og_title":"Hornhautentferner (1110) - Markt-XXL","og_description":"Markt-XXL Hornhautentferner (1110)","og_url":"https:\/\/marktxxl.de\/markt\/produkt\/elektrischer-hornhautentferner-professioneller-fusspflege-fussfeile-hornhaut-entfernung-wiederaufladbare-wasserdichte-hornhauthobel-mit-2-ersatzrollen\/","og_site_name":"Markt-XXL","article_modified_time":"2023-04-09T23:30:27+00:00","og_image":[{"width":500,"height":500,"url":"https:\/\/m.media-amazon.com\/images\/I\/51gU+-MruSL._SL500_.jpg","type":"image\/jpeg"}],"twitter_card":"summary_large_image","twitter_misc":{"Gesch\u00e4tzte Lesezeit":"1\u00a0Minute"},"schema":{"@context":"https:\/\/schema.org","@graph":[{"@type":"WebPage","@id":"https:\/\/marktxxl.de\/markt\/produkt\/elektrischer-hornhautentferner-professioneller-fusspflege-fussfeile-hornhaut-entfernung-wiederaufladbare-wasserdichte-hornhauthobel-mit-2-ersatzrollen\/","url":"https:\/\/marktxxl.de\/markt\/produkt\/elektrischer-hornhautentferner-professioneller-fusspflege-fussfeile-hornhaut-entfernung-wiederaufladbare-wasserdichte-hornhauthobel-mit-2-ersatzrollen\/","name":"Hornhautentferner (1110) - Markt-XXL","isPartOf":{"@id":"https:\/\/marktxxl.de\/markt\/#website"},"primaryImageOfPage":{"@id":"https:\/\/marktxxl.de\/markt\/produkt\/elektrischer-hornhautentferner-professioneller-fusspflege-fussfeile-hornhaut-entfernung-wiederaufladbare-wasserdichte-hornhauthobel-mit-2-ersatzrollen\/#primaryimage"},"image":{"@id":"https:\/\/marktxxl.de\/markt\/produkt\/elektrischer-hornhautentferner-professioneller-fusspflege-fussfeile-hornhaut-entfernung-wiederaufladbare-wasserdichte-hornhauthobel-mit-2-ersatzrollen\/#primaryimage"},"thumbnailUrl":"https:\/\/m.media-amazon.com\/images\/I\/51gU+-MruSL._SL500_.jpg","datePublished":"2021-09-13T17:48:26+00:00","dateModified":"2023-04-09T23:30:27+00:00","description":"Markt-XXL Hornhautentferner (1110)","breadcrumb":{"@id":"https:\/\/marktxxl.de\/markt\/produkt\/elektrischer-hornhautentferner-professioneller-fusspflege-fussfeile-hornhaut-entfernung-wiederaufladbare-wasserdichte-hornhauthobel-mit-2-ersatzrollen\/#breadcrumb"},"inLanguage":"de","potentialAction":[{"@type":"ReadAction","target":["https:\/\/marktxxl.de\/markt\/produkt\/elektrischer-hornhautentferner-professioneller-fusspflege-fussfeile-hornhaut-entfernung-wiederaufladbare-wasserdichte-hornhauthobel-mit-2-ersatzrollen\/"]}]},{"@type":"ImageObject","inLanguage":"de","@id":"https:\/\/marktxxl.de\/markt\/produkt\/elektrischer-hornhautentferner-professioneller-fusspflege-fussfeile-hornhaut-entfernung-wiederaufladbare-wasserdichte-hornhauthobel-mit-2-ersatzrollen\/#primaryimage","url":"https:\/\/m.media-amazon.com\/images\/I\/51gU+-MruSL._SL500_.jpg","contentUrl":"https:\/\/m.media-amazon.com\/images\/I\/51gU+-MruSL._SL500_.jpg","width":500,"height":500},{"@type":"BreadcrumbList","@id":"https:\/\/marktxxl.de\/markt\/produkt\/elektrischer-hornhautentferner-professioneller-fusspflege-fussfeile-hornhaut-entfernung-wiederaufladbare-wasserdichte-hornhauthobel-mit-2-ersatzrollen\/#breadcrumb","itemListElement":[{"@type":"ListItem","position":1,"name":"Startseite","item":"https:\/\/marktxxl.de\/markt\/"},{"@type":"ListItem","position":2,"name":"Markt","item":"https:\/\/marktxxl.de\/markt\/"},{"@type":"ListItem","position":3,"name":"Hornhautentferner (1110)"}]},{"@type":"WebSite","@id":"https:\/\/marktxxl.de\/markt\/#website","url":"https:\/\/marktxxl.de\/markt\/","name":"Markt-XXL","description":"Ihr Markt Online","publisher":{"@id":"https:\/\/marktxxl.de\/markt\/#organization"},"potentialAction":[{"@type":"SearchAction","target":{"@type":"EntryPoint","urlTemplate":"https:\/\/marktxxl.de\/markt\/?s={search_term_string}"},"query-input":{"@type":"PropertyValueSpecification","valueRequired":true,"valueName":"search_term_string"}}],"inLanguage":"de"},{"@type":"Organization","@id":"https:\/\/marktxxl.de\/markt\/#organization","name":"Markt-XXL","url":"https:\/\/marktxxl.de\/markt\/","logo":{"@type":"ImageObject","inLanguage":"de","@id":"https:\/\/marktxxl.de\/markt\/#\/schema\/logo\/image\/","url":"https:\/\/marktxxl.de\/markt\/wp-content\/uploads\/sites\/3\/2020\/12\/logo.png","contentUrl":"https:\/\/marktxxl.de\/markt\/wp-content\/uploads\/sites\/3\/2020\/12\/logo.png","width":200,"height":70,"caption":"Markt-XXL"},"image":{"@id":"https:\/\/marktxxl.de\/markt\/#\/schema\/logo\/image\/"}}]}},"_links":{"self":[{"href":"https:\/\/marktxxl.de\/markt\/wp-json\/wp\/v2\/product\/32201","targetHints":{"allow":["GET"]}}],"collection":[{"href":"https:\/\/marktxxl.de\/markt\/wp-json\/wp\/v2\/product"}],"about":[{"href":"https:\/\/marktxxl.de\/markt\/wp-json\/wp\/v2\/types\/product"}],"replies":[{"embeddable":true,"href":"https:\/\/marktxxl.de\/markt\/wp-json\/wp\/v2\/comments?post=32201"}],"wp:featuredmedia":[{"embeddable":true,"href":"https:\/\/marktxxl.de\/markt\/wp-json\/wp\/v2\/media\/32202"}],"wp:attachment":[{"href":"https:\/\/marktxxl.de\/markt\/wp-json\/wp\/v2\/media?parent=32201"}],"wp:term":[{"taxonomy":"product_brand","embeddable":true,"href":"https:\/\/marktxxl.de\/markt\/wp-json\/wp\/v2\/product_brand?post=32201"},{"taxonomy":"product_cat","embeddable":true,"href":"https:\/\/marktxxl.de\/markt\/wp-json\/wp\/v2\/product_cat?post=32201"},{"taxonomy":"product_tag","embeddable":true,"href":"https:\/\/marktxxl.de\/markt\/wp-json\/wp\/v2\/product_tag?post=32201"}],"curies":[{"name":"wp","href":"https:\/\/api.w.org\/{rel}","templated":true}]}}